{"id":10630,"date":"2022-07-12T04:08:12","date_gmt":"2022-07-12T02:08:12","guid":{"rendered":"https:\/\/jarchaespanol.com\/in-person-spanish-for-groupes\/"},"modified":"2025-08-07T17:28:22","modified_gmt":"2025-08-07T15:28:22","slug":"in-person-spanish-for-groupes","status":"publish","type":"page","link":"https:\/\/jarchaespanol.com\/en\/in-person-spanish-for-groupes\/","title":{"rendered":"Spanish Language and Culture Course for Groups"},"content":{"rendered":"<p>[vc_row u_row_style=&#8221;0&#8243; u_row_paralax=&#8221;0&#8243; u_row_scheme=&#8221;0&#8243; css=&#8221;.vc_custom_1652260288089{margin-bottom: 0px !important;}&#8221;][vc_column css=&#8221;.vc_custom_1652260273107{margin-bottom: 0px !important;padding-bottom: 15px !important;}&#8221;][vc_column_text]<\/p>\n<p>At Jarcha Espa\u00f1ol, we o\ufb00er group programs in <strong>Spanish language and culture<\/strong> tailored to the duration of each group&#8217;s stay in Vigo. We design the program according to your specific needs and objectives to provide you with a unique educational experience.<\/p>\n<p>[\/vc_column_text][vc_message]<\/p>\n<p>Classes available year-round<\/p>\n<p>[\/vc_message][\/vc_column][\/vc_row][vc_row][vc_column][vc_custom_heading text=&#8221;Participant Profile&#8221; google_fonts=&#8221;font_family:Source%20Sans%20Pro%3A200%2C200italic%2C300%2C300italic%2Cregular%2Citalic%2C600%2C600italic%2C700%2C700italic%2C900%2C900italic|font_style:600%20bold%20regular%3A600%3Anormal&#8221; css=&#8221;.vc_custom_1702494135887{padding-bottom: 15px !important;}&#8221;][vc_column_text]<\/p>\n<ul>\n<li><b>Groups of students on school trips (language camps, exchanges, and end-of-year trips)<\/b><span style=\"font-weight: 400;\" data-mce-style=\"font-weight: 400;\"> with the aim of improving their Spanish language skills practically and participatively in an educational and cultural context. The program is designed in line with the school curriculum of each center.<\/span><\/li>\n<li><b>Athletes and multidisciplinary teams,<\/b><span style=\"font-weight: 400;\" data-mce-style=\"font-weight: 400;\"> to optimize their communication in Spanish-speaking environments related to sports activities: training, practices, concentrations, participation in competitions, friendly matches, cultural immersion, or sports exchange programs.<\/span><\/li>\n<li><strong>Cultural, recreational, environmental, neighborhood, and other associations<\/strong> interested in exploring the local culture and nature, as well as the Spanish language, in greater depth, choosing Vigo as their destination.<\/li>\n<li><strong>Private groups of family and friends<\/strong> who want to add a Spanish course tailored to their needs to their experience of getting to know this Galician city.<\/li>\n<li><b>Business teams<\/b><span style=\"font-weight: 400;\" data-mce-style=\"font-weight: 400;\"> looking to strengthen communication in Spanish within the realm of work relationships or expand their language skills in a corporate context.<\/span><\/li>\n<\/ul>\n<p>[\/vc_column_text][vc_single_image image=&#8221;10593&#8243; img_size=&#8221;large&#8221;][\/vc_column][\/vc_row][vc_row][vc_column css=&#8221;.vc_custom_1648120674462{padding-bottom: 15px !important;}&#8221;][vc_custom_heading text=&#8221;Personalized Methodology&#8221; google_fonts=&#8221;font_family:Source%20Sans%20Pro%3A200%2C200italic%2C300%2C300italic%2Cregular%2Citalic%2C600%2C600italic%2C700%2C700italic%2C900%2C900italic|font_style:600%20bold%20regular%3A600%3Anormal&#8221; css=&#8221;.vc_custom_1702494210503{padding-bottom: 15px !important;}&#8221;][vc_column_text css=&#8221;.vc_custom_1702495596323{padding-bottom: 15px !important;}&#8221;]<\/p>\n<p><span style=\"font-weight: 400;\" data-mce-style=\"font-weight: 400;\">The didactic program is tailored to the educational <\/span><b>objectives<\/b><span style=\"font-weight: 400;\" data-mce-style=\"font-weight: 400;\"> and the <\/span><b>duration<\/b><span style=\"font-weight: 400;\" data-mce-style=\"font-weight: 400;\"> of the stay. We provide <\/span><b>flexible lesson planning<\/b><span style=\"font-weight: 400;\" data-mce-style=\"font-weight: 400;\"> compatible with group schedules and constant, <\/span><b>personalized support<\/b><span style=\"font-weight: 400;\" data-mce-style=\"font-weight: 400;\"> for each student.<\/span><\/p>\n<p>[\/vc_column_text][vc_media_grid grid_id=&#8221;vc_gid:1754580410545-ec3100b99280b592b88645aa3bd0526e-2&#8243; include=&#8221;10599,10604,10610&#8243; css=&#8221;.vc_custom_1702495604202{padding-bottom: 15px !important;}&#8221;][vc_custom_heading text=&#8221;Integrated Experience&#8221; google_fonts=&#8221;font_family:Source%20Sans%20Pro%3A200%2C200italic%2C300%2C300italic%2Cregular%2Citalic%2C600%2C600italic%2C700%2C700italic%2C900%2C900italic|font_style:600%20bold%20regular%3A600%3Anormal&#8221; css=&#8221;.vc_custom_1702494249735{padding-bottom: 15px !important;}&#8221;][vc_column_text css=&#8221;.vc_custom_1718303074418{padding-bottom: 15px !important;}&#8221;]<\/p>\n<p><span style=\"font-weight: 400;\" data-mce-style=\"font-weight: 400;\">Our personalized classes allow students <\/span><b>to<\/b> <b>blend<\/b><span style=\"font-weight: 400;\" data-mce-style=\"font-weight: 400;\"> on-site Spanish learning with the principal purpose of their stay in Vigo. This <\/span><b>simultaneous immersion<\/b><span style=\"font-weight: 400;\" data-mce-style=\"font-weight: 400;\"> provides them the opportunity to develop basic skills for the immediate use of Spanish in everyday situations (beginner level) or delve into more complex and theoretical linguistic concepts (intermediate and advanced levels).<\/span><\/p>\n<p>[\/vc_column_text][vc_custom_heading text=&#8221;Benefits&#8221; google_fonts=&#8221;font_family:Source%20Sans%20Pro%3A200%2C200italic%2C300%2C300italic%2Cregular%2Citalic%2C600%2C600italic%2C700%2C700italic%2C900%2C900italic|font_style:600%20bold%20regular%3A600%3Anormal&#8221; css=&#8221;.vc_custom_1702494294278{padding-bottom: 15px !important;}&#8221;][vc_column_text css=&#8221;.vc_custom_1702495625580{padding-bottom: 15px !important;}&#8221;]<\/p>\n<p><span style=\"font-weight: 400;\" data-mce-style=\"font-weight: 400;\">Our educational approach provides a practical experience that significantly <\/span><b>enriches<\/b><span style=\"font-weight: 400;\" data-mce-style=\"font-weight: 400;\"> the <\/span><b>quality of the stay<\/b><span style=\"font-weight: 400;\" data-mce-style=\"font-weight: 400;\">. By incorporating linguistic, social, and cultural elements into the forefront of training, we offer participants the chance to fully integrate the <\/span><b>Spanish language<\/b><span style=\"font-weight: 400;\" data-mce-style=\"font-weight: 400;\"> and <\/span><b>local idiosyncrasies<\/b><span style=\"font-weight: 400;\" data-mce-style=\"font-weight: 400;\"> during their stay in Vigo.<\/span><\/p>\n<p>[\/vc_column_text][vc_single_image image=&#8221;10616&#8243; img_size=&#8221;large&#8221;][vc_custom_heading text=&#8221;Customized Design for a Unique Experience&#8221; google_fonts=&#8221;font_family:Source%20Sans%20Pro%3A200%2C200italic%2C300%2C300italic%2Cregular%2Citalic%2C600%2C600italic%2C700%2C700italic%2C900%2C900italic|font_style:600%20bold%20regular%3A600%3Anormal&#8221; css=&#8221;.vc_custom_1702494312357{padding-bottom: 15px !important;}&#8221;][vc_column_text css=&#8221;.vc_custom_1729698730864{margin-bottom: 0px !important;padding-bottom: 0px !important;}&#8221;]<\/p>\n<p><span style=\"font-weight: 400;\" data-mce-style=\"font-weight: 400;\">At Jarcha Espa\u00f1ol, we recognize the <\/span><b>uniqueness of each experience<\/b><span style=\"font-weight: 400;\" data-mce-style=\"font-weight: 400;\"> and understand that educational needs vary. Therefore, we offer the opportunity to design a <\/span><b>fully customized course<\/b><span style=\"font-weight: 400;\" data-mce-style=\"font-weight: 400;\"> specifically tailored to the characteristics and objectives of your group. Whether it&#8217;s a more intensive focus on language skills, a deeper cultural program, or any other specific requirement, we are here to create the ideal learning experience for you.<\/span><\/p>\n<p>[\/vc_column_text][vc_empty_space][\/vc_column][\/vc_row][vc_row][vc_column][vc_custom_heading text=&#8221;Level test&#8221; google_fonts=&#8221;font_family:Source%20Sans%20Pro%3A200%2C200italic%2C300%2C300italic%2Cregular%2Citalic%2C600%2C600italic%2C700%2C700italic%2C900%2C900italic|font_style:600%20bold%20regular%3A600%3Anormal&#8221; css=&#8221;.vc_custom_1753271987284{padding-bottom: 15px !important;}&#8221;][vc_column_text css=&#8221;.vc_custom_1753272141507{margin-bottom: 0px !important;padding-bottom: 0px !important;}&#8221;]<a class=\"btn btn-jarcha\" href=\"https:\/\/docs.google.com\/forms\/d\/e\/1FAIpQLScMyzM92U1yRd7pyrAY6iNldme-eUzGKpzMkl9ZJUN072zVHw\/viewform?usp=sf_link\" target=\"_blank\" rel=\"noopener\"><span style=\"font-weight: 400;\"><i class=\"vc_btn3-icon fas fa-user-graduate\"><\/i> A1 <\/span><\/a> <a class=\"btn btn-jarcha\" href=\"https:\/\/docs.google.com\/forms\/d\/e\/1FAIpQLSctisEsdQt-A4UJe0KuWHLCDoTzLtXFWelAQNoauRGeyPcSUg\/viewform?usp=sf_link\" target=\"_blank\" rel=\"noopener\"><span style=\"font-weight: 400;\"><i class=\"vc_btn3-icon fas fa-user-graduate\"><\/i> A2 <\/span><\/a> <a class=\"btn btn-jarcha\" href=\"https:\/\/docs.google.com\/forms\/d\/e\/1FAIpQLSdNGeGMzvjiXYDQWm0ySq6zpqES6g3MFOjMnaYxYUgCeI3M7A\/viewform?usp=sf_link\" target=\"_blank\" rel=\"noopener\"><span style=\"font-weight: 400;\"><i class=\"vc_btn3-icon fas fa-user-graduate\"><\/i> B1 <\/span><\/a> <a class=\"btn btn-jarcha\" href=\"https:\/\/docs.google.com\/forms\/d\/e\/1FAIpQLSfHj2JP1zE2D1FUPS_FbH0zTUNzAJ1CEopeBKifrEwm5nMmsw\/viewform?usp=sf_link\" target=\"_blank\" rel=\"noopener\"><span style=\"font-weight: 400;\"><i class=\"vc_btn3-icon fas fa-user-graduate\"><\/i> B2 <\/span><\/a> <a class=\"btn btn-jarcha\" href=\"https:\/\/docs.google.com\/forms\/d\/e\/1FAIpQLSeUgWtLVaOwNh7sbMlg0a7C-zQG3OhJkbzS22VtItOdw6IVCQ\/viewform?usp=sf_link\" target=\"_blank\" rel=\"noopener\"><span style=\"font-weight: 400;\"><i class=\"vc_btn3-icon fas fa-user-graduate\"><\/i> C1 <\/span><\/a> <a class=\"btn btn-jarcha\" style=\"margin-bottom: 5px;\" href=\"https:\/\/docs.google.com\/forms\/d\/e\/1FAIpQLScMlqLbAih6VOcu6jaiNdpp6wh9zkimMY9El8kqYbHZaRVInw\/viewform?usp=sf_link\" target=\"_blank\" rel=\"noopener\"><span style=\"font-weight: 400;\"><i class=\"vc_btn3-icon fas fa-user-graduate\"><\/i> C2 <\/span><\/a>[\/vc_column_text][vc_empty_space][vc_column_text css=&#8221;.vc_custom_1754568566421{margin-bottom: 15px !important;padding-bottom: 0px !important;}&#8221;]<\/p>\n<h2><strong>\u00a1<span style=\"color: #8d2237;\">Contact<\/span> us to discuss your needs and design the perfect course and\u00a0<\/strong><strong><span style=\"color: #8d2237;\">budget <\/span><\/strong><strong>for your group in Vigo! <\/strong><\/h2>\n<p>[\/vc_column_text][\/vc_column][\/vc_row][vc_row u_row_style=&#8221;0&#8243; u_row_paralax=&#8221;0&#8243; u_row_scheme=&#8221;0&#8243; css=&#8221;.vc_custom_1680714162367{margin-top: 0px !important;margin-bottom: 0px !important;padding-top: 20px !important;padding-right: 15px !important;padding-bottom: 0px !important;padding-left: 15px !important;background-color: #e9edf1 !important;}&#8221;][vc_column width=&#8221;1\/2&#8243; css=&#8221;.vc_custom_1680714150162{padding-top: 0px !important;}&#8221; el_class=&#8221;no-margin-bottom-mobile&#8221;][vc_single_image image=&#8221;10621&#8243; img_size=&#8221;full&#8221; alignment=&#8221;center&#8221; css_animation=&#8221;bottom-to-top&#8221; css=&#8221;.vc_custom_1702495404932{border-top-width: 0px !important;border-bottom-width: 0px !important;padding-top: 0px !important;padding-bottom: 0px !important;}&#8221;][\/vc_column][vc_column width=&#8221;1\/2&#8243; css=&#8221;.vc_custom_1680714618540{padding-top: 0px !important;}&#8221;][vc_icon icon_fontawesome=&#8221;fas fa-phone-alt&#8221; color=&#8221;white&#8221; background_style=&#8221;rounded&#8221; background_color=&#8221;custom&#8221; custom_background_color=&#8221;#8d2237&#8243; link=&#8221;url:tel%3A0034698196773|&#8221; css=&#8221;.vc_custom_1680714579665{margin-bottom: 15px !important;}&#8221;][vc_column_text css=&#8221;.vc_custom_1754580423195{margin-bottom: 5px !important;padding-top: 0px !important;padding-bottom: 30px !important;}&#8221;][\/vc_column_text][vc_btn title=&#8221;Contact us&#8221; style=&#8221;custom&#8221; custom_background=&#8221;#9a3c4b&#8221; custom_text=&#8221;#ffffff&#8221; size=&#8221;lg&#8221; i_icon_fontawesome=&#8221;fas fa-arrow-right&#8221; add_icon=&#8221;true&#8221; link=&#8221;url:https%3A%2F%2Fjarchaespanol.com%2Fen%2Fcontacting%2F|title:Contact%20us|&#8221;][\/vc_column][\/vc_row][vc_row][vc_column]<\/p>\n<p>[vc_empty_space]<\/p>\n<p>[\/vc_column][\/vc_row][vc_row][vc_column][vc_btn title=&#8221;Registration form for entities&#8221; color=&#8221;inverse&#8221; size=&#8221;lg&#8221; link=&#8221;url:https%3A%2F%2Fjarchaespanol.com%2Fen%2Fregistration-form-for-entities%2F|title:Registration%20form%20for%20entities|&#8221; css=&#8221;.vc_custom_1729695502954{margin-right: 5px !important;margin-left: 5px !important;}&#8221;][vc_btn title=&#8221;Registration form for private groups&#8221; color=&#8221;inverse&#8221; size=&#8221;lg&#8221; link=&#8221;url:https%3A%2F%2Fjarchaespanol.com%2Fen%2Fregistration-form-for-private-groups%2F|title:Registration%20form%20for%20entities|&#8221; css=&#8221;.vc_custom_1725441292606{margin-right: 5px !important;margin-left: 5px !important;}&#8221;][\/vc_column][\/vc_row][vc_row][vc_column][\/vc_column][\/vc_row]<\/p>\n","protected":false},"excerpt":{"rendered":"<p>[vc_row u_row_style=&#8221;0&#8243; u_row_paralax=&#8221;0&#8243; u_row_scheme=&#8221;0&#8243; css=&#8221;.vc_custom_1652260288089{margin-bottom: 0px !important;}&#8221;][vc_column css=&#8221;.vc_custom_1652260273107{margin-bottom: 0px !important;padding-bottom: 15px !important;}&#8221;][vc_column_text] At Jarcha Espa\u00f1ol, we o\ufb00er group programs in Spanish language and culture tailored to the duration of each group&#8217;s stay in Vigo. We design the program according to your specific needs and objectives to provide you with a unique educational experience. [\/vc_column_text][vc_message] Classes [&hellip;]<\/p>\n","protected":false},"author":1,"featured_media":0,"parent":0,"menu_order":0,"comment_status":"closed","ping_status":"closed","template":"","meta":{"inline_featured_image":false,"_joinchat":[],"footnotes":""},"class_list":["post-10630","page","type-page","status-publish","hentry"],"yoast_head":"<!-- This site is optimized with the Yoast SEO plugin v26.8 - https:\/\/yoast.com\/product\/yoast-seo-wordpress\/ -->\n<title>In-Person Spanish for Communities | Jarcha Espa\u00f1ol<\/title>\n<meta name=\"description\" content=\"Intensive Spanish learning in the city of Vigo (Spain) for university students, professionals, and travelers.\" \/>\n<meta name=\"robots\" content=\"index, follow, max-snippet:-1, max-image-preview:large, max-video-preview:-1\" \/>\n<link rel=\"canonical\" href=\"https:\/\/jarchaespanol.com\/en\/in-person-spanish-for-groupes\/\" \/>\n<meta property=\"og:locale\" content=\"en_US\" \/>\n<meta property=\"og:type\" content=\"article\" \/>\n<meta property=\"og:title\" content=\"In-Person Spanish for Communities | Jarcha Espa\u00f1ol\" \/>\n<meta property=\"og:description\" content=\"Intensive Spanish learning in the city of Vigo (Spain) for university students, professionals, and travelers.\" \/>\n<meta property=\"og:url\" content=\"https:\/\/jarchaespanol.com\/espanol-presencial-para-grupos\/\" \/>\n<meta property=\"og:site_name\" content=\"Jarcha Espa\u00f1ol\" \/>\n<meta property=\"article:modified_time\" content=\"2025-08-07T15:28:22+00:00\" \/>\n<meta name=\"twitter:card\" content=\"summary_large_image\" \/>\n<script type=\"application\/ld+json\" class=\"yoast-schema-graph\">{\"@context\":\"https:\/\/schema.org\",\"@graph\":[{\"@type\":\"WebPage\",\"@id\":\"https:\/\/jarchaespanol.com\/espanol-presencial-para-grupos\/\",\"url\":\"https:\/\/jarchaespanol.com\/espanol-presencial-para-grupos\/\",\"name\":\"In-Person Spanish for Communities | Jarcha Espa\u00f1ol\",\"isPartOf\":{\"@id\":\"https:\/\/jarchaespanol.com\/#website\"},\"datePublished\":\"2022-07-12T02:08:12+00:00\",\"dateModified\":\"2025-08-07T15:28:22+00:00\",\"description\":\"Intensive Spanish learning in the city of Vigo (Spain) for university students, professionals, and travelers.\",\"breadcrumb\":{\"@id\":\"https:\/\/jarchaespanol.com\/espanol-presencial-para-grupos\/#breadcrumb\"},\"inLanguage\":\"en-US\",\"potentialAction\":[{\"@type\":\"ReadAction\",\"target\":[\"https:\/\/jarchaespanol.com\/espanol-presencial-para-grupos\/\"]}]},{\"@type\":\"BreadcrumbList\",\"@id\":\"https:\/\/jarchaespanol.com\/espanol-presencial-para-grupos\/#breadcrumb\",\"itemListElement\":[{\"@type\":\"ListItem\",\"position\":1,\"name\":\"Home\",\"item\":\"https:\/\/jarchaespanol.com\/\"},{\"@type\":\"ListItem\",\"position\":2,\"name\":\"Spanish Language and Culture Course for Groups\"}]},{\"@type\":\"WebSite\",\"@id\":\"https:\/\/jarchaespanol.com\/#website\",\"url\":\"https:\/\/jarchaespanol.com\/\",\"name\":\"Jarcha Espa\u00f1ol\",\"description\":\"Plataforma en l\u00ednea especializada en la comunicaci\u00f3n y en la formaci\u00f3n en espa\u00f1ol. Aprende espa\u00f1ol online.\",\"publisher\":{\"@id\":\"https:\/\/jarchaespanol.com\/#organization\"},\"potentialAction\":[{\"@type\":\"SearchAction\",\"target\":{\"@type\":\"EntryPoint\",\"urlTemplate\":\"https:\/\/jarchaespanol.com\/?s={search_term_string}\"},\"query-input\":{\"@type\":\"PropertyValueSpecification\",\"valueRequired\":true,\"valueName\":\"search_term_string\"}}],\"inLanguage\":\"en-US\"},{\"@type\":\"Organization\",\"@id\":\"https:\/\/jarchaespanol.com\/#organization\",\"name\":\"Jarcha Espa\u00f1ol\",\"url\":\"https:\/\/jarchaespanol.com\/\",\"logo\":{\"@type\":\"ImageObject\",\"inLanguage\":\"en-US\",\"@id\":\"https:\/\/jarchaespanol.com\/#\/schema\/logo\/image\/\",\"url\":\"https:\/\/jarchaespanol.com\/wp-content\/uploads\/2022\/03\/logo-factura-2.png\",\"contentUrl\":\"https:\/\/jarchaespanol.com\/wp-content\/uploads\/2022\/03\/logo-factura-2.png\",\"width\":474,\"height\":177,\"caption\":\"Jarcha Espa\u00f1ol\"},\"image\":{\"@id\":\"https:\/\/jarchaespanol.com\/#\/schema\/logo\/image\/\"}}]}<\/script>\n<!-- \/ Yoast SEO plugin. -->","yoast_head_json":{"title":"In-Person Spanish for Communities | Jarcha Espa\u00f1ol","description":"Intensive Spanish learning in the city of Vigo (Spain) for university students, professionals, and travelers.","robots":{"index":"index","follow":"follow","max-snippet":"max-snippet:-1","max-image-preview":"max-image-preview:large","max-video-preview":"max-video-preview:-1"},"canonical":"https:\/\/jarchaespanol.com\/en\/in-person-spanish-for-groupes\/","og_locale":"en_US","og_type":"article","og_title":"In-Person Spanish for Communities | Jarcha Espa\u00f1ol","og_description":"Intensive Spanish learning in the city of Vigo (Spain) for university students, professionals, and travelers.","og_url":"https:\/\/jarchaespanol.com\/espanol-presencial-para-grupos\/","og_site_name":"Jarcha Espa\u00f1ol","article_modified_time":"2025-08-07T15:28:22+00:00","twitter_card":"summary_large_image","schema":{"@context":"https:\/\/schema.org","@graph":[{"@type":"WebPage","@id":"https:\/\/jarchaespanol.com\/espanol-presencial-para-grupos\/","url":"https:\/\/jarchaespanol.com\/espanol-presencial-para-grupos\/","name":"In-Person Spanish for Communities | Jarcha Espa\u00f1ol","isPartOf":{"@id":"https:\/\/jarchaespanol.com\/#website"},"datePublished":"2022-07-12T02:08:12+00:00","dateModified":"2025-08-07T15:28:22+00:00","description":"Intensive Spanish learning in the city of Vigo (Spain) for university students, professionals, and travelers.","breadcrumb":{"@id":"https:\/\/jarchaespanol.com\/espanol-presencial-para-grupos\/#breadcrumb"},"inLanguage":"en-US","potentialAction":[{"@type":"ReadAction","target":["https:\/\/jarchaespanol.com\/espanol-presencial-para-grupos\/"]}]},{"@type":"BreadcrumbList","@id":"https:\/\/jarchaespanol.com\/espanol-presencial-para-grupos\/#breadcrumb","itemListElement":[{"@type":"ListItem","position":1,"name":"Home","item":"https:\/\/jarchaespanol.com\/"},{"@type":"ListItem","position":2,"name":"Spanish Language and Culture Course for Groups"}]},{"@type":"WebSite","@id":"https:\/\/jarchaespanol.com\/#website","url":"https:\/\/jarchaespanol.com\/","name":"Jarcha Espa\u00f1ol","description":"Plataforma en l\u00ednea especializada en la comunicaci\u00f3n y en la formaci\u00f3n en espa\u00f1ol. Aprende espa\u00f1ol online.","publisher":{"@id":"https:\/\/jarchaespanol.com\/#organization"},"potentialAction":[{"@type":"SearchAction","target":{"@type":"EntryPoint","urlTemplate":"https:\/\/jarchaespanol.com\/?s={search_term_string}"},"query-input":{"@type":"PropertyValueSpecification","valueRequired":true,"valueName":"search_term_string"}}],"inLanguage":"en-US"},{"@type":"Organization","@id":"https:\/\/jarchaespanol.com\/#organization","name":"Jarcha Espa\u00f1ol","url":"https:\/\/jarchaespanol.com\/","logo":{"@type":"ImageObject","inLanguage":"en-US","@id":"https:\/\/jarchaespanol.com\/#\/schema\/logo\/image\/","url":"https:\/\/jarchaespanol.com\/wp-content\/uploads\/2022\/03\/logo-factura-2.png","contentUrl":"https:\/\/jarchaespanol.com\/wp-content\/uploads\/2022\/03\/logo-factura-2.png","width":474,"height":177,"caption":"Jarcha Espa\u00f1ol"},"image":{"@id":"https:\/\/jarchaespanol.com\/#\/schema\/logo\/image\/"}}]}},"_links":{"self":[{"href":"https:\/\/jarchaespanol.com\/en\/wp-json\/wp\/v2\/pages\/10630","targetHints":{"allow":["GET"]}}],"collection":[{"href":"https:\/\/jarchaespanol.com\/en\/wp-json\/wp\/v2\/pages"}],"about":[{"href":"https:\/\/jarchaespanol.com\/en\/wp-json\/wp\/v2\/types\/page"}],"author":[{"embeddable":true,"href":"https:\/\/jarchaespanol.com\/en\/wp-json\/wp\/v2\/users\/1"}],"replies":[{"embeddable":true,"href":"https:\/\/jarchaespanol.com\/en\/wp-json\/wp\/v2\/comments?post=10630"}],"version-history":[{"count":10,"href":"https:\/\/jarchaespanol.com\/en\/wp-json\/wp\/v2\/pages\/10630\/revisions"}],"predecessor-version":[{"id":18461,"href":"https:\/\/jarchaespanol.com\/en\/wp-json\/wp\/v2\/pages\/10630\/revisions\/18461"}],"wp:attachment":[{"href":"https:\/\/jarchaespanol.com\/en\/wp-json\/wp\/v2\/media?parent=10630"}],"curies":[{"name":"wp","href":"https:\/\/api.w.org\/{rel}","templated":true}]}}