{"id":14096,"date":"2022-07-12T04:08:12","date_gmt":"2022-07-12T02:08:12","guid":{"rendered":"https:\/\/jarchaespanol.com\/dele\/"},"modified":"2024-10-22T16:46:40","modified_gmt":"2024-10-22T14:46:40","slug":"dele","status":"publish","type":"page","link":"https:\/\/jarchaespanol.com\/en\/dele\/","title":{"rendered":"DELE"},"content":{"rendered":"<p>[vc_row][vc_column css=&#8221;.vc_custom_1648122332553{padding-bottom: 15px !important;}&#8221;][vc_custom_heading text=&#8221;What is the DELE?&#8221; google_fonts=&#8221;font_family:Source%20Sans%20Pro%3A200%2C200italic%2C300%2C300italic%2Cregular%2Citalic%2C600%2C600italic%2C700%2C700italic%2C900%2C900italic|font_style:600%20bold%20regular%3A600%3Anormal&#8221; css=&#8221;.vc_custom_1729607953583{padding-bottom: 15px !important;}&#8221;][vc_column_text css=&#8221;.vc_custom_1729607989760{margin-bottom: 15px !important;}&#8221;]The DELE is an official diploma that certifies the degree of competence and mastery of the Spanish language, recognized internationally and awarded by the Instituto Cervantes on behalf of the Ministry of Education and Vocational Training of Spain.[\/vc_column_text][vc_empty_space][vc_custom_heading text=&#8221;Advantages of the DELE&#8221; google_fonts=&#8221;font_family:Source%20Sans%20Pro%3A200%2C200italic%2C300%2C300italic%2Cregular%2Citalic%2C600%2C600italic%2C700%2C700italic%2C900%2C900italic|font_style:600%20bold%20regular%3A600%3Anormal&#8221; css=&#8221;.vc_custom_1729608008367{padding-bottom: 15px !important;}&#8221; el_id=&#8221;espanol&#8221;][vc_column_text css=&#8221;.vc_custom_1729608017257{margin-bottom: 15px !important;}&#8221;]<\/p>\n<ul>\n<li>It is an official title globally recognized by companies and educational systems.<\/li>\n<li>Facilitates admission to universities and schools in Spanish-speaking countries.<\/li>\n<li>Improves employment opportunities as it is valued by many companies.<\/li>\n<li>The diploma does not expire, allowing you to permanently demonstrate your level of Spanish.<\/li>\n<li>It can be a requirement to obtain Spanish nationality.<\/li>\n<li>Serves as an incentive and recognition for students.<\/li>\n<\/ul>\n<p>[\/vc_column_text][vc_empty_space][\/vc_column][\/vc_row][vc_row][vc_column][vc_single_image image=&#8221;14090&#8243; img_size=&#8221;full&#8221;][\/vc_column][\/vc_row]<\/p>\n","protected":false},"excerpt":{"rendered":"<p>[vc_row][vc_column css=&#8221;.vc_custom_1648122332553{padding-bottom: 15px !important;}&#8221;][vc_custom_heading text=&#8221;What is the DELE?&#8221; google_fonts=&#8221;font_family:Source%20Sans%20Pro%3A200%2C200italic%2C300%2C300italic%2Cregular%2Citalic%2C600%2C600italic%2C700%2C700italic%2C900%2C900italic|font_style:600%20bold%20regular%3A600%3Anormal&#8221; css=&#8221;.vc_custom_1729607953583{padding-bottom: 15px !important;}&#8221;][vc_column_text css=&#8221;.vc_custom_1729607989760{margin-bottom: 15px !important;}&#8221;]The DELE is an official diploma that certifies the degree of competence and mastery of the Spanish language, recognized internationally and awarded by the Instituto Cervantes on behalf of the Ministry of Education and Vocational Training of Spain.[\/vc_column_text][vc_empty_space][vc_custom_heading text=&#8221;Advantages of the [&hellip;]<\/p>\n","protected":false},"author":1,"featured_media":0,"parent":0,"menu_order":0,"comment_status":"closed","ping_status":"closed","template":"","meta":{"inline_featured_image":false,"_joinchat":[],"footnotes":""},"class_list":["post-14096","page","type-page","status-publish","hentry"],"yoast_head":"<!-- This site is optimized with the Yoast SEO plugin v26.8 - https:\/\/yoast.com\/product\/yoast-seo-wordpress\/ -->\n<title>DELE | Jarcha Espa\u00f1ol<\/title>\n<meta name=\"description\" content=\"Clases y cursos online de espa\u00f1ol para particulares y empresas adaptados a las necesidades de cada estudiante.\" \/>\n<meta name=\"robots\" content=\"index, follow, max-snippet:-1, max-image-preview:large, max-video-preview:-1\" \/>\n<link rel=\"canonical\" href=\"https:\/\/jarchaespanol.com\/en\/dele\/\" \/>\n<meta property=\"og:locale\" content=\"en_US\" \/>\n<meta property=\"og:type\" content=\"article\" \/>\n<meta property=\"og:title\" content=\"DELE | Jarcha Espa\u00f1ol\" \/>\n<meta property=\"og:description\" content=\"Clases y cursos online de espa\u00f1ol para particulares y empresas adaptados a las necesidades de cada estudiante.\" \/>\n<meta property=\"og:url\" content=\"https:\/\/jarchaespanol.com\/dele\/\" \/>\n<meta property=\"og:site_name\" content=\"Jarcha Espa\u00f1ol\" \/>\n<meta property=\"article:modified_time\" content=\"2024-10-22T14:46:40+00:00\" \/>\n<meta name=\"twitter:card\" content=\"summary_large_image\" \/>\n<script type=\"application\/ld+json\" class=\"yoast-schema-graph\">{\"@context\":\"https:\/\/schema.org\",\"@graph\":[{\"@type\":\"WebPage\",\"@id\":\"https:\/\/jarchaespanol.com\/dele\/\",\"url\":\"https:\/\/jarchaespanol.com\/dele\/\",\"name\":\"DELE | Jarcha Espa\u00f1ol\",\"isPartOf\":{\"@id\":\"https:\/\/jarchaespanol.com\/#website\"},\"datePublished\":\"2022-07-12T02:08:12+00:00\",\"dateModified\":\"2024-10-22T14:46:40+00:00\",\"description\":\"Clases y cursos online de espa\u00f1ol para particulares y empresas adaptados a las necesidades de cada estudiante.\",\"breadcrumb\":{\"@id\":\"https:\/\/jarchaespanol.com\/dele\/#breadcrumb\"},\"inLanguage\":\"en-US\",\"potentialAction\":[{\"@type\":\"ReadAction\",\"target\":[\"https:\/\/jarchaespanol.com\/dele\/\"]}]},{\"@type\":\"BreadcrumbList\",\"@id\":\"https:\/\/jarchaespanol.com\/dele\/#breadcrumb\",\"itemListElement\":[{\"@type\":\"ListItem\",\"position\":1,\"name\":\"Home\",\"item\":\"https:\/\/jarchaespanol.com\/\"},{\"@type\":\"ListItem\",\"position\":2,\"name\":\"DELE\"}]},{\"@type\":\"WebSite\",\"@id\":\"https:\/\/jarchaespanol.com\/#website\",\"url\":\"https:\/\/jarchaespanol.com\/\",\"name\":\"Jarcha Espa\u00f1ol\",\"description\":\"Plataforma en l\u00ednea especializada en la comunicaci\u00f3n y en la formaci\u00f3n en espa\u00f1ol. Aprende espa\u00f1ol online.\",\"publisher\":{\"@id\":\"https:\/\/jarchaespanol.com\/#organization\"},\"potentialAction\":[{\"@type\":\"SearchAction\",\"target\":{\"@type\":\"EntryPoint\",\"urlTemplate\":\"https:\/\/jarchaespanol.com\/?s={search_term_string}\"},\"query-input\":{\"@type\":\"PropertyValueSpecification\",\"valueRequired\":true,\"valueName\":\"search_term_string\"}}],\"inLanguage\":\"en-US\"},{\"@type\":\"Organization\",\"@id\":\"https:\/\/jarchaespanol.com\/#organization\",\"name\":\"Jarcha Espa\u00f1ol\",\"url\":\"https:\/\/jarchaespanol.com\/\",\"logo\":{\"@type\":\"ImageObject\",\"inLanguage\":\"en-US\",\"@id\":\"https:\/\/jarchaespanol.com\/#\/schema\/logo\/image\/\",\"url\":\"https:\/\/jarchaespanol.com\/wp-content\/uploads\/2022\/03\/logo-factura-2.png\",\"contentUrl\":\"https:\/\/jarchaespanol.com\/wp-content\/uploads\/2022\/03\/logo-factura-2.png\",\"width\":474,\"height\":177,\"caption\":\"Jarcha Espa\u00f1ol\"},\"image\":{\"@id\":\"https:\/\/jarchaespanol.com\/#\/schema\/logo\/image\/\"}}]}<\/script>\n<!-- \/ Yoast SEO plugin. -->","yoast_head_json":{"title":"DELE | Jarcha Espa\u00f1ol","description":"Clases y cursos online de espa\u00f1ol para particulares y empresas adaptados a las necesidades de cada estudiante.","robots":{"index":"index","follow":"follow","max-snippet":"max-snippet:-1","max-image-preview":"max-image-preview:large","max-video-preview":"max-video-preview:-1"},"canonical":"https:\/\/jarchaespanol.com\/en\/dele\/","og_locale":"en_US","og_type":"article","og_title":"DELE | Jarcha Espa\u00f1ol","og_description":"Clases y cursos online de espa\u00f1ol para particulares y empresas adaptados a las necesidades de cada estudiante.","og_url":"https:\/\/jarchaespanol.com\/dele\/","og_site_name":"Jarcha Espa\u00f1ol","article_modified_time":"2024-10-22T14:46:40+00:00","twitter_card":"summary_large_image","schema":{"@context":"https:\/\/schema.org","@graph":[{"@type":"WebPage","@id":"https:\/\/jarchaespanol.com\/dele\/","url":"https:\/\/jarchaespanol.com\/dele\/","name":"DELE | Jarcha Espa\u00f1ol","isPartOf":{"@id":"https:\/\/jarchaespanol.com\/#website"},"datePublished":"2022-07-12T02:08:12+00:00","dateModified":"2024-10-22T14:46:40+00:00","description":"Clases y cursos online de espa\u00f1ol para particulares y empresas adaptados a las necesidades de cada estudiante.","breadcrumb":{"@id":"https:\/\/jarchaespanol.com\/dele\/#breadcrumb"},"inLanguage":"en-US","potentialAction":[{"@type":"ReadAction","target":["https:\/\/jarchaespanol.com\/dele\/"]}]},{"@type":"BreadcrumbList","@id":"https:\/\/jarchaespanol.com\/dele\/#breadcrumb","itemListElement":[{"@type":"ListItem","position":1,"name":"Home","item":"https:\/\/jarchaespanol.com\/"},{"@type":"ListItem","position":2,"name":"DELE"}]},{"@type":"WebSite","@id":"https:\/\/jarchaespanol.com\/#website","url":"https:\/\/jarchaespanol.com\/","name":"Jarcha Espa\u00f1ol","description":"Plataforma en l\u00ednea especializada en la comunicaci\u00f3n y en la formaci\u00f3n en espa\u00f1ol. Aprende espa\u00f1ol online.","publisher":{"@id":"https:\/\/jarchaespanol.com\/#organization"},"potentialAction":[{"@type":"SearchAction","target":{"@type":"EntryPoint","urlTemplate":"https:\/\/jarchaespanol.com\/?s={search_term_string}"},"query-input":{"@type":"PropertyValueSpecification","valueRequired":true,"valueName":"search_term_string"}}],"inLanguage":"en-US"},{"@type":"Organization","@id":"https:\/\/jarchaespanol.com\/#organization","name":"Jarcha Espa\u00f1ol","url":"https:\/\/jarchaespanol.com\/","logo":{"@type":"ImageObject","inLanguage":"en-US","@id":"https:\/\/jarchaespanol.com\/#\/schema\/logo\/image\/","url":"https:\/\/jarchaespanol.com\/wp-content\/uploads\/2022\/03\/logo-factura-2.png","contentUrl":"https:\/\/jarchaespanol.com\/wp-content\/uploads\/2022\/03\/logo-factura-2.png","width":474,"height":177,"caption":"Jarcha Espa\u00f1ol"},"image":{"@id":"https:\/\/jarchaespanol.com\/#\/schema\/logo\/image\/"}}]}},"_links":{"self":[{"href":"https:\/\/jarchaespanol.com\/en\/wp-json\/wp\/v2\/pages\/14096","targetHints":{"allow":["GET"]}}],"collection":[{"href":"https:\/\/jarchaespanol.com\/en\/wp-json\/wp\/v2\/pages"}],"about":[{"href":"https:\/\/jarchaespanol.com\/en\/wp-json\/wp\/v2\/types\/page"}],"author":[{"embeddable":true,"href":"https:\/\/jarchaespanol.com\/en\/wp-json\/wp\/v2\/users\/1"}],"replies":[{"embeddable":true,"href":"https:\/\/jarchaespanol.com\/en\/wp-json\/wp\/v2\/comments?post=14096"}],"version-history":[{"count":0,"href":"https:\/\/jarchaespanol.com\/en\/wp-json\/wp\/v2\/pages\/14096\/revisions"}],"wp:attachment":[{"href":"https:\/\/jarchaespanol.com\/en\/wp-json\/wp\/v2\/media?parent=14096"}],"curies":[{"name":"wp","href":"https:\/\/api.w.org\/{rel}","templated":true}]}}