{"id":16927,"date":"2022-07-12T04:08:12","date_gmt":"2022-07-12T02:08:12","guid":{"rendered":"https:\/\/jarchaespanol.com\/ccse\/"},"modified":"2025-06-03T19:40:18","modified_gmt":"2025-06-03T17:40:18","slug":"ccse","status":"publish","type":"page","link":"https:\/\/jarchaespanol.com\/en\/ccse\/","title":{"rendered":"CCSE"},"content":{"rendered":"<p>[vc_row][vc_column css=&#8221;.vc_custom_1648122332553{padding-bottom: 15px !important;}&#8221;][vc_custom_heading text=&#8221;What is the CCSE? &#8221; google_fonts=&#8221;font_family:Source%20Sans%20Pro%3A200%2C200italic%2C300%2C300italic%2Cregular%2Citalic%2C600%2C600italic%2C700%2C700italic%2C900%2C900italic|font_style:600%20bold%20regular%3A600%3Anormal&#8221; css=&#8221;.vc_custom_1748590671329{padding-bottom: 15px !important;}&#8221;][vc_column_text css=&#8221;.vc_custom_1748590820625{margin-bottom: 15px !important;}&#8221;]The <strong>CCSE<\/strong> (Constitutional and Sociocultural Knowledge of Spain) is an official exam developed by the <strong>Instituto Cervantes<\/strong>, mandatory for those who wish to obtain <strong>Spanish nationality<\/strong>.<\/p>\n<p>The test assesses knowledge of the <strong>Constitution, government, society, and culture of Spain<\/strong>, ensuring that candidates understand fundamental aspects of the country.<\/p>\n<p><strong>Structure:<\/strong> 25 multiple-choice and true\/false questions.<\/p>\n<p><strong>Duration:<\/strong> 45 minutes.<\/p>\n<p><strong>Passing score:<\/strong> At least 15 correct answers required.<\/p>\n<p><strong>Registration:<\/strong> Done through the Instituto Cervantes website, allowing two attempts.<\/p>\n<p>The exam is conducted in authorized centers, and results are published approximately <strong>20 days after<\/strong> the test. More information:<strong><span style=\"color: #882437;\">\u00a0<a style=\"color: #882437;\" href=\"https:\/\/examenes.cervantes.es\/es\/ccse\/examen\" target=\"_blank\" rel=\"noopener\">https:\/\/examenes.cervantes.es\/es\/ccse\/examen<\/a><\/span>.<\/strong>[\/vc_column_text][vc_empty_space][\/vc_column][\/vc_row][vc_row][vc_column][vc_single_image image=&#8221;16994&#8243; img_size=&#8221;full&#8221;][\/vc_column][\/vc_row]<\/p>\n","protected":false},"excerpt":{"rendered":"<p>[vc_row][vc_column css=&#8221;.vc_custom_1648122332553{padding-bottom: 15px !important;}&#8221;][vc_custom_heading text=&#8221;What is the CCSE? &#8221; google_fonts=&#8221;font_family:Source%20Sans%20Pro%3A200%2C200italic%2C300%2C300italic%2Cregular%2Citalic%2C600%2C600italic%2C700%2C700italic%2C900%2C900italic|font_style:600%20bold%20regular%3A600%3Anormal&#8221; css=&#8221;.vc_custom_1748590671329{padding-bottom: 15px !important;}&#8221;][vc_column_text css=&#8221;.vc_custom_1748590820625{margin-bottom: 15px !important;}&#8221;]The CCSE (Constitutional and Sociocultural Knowledge of Spain) is an official exam developed by the Instituto Cervantes, mandatory for those who wish to obtain Spanish nationality. The test assesses knowledge of the Constitution, government, society, and culture of Spain, ensuring [&hellip;]<\/p>\n","protected":false},"author":1,"featured_media":0,"parent":0,"menu_order":0,"comment_status":"closed","ping_status":"closed","template":"","meta":{"inline_featured_image":false,"_joinchat":[],"footnotes":""},"class_list":["post-16927","page","type-page","status-publish","hentry"],"yoast_head":"<!-- This site is optimized with the Yoast SEO plugin v26.8 - https:\/\/yoast.com\/product\/yoast-seo-wordpress\/ -->\n<title>CCSE | Jarcha Espa\u00f1ol<\/title>\n<meta name=\"description\" content=\"The CCSE (Constitutional and Sociocultural Knowledge of Spain) is an official exam developed by the Instituto Cervantes, mandatory for those who wish to obtain Spanish nationality.\" \/>\n<meta name=\"robots\" content=\"index, follow, max-snippet:-1, max-image-preview:large, max-video-preview:-1\" \/>\n<link rel=\"canonical\" href=\"https:\/\/jarchaespanol.com\/en\/ccse\/\" \/>\n<meta property=\"og:locale\" content=\"en_US\" \/>\n<meta property=\"og:type\" content=\"article\" \/>\n<meta property=\"og:title\" content=\"CCSE | Jarcha Espa\u00f1ol\" \/>\n<meta property=\"og:description\" content=\"The CCSE (Constitutional and Sociocultural Knowledge of Spain) is an official exam developed by the Instituto Cervantes, mandatory for those who wish to obtain Spanish nationality.\" \/>\n<meta property=\"og:url\" content=\"https:\/\/jarchaespanol.com\/ccse\/\" \/>\n<meta property=\"og:site_name\" content=\"Jarcha Espa\u00f1ol\" \/>\n<meta property=\"article:modified_time\" content=\"2025-06-03T17:40:18+00:00\" \/>\n<meta name=\"twitter:card\" content=\"summary_large_image\" \/>\n<script type=\"application\/ld+json\" class=\"yoast-schema-graph\">{\"@context\":\"https:\/\/schema.org\",\"@graph\":[{\"@type\":\"WebPage\",\"@id\":\"https:\/\/jarchaespanol.com\/ccse\/\",\"url\":\"https:\/\/jarchaespanol.com\/ccse\/\",\"name\":\"CCSE | Jarcha Espa\u00f1ol\",\"isPartOf\":{\"@id\":\"https:\/\/jarchaespanol.com\/#website\"},\"datePublished\":\"2022-07-12T02:08:12+00:00\",\"dateModified\":\"2025-06-03T17:40:18+00:00\",\"description\":\"The CCSE (Constitutional and Sociocultural Knowledge of Spain) is an official exam developed by the Instituto Cervantes, mandatory for those who wish to obtain Spanish nationality.\",\"breadcrumb\":{\"@id\":\"https:\/\/jarchaespanol.com\/ccse\/#breadcrumb\"},\"inLanguage\":\"en-US\",\"potentialAction\":[{\"@type\":\"ReadAction\",\"target\":[\"https:\/\/jarchaespanol.com\/ccse\/\"]}]},{\"@type\":\"BreadcrumbList\",\"@id\":\"https:\/\/jarchaespanol.com\/ccse\/#breadcrumb\",\"itemListElement\":[{\"@type\":\"ListItem\",\"position\":1,\"name\":\"Home\",\"item\":\"https:\/\/jarchaespanol.com\/\"},{\"@type\":\"ListItem\",\"position\":2,\"name\":\"CCSE\"}]},{\"@type\":\"WebSite\",\"@id\":\"https:\/\/jarchaespanol.com\/#website\",\"url\":\"https:\/\/jarchaespanol.com\/\",\"name\":\"Jarcha Espa\u00f1ol\",\"description\":\"Plataforma en l\u00ednea especializada en la comunicaci\u00f3n y en la formaci\u00f3n en espa\u00f1ol. Aprende espa\u00f1ol online.\",\"publisher\":{\"@id\":\"https:\/\/jarchaespanol.com\/#organization\"},\"potentialAction\":[{\"@type\":\"SearchAction\",\"target\":{\"@type\":\"EntryPoint\",\"urlTemplate\":\"https:\/\/jarchaespanol.com\/?s={search_term_string}\"},\"query-input\":{\"@type\":\"PropertyValueSpecification\",\"valueRequired\":true,\"valueName\":\"search_term_string\"}}],\"inLanguage\":\"en-US\"},{\"@type\":\"Organization\",\"@id\":\"https:\/\/jarchaespanol.com\/#organization\",\"name\":\"Jarcha Espa\u00f1ol\",\"url\":\"https:\/\/jarchaespanol.com\/\",\"logo\":{\"@type\":\"ImageObject\",\"inLanguage\":\"en-US\",\"@id\":\"https:\/\/jarchaespanol.com\/#\/schema\/logo\/image\/\",\"url\":\"https:\/\/jarchaespanol.com\/wp-content\/uploads\/2022\/03\/logo-factura-2.png\",\"contentUrl\":\"https:\/\/jarchaespanol.com\/wp-content\/uploads\/2022\/03\/logo-factura-2.png\",\"width\":474,\"height\":177,\"caption\":\"Jarcha Espa\u00f1ol\"},\"image\":{\"@id\":\"https:\/\/jarchaespanol.com\/#\/schema\/logo\/image\/\"}}]}<\/script>\n<!-- \/ Yoast SEO plugin. -->","yoast_head_json":{"title":"CCSE | Jarcha Espa\u00f1ol","description":"The CCSE (Constitutional and Sociocultural Knowledge of Spain) is an official exam developed by the Instituto Cervantes, mandatory for those who wish to obtain Spanish nationality.","robots":{"index":"index","follow":"follow","max-snippet":"max-snippet:-1","max-image-preview":"max-image-preview:large","max-video-preview":"max-video-preview:-1"},"canonical":"https:\/\/jarchaespanol.com\/en\/ccse\/","og_locale":"en_US","og_type":"article","og_title":"CCSE | Jarcha Espa\u00f1ol","og_description":"The CCSE (Constitutional and Sociocultural Knowledge of Spain) is an official exam developed by the Instituto Cervantes, mandatory for those who wish to obtain Spanish nationality.","og_url":"https:\/\/jarchaespanol.com\/ccse\/","og_site_name":"Jarcha Espa\u00f1ol","article_modified_time":"2025-06-03T17:40:18+00:00","twitter_card":"summary_large_image","schema":{"@context":"https:\/\/schema.org","@graph":[{"@type":"WebPage","@id":"https:\/\/jarchaespanol.com\/ccse\/","url":"https:\/\/jarchaespanol.com\/ccse\/","name":"CCSE | Jarcha Espa\u00f1ol","isPartOf":{"@id":"https:\/\/jarchaespanol.com\/#website"},"datePublished":"2022-07-12T02:08:12+00:00","dateModified":"2025-06-03T17:40:18+00:00","description":"The CCSE (Constitutional and Sociocultural Knowledge of Spain) is an official exam developed by the Instituto Cervantes, mandatory for those who wish to obtain Spanish nationality.","breadcrumb":{"@id":"https:\/\/jarchaespanol.com\/ccse\/#breadcrumb"},"inLanguage":"en-US","potentialAction":[{"@type":"ReadAction","target":["https:\/\/jarchaespanol.com\/ccse\/"]}]},{"@type":"BreadcrumbList","@id":"https:\/\/jarchaespanol.com\/ccse\/#breadcrumb","itemListElement":[{"@type":"ListItem","position":1,"name":"Home","item":"https:\/\/jarchaespanol.com\/"},{"@type":"ListItem","position":2,"name":"CCSE"}]},{"@type":"WebSite","@id":"https:\/\/jarchaespanol.com\/#website","url":"https:\/\/jarchaespanol.com\/","name":"Jarcha Espa\u00f1ol","description":"Plataforma en l\u00ednea especializada en la comunicaci\u00f3n y en la formaci\u00f3n en espa\u00f1ol. Aprende espa\u00f1ol online.","publisher":{"@id":"https:\/\/jarchaespanol.com\/#organization"},"potentialAction":[{"@type":"SearchAction","target":{"@type":"EntryPoint","urlTemplate":"https:\/\/jarchaespanol.com\/?s={search_term_string}"},"query-input":{"@type":"PropertyValueSpecification","valueRequired":true,"valueName":"search_term_string"}}],"inLanguage":"en-US"},{"@type":"Organization","@id":"https:\/\/jarchaespanol.com\/#organization","name":"Jarcha Espa\u00f1ol","url":"https:\/\/jarchaespanol.com\/","logo":{"@type":"ImageObject","inLanguage":"en-US","@id":"https:\/\/jarchaespanol.com\/#\/schema\/logo\/image\/","url":"https:\/\/jarchaespanol.com\/wp-content\/uploads\/2022\/03\/logo-factura-2.png","contentUrl":"https:\/\/jarchaespanol.com\/wp-content\/uploads\/2022\/03\/logo-factura-2.png","width":474,"height":177,"caption":"Jarcha Espa\u00f1ol"},"image":{"@id":"https:\/\/jarchaespanol.com\/#\/schema\/logo\/image\/"}}]}},"_links":{"self":[{"href":"https:\/\/jarchaespanol.com\/en\/wp-json\/wp\/v2\/pages\/16927","targetHints":{"allow":["GET"]}}],"collection":[{"href":"https:\/\/jarchaespanol.com\/en\/wp-json\/wp\/v2\/pages"}],"about":[{"href":"https:\/\/jarchaespanol.com\/en\/wp-json\/wp\/v2\/types\/page"}],"author":[{"embeddable":true,"href":"https:\/\/jarchaespanol.com\/en\/wp-json\/wp\/v2\/users\/1"}],"replies":[{"embeddable":true,"href":"https:\/\/jarchaespanol.com\/en\/wp-json\/wp\/v2\/comments?post=16927"}],"version-history":[{"count":0,"href":"https:\/\/jarchaespanol.com\/en\/wp-json\/wp\/v2\/pages\/16927\/revisions"}],"wp:attachment":[{"href":"https:\/\/jarchaespanol.com\/en\/wp-json\/wp\/v2\/media?parent=16927"}],"curies":[{"name":"wp","href":"https:\/\/api.w.org\/{rel}","templated":true}]}}