{"id":17704,"date":"2023-06-27T11:11:48","date_gmt":"2023-06-27T09:11:48","guid":{"rendered":"https:\/\/jarchaespanol.com\/reservation-form-for-in-person-spanish-group-classes\/"},"modified":"2025-07-17T20:41:20","modified_gmt":"2025-07-17T18:41:20","slug":"reservation-form-for-in-person-spanish-group-classes","status":"publish","type":"page","link":"https:\/\/jarchaespanol.com\/en\/reservation-form-for-in-person-spanish-group-classes\/","title":{"rendered":"Reservation form for in-person Spanish small group classes"},"content":{"rendered":"<p>[vc_row][vc_column]\n<div class=\"wpcf7 no-js\" id=\"wpcf7-f17842-o1\" lang=\"en-US\" dir=\"ltr\" data-wpcf7-id=\"17842\">\n<div class=\"screen-reader-response\"><p role=\"status\" aria-live=\"polite\" aria-atomic=\"true\"><\/p> <ul><\/ul><\/div>\n<form action=\"\/en\/wp-json\/wp\/v2\/pages\/17704#wpcf7-f17842-o1\" method=\"post\" class=\"wpcf7-form init\" aria-label=\"Contact form\" novalidate=\"novalidate\" data-status=\"init\">\n<fieldset class=\"hidden-fields-container\"><input type=\"hidden\" name=\"_wpcf7\" value=\"17842\" \/><input type=\"hidden\" name=\"_wpcf7_version\" value=\"6.1.4\" \/><input type=\"hidden\" name=\"_wpcf7_locale\" value=\"en_US\" \/><input type=\"hidden\" name=\"_wpcf7_unit_tag\" value=\"wpcf7-f17842-o1\" \/><input type=\"hidden\" name=\"_wpcf7_container_post\" value=\"0\" \/><input type=\"hidden\" name=\"_wpcf7_posted_data_hash\" value=\"\" \/>\n<\/fieldset>\n<div id=\"responsive-form\" class=\"clearfix max-width-820\">\n\t<h3>Program you wish to join\n\t<\/h3>\n\t<div class=\"vc_row \">\n\t\t<div class=\"vc_col-sm-12\">\n\t\t\t<p><span class=\"wpcf7-form-control-wrap\" data-name=\"your-course\"><span class=\"wpcf7-form-control wpcf7-radio\"><span class=\"wpcf7-list-item first\"><label><input type=\"radio\" name=\"your-course\" value=\"Spanish in-person \u2013 Intensive small group classes\" checked=\"checked\" \/><span class=\"wpcf7-list-item-label\">Spanish in-person \u2013 Intensive small group classes<\/span><\/label><\/span><span class=\"wpcf7-list-item last\"><label><input type=\"radio\" name=\"your-course\" value=\"Spanish in-person \u2013 Preparation for CCSE in a small group\" \/><span class=\"wpcf7-list-item-label\">Spanish in-person \u2013 Preparation for CCSE in a small group<\/span><\/label><\/span><\/span><\/span>\n\t\t\t<\/p>\n\t\t<\/div>\n\t<\/div>\n\t<h3>Personal Information\n\t<\/h3>\n\t<div class=\"vc_row \">\n\t\t<div class=\"vc_col-sm-6\">\n\t\t\t<p><label> Surname<br \/>\n<span class=\"wpcf7-form-control-wrap\" data-name=\"your-apellidos\"><input size=\"40\" maxlength=\"400\" class=\"wpcf7-form-control wpcf7-text wpcf7-validates-as-required\" aria-required=\"true\" aria-invalid=\"false\" value=\"\" type=\"text\" name=\"your-apellidos\" \/><\/span> <\/label>\n\t\t\t<\/p>\n\t\t<\/div>\n\t\t<div class=\"vc_col-sm-4\">\n\t\t\t<p><label> First Name<br \/>\n<span class=\"wpcf7-form-control-wrap\" data-name=\"your-nombre\"><input size=\"40\" maxlength=\"400\" class=\"wpcf7-form-control wpcf7-text wpcf7-validates-as-required\" aria-required=\"true\" aria-invalid=\"false\" value=\"\" type=\"text\" name=\"your-nombre\" \/><\/span><\/label>\n\t\t\t<\/p>\n\t\t<\/div>\n\t\t<div class=\"vc_col-sm-4\">\n\t\t\t<p><label> Nationality<br \/>\n<span class=\"wpcf7-form-control-wrap\" data-name=\"your-nacionalidad\"><input size=\"40\" maxlength=\"400\" class=\"wpcf7-form-control wpcf7-text wpcf7-validates-as-required\" aria-required=\"true\" aria-invalid=\"false\" value=\"\" type=\"text\" name=\"your-nacionalidad\" \/><\/span><\/label>\n\t\t\t<\/p>\n\t\t<\/div>\n\t\t<div class=\"vc_col-sm-8\">\n\t\t\t<p><label> Phone Number<br \/>\n<span class=\"wpcf7-form-control-wrap\" data-name=\"your-phone\"><input size=\"40\" maxlength=\"400\" class=\"wpcf7-form-control wpcf7-tel wpcf7-validates-as-required wpcf7-text wpcf7-validates-as-tel\" aria-required=\"true\" aria-invalid=\"false\" value=\"\" type=\"tel\" name=\"your-phone\" \/><\/span> <\/label>\n\t\t\t<\/p>\n\t\t<\/div>\n\t\t<div class=\"vc_col-sm-6\">\n\t\t\t<p><label> Email<br \/>\n<span class=\"wpcf7-form-control-wrap\" data-name=\"your-email\"><input size=\"40\" maxlength=\"400\" class=\"wpcf7-form-control wpcf7-email wpcf7-validates-as-required wpcf7-text wpcf7-validates-as-email\" aria-required=\"true\" aria-invalid=\"false\" value=\"\" type=\"email\" name=\"your-email\" \/><\/span><\/label>\n\t\t\t<\/p>\n\t\t<\/div>\n\t<\/div>\n\t<h3>Learning profile\n\t<\/h3>\n\t<div class=\"vc_row \">\n\t\t<div class=\"vc_col-sm-12\">\n\t\t\t<p><label>Current level of Spanish<\/label><br \/>\n<span class=\"wpcf7-form-control-wrap\" data-name=\"your-level\"><span class=\"wpcf7-form-control wpcf7-radio\"><span class=\"wpcf7-list-item first\"><label><input type=\"radio\" name=\"your-level\" value=\"A1\" checked=\"checked\" \/><span class=\"wpcf7-list-item-label\">A1<\/span><\/label><\/span><span class=\"wpcf7-list-item\"><label><input type=\"radio\" name=\"your-level\" value=\"A2\" \/><span class=\"wpcf7-list-item-label\">A2<\/span><\/label><\/span><span class=\"wpcf7-list-item\"><label><input type=\"radio\" name=\"your-level\" value=\"B1\/B2\" \/><span class=\"wpcf7-list-item-label\">B1\/B2<\/span><\/label><\/span><span class=\"wpcf7-list-item last\"><label><input type=\"radio\" name=\"your-level\" value=\"C1\/C2\" \/><span class=\"wpcf7-list-item-label\">C1\/C2<\/span><\/label><\/span><\/span><\/span>\n\t\t\t<\/p>\n\t\t<\/div>\n\t\t<div class=\"vc_col-sm-12 jarcha-p-mb-0\">\n\t\t\t<p><label>Main learning goals <\/label><br \/>\n<span class=\"wpcf7-form-control-wrap\" data-name=\"your-objetivos\"><textarea cols=\"60\" rows=\"5\" maxlength=\"2000\" class=\"wpcf7-form-control wpcf7-textarea wpcf7-validates-as-required\" aria-required=\"true\" aria-invalid=\"false\" name=\"your-objetivos\"><\/textarea><\/span>\n\t\t\t<\/p>\n\t\t\t<p>For example: conversation, grammar, culture, exam preparation...\n\t\t\t<\/p>\n\t\t<\/div>\n\t\t<div class=\"vc_col-sm-12\" style=\"height:30px;\">\n\t\t<\/div>\n\t<\/div>\n\t<h3>Scheduling preferences\n\t<\/h3>\n\t<div class=\"vc_row \">\n\t\t<div class=\"vc_col-sm-4\">\n\t\t\t<p><label>Intended start month<\/label><br \/>\n<span class=\"wpcf7-form-control-wrap\" data-name=\"your-mes\"><select class=\"wpcf7-form-control wpcf7-select\" aria-invalid=\"false\" name=\"your-mes\"><option value=\"January\">January<\/option><option value=\"February\">February<\/option><option value=\"March\">March<\/option><option value=\"April\">April<\/option><option value=\"May\">May<\/option><option value=\"June\">June<\/option><option value=\"July\">July<\/option><option value=\"August\">August<\/option><option value=\"September\">September<\/option><option value=\"October\">October<\/option><option value=\"November\">November<\/option><option value=\"December\">December<\/option><\/select><\/span>\n\t\t\t<\/p>\n\t\t<\/div>\n\t\t<div class=\"vc_col-sm-12 jarcha-p-mb-0\">\n\t\t\t<p><label>What days and times work best for your class? <\/label><br \/>\n<span class=\"wpcf7-form-control-wrap\" data-name=\"your-horarios\"><textarea cols=\"60\" rows=\"5\" maxlength=\"2000\" class=\"wpcf7-form-control wpcf7-textarea wpcf7-validates-as-required\" aria-required=\"true\" aria-invalid=\"false\" name=\"your-horarios\"><\/textarea><\/span>\n\t\t\t<\/p>\n\t\t<\/div>\n\t<\/div>\n\t<div class=\"vc_row \">\n\t\t<div class=\"vc_col-sm-12\">\n\t\t\t<p><span class=\"wpcf7-form-control-wrap\" data-name=\"your-acceptance\"><span class=\"wpcf7-form-control wpcf7-acceptance\"><span class=\"wpcf7-list-item\"><label><input type=\"checkbox\" name=\"your-acceptance\" value=\"1\" aria-invalid=\"false\" \/><span class=\"wpcf7-list-item-label\">I have read and accept the <a rel=\"nofollow\" style=\"color:#63001a;\" href=\"\/en\/politica-privacidad\">privacy policy<\/a><\/span><\/label><\/span><\/span><\/span>\n\t\t\t<\/p>\n\t\t<\/div>\n\t<\/div>\n\t<div class=\"cf7-cf-turnstile\" style=\"margin-top: 0px; margin-bottom: -15px;\"> <div id=\"cf-turnstile-cf7-409802762\" class=\"cf-turnstile\" data-sitekey=\"0x4AAAAAACGX8v8I4-Awjfpv\" data-theme=\"light\" data-language=\"auto\" data-size=\"normal\" data-retry=\"auto\" data-retry-interval=\"1000\" data-refresh-expired=\"auto\" data-action=\"contact-form-7\" data-appearance=\"always\"><\/div> <script>document.addEventListener(\"DOMContentLoaded\", function() { setTimeout(function(){ var e=document.getElementById(\"cf-turnstile-cf7-409802762\"); e&&!e.innerHTML.trim()&&(turnstile.remove(\"#cf-turnstile-cf7-409802762\"), turnstile.render(\"#cf-turnstile-cf7-409802762\", {sitekey:\"0x4AAAAAACGX8v8I4-Awjfpv\"})); }, 100); });<\/script> <br class=\"cf-turnstile-br cf-turnstile-br-cf7-409802762\"> <style>#cf-turnstile-cf7-409802762 { margin-left: -15px; }<\/style> <script>document.addEventListener(\"DOMContentLoaded\",function(){document.querySelectorAll('.wpcf7-form').forEach(function(e){e.addEventListener('submit',function(){if(document.getElementById('cf-turnstile-cf7-409802762')){setTimeout(function(){turnstile.reset('#cf-turnstile-cf7-409802762');},1000)}})})});<\/script> <\/div><br \/>\n<input class=\"wpcf7-form-control wpcf7-submit has-spinner\" type=\"submit\" value=\"Submit form\" \/>\n\t<\/p>\n\t<p><b>Note:<\/b> We will get in touch with you as soon as a group compatible with your level and preferences is formed.\n\t<\/p>\n<\/div><div class=\"wpcf7-response-output\" aria-hidden=\"true\"><\/div>\n<\/form>\n<\/div>\n[\/vc_column][\/vc_row][vc_row][vc_column][vc_empty_space height=&#8221;60px&#8221;][\/vc_column][\/vc_row]<\/p>\n","protected":false},"excerpt":{"rendered":"<p>[vc_row][vc_column][\/vc_column][\/vc_row][vc_row][vc_column][vc_empty_space height=&#8221;60px&#8221;][\/vc_column][\/vc_row]<\/p>\n","protected":false},"author":1,"featured_media":0,"parent":0,"menu_order":0,"comment_status":"closed","ping_status":"closed","template":"","meta":{"inline_featured_image":false,"_joinchat":[],"footnotes":""},"class_list":["post-17704","page","type-page","status-publish","hentry"],"yoast_head":"<!-- This site is optimized with the Yoast SEO plugin v26.8 - https:\/\/yoast.com\/product\/yoast-seo-wordpress\/ -->\n<title>Reservation form for in-person Spanish small group classes - Jarcha Espa\u00f1ol<\/title>\n<meta name=\"description\" content=\"Jarcha Espa\u00f1ol - Reservation form for in-person Spanish small group classes - Espa\u00f1ol como Lengua Extranjera. Clases de espa\u00f1ol online. Clases online para estudiantes de educaci\u00f3n primaria, educaci\u00f3n secundaria, educaci\u00f3n secundaria para adultos, ciclos, bachillerato, bachillerato para adultos y universidad.\" \/>\n<meta name=\"robots\" content=\"index, follow, max-snippet:-1, max-image-preview:large, max-video-preview:-1\" \/>\n<link rel=\"canonical\" href=\"https:\/\/jarchaespanol.com\/en\/reservation-form-for-in-person-spanish-group-classes\/\" \/>\n<meta property=\"og:locale\" content=\"en_US\" \/>\n<meta property=\"og:type\" content=\"article\" \/>\n<meta property=\"og:title\" content=\"Reservation form for in-person Spanish small group classes - Jarcha Espa\u00f1ol\" \/>\n<meta property=\"og:description\" content=\"Jarcha Espa\u00f1ol - Reservation form for in-person Spanish small group classes - Espa\u00f1ol como Lengua Extranjera. Clases de espa\u00f1ol online. Clases online para estudiantes de educaci\u00f3n primaria, educaci\u00f3n secundaria, educaci\u00f3n secundaria para adultos, ciclos, bachillerato, bachillerato para adultos y universidad.\" \/>\n<meta property=\"og:url\" content=\"https:\/\/jarchaespanol.com\/formulario-de-reserva-para-clases-presenciales-en-grupo\/\" \/>\n<meta property=\"og:site_name\" content=\"Jarcha Espa\u00f1ol\" \/>\n<meta property=\"article:modified_time\" content=\"2025-07-17T18:41:20+00:00\" \/>\n<meta name=\"twitter:card\" content=\"summary_large_image\" \/>\n<script type=\"application\/ld+json\" class=\"yoast-schema-graph\">{\"@context\":\"https:\/\/schema.org\",\"@graph\":[{\"@type\":\"WebPage\",\"@id\":\"https:\/\/jarchaespanol.com\/formulario-de-reserva-para-clases-presenciales-en-grupo\/\",\"url\":\"https:\/\/jarchaespanol.com\/formulario-de-reserva-para-clases-presenciales-en-grupo\/\",\"name\":\"Reservation form for in-person Spanish small group classes - Jarcha Espa\u00f1ol\",\"isPartOf\":{\"@id\":\"https:\/\/jarchaespanol.com\/#website\"},\"datePublished\":\"2023-06-27T09:11:48+00:00\",\"dateModified\":\"2025-07-17T18:41:20+00:00\",\"description\":\"Jarcha Espa\u00f1ol - Reservation form for in-person Spanish small group classes - Espa\u00f1ol como Lengua Extranjera. Clases de espa\u00f1ol online. Clases online para estudiantes de educaci\u00f3n primaria, educaci\u00f3n secundaria, educaci\u00f3n secundaria para adultos, ciclos, bachillerato, bachillerato para adultos y universidad.\",\"breadcrumb\":{\"@id\":\"https:\/\/jarchaespanol.com\/formulario-de-reserva-para-clases-presenciales-en-grupo\/#breadcrumb\"},\"inLanguage\":\"en-US\",\"potentialAction\":[{\"@type\":\"ReadAction\",\"target\":[\"https:\/\/jarchaespanol.com\/formulario-de-reserva-para-clases-presenciales-en-grupo\/\"]}]},{\"@type\":\"BreadcrumbList\",\"@id\":\"https:\/\/jarchaespanol.com\/formulario-de-reserva-para-clases-presenciales-en-grupo\/#breadcrumb\",\"itemListElement\":[{\"@type\":\"ListItem\",\"position\":1,\"name\":\"Home\",\"item\":\"https:\/\/jarchaespanol.com\/\"},{\"@type\":\"ListItem\",\"position\":2,\"name\":\"Reservation form for in-person Spanish small group classes\"}]},{\"@type\":\"WebSite\",\"@id\":\"https:\/\/jarchaespanol.com\/#website\",\"url\":\"https:\/\/jarchaespanol.com\/\",\"name\":\"Jarcha Espa\u00f1ol\",\"description\":\"Plataforma en l\u00ednea especializada en la comunicaci\u00f3n y en la formaci\u00f3n en espa\u00f1ol. Aprende espa\u00f1ol online.\",\"publisher\":{\"@id\":\"https:\/\/jarchaespanol.com\/#organization\"},\"potentialAction\":[{\"@type\":\"SearchAction\",\"target\":{\"@type\":\"EntryPoint\",\"urlTemplate\":\"https:\/\/jarchaespanol.com\/?s={search_term_string}\"},\"query-input\":{\"@type\":\"PropertyValueSpecification\",\"valueRequired\":true,\"valueName\":\"search_term_string\"}}],\"inLanguage\":\"en-US\"},{\"@type\":\"Organization\",\"@id\":\"https:\/\/jarchaespanol.com\/#organization\",\"name\":\"Jarcha Espa\u00f1ol\",\"url\":\"https:\/\/jarchaespanol.com\/\",\"logo\":{\"@type\":\"ImageObject\",\"inLanguage\":\"en-US\",\"@id\":\"https:\/\/jarchaespanol.com\/#\/schema\/logo\/image\/\",\"url\":\"https:\/\/jarchaespanol.com\/wp-content\/uploads\/2022\/03\/logo-factura-2.png\",\"contentUrl\":\"https:\/\/jarchaespanol.com\/wp-content\/uploads\/2022\/03\/logo-factura-2.png\",\"width\":474,\"height\":177,\"caption\":\"Jarcha Espa\u00f1ol\"},\"image\":{\"@id\":\"https:\/\/jarchaespanol.com\/#\/schema\/logo\/image\/\"}}]}<\/script>\n<!-- \/ Yoast SEO plugin. -->","yoast_head_json":{"title":"Reservation form for in-person Spanish small group classes - Jarcha Espa\u00f1ol","description":"Jarcha Espa\u00f1ol - Reservation form for in-person Spanish small group classes - Espa\u00f1ol como Lengua Extranjera. Clases de espa\u00f1ol online. Clases online para estudiantes de educaci\u00f3n primaria, educaci\u00f3n secundaria, educaci\u00f3n secundaria para adultos, ciclos, bachillerato, bachillerato para adultos y universidad.","robots":{"index":"index","follow":"follow","max-snippet":"max-snippet:-1","max-image-preview":"max-image-preview:large","max-video-preview":"max-video-preview:-1"},"canonical":"https:\/\/jarchaespanol.com\/en\/reservation-form-for-in-person-spanish-group-classes\/","og_locale":"en_US","og_type":"article","og_title":"Reservation form for in-person Spanish small group classes - Jarcha Espa\u00f1ol","og_description":"Jarcha Espa\u00f1ol - Reservation form for in-person Spanish small group classes - Espa\u00f1ol como Lengua Extranjera. Clases de espa\u00f1ol online. Clases online para estudiantes de educaci\u00f3n primaria, educaci\u00f3n secundaria, educaci\u00f3n secundaria para adultos, ciclos, bachillerato, bachillerato para adultos y universidad.","og_url":"https:\/\/jarchaespanol.com\/formulario-de-reserva-para-clases-presenciales-en-grupo\/","og_site_name":"Jarcha Espa\u00f1ol","article_modified_time":"2025-07-17T18:41:20+00:00","twitter_card":"summary_large_image","schema":{"@context":"https:\/\/schema.org","@graph":[{"@type":"WebPage","@id":"https:\/\/jarchaespanol.com\/formulario-de-reserva-para-clases-presenciales-en-grupo\/","url":"https:\/\/jarchaespanol.com\/formulario-de-reserva-para-clases-presenciales-en-grupo\/","name":"Reservation form for in-person Spanish small group classes - Jarcha Espa\u00f1ol","isPartOf":{"@id":"https:\/\/jarchaespanol.com\/#website"},"datePublished":"2023-06-27T09:11:48+00:00","dateModified":"2025-07-17T18:41:20+00:00","description":"Jarcha Espa\u00f1ol - Reservation form for in-person Spanish small group classes - Espa\u00f1ol como Lengua Extranjera. Clases de espa\u00f1ol online. Clases online para estudiantes de educaci\u00f3n primaria, educaci\u00f3n secundaria, educaci\u00f3n secundaria para adultos, ciclos, bachillerato, bachillerato para adultos y universidad.","breadcrumb":{"@id":"https:\/\/jarchaespanol.com\/formulario-de-reserva-para-clases-presenciales-en-grupo\/#breadcrumb"},"inLanguage":"en-US","potentialAction":[{"@type":"ReadAction","target":["https:\/\/jarchaespanol.com\/formulario-de-reserva-para-clases-presenciales-en-grupo\/"]}]},{"@type":"BreadcrumbList","@id":"https:\/\/jarchaespanol.com\/formulario-de-reserva-para-clases-presenciales-en-grupo\/#breadcrumb","itemListElement":[{"@type":"ListItem","position":1,"name":"Home","item":"https:\/\/jarchaespanol.com\/"},{"@type":"ListItem","position":2,"name":"Reservation form for in-person Spanish small group classes"}]},{"@type":"WebSite","@id":"https:\/\/jarchaespanol.com\/#website","url":"https:\/\/jarchaespanol.com\/","name":"Jarcha Espa\u00f1ol","description":"Plataforma en l\u00ednea especializada en la comunicaci\u00f3n y en la formaci\u00f3n en espa\u00f1ol. Aprende espa\u00f1ol online.","publisher":{"@id":"https:\/\/jarchaespanol.com\/#organization"},"potentialAction":[{"@type":"SearchAction","target":{"@type":"EntryPoint","urlTemplate":"https:\/\/jarchaespanol.com\/?s={search_term_string}"},"query-input":{"@type":"PropertyValueSpecification","valueRequired":true,"valueName":"search_term_string"}}],"inLanguage":"en-US"},{"@type":"Organization","@id":"https:\/\/jarchaespanol.com\/#organization","name":"Jarcha Espa\u00f1ol","url":"https:\/\/jarchaespanol.com\/","logo":{"@type":"ImageObject","inLanguage":"en-US","@id":"https:\/\/jarchaespanol.com\/#\/schema\/logo\/image\/","url":"https:\/\/jarchaespanol.com\/wp-content\/uploads\/2022\/03\/logo-factura-2.png","contentUrl":"https:\/\/jarchaespanol.com\/wp-content\/uploads\/2022\/03\/logo-factura-2.png","width":474,"height":177,"caption":"Jarcha Espa\u00f1ol"},"image":{"@id":"https:\/\/jarchaespanol.com\/#\/schema\/logo\/image\/"}}]}},"_links":{"self":[{"href":"https:\/\/jarchaespanol.com\/en\/wp-json\/wp\/v2\/pages\/17704","targetHints":{"allow":["GET"]}}],"collection":[{"href":"https:\/\/jarchaespanol.com\/en\/wp-json\/wp\/v2\/pages"}],"about":[{"href":"https:\/\/jarchaespanol.com\/en\/wp-json\/wp\/v2\/types\/page"}],"author":[{"embeddable":true,"href":"https:\/\/jarchaespanol.com\/en\/wp-json\/wp\/v2\/users\/1"}],"replies":[{"embeddable":true,"href":"https:\/\/jarchaespanol.com\/en\/wp-json\/wp\/v2\/comments?post=17704"}],"version-history":[{"count":3,"href":"https:\/\/jarchaespanol.com\/en\/wp-json\/wp\/v2\/pages\/17704\/revisions"}],"predecessor-version":[{"id":17851,"href":"https:\/\/jarchaespanol.com\/en\/wp-json\/wp\/v2\/pages\/17704\/revisions\/17851"}],"wp:attachment":[{"href":"https:\/\/jarchaespanol.com\/en\/wp-json\/wp\/v2\/media?parent=17704"}],"curies":[{"name":"wp","href":"https:\/\/api.w.org\/{rel}","templated":true}]}}