{"id":5726,"date":"2022-04-07T11:01:53","date_gmt":"2022-04-07T09:01:53","guid":{"rendered":"https:\/\/jarchaespanol.es\/who-we-are\/"},"modified":"2024-10-23T17:24:43","modified_gmt":"2024-10-23T15:24:43","slug":"who-we-are","status":"publish","type":"page","link":"https:\/\/jarchaespanol.com\/en\/who-we-are\/","title":{"rendered":"Who we are"},"content":{"rendered":"<p>[vc_row u_row_style=&#8221;0&#8243; u_row_paralax=&#8221;0&#8243; u_row_scheme=&#8221;0&#8243; css=&#8221;.vc_custom_1652260288089{margin-bottom: 0px !important;}&#8221;][vc_column css=&#8221;.vc_custom_1652260273107{margin-bottom: 0px !important;padding-bottom: 15px !important;}&#8221;][vc_custom_heading text=&#8221;Jarcha Espa\u00f1ol&#8221; google_fonts=&#8221;font_family:Source%20Sans%20Pro%3A200%2C200italic%2C300%2C300italic%2Cregular%2Citalic%2C600%2C600italic%2C700%2C700italic%2C900%2C900italic|font_style:600%20bold%20regular%3A600%3Anormal&#8221; css=&#8221;.vc_custom_1655727209965{padding-bottom: 15px !important;}&#8221;][vc_column_text css=&#8221;.vc_custom_1712141365876{margin-bottom: 15px !important;}&#8221;]<b>Jarcha Espa\u00f1ol<\/b><span style=\"font-weight: 400;\"> is much more than a Spanish school: it is a space for <\/span><b>learning<\/b><span style=\"font-weight: 400;\"> and <\/span><b>meeting<\/b><span style=\"font-weight: 400;\"> with the Spanish language and culture. Our name pays tribute to the <\/span><b>jarchas,<\/b><span style=\"font-weight: 400;\"> the first literary manifestations in the Romance language in Spain, a symbol of the <\/span><b>multicultural identity<\/b><span style=\"font-weight: 400;\"> of our country and the philosophy of our teaching system.<\/span>[\/vc_column_text][vc_column_text css=&#8221;.vc_custom_1712141381716{margin-bottom: 15px !important;}&#8221;]<b>Jarcha Espa\u00f1ol<\/b><span style=\"font-weight: 400;\"> thus establishes itself as a <\/span><b>center for teaching Spanish<\/b><span style=\"font-weight: 400;\"> where learning goes beyond the language.<\/span>[\/vc_column_text][vc_row_inner][vc_column_inner width=&#8221;1\/2&#8243;][vc_single_image image=&#8221;3342&#8243; img_size=&#8221;full&#8221; alignment=&#8221;center&#8221; css=&#8221;.vc_custom_1655978668673{padding-top: 10px !important;}&#8221;][\/vc_column_inner][vc_column_inner width=&#8221;1\/2&#8243;][\/vc_column_inner][\/vc_row_inner][vc_column_text css=&#8221;.vc_custom_1725531385498{padding-bottom: 30px !important;}&#8221;]<span style=\"font-weight: 400;\">At <\/span><b>Jarcha Espa\u00f1ol,<\/b><span style=\"font-weight: 400;\"> we adjust to the academic needs and goals of students with a <\/span><b>dual approach:<\/b><\/p>\n<ul>\n<li style=\"font-weight: 400;\" aria-level=\"1\"><b>Online modality:<\/b><span style=\"font-weight: 400;\"> allows self-management of learning according to their availability and provides them with a comfortable and flexible educational experience.<\/span><\/li>\n<li style=\"font-weight: 400;\" aria-level=\"1\"><b>In-person modality:<\/b><span style=\"font-weight: 400;\"> with didactic programming and personalized extracurricular activities, which promote meaningful learning and personal development, in addition to encouraging interaction with the environment and among participants.<\/span><\/li>\n<\/ul>\n<p>[\/vc_column_text][\/vc_column][\/vc_row][vc_row][vc_column][vc_custom_heading text=&#8221;Ana Ghersi Fenor&#8221; google_fonts=&#8221;font_family:Source%20Sans%20Pro%3A200%2C200italic%2C300%2C300italic%2Cregular%2Citalic%2C600%2C600italic%2C700%2C700italic%2C900%2C900italic|font_style:600%20bold%20regular%3A600%3Anormal&#8221; css=&#8221;.vc_custom_1652260449052{padding-bottom: 15px !important;}&#8221;][vc_row_inner][vc_column_inner width=&#8221;1\/2&#8243;][vc_single_image image=&#8221;3633&#8243; img_size=&#8221;full&#8221; add_caption=&#8221;yes&#8221; css=&#8221;.vc_custom_1670592815673{padding-top: 10px !important;}&#8221;][\/vc_column_inner][vc_column_inner width=&#8221;1\/2&#8243;][vc_column_text css=&#8221;.vc_custom_1712141653873{margin-bottom: 9px !important;}&#8221;]<span style=\"font-weight: 400;\">She is the voice behind <\/span><b>Jarcha Espa\u00f1ol.<\/b><span style=\"font-weight: 400;\"> A philologist and passionate teacher of Spanish Language and Literature, as well as Spanish as a Foreign Language, she has led <\/span><b>Jarcha Espa\u00f1ol<\/b><span style=\"font-weight: 400;\"> since 2021.<\/span>[\/vc_column_text][vc_column_text css=&#8221;.vc_custom_1712141475535{margin-bottom: 9px !important;}&#8221;]<span style=\"font-weight: 400;\">Her love for literature led her to found the Asociaci\u00f3n de Escritores de Vigo Haberlos, haylos, in 2017, where she provides training and writing workshops, in addition to being the author of stories, micro-stories, and a novel.<\/span>[\/vc_column_text][\/vc_column_inner][\/vc_row_inner][\/vc_column][\/vc_row][vc_row][vc_column css=&#8221;.vc_custom_1648120674462{padding-bottom: 15px !important;}&#8221;][vc_custom_heading text=&#8221;Our experience&#8221; google_fonts=&#8221;font_family:Source%20Sans%20Pro%3A200%2C200italic%2C300%2C300italic%2Cregular%2Citalic%2C600%2C600italic%2C700%2C700italic%2C900%2C900italic|font_style:600%20bold%20regular%3A600%3Anormal&#8221;][vc_column_text css=&#8221;.vc_custom_1712142967266{padding-bottom: 30px !important;}&#8221;]<b>At Jarcha Espa\u00f1ol,<\/b><span style=\"font-weight: 400;\"> we dedicate ourselves to the comprehensive teaching of the Spanish language, attending to students of all ages and profiles. In 2020, the pandemic prompted us to expand into <\/span><a href=\"https:\/\/jarchaespanol.com\/en\/espanol-online\/\"><b>online training<\/b><\/a><span style=\"font-weight: 400;\">, a transition that allowed us to grow and expand our educational offerings.<\/span><\/p>\n<p><span style=\"font-weight: 400;\">Currently, we complete our virtual classes, accessible from anywhere in the world, with <\/span><a href=\"https:\/\/jarchaespanol.com\/en\/language-immersion-courses\/\"><b>linguistic immersion courses<\/b><\/a><span style=\"font-weight: 400;\">\u00a0and <\/span><a href=\"https:\/\/jarchaespanol.com\/en\/in-person-spanish-for-groupes\/\"><b>in-person sessions for groups<\/b><\/a><span style=\"font-weight: 400;\">, which facilitate access to in situ learning of the language and immersion in the social and cultural aspects of life in Spain. Guided by experts in various disciplines, our students approach the essence of a country known for its historic cultural diversity.<\/span>[\/vc_column_text][vc_custom_heading text=&#8221;Vigo: our home and source of inspiration&#8221; google_fonts=&#8221;font_family:Source%20Sans%20Pro%3A200%2C200italic%2C300%2C300italic%2Cregular%2Citalic%2C600%2C600italic%2C700%2C700italic%2C900%2C900italic|font_style:600%20bold%20regular%3A600%3Anormal&#8221;][vc_column_text css=&#8221;.vc_custom_1712141554884{padding-bottom: 30px !important;}&#8221;]<span style=\"font-weight: 400;\">We carry out our activity in <\/span><b>Vigo,<\/b><span style=\"font-weight: 400;\"> the largest city in Galicia, on the shores of the Atlantic. Known for its impressive port, one of the most outstanding in the world, Vigo is a nerve center of the naval, fishing, and canning industry that reflects the dynamism and innovative spirit that we also seek to transmit in our teaching.<\/span>[\/vc_column_text][vc_custom_heading text=&#8221;Our mission&#8221; google_fonts=&#8221;font_family:Source%20Sans%20Pro%3A200%2C200italic%2C300%2C300italic%2Cregular%2Citalic%2C600%2C600italic%2C700%2C700italic%2C900%2C900italic|font_style:600%20bold%20regular%3A600%3Anormal&#8221;][vc_column_text css=&#8221;.vc_custom_1712141571802{padding-bottom: 30px !important;}&#8221;]<span style=\"font-weight: 400;\">To provide quality training, adapted to the educational goals of our students, that enhances their personal and professional development and opens paths to new forms of leisure and cultural tourism.<\/span>[\/vc_column_text][vc_custom_heading text=&#8221;Our vision&#8221; google_fonts=&#8221;font_family:Source%20Sans%20Pro%3A200%2C200italic%2C300%2C300italic%2Cregular%2Citalic%2C600%2C600italic%2C700%2C700italic%2C900%2C900italic|font_style:600%20bold%20regular%3A600%3Anormal&#8221;][vc_column_text css=&#8221;.vc_custom_1712141600444{padding-bottom: 30px !important;}&#8221;]<span style=\"font-weight: 400;\">To become a benchmark in Spanish teaching, integrating online and face-to-face educational experiences, so that our students not only master the language but also actively engage in Spanish life and culture.<\/span><\/p>\n<p><span style=\"font-weight: 400;\">We aspire to be a leading institution in our sector that, through innovation and educational excellence, trains <\/span><b>global citizens<\/b><span style=\"font-weight: 400;\"> prepared to communicate securely and act with tolerance and justice in an interconnected world.<\/span>[\/vc_column_text][\/vc_column][\/vc_row][vc_row][vc_column css=&#8221;.vc_custom_1648120533019{padding-bottom: 15px !important;}&#8221;][vc_custom_heading text=&#8221;Photo gallery&#8221; google_fonts=&#8221;font_family:Source%20Sans%20Pro%3A200%2C200italic%2C300%2C300italic%2Cregular%2Citalic%2C600%2C600italic%2C700%2C700italic%2C900%2C900italic|font_style:600%20bold%20regular%3A600%3Anormal&#8221; css=&#8221;.vc_custom_1648475657678{padding-bottom: 15px !important;}&#8221;][vc_gallery type=&#8221;flexslider_slide&#8221; interval=&#8221;3&#8243; images=&#8221;3323,3324,3325,3326,3327,3328,3329,3330,3331,3332,3334,3335,3336,3337,3338,3965&#8243; img_size=&#8221;650&#215;400&#8243;][\/vc_column][\/vc_row][vc_row u_row_style=&#8221;0&#8243; u_row_paralax=&#8221;0&#8243; u_row_scheme=&#8221;0&#8243; css=&#8221;.vc_custom_1648038679961{margin-top: 0px !important;margin-bottom: 30px !important;padding-top: 20px !important;padding-bottom: 10px !important;background-color: #e9edf1 !important;}&#8221;][vc_column width=&#8221;2\/3&#8243; css=&#8221;.vc_custom_1648118361858{padding-top: 0px !important;}&#8221; el_class=&#8221;no-margin-bottom-mobile&#8221;][vc_single_image image=&#8221;3310&#8243; img_size=&#8221;full&#8221; alignment=&#8221;center&#8221; css_animation=&#8221;bottom-to-top&#8221; css=&#8221;.vc_custom_1648117939977{border-top-width: 0px !important;border-bottom-width: 0px !important;padding-top: 0px !important;padding-bottom: 0px !important;}&#8221;][\/vc_column][vc_column width=&#8221;1\/3&#8243; css=&#8221;.vc_custom_1648118147712{padding-top: 0px !important;}&#8221;][vc_column_text css=&#8221;.vc_custom_1659948028778{margin-bottom: 5px !important;padding-top: 0px !important;padding-bottom: 0px !important;}&#8221;]<span style=\"font-weight: 400;\">If you want to know some more about us, go to our Facebook<\/span>[\/vc_column_text]    \t<a class=\"btn button-26743 btn-primary \" href=\"https:\/\/www.facebook.com\/haberloshaylosenvigo\" data-delay=0  target=\"_blank\" >\r\n        <i class=\"fa fa-arrow-right\"><\/i>&nbsp;&nbsp;FACEBOOK        <\/a>\r\n        \t\t\t<style scoped=\"scoped\">\r\n\t\t\t\t.button-26743{\r\n\t\t\t\t\t\t\t\t\t\tbackground-color: #2a89dd;\r\n\t\t\t\t\t\t\t\t\t\tborder-color: #2a89dd\t\t\t\t}\r\n\t\t\t<\/style>\r\n\t\t[\/vc_column][\/vc_row][vc_row][vc_column][\/vc_column][\/vc_row]<\/p>\n","protected":false},"excerpt":{"rendered":"<p>[vc_row u_row_style=&#8221;0&#8243; u_row_paralax=&#8221;0&#8243; u_row_scheme=&#8221;0&#8243; css=&#8221;.vc_custom_1652260288089{margin-bottom: 0px !important;}&#8221;][vc_column css=&#8221;.vc_custom_1652260273107{margin-bottom: 0px !important;padding-bottom: 15px !important;}&#8221;][vc_custom_heading text=&#8221;Jarcha Espa\u00f1ol&#8221; google_fonts=&#8221;font_family:Source%20Sans%20Pro%3A200%2C200italic%2C300%2C300italic%2Cregular%2Citalic%2C600%2C600italic%2C700%2C700italic%2C900%2C900italic|font_style:600%20bold%20regular%3A600%3Anormal&#8221; css=&#8221;.vc_custom_1655727209965{padding-bottom: 15px !important;}&#8221;][vc_column_text css=&#8221;.vc_custom_1712141365876{margin-bottom: 15px !important;}&#8221;]Jarcha Espa\u00f1ol is much more than a Spanish school: it is a space for learning and meeting with the Spanish language and culture. Our name pays tribute to the jarchas, the first literary manifestations in [&hellip;]<\/p>\n","protected":false},"author":1,"featured_media":0,"parent":0,"menu_order":0,"comment_status":"closed","ping_status":"closed","template":"","meta":{"inline_featured_image":false,"_joinchat":[],"footnotes":""},"class_list":["post-5726","page","type-page","status-publish","hentry"],"yoast_head":"<!-- This site is optimized with the Yoast SEO plugin v26.8 - https:\/\/yoast.com\/product\/yoast-seo-wordpress\/ -->\n<title>What is Jarcha Espa\u00f1ol - Jarcha Espa\u00f1ol<\/title>\n<meta name=\"description\" content=\"What is Jarcha Espa\u00f1ol? Information about who we are, the teachers at Jarcha. Learn Spanish online. Private tutoring lessons.\" \/>\n<meta name=\"robots\" content=\"index, follow, max-snippet:-1, max-image-preview:large, max-video-preview:-1\" \/>\n<link rel=\"canonical\" href=\"https:\/\/jarchaespanol.com\/en\/who-we-are\/\" \/>\n<meta property=\"og:locale\" content=\"en_US\" \/>\n<meta property=\"og:type\" content=\"article\" \/>\n<meta property=\"og:title\" content=\"What is Jarcha Espa\u00f1ol - Jarcha Espa\u00f1ol\" \/>\n<meta property=\"og:description\" content=\"What is Jarcha Espa\u00f1ol? Information about who we are, the teachers at Jarcha. Learn Spanish online. Private tutoring lessons.\" \/>\n<meta property=\"og:url\" content=\"https:\/\/jarchaespanol.com\/que-es-jarcha-espanol\/\" \/>\n<meta property=\"og:site_name\" content=\"Jarcha Espa\u00f1ol\" \/>\n<meta property=\"article:modified_time\" content=\"2024-10-23T15:24:43+00:00\" \/>\n<meta name=\"twitter:card\" content=\"summary_large_image\" \/>\n<script type=\"application\/ld+json\" class=\"yoast-schema-graph\">{\"@context\":\"https:\/\/schema.org\",\"@graph\":[{\"@type\":\"WebPage\",\"@id\":\"https:\/\/jarchaespanol.com\/que-es-jarcha-espanol\/\",\"url\":\"https:\/\/jarchaespanol.com\/que-es-jarcha-espanol\/\",\"name\":\"What is Jarcha Espa\u00f1ol - Jarcha Espa\u00f1ol\",\"isPartOf\":{\"@id\":\"https:\/\/jarchaespanol.com\/#website\"},\"datePublished\":\"2022-04-07T09:01:53+00:00\",\"dateModified\":\"2024-10-23T15:24:43+00:00\",\"description\":\"What is Jarcha Espa\u00f1ol? Information about who we are, the teachers at Jarcha. Learn Spanish online. Private tutoring lessons.\",\"breadcrumb\":{\"@id\":\"https:\/\/jarchaespanol.com\/que-es-jarcha-espanol\/#breadcrumb\"},\"inLanguage\":\"en-US\",\"potentialAction\":[{\"@type\":\"ReadAction\",\"target\":[\"https:\/\/jarchaespanol.com\/que-es-jarcha-espanol\/\"]}]},{\"@type\":\"BreadcrumbList\",\"@id\":\"https:\/\/jarchaespanol.com\/que-es-jarcha-espanol\/#breadcrumb\",\"itemListElement\":[{\"@type\":\"ListItem\",\"position\":1,\"name\":\"Home\",\"item\":\"https:\/\/jarchaespanol.com\/\"},{\"@type\":\"ListItem\",\"position\":2,\"name\":\"Who we are\"}]},{\"@type\":\"WebSite\",\"@id\":\"https:\/\/jarchaespanol.com\/#website\",\"url\":\"https:\/\/jarchaespanol.com\/\",\"name\":\"Jarcha Espa\u00f1ol\",\"description\":\"Plataforma en l\u00ednea especializada en la comunicaci\u00f3n y en la formaci\u00f3n en espa\u00f1ol. Aprende espa\u00f1ol online.\",\"publisher\":{\"@id\":\"https:\/\/jarchaespanol.com\/#organization\"},\"potentialAction\":[{\"@type\":\"SearchAction\",\"target\":{\"@type\":\"EntryPoint\",\"urlTemplate\":\"https:\/\/jarchaespanol.com\/?s={search_term_string}\"},\"query-input\":{\"@type\":\"PropertyValueSpecification\",\"valueRequired\":true,\"valueName\":\"search_term_string\"}}],\"inLanguage\":\"en-US\"},{\"@type\":\"Organization\",\"@id\":\"https:\/\/jarchaespanol.com\/#organization\",\"name\":\"Jarcha Espa\u00f1ol\",\"url\":\"https:\/\/jarchaespanol.com\/\",\"logo\":{\"@type\":\"ImageObject\",\"inLanguage\":\"en-US\",\"@id\":\"https:\/\/jarchaespanol.com\/#\/schema\/logo\/image\/\",\"url\":\"https:\/\/jarchaespanol.com\/wp-content\/uploads\/2022\/03\/logo-factura-2.png\",\"contentUrl\":\"https:\/\/jarchaespanol.com\/wp-content\/uploads\/2022\/03\/logo-factura-2.png\",\"width\":474,\"height\":177,\"caption\":\"Jarcha Espa\u00f1ol\"},\"image\":{\"@id\":\"https:\/\/jarchaespanol.com\/#\/schema\/logo\/image\/\"}}]}<\/script>\n<!-- \/ Yoast SEO plugin. -->","yoast_head_json":{"title":"What is Jarcha Espa\u00f1ol - Jarcha Espa\u00f1ol","description":"What is Jarcha Espa\u00f1ol? Information about who we are, the teachers at Jarcha. Learn Spanish online. Private tutoring lessons.","robots":{"index":"index","follow":"follow","max-snippet":"max-snippet:-1","max-image-preview":"max-image-preview:large","max-video-preview":"max-video-preview:-1"},"canonical":"https:\/\/jarchaespanol.com\/en\/who-we-are\/","og_locale":"en_US","og_type":"article","og_title":"What is Jarcha Espa\u00f1ol - Jarcha Espa\u00f1ol","og_description":"What is Jarcha Espa\u00f1ol? Information about who we are, the teachers at Jarcha. Learn Spanish online. Private tutoring lessons.","og_url":"https:\/\/jarchaespanol.com\/que-es-jarcha-espanol\/","og_site_name":"Jarcha Espa\u00f1ol","article_modified_time":"2024-10-23T15:24:43+00:00","twitter_card":"summary_large_image","schema":{"@context":"https:\/\/schema.org","@graph":[{"@type":"WebPage","@id":"https:\/\/jarchaespanol.com\/que-es-jarcha-espanol\/","url":"https:\/\/jarchaespanol.com\/que-es-jarcha-espanol\/","name":"What is Jarcha Espa\u00f1ol - Jarcha Espa\u00f1ol","isPartOf":{"@id":"https:\/\/jarchaespanol.com\/#website"},"datePublished":"2022-04-07T09:01:53+00:00","dateModified":"2024-10-23T15:24:43+00:00","description":"What is Jarcha Espa\u00f1ol? Information about who we are, the teachers at Jarcha. Learn Spanish online. Private tutoring lessons.","breadcrumb":{"@id":"https:\/\/jarchaespanol.com\/que-es-jarcha-espanol\/#breadcrumb"},"inLanguage":"en-US","potentialAction":[{"@type":"ReadAction","target":["https:\/\/jarchaespanol.com\/que-es-jarcha-espanol\/"]}]},{"@type":"BreadcrumbList","@id":"https:\/\/jarchaespanol.com\/que-es-jarcha-espanol\/#breadcrumb","itemListElement":[{"@type":"ListItem","position":1,"name":"Home","item":"https:\/\/jarchaespanol.com\/"},{"@type":"ListItem","position":2,"name":"Who we are"}]},{"@type":"WebSite","@id":"https:\/\/jarchaespanol.com\/#website","url":"https:\/\/jarchaespanol.com\/","name":"Jarcha Espa\u00f1ol","description":"Plataforma en l\u00ednea especializada en la comunicaci\u00f3n y en la formaci\u00f3n en espa\u00f1ol. Aprende espa\u00f1ol online.","publisher":{"@id":"https:\/\/jarchaespanol.com\/#organization"},"potentialAction":[{"@type":"SearchAction","target":{"@type":"EntryPoint","urlTemplate":"https:\/\/jarchaespanol.com\/?s={search_term_string}"},"query-input":{"@type":"PropertyValueSpecification","valueRequired":true,"valueName":"search_term_string"}}],"inLanguage":"en-US"},{"@type":"Organization","@id":"https:\/\/jarchaespanol.com\/#organization","name":"Jarcha Espa\u00f1ol","url":"https:\/\/jarchaespanol.com\/","logo":{"@type":"ImageObject","inLanguage":"en-US","@id":"https:\/\/jarchaespanol.com\/#\/schema\/logo\/image\/","url":"https:\/\/jarchaespanol.com\/wp-content\/uploads\/2022\/03\/logo-factura-2.png","contentUrl":"https:\/\/jarchaespanol.com\/wp-content\/uploads\/2022\/03\/logo-factura-2.png","width":474,"height":177,"caption":"Jarcha Espa\u00f1ol"},"image":{"@id":"https:\/\/jarchaespanol.com\/#\/schema\/logo\/image\/"}}]}},"_links":{"self":[{"href":"https:\/\/jarchaespanol.com\/en\/wp-json\/wp\/v2\/pages\/5726","targetHints":{"allow":["GET"]}}],"collection":[{"href":"https:\/\/jarchaespanol.com\/en\/wp-json\/wp\/v2\/pages"}],"about":[{"href":"https:\/\/jarchaespanol.com\/en\/wp-json\/wp\/v2\/types\/page"}],"author":[{"embeddable":true,"href":"https:\/\/jarchaespanol.com\/en\/wp-json\/wp\/v2\/users\/1"}],"replies":[{"embeddable":true,"href":"https:\/\/jarchaespanol.com\/en\/wp-json\/wp\/v2\/comments?post=5726"}],"version-history":[{"count":0,"href":"https:\/\/jarchaespanol.com\/en\/wp-json\/wp\/v2\/pages\/5726\/revisions"}],"wp:attachment":[{"href":"https:\/\/jarchaespanol.com\/en\/wp-json\/wp\/v2\/media?parent=5726"}],"curies":[{"name":"wp","href":"https:\/\/api.w.org\/{rel}","templated":true}]}}