{"id":5734,"date":"2022-03-24T15:46:57","date_gmt":"2022-03-24T14:46:57","guid":{"rendered":"https:\/\/jarchaespanol.es\/legal-notice\/"},"modified":"2022-06-29T11:20:58","modified_gmt":"2022-06-29T09:20:58","slug":"legal-notice","status":"publish","type":"page","link":"https:\/\/jarchaespanol.com\/en\/legal-notice\/","title":{"rendered":"Legal notice"},"content":{"rendered":"<p>[vc_row][vc_column][vc_column_text]<\/p>\n<h2><span style=\"font-weight: 400;\">Identification and ownership<\/span><\/h2>\n<p><span style=\"font-weight: 400;\">In compliance with article 10 of Law 34\/2002, of 11 July, on Information Society Services and Electronic Commerce, the holder exposes his identification data<\/span><\/p>\n<p><span style=\"font-weight: 400;\">Headline:\u00a0 Ana Mar\u00eda Ghersi Fenor<\/span><\/p>\n<p><span style=\"font-weight: 400;\">NIF: 36072465R<\/span><\/p>\n<p><span style=\"font-weight: 400;\">Address:\u00a0 Vigo, Pontevedra &#8211; Spain<\/span><\/p>\n<p><span style=\"font-weight: 400;\">E-mail: info@jarchaespanol.com<\/span><\/p>\n<p><span style=\"font-weight: 400;\">Website:\u00a0 https:\/\/jarchaespanol.com<\/span><\/p>\n<h2><\/h2>\n<h2><span style=\"font-weight: 400;\">Purpose<\/span><\/h2>\n<p><span style=\"font-weight: 400;\">The purpose of the website is: online platform specialized in communication in spanish.<\/span><\/p>\n<h2><span style=\"font-weight: 400;\">Terms of use<\/span><\/h2>\n<p><span style=\"font-weight: 400;\">The use of the website grants you the status of user, and implies the complete acceptance of all the clauses and conditions of use included in the pages<\/span><\/p>\n<ul>\n<li style=\"font-weight: 400;\" aria-level=\"1\"><span style=\"font-weight: 400;\">Legal notice<\/span><\/li>\n<li style=\"font-weight: 400;\" aria-level=\"1\"><span style=\"font-weight: 400;\">Privacy policy<\/span><\/li>\n<li style=\"font-weight: 400;\" aria-level=\"1\"><span style=\"font-weight: 400;\">Cookie policy<\/span><\/li>\n<\/ul>\n<p><span style=\"font-weight: 400;\">If you are not satisfied with each of these terms and conditions, please refrain from using the website.<\/span><\/p>\n<p><span style=\"font-weight: 400;\">Access to the website in no way implies the beginning of a commercial relationship with the owner.<\/span><\/p>\n<p><span style=\"font-weight: 400;\">Through the website, the owner facilitates the access and use of various contents that the owner and\/or his collaborators have published through the Internet.<\/span><\/p>\n<p><span style=\"font-weight: 400;\">To this end, you are obliged and committed to NOT use any of the contents of the website for illegal purposes or effects, prohibited in this Legal notice or by current legislation, harmful to the rights and interests of third parties, or that in any way may damage, disable, overload, deteriorate or prevent the normal use of content, computer equipment or documents, files and all kinds of content stored in any computer equipment owned or contracted by the owner, other users or any Internet user.<\/span><\/p>\n<h2><\/h2>\n<h2><span style=\"font-weight: 400;\">Age of majority<\/span><\/h2>\n<p><span style=\"font-weight: 400;\">You must be at least 18 years old to use the services offered by the holder or the age of majority required by your country to register on the website or use it. If you reside in a country outside the European Union, you must be at least 13 years old to use the website or the age of majority required for your country to register on the website or use it.<\/span><\/p>\n<p><span style=\"font-weight: 400;\">In addition to the minimum age required to use the website under applicable law, if you are not old enough to be able to conditions in your country, your father, mother or guardian must accept the conditions on your behalf.<\/span><\/p>\n<h2><\/h2>\n<h2><span style=\"font-weight: 400;\">Security measures<\/span><\/h2>\n<p><span style=\"font-weight: 400;\">The personal data you provide to the holder may be stored in automated databases or not, whose ownership is exclusively the owner, who assumes all technical, organizational and security measures that guarantee confidentiality, integrity and quality of the information contained therein in accordance with the provisions of current data protection regulations.<\/span><\/p>\n<p><span style=\"font-weight: 400;\">However, it should be aware that the security measures of computer systems on the Internet are not entirely reliable and that the operator cannot therefore guarantee the absence of viruses or other elements which may cause alterations to computer systems (software and hardware) of the user or in his electronic documents and files contained therein although the owner puts all the necessary means and takes the appropriate security measures to avoid the presence of these harmful elements.<\/span><\/p>\n<h2><\/h2>\n<h2><span style=\"font-weight: 400;\">Processing of personal data<\/span><\/h2>\n<p><span style=\"font-weight: 400;\">You can consult all the information regarding the processing of personal data collected by the owner on the Privacy policy page.<\/span><\/p>\n<h2><\/h2>\n<h2><span style=\"font-weight: 400;\">Contents<\/span><\/h2>\n<p><span style=\"font-weight: 400;\">The incumbent has obtained the information, multimedia content and materials contained on the website from sources it considers reliable, but, while taking all reasonable steps to ensure that the information contained is correct, the holder does not guarantee that it is accurate, complete or up-to-date. The owner expressly declines any responsibility for error or omission in the information contained in the pages of the website.<\/span><\/p>\n<p><span style=\"font-weight: 400;\">It is forbidden to transmit or send through the website any illegal or illegal content, computer viruses, or messages that, in general, affect or violate the rights of the owner or third parties.<\/span><\/p>\n<p><span style=\"font-weight: 400;\">The contents of the website have only an informative purpose and under no circumstances should be used or considered as a sale offer, request for a purchase offer or recommendation to perform any other operation, unless expressly stated.<\/span><\/p>\n<p><span style=\"font-weight: 400;\">The owner reserves the right to modify, suspend, cancel or restrict the content of the website, links or information obtained through the website, without prior notice.<\/span><\/p>\n<p><span style=\"font-weight: 400;\">The owner is not responsible for any damages that may arise from the use of the information on the website.<\/span><\/p>\n<h2><\/h2>\n<h2><span style=\"font-weight: 400;\">Cookie policy<\/span><\/h2>\n<p><span style=\"font-weight: 400;\">You can consult all the information related to the policy of collection and treatment of cookies on the Cookie policy page.<\/span><\/p>\n<h2><\/h2>\n<h2><span style=\"font-weight: 400;\">Links to other websites<\/span><\/h2>\n<p><span style=\"font-weight: 400;\">The owner may provide access to third-party websites through links for the exclusive purpose of informing about the existence of other sources of information on the Internet in which he may expand the data offered on the website.<\/span><\/p>\n<p><span style=\"font-weight: 400;\">These links to other websites do not in any way imply a suggestion or recommendation for you to visit the target websites, which are outside the control of the owner, so the owner is not responsible for the content of the linked websites or the result obtained by following the links. Likewise, the owner is not responsible for the links located on the linked websites to which it provides access.<\/span><\/p>\n<p><span style=\"font-weight: 400;\">The establishment of the link does not imply in any case the existence of relations between the owner and the owner of the site in which the link is established, nor the acceptance or approval by the owner of its contents or services.<\/span><\/p>\n<p><span style=\"font-weight: 400;\">If you access an external website from a link you find on the website you should read the other website\u2019s own privacy policy which may be different from that of this website.<\/span><\/p>\n<h2><\/h2>\n<h2><span style=\"font-weight: 400;\">Intellectual and industrial property<\/span><\/h2>\n<p><span style=\"font-weight: 400;\">All rights are reserved.<\/span><\/p>\n<p><span style=\"font-weight: 400;\">All access to this website is subject to the following conditions: the reproduction, permanent storage and dissemination of the contents or any other use that has public or commercial purpose is expressly prohibited without the express prior written consent of the owner.<\/span><\/p>\n<h2><\/h2>\n<h2><span style=\"font-weight: 400;\">Limitation of responsibility<\/span><\/h2>\n<p><span style=\"font-weight: 400;\">Information and services included or available through the website may include misstatements or typos. Periodically, the owner incorporates improvements and\/or changes to the information contained and\/or services that may be introduced at any time.<\/span><\/p>\n<p><span style=\"font-weight: 400;\">The owner neither declares nor guarantees that the services or contents are interrupted or that they are free of errors, that the defects are corrected, or that the service or server making it available is free from viruses or other harmful components without prejudice to the operator making every effort to prevent such incidents.<\/span><\/p>\n<p><span style=\"font-weight: 400;\">The owner declines any responsibility in case there are interruptions or a malfunction of the services or contents offered on the Internet, whatever the cause. Likewise, the holder is not responsible for network failures, business losses as a result of such falls, temporary suspensions of electric power or any other type of indirect damage that may be caused by causes outside the holder.<\/span><\/p>\n<p><span style=\"font-weight: 400;\">Before taking decisions and\/or actions based on the information included on the website, the owner recommends that you check and contrast the information received with other sources.<\/span><\/p>\n<h2>\n<p><span style=\"font-weight: 400;\">Right of exclusion<\/span><\/h2>\n<p><span style=\"font-weight: 400;\">The owner reserves the right to refuse or withdraw access to the website and the services offered without notice, at his or her request or by a third party, to those users who violate any of the conditions of this Legal notice.<\/span><\/p>\n<h2><\/h2>\n<h2><span style=\"font-weight: 400;\">Jurisdiction<\/span><\/h2>\n<p><span style=\"font-weight: 400;\">This Legal notice is governed entirely by Spanish law.<\/span><\/p>\n<h2><\/h2>\n<h2><span style=\"font-weight: 400;\">Contacting<\/span><\/h2>\n<p><span style=\"font-weight: 400;\">In case you have any questions about this Legal notice or want to comment on the website, you can send an email to: info@jarchaespanol.com<\/span><\/p>\n<h2><\/h2>\n<p>[\/vc_column_text][\/vc_column][\/vc_row]<\/p>\n","protected":false},"excerpt":{"rendered":"<p>[vc_row][vc_column][vc_column_text] Identification and ownership In compliance with article 10 of Law 34\/2002, of 11 July, on Information Society Services and Electronic Commerce, the holder exposes his identification data Headline:\u00a0 Ana Mar\u00eda Ghersi Fenor NIF: 36072465R Address:\u00a0 Vigo, Pontevedra &#8211; Spain E-mail: info@jarchaespanol.com Website:\u00a0 https:\/\/jarchaespanol.com Purpose The purpose of the website is: online platform specialized in [&hellip;]<\/p>\n","protected":false},"author":1,"featured_media":0,"parent":0,"menu_order":0,"comment_status":"closed","ping_status":"closed","template":"","meta":{"inline_featured_image":false,"_joinchat":[],"footnotes":""},"class_list":["post-5734","page","type-page","status-publish","hentry"],"yoast_head":"<!-- This site is optimized with the Yoast SEO plugin v26.8 - https:\/\/yoast.com\/product\/yoast-seo-wordpress\/ -->\n<title>Legal notice - Jarcha Espa\u00f1ol<\/title>\n<meta name=\"description\" content=\"Jarcha Espa\u00f1ol - Legal notice - Espa\u00f1ol como Lengua Extranjera. Clases de espa\u00f1ol online. Clases online para estudiantes de educaci\u00f3n primaria, educaci\u00f3n secundaria, educaci\u00f3n secundaria para adultos, ciclos, bachillerato, bachillerato para adultos y universidad.\" \/>\n<meta name=\"robots\" content=\"index, follow, max-snippet:-1, max-image-preview:large, max-video-preview:-1\" \/>\n<link rel=\"canonical\" href=\"https:\/\/jarchaespanol.com\/en\/legal-notice\/\" \/>\n<meta property=\"og:locale\" content=\"en_US\" \/>\n<meta property=\"og:type\" content=\"article\" \/>\n<meta property=\"og:title\" content=\"Legal notice - Jarcha Espa\u00f1ol\" \/>\n<meta property=\"og:description\" content=\"Jarcha Espa\u00f1ol - Legal notice - Espa\u00f1ol como Lengua Extranjera. Clases de espa\u00f1ol online. Clases online para estudiantes de educaci\u00f3n primaria, educaci\u00f3n secundaria, educaci\u00f3n secundaria para adultos, ciclos, bachillerato, bachillerato para adultos y universidad.\" \/>\n<meta property=\"og:url\" content=\"https:\/\/jarchaespanol.com\/aviso-legal\/\" \/>\n<meta property=\"og:site_name\" content=\"Jarcha Espa\u00f1ol\" \/>\n<meta property=\"article:modified_time\" content=\"2022-06-29T09:20:58+00:00\" \/>\n<meta name=\"twitter:card\" content=\"summary_large_image\" \/>\n<script type=\"application\/ld+json\" class=\"yoast-schema-graph\">{\"@context\":\"https:\/\/schema.org\",\"@graph\":[{\"@type\":\"WebPage\",\"@id\":\"https:\/\/jarchaespanol.com\/aviso-legal\/\",\"url\":\"https:\/\/jarchaespanol.com\/aviso-legal\/\",\"name\":\"Legal notice - Jarcha Espa\u00f1ol\",\"isPartOf\":{\"@id\":\"https:\/\/jarchaespanol.com\/#website\"},\"datePublished\":\"2022-03-24T14:46:57+00:00\",\"dateModified\":\"2022-06-29T09:20:58+00:00\",\"description\":\"Jarcha Espa\u00f1ol - Legal notice - Espa\u00f1ol como Lengua Extranjera. Clases de espa\u00f1ol online. Clases online para estudiantes de educaci\u00f3n primaria, educaci\u00f3n secundaria, educaci\u00f3n secundaria para adultos, ciclos, bachillerato, bachillerato para adultos y universidad.\",\"breadcrumb\":{\"@id\":\"https:\/\/jarchaespanol.com\/aviso-legal\/#breadcrumb\"},\"inLanguage\":\"en-US\",\"potentialAction\":[{\"@type\":\"ReadAction\",\"target\":[\"https:\/\/jarchaespanol.com\/aviso-legal\/\"]}]},{\"@type\":\"BreadcrumbList\",\"@id\":\"https:\/\/jarchaespanol.com\/aviso-legal\/#breadcrumb\",\"itemListElement\":[{\"@type\":\"ListItem\",\"position\":1,\"name\":\"Home\",\"item\":\"https:\/\/jarchaespanol.com\/\"},{\"@type\":\"ListItem\",\"position\":2,\"name\":\"Legal notice\"}]},{\"@type\":\"WebSite\",\"@id\":\"https:\/\/jarchaespanol.com\/#website\",\"url\":\"https:\/\/jarchaespanol.com\/\",\"name\":\"Jarcha Espa\u00f1ol\",\"description\":\"Plataforma en l\u00ednea especializada en la comunicaci\u00f3n y en la formaci\u00f3n en espa\u00f1ol. Aprende espa\u00f1ol online.\",\"publisher\":{\"@id\":\"https:\/\/jarchaespanol.com\/#organization\"},\"potentialAction\":[{\"@type\":\"SearchAction\",\"target\":{\"@type\":\"EntryPoint\",\"urlTemplate\":\"https:\/\/jarchaespanol.com\/?s={search_term_string}\"},\"query-input\":{\"@type\":\"PropertyValueSpecification\",\"valueRequired\":true,\"valueName\":\"search_term_string\"}}],\"inLanguage\":\"en-US\"},{\"@type\":\"Organization\",\"@id\":\"https:\/\/jarchaespanol.com\/#organization\",\"name\":\"Jarcha Espa\u00f1ol\",\"url\":\"https:\/\/jarchaespanol.com\/\",\"logo\":{\"@type\":\"ImageObject\",\"inLanguage\":\"en-US\",\"@id\":\"https:\/\/jarchaespanol.com\/#\/schema\/logo\/image\/\",\"url\":\"https:\/\/jarchaespanol.com\/wp-content\/uploads\/2022\/03\/logo-factura-2.png\",\"contentUrl\":\"https:\/\/jarchaespanol.com\/wp-content\/uploads\/2022\/03\/logo-factura-2.png\",\"width\":474,\"height\":177,\"caption\":\"Jarcha Espa\u00f1ol\"},\"image\":{\"@id\":\"https:\/\/jarchaespanol.com\/#\/schema\/logo\/image\/\"}}]}<\/script>\n<!-- \/ Yoast SEO plugin. -->","yoast_head_json":{"title":"Legal notice - Jarcha Espa\u00f1ol","description":"Jarcha Espa\u00f1ol - Legal notice - Espa\u00f1ol como Lengua Extranjera. Clases de espa\u00f1ol online. Clases online para estudiantes de educaci\u00f3n primaria, educaci\u00f3n secundaria, educaci\u00f3n secundaria para adultos, ciclos, bachillerato, bachillerato para adultos y universidad.","robots":{"index":"index","follow":"follow","max-snippet":"max-snippet:-1","max-image-preview":"max-image-preview:large","max-video-preview":"max-video-preview:-1"},"canonical":"https:\/\/jarchaespanol.com\/en\/legal-notice\/","og_locale":"en_US","og_type":"article","og_title":"Legal notice - Jarcha Espa\u00f1ol","og_description":"Jarcha Espa\u00f1ol - Legal notice - Espa\u00f1ol como Lengua Extranjera. Clases de espa\u00f1ol online. Clases online para estudiantes de educaci\u00f3n primaria, educaci\u00f3n secundaria, educaci\u00f3n secundaria para adultos, ciclos, bachillerato, bachillerato para adultos y universidad.","og_url":"https:\/\/jarchaespanol.com\/aviso-legal\/","og_site_name":"Jarcha Espa\u00f1ol","article_modified_time":"2022-06-29T09:20:58+00:00","twitter_card":"summary_large_image","schema":{"@context":"https:\/\/schema.org","@graph":[{"@type":"WebPage","@id":"https:\/\/jarchaespanol.com\/aviso-legal\/","url":"https:\/\/jarchaespanol.com\/aviso-legal\/","name":"Legal notice - Jarcha Espa\u00f1ol","isPartOf":{"@id":"https:\/\/jarchaespanol.com\/#website"},"datePublished":"2022-03-24T14:46:57+00:00","dateModified":"2022-06-29T09:20:58+00:00","description":"Jarcha Espa\u00f1ol - Legal notice - Espa\u00f1ol como Lengua Extranjera. Clases de espa\u00f1ol online. Clases online para estudiantes de educaci\u00f3n primaria, educaci\u00f3n secundaria, educaci\u00f3n secundaria para adultos, ciclos, bachillerato, bachillerato para adultos y universidad.","breadcrumb":{"@id":"https:\/\/jarchaespanol.com\/aviso-legal\/#breadcrumb"},"inLanguage":"en-US","potentialAction":[{"@type":"ReadAction","target":["https:\/\/jarchaespanol.com\/aviso-legal\/"]}]},{"@type":"BreadcrumbList","@id":"https:\/\/jarchaespanol.com\/aviso-legal\/#breadcrumb","itemListElement":[{"@type":"ListItem","position":1,"name":"Home","item":"https:\/\/jarchaespanol.com\/"},{"@type":"ListItem","position":2,"name":"Legal notice"}]},{"@type":"WebSite","@id":"https:\/\/jarchaespanol.com\/#website","url":"https:\/\/jarchaespanol.com\/","name":"Jarcha Espa\u00f1ol","description":"Plataforma en l\u00ednea especializada en la comunicaci\u00f3n y en la formaci\u00f3n en espa\u00f1ol. Aprende espa\u00f1ol online.","publisher":{"@id":"https:\/\/jarchaespanol.com\/#organization"},"potentialAction":[{"@type":"SearchAction","target":{"@type":"EntryPoint","urlTemplate":"https:\/\/jarchaespanol.com\/?s={search_term_string}"},"query-input":{"@type":"PropertyValueSpecification","valueRequired":true,"valueName":"search_term_string"}}],"inLanguage":"en-US"},{"@type":"Organization","@id":"https:\/\/jarchaespanol.com\/#organization","name":"Jarcha Espa\u00f1ol","url":"https:\/\/jarchaespanol.com\/","logo":{"@type":"ImageObject","inLanguage":"en-US","@id":"https:\/\/jarchaespanol.com\/#\/schema\/logo\/image\/","url":"https:\/\/jarchaespanol.com\/wp-content\/uploads\/2022\/03\/logo-factura-2.png","contentUrl":"https:\/\/jarchaespanol.com\/wp-content\/uploads\/2022\/03\/logo-factura-2.png","width":474,"height":177,"caption":"Jarcha Espa\u00f1ol"},"image":{"@id":"https:\/\/jarchaespanol.com\/#\/schema\/logo\/image\/"}}]}},"_links":{"self":[{"href":"https:\/\/jarchaespanol.com\/en\/wp-json\/wp\/v2\/pages\/5734","targetHints":{"allow":["GET"]}}],"collection":[{"href":"https:\/\/jarchaespanol.com\/en\/wp-json\/wp\/v2\/pages"}],"about":[{"href":"https:\/\/jarchaespanol.com\/en\/wp-json\/wp\/v2\/types\/page"}],"author":[{"embeddable":true,"href":"https:\/\/jarchaespanol.com\/en\/wp-json\/wp\/v2\/users\/1"}],"replies":[{"embeddable":true,"href":"https:\/\/jarchaespanol.com\/en\/wp-json\/wp\/v2\/comments?post=5734"}],"version-history":[{"count":0,"href":"https:\/\/jarchaespanol.com\/en\/wp-json\/wp\/v2\/pages\/5734\/revisions"}],"wp:attachment":[{"href":"https:\/\/jarchaespanol.com\/en\/wp-json\/wp\/v2\/media?parent=5734"}],"curies":[{"name":"wp","href":"https:\/\/api.w.org\/{rel}","templated":true}]}}