{"id":5746,"date":"2022-03-24T15:46:57","date_gmt":"2022-03-24T14:46:57","guid":{"rendered":"https:\/\/jarchaespanol.es\/cookie-policy\/"},"modified":"2023-06-27T14:20:50","modified_gmt":"2023-06-27T12:20:50","slug":"cookie-policy","status":"publish","type":"page","link":"https:\/\/jarchaespanol.com\/en\/cookie-policy\/","title":{"rendered":"Cookie policy"},"content":{"rendered":"<p>[vc_row][vc_column][vc_column_text]<\/p>\n<h2><span style=\"font-weight: 400;\">Cookie policy<\/span><\/h2>\n<p><span style=\"font-weight: 400;\">In compliance with Article 22 of Law 34\/2002 of 11 July on Information Society Services and Electronic Commerce (LSSI), in relation to Regulation (EU) 2016\/679 of the European Parliament and of the Council of 27 April 2016, General Data Protection Act (GDPR) and Organic Law 3\/2018, of December 5, Data Protection and Digital Rights Guarantee (LOPDGDD), the owner makes available to users the Policy of collection and processing of cookies on the website.<\/span><\/p>\n<p>&nbsp;<\/p>\n<h2><span style=\"font-weight: 400;\">What are the cookies<\/span><\/h2>\n<p><span style=\"font-weight: 400;\">A cookie is a file that is downloaded to your computer when you enter certain websites. Cookies allow a website, among other things, to store and retrieve information about your browsing habits and depending on the information they contain and how you use your equipment can be used to identify you.<\/span><\/p>\n<p>&nbsp;<\/p>\n<h2><span style=\"font-weight: 400;\">Cookies used on the website<\/span><\/h2>\n<p><span style=\"font-weight: 400;\">The cookies used by the https:\/\/jarchaespanol.com website are classified below:<\/span><\/p>\n<p><b>According to the entity managing them<\/b><\/p>\n<ul>\n<li style=\"font-weight: 400;\" aria-level=\"1\"><span style=\"font-weight: 400;\">Own cookies: those sent and managed directly by the owner<\/span><\/li>\n<li style=\"font-weight: 400;\" aria-level=\"1\"><span style=\"font-weight: 400;\">Third-party cookies: those that are sent to the user from a domain outside the owner<\/span><\/li>\n<\/ul>\n<p><b>According to their purpose<\/b><\/p>\n<ul>\n<li style=\"font-weight: 400;\" aria-level=\"1\"><span style=\"font-weight: 400;\">Technical cookies: these are those that allow registered users to navigate through the website, the restricted area and use its different functions, such as the comment system or the search engine.<\/span><\/li>\n<li style=\"font-weight: 400;\" aria-level=\"1\"><span style=\"font-weight: 400;\">Personalization cookies: these are those that allow users to access the service with some general characteristics predefined based on a number of criteria set by the user such as, for example, the language or type of browser through which you connect to this website.<\/span><\/li>\n<li style=\"font-weight: 400;\" aria-level=\"1\"><span style=\"font-weight: 400;\">Analysis or measurement cookies: they are those that, well treated by the website or by third parties, allow quantifying the number of users and thus perform the measurement and statistical analysis of the use made by users of the website. To this end, we analyze the navigation they make on this website, in order to improve it.<\/span><\/li>\n<\/ul>\n<p><b>According to their duration<\/b><\/p>\n<ul>\n<li style=\"font-weight: 400;\" aria-level=\"1\"><span style=\"font-weight: 400;\">Session cookies: those designed to collect and store data while the user accesses the website.<\/span><\/li>\n<li style=\"font-weight: 400;\" aria-level=\"1\"><span style=\"font-weight: 400;\">Persistent cookies: these are those in which the data are still stored on the user\u2019s terminal and can be accessed and processed during a period defined by the person responsible for the cookie.<\/span><\/li>\n<\/ul>\n<p>&nbsp;<\/p>\n<h2><span style=\"font-weight: 400;\">List of cookies used<\/span><\/h2>\n<p><span style=\"font-weight: 400;\">This website may install the following cookies:<\/span><\/p>\n<p><b>Technical cookies<\/b><\/p>\n<ul>\n<li style=\"font-weight: 400;\" aria-level=\"1\"><b>wp-settings-{user_id}:<\/b><span style=\"font-weight: 400;\"> Technical cookie used to keep the User\u2019s settings on the WordPress desktop (\/wp-admin). It is persistent and lasts for 1 year.<\/span><\/li>\n<li style=\"font-weight: 400;\" aria-level=\"1\"><b>hasConsent:<\/b><span style=\"font-weight: 400;\"> technical cookie that stores the user\u2019s consent. It is persistent and lasts 1 year.<\/span><\/li>\n<\/ul>\n<p><b>Cookies for analysis or measurement<\/b><\/p>\n<ul>\n<li style=\"font-weight: 400;\" aria-level=\"1\"><b>_ga:<\/b><span style=\"font-weight: 400;\"> analytical cookie that enables the unique visit control function. It is persistent and lasts for 2 years.<\/span><\/li>\n<li style=\"font-weight: 400;\" aria-level=\"1\"><b>_gat<\/b><span style=\"font-weight: 400;\">: analytical cookie to limit the number of requests. Its scope is the session and lasts 1 minute.<\/span><\/li>\n<li style=\"font-weight: 400;\" aria-level=\"1\"><b>_gid<\/b><span style=\"font-weight: 400;\">: analytical cookie to distinguish users. Its scope is the session and lasts 24 hours.<\/span><\/li>\n<\/ul>\n<p><span style=\"font-weight: 400;\">Additional information<\/span><\/p>\n<ul>\n<li style=\"font-weight: 400;\" aria-level=\"1\"><span style=\"font-weight: 400;\">Google Analytics may install other cookies according to the document Use of Google Analytics cookies on websites that you can consult on this link.<\/span><\/li>\n<\/ul>\n<p>&nbsp;<\/p>\n<h2><span style=\"font-weight: 400;\">Acceptance or rejection of the installation of cookies<\/span><\/h2>\n<p><span style=\"font-weight: 400;\">The owner displays information about their Cookie policy on the cookie banner accessible on all pages of the website. The cookie banner displays essential information about the data processing and allows the user to perform the following actions:<\/span><\/p>\n<ul>\n<li style=\"font-weight: 400;\" aria-level=\"1\"><span style=\"font-weight: 400;\">Accept or reject the installation of cookies, or withdraw the previously granted consent.<\/span><\/li>\n<li style=\"font-weight: 400;\" aria-level=\"1\"><span style=\"font-weight: 400;\">Get additional information on the Cookie policy page.<\/span><\/li>\n<\/ul>\n<p>&nbsp;<\/p>\n<h2><span style=\"font-weight: 400;\">Cookie deletion<\/span><\/h2>\n<p><span style=\"font-weight: 400;\">You can accept, block or delete the cookies installed on your computer by configuring your browser options, but please note that part of the site will not work properly or that some of its functionalities will not be available or will have errors.<\/span><\/p>\n<p><span style=\"font-weight: 400;\">In the following links you will find instructions to enable or disable cookies in the most common browsers<\/span><\/p>\n<ul>\n<li style=\"font-weight: 400;\" aria-level=\"1\"><a href=\"http:\/\/support.mozilla.org\/es\/kb\/habilitar-y-deshabilitar-cookies-que-los-sitios-we\"><span style=\"font-weight: 400;\">Firefox<\/span><\/a><\/li>\n<li style=\"font-weight: 400;\" aria-level=\"1\"><a href=\"https:\/\/support.google.com\/chrome\/answer\/95647?hl=es\"><span style=\"font-weight: 400;\">Google Chrome<\/span><\/a><\/li>\n<li style=\"font-weight: 400;\" aria-level=\"1\"><a href=\"https:\/\/support.microsoft.com\/es-es\/help\/17442\/windows-internet-explorer-delete-manage-cookies#ie=%22ie-10\"><span style=\"font-weight: 400;\">Internet Explorer<\/span><\/a><\/li>\n<li style=\"font-weight: 400;\" aria-level=\"1\"><a href=\"https:\/\/support.microsoft.com\/es-es\/help\/4468242\/microsoft-edge-browsing-data-and-privacy\"><span style=\"font-weight: 400;\">Microsoft Edge<\/span><\/a><\/li>\n<li style=\"font-weight: 400;\" aria-level=\"1\"><a href=\"http:\/\/support.apple.com\/kb\/HT1677?viewlocale=es_ES\"><span style=\"font-weight: 400;\">Safari<\/span><\/a><\/li>\n<\/ul>\n<p>&nbsp;<\/p>\n<h2><span style=\"font-weight: 400;\">Processing of personal data<\/span><\/h2>\n<p><span style=\"font-weight: 400;\">The owner is responsible for the processing of the user\u2019s personal data. You can consult all the information regarding the processing of personal data collected by the owner on the Privacy Policy page.<\/span><\/p>\n<p>&nbsp;<\/p>\n<h2><\/h2>\n<h2><span style=\"font-weight: 400;\">Contacting<\/span><\/h2>\n<p><span style=\"font-weight: 400;\">In case you have any questions about this Cookie policy or want to comment on this website, you can send a message to the email address: info@jarchaespanol.com<\/span>[\/vc_column_text][\/vc_column][\/vc_row]<\/p>\n","protected":false},"excerpt":{"rendered":"<p>[vc_row][vc_column][vc_column_text] Cookie policy In compliance with Article 22 of Law 34\/2002 of 11 July on Information Society Services and Electronic Commerce (LSSI), in relation to Regulation (EU) 2016\/679 of the European Parliament and of the Council of 27 April 2016, General Data Protection Act (GDPR) and Organic Law 3\/2018, of December 5, Data Protection and [&hellip;]<\/p>\n","protected":false},"author":1,"featured_media":0,"parent":0,"menu_order":0,"comment_status":"closed","ping_status":"closed","template":"","meta":{"inline_featured_image":false,"_joinchat":[],"footnotes":""},"class_list":["post-5746","page","type-page","status-publish","hentry"],"yoast_head":"<!-- This site is optimized with the Yoast SEO plugin v26.8 - https:\/\/yoast.com\/product\/yoast-seo-wordpress\/ -->\n<title>Cookie policy - Jarcha Espa\u00f1ol<\/title>\n<meta name=\"description\" content=\"Jarcha Espa\u00f1ol - Cookie policy - Espa\u00f1ol como Lengua Extranjera. Clases de espa\u00f1ol online. Clases online para estudiantes de educaci\u00f3n primaria, educaci\u00f3n secundaria, educaci\u00f3n secundaria para adultos, ciclos, bachillerato, bachillerato para adultos y universidad.\" \/>\n<meta name=\"robots\" content=\"index, follow, max-snippet:-1, max-image-preview:large, max-video-preview:-1\" \/>\n<link rel=\"canonical\" href=\"https:\/\/jarchaespanol.com\/en\/cookie-policy\/\" \/>\n<meta property=\"og:locale\" content=\"en_US\" \/>\n<meta property=\"og:type\" content=\"article\" \/>\n<meta property=\"og:title\" content=\"Cookie policy - Jarcha Espa\u00f1ol\" \/>\n<meta property=\"og:description\" content=\"Jarcha Espa\u00f1ol - Cookie policy - Espa\u00f1ol como Lengua Extranjera. Clases de espa\u00f1ol online. Clases online para estudiantes de educaci\u00f3n primaria, educaci\u00f3n secundaria, educaci\u00f3n secundaria para adultos, ciclos, bachillerato, bachillerato para adultos y universidad.\" \/>\n<meta property=\"og:url\" content=\"https:\/\/jarchaespanol.com\/politica-de-cookies\/\" \/>\n<meta property=\"og:site_name\" content=\"Jarcha Espa\u00f1ol\" \/>\n<meta property=\"article:modified_time\" content=\"2023-06-27T12:20:50+00:00\" \/>\n<meta name=\"twitter:card\" content=\"summary_large_image\" \/>\n<script type=\"application\/ld+json\" class=\"yoast-schema-graph\">{\"@context\":\"https:\/\/schema.org\",\"@graph\":[{\"@type\":\"WebPage\",\"@id\":\"https:\/\/jarchaespanol.com\/politica-de-cookies\/\",\"url\":\"https:\/\/jarchaespanol.com\/politica-de-cookies\/\",\"name\":\"Cookie policy - Jarcha Espa\u00f1ol\",\"isPartOf\":{\"@id\":\"https:\/\/jarchaespanol.com\/#website\"},\"datePublished\":\"2022-03-24T14:46:57+00:00\",\"dateModified\":\"2023-06-27T12:20:50+00:00\",\"description\":\"Jarcha Espa\u00f1ol - Cookie policy - Espa\u00f1ol como Lengua Extranjera. Clases de espa\u00f1ol online. Clases online para estudiantes de educaci\u00f3n primaria, educaci\u00f3n secundaria, educaci\u00f3n secundaria para adultos, ciclos, bachillerato, bachillerato para adultos y universidad.\",\"breadcrumb\":{\"@id\":\"https:\/\/jarchaespanol.com\/politica-de-cookies\/#breadcrumb\"},\"inLanguage\":\"en-US\",\"potentialAction\":[{\"@type\":\"ReadAction\",\"target\":[\"https:\/\/jarchaespanol.com\/politica-de-cookies\/\"]}]},{\"@type\":\"BreadcrumbList\",\"@id\":\"https:\/\/jarchaespanol.com\/politica-de-cookies\/#breadcrumb\",\"itemListElement\":[{\"@type\":\"ListItem\",\"position\":1,\"name\":\"Home\",\"item\":\"https:\/\/jarchaespanol.com\/\"},{\"@type\":\"ListItem\",\"position\":2,\"name\":\"Cookie policy\"}]},{\"@type\":\"WebSite\",\"@id\":\"https:\/\/jarchaespanol.com\/#website\",\"url\":\"https:\/\/jarchaespanol.com\/\",\"name\":\"Jarcha Espa\u00f1ol\",\"description\":\"Plataforma en l\u00ednea especializada en la comunicaci\u00f3n y en la formaci\u00f3n en espa\u00f1ol. Aprende espa\u00f1ol online.\",\"publisher\":{\"@id\":\"https:\/\/jarchaespanol.com\/#organization\"},\"potentialAction\":[{\"@type\":\"SearchAction\",\"target\":{\"@type\":\"EntryPoint\",\"urlTemplate\":\"https:\/\/jarchaespanol.com\/?s={search_term_string}\"},\"query-input\":{\"@type\":\"PropertyValueSpecification\",\"valueRequired\":true,\"valueName\":\"search_term_string\"}}],\"inLanguage\":\"en-US\"},{\"@type\":\"Organization\",\"@id\":\"https:\/\/jarchaespanol.com\/#organization\",\"name\":\"Jarcha Espa\u00f1ol\",\"url\":\"https:\/\/jarchaespanol.com\/\",\"logo\":{\"@type\":\"ImageObject\",\"inLanguage\":\"en-US\",\"@id\":\"https:\/\/jarchaespanol.com\/#\/schema\/logo\/image\/\",\"url\":\"https:\/\/jarchaespanol.com\/wp-content\/uploads\/2022\/03\/logo-factura-2.png\",\"contentUrl\":\"https:\/\/jarchaespanol.com\/wp-content\/uploads\/2022\/03\/logo-factura-2.png\",\"width\":474,\"height\":177,\"caption\":\"Jarcha Espa\u00f1ol\"},\"image\":{\"@id\":\"https:\/\/jarchaespanol.com\/#\/schema\/logo\/image\/\"}}]}<\/script>\n<!-- \/ Yoast SEO plugin. -->","yoast_head_json":{"title":"Cookie policy - Jarcha Espa\u00f1ol","description":"Jarcha Espa\u00f1ol - Cookie policy - Espa\u00f1ol como Lengua Extranjera. Clases de espa\u00f1ol online. Clases online para estudiantes de educaci\u00f3n primaria, educaci\u00f3n secundaria, educaci\u00f3n secundaria para adultos, ciclos, bachillerato, bachillerato para adultos y universidad.","robots":{"index":"index","follow":"follow","max-snippet":"max-snippet:-1","max-image-preview":"max-image-preview:large","max-video-preview":"max-video-preview:-1"},"canonical":"https:\/\/jarchaespanol.com\/en\/cookie-policy\/","og_locale":"en_US","og_type":"article","og_title":"Cookie policy - Jarcha Espa\u00f1ol","og_description":"Jarcha Espa\u00f1ol - Cookie policy - Espa\u00f1ol como Lengua Extranjera. Clases de espa\u00f1ol online. Clases online para estudiantes de educaci\u00f3n primaria, educaci\u00f3n secundaria, educaci\u00f3n secundaria para adultos, ciclos, bachillerato, bachillerato para adultos y universidad.","og_url":"https:\/\/jarchaespanol.com\/politica-de-cookies\/","og_site_name":"Jarcha Espa\u00f1ol","article_modified_time":"2023-06-27T12:20:50+00:00","twitter_card":"summary_large_image","schema":{"@context":"https:\/\/schema.org","@graph":[{"@type":"WebPage","@id":"https:\/\/jarchaespanol.com\/politica-de-cookies\/","url":"https:\/\/jarchaespanol.com\/politica-de-cookies\/","name":"Cookie policy - Jarcha Espa\u00f1ol","isPartOf":{"@id":"https:\/\/jarchaespanol.com\/#website"},"datePublished":"2022-03-24T14:46:57+00:00","dateModified":"2023-06-27T12:20:50+00:00","description":"Jarcha Espa\u00f1ol - Cookie policy - Espa\u00f1ol como Lengua Extranjera. Clases de espa\u00f1ol online. Clases online para estudiantes de educaci\u00f3n primaria, educaci\u00f3n secundaria, educaci\u00f3n secundaria para adultos, ciclos, bachillerato, bachillerato para adultos y universidad.","breadcrumb":{"@id":"https:\/\/jarchaespanol.com\/politica-de-cookies\/#breadcrumb"},"inLanguage":"en-US","potentialAction":[{"@type":"ReadAction","target":["https:\/\/jarchaespanol.com\/politica-de-cookies\/"]}]},{"@type":"BreadcrumbList","@id":"https:\/\/jarchaespanol.com\/politica-de-cookies\/#breadcrumb","itemListElement":[{"@type":"ListItem","position":1,"name":"Home","item":"https:\/\/jarchaespanol.com\/"},{"@type":"ListItem","position":2,"name":"Cookie policy"}]},{"@type":"WebSite","@id":"https:\/\/jarchaespanol.com\/#website","url":"https:\/\/jarchaespanol.com\/","name":"Jarcha Espa\u00f1ol","description":"Plataforma en l\u00ednea especializada en la comunicaci\u00f3n y en la formaci\u00f3n en espa\u00f1ol. Aprende espa\u00f1ol online.","publisher":{"@id":"https:\/\/jarchaespanol.com\/#organization"},"potentialAction":[{"@type":"SearchAction","target":{"@type":"EntryPoint","urlTemplate":"https:\/\/jarchaespanol.com\/?s={search_term_string}"},"query-input":{"@type":"PropertyValueSpecification","valueRequired":true,"valueName":"search_term_string"}}],"inLanguage":"en-US"},{"@type":"Organization","@id":"https:\/\/jarchaespanol.com\/#organization","name":"Jarcha Espa\u00f1ol","url":"https:\/\/jarchaespanol.com\/","logo":{"@type":"ImageObject","inLanguage":"en-US","@id":"https:\/\/jarchaespanol.com\/#\/schema\/logo\/image\/","url":"https:\/\/jarchaespanol.com\/wp-content\/uploads\/2022\/03\/logo-factura-2.png","contentUrl":"https:\/\/jarchaespanol.com\/wp-content\/uploads\/2022\/03\/logo-factura-2.png","width":474,"height":177,"caption":"Jarcha Espa\u00f1ol"},"image":{"@id":"https:\/\/jarchaespanol.com\/#\/schema\/logo\/image\/"}}]}},"_links":{"self":[{"href":"https:\/\/jarchaespanol.com\/en\/wp-json\/wp\/v2\/pages\/5746","targetHints":{"allow":["GET"]}}],"collection":[{"href":"https:\/\/jarchaespanol.com\/en\/wp-json\/wp\/v2\/pages"}],"about":[{"href":"https:\/\/jarchaespanol.com\/en\/wp-json\/wp\/v2\/types\/page"}],"author":[{"embeddable":true,"href":"https:\/\/jarchaespanol.com\/en\/wp-json\/wp\/v2\/users\/1"}],"replies":[{"embeddable":true,"href":"https:\/\/jarchaespanol.com\/en\/wp-json\/wp\/v2\/comments?post=5746"}],"version-history":[{"count":0,"href":"https:\/\/jarchaespanol.com\/en\/wp-json\/wp\/v2\/pages\/5746\/revisions"}],"wp:attachment":[{"href":"https:\/\/jarchaespanol.com\/en\/wp-json\/wp\/v2\/media?parent=5746"}],"curies":[{"name":"wp","href":"https:\/\/api.w.org\/{rel}","templated":true}]}}