{"id":5748,"date":"2022-03-08T17:18:18","date_gmt":"2022-03-08T16:18:18","guid":{"rendered":"https:\/\/jarchaespanol.es\/privacy-policy\/"},"modified":"2022-06-29T11:14:14","modified_gmt":"2022-06-29T09:14:14","slug":"privacy-policy","status":"publish","type":"page","link":"https:\/\/jarchaespanol.com\/en\/privacy-policy\/","title":{"rendered":"Privacy policy"},"content":{"rendered":"<p>[vc_row][vc_column][vc_column_text]<span style=\"font-weight: 400;\">The owner informs you about its Privacy policy regarding the treatment and protection of personal data of users that may be collected during browsing through the website: https:\/\/jarchaespanol.com<\/span><\/p>\n<p><span style=\"font-weight: 400;\">In this sense, the holder guarantees compliance with the current regulations on the protection of personal data, reflected in the Organic Law 3\/2018, of December 5, Protection of Personal Data and Guarantee of Digital Rights (LOPD GDD). It also complies with Regulation (EU) 2016\/679 of the European Parliament and of the Council of 27 April 2016 on the protection of natural persons (GDPR).<\/span><\/p>\n<p><span style=\"font-weight: 400;\">The use of the website implies acceptance of this Privacy policy, as well as the conditions included in the Legal notice.<\/span><\/p>\n<p>&nbsp;<\/p>\n<p>&nbsp;<\/p>\n<h2><span style=\"font-weight: 400;\">Identity of the person responsible<\/span><\/h2>\n<p><span style=\"font-weight: 400;\">Name: Ana Mar\u00eda Ghersi Fenor<\/span><\/p>\n<p><span style=\"font-weight: 400;\">NIF: 36072465R<\/span><\/p>\n<p><span style=\"font-weight: 400;\">Address:\u00a0 Vigo, Pontevedra &#8211; Spain<\/span><\/p>\n<p><span style=\"font-weight: 400;\">E-mail: info@jarchaespanol.com<\/span><\/p>\n<p><span style=\"font-weight: 400;\">Website:\u00a0 <\/span><a href=\"https:\/\/jarchaespanol.com\/en\/\"><span style=\"font-weight: 400;\">https:\/\/jarchaespanol.com<\/span><\/a><\/p>\n<p>&nbsp;<\/p>\n<h2><\/h2>\n<h2><span style=\"font-weight: 400;\">Principles applied in data processing<\/span><\/h2>\n<p><span style=\"font-weight: 400;\">In the processing of your personal data, the holder will apply the following principles that comply with the requirements of the new European Data Protection Regulation (GDPR):<\/span><\/p>\n<p><span style=\"font-weight: 400;\">Principle of legality, loyalty and transparency: the owner will always require consent for the processing of personal data that may be for one or more specific purposes on which the owner will inform the user previously with absolute transparency.<\/span><\/p>\n<p><span style=\"font-weight: 400;\">Principle of data minimization: the owner will request only the data strictly necessary for the purpose or purposes that request them.<\/span><\/p>\n<p><span style=\"font-weight: 400;\">Principle of limitation of the retention period: the holder will keep the personal data collected for the time strictly necessary for the purpose or purposes of the processing. The holder shall inform the user of the corresponding retention period according to the purpose.<\/span><\/p>\n<p><span style=\"font-weight: 400;\">In the case of subscriptions, the holder will periodically review the lists and delete those inactive records for a considerable time.<\/span><\/p>\n<p><span style=\"font-weight: 400;\">Principle of integrity and confidentiality: the personal data collected will be processed in such a way that its security, confidentiality and integrity is guaranteed.<\/span><\/p>\n<p><span style=\"font-weight: 400;\">The owner takes the necessary precautions to prevent unauthorized access or misuse of their users&#8217; data by third parties.<\/span><\/p>\n<p>&nbsp;<\/p>\n<h2><\/h2>\n<h2><span style=\"font-weight: 400;\">Obtaining of personal data<\/span><\/h2>\n<p><span style=\"font-weight: 400;\">To browse the website you do not need to provide any personal data.<\/span><\/p>\n<p><span style=\"font-weight: 400;\">The cases in which you do provide your personal data are as follows:<\/span><\/p>\n<ul>\n<li style=\"font-weight: 400;\" aria-level=\"1\"><span style=\"font-weight: 400;\">By contacting through the contact forms or sending an email.<\/span><\/li>\n<\/ul>\n<p>&nbsp;<\/p>\n<h2><\/h2>\n<h2><span style=\"font-weight: 400;\">Rights<\/span><\/h2>\n<p><span style=\"font-weight: 400;\">The owner informs you that you have the right to:<\/span><\/p>\n<ul>\n<li style=\"font-weight: 400;\" aria-level=\"1\"><span style=\"font-weight: 400;\">Request access to stored data.<\/span><\/li>\n<li style=\"font-weight: 400;\" aria-level=\"1\"><span style=\"font-weight: 400;\">Request a rectification or cancellation.<\/span><\/li>\n<li style=\"font-weight: 400;\" aria-level=\"1\"><span style=\"font-weight: 400;\">Request the limitation of your treatment.<\/span><\/li>\n<li style=\"font-weight: 400;\" aria-level=\"1\"><span style=\"font-weight: 400;\">Object to the processing.<\/span><\/li>\n<\/ul>\n<p><span style=\"font-weight: 400;\">You cannot exercise the right to data portability.<\/span><\/p>\n<p><span style=\"font-weight: 400;\">The exercise of these rights is personal and therefore must be exercised directly by the interested party, requesting it directly from the owner, which means that any customer, subscriber or collaborator who has provided their data at any time, you can contact the owner and ask for information about the data you have stored and how you have obtained them, request rectification thereof, oppose the processing, limit its use or request the deletion of such data in the files of the owner.<\/span><\/p>\n<p><span style=\"font-weight: 400;\">To exercise your rights you must send your request together with a photocopy of the National Identity Card or equivalent to the email address: info@jarchaespanol.com<\/span><\/p>\n<p><span style=\"font-weight: 400;\">The exercise of these rights does not include any data that the holder is obliged to keep for administrative, legal or security purposes.<\/span><\/p>\n<p><span style=\"font-weight: 400;\">You have the right to effective judicial protection and to file a complaint with the supervisory authority, in this case the Spanish Data Protection Agency, if you consider that the processing of personal data concerning you violates the Regulation.<\/span><\/p>\n<p>&nbsp;<\/p>\n<h2><\/h2>\n<h2><span style=\"font-weight: 400;\">Purpose of the processing of personal data<\/span><\/h2>\n<p><span style=\"font-weight: 400;\">When you connect to the website to send an email to the holder, you subscribe to its newsletter by providing personal information for which the holder is responsible. This information may include personal data such as your IP address, first and last name, physical address, email address, phone number, and other information. By providing this information, you consent to your information being collected, used, managed and stored by Raiola Networks only as described on the pages:<\/span><\/p>\n<ul>\n<li style=\"font-weight: 400;\" aria-level=\"1\"><span style=\"font-weight: 400;\">Legal notice<\/span><\/li>\n<li style=\"font-weight: 400;\" aria-level=\"1\"><span style=\"font-weight: 400;\">Privacy policy<\/span><\/li>\n<\/ul>\n<p><span style=\"font-weight: 400;\">The personal data and the purpose of the processing by the data subject are different according to the information capture system:<\/span><\/p>\n<ul>\n<li style=\"font-weight: 400;\" aria-level=\"1\"><span style=\"font-weight: 400;\">Contact forms: the holder requests personal data such as: first and last name, email address, telephone number and website address in order to respond to users&#8217; queries.<\/span><\/li>\n<\/ul>\n<p><span style=\"font-weight: 400;\">For example, the owner uses this data to respond to messages, doubts, complaints, comments or concerns that users may have regarding the information included on the website, the processing of personal data, questions regarding the legal texts included on the website, as well as any other queries that the user may have and that are not subject to the website conditions.<\/span><\/p>\n<p><span style=\"font-weight: 400;\">There are other purposes for which the holder processes personal data:<\/span><\/p>\n<ul>\n<li style=\"font-weight: 400;\" aria-level=\"1\"><span style=\"font-weight: 400;\">To ensure compliance with the conditions contained in the Legal Notice page and the applicable law. This may include the development of tools and algorithms that help the website ensure the confidentiality of the personal data it collects.<\/span><\/li>\n<li style=\"font-weight: 400;\" aria-level=\"1\"><span style=\"font-weight: 400;\">To support and improve the services offered by this website.<\/span><\/li>\n<li style=\"font-weight: 400;\" aria-level=\"1\"><span style=\"font-weight: 400;\">To analyze user navigation. The owner collects other non-identifying data that is obtained through the use of cookies that are downloaded on the user\u2019s computer when browsing the website whose characteristics and purpose are detailed in the Cookie policy page.<\/span><\/li>\n<\/ul>\n<p>&nbsp;<\/p>\n<h2><\/h2>\n<h2><span style=\"font-weight: 400;\">Security of personal data<\/span><\/h2>\n<p><span style=\"font-weight: 400;\">To protect your personal data, the owner takes all reasonable precautions and follows industry best practices to prevent its loss, misuse, improper access, disclosure, alteration or destruction.<\/span><\/p>\n<p><span style=\"font-weight: 400;\">The website is hosted at: Raiola Networks. Data security is guaranteed, as they take all necessary security measures to do so. You can consult their Privacy policy for more information.<\/span><\/p>\n<p><span style=\"font-weight: 400;\">The owner informs the user that his personal data will not be transferred to third organizations, except that such transfer of data is covered by a legal obligation or where the provision of a service implies the need for a contractual relationship with a processor. In the latter case, the transfer of data to the third party will only take place when the owner has the express consent of the user.<\/span><\/p>\n<p><span style=\"font-weight: 400;\">However, in some cases collaborations can be made with other professionals, in such cases, consent will be required from the user informing about the identity of the collaborator and the purpose of the collaboration. It will always be performed with the strictest safety standards.<\/span><\/p>\n<p>&nbsp;<\/p>\n<h2><\/h2>\n<h2><span style=\"font-weight: 400;\">Content from other websites<\/span><\/h2>\n<p><span style=\"font-weight: 400;\">Pages on this website may include embedded content (e.g., videos, images, articles, etc.). The embedded content of other websites behaves in exactly the same way as if you had visited the first website.<\/span><\/p>\n<p><span style=\"font-weight: 400;\">These websites may collect data about you, use cookies, embed an additional third-party tracking code, and monitor your interaction using this code.<\/span><\/p>\n<p>&nbsp;<\/p>\n<h2><\/h2>\n<h2><span style=\"font-weight: 400;\">Cookie policy<\/span><\/h2>\n<p><span style=\"font-weight: 400;\">For this website to work properly you need to use cookies, which is information that is stored in your web browser.<\/span><\/p>\n<p><span style=\"font-weight: 400;\">You can consult all the information related to the policy of collection and treatment of cookies on the Cookie policy page.<\/span><\/p>\n<p>&nbsp;<\/p>\n<h2><\/h2>\n<h2><span style=\"font-weight: 400;\">Legitimation for the processing of data<\/span><\/h2>\n<p><span style=\"font-weight: 400;\">The legal basis for the processing of your data is the consent of the data subject.<\/span><\/p>\n<p>&nbsp;<\/p>\n<h2><\/h2>\n<h2><span style=\"font-weight: 400;\">Categories of personal data<\/span><\/h2>\n<p><span style=\"font-weight: 400;\">The categories of personal data processed by the data subject are\u00a0<\/span><\/p>\n<ul>\n<li style=\"font-weight: 400;\" aria-level=\"1\"><span style=\"font-weight: 400;\">Identifying data<\/span><\/li>\n<\/ul>\n<p><span style=\"font-weight: 400;\">These are not categories of specially protected data.<\/span><\/p>\n<p>&nbsp;<\/p>\n<h2><\/h2>\n<h2><span style=\"font-weight: 400;\">Retention of personal data<\/span><\/h2>\n<p><span style=\"font-weight: 400;\">The personal data provided to the holder will be kept until he request its deletion.<\/span><\/p>\n<p>&nbsp;<\/p>\n<h2><\/h2>\n<h2><span style=\"font-weight: 400;\">Recipients of personal data<\/span><\/h2>\n<p><b>Google Analytics<\/b><span style=\"font-weight: 400;\"> is a web analytics service provided by Google, Inc., a Delaware company whose head office is at 1600 Amphitheatre Parkway, Mountain View (California), CA 94043, United States (\u00abGoogle\u00bb).<\/span><\/p>\n<p><span style=\"font-weight: 400;\">Google Analytics uses cookies, which are text files located on the user\u2019s computer, to help the owner analyze the users&#8217; use of the website. The information generated by the cookie about the use of the website (including the IP address) will be directly transmitted and archived by Google on servers in the United States.<\/span><\/p>\n<p><span style=\"font-weight: 400;\">More information at: https:\/\/analytics.google.com<\/span><\/p>\n<p><span style=\"font-weight: 400;\">You can see how Google manages privacy regarding the use of cookies and other information on the Google Privacy policy page: https:\/\/policies.google.com\/privacy?hl=es<\/span><\/p>\n<p><span style=\"font-weight: 400;\">You can also see a list of the types of cookies used by Google and its collaborators and all the information related to their use of advertising cookies at<\/span><\/p>\n<ul>\n<li style=\"font-weight: 400;\" aria-level=\"1\"><span style=\"font-weight: 400;\">Types of cookies used by Google<\/span><\/li>\n<li style=\"font-weight: 400;\" aria-level=\"1\"><span style=\"font-weight: 400;\">How Google uses cookies in advertising<\/span><\/li>\n<\/ul>\n<p>&nbsp;<\/p>\n<h2><\/h2>\n<h2><span style=\"font-weight: 400;\">Web browsing<\/span><\/h2>\n<p><span style=\"font-weight: 400;\">When browsing the website, non-identifying data may be collected, which may include IP address, geolocation, a record of how services and sites are used, browsing habits and other data that cannot be used to identify you.<\/span><\/p>\n<p><span style=\"font-weight: 400;\">The website uses the following third-party analytics services<\/span><\/p>\n<ul>\n<li style=\"font-weight: 400;\" aria-level=\"1\"><span style=\"font-weight: 400;\">Google Analytics<\/span><\/li>\n<\/ul>\n<p><span style=\"font-weight: 400;\">The owner uses the information obtained to obtain statistical data, analyze trends, manage the site, study browsing patterns and collect demographic information.<\/span><\/p>\n<p><span style=\"font-weight: 400;\">The owner is not responsible for the processing of personal data made by the web pages that can be accessed through the various links contained on the website.<\/span><\/p>\n<p>&nbsp;<\/p>\n<h2><\/h2>\n<h2><span style=\"font-weight: 400;\">Accuracy and veracity of personal data<\/span><\/h2>\n<p><span style=\"font-weight: 400;\">You agree that the data provided to the owner are correct, complete, accurate and current, as well as to keep them duly updated.<\/span><\/p>\n<p><span style=\"font-weight: 400;\">As a user of the website you are solely responsible for the veracity and correctness of the data sent to the website, exonerating the holder of any responsibility in this regard.<\/span><\/p>\n<p>&nbsp;<\/p>\n<h2><\/h2>\n<h2><span style=\"font-weight: 400;\">Acceptance and consent<\/span><\/h2>\n<p><span style=\"font-weight: 400;\">As a user of the website declares to have been informed of the conditions on the protection of personal data, accepts and consents to the treatment of them by the owner in the form and for the purposes indicated in this Privacy policy.<\/span><\/p>\n<p><span style=\"font-weight: 400;\">To contact the owner, subscribe to a newsletter or make comments on this website you have to accept this Privacy policy.<\/span><\/p>\n<p>&nbsp;<\/p>\n<h2><\/h2>\n<h2><span style=\"font-weight: 400;\">Changes to the Privacy policy<\/span><\/h2>\n<p><span style=\"font-weight: 400;\">The owner reserves the right to modify this Privacy policy to adapt it to legislative or jurisprudential developments, as well as to industry practices.<\/span><\/p>\n<p><span style=\"font-weight: 400;\">These policies will remain in effect until they are modified by other duly published policies.<\/span>[\/vc_column_text][\/vc_column][\/vc_row]<\/p>\n","protected":false},"excerpt":{"rendered":"<p>[vc_row][vc_column][vc_column_text]The owner informs you about its Privacy policy regarding the treatment and protection of personal data of users that may be collected during browsing through the website: https:\/\/jarchaespanol.com In this sense, the holder guarantees compliance with the current regulations on the protection of personal data, reflected in the Organic Law 3\/2018, of December 5, Protection [&hellip;]<\/p>\n","protected":false},"author":1,"featured_media":0,"parent":0,"menu_order":0,"comment_status":"closed","ping_status":"closed","template":"","meta":{"inline_featured_image":false,"_joinchat":[],"footnotes":""},"class_list":["post-5748","page","type-page","status-publish","hentry"],"yoast_head":"<!-- This site is optimized with the Yoast SEO plugin v26.8 - https:\/\/yoast.com\/product\/yoast-seo-wordpress\/ -->\n<title>Privacy policy - Jarcha Espa\u00f1ol<\/title>\n<meta name=\"description\" content=\"Jarcha Espa\u00f1ol - Privacy policy - Espa\u00f1ol como Lengua Extranjera. Clases de espa\u00f1ol online. Clases online para estudiantes de educaci\u00f3n primaria, educaci\u00f3n secundaria, educaci\u00f3n secundaria para adultos, ciclos, bachillerato, bachillerato para adultos y universidad.\" \/>\n<meta name=\"robots\" content=\"index, follow, max-snippet:-1, max-image-preview:large, max-video-preview:-1\" \/>\n<link rel=\"canonical\" href=\"https:\/\/jarchaespanol.com\/en\/privacy-policy\/\" \/>\n<meta property=\"og:locale\" content=\"en_US\" \/>\n<meta property=\"og:type\" content=\"article\" \/>\n<meta property=\"og:title\" content=\"Privacy policy - Jarcha Espa\u00f1ol\" \/>\n<meta property=\"og:description\" content=\"Jarcha Espa\u00f1ol - Privacy policy - Espa\u00f1ol como Lengua Extranjera. Clases de espa\u00f1ol online. Clases online para estudiantes de educaci\u00f3n primaria, educaci\u00f3n secundaria, educaci\u00f3n secundaria para adultos, ciclos, bachillerato, bachillerato para adultos y universidad.\" \/>\n<meta property=\"og:url\" content=\"https:\/\/jarchaespanol.com\/politica-privacidad\/\" \/>\n<meta property=\"og:site_name\" content=\"Jarcha Espa\u00f1ol\" \/>\n<meta property=\"article:modified_time\" content=\"2022-06-29T09:14:14+00:00\" \/>\n<meta name=\"twitter:card\" content=\"summary_large_image\" \/>\n<script type=\"application\/ld+json\" class=\"yoast-schema-graph\">{\"@context\":\"https:\/\/schema.org\",\"@graph\":[{\"@type\":\"WebPage\",\"@id\":\"https:\/\/jarchaespanol.com\/politica-privacidad\/\",\"url\":\"https:\/\/jarchaespanol.com\/politica-privacidad\/\",\"name\":\"Privacy policy - Jarcha Espa\u00f1ol\",\"isPartOf\":{\"@id\":\"https:\/\/jarchaespanol.com\/#website\"},\"datePublished\":\"2022-03-08T16:18:18+00:00\",\"dateModified\":\"2022-06-29T09:14:14+00:00\",\"description\":\"Jarcha Espa\u00f1ol - Privacy policy - Espa\u00f1ol como Lengua Extranjera. Clases de espa\u00f1ol online. Clases online para estudiantes de educaci\u00f3n primaria, educaci\u00f3n secundaria, educaci\u00f3n secundaria para adultos, ciclos, bachillerato, bachillerato para adultos y universidad.\",\"breadcrumb\":{\"@id\":\"https:\/\/jarchaespanol.com\/politica-privacidad\/#breadcrumb\"},\"inLanguage\":\"en-US\",\"potentialAction\":[{\"@type\":\"ReadAction\",\"target\":[\"https:\/\/jarchaespanol.com\/politica-privacidad\/\"]}]},{\"@type\":\"BreadcrumbList\",\"@id\":\"https:\/\/jarchaespanol.com\/politica-privacidad\/#breadcrumb\",\"itemListElement\":[{\"@type\":\"ListItem\",\"position\":1,\"name\":\"Home\",\"item\":\"https:\/\/jarchaespanol.com\/\"},{\"@type\":\"ListItem\",\"position\":2,\"name\":\"Privacy policy\"}]},{\"@type\":\"WebSite\",\"@id\":\"https:\/\/jarchaespanol.com\/#website\",\"url\":\"https:\/\/jarchaespanol.com\/\",\"name\":\"Jarcha Espa\u00f1ol\",\"description\":\"Plataforma en l\u00ednea especializada en la comunicaci\u00f3n y en la formaci\u00f3n en espa\u00f1ol. Aprende espa\u00f1ol online.\",\"publisher\":{\"@id\":\"https:\/\/jarchaespanol.com\/#organization\"},\"potentialAction\":[{\"@type\":\"SearchAction\",\"target\":{\"@type\":\"EntryPoint\",\"urlTemplate\":\"https:\/\/jarchaespanol.com\/?s={search_term_string}\"},\"query-input\":{\"@type\":\"PropertyValueSpecification\",\"valueRequired\":true,\"valueName\":\"search_term_string\"}}],\"inLanguage\":\"en-US\"},{\"@type\":\"Organization\",\"@id\":\"https:\/\/jarchaespanol.com\/#organization\",\"name\":\"Jarcha Espa\u00f1ol\",\"url\":\"https:\/\/jarchaespanol.com\/\",\"logo\":{\"@type\":\"ImageObject\",\"inLanguage\":\"en-US\",\"@id\":\"https:\/\/jarchaespanol.com\/#\/schema\/logo\/image\/\",\"url\":\"https:\/\/jarchaespanol.com\/wp-content\/uploads\/2022\/03\/logo-factura-2.png\",\"contentUrl\":\"https:\/\/jarchaespanol.com\/wp-content\/uploads\/2022\/03\/logo-factura-2.png\",\"width\":474,\"height\":177,\"caption\":\"Jarcha Espa\u00f1ol\"},\"image\":{\"@id\":\"https:\/\/jarchaespanol.com\/#\/schema\/logo\/image\/\"}}]}<\/script>\n<!-- \/ Yoast SEO plugin. -->","yoast_head_json":{"title":"Privacy policy - Jarcha Espa\u00f1ol","description":"Jarcha Espa\u00f1ol - Privacy policy - Espa\u00f1ol como Lengua Extranjera. Clases de espa\u00f1ol online. Clases online para estudiantes de educaci\u00f3n primaria, educaci\u00f3n secundaria, educaci\u00f3n secundaria para adultos, ciclos, bachillerato, bachillerato para adultos y universidad.","robots":{"index":"index","follow":"follow","max-snippet":"max-snippet:-1","max-image-preview":"max-image-preview:large","max-video-preview":"max-video-preview:-1"},"canonical":"https:\/\/jarchaespanol.com\/en\/privacy-policy\/","og_locale":"en_US","og_type":"article","og_title":"Privacy policy - Jarcha Espa\u00f1ol","og_description":"Jarcha Espa\u00f1ol - Privacy policy - Espa\u00f1ol como Lengua Extranjera. Clases de espa\u00f1ol online. Clases online para estudiantes de educaci\u00f3n primaria, educaci\u00f3n secundaria, educaci\u00f3n secundaria para adultos, ciclos, bachillerato, bachillerato para adultos y universidad.","og_url":"https:\/\/jarchaespanol.com\/politica-privacidad\/","og_site_name":"Jarcha Espa\u00f1ol","article_modified_time":"2022-06-29T09:14:14+00:00","twitter_card":"summary_large_image","schema":{"@context":"https:\/\/schema.org","@graph":[{"@type":"WebPage","@id":"https:\/\/jarchaespanol.com\/politica-privacidad\/","url":"https:\/\/jarchaespanol.com\/politica-privacidad\/","name":"Privacy policy - Jarcha Espa\u00f1ol","isPartOf":{"@id":"https:\/\/jarchaespanol.com\/#website"},"datePublished":"2022-03-08T16:18:18+00:00","dateModified":"2022-06-29T09:14:14+00:00","description":"Jarcha Espa\u00f1ol - Privacy policy - Espa\u00f1ol como Lengua Extranjera. Clases de espa\u00f1ol online. Clases online para estudiantes de educaci\u00f3n primaria, educaci\u00f3n secundaria, educaci\u00f3n secundaria para adultos, ciclos, bachillerato, bachillerato para adultos y universidad.","breadcrumb":{"@id":"https:\/\/jarchaespanol.com\/politica-privacidad\/#breadcrumb"},"inLanguage":"en-US","potentialAction":[{"@type":"ReadAction","target":["https:\/\/jarchaespanol.com\/politica-privacidad\/"]}]},{"@type":"BreadcrumbList","@id":"https:\/\/jarchaespanol.com\/politica-privacidad\/#breadcrumb","itemListElement":[{"@type":"ListItem","position":1,"name":"Home","item":"https:\/\/jarchaespanol.com\/"},{"@type":"ListItem","position":2,"name":"Privacy policy"}]},{"@type":"WebSite","@id":"https:\/\/jarchaespanol.com\/#website","url":"https:\/\/jarchaespanol.com\/","name":"Jarcha Espa\u00f1ol","description":"Plataforma en l\u00ednea especializada en la comunicaci\u00f3n y en la formaci\u00f3n en espa\u00f1ol. Aprende espa\u00f1ol online.","publisher":{"@id":"https:\/\/jarchaespanol.com\/#organization"},"potentialAction":[{"@type":"SearchAction","target":{"@type":"EntryPoint","urlTemplate":"https:\/\/jarchaespanol.com\/?s={search_term_string}"},"query-input":{"@type":"PropertyValueSpecification","valueRequired":true,"valueName":"search_term_string"}}],"inLanguage":"en-US"},{"@type":"Organization","@id":"https:\/\/jarchaespanol.com\/#organization","name":"Jarcha Espa\u00f1ol","url":"https:\/\/jarchaespanol.com\/","logo":{"@type":"ImageObject","inLanguage":"en-US","@id":"https:\/\/jarchaespanol.com\/#\/schema\/logo\/image\/","url":"https:\/\/jarchaespanol.com\/wp-content\/uploads\/2022\/03\/logo-factura-2.png","contentUrl":"https:\/\/jarchaespanol.com\/wp-content\/uploads\/2022\/03\/logo-factura-2.png","width":474,"height":177,"caption":"Jarcha Espa\u00f1ol"},"image":{"@id":"https:\/\/jarchaespanol.com\/#\/schema\/logo\/image\/"}}]}},"_links":{"self":[{"href":"https:\/\/jarchaespanol.com\/en\/wp-json\/wp\/v2\/pages\/5748","targetHints":{"allow":["GET"]}}],"collection":[{"href":"https:\/\/jarchaespanol.com\/en\/wp-json\/wp\/v2\/pages"}],"about":[{"href":"https:\/\/jarchaespanol.com\/en\/wp-json\/wp\/v2\/types\/page"}],"author":[{"embeddable":true,"href":"https:\/\/jarchaespanol.com\/en\/wp-json\/wp\/v2\/users\/1"}],"replies":[{"embeddable":true,"href":"https:\/\/jarchaespanol.com\/en\/wp-json\/wp\/v2\/comments?post=5748"}],"version-history":[{"count":0,"href":"https:\/\/jarchaespanol.com\/en\/wp-json\/wp\/v2\/pages\/5748\/revisions"}],"wp:attachment":[{"href":"https:\/\/jarchaespanol.com\/en\/wp-json\/wp\/v2\/media?parent=5748"}],"curies":[{"name":"wp","href":"https:\/\/api.w.org\/{rel}","templated":true}]}}