{"id":5831,"date":"2022-07-12T04:08:12","date_gmt":"2022-07-12T02:08:12","guid":{"rendered":"https:\/\/jarchaespanol.es\/students-of-spanish-as-a-foreign-language\/"},"modified":"2024-01-15T13:24:05","modified_gmt":"2024-01-15T12:24:05","slug":"students-of-spanish-as-a-foreign-language","status":"publish","type":"page","link":"https:\/\/jarchaespanol.com\/en\/students-of-spanish-as-a-foreign-language\/","title":{"rendered":"Students of Spanish as a Foreign Language"},"content":{"rendered":"<p>[vc_row][vc_column][vc_column_text]<\/p>\n<h2>Fran\u00e7oise<\/h2>\n<p><em>Hace mucho tiempo que quer\u00eda aprender espa\u00f1ol. Me gusta Espa\u00f1a desde que empec\u00e9 a visitar a unos amigos de la familia que viv\u00edan en Tenerife. Por eso necesito perfeccionar el espa\u00f1ol. Me gustan las clases con Ana porque son variadas y se centran en todo lo que quiero aprender. Nunca hab\u00eda pensado estudiar online, pero es m\u00e1s c\u00f3modo porque est\u00e1s en casa. Por eso, recomiendo Jarcha.<\/em><\/p>\n<p>&nbsp;<\/p>\n<p><iframe loading=\"lazy\" title=\"Fran\u00e7oise (franc\u00e9s)\" width=\"900\" height=\"506\" src=\"https:\/\/www.youtube.com\/embed\/5DXcTTFO-MA?feature=oembed\" frameborder=\"0\" allow=\"accelerometer; autoplay; clipboard-write; encrypted-media; gyroscope; picture-in-picture\" allowfullscreen><\/iframe><\/p>\n<p><iframe loading=\"lazy\" title=\"Fran\u00e7oise (espa\u00f1ol)\" width=\"900\" height=\"506\" src=\"https:\/\/www.youtube.com\/embed\/p_kSUIdoVDc?feature=oembed\" frameborder=\"0\" allow=\"accelerometer; autoplay; clipboard-write; encrypted-media; gyroscope; picture-in-picture\" allowfullscreen><\/iframe><\/p>\n<p>[\/vc_column_text][\/vc_column][\/vc_row][vc_row][vc_column][vc_separator][\/vc_column][\/vc_row][vc_row][vc_column][vc_column_text]<\/p>\n<h2>Stephen<\/h2>\n<p><em>Viv\u00ed en Espa\u00f1a en 2002 e intent\u00e9 aprender espa\u00f1ol, pero me mud\u00e9 a EEUU en 2005 y desde entonces hablo en espa\u00f1ol solamente algunas veces. Empec\u00e9 las clases con Ana a finales de 2021. Estoy muy contento con ella porque me anima. Lo m\u00e1s importante para m\u00ed es poder comunicarme en espa\u00f1ol. <\/em><\/p>\n<p>&nbsp;<\/p>\n<p><iframe loading=\"lazy\" title=\"Stephen (ingl\u00e9s)\" width=\"900\" height=\"506\" src=\"https:\/\/www.youtube.com\/embed\/vE42740o9kU?feature=oembed\" frameborder=\"0\" allow=\"accelerometer; autoplay; clipboard-write; encrypted-media; gyroscope; picture-in-picture\" allowfullscreen><\/iframe><\/p>\n<p><iframe loading=\"lazy\" title=\"Stephen_espa\u00f1ol\" width=\"900\" height=\"506\" src=\"https:\/\/www.youtube.com\/embed\/fHysfx-PMcg?feature=oembed\" frameborder=\"0\" allow=\"accelerometer; autoplay; clipboard-write; encrypted-media; gyroscope; picture-in-picture\" allowfullscreen><\/iframe><\/p>\n<p>[\/vc_column_text][\/vc_column][\/vc_row][vc_row][vc_column][vc_separator][\/vc_column][\/vc_row][vc_row][vc_column][vc_column_text]<\/p>\n<h2>Thore<\/h2>\n<p><em>Soy de Dinamarca. Mi esposa y yo vivimos en la Costa del Sol, en Espa\u00f1a. Para nosotros es muy importante aprender espa\u00f1ol para integrarnos mejor en Espa\u00f1a y, quiz\u00e1s, montar una empresa. Las clases en l\u00ednea de Ana son una gran soluci\u00f3n para m\u00ed porque no pierdo tiempo en desplazamientos y las lecciones se adaptan a m\u00ed.<\/em><\/p>\n<p>&nbsp;<\/p>\n<p><iframe loading=\"lazy\" title=\"Thore (dan\u00e9s\/espa\u00f1ol)\" width=\"900\" height=\"675\" src=\"https:\/\/www.youtube.com\/embed\/q1EgHyZIf9g?feature=oembed\" frameborder=\"0\" allow=\"accelerometer; autoplay; clipboard-write; encrypted-media; gyroscope; picture-in-picture\" allowfullscreen><\/iframe><\/p>\n<p>[\/vc_column_text][\/vc_column][\/vc_row][vc_row][vc_column][vc_separator][\/vc_column][\/vc_row][vc_row][vc_column][vc_column_text]<\/p>\n<h2>Michael<\/h2>\n<p><em>Soy suizo y mi profesi\u00f3n es carpintero. Mi primer contacto con el espa\u00f1ol fue trabajando en Tenerife en 2001, pero aprend\u00ed muy poco. Desde diciembre de 2021 estoy aprendiendo un mont\u00f3n con Ana de Jarcha. Tienes que trabajar pero aprendes mucho. Desde el primer momento vas a ver lo profesional que es Ana y vas a aprender mucho con ella. Las clases online son muy c\u00f3modas para m\u00ed. <\/em><\/p>\n<p>&nbsp;<\/p>\n<p><iframe loading=\"lazy\" title=\"Michael (alem\u00e1n-suizo\/espa\u00f1ol)\" width=\"900\" height=\"506\" src=\"https:\/\/www.youtube.com\/embed\/Lr5SLw_C308?feature=oembed\" frameborder=\"0\" allow=\"accelerometer; autoplay; clipboard-write; encrypted-media; gyroscope; picture-in-picture\" allowfullscreen><\/iframe><\/p>\n<p>[\/vc_column_text][\/vc_column][\/vc_row][vc_row][vc_column][vc_separator][\/vc_column][\/vc_row][vc_row][vc_column][vc_column_text]<\/p>\n<h2>Andrzej<\/h2>\n<p><em>Soy polaco y trabajo en una empresa de publicidad. Llevo estudiando espa\u00f1ol desde hace varios a\u00f1os, al principio en Espa\u00f1a, donde resid\u00ed por un tiempo. Al principio estaba en contra de las clases online, pero por culpa del Covid tuve que buscar clases online. As\u00ed fue c\u00f3mo encontr\u00e9 a Ana, una profesora magn\u00edfica y muy preparada. Desde las primeras clases con Ana hacemos muchos ejercicios orales y escritos y practicamos las conversaciones hablando de varios temas. <\/em><\/p>\n<p>&nbsp;<\/p>\n<p><iframe loading=\"lazy\" title=\"Andrzej (polaco)\" width=\"900\" height=\"506\" src=\"https:\/\/www.youtube.com\/embed\/Jof1s97tHwY?feature=oembed\" frameborder=\"0\" allow=\"accelerometer; autoplay; clipboard-write; encrypted-media; gyroscope; picture-in-picture\" allowfullscreen><\/iframe><\/p>\n<p><iframe loading=\"lazy\" title=\"Andrzej (espa\u00f1ol)\" width=\"900\" height=\"506\" src=\"https:\/\/www.youtube.com\/embed\/lj-Y-WzttRI?feature=oembed\" frameborder=\"0\" allow=\"accelerometer; autoplay; clipboard-write; encrypted-media; gyroscope; picture-in-picture\" allowfullscreen><\/iframe><\/p>\n<p>[\/vc_column_text][\/vc_column][\/vc_row][vc_row][vc_column][vc_separator][\/vc_column][\/vc_row][vc_row][vc_column][vc_column_text]<\/p>\n<h2>Alexandra<\/h2>\n<p><em>Soy h\u00fangara pero vivo en Canad\u00e1 desde hace 30 a\u00f1os. Me gusta mucho viajar y por eso empec\u00e9 a estudiar espa\u00f1ol hace a\u00f1os. Recientemente, empec\u00e9 las clases en l\u00ednea con Jarcha. Es la primera vez que aprendo a trav\u00e9s de Internet. Ana imparte lecciones muy interesantes y practicamos las conversaci\u00f3n hablando de lo ocurrido en la semana. Me prepara ejercicios para practicar la gram\u00e1tica, que es lo que necesito mejorar. Recomiendo mucho estudiar con ella.<\/em><\/p>\n<p>&nbsp;<\/p>\n<p><iframe loading=\"lazy\" title=\"Alexandra (h\u00fangaro)\" width=\"900\" height=\"506\" src=\"https:\/\/www.youtube.com\/embed\/Mm50D0M1TEg?feature=oembed\" frameborder=\"0\" allow=\"accelerometer; autoplay; clipboard-write; encrypted-media; gyroscope; picture-in-picture\" allowfullscreen><\/iframe><\/p>\n<p><iframe loading=\"lazy\" title=\"Alexandra (espa\u00f1ol)\" width=\"900\" height=\"506\" src=\"https:\/\/www.youtube.com\/embed\/TUB4U5E6aVQ?feature=oembed\" frameborder=\"0\" allow=\"accelerometer; autoplay; clipboard-write; encrypted-media; gyroscope; picture-in-picture\" allowfullscreen><\/iframe><\/p>\n<p>[\/vc_column_text][\/vc_column][\/vc_row][vc_row][vc_column][vc_separator][\/vc_column][\/vc_row][vc_row][vc_column][vc_column_text]<\/p>\n<h2>Liel<\/h2>\n<p><em>Me llamo Liel y nac\u00ed en Israel. Me gusta mucho aprender idiomas. La lengua espa\u00f1ola me ha interesado siempre, mis padres son argentinos pero nunca han hablado conmigo en espa\u00f1ol. Las lecciones con Ana son muy divertidas, pero tambi\u00e9n tengo que trabajar mucho. Lo que m\u00e1s me gusta del espa\u00f1ol es como suena, lo que menos me gusta son los diferentes acentos.<\/em><\/p>\n<p>&nbsp;<\/p>\n<p><iframe loading=\"lazy\" title=\"Liel (espa\u00f1ol)\" width=\"900\" height=\"506\" src=\"https:\/\/www.youtube.com\/embed\/0AnjXrT_9FI?feature=oembed\" frameborder=\"0\" allow=\"accelerometer; autoplay; clipboard-write; encrypted-media; gyroscope; picture-in-picture\" allowfullscreen><\/iframe><\/p>\n<p><iframe loading=\"lazy\" title=\"Liel (hebreo)\" width=\"900\" height=\"506\" src=\"https:\/\/www.youtube.com\/embed\/Fqwmwvg9-KQ?feature=oembed\" frameborder=\"0\" allow=\"accelerometer; autoplay; clipboard-write; encrypted-media; gyroscope; picture-in-picture\" allowfullscreen><\/iframe><\/p>\n<p>[\/vc_column_text][\/vc_column][\/vc_row][vc_row][vc_column][vc_separator][\/vc_column][\/vc_row][vc_row][vc_column][vc_column_text]<\/p>\n<h2>Noa<\/h2>\n<p><em>Me llamo Noa y tengo 15 a\u00f1os. Soy de Brossard en Canad\u00e1. Me gustan las lenguas extranjeras. Estudio en un colegio biling\u00fce, en ingl\u00e9s y franc\u00e9s. Quiero aprender espa\u00f1ol porque me gusta mucho esta lengua y quiero hacer los ex\u00e1menes oficiales de DELE. Me gusta la ense\u00f1anza online porque no hay que desplazarse y estoy muy contenta con las clases.<\/em><\/p>\n<p>&nbsp;<\/p>\n<p><iframe loading=\"lazy\" title=\"Noa_espa\u00f1ol_franc\u00e9s\" width=\"900\" height=\"506\" src=\"https:\/\/www.youtube.com\/embed\/qjp_NK8t3eI?feature=oembed\" frameborder=\"0\" allow=\"accelerometer; autoplay; clipboard-write; encrypted-media; gyroscope; picture-in-picture\" allowfullscreen><\/iframe><\/p>\n<p>[\/vc_column_text][\/vc_column][\/vc_row][vc_row][vc_column][vc_separator][\/vc_column][\/vc_row][vc_row][vc_column][vc_column_text]<\/p>\n<h2>Lea<\/h2>\n<p><em>Me llamo Lea y tengo 12 a\u00f1os. Soy francesa y vivo cerca de Par\u00eds. En el colegio es el primer a\u00f1o de espa\u00f1ol y Ana me ayuda con mis deberes y con la pronunciaci\u00f3n. Me gustan las clases online con Ana.<\/em><\/p>\n<p>&nbsp;<\/p>\n<p><iframe loading=\"lazy\" title=\"L\u00e9a_franc\u00e9s_espa\u00f1ol\" width=\"900\" height=\"506\" src=\"https:\/\/www.youtube.com\/embed\/wcLVqb2ewBc?feature=oembed\" frameborder=\"0\" allow=\"accelerometer; autoplay; clipboard-write; encrypted-media; gyroscope; picture-in-picture; web-share\" allowfullscreen><\/iframe><\/p>\n<p>[\/vc_column_text][\/vc_column][\/vc_row]<\/p>\n","protected":false},"excerpt":{"rendered":"<p>[vc_row][vc_column][vc_column_text] Fran\u00e7oise Hace mucho tiempo que quer\u00eda aprender espa\u00f1ol. Me gusta Espa\u00f1a desde que empec\u00e9 a visitar a unos amigos de la familia que viv\u00edan en Tenerife. Por eso necesito perfeccionar el espa\u00f1ol. Me gustan las clases con Ana porque son variadas y se centran en todo lo que quiero aprender. Nunca hab\u00eda pensado estudiar [&hellip;]<\/p>\n","protected":false},"author":1,"featured_media":0,"parent":0,"menu_order":0,"comment_status":"closed","ping_status":"closed","template":"","meta":{"inline_featured_image":false,"_joinchat":[],"footnotes":""},"class_list":["post-5831","page","type-page","status-publish","hentry"],"yoast_head":"<!-- This site is optimized with the Yoast SEO plugin v26.8 - https:\/\/yoast.com\/product\/yoast-seo-wordpress\/ -->\n<title>Students of Spanish as a Foreign Language - Jarcha Espa\u00f1ol<\/title>\n<meta name=\"description\" content=\"Jarcha Espa\u00f1ol - Students of Spanish as a Foreign Language - Espa\u00f1ol como Lengua Extranjera. Clases de espa\u00f1ol online. Clases online para estudiantes de educaci\u00f3n primaria, educaci\u00f3n secundaria, educaci\u00f3n secundaria para adultos, ciclos, bachillerato, bachillerato para adultos y universidad.\" \/>\n<meta name=\"robots\" content=\"index, follow, max-snippet:-1, max-image-preview:large, max-video-preview:-1\" \/>\n<link rel=\"canonical\" href=\"https:\/\/jarchaespanol.com\/en\/students-of-spanish-as-a-foreign-language\/\" \/>\n<meta property=\"og:locale\" content=\"en_US\" \/>\n<meta property=\"og:type\" content=\"article\" \/>\n<meta property=\"og:title\" content=\"Students of Spanish as a Foreign Language - Jarcha Espa\u00f1ol\" \/>\n<meta property=\"og:description\" content=\"Jarcha Espa\u00f1ol - Students of Spanish as a Foreign Language - Espa\u00f1ol como Lengua Extranjera. Clases de espa\u00f1ol online. Clases online para estudiantes de educaci\u00f3n primaria, educaci\u00f3n secundaria, educaci\u00f3n secundaria para adultos, ciclos, bachillerato, bachillerato para adultos y universidad.\" \/>\n<meta property=\"og:url\" content=\"https:\/\/jarchaespanol.com\/en\/students-of-spanish-as-a-foreign-language\/\" \/>\n<meta property=\"og:site_name\" content=\"Jarcha Espa\u00f1ol\" \/>\n<meta property=\"article:modified_time\" content=\"2024-01-15T12:24:05+00:00\" \/>\n<meta name=\"twitter:card\" content=\"summary_large_image\" \/>\n<script type=\"application\/ld+json\" class=\"yoast-schema-graph\">{\"@context\":\"https:\/\/schema.org\",\"@graph\":[{\"@type\":\"WebPage\",\"@id\":\"https:\/\/jarchaespanol.com\/en\/students-of-spanish-as-a-foreign-language\/\",\"url\":\"https:\/\/jarchaespanol.com\/en\/students-of-spanish-as-a-foreign-language\/\",\"name\":\"Students of Spanish as a Foreign Language - Jarcha Espa\u00f1ol\",\"isPartOf\":{\"@id\":\"https:\/\/jarchaespanol.com\/#website\"},\"datePublished\":\"2022-07-12T02:08:12+00:00\",\"dateModified\":\"2024-01-15T12:24:05+00:00\",\"description\":\"Jarcha Espa\u00f1ol - Students of Spanish as a Foreign Language - Espa\u00f1ol como Lengua Extranjera. Clases de espa\u00f1ol online. Clases online para estudiantes de educaci\u00f3n primaria, educaci\u00f3n secundaria, educaci\u00f3n secundaria para adultos, ciclos, bachillerato, bachillerato para adultos y universidad.\",\"breadcrumb\":{\"@id\":\"https:\/\/jarchaespanol.com\/en\/students-of-spanish-as-a-foreign-language\/#breadcrumb\"},\"inLanguage\":\"en-US\",\"potentialAction\":[{\"@type\":\"ReadAction\",\"target\":[\"https:\/\/jarchaespanol.com\/en\/students-of-spanish-as-a-foreign-language\/\"]}]},{\"@type\":\"BreadcrumbList\",\"@id\":\"https:\/\/jarchaespanol.com\/en\/students-of-spanish-as-a-foreign-language\/#breadcrumb\",\"itemListElement\":[{\"@type\":\"ListItem\",\"position\":1,\"name\":\"Home\",\"item\":\"https:\/\/jarchaespanol.com\/\"},{\"@type\":\"ListItem\",\"position\":2,\"name\":\"Students of Spanish as a Foreign Language\"}]},{\"@type\":\"WebSite\",\"@id\":\"https:\/\/jarchaespanol.com\/#website\",\"url\":\"https:\/\/jarchaespanol.com\/\",\"name\":\"Jarcha Espa\u00f1ol\",\"description\":\"Plataforma en l\u00ednea especializada en la comunicaci\u00f3n y en la formaci\u00f3n en espa\u00f1ol. Aprende espa\u00f1ol online.\",\"publisher\":{\"@id\":\"https:\/\/jarchaespanol.com\/#organization\"},\"potentialAction\":[{\"@type\":\"SearchAction\",\"target\":{\"@type\":\"EntryPoint\",\"urlTemplate\":\"https:\/\/jarchaespanol.com\/?s={search_term_string}\"},\"query-input\":{\"@type\":\"PropertyValueSpecification\",\"valueRequired\":true,\"valueName\":\"search_term_string\"}}],\"inLanguage\":\"en-US\"},{\"@type\":\"Organization\",\"@id\":\"https:\/\/jarchaespanol.com\/#organization\",\"name\":\"Jarcha Espa\u00f1ol\",\"url\":\"https:\/\/jarchaespanol.com\/\",\"logo\":{\"@type\":\"ImageObject\",\"inLanguage\":\"en-US\",\"@id\":\"https:\/\/jarchaespanol.com\/#\/schema\/logo\/image\/\",\"url\":\"https:\/\/jarchaespanol.com\/wp-content\/uploads\/2022\/03\/logo-factura-2.png\",\"contentUrl\":\"https:\/\/jarchaespanol.com\/wp-content\/uploads\/2022\/03\/logo-factura-2.png\",\"width\":474,\"height\":177,\"caption\":\"Jarcha Espa\u00f1ol\"},\"image\":{\"@id\":\"https:\/\/jarchaespanol.com\/#\/schema\/logo\/image\/\"}}]}<\/script>\n<!-- \/ Yoast SEO plugin. -->","yoast_head_json":{"title":"Students of Spanish as a Foreign Language - Jarcha Espa\u00f1ol","description":"Jarcha Espa\u00f1ol - Students of Spanish as a Foreign Language - Espa\u00f1ol como Lengua Extranjera. Clases de espa\u00f1ol online. Clases online para estudiantes de educaci\u00f3n primaria, educaci\u00f3n secundaria, educaci\u00f3n secundaria para adultos, ciclos, bachillerato, bachillerato para adultos y universidad.","robots":{"index":"index","follow":"follow","max-snippet":"max-snippet:-1","max-image-preview":"max-image-preview:large","max-video-preview":"max-video-preview:-1"},"canonical":"https:\/\/jarchaespanol.com\/en\/students-of-spanish-as-a-foreign-language\/","og_locale":"en_US","og_type":"article","og_title":"Students of Spanish as a Foreign Language - Jarcha Espa\u00f1ol","og_description":"Jarcha Espa\u00f1ol - Students of Spanish as a Foreign Language - Espa\u00f1ol como Lengua Extranjera. Clases de espa\u00f1ol online. Clases online para estudiantes de educaci\u00f3n primaria, educaci\u00f3n secundaria, educaci\u00f3n secundaria para adultos, ciclos, bachillerato, bachillerato para adultos y universidad.","og_url":"https:\/\/jarchaespanol.com\/en\/students-of-spanish-as-a-foreign-language\/","og_site_name":"Jarcha Espa\u00f1ol","article_modified_time":"2024-01-15T12:24:05+00:00","twitter_card":"summary_large_image","schema":{"@context":"https:\/\/schema.org","@graph":[{"@type":"WebPage","@id":"https:\/\/jarchaespanol.com\/en\/students-of-spanish-as-a-foreign-language\/","url":"https:\/\/jarchaespanol.com\/en\/students-of-spanish-as-a-foreign-language\/","name":"Students of Spanish as a Foreign Language - Jarcha Espa\u00f1ol","isPartOf":{"@id":"https:\/\/jarchaespanol.com\/#website"},"datePublished":"2022-07-12T02:08:12+00:00","dateModified":"2024-01-15T12:24:05+00:00","description":"Jarcha Espa\u00f1ol - Students of Spanish as a Foreign Language - Espa\u00f1ol como Lengua Extranjera. Clases de espa\u00f1ol online. Clases online para estudiantes de educaci\u00f3n primaria, educaci\u00f3n secundaria, educaci\u00f3n secundaria para adultos, ciclos, bachillerato, bachillerato para adultos y universidad.","breadcrumb":{"@id":"https:\/\/jarchaespanol.com\/en\/students-of-spanish-as-a-foreign-language\/#breadcrumb"},"inLanguage":"en-US","potentialAction":[{"@type":"ReadAction","target":["https:\/\/jarchaespanol.com\/en\/students-of-spanish-as-a-foreign-language\/"]}]},{"@type":"BreadcrumbList","@id":"https:\/\/jarchaespanol.com\/en\/students-of-spanish-as-a-foreign-language\/#breadcrumb","itemListElement":[{"@type":"ListItem","position":1,"name":"Home","item":"https:\/\/jarchaespanol.com\/"},{"@type":"ListItem","position":2,"name":"Students of Spanish as a Foreign Language"}]},{"@type":"WebSite","@id":"https:\/\/jarchaespanol.com\/#website","url":"https:\/\/jarchaespanol.com\/","name":"Jarcha Espa\u00f1ol","description":"Plataforma en l\u00ednea especializada en la comunicaci\u00f3n y en la formaci\u00f3n en espa\u00f1ol. Aprende espa\u00f1ol online.","publisher":{"@id":"https:\/\/jarchaespanol.com\/#organization"},"potentialAction":[{"@type":"SearchAction","target":{"@type":"EntryPoint","urlTemplate":"https:\/\/jarchaespanol.com\/?s={search_term_string}"},"query-input":{"@type":"PropertyValueSpecification","valueRequired":true,"valueName":"search_term_string"}}],"inLanguage":"en-US"},{"@type":"Organization","@id":"https:\/\/jarchaespanol.com\/#organization","name":"Jarcha Espa\u00f1ol","url":"https:\/\/jarchaespanol.com\/","logo":{"@type":"ImageObject","inLanguage":"en-US","@id":"https:\/\/jarchaespanol.com\/#\/schema\/logo\/image\/","url":"https:\/\/jarchaespanol.com\/wp-content\/uploads\/2022\/03\/logo-factura-2.png","contentUrl":"https:\/\/jarchaespanol.com\/wp-content\/uploads\/2022\/03\/logo-factura-2.png","width":474,"height":177,"caption":"Jarcha Espa\u00f1ol"},"image":{"@id":"https:\/\/jarchaespanol.com\/#\/schema\/logo\/image\/"}}]}},"_links":{"self":[{"href":"https:\/\/jarchaespanol.com\/en\/wp-json\/wp\/v2\/pages\/5831","targetHints":{"allow":["GET"]}}],"collection":[{"href":"https:\/\/jarchaespanol.com\/en\/wp-json\/wp\/v2\/pages"}],"about":[{"href":"https:\/\/jarchaespanol.com\/en\/wp-json\/wp\/v2\/types\/page"}],"author":[{"embeddable":true,"href":"https:\/\/jarchaespanol.com\/en\/wp-json\/wp\/v2\/users\/1"}],"replies":[{"embeddable":true,"href":"https:\/\/jarchaespanol.com\/en\/wp-json\/wp\/v2\/comments?post=5831"}],"version-history":[{"count":0,"href":"https:\/\/jarchaespanol.com\/en\/wp-json\/wp\/v2\/pages\/5831\/revisions"}],"wp:attachment":[{"href":"https:\/\/jarchaespanol.com\/en\/wp-json\/wp\/v2\/media?parent=5831"}],"curies":[{"name":"wp","href":"https:\/\/api.w.org\/{rel}","templated":true}]}}