{"id":10983,"date":"2024-01-31T12:51:54","date_gmt":"2024-01-31T11:51:54","guid":{"rendered":"https:\/\/jarchaespanol.com\/?post_type=product&#038;p=10983"},"modified":"2026-02-03T13:54:43","modified_gmt":"2026-02-03T12:54:43","slug":"monthly-gathering-in-small-group","status":"publish","type":"product","link":"https:\/\/jarchaespanol.com\/en\/servicios\/teaching\/online-spanish\/other-small-group-classes\/monthly-gathering-in-small-group\/","title":{"rendered":"Spanish online &#8211; Monthly themed sessions"},"content":{"rendered":"<p class=\"p1\">Monthly activities aimed at students who wish to improve their Spanish fluency through active participation in authentic conversations with other learners.They complement the <span style=\"color: #882437;\"><a style=\"color: #882437;\" href=\"https:\/\/jarchaespanol.com\/en\/servicios\/teaching\/online-spanish\/individual-classes\/spanish-intensive-individual-classes\/\"><strong>individual<\/strong><\/a><\/span> or <span style=\"color: #882437;\"><a style=\"color: #882437;\" href=\"https:\/\/jarchaespanol.com\/en\/servicios\/teaching\/online-spanish\/small-group-classes\/spanish-online-intensive-classes-in-small-group\/\"><strong>group<\/strong><\/a><\/span> classes offered by Jarcha Espa\u00f1ol.<\/p>\n<p>&nbsp;<\/p>\n<p><strong>What is it?<\/strong><br \/>\nFrom once to twice a month, participants with similar levels meet online to speak in Spanish about a specific topic.<\/p>\n<p><span style=\"color: #882437;\"><strong>Monthly gatherings<\/strong><\/span><\/p>\n<ul>\n<li>Held once a month, focused on cinema or literature.<\/li>\n<li>Each session revolves around a work selected by the teaching team, although student suggestions are also considered.<\/li>\n<\/ul>\n<p><span style=\"color: #882437;\"><strong>Moral dilemmas<\/strong><\/span><\/p>\n<ul>\n<li>Two meetings are held each month.<\/li>\n<li>Each participant prepares at least one dilemma with two options (A\/B) and sends it to <a href=\"mailto:info@jarchaespanol.com\" target=\"_blank\" rel=\"noopener\">info@jarchaespanol.com<\/a>. The dilemmas received are used to create slides that make reading easier during the session.<\/li>\n<\/ul>\n<p>Session dates are communicated via email and newsletters.<\/p>\n<p><strong>REGISTRATION<\/strong><\/p>\n<p>In the ACTIVITY field, select Monthly gathering or Moral dilemmas.<\/p>\n<ul>\n<li>Monthly gathering: in TOPIC, write the title of the film or book; in DATE, indicate the day of the session.<\/li>\n<li>Moral dilemmas: in DATE, write the chosen date (or both, if either works for you). You may attend only one session per month. The number of groups will depend on demand.<\/li>\n<\/ul>\n<p>&nbsp;<\/p>\n<p><img loading=\"lazy\" decoding=\"async\" class=\"alignnone wp-image-17997 size-large\" src=\"https:\/\/jarchaespanol.com\/wp-content\/uploads\/2025\/07\/tertulia-1024x737.jpg\" alt=\"Tertulia mensual\" width=\"900\" height=\"648\" srcset=\"https:\/\/jarchaespanol.com\/wp-content\/uploads\/2025\/07\/tertulia-1024x737.jpg 1024w, https:\/\/jarchaespanol.com\/wp-content\/uploads\/2025\/07\/tertulia-300x216.jpg 300w, https:\/\/jarchaespanol.com\/wp-content\/uploads\/2025\/07\/tertulia-768x553.jpg 768w, https:\/\/jarchaespanol.com\/wp-content\/uploads\/2025\/07\/tertulia-255x183.jpg 255w, https:\/\/jarchaespanol.com\/wp-content\/uploads\/2025\/07\/tertulia-600x432.jpg 600w, https:\/\/jarchaespanol.com\/wp-content\/uploads\/2025\/07\/tertulia.jpg 1280w\" sizes=\"auto, (max-width: 900px) 100vw, 900px\" \/><\/p>\n<p>&nbsp;<\/p>\n<p><strong>What can you expect from this activity?<\/strong><\/p>\n<ul>\n<li>Real practice of conversation in Spanish<\/li>\n<li>Interaction with fellow students from around the world<\/li>\n<li>Improved listening, speaking, and argumentation skills<\/li>\n<li>A safe and friendly space to express opinions and learn from others<\/li>\n<\/ul>\n<p>&nbsp;<\/p>\n<p><strong>Session duration:<\/strong> 90 minutes<br \/>\n<strong>Levels:<\/strong> Basic and Intermediate-Advanced<br \/>\n<strong>Number of participants:<\/strong> 4<\/p>\n<p>&nbsp;<\/p>\n<p>Would you like to join one of our small-group activities for free? Fill in this <span style=\"color: #882437;\"><strong><a style=\"color: #882437;\" href=\"https:\/\/docs.google.com\/forms\/d\/1F0YQH3qdqJma8aMkOMDCqVMb739GmbHHDWA04S9l-dU\/edit\" target=\"_blank\" rel=\"noopener\">form<\/a><\/strong><\/span> and we\u2019ll get in touch with you \ud83d\ude0a<\/p>\n<p>&nbsp;<\/p>\n<p><b>Level test<\/b><br \/>\n<a class=\"btn btn-jarcha\" href=\"https:\/\/docs.google.com\/forms\/d\/e\/1FAIpQLScMyzM92U1yRd7pyrAY6iNldme-eUzGKpzMkl9ZJUN072zVHw\/viewform?usp=sf_link\" target=\"_blank\" rel=\"noopener\"><span style=\"font-weight: 400;\"><i class=\"vc_btn3-icon fas fa-user-graduate\"><\/i> A1 <\/span><\/a> <a class=\"btn btn-jarcha\" href=\"https:\/\/docs.google.com\/forms\/d\/e\/1FAIpQLSctisEsdQt-A4UJe0KuWHLCDoTzLtXFWelAQNoauRGeyPcSUg\/viewform?usp=sf_link\" target=\"_blank\" rel=\"noopener\"><span style=\"font-weight: 400;\"><i class=\"vc_btn3-icon fas fa-user-graduate\"><\/i> A2 <\/span><\/a> <a class=\"btn btn-jarcha\" href=\"https:\/\/docs.google.com\/forms\/d\/e\/1FAIpQLSdNGeGMzvjiXYDQWm0ySq6zpqES6g3MFOjMnaYxYUgCeI3M7A\/viewform?usp=sf_link\" target=\"_blank\" rel=\"noopener\"><span style=\"font-weight: 400;\"><i class=\"vc_btn3-icon fas fa-user-graduate\"><\/i> B1 <\/span><\/a> <a class=\"btn btn-jarcha\" href=\"https:\/\/docs.google.com\/forms\/d\/e\/1FAIpQLSfHj2JP1zE2D1FUPS_FbH0zTUNzAJ1CEopeBKifrEwm5nMmsw\/viewform?usp=sf_link\" target=\"_blank\" rel=\"noopener\"><span style=\"font-weight: 400;\"><i class=\"vc_btn3-icon fas fa-user-graduate\"><\/i> B2 <\/span><\/a> <a class=\"btn btn-jarcha\" href=\"https:\/\/docs.google.com\/forms\/d\/e\/1FAIpQLSeUgWtLVaOwNh7sbMlg0a7C-zQG3OhJkbzS22VtItOdw6IVCQ\/viewform?usp=sf_link\" target=\"_blank\" rel=\"noopener\"><span style=\"font-weight: 400;\"><i class=\"vc_btn3-icon fas fa-user-graduate\"><\/i> C1 <\/span><\/a> <a class=\"btn btn-jarcha\" href=\"https:\/\/docs.google.com\/forms\/d\/e\/1FAIpQLScMlqLbAih6VOcu6jaiNdpp6wh9zkimMY9El8kqYbHZaRVInw\/viewform?usp=sf_link\" target=\"_blank\" rel=\"noopener\"><span style=\"font-weight: 400;\"><i class=\"vc_btn3-icon fas fa-user-graduate\"><\/i> C2 <\/span><\/a><\/p>\n","protected":false},"excerpt":{"rendered":"<p class=\"p1\">Don&#8217;t miss this opportunity to strengthen your language skills and make new friends along the way!<\/p>\n","protected":false},"featured_media":17695,"comment_status":"open","ping_status":"closed","template":"","meta":{"inline_featured_image":false,"_joinchat":[]},"product_brand":[],"product_cat":[472,931,458],"product_tag":[],"class_list":{"0":"post-10983","1":"product","2":"type-product","3":"status-publish","4":"has-post-thumbnail","6":"product_cat-online-spanish","7":"product_cat-other-small-group-classes","8":"product_cat-teaching","10":"first","11":"instock","12":"shipping-taxable","13":"purchasable","14":"product-type-variable"},"yoast_head":"<!-- This site is optimized with the Yoast SEO plugin v26.8 - https:\/\/yoast.com\/product\/yoast-seo-wordpress\/ -->\n<title>Spanish online - Monthly themed sessions - Jarcha Espa\u00f1ol<\/title>\n<meta name=\"description\" content=\"Spanish online - Monthly themed sessions - Jarcha Espa\u00f1ol - Espa\u00f1ol como Lengua Extranjera. Clases de espa\u00f1ol online.\" \/>\n<meta name=\"robots\" content=\"index, follow, max-snippet:-1, max-image-preview:large, max-video-preview:-1\" \/>\n<link rel=\"canonical\" href=\"https:\/\/jarchaespanol.com\/en\/servicios\/teaching\/online-spanish\/other-small-group-classes\/monthly-gathering-in-small-group\/\" \/>\n<meta property=\"og:locale\" content=\"en_US\" \/>\n<meta property=\"og:type\" content=\"article\" \/>\n<meta property=\"og:title\" content=\"Spanish online - Monthly themed sessions - Jarcha Espa\u00f1ol\" \/>\n<meta property=\"og:description\" content=\"Spanish online - Monthly themed sessions - Jarcha Espa\u00f1ol - Espa\u00f1ol como Lengua Extranjera. Clases de espa\u00f1ol online.\" \/>\n<meta property=\"og:url\" content=\"https:\/\/jarchaespanol.com\/en\/servicios\/teaching\/online-spanish\/other-small-group-classes\/monthly-gathering-in-small-group\/\" \/>\n<meta property=\"og:site_name\" content=\"Jarcha Espa\u00f1ol\" \/>\n<meta property=\"article:modified_time\" content=\"2026-02-03T12:54:43+00:00\" \/>\n<meta property=\"og:image\" content=\"https:\/\/jarchaespanol.com\/wp-content\/uploads\/2024\/01\/TERTULIA-MENSUAL-ONLINE.jpg\" \/>\n\t<meta property=\"og:image:width\" content=\"1850\" \/>\n\t<meta property=\"og:image:height\" content=\"1850\" \/>\n\t<meta property=\"og:image:type\" content=\"image\/jpeg\" \/>\n<meta name=\"twitter:card\" content=\"summary_large_image\" \/>\n<script type=\"application\/ld+json\" class=\"yoast-schema-graph\">{\"@context\":\"https:\/\/schema.org\",\"@graph\":[{\"@type\":\"WebPage\",\"@id\":\"https:\/\/jarchaespanol.com\/en\/servicios\/teaching\/online-spanish\/other-small-group-classes\/monthly-gathering-in-small-group\/\",\"url\":\"https:\/\/jarchaespanol.com\/en\/servicios\/teaching\/online-spanish\/other-small-group-classes\/monthly-gathering-in-small-group\/\",\"name\":\"Spanish online - Monthly themed sessions - Jarcha Espa\u00f1ol\",\"isPartOf\":{\"@id\":\"https:\/\/jarchaespanol.com\/#website\"},\"primaryImageOfPage\":{\"@id\":\"https:\/\/jarchaespanol.com\/en\/servicios\/teaching\/online-spanish\/other-small-group-classes\/monthly-gathering-in-small-group\/#primaryimage\"},\"image\":{\"@id\":\"https:\/\/jarchaespanol.com\/en\/servicios\/teaching\/online-spanish\/other-small-group-classes\/monthly-gathering-in-small-group\/#primaryimage\"},\"thumbnailUrl\":\"https:\/\/jarchaespanol.com\/wp-content\/uploads\/2024\/01\/TERTULIA-MENSUAL-ONLINE.jpg\",\"datePublished\":\"2024-01-31T11:51:54+00:00\",\"dateModified\":\"2026-02-03T12:54:43+00:00\",\"description\":\"Spanish online - Monthly themed sessions - Jarcha Espa\u00f1ol - Espa\u00f1ol como Lengua Extranjera. Clases de espa\u00f1ol online.\",\"breadcrumb\":{\"@id\":\"https:\/\/jarchaespanol.com\/en\/servicios\/teaching\/online-spanish\/other-small-group-classes\/monthly-gathering-in-small-group\/#breadcrumb\"},\"inLanguage\":\"en-US\",\"potentialAction\":[{\"@type\":\"ReadAction\",\"target\":[\"https:\/\/jarchaespanol.com\/en\/servicios\/teaching\/online-spanish\/other-small-group-classes\/monthly-gathering-in-small-group\/\"]}]},{\"@type\":\"ImageObject\",\"inLanguage\":\"en-US\",\"@id\":\"https:\/\/jarchaespanol.com\/en\/servicios\/teaching\/online-spanish\/other-small-group-classes\/monthly-gathering-in-small-group\/#primaryimage\",\"url\":\"https:\/\/jarchaespanol.com\/wp-content\/uploads\/2024\/01\/TERTULIA-MENSUAL-ONLINE.jpg\",\"contentUrl\":\"https:\/\/jarchaespanol.com\/wp-content\/uploads\/2024\/01\/TERTULIA-MENSUAL-ONLINE.jpg\",\"width\":1850,\"height\":1850},{\"@type\":\"BreadcrumbList\",\"@id\":\"https:\/\/jarchaespanol.com\/en\/servicios\/teaching\/online-spanish\/other-small-group-classes\/monthly-gathering-in-small-group\/#breadcrumb\",\"itemListElement\":[{\"@type\":\"ListItem\",\"position\":1,\"name\":\"Home\",\"item\":\"https:\/\/jarchaespanol.com\/\"},{\"@type\":\"ListItem\",\"position\":2,\"name\":\"Shop\",\"item\":\"https:\/\/jarchaespanol.com\/tienda\/\"},{\"@type\":\"ListItem\",\"position\":3,\"name\":\"Spanish online &#8211; Monthly themed sessions\"}]},{\"@type\":\"WebSite\",\"@id\":\"https:\/\/jarchaespanol.com\/#website\",\"url\":\"https:\/\/jarchaespanol.com\/\",\"name\":\"Jarcha Espa\u00f1ol\",\"description\":\"Plataforma en l\u00ednea especializada en la comunicaci\u00f3n y en la formaci\u00f3n en espa\u00f1ol. Aprende espa\u00f1ol online.\",\"publisher\":{\"@id\":\"https:\/\/jarchaespanol.com\/#organization\"},\"potentialAction\":[{\"@type\":\"SearchAction\",\"target\":{\"@type\":\"EntryPoint\",\"urlTemplate\":\"https:\/\/jarchaespanol.com\/?s={search_term_string}\"},\"query-input\":{\"@type\":\"PropertyValueSpecification\",\"valueRequired\":true,\"valueName\":\"search_term_string\"}}],\"inLanguage\":\"en-US\"},{\"@type\":\"Organization\",\"@id\":\"https:\/\/jarchaespanol.com\/#organization\",\"name\":\"Jarcha Espa\u00f1ol\",\"url\":\"https:\/\/jarchaespanol.com\/\",\"logo\":{\"@type\":\"ImageObject\",\"inLanguage\":\"en-US\",\"@id\":\"https:\/\/jarchaespanol.com\/#\/schema\/logo\/image\/\",\"url\":\"https:\/\/jarchaespanol.com\/wp-content\/uploads\/2022\/03\/logo-factura-2.png\",\"contentUrl\":\"https:\/\/jarchaespanol.com\/wp-content\/uploads\/2022\/03\/logo-factura-2.png\",\"width\":474,\"height\":177,\"caption\":\"Jarcha Espa\u00f1ol\"},\"image\":{\"@id\":\"https:\/\/jarchaespanol.com\/#\/schema\/logo\/image\/\"}}]}<\/script>\n<!-- \/ Yoast SEO plugin. -->","yoast_head_json":{"title":"Spanish online - Monthly themed sessions - Jarcha Espa\u00f1ol","description":"Spanish online - Monthly themed sessions - Jarcha Espa\u00f1ol - Espa\u00f1ol como Lengua Extranjera. Clases de espa\u00f1ol online.","robots":{"index":"index","follow":"follow","max-snippet":"max-snippet:-1","max-image-preview":"max-image-preview:large","max-video-preview":"max-video-preview:-1"},"canonical":"https:\/\/jarchaespanol.com\/en\/servicios\/teaching\/online-spanish\/other-small-group-classes\/monthly-gathering-in-small-group\/","og_locale":"en_US","og_type":"article","og_title":"Spanish online - Monthly themed sessions - Jarcha Espa\u00f1ol","og_description":"Spanish online - Monthly themed sessions - Jarcha Espa\u00f1ol - Espa\u00f1ol como Lengua Extranjera. Clases de espa\u00f1ol online.","og_url":"https:\/\/jarchaespanol.com\/en\/servicios\/teaching\/online-spanish\/other-small-group-classes\/monthly-gathering-in-small-group\/","og_site_name":"Jarcha Espa\u00f1ol","article_modified_time":"2026-02-03T12:54:43+00:00","og_image":[{"width":1850,"height":1850,"url":"https:\/\/jarchaespanol.com\/wp-content\/uploads\/2024\/01\/TERTULIA-MENSUAL-ONLINE.jpg","type":"image\/jpeg"}],"twitter_card":"summary_large_image","schema":{"@context":"https:\/\/schema.org","@graph":[{"@type":"WebPage","@id":"https:\/\/jarchaespanol.com\/en\/servicios\/teaching\/online-spanish\/other-small-group-classes\/monthly-gathering-in-small-group\/","url":"https:\/\/jarchaespanol.com\/en\/servicios\/teaching\/online-spanish\/other-small-group-classes\/monthly-gathering-in-small-group\/","name":"Spanish online - Monthly themed sessions - Jarcha Espa\u00f1ol","isPartOf":{"@id":"https:\/\/jarchaespanol.com\/#website"},"primaryImageOfPage":{"@id":"https:\/\/jarchaespanol.com\/en\/servicios\/teaching\/online-spanish\/other-small-group-classes\/monthly-gathering-in-small-group\/#primaryimage"},"image":{"@id":"https:\/\/jarchaespanol.com\/en\/servicios\/teaching\/online-spanish\/other-small-group-classes\/monthly-gathering-in-small-group\/#primaryimage"},"thumbnailUrl":"https:\/\/jarchaespanol.com\/wp-content\/uploads\/2024\/01\/TERTULIA-MENSUAL-ONLINE.jpg","datePublished":"2024-01-31T11:51:54+00:00","dateModified":"2026-02-03T12:54:43+00:00","description":"Spanish online - Monthly themed sessions - Jarcha Espa\u00f1ol - Espa\u00f1ol como Lengua Extranjera. Clases de espa\u00f1ol online.","breadcrumb":{"@id":"https:\/\/jarchaespanol.com\/en\/servicios\/teaching\/online-spanish\/other-small-group-classes\/monthly-gathering-in-small-group\/#breadcrumb"},"inLanguage":"en-US","potentialAction":[{"@type":"ReadAction","target":["https:\/\/jarchaespanol.com\/en\/servicios\/teaching\/online-spanish\/other-small-group-classes\/monthly-gathering-in-small-group\/"]}]},{"@type":"ImageObject","inLanguage":"en-US","@id":"https:\/\/jarchaespanol.com\/en\/servicios\/teaching\/online-spanish\/other-small-group-classes\/monthly-gathering-in-small-group\/#primaryimage","url":"https:\/\/jarchaespanol.com\/wp-content\/uploads\/2024\/01\/TERTULIA-MENSUAL-ONLINE.jpg","contentUrl":"https:\/\/jarchaespanol.com\/wp-content\/uploads\/2024\/01\/TERTULIA-MENSUAL-ONLINE.jpg","width":1850,"height":1850},{"@type":"BreadcrumbList","@id":"https:\/\/jarchaespanol.com\/en\/servicios\/teaching\/online-spanish\/other-small-group-classes\/monthly-gathering-in-small-group\/#breadcrumb","itemListElement":[{"@type":"ListItem","position":1,"name":"Home","item":"https:\/\/jarchaespanol.com\/"},{"@type":"ListItem","position":2,"name":"Shop","item":"https:\/\/jarchaespanol.com\/tienda\/"},{"@type":"ListItem","position":3,"name":"Spanish online &#8211; Monthly themed sessions"}]},{"@type":"WebSite","@id":"https:\/\/jarchaespanol.com\/#website","url":"https:\/\/jarchaespanol.com\/","name":"Jarcha Espa\u00f1ol","description":"Plataforma en l\u00ednea especializada en la comunicaci\u00f3n y en la formaci\u00f3n en espa\u00f1ol. Aprende espa\u00f1ol online.","publisher":{"@id":"https:\/\/jarchaespanol.com\/#organization"},"potentialAction":[{"@type":"SearchAction","target":{"@type":"EntryPoint","urlTemplate":"https:\/\/jarchaespanol.com\/?s={search_term_string}"},"query-input":{"@type":"PropertyValueSpecification","valueRequired":true,"valueName":"search_term_string"}}],"inLanguage":"en-US"},{"@type":"Organization","@id":"https:\/\/jarchaespanol.com\/#organization","name":"Jarcha Espa\u00f1ol","url":"https:\/\/jarchaespanol.com\/","logo":{"@type":"ImageObject","inLanguage":"en-US","@id":"https:\/\/jarchaespanol.com\/#\/schema\/logo\/image\/","url":"https:\/\/jarchaespanol.com\/wp-content\/uploads\/2022\/03\/logo-factura-2.png","contentUrl":"https:\/\/jarchaespanol.com\/wp-content\/uploads\/2022\/03\/logo-factura-2.png","width":474,"height":177,"caption":"Jarcha Espa\u00f1ol"},"image":{"@id":"https:\/\/jarchaespanol.com\/#\/schema\/logo\/image\/"}}]}},"_links":{"self":[{"href":"https:\/\/jarchaespanol.com\/en\/wp-json\/wp\/v2\/product\/10983","targetHints":{"allow":["GET"]}}],"collection":[{"href":"https:\/\/jarchaespanol.com\/en\/wp-json\/wp\/v2\/product"}],"about":[{"href":"https:\/\/jarchaespanol.com\/en\/wp-json\/wp\/v2\/types\/product"}],"replies":[{"embeddable":true,"href":"https:\/\/jarchaespanol.com\/en\/wp-json\/wp\/v2\/comments?post=10983"}],"wp:featuredmedia":[{"embeddable":true,"href":"https:\/\/jarchaespanol.com\/en\/wp-json\/wp\/v2\/media\/17695"}],"wp:attachment":[{"href":"https:\/\/jarchaespanol.com\/en\/wp-json\/wp\/v2\/media?parent=10983"}],"wp:term":[{"taxonomy":"product_brand","embeddable":true,"href":"https:\/\/jarchaespanol.com\/en\/wp-json\/wp\/v2\/product_brand?post=10983"},{"taxonomy":"product_cat","embeddable":true,"href":"https:\/\/jarchaespanol.com\/en\/wp-json\/wp\/v2\/product_cat?post=10983"},{"taxonomy":"product_tag","embeddable":true,"href":"https:\/\/jarchaespanol.com\/en\/wp-json\/wp\/v2\/product_tag?post=10983"}],"curies":[{"name":"wp","href":"https:\/\/api.w.org\/{rel}","templated":true}]}}