{"id":12930,"date":"2024-09-04T12:39:25","date_gmt":"2024-09-04T10:39:25","guid":{"rendered":"https:\/\/jarchaespanol.com\/?post_type=product&#038;p=12930"},"modified":"2024-10-23T12:39:43","modified_gmt":"2024-10-23T10:39:43","slug":"spanish-in-person-dele-preparation-in-small-group","status":"publish","type":"product","link":"https:\/\/jarchaespanol.com\/en\/servicios\/uncategorized\/spanish-in-person-dele-preparation-in-small-group\/","title":{"rendered":"Spanish in-Person &#8211; DELE Preparation in Small Group"},"content":{"rendered":"<p>If you have reached this point without knowing where Jarcha Espa\u00f1ol is located, we inform you that we are in Vigo, a prominent town in Galicia, in the northwest of Spain. If you are already in Vigo, you are in the right place to start your learning with us! And if you also want to take advantage of your stay to prepare for the <span style=\"color: #882437;\"><a style=\"color: #882437;\" href=\"https:\/\/jarchaespanol.com\/en\/dele\/\"><strong>DELE<\/strong><\/a><\/span>, we invite you to do so while discovering our city, its culture, and its surroundings. You will be part of a small group of students with the same goals and will enjoy interacting with them in very dynamic and participative classes. Our teaching team will guide you in each of the key competencies of the exam, offering you individualized attention that will help you obtain your diploma successfully.<\/p>\n<p>&nbsp;<\/p>\n<p><strong>How to enroll in our courses?<\/strong><br \/>\nSimply complete this <strong><a href=\"https:\/\/docs.google.com\/forms\/d\/11U-a2s6ZE3xuG7UohGFWpLUJo7eSTsvHQZfarNNKR4I\/\" target=\"_blank\" rel=\"noopener\"><span style=\"color: #800000;\">form<\/span><\/a>.<\/strong> Once the group of your choice is complete, you will receive an email with instructions to complete the registration and payment through our website.<\/p>\n","protected":false},"excerpt":{"rendered":"<p>If you have reached this point without knowing where Jarcha Espa\u00f1ol is located, we inform you that we are in Vigo, a prominent town in Galicia, in the northwest of Spain. If you are already in Vigo, you are in the right place to start your learning with us! And if you also want to [&hellip;]<\/p>\n","protected":false},"featured_media":12553,"comment_status":"open","ping_status":"closed","template":"","meta":{"inline_featured_image":false,"_joinchat":[]},"product_brand":[],"product_cat":[],"product_tag":[],"class_list":{"0":"post-12930","1":"product","2":"type-product","3":"status-publish","4":"has-post-thumbnail","7":"first","8":"instock","9":"shipping-taxable","10":"purchasable","11":"product-type-variable"},"yoast_head":"<!-- This site is optimized with the Yoast SEO plugin v26.8 - https:\/\/yoast.com\/product\/yoast-seo-wordpress\/ -->\n<title>Spanish in-Person - DELE Preparation in Small Group - Jarcha Espa\u00f1ol<\/title>\n<meta name=\"description\" content=\"Spanish in-Person - DELE Preparation in Small Group - Jarcha Espa\u00f1ol - Espa\u00f1ol como Lengua Extranjera. Clases de espa\u00f1ol online.\" \/>\n<meta name=\"robots\" content=\"index, follow, max-snippet:-1, max-image-preview:large, max-video-preview:-1\" \/>\n<link rel=\"canonical\" href=\"https:\/\/jarchaespanol.com\/en\/servicios\/uncategorized\/spanish-in-person-dele-preparation-in-small-group\/\" \/>\n<meta property=\"og:locale\" content=\"en_US\" \/>\n<meta property=\"og:type\" content=\"article\" \/>\n<meta property=\"og:title\" content=\"Spanish in-Person - DELE Preparation in Small Group - Jarcha Espa\u00f1ol\" \/>\n<meta property=\"og:description\" content=\"Spanish in-Person - DELE Preparation in Small Group - Jarcha Espa\u00f1ol - Espa\u00f1ol como Lengua Extranjera. Clases de espa\u00f1ol online.\" \/>\n<meta property=\"og:url\" content=\"https:\/\/jarchaespanol.com\/en\/servicios\/teaching\/in-person-spanish\/small-group-classes-en\/spanish-in-person-dele-preparation-in-small-group\/\" \/>\n<meta property=\"og:site_name\" content=\"Jarcha Espa\u00f1ol\" \/>\n<meta property=\"article:modified_time\" content=\"2024-10-23T10:39:43+00:00\" \/>\n<meta property=\"og:image\" content=\"https:\/\/jarchaespanol.com\/wp-content\/uploads\/2024\/08\/curso-dele-espanol-grupo.png\" \/>\n\t<meta property=\"og:image:width\" content=\"600\" \/>\n\t<meta property=\"og:image:height\" content=\"600\" \/>\n\t<meta property=\"og:image:type\" content=\"image\/png\" \/>\n<meta name=\"twitter:card\" content=\"summary_large_image\" \/>\n<script type=\"application\/ld+json\" class=\"yoast-schema-graph\">{\"@context\":\"https:\/\/schema.org\",\"@graph\":[{\"@type\":\"WebPage\",\"@id\":\"https:\/\/jarchaespanol.com\/en\/servicios\/teaching\/in-person-spanish\/small-group-classes-en\/spanish-in-person-dele-preparation-in-small-group\/\",\"url\":\"https:\/\/jarchaespanol.com\/en\/servicios\/teaching\/in-person-spanish\/small-group-classes-en\/spanish-in-person-dele-preparation-in-small-group\/\",\"name\":\"Spanish in-Person - DELE Preparation in Small Group - Jarcha Espa\u00f1ol\",\"isPartOf\":{\"@id\":\"https:\/\/jarchaespanol.com\/#website\"},\"primaryImageOfPage\":{\"@id\":\"https:\/\/jarchaespanol.com\/en\/servicios\/teaching\/in-person-spanish\/small-group-classes-en\/spanish-in-person-dele-preparation-in-small-group\/#primaryimage\"},\"image\":{\"@id\":\"https:\/\/jarchaespanol.com\/en\/servicios\/teaching\/in-person-spanish\/small-group-classes-en\/spanish-in-person-dele-preparation-in-small-group\/#primaryimage\"},\"thumbnailUrl\":\"https:\/\/jarchaespanol.com\/wp-content\/uploads\/2024\/08\/curso-dele-espanol-grupo.png\",\"datePublished\":\"2024-09-04T10:39:25+00:00\",\"dateModified\":\"2024-10-23T10:39:43+00:00\",\"description\":\"Spanish in-Person - DELE Preparation in Small Group - Jarcha Espa\u00f1ol - Espa\u00f1ol como Lengua Extranjera. Clases de espa\u00f1ol online.\",\"breadcrumb\":{\"@id\":\"https:\/\/jarchaespanol.com\/en\/servicios\/teaching\/in-person-spanish\/small-group-classes-en\/spanish-in-person-dele-preparation-in-small-group\/#breadcrumb\"},\"inLanguage\":\"en-US\",\"potentialAction\":[{\"@type\":\"ReadAction\",\"target\":[\"https:\/\/jarchaespanol.com\/en\/servicios\/teaching\/in-person-spanish\/small-group-classes-en\/spanish-in-person-dele-preparation-in-small-group\/\"]}]},{\"@type\":\"ImageObject\",\"inLanguage\":\"en-US\",\"@id\":\"https:\/\/jarchaespanol.com\/en\/servicios\/teaching\/in-person-spanish\/small-group-classes-en\/spanish-in-person-dele-preparation-in-small-group\/#primaryimage\",\"url\":\"https:\/\/jarchaespanol.com\/wp-content\/uploads\/2024\/08\/curso-dele-espanol-grupo.png\",\"contentUrl\":\"https:\/\/jarchaespanol.com\/wp-content\/uploads\/2024\/08\/curso-dele-espanol-grupo.png\",\"width\":600,\"height\":600},{\"@type\":\"BreadcrumbList\",\"@id\":\"https:\/\/jarchaespanol.com\/en\/servicios\/teaching\/in-person-spanish\/small-group-classes-en\/spanish-in-person-dele-preparation-in-small-group\/#breadcrumb\",\"itemListElement\":[{\"@type\":\"ListItem\",\"position\":1,\"name\":\"Home\",\"item\":\"https:\/\/jarchaespanol.com\/\"},{\"@type\":\"ListItem\",\"position\":2,\"name\":\"Shop\",\"item\":\"https:\/\/jarchaespanol.com\/tienda\/\"},{\"@type\":\"ListItem\",\"position\":3,\"name\":\"Spanish in-Person &#8211; DELE Preparation in Small Group\"}]},{\"@type\":\"WebSite\",\"@id\":\"https:\/\/jarchaespanol.com\/#website\",\"url\":\"https:\/\/jarchaespanol.com\/\",\"name\":\"Jarcha Espa\u00f1ol\",\"description\":\"Plataforma en l\u00ednea especializada en la comunicaci\u00f3n y en la formaci\u00f3n en espa\u00f1ol. Aprende espa\u00f1ol online.\",\"publisher\":{\"@id\":\"https:\/\/jarchaespanol.com\/#organization\"},\"potentialAction\":[{\"@type\":\"SearchAction\",\"target\":{\"@type\":\"EntryPoint\",\"urlTemplate\":\"https:\/\/jarchaespanol.com\/?s={search_term_string}\"},\"query-input\":{\"@type\":\"PropertyValueSpecification\",\"valueRequired\":true,\"valueName\":\"search_term_string\"}}],\"inLanguage\":\"en-US\"},{\"@type\":\"Organization\",\"@id\":\"https:\/\/jarchaespanol.com\/#organization\",\"name\":\"Jarcha Espa\u00f1ol\",\"url\":\"https:\/\/jarchaespanol.com\/\",\"logo\":{\"@type\":\"ImageObject\",\"inLanguage\":\"en-US\",\"@id\":\"https:\/\/jarchaespanol.com\/#\/schema\/logo\/image\/\",\"url\":\"https:\/\/jarchaespanol.com\/wp-content\/uploads\/2022\/03\/logo-factura-2.png\",\"contentUrl\":\"https:\/\/jarchaespanol.com\/wp-content\/uploads\/2022\/03\/logo-factura-2.png\",\"width\":474,\"height\":177,\"caption\":\"Jarcha Espa\u00f1ol\"},\"image\":{\"@id\":\"https:\/\/jarchaespanol.com\/#\/schema\/logo\/image\/\"}}]}<\/script>\n<!-- \/ Yoast SEO plugin. -->","yoast_head_json":{"title":"Spanish in-Person - DELE Preparation in Small Group - Jarcha Espa\u00f1ol","description":"Spanish in-Person - DELE Preparation in Small Group - Jarcha Espa\u00f1ol - Espa\u00f1ol como Lengua Extranjera. Clases de espa\u00f1ol online.","robots":{"index":"index","follow":"follow","max-snippet":"max-snippet:-1","max-image-preview":"max-image-preview:large","max-video-preview":"max-video-preview:-1"},"canonical":"https:\/\/jarchaespanol.com\/en\/servicios\/uncategorized\/spanish-in-person-dele-preparation-in-small-group\/","og_locale":"en_US","og_type":"article","og_title":"Spanish in-Person - DELE Preparation in Small Group - Jarcha Espa\u00f1ol","og_description":"Spanish in-Person - DELE Preparation in Small Group - Jarcha Espa\u00f1ol - Espa\u00f1ol como Lengua Extranjera. Clases de espa\u00f1ol online.","og_url":"https:\/\/jarchaespanol.com\/en\/servicios\/teaching\/in-person-spanish\/small-group-classes-en\/spanish-in-person-dele-preparation-in-small-group\/","og_site_name":"Jarcha Espa\u00f1ol","article_modified_time":"2024-10-23T10:39:43+00:00","og_image":[{"width":600,"height":600,"url":"https:\/\/jarchaespanol.com\/wp-content\/uploads\/2024\/08\/curso-dele-espanol-grupo.png","type":"image\/png"}],"twitter_card":"summary_large_image","schema":{"@context":"https:\/\/schema.org","@graph":[{"@type":"WebPage","@id":"https:\/\/jarchaespanol.com\/en\/servicios\/teaching\/in-person-spanish\/small-group-classes-en\/spanish-in-person-dele-preparation-in-small-group\/","url":"https:\/\/jarchaespanol.com\/en\/servicios\/teaching\/in-person-spanish\/small-group-classes-en\/spanish-in-person-dele-preparation-in-small-group\/","name":"Spanish in-Person - DELE Preparation in Small Group - Jarcha Espa\u00f1ol","isPartOf":{"@id":"https:\/\/jarchaespanol.com\/#website"},"primaryImageOfPage":{"@id":"https:\/\/jarchaespanol.com\/en\/servicios\/teaching\/in-person-spanish\/small-group-classes-en\/spanish-in-person-dele-preparation-in-small-group\/#primaryimage"},"image":{"@id":"https:\/\/jarchaespanol.com\/en\/servicios\/teaching\/in-person-spanish\/small-group-classes-en\/spanish-in-person-dele-preparation-in-small-group\/#primaryimage"},"thumbnailUrl":"https:\/\/jarchaespanol.com\/wp-content\/uploads\/2024\/08\/curso-dele-espanol-grupo.png","datePublished":"2024-09-04T10:39:25+00:00","dateModified":"2024-10-23T10:39:43+00:00","description":"Spanish in-Person - DELE Preparation in Small Group - Jarcha Espa\u00f1ol - Espa\u00f1ol como Lengua Extranjera. Clases de espa\u00f1ol online.","breadcrumb":{"@id":"https:\/\/jarchaespanol.com\/en\/servicios\/teaching\/in-person-spanish\/small-group-classes-en\/spanish-in-person-dele-preparation-in-small-group\/#breadcrumb"},"inLanguage":"en-US","potentialAction":[{"@type":"ReadAction","target":["https:\/\/jarchaespanol.com\/en\/servicios\/teaching\/in-person-spanish\/small-group-classes-en\/spanish-in-person-dele-preparation-in-small-group\/"]}]},{"@type":"ImageObject","inLanguage":"en-US","@id":"https:\/\/jarchaespanol.com\/en\/servicios\/teaching\/in-person-spanish\/small-group-classes-en\/spanish-in-person-dele-preparation-in-small-group\/#primaryimage","url":"https:\/\/jarchaespanol.com\/wp-content\/uploads\/2024\/08\/curso-dele-espanol-grupo.png","contentUrl":"https:\/\/jarchaespanol.com\/wp-content\/uploads\/2024\/08\/curso-dele-espanol-grupo.png","width":600,"height":600},{"@type":"BreadcrumbList","@id":"https:\/\/jarchaespanol.com\/en\/servicios\/teaching\/in-person-spanish\/small-group-classes-en\/spanish-in-person-dele-preparation-in-small-group\/#breadcrumb","itemListElement":[{"@type":"ListItem","position":1,"name":"Home","item":"https:\/\/jarchaespanol.com\/"},{"@type":"ListItem","position":2,"name":"Shop","item":"https:\/\/jarchaespanol.com\/tienda\/"},{"@type":"ListItem","position":3,"name":"Spanish in-Person &#8211; DELE Preparation in Small Group"}]},{"@type":"WebSite","@id":"https:\/\/jarchaespanol.com\/#website","url":"https:\/\/jarchaespanol.com\/","name":"Jarcha Espa\u00f1ol","description":"Plataforma en l\u00ednea especializada en la comunicaci\u00f3n y en la formaci\u00f3n en espa\u00f1ol. Aprende espa\u00f1ol online.","publisher":{"@id":"https:\/\/jarchaespanol.com\/#organization"},"potentialAction":[{"@type":"SearchAction","target":{"@type":"EntryPoint","urlTemplate":"https:\/\/jarchaespanol.com\/?s={search_term_string}"},"query-input":{"@type":"PropertyValueSpecification","valueRequired":true,"valueName":"search_term_string"}}],"inLanguage":"en-US"},{"@type":"Organization","@id":"https:\/\/jarchaespanol.com\/#organization","name":"Jarcha Espa\u00f1ol","url":"https:\/\/jarchaespanol.com\/","logo":{"@type":"ImageObject","inLanguage":"en-US","@id":"https:\/\/jarchaespanol.com\/#\/schema\/logo\/image\/","url":"https:\/\/jarchaespanol.com\/wp-content\/uploads\/2022\/03\/logo-factura-2.png","contentUrl":"https:\/\/jarchaespanol.com\/wp-content\/uploads\/2022\/03\/logo-factura-2.png","width":474,"height":177,"caption":"Jarcha Espa\u00f1ol"},"image":{"@id":"https:\/\/jarchaespanol.com\/#\/schema\/logo\/image\/"}}]}},"_links":{"self":[{"href":"https:\/\/jarchaespanol.com\/en\/wp-json\/wp\/v2\/product\/12930","targetHints":{"allow":["GET"]}}],"collection":[{"href":"https:\/\/jarchaespanol.com\/en\/wp-json\/wp\/v2\/product"}],"about":[{"href":"https:\/\/jarchaespanol.com\/en\/wp-json\/wp\/v2\/types\/product"}],"replies":[{"embeddable":true,"href":"https:\/\/jarchaespanol.com\/en\/wp-json\/wp\/v2\/comments?post=12930"}],"wp:featuredmedia":[{"embeddable":true,"href":"https:\/\/jarchaespanol.com\/en\/wp-json\/wp\/v2\/media\/12553"}],"wp:attachment":[{"href":"https:\/\/jarchaespanol.com\/en\/wp-json\/wp\/v2\/media?parent=12930"}],"wp:term":[{"taxonomy":"product_brand","embeddable":true,"href":"https:\/\/jarchaespanol.com\/en\/wp-json\/wp\/v2\/product_brand?post=12930"},{"taxonomy":"product_cat","embeddable":true,"href":"https:\/\/jarchaespanol.com\/en\/wp-json\/wp\/v2\/product_cat?post=12930"},{"taxonomy":"product_tag","embeddable":true,"href":"https:\/\/jarchaespanol.com\/en\/wp-json\/wp\/v2\/product_tag?post=12930"}],"curies":[{"name":"wp","href":"https:\/\/api.w.org\/{rel}","templated":true}]}}