{"id":16592,"date":"2025-05-27T00:19:33","date_gmt":"2025-05-26T22:19:33","guid":{"rendered":"https:\/\/jarchaespanol.com\/?post_type=product&#038;p=16592"},"modified":"2025-07-23T14:27:46","modified_gmt":"2025-07-23T12:27:46","slug":"spanish-online-preparation-for-other-exams-individual-lessons","status":"publish","type":"product","link":"https:\/\/jarchaespanol.com\/en\/servicios\/teaching\/online-spanish\/individual-classes\/spanish-online-preparation-for-other-exams-individual-lessons\/","title":{"rendered":"Spanish online \u2013 Preparation for other exams. Individual lessons"},"content":{"rendered":"<p>At Jarcha Espa\u00f1ol we help you prepare for a wide variety of official Spanish exams, both in Spain and in other countries. Whether you need to certify your level, improve your professional profile, or make progress in your studies, here you&#8217;ll find the specific preparation for the test you need to pass.<\/p>\n<p>&nbsp;<\/p>\n<h3><span style=\"color: #882437;\"><b>What other exams do we prepare at Jarcha Espa\u00f1ol?<\/b><\/span><\/h3>\n<p><span style=\"font-weight: 400;\">At Jarcha Espa\u00f1ol, we prepare for, among others, the following certifications and exams:<\/span><\/p>\n<p><b>Exams organized in Spain<\/b><\/p>\n<ul>\n<li style=\"font-weight: 400;\" aria-level=\"1\"><b>SIELE<\/b><span style=\"font-weight: 400;\"> (International Spanish Language Evaluation Service)<\/span><\/li>\n<li style=\"font-weight: 400;\" aria-level=\"1\"><b>DIE<\/b><span style=\"font-weight: 400;\"> (International Diploma of Spanish)<\/span><\/li>\n<li style=\"font-weight: 400;\" aria-level=\"1\"><b>University Spanish Certificates<\/b><span style=\"font-weight: 400;\"> (USAL esPro, University of Barcelona)<\/span><\/li>\n<\/ul>\n<p><b>Exams organized outside of Spain<\/b><\/p>\n<ul>\n<li style=\"font-weight: 400;\" aria-level=\"1\"><b>CELU<\/b><span style=\"font-weight: 400;\"> (Certificate of Spanish: Language and Use)<\/span><\/li>\n<li style=\"font-weight: 400;\" aria-level=\"1\"><b>CELA<\/b><span style=\"font-weight: 400;\"> (Certification of Spanish as an Additional Language)<\/span><\/li>\n<li style=\"font-weight: 400;\" aria-level=\"1\"><b>ECL<\/b><span style=\"font-weight: 400;\"> (European Consortium for the Certificate of Attainment in Modern Languages)<\/span><\/li>\n<li style=\"font-weight: 400;\" aria-level=\"1\"><b>Exams and Certifications in the United States<\/b><span style=\"font-weight: 400;\"> (AP Spanish, National Spanish Examinations, Checkpoint A and B)<\/span><\/li>\n<li style=\"font-weight: 400;\" aria-level=\"1\"><b>DSCG<\/b><span style=\"font-weight: 400;\"> (Dipl\u00f4me Sup\u00e9rieur de Comptabilit\u00e9 et de Gestion)<\/span><\/li>\n<li style=\"font-weight: 400;\" aria-level=\"1\"><b>DALF<\/b><span style=\"font-weight: 400;\"> (Dipl\u00f4me Approfondi de Langue Fran\u00e7aise)<\/span><\/li>\n<\/ul>\n<p><b>Exams and certifications in multiple countries, including Spain<\/b><\/p>\n<ul>\n<li style=\"font-weight: 400;\" aria-level=\"1\"><b>TELC<\/b><span style=\"font-weight: 400;\"> (The European Language Certificate)<\/span><\/li>\n<\/ul>\n<p><b>International Competitions<\/b><\/p>\n<ul>\n<li style=\"font-weight: 400;\" aria-level=\"1\"><b>Spanish Olympiads<\/b><span style=\"font-weight: 400;\">: Competitions for secondary school students, held in various countries<\/span><\/li>\n<\/ul>\n<p>&nbsp;<\/p>\n<p><iframe loading=\"lazy\" title=\"Maja. Olimpiadas de espa\u00f1ol en Cracovia. Polaco.\" width=\"900\" height=\"506\" src=\"https:\/\/www.youtube.com\/embed\/lQyqPdtT6iY?feature=oembed\" frameborder=\"0\" allow=\"accelerometer; autoplay; clipboard-write; encrypted-media; gyroscope; picture-in-picture; web-share\" referrerpolicy=\"strict-origin-when-cross-origin\" allowfullscreen><\/iframe><\/p>\n<p><iframe loading=\"lazy\" title=\"Maja. Olimpiadas de espa\u00f1ol en Cracovia. Espa\u00f1ol.\" width=\"900\" height=\"506\" src=\"https:\/\/www.youtube.com\/embed\/d3kUIyiLeko?feature=oembed\" frameborder=\"0\" allow=\"accelerometer; autoplay; clipboard-write; encrypted-media; gyroscope; picture-in-picture; web-share\" referrerpolicy=\"strict-origin-when-cross-origin\" allowfullscreen><\/iframe><\/p>\n<p>&nbsp;<br \/>\n<b>Level test<\/b><br \/>\n<a class=\"btn btn-jarcha\" href=\"https:\/\/docs.google.com\/forms\/d\/e\/1FAIpQLScMyzM92U1yRd7pyrAY6iNldme-eUzGKpzMkl9ZJUN072zVHw\/viewform?usp=sf_link\" target=\"_blank\" rel=\"noopener\"><span style=\"font-weight: 400;\"><i class=\"vc_btn3-icon fas fa-user-graduate\"><\/i> A1 <\/span><\/a> <a class=\"btn btn-jarcha\" href=\"https:\/\/docs.google.com\/forms\/d\/e\/1FAIpQLSctisEsdQt-A4UJe0KuWHLCDoTzLtXFWelAQNoauRGeyPcSUg\/viewform?usp=sf_link\" target=\"_blank\" rel=\"noopener\"><span style=\"font-weight: 400;\"><i class=\"vc_btn3-icon fas fa-user-graduate\"><\/i> A2 <\/span><\/a> <a class=\"btn btn-jarcha\" href=\"https:\/\/docs.google.com\/forms\/d\/e\/1FAIpQLSdNGeGMzvjiXYDQWm0ySq6zpqES6g3MFOjMnaYxYUgCeI3M7A\/viewform?usp=sf_link\" target=\"_blank\" rel=\"noopener\"><span style=\"font-weight: 400;\"><i class=\"vc_btn3-icon fas fa-user-graduate\"><\/i> B1 <\/span><\/a> <a class=\"btn btn-jarcha\" href=\"https:\/\/docs.google.com\/forms\/d\/e\/1FAIpQLSfHj2JP1zE2D1FUPS_FbH0zTUNzAJ1CEopeBKifrEwm5nMmsw\/viewform?usp=sf_link\" target=\"_blank\" rel=\"noopener\"><span style=\"font-weight: 400;\"><i class=\"vc_btn3-icon fas fa-user-graduate\"><\/i> B2 <\/span><\/a> <a class=\"btn btn-jarcha\" href=\"https:\/\/docs.google.com\/forms\/d\/e\/1FAIpQLSeUgWtLVaOwNh7sbMlg0a7C-zQG3OhJkbzS22VtItOdw6IVCQ\/viewform?usp=sf_link\" target=\"_blank\" rel=\"noopener\"><span style=\"font-weight: 400;\"><i class=\"vc_btn3-icon fas fa-user-graduate\"><\/i> C1 <\/span><\/a> <a class=\"btn btn-jarcha\" href=\"https:\/\/docs.google.com\/forms\/d\/e\/1FAIpQLScMlqLbAih6VOcu6jaiNdpp6wh9zkimMY9El8kqYbHZaRVInw\/viewform?usp=sf_link\" target=\"_blank\" rel=\"noopener\"><span style=\"font-weight: 400;\"><i class=\"vc_btn3-icon fas fa-user-graduate\"><\/i> C2 <\/span><\/a><\/p>\n","protected":false},"excerpt":{"rendered":"<p><span style=\"font-weight: 400;\">Master any Spanish test with our help<\/span><\/p>\n","protected":false},"featured_media":17548,"comment_status":"open","ping_status":"closed","template":"","meta":{"inline_featured_image":false,"_joinchat":[]},"product_brand":[],"product_cat":[856,472,458],"product_tag":[],"class_list":{"0":"post-16592","1":"product","2":"type-product","3":"status-publish","4":"has-post-thumbnail","6":"product_cat-individual-classes","7":"product_cat-online-spanish","8":"product_cat-teaching","10":"first","11":"instock","12":"shipping-taxable","13":"purchasable","14":"product-type-variable"},"yoast_head":"<!-- This site is optimized with the Yoast SEO plugin v26.8 - https:\/\/yoast.com\/product\/yoast-seo-wordpress\/ -->\n<title>Spanish online \u2013 Preparation for other exams. Individual lessons - Jarcha Espa\u00f1ol<\/title>\n<meta name=\"description\" content=\"Spanish online \u2013 Preparation for other exams. Individual lessons - Jarcha Espa\u00f1ol - Espa\u00f1ol como Lengua Extranjera. Clases de espa\u00f1ol online.\" \/>\n<meta name=\"robots\" content=\"index, follow, max-snippet:-1, max-image-preview:large, max-video-preview:-1\" \/>\n<link rel=\"canonical\" href=\"https:\/\/jarchaespanol.com\/en\/servicios\/teaching\/online-spanish\/individual-classes\/spanish-online-preparation-for-other-exams-individual-lessons\/\" \/>\n<meta property=\"og:locale\" content=\"en_US\" \/>\n<meta property=\"og:type\" content=\"article\" \/>\n<meta property=\"og:title\" content=\"Spanish online \u2013 Preparation for other exams. Individual lessons - Jarcha Espa\u00f1ol\" \/>\n<meta property=\"og:description\" content=\"Spanish online \u2013 Preparation for other exams. Individual lessons - Jarcha Espa\u00f1ol - Espa\u00f1ol como Lengua Extranjera. Clases de espa\u00f1ol online.\" \/>\n<meta property=\"og:url\" content=\"https:\/\/jarchaespanol.com\/en\/servicios\/teaching\/online-spanish\/individual-classes\/spanish-online-preparation-for-other-exams-individual-lessons\/\" \/>\n<meta property=\"og:site_name\" content=\"Jarcha Espa\u00f1ol\" \/>\n<meta property=\"article:modified_time\" content=\"2025-07-23T12:27:46+00:00\" \/>\n<meta property=\"og:image\" content=\"https:\/\/jarchaespanol.com\/wp-content\/uploads\/2025\/05\/ONLINE_OTRAS-PRUEBAS.jpg\" \/>\n\t<meta property=\"og:image:width\" content=\"900\" \/>\n\t<meta property=\"og:image:height\" content=\"933\" \/>\n\t<meta property=\"og:image:type\" content=\"image\/jpeg\" \/>\n<meta name=\"twitter:card\" content=\"summary_large_image\" \/>\n<script type=\"application\/ld+json\" class=\"yoast-schema-graph\">{\"@context\":\"https:\/\/schema.org\",\"@graph\":[{\"@type\":\"WebPage\",\"@id\":\"https:\/\/jarchaespanol.com\/en\/servicios\/teaching\/online-spanish\/individual-classes\/spanish-online-preparation-for-other-exams-individual-lessons\/\",\"url\":\"https:\/\/jarchaespanol.com\/en\/servicios\/teaching\/online-spanish\/individual-classes\/spanish-online-preparation-for-other-exams-individual-lessons\/\",\"name\":\"Spanish online \u2013 Preparation for other exams. Individual lessons - Jarcha Espa\u00f1ol\",\"isPartOf\":{\"@id\":\"https:\/\/jarchaespanol.com\/#website\"},\"primaryImageOfPage\":{\"@id\":\"https:\/\/jarchaespanol.com\/en\/servicios\/teaching\/online-spanish\/individual-classes\/spanish-online-preparation-for-other-exams-individual-lessons\/#primaryimage\"},\"image\":{\"@id\":\"https:\/\/jarchaespanol.com\/en\/servicios\/teaching\/online-spanish\/individual-classes\/spanish-online-preparation-for-other-exams-individual-lessons\/#primaryimage\"},\"thumbnailUrl\":\"https:\/\/jarchaespanol.com\/wp-content\/uploads\/2025\/05\/ONLINE_OTRAS-PRUEBAS.jpg\",\"datePublished\":\"2025-05-26T22:19:33+00:00\",\"dateModified\":\"2025-07-23T12:27:46+00:00\",\"description\":\"Spanish online \u2013 Preparation for other exams. Individual lessons - Jarcha Espa\u00f1ol - Espa\u00f1ol como Lengua Extranjera. Clases de espa\u00f1ol online.\",\"breadcrumb\":{\"@id\":\"https:\/\/jarchaespanol.com\/en\/servicios\/teaching\/online-spanish\/individual-classes\/spanish-online-preparation-for-other-exams-individual-lessons\/#breadcrumb\"},\"inLanguage\":\"en-US\",\"potentialAction\":[{\"@type\":\"ReadAction\",\"target\":[\"https:\/\/jarchaespanol.com\/en\/servicios\/teaching\/online-spanish\/individual-classes\/spanish-online-preparation-for-other-exams-individual-lessons\/\"]}]},{\"@type\":\"ImageObject\",\"inLanguage\":\"en-US\",\"@id\":\"https:\/\/jarchaespanol.com\/en\/servicios\/teaching\/online-spanish\/individual-classes\/spanish-online-preparation-for-other-exams-individual-lessons\/#primaryimage\",\"url\":\"https:\/\/jarchaespanol.com\/wp-content\/uploads\/2025\/05\/ONLINE_OTRAS-PRUEBAS.jpg\",\"contentUrl\":\"https:\/\/jarchaespanol.com\/wp-content\/uploads\/2025\/05\/ONLINE_OTRAS-PRUEBAS.jpg\",\"width\":900,\"height\":933},{\"@type\":\"BreadcrumbList\",\"@id\":\"https:\/\/jarchaespanol.com\/en\/servicios\/teaching\/online-spanish\/individual-classes\/spanish-online-preparation-for-other-exams-individual-lessons\/#breadcrumb\",\"itemListElement\":[{\"@type\":\"ListItem\",\"position\":1,\"name\":\"Home\",\"item\":\"https:\/\/jarchaespanol.com\/\"},{\"@type\":\"ListItem\",\"position\":2,\"name\":\"Shop\",\"item\":\"https:\/\/jarchaespanol.com\/tienda\/\"},{\"@type\":\"ListItem\",\"position\":3,\"name\":\"Spanish online \u2013 Preparation for other exams. Individual lessons\"}]},{\"@type\":\"WebSite\",\"@id\":\"https:\/\/jarchaespanol.com\/#website\",\"url\":\"https:\/\/jarchaespanol.com\/\",\"name\":\"Jarcha Espa\u00f1ol\",\"description\":\"Plataforma en l\u00ednea especializada en la comunicaci\u00f3n y en la formaci\u00f3n en espa\u00f1ol. Aprende espa\u00f1ol online.\",\"publisher\":{\"@id\":\"https:\/\/jarchaespanol.com\/#organization\"},\"potentialAction\":[{\"@type\":\"SearchAction\",\"target\":{\"@type\":\"EntryPoint\",\"urlTemplate\":\"https:\/\/jarchaespanol.com\/?s={search_term_string}\"},\"query-input\":{\"@type\":\"PropertyValueSpecification\",\"valueRequired\":true,\"valueName\":\"search_term_string\"}}],\"inLanguage\":\"en-US\"},{\"@type\":\"Organization\",\"@id\":\"https:\/\/jarchaespanol.com\/#organization\",\"name\":\"Jarcha Espa\u00f1ol\",\"url\":\"https:\/\/jarchaespanol.com\/\",\"logo\":{\"@type\":\"ImageObject\",\"inLanguage\":\"en-US\",\"@id\":\"https:\/\/jarchaespanol.com\/#\/schema\/logo\/image\/\",\"url\":\"https:\/\/jarchaespanol.com\/wp-content\/uploads\/2022\/03\/logo-factura-2.png\",\"contentUrl\":\"https:\/\/jarchaespanol.com\/wp-content\/uploads\/2022\/03\/logo-factura-2.png\",\"width\":474,\"height\":177,\"caption\":\"Jarcha Espa\u00f1ol\"},\"image\":{\"@id\":\"https:\/\/jarchaespanol.com\/#\/schema\/logo\/image\/\"}}]}<\/script>\n<!-- \/ Yoast SEO plugin. -->","yoast_head_json":{"title":"Spanish online \u2013 Preparation for other exams. Individual lessons - Jarcha Espa\u00f1ol","description":"Spanish online \u2013 Preparation for other exams. Individual lessons - Jarcha Espa\u00f1ol - Espa\u00f1ol como Lengua Extranjera. Clases de espa\u00f1ol online.","robots":{"index":"index","follow":"follow","max-snippet":"max-snippet:-1","max-image-preview":"max-image-preview:large","max-video-preview":"max-video-preview:-1"},"canonical":"https:\/\/jarchaespanol.com\/en\/servicios\/teaching\/online-spanish\/individual-classes\/spanish-online-preparation-for-other-exams-individual-lessons\/","og_locale":"en_US","og_type":"article","og_title":"Spanish online \u2013 Preparation for other exams. Individual lessons - Jarcha Espa\u00f1ol","og_description":"Spanish online \u2013 Preparation for other exams. Individual lessons - Jarcha Espa\u00f1ol - Espa\u00f1ol como Lengua Extranjera. Clases de espa\u00f1ol online.","og_url":"https:\/\/jarchaespanol.com\/en\/servicios\/teaching\/online-spanish\/individual-classes\/spanish-online-preparation-for-other-exams-individual-lessons\/","og_site_name":"Jarcha Espa\u00f1ol","article_modified_time":"2025-07-23T12:27:46+00:00","og_image":[{"width":900,"height":933,"url":"https:\/\/jarchaespanol.com\/wp-content\/uploads\/2025\/05\/ONLINE_OTRAS-PRUEBAS.jpg","type":"image\/jpeg"}],"twitter_card":"summary_large_image","schema":{"@context":"https:\/\/schema.org","@graph":[{"@type":"WebPage","@id":"https:\/\/jarchaespanol.com\/en\/servicios\/teaching\/online-spanish\/individual-classes\/spanish-online-preparation-for-other-exams-individual-lessons\/","url":"https:\/\/jarchaespanol.com\/en\/servicios\/teaching\/online-spanish\/individual-classes\/spanish-online-preparation-for-other-exams-individual-lessons\/","name":"Spanish online \u2013 Preparation for other exams. Individual lessons - Jarcha Espa\u00f1ol","isPartOf":{"@id":"https:\/\/jarchaespanol.com\/#website"},"primaryImageOfPage":{"@id":"https:\/\/jarchaespanol.com\/en\/servicios\/teaching\/online-spanish\/individual-classes\/spanish-online-preparation-for-other-exams-individual-lessons\/#primaryimage"},"image":{"@id":"https:\/\/jarchaespanol.com\/en\/servicios\/teaching\/online-spanish\/individual-classes\/spanish-online-preparation-for-other-exams-individual-lessons\/#primaryimage"},"thumbnailUrl":"https:\/\/jarchaespanol.com\/wp-content\/uploads\/2025\/05\/ONLINE_OTRAS-PRUEBAS.jpg","datePublished":"2025-05-26T22:19:33+00:00","dateModified":"2025-07-23T12:27:46+00:00","description":"Spanish online \u2013 Preparation for other exams. Individual lessons - Jarcha Espa\u00f1ol - Espa\u00f1ol como Lengua Extranjera. Clases de espa\u00f1ol online.","breadcrumb":{"@id":"https:\/\/jarchaespanol.com\/en\/servicios\/teaching\/online-spanish\/individual-classes\/spanish-online-preparation-for-other-exams-individual-lessons\/#breadcrumb"},"inLanguage":"en-US","potentialAction":[{"@type":"ReadAction","target":["https:\/\/jarchaespanol.com\/en\/servicios\/teaching\/online-spanish\/individual-classes\/spanish-online-preparation-for-other-exams-individual-lessons\/"]}]},{"@type":"ImageObject","inLanguage":"en-US","@id":"https:\/\/jarchaespanol.com\/en\/servicios\/teaching\/online-spanish\/individual-classes\/spanish-online-preparation-for-other-exams-individual-lessons\/#primaryimage","url":"https:\/\/jarchaespanol.com\/wp-content\/uploads\/2025\/05\/ONLINE_OTRAS-PRUEBAS.jpg","contentUrl":"https:\/\/jarchaespanol.com\/wp-content\/uploads\/2025\/05\/ONLINE_OTRAS-PRUEBAS.jpg","width":900,"height":933},{"@type":"BreadcrumbList","@id":"https:\/\/jarchaespanol.com\/en\/servicios\/teaching\/online-spanish\/individual-classes\/spanish-online-preparation-for-other-exams-individual-lessons\/#breadcrumb","itemListElement":[{"@type":"ListItem","position":1,"name":"Home","item":"https:\/\/jarchaespanol.com\/"},{"@type":"ListItem","position":2,"name":"Shop","item":"https:\/\/jarchaespanol.com\/tienda\/"},{"@type":"ListItem","position":3,"name":"Spanish online \u2013 Preparation for other exams. Individual lessons"}]},{"@type":"WebSite","@id":"https:\/\/jarchaespanol.com\/#website","url":"https:\/\/jarchaespanol.com\/","name":"Jarcha Espa\u00f1ol","description":"Plataforma en l\u00ednea especializada en la comunicaci\u00f3n y en la formaci\u00f3n en espa\u00f1ol. Aprende espa\u00f1ol online.","publisher":{"@id":"https:\/\/jarchaespanol.com\/#organization"},"potentialAction":[{"@type":"SearchAction","target":{"@type":"EntryPoint","urlTemplate":"https:\/\/jarchaespanol.com\/?s={search_term_string}"},"query-input":{"@type":"PropertyValueSpecification","valueRequired":true,"valueName":"search_term_string"}}],"inLanguage":"en-US"},{"@type":"Organization","@id":"https:\/\/jarchaespanol.com\/#organization","name":"Jarcha Espa\u00f1ol","url":"https:\/\/jarchaespanol.com\/","logo":{"@type":"ImageObject","inLanguage":"en-US","@id":"https:\/\/jarchaespanol.com\/#\/schema\/logo\/image\/","url":"https:\/\/jarchaespanol.com\/wp-content\/uploads\/2022\/03\/logo-factura-2.png","contentUrl":"https:\/\/jarchaespanol.com\/wp-content\/uploads\/2022\/03\/logo-factura-2.png","width":474,"height":177,"caption":"Jarcha Espa\u00f1ol"},"image":{"@id":"https:\/\/jarchaespanol.com\/#\/schema\/logo\/image\/"}}]}},"_links":{"self":[{"href":"https:\/\/jarchaespanol.com\/en\/wp-json\/wp\/v2\/product\/16592","targetHints":{"allow":["GET"]}}],"collection":[{"href":"https:\/\/jarchaespanol.com\/en\/wp-json\/wp\/v2\/product"}],"about":[{"href":"https:\/\/jarchaespanol.com\/en\/wp-json\/wp\/v2\/types\/product"}],"replies":[{"embeddable":true,"href":"https:\/\/jarchaespanol.com\/en\/wp-json\/wp\/v2\/comments?post=16592"}],"wp:featuredmedia":[{"embeddable":true,"href":"https:\/\/jarchaespanol.com\/en\/wp-json\/wp\/v2\/media\/17548"}],"wp:attachment":[{"href":"https:\/\/jarchaespanol.com\/en\/wp-json\/wp\/v2\/media?parent=16592"}],"wp:term":[{"taxonomy":"product_brand","embeddable":true,"href":"https:\/\/jarchaespanol.com\/en\/wp-json\/wp\/v2\/product_brand?post=16592"},{"taxonomy":"product_cat","embeddable":true,"href":"https:\/\/jarchaespanol.com\/en\/wp-json\/wp\/v2\/product_cat?post=16592"},{"taxonomy":"product_tag","embeddable":true,"href":"https:\/\/jarchaespanol.com\/en\/wp-json\/wp\/v2\/product_tag?post=16592"}],"curies":[{"name":"wp","href":"https:\/\/api.w.org\/{rel}","templated":true}]}}