{"id":16794,"date":"2025-05-29T20:06:54","date_gmt":"2025-05-29T18:06:54","guid":{"rendered":"https:\/\/jarchaespanol.com\/?post_type=product&#038;p=16794"},"modified":"2025-07-23T13:45:02","modified_gmt":"2025-07-23T11:45:02","slug":"spanish-in-person-ccse-preparation-individual-classes","status":"publish","type":"product","link":"https:\/\/jarchaespanol.com\/en\/servicios\/teaching\/in-person-spanish\/individual-classes-en\/spanish-in-person-ccse-preparation-individual-classes\/","title":{"rendered":"Spanish in-person \u2013 CCSE Preparation. Individual classes"},"content":{"rendered":"<p>Ensure your preparation for the <a href=\"https:\/\/jarchaespanol.com\/en\/ccse\/\"><span style=\"color: #882437;\"><strong>CCSE<\/strong><\/span><\/a> with individual in-person classes. With a personalized approach, we will work on the key exam content and answer all your questions so you can face the test with confidence. Additionally, you will receive <strong>exclusive support materials<\/strong>, including updated resources and practical exercises to reinforce your learning.<\/p>\n<p>&nbsp;<br \/>\n<b>Level test<\/b><br \/>\n<a class=\"btn btn-jarcha\" href=\"https:\/\/docs.google.com\/forms\/d\/e\/1FAIpQLScMyzM92U1yRd7pyrAY6iNldme-eUzGKpzMkl9ZJUN072zVHw\/viewform?usp=sf_link\" target=\"_blank\" rel=\"noopener\"><span style=\"font-weight: 400;\"><i class=\"vc_btn3-icon fas fa-user-graduate\"><\/i> A1 <\/span><\/a> <a class=\"btn btn-jarcha\" href=\"https:\/\/docs.google.com\/forms\/d\/e\/1FAIpQLSctisEsdQt-A4UJe0KuWHLCDoTzLtXFWelAQNoauRGeyPcSUg\/viewform?usp=sf_link\" target=\"_blank\" rel=\"noopener\"><span style=\"font-weight: 400;\"><i class=\"vc_btn3-icon fas fa-user-graduate\"><\/i> A2 <\/span><\/a> <a class=\"btn btn-jarcha\" href=\"https:\/\/docs.google.com\/forms\/d\/e\/1FAIpQLSdNGeGMzvjiXYDQWm0ySq6zpqES6g3MFOjMnaYxYUgCeI3M7A\/viewform?usp=sf_link\" target=\"_blank\" rel=\"noopener\"><span style=\"font-weight: 400;\"><i class=\"vc_btn3-icon fas fa-user-graduate\"><\/i> B1 <\/span><\/a> <a class=\"btn btn-jarcha\" href=\"https:\/\/docs.google.com\/forms\/d\/e\/1FAIpQLSfHj2JP1zE2D1FUPS_FbH0zTUNzAJ1CEopeBKifrEwm5nMmsw\/viewform?usp=sf_link\" target=\"_blank\" rel=\"noopener\"><span style=\"font-weight: 400;\"><i class=\"vc_btn3-icon fas fa-user-graduate\"><\/i> B2 <\/span><\/a> <a class=\"btn btn-jarcha\" href=\"https:\/\/docs.google.com\/forms\/d\/e\/1FAIpQLSeUgWtLVaOwNh7sbMlg0a7C-zQG3OhJkbzS22VtItOdw6IVCQ\/viewform?usp=sf_link\" target=\"_blank\" rel=\"noopener\"><span style=\"font-weight: 400;\"><i class=\"vc_btn3-icon fas fa-user-graduate\"><\/i> C1 <\/span><\/a> <a class=\"btn btn-jarcha\" href=\"https:\/\/docs.google.com\/forms\/d\/e\/1FAIpQLScMlqLbAih6VOcu6jaiNdpp6wh9zkimMY9El8kqYbHZaRVInw\/viewform?usp=sf_link\" target=\"_blank\" rel=\"noopener\"><span style=\"font-weight: 400;\"><i class=\"vc_btn3-icon fas fa-user-graduate\"><\/i> C2 <\/span><\/a><\/p>\n","protected":false},"excerpt":{"rendered":"<p><span style=\"font-weight: 400;\">Obtain your nationality with individual face-to-face preparation<\/span><\/p>\n","protected":false},"featured_media":17443,"comment_status":"open","ping_status":"closed","template":"","meta":{"inline_featured_image":false,"_joinchat":[]},"product_brand":[],"product_cat":[871,867,458],"product_tag":[],"class_list":{"0":"post-16794","1":"product","2":"type-product","3":"status-publish","4":"has-post-thumbnail","6":"product_cat-in-person-spanish","7":"product_cat-individual-classes-en","8":"product_cat-teaching","10":"first","11":"instock","12":"shipping-taxable","13":"purchasable","14":"product-type-variable"},"yoast_head":"<!-- This site is optimized with the Yoast SEO plugin v26.8 - https:\/\/yoast.com\/product\/yoast-seo-wordpress\/ -->\n<title>Spanish in-person \u2013 CCSE Preparation. Individual classes - Jarcha Espa\u00f1ol<\/title>\n<meta name=\"description\" content=\"Spanish in-person \u2013 CCSE Preparation. Individual classes - Jarcha Espa\u00f1ol - Espa\u00f1ol como Lengua Extranjera. Clases de espa\u00f1ol online.\" \/>\n<meta name=\"robots\" content=\"index, follow, max-snippet:-1, max-image-preview:large, max-video-preview:-1\" \/>\n<link rel=\"canonical\" href=\"https:\/\/jarchaespanol.com\/en\/servicios\/teaching\/in-person-spanish\/individual-classes-en\/spanish-in-person-ccse-preparation-individual-classes\/\" \/>\n<meta property=\"og:locale\" content=\"en_US\" \/>\n<meta property=\"og:type\" content=\"article\" \/>\n<meta property=\"og:title\" content=\"Spanish in-person \u2013 CCSE Preparation. Individual classes - Jarcha Espa\u00f1ol\" \/>\n<meta property=\"og:description\" content=\"Spanish in-person \u2013 CCSE Preparation. Individual classes - Jarcha Espa\u00f1ol - Espa\u00f1ol como Lengua Extranjera. Clases de espa\u00f1ol online.\" \/>\n<meta property=\"og:url\" content=\"https:\/\/jarchaespanol.com\/en\/servicios\/teaching\/in-person-spanish\/individual-classes-en\/spanish-in-person-ccse-preparation-individual-classes\/\" \/>\n<meta property=\"og:site_name\" content=\"Jarcha Espa\u00f1ol\" \/>\n<meta property=\"article:modified_time\" content=\"2025-07-23T11:45:02+00:00\" \/>\n<meta property=\"og:image\" content=\"https:\/\/jarchaespanol.com\/wp-content\/uploads\/2025\/05\/ccse.jpg\" \/>\n\t<meta property=\"og:image:width\" content=\"1029\" \/>\n\t<meta property=\"og:image:height\" content=\"1029\" \/>\n\t<meta property=\"og:image:type\" content=\"image\/jpeg\" \/>\n<meta name=\"twitter:card\" content=\"summary_large_image\" \/>\n<script type=\"application\/ld+json\" class=\"yoast-schema-graph\">{\"@context\":\"https:\/\/schema.org\",\"@graph\":[{\"@type\":\"WebPage\",\"@id\":\"https:\/\/jarchaespanol.com\/en\/servicios\/teaching\/in-person-spanish\/individual-classes-en\/spanish-in-person-ccse-preparation-individual-classes\/\",\"url\":\"https:\/\/jarchaespanol.com\/en\/servicios\/teaching\/in-person-spanish\/individual-classes-en\/spanish-in-person-ccse-preparation-individual-classes\/\",\"name\":\"Spanish in-person \u2013 CCSE Preparation. Individual classes - Jarcha Espa\u00f1ol\",\"isPartOf\":{\"@id\":\"https:\/\/jarchaespanol.com\/#website\"},\"primaryImageOfPage\":{\"@id\":\"https:\/\/jarchaespanol.com\/en\/servicios\/teaching\/in-person-spanish\/individual-classes-en\/spanish-in-person-ccse-preparation-individual-classes\/#primaryimage\"},\"image\":{\"@id\":\"https:\/\/jarchaespanol.com\/en\/servicios\/teaching\/in-person-spanish\/individual-classes-en\/spanish-in-person-ccse-preparation-individual-classes\/#primaryimage\"},\"thumbnailUrl\":\"https:\/\/jarchaespanol.com\/wp-content\/uploads\/2025\/05\/ccse.jpg\",\"datePublished\":\"2025-05-29T18:06:54+00:00\",\"dateModified\":\"2025-07-23T11:45:02+00:00\",\"description\":\"Spanish in-person \u2013 CCSE Preparation. Individual classes - Jarcha Espa\u00f1ol - Espa\u00f1ol como Lengua Extranjera. Clases de espa\u00f1ol online.\",\"breadcrumb\":{\"@id\":\"https:\/\/jarchaespanol.com\/en\/servicios\/teaching\/in-person-spanish\/individual-classes-en\/spanish-in-person-ccse-preparation-individual-classes\/#breadcrumb\"},\"inLanguage\":\"en-US\",\"potentialAction\":[{\"@type\":\"ReadAction\",\"target\":[\"https:\/\/jarchaespanol.com\/en\/servicios\/teaching\/in-person-spanish\/individual-classes-en\/spanish-in-person-ccse-preparation-individual-classes\/\"]}]},{\"@type\":\"ImageObject\",\"inLanguage\":\"en-US\",\"@id\":\"https:\/\/jarchaespanol.com\/en\/servicios\/teaching\/in-person-spanish\/individual-classes-en\/spanish-in-person-ccse-preparation-individual-classes\/#primaryimage\",\"url\":\"https:\/\/jarchaespanol.com\/wp-content\/uploads\/2025\/05\/ccse.jpg\",\"contentUrl\":\"https:\/\/jarchaespanol.com\/wp-content\/uploads\/2025\/05\/ccse.jpg\",\"width\":1029,\"height\":1029},{\"@type\":\"BreadcrumbList\",\"@id\":\"https:\/\/jarchaespanol.com\/en\/servicios\/teaching\/in-person-spanish\/individual-classes-en\/spanish-in-person-ccse-preparation-individual-classes\/#breadcrumb\",\"itemListElement\":[{\"@type\":\"ListItem\",\"position\":1,\"name\":\"Home\",\"item\":\"https:\/\/jarchaespanol.com\/\"},{\"@type\":\"ListItem\",\"position\":2,\"name\":\"Shop\",\"item\":\"https:\/\/jarchaespanol.com\/tienda\/\"},{\"@type\":\"ListItem\",\"position\":3,\"name\":\"Spanish in-person \u2013 CCSE Preparation. Individual classes\"}]},{\"@type\":\"WebSite\",\"@id\":\"https:\/\/jarchaespanol.com\/#website\",\"url\":\"https:\/\/jarchaespanol.com\/\",\"name\":\"Jarcha Espa\u00f1ol\",\"description\":\"Plataforma en l\u00ednea especializada en la comunicaci\u00f3n y en la formaci\u00f3n en espa\u00f1ol. Aprende espa\u00f1ol online.\",\"publisher\":{\"@id\":\"https:\/\/jarchaespanol.com\/#organization\"},\"potentialAction\":[{\"@type\":\"SearchAction\",\"target\":{\"@type\":\"EntryPoint\",\"urlTemplate\":\"https:\/\/jarchaespanol.com\/?s={search_term_string}\"},\"query-input\":{\"@type\":\"PropertyValueSpecification\",\"valueRequired\":true,\"valueName\":\"search_term_string\"}}],\"inLanguage\":\"en-US\"},{\"@type\":\"Organization\",\"@id\":\"https:\/\/jarchaespanol.com\/#organization\",\"name\":\"Jarcha Espa\u00f1ol\",\"url\":\"https:\/\/jarchaespanol.com\/\",\"logo\":{\"@type\":\"ImageObject\",\"inLanguage\":\"en-US\",\"@id\":\"https:\/\/jarchaespanol.com\/#\/schema\/logo\/image\/\",\"url\":\"https:\/\/jarchaespanol.com\/wp-content\/uploads\/2022\/03\/logo-factura-2.png\",\"contentUrl\":\"https:\/\/jarchaespanol.com\/wp-content\/uploads\/2022\/03\/logo-factura-2.png\",\"width\":474,\"height\":177,\"caption\":\"Jarcha Espa\u00f1ol\"},\"image\":{\"@id\":\"https:\/\/jarchaespanol.com\/#\/schema\/logo\/image\/\"}}]}<\/script>\n<!-- \/ Yoast SEO plugin. -->","yoast_head_json":{"title":"Spanish in-person \u2013 CCSE Preparation. Individual classes - Jarcha Espa\u00f1ol","description":"Spanish in-person \u2013 CCSE Preparation. Individual classes - Jarcha Espa\u00f1ol - Espa\u00f1ol como Lengua Extranjera. Clases de espa\u00f1ol online.","robots":{"index":"index","follow":"follow","max-snippet":"max-snippet:-1","max-image-preview":"max-image-preview:large","max-video-preview":"max-video-preview:-1"},"canonical":"https:\/\/jarchaespanol.com\/en\/servicios\/teaching\/in-person-spanish\/individual-classes-en\/spanish-in-person-ccse-preparation-individual-classes\/","og_locale":"en_US","og_type":"article","og_title":"Spanish in-person \u2013 CCSE Preparation. Individual classes - Jarcha Espa\u00f1ol","og_description":"Spanish in-person \u2013 CCSE Preparation. Individual classes - Jarcha Espa\u00f1ol - Espa\u00f1ol como Lengua Extranjera. Clases de espa\u00f1ol online.","og_url":"https:\/\/jarchaespanol.com\/en\/servicios\/teaching\/in-person-spanish\/individual-classes-en\/spanish-in-person-ccse-preparation-individual-classes\/","og_site_name":"Jarcha Espa\u00f1ol","article_modified_time":"2025-07-23T11:45:02+00:00","og_image":[{"width":1029,"height":1029,"url":"https:\/\/jarchaespanol.com\/wp-content\/uploads\/2025\/05\/ccse.jpg","type":"image\/jpeg"}],"twitter_card":"summary_large_image","schema":{"@context":"https:\/\/schema.org","@graph":[{"@type":"WebPage","@id":"https:\/\/jarchaespanol.com\/en\/servicios\/teaching\/in-person-spanish\/individual-classes-en\/spanish-in-person-ccse-preparation-individual-classes\/","url":"https:\/\/jarchaespanol.com\/en\/servicios\/teaching\/in-person-spanish\/individual-classes-en\/spanish-in-person-ccse-preparation-individual-classes\/","name":"Spanish in-person \u2013 CCSE Preparation. Individual classes - Jarcha Espa\u00f1ol","isPartOf":{"@id":"https:\/\/jarchaespanol.com\/#website"},"primaryImageOfPage":{"@id":"https:\/\/jarchaespanol.com\/en\/servicios\/teaching\/in-person-spanish\/individual-classes-en\/spanish-in-person-ccse-preparation-individual-classes\/#primaryimage"},"image":{"@id":"https:\/\/jarchaespanol.com\/en\/servicios\/teaching\/in-person-spanish\/individual-classes-en\/spanish-in-person-ccse-preparation-individual-classes\/#primaryimage"},"thumbnailUrl":"https:\/\/jarchaespanol.com\/wp-content\/uploads\/2025\/05\/ccse.jpg","datePublished":"2025-05-29T18:06:54+00:00","dateModified":"2025-07-23T11:45:02+00:00","description":"Spanish in-person \u2013 CCSE Preparation. Individual classes - Jarcha Espa\u00f1ol - Espa\u00f1ol como Lengua Extranjera. Clases de espa\u00f1ol online.","breadcrumb":{"@id":"https:\/\/jarchaespanol.com\/en\/servicios\/teaching\/in-person-spanish\/individual-classes-en\/spanish-in-person-ccse-preparation-individual-classes\/#breadcrumb"},"inLanguage":"en-US","potentialAction":[{"@type":"ReadAction","target":["https:\/\/jarchaespanol.com\/en\/servicios\/teaching\/in-person-spanish\/individual-classes-en\/spanish-in-person-ccse-preparation-individual-classes\/"]}]},{"@type":"ImageObject","inLanguage":"en-US","@id":"https:\/\/jarchaespanol.com\/en\/servicios\/teaching\/in-person-spanish\/individual-classes-en\/spanish-in-person-ccse-preparation-individual-classes\/#primaryimage","url":"https:\/\/jarchaespanol.com\/wp-content\/uploads\/2025\/05\/ccse.jpg","contentUrl":"https:\/\/jarchaespanol.com\/wp-content\/uploads\/2025\/05\/ccse.jpg","width":1029,"height":1029},{"@type":"BreadcrumbList","@id":"https:\/\/jarchaespanol.com\/en\/servicios\/teaching\/in-person-spanish\/individual-classes-en\/spanish-in-person-ccse-preparation-individual-classes\/#breadcrumb","itemListElement":[{"@type":"ListItem","position":1,"name":"Home","item":"https:\/\/jarchaespanol.com\/"},{"@type":"ListItem","position":2,"name":"Shop","item":"https:\/\/jarchaespanol.com\/tienda\/"},{"@type":"ListItem","position":3,"name":"Spanish in-person \u2013 CCSE Preparation. Individual classes"}]},{"@type":"WebSite","@id":"https:\/\/jarchaespanol.com\/#website","url":"https:\/\/jarchaespanol.com\/","name":"Jarcha Espa\u00f1ol","description":"Plataforma en l\u00ednea especializada en la comunicaci\u00f3n y en la formaci\u00f3n en espa\u00f1ol. Aprende espa\u00f1ol online.","publisher":{"@id":"https:\/\/jarchaespanol.com\/#organization"},"potentialAction":[{"@type":"SearchAction","target":{"@type":"EntryPoint","urlTemplate":"https:\/\/jarchaespanol.com\/?s={search_term_string}"},"query-input":{"@type":"PropertyValueSpecification","valueRequired":true,"valueName":"search_term_string"}}],"inLanguage":"en-US"},{"@type":"Organization","@id":"https:\/\/jarchaespanol.com\/#organization","name":"Jarcha Espa\u00f1ol","url":"https:\/\/jarchaespanol.com\/","logo":{"@type":"ImageObject","inLanguage":"en-US","@id":"https:\/\/jarchaespanol.com\/#\/schema\/logo\/image\/","url":"https:\/\/jarchaespanol.com\/wp-content\/uploads\/2022\/03\/logo-factura-2.png","contentUrl":"https:\/\/jarchaespanol.com\/wp-content\/uploads\/2022\/03\/logo-factura-2.png","width":474,"height":177,"caption":"Jarcha Espa\u00f1ol"},"image":{"@id":"https:\/\/jarchaespanol.com\/#\/schema\/logo\/image\/"}}]}},"_links":{"self":[{"href":"https:\/\/jarchaespanol.com\/en\/wp-json\/wp\/v2\/product\/16794","targetHints":{"allow":["GET"]}}],"collection":[{"href":"https:\/\/jarchaespanol.com\/en\/wp-json\/wp\/v2\/product"}],"about":[{"href":"https:\/\/jarchaespanol.com\/en\/wp-json\/wp\/v2\/types\/product"}],"replies":[{"embeddable":true,"href":"https:\/\/jarchaespanol.com\/en\/wp-json\/wp\/v2\/comments?post=16794"}],"wp:featuredmedia":[{"embeddable":true,"href":"https:\/\/jarchaespanol.com\/en\/wp-json\/wp\/v2\/media\/17443"}],"wp:attachment":[{"href":"https:\/\/jarchaespanol.com\/en\/wp-json\/wp\/v2\/media?parent=16794"}],"wp:term":[{"taxonomy":"product_brand","embeddable":true,"href":"https:\/\/jarchaespanol.com\/en\/wp-json\/wp\/v2\/product_brand?post=16794"},{"taxonomy":"product_cat","embeddable":true,"href":"https:\/\/jarchaespanol.com\/en\/wp-json\/wp\/v2\/product_cat?post=16794"},{"taxonomy":"product_tag","embeddable":true,"href":"https:\/\/jarchaespanol.com\/en\/wp-json\/wp\/v2\/product_tag?post=16794"}],"curies":[{"name":"wp","href":"https:\/\/api.w.org\/{rel}","templated":true}]}}