{"id":16836,"date":"2025-05-29T20:20:29","date_gmt":"2025-05-29T18:20:29","guid":{"rendered":"https:\/\/jarchaespanol.com\/?post_type=product&#038;p=16836"},"modified":"2025-07-26T10:51:17","modified_gmt":"2025-07-26T08:51:17","slug":"spanish-in-person-preparation-for-ccse-in-a-small-group","status":"publish","type":"product","link":"https:\/\/jarchaespanol.com\/en\/servicios\/teaching\/in-person-spanish\/small-group-classes-en\/spanish-in-person-preparation-for-ccse-in-a-small-group\/","title":{"rendered":"Spanish in-person &#8211; Preparation for CCSE in a small group"},"content":{"rendered":"<p><span style=\"font-weight: 400;\">If you live in Vigo, at Jarcha Espa\u00f1ol you can prepare for the <a href=\"https:\/\/jarchaespanol.com\/en\/ccse\/\"><span style=\"color: #882437;\"><strong>CCSE<\/strong><\/span><\/a> exam with face-to-face classes in small groups, either with family members or other applicants for Spanish nationality. Learning together makes the process more enjoyable and effective.<br \/>\nDuring the sessions, we will work on both parts of the exam: the linguistic component, adapted to A2 level, and the constitutional and sociocultural contents, using dynamic and updated materials that will help you understand the country and pass the test with confidence.<br \/>\n&nbsp;<\/p>\n<p>Fill in the <span style=\"color: #882437;\"><a style=\"color: #882437;\" href=\"https:\/\/jarchaespanol.com\/en\/reservation-form-for-in-person-spanish-group-classes\/\"><strong>form<\/strong><\/a><\/span> indicating your Spanish level and your availability. If a compatible group is formed, we\u2019ll get in touch to start.<\/span><\/p>\n<p>&nbsp;<\/p>\n<p><b>Level test<\/b><br \/>\n<a class=\"btn btn-jarcha\" href=\"https:\/\/docs.google.com\/forms\/d\/e\/1FAIpQLScMyzM92U1yRd7pyrAY6iNldme-eUzGKpzMkl9ZJUN072zVHw\/viewform?usp=sf_link\" target=\"_blank\" rel=\"noopener\"><span style=\"font-weight: 400;\"><i class=\"vc_btn3-icon fas fa-user-graduate\"><\/i> A1 <\/span><\/a> <a class=\"btn btn-jarcha\" href=\"https:\/\/docs.google.com\/forms\/d\/e\/1FAIpQLSctisEsdQt-A4UJe0KuWHLCDoTzLtXFWelAQNoauRGeyPcSUg\/viewform?usp=sf_link\" target=\"_blank\" rel=\"noopener\"><span style=\"font-weight: 400;\"><i class=\"vc_btn3-icon fas fa-user-graduate\"><\/i> A2 <\/span><\/a> <a class=\"btn btn-jarcha\" href=\"https:\/\/docs.google.com\/forms\/d\/e\/1FAIpQLSdNGeGMzvjiXYDQWm0ySq6zpqES6g3MFOjMnaYxYUgCeI3M7A\/viewform?usp=sf_link\" target=\"_blank\" rel=\"noopener\"><span style=\"font-weight: 400;\"><i class=\"vc_btn3-icon fas fa-user-graduate\"><\/i> B1 <\/span><\/a> <a class=\"btn btn-jarcha\" href=\"https:\/\/docs.google.com\/forms\/d\/e\/1FAIpQLSfHj2JP1zE2D1FUPS_FbH0zTUNzAJ1CEopeBKifrEwm5nMmsw\/viewform?usp=sf_link\" target=\"_blank\" rel=\"noopener\"><span style=\"font-weight: 400;\"><i class=\"vc_btn3-icon fas fa-user-graduate\"><\/i> B2 <\/span><\/a> <a class=\"btn btn-jarcha\" href=\"https:\/\/docs.google.com\/forms\/d\/e\/1FAIpQLSeUgWtLVaOwNh7sbMlg0a7C-zQG3OhJkbzS22VtItOdw6IVCQ\/viewform?usp=sf_link\" target=\"_blank\" rel=\"noopener\"><span style=\"font-weight: 400;\"><i class=\"vc_btn3-icon fas fa-user-graduate\"><\/i> C1 <\/span><\/a> <a class=\"btn btn-jarcha\" href=\"https:\/\/docs.google.com\/forms\/d\/e\/1FAIpQLScMlqLbAih6VOcu6jaiNdpp6wh9zkimMY9El8kqYbHZaRVInw\/viewform?usp=sf_link\" target=\"_blank\" rel=\"noopener\"><span style=\"font-weight: 400;\"><i class=\"vc_btn3-icon fas fa-user-graduate\"><\/i> C2 <\/span><\/a><\/p>\n","protected":false},"excerpt":{"rendered":"<p><span style=\"font-weight: 400;\">Advance in your Spanish nationality process with this course.<\/span><\/p>\n","protected":false},"featured_media":17503,"comment_status":"open","ping_status":"closed","template":"","meta":{"inline_featured_image":false,"_joinchat":[]},"product_brand":[],"product_cat":[871,863,458],"product_tag":[],"class_list":{"0":"post-16836","1":"product","2":"type-product","3":"status-publish","4":"has-post-thumbnail","6":"product_cat-in-person-spanish","7":"product_cat-small-group-classes-en","8":"product_cat-teaching","10":"first","11":"instock","12":"shipping-taxable","13":"purchasable","14":"product-type-variable"},"yoast_head":"<!-- This site is optimized with the Yoast SEO plugin v26.8 - https:\/\/yoast.com\/product\/yoast-seo-wordpress\/ -->\n<title>Spanish in-person - Preparation for CCSE in a small group - Jarcha Espa\u00f1ol<\/title>\n<meta name=\"description\" content=\"Spanish in-person - Preparation for CCSE in a small group - Jarcha Espa\u00f1ol - Espa\u00f1ol como Lengua Extranjera. Clases de espa\u00f1ol online.\" \/>\n<meta name=\"robots\" content=\"index, follow, max-snippet:-1, max-image-preview:large, max-video-preview:-1\" \/>\n<link rel=\"canonical\" href=\"https:\/\/jarchaespanol.com\/en\/servicios\/teaching\/in-person-spanish\/small-group-classes-en\/spanish-in-person-preparation-for-ccse-in-a-small-group\/\" \/>\n<meta property=\"og:locale\" content=\"en_US\" \/>\n<meta property=\"og:type\" content=\"article\" \/>\n<meta property=\"og:title\" content=\"Spanish in-person - Preparation for CCSE in a small group - Jarcha Espa\u00f1ol\" \/>\n<meta property=\"og:description\" content=\"Spanish in-person - Preparation for CCSE in a small group - Jarcha Espa\u00f1ol - Espa\u00f1ol como Lengua Extranjera. Clases de espa\u00f1ol online.\" \/>\n<meta property=\"og:url\" content=\"https:\/\/jarchaespanol.com\/en\/servicios\/teaching\/in-person-spanish\/small-group-classes-en\/spanish-in-person-preparation-for-ccse-in-a-small-group\/\" \/>\n<meta property=\"og:site_name\" content=\"Jarcha Espa\u00f1ol\" \/>\n<meta property=\"article:modified_time\" content=\"2025-07-26T08:51:17+00:00\" \/>\n<meta property=\"og:image\" content=\"https:\/\/jarchaespanol.com\/wp-content\/uploads\/2025\/05\/CCSE-PARA-GRUPO-REDUCIDO_2.png\" \/>\n\t<meta property=\"og:image:width\" content=\"500\" \/>\n\t<meta property=\"og:image:height\" content=\"500\" \/>\n\t<meta property=\"og:image:type\" content=\"image\/png\" \/>\n<meta name=\"twitter:card\" content=\"summary_large_image\" \/>\n<script type=\"application\/ld+json\" class=\"yoast-schema-graph\">{\"@context\":\"https:\/\/schema.org\",\"@graph\":[{\"@type\":\"WebPage\",\"@id\":\"https:\/\/jarchaespanol.com\/en\/servicios\/teaching\/in-person-spanish\/small-group-classes-en\/spanish-in-person-preparation-for-ccse-in-a-small-group\/\",\"url\":\"https:\/\/jarchaespanol.com\/en\/servicios\/teaching\/in-person-spanish\/small-group-classes-en\/spanish-in-person-preparation-for-ccse-in-a-small-group\/\",\"name\":\"Spanish in-person - Preparation for CCSE in a small group - Jarcha Espa\u00f1ol\",\"isPartOf\":{\"@id\":\"https:\/\/jarchaespanol.com\/#website\"},\"primaryImageOfPage\":{\"@id\":\"https:\/\/jarchaespanol.com\/en\/servicios\/teaching\/in-person-spanish\/small-group-classes-en\/spanish-in-person-preparation-for-ccse-in-a-small-group\/#primaryimage\"},\"image\":{\"@id\":\"https:\/\/jarchaespanol.com\/en\/servicios\/teaching\/in-person-spanish\/small-group-classes-en\/spanish-in-person-preparation-for-ccse-in-a-small-group\/#primaryimage\"},\"thumbnailUrl\":\"https:\/\/jarchaespanol.com\/wp-content\/uploads\/2025\/05\/CCSE-PARA-GRUPO-REDUCIDO_2.png\",\"datePublished\":\"2025-05-29T18:20:29+00:00\",\"dateModified\":\"2025-07-26T08:51:17+00:00\",\"description\":\"Spanish in-person - Preparation for CCSE in a small group - Jarcha Espa\u00f1ol - Espa\u00f1ol como Lengua Extranjera. Clases de espa\u00f1ol online.\",\"breadcrumb\":{\"@id\":\"https:\/\/jarchaespanol.com\/en\/servicios\/teaching\/in-person-spanish\/small-group-classes-en\/spanish-in-person-preparation-for-ccse-in-a-small-group\/#breadcrumb\"},\"inLanguage\":\"en-US\",\"potentialAction\":[{\"@type\":\"ReadAction\",\"target\":[\"https:\/\/jarchaespanol.com\/en\/servicios\/teaching\/in-person-spanish\/small-group-classes-en\/spanish-in-person-preparation-for-ccse-in-a-small-group\/\"]}]},{\"@type\":\"ImageObject\",\"inLanguage\":\"en-US\",\"@id\":\"https:\/\/jarchaespanol.com\/en\/servicios\/teaching\/in-person-spanish\/small-group-classes-en\/spanish-in-person-preparation-for-ccse-in-a-small-group\/#primaryimage\",\"url\":\"https:\/\/jarchaespanol.com\/wp-content\/uploads\/2025\/05\/CCSE-PARA-GRUPO-REDUCIDO_2.png\",\"contentUrl\":\"https:\/\/jarchaespanol.com\/wp-content\/uploads\/2025\/05\/CCSE-PARA-GRUPO-REDUCIDO_2.png\",\"width\":500,\"height\":500},{\"@type\":\"BreadcrumbList\",\"@id\":\"https:\/\/jarchaespanol.com\/en\/servicios\/teaching\/in-person-spanish\/small-group-classes-en\/spanish-in-person-preparation-for-ccse-in-a-small-group\/#breadcrumb\",\"itemListElement\":[{\"@type\":\"ListItem\",\"position\":1,\"name\":\"Home\",\"item\":\"https:\/\/jarchaespanol.com\/\"},{\"@type\":\"ListItem\",\"position\":2,\"name\":\"Shop\",\"item\":\"https:\/\/jarchaespanol.com\/tienda\/\"},{\"@type\":\"ListItem\",\"position\":3,\"name\":\"Spanish in-person &#8211; Preparation for CCSE in a small group\"}]},{\"@type\":\"WebSite\",\"@id\":\"https:\/\/jarchaespanol.com\/#website\",\"url\":\"https:\/\/jarchaespanol.com\/\",\"name\":\"Jarcha Espa\u00f1ol\",\"description\":\"Plataforma en l\u00ednea especializada en la comunicaci\u00f3n y en la formaci\u00f3n en espa\u00f1ol. Aprende espa\u00f1ol online.\",\"publisher\":{\"@id\":\"https:\/\/jarchaespanol.com\/#organization\"},\"potentialAction\":[{\"@type\":\"SearchAction\",\"target\":{\"@type\":\"EntryPoint\",\"urlTemplate\":\"https:\/\/jarchaespanol.com\/?s={search_term_string}\"},\"query-input\":{\"@type\":\"PropertyValueSpecification\",\"valueRequired\":true,\"valueName\":\"search_term_string\"}}],\"inLanguage\":\"en-US\"},{\"@type\":\"Organization\",\"@id\":\"https:\/\/jarchaespanol.com\/#organization\",\"name\":\"Jarcha Espa\u00f1ol\",\"url\":\"https:\/\/jarchaespanol.com\/\",\"logo\":{\"@type\":\"ImageObject\",\"inLanguage\":\"en-US\",\"@id\":\"https:\/\/jarchaespanol.com\/#\/schema\/logo\/image\/\",\"url\":\"https:\/\/jarchaespanol.com\/wp-content\/uploads\/2022\/03\/logo-factura-2.png\",\"contentUrl\":\"https:\/\/jarchaespanol.com\/wp-content\/uploads\/2022\/03\/logo-factura-2.png\",\"width\":474,\"height\":177,\"caption\":\"Jarcha Espa\u00f1ol\"},\"image\":{\"@id\":\"https:\/\/jarchaespanol.com\/#\/schema\/logo\/image\/\"}}]}<\/script>\n<!-- \/ Yoast SEO plugin. -->","yoast_head_json":{"title":"Spanish in-person - Preparation for CCSE in a small group - Jarcha Espa\u00f1ol","description":"Spanish in-person - Preparation for CCSE in a small group - Jarcha Espa\u00f1ol - Espa\u00f1ol como Lengua Extranjera. Clases de espa\u00f1ol online.","robots":{"index":"index","follow":"follow","max-snippet":"max-snippet:-1","max-image-preview":"max-image-preview:large","max-video-preview":"max-video-preview:-1"},"canonical":"https:\/\/jarchaespanol.com\/en\/servicios\/teaching\/in-person-spanish\/small-group-classes-en\/spanish-in-person-preparation-for-ccse-in-a-small-group\/","og_locale":"en_US","og_type":"article","og_title":"Spanish in-person - Preparation for CCSE in a small group - Jarcha Espa\u00f1ol","og_description":"Spanish in-person - Preparation for CCSE in a small group - Jarcha Espa\u00f1ol - Espa\u00f1ol como Lengua Extranjera. Clases de espa\u00f1ol online.","og_url":"https:\/\/jarchaespanol.com\/en\/servicios\/teaching\/in-person-spanish\/small-group-classes-en\/spanish-in-person-preparation-for-ccse-in-a-small-group\/","og_site_name":"Jarcha Espa\u00f1ol","article_modified_time":"2025-07-26T08:51:17+00:00","og_image":[{"width":500,"height":500,"url":"https:\/\/jarchaespanol.com\/wp-content\/uploads\/2025\/05\/CCSE-PARA-GRUPO-REDUCIDO_2.png","type":"image\/png"}],"twitter_card":"summary_large_image","schema":{"@context":"https:\/\/schema.org","@graph":[{"@type":"WebPage","@id":"https:\/\/jarchaespanol.com\/en\/servicios\/teaching\/in-person-spanish\/small-group-classes-en\/spanish-in-person-preparation-for-ccse-in-a-small-group\/","url":"https:\/\/jarchaespanol.com\/en\/servicios\/teaching\/in-person-spanish\/small-group-classes-en\/spanish-in-person-preparation-for-ccse-in-a-small-group\/","name":"Spanish in-person - Preparation for CCSE in a small group - Jarcha Espa\u00f1ol","isPartOf":{"@id":"https:\/\/jarchaespanol.com\/#website"},"primaryImageOfPage":{"@id":"https:\/\/jarchaespanol.com\/en\/servicios\/teaching\/in-person-spanish\/small-group-classes-en\/spanish-in-person-preparation-for-ccse-in-a-small-group\/#primaryimage"},"image":{"@id":"https:\/\/jarchaespanol.com\/en\/servicios\/teaching\/in-person-spanish\/small-group-classes-en\/spanish-in-person-preparation-for-ccse-in-a-small-group\/#primaryimage"},"thumbnailUrl":"https:\/\/jarchaespanol.com\/wp-content\/uploads\/2025\/05\/CCSE-PARA-GRUPO-REDUCIDO_2.png","datePublished":"2025-05-29T18:20:29+00:00","dateModified":"2025-07-26T08:51:17+00:00","description":"Spanish in-person - Preparation for CCSE in a small group - Jarcha Espa\u00f1ol - Espa\u00f1ol como Lengua Extranjera. Clases de espa\u00f1ol online.","breadcrumb":{"@id":"https:\/\/jarchaespanol.com\/en\/servicios\/teaching\/in-person-spanish\/small-group-classes-en\/spanish-in-person-preparation-for-ccse-in-a-small-group\/#breadcrumb"},"inLanguage":"en-US","potentialAction":[{"@type":"ReadAction","target":["https:\/\/jarchaespanol.com\/en\/servicios\/teaching\/in-person-spanish\/small-group-classes-en\/spanish-in-person-preparation-for-ccse-in-a-small-group\/"]}]},{"@type":"ImageObject","inLanguage":"en-US","@id":"https:\/\/jarchaespanol.com\/en\/servicios\/teaching\/in-person-spanish\/small-group-classes-en\/spanish-in-person-preparation-for-ccse-in-a-small-group\/#primaryimage","url":"https:\/\/jarchaespanol.com\/wp-content\/uploads\/2025\/05\/CCSE-PARA-GRUPO-REDUCIDO_2.png","contentUrl":"https:\/\/jarchaespanol.com\/wp-content\/uploads\/2025\/05\/CCSE-PARA-GRUPO-REDUCIDO_2.png","width":500,"height":500},{"@type":"BreadcrumbList","@id":"https:\/\/jarchaespanol.com\/en\/servicios\/teaching\/in-person-spanish\/small-group-classes-en\/spanish-in-person-preparation-for-ccse-in-a-small-group\/#breadcrumb","itemListElement":[{"@type":"ListItem","position":1,"name":"Home","item":"https:\/\/jarchaespanol.com\/"},{"@type":"ListItem","position":2,"name":"Shop","item":"https:\/\/jarchaespanol.com\/tienda\/"},{"@type":"ListItem","position":3,"name":"Spanish in-person &#8211; Preparation for CCSE in a small group"}]},{"@type":"WebSite","@id":"https:\/\/jarchaespanol.com\/#website","url":"https:\/\/jarchaespanol.com\/","name":"Jarcha Espa\u00f1ol","description":"Plataforma en l\u00ednea especializada en la comunicaci\u00f3n y en la formaci\u00f3n en espa\u00f1ol. Aprende espa\u00f1ol online.","publisher":{"@id":"https:\/\/jarchaespanol.com\/#organization"},"potentialAction":[{"@type":"SearchAction","target":{"@type":"EntryPoint","urlTemplate":"https:\/\/jarchaespanol.com\/?s={search_term_string}"},"query-input":{"@type":"PropertyValueSpecification","valueRequired":true,"valueName":"search_term_string"}}],"inLanguage":"en-US"},{"@type":"Organization","@id":"https:\/\/jarchaespanol.com\/#organization","name":"Jarcha Espa\u00f1ol","url":"https:\/\/jarchaespanol.com\/","logo":{"@type":"ImageObject","inLanguage":"en-US","@id":"https:\/\/jarchaespanol.com\/#\/schema\/logo\/image\/","url":"https:\/\/jarchaespanol.com\/wp-content\/uploads\/2022\/03\/logo-factura-2.png","contentUrl":"https:\/\/jarchaespanol.com\/wp-content\/uploads\/2022\/03\/logo-factura-2.png","width":474,"height":177,"caption":"Jarcha Espa\u00f1ol"},"image":{"@id":"https:\/\/jarchaespanol.com\/#\/schema\/logo\/image\/"}}]}},"_links":{"self":[{"href":"https:\/\/jarchaespanol.com\/en\/wp-json\/wp\/v2\/product\/16836","targetHints":{"allow":["GET"]}}],"collection":[{"href":"https:\/\/jarchaespanol.com\/en\/wp-json\/wp\/v2\/product"}],"about":[{"href":"https:\/\/jarchaespanol.com\/en\/wp-json\/wp\/v2\/types\/product"}],"replies":[{"embeddable":true,"href":"https:\/\/jarchaespanol.com\/en\/wp-json\/wp\/v2\/comments?post=16836"}],"wp:featuredmedia":[{"embeddable":true,"href":"https:\/\/jarchaespanol.com\/en\/wp-json\/wp\/v2\/media\/17503"}],"wp:attachment":[{"href":"https:\/\/jarchaespanol.com\/en\/wp-json\/wp\/v2\/media?parent=16836"}],"wp:term":[{"taxonomy":"product_brand","embeddable":true,"href":"https:\/\/jarchaespanol.com\/en\/wp-json\/wp\/v2\/product_brand?post=16836"},{"taxonomy":"product_cat","embeddable":true,"href":"https:\/\/jarchaespanol.com\/en\/wp-json\/wp\/v2\/product_cat?post=16836"},{"taxonomy":"product_tag","embeddable":true,"href":"https:\/\/jarchaespanol.com\/en\/wp-json\/wp\/v2\/product_tag?post=16836"}],"curies":[{"name":"wp","href":"https:\/\/api.w.org\/{rel}","templated":true}]}}