{"id":19263,"date":"2025-09-05T20:19:52","date_gmt":"2025-09-05T18:19:52","guid":{"rendered":"https:\/\/jarchaespanol.com\/?post_type=product&#038;p=19263"},"modified":"2025-12-29T11:53:53","modified_gmt":"2025-12-29T10:53:53","slug":"online-spanish-preparation-for-ccse-for-small-groups-copia","status":"publish","type":"product","link":"https:\/\/jarchaespanol.com\/en\/servicios\/teaching\/online-spanish\/other-small-group-classes\/online-spanish-preparation-for-ccse-for-small-groups-copia\/","title":{"rendered":"Spanish Online \u2013 Small Group Grammar Support"},"content":{"rendered":"<p><span style=\"font-weight: 400;\">Do you keep running into the same grammar doubts? Would you like to work through them with other learners facing similar challenges? This new format is designed to reinforce what you&#8217;ve learned, clarify key concepts, and practice collaboratively. In small groups, we focus for one hour on the trickiest grammar topics, with clear explanations, useful examples, and active participation. Perfect for learners already taking classes with us, as well as those looking for a practical and flexible way to improve their Spanish.<\/span><\/p>\n<p>&nbsp;<\/p>\n<p><span style=\"font-weight: 400;\">Duration: 1 hour<\/span><\/p>\n<p><span style=\"font-weight: 400;\">Format: small group<\/span><\/p>\n<p><span style=\"font-weight: 400;\">Focus: practical and personalized grammar support<\/span><\/p>\n<p><span style=\"font-weight: 400;\">Price: \u20ac10 per session<\/span><\/p>\n<p>&nbsp;<\/p>\n<p><span style=\"font-weight: 400;\">Fill out this short <span style=\"color: #882437;\"><a style=\"color: #882437;\" href=\"https:\/\/jarchaespanol.com\/en\/spanish-grammar-support-form\/\"><strong>form<\/strong><\/a><\/span> to share your grammar doubts or topics you&#8217;d like to review. <\/span><b>This will help us assign you to the group that best suits your needs<\/b><span style=\"font-weight: 400;\"> and prepare focused, useful sessions.<\/span><\/p>\n<p>&nbsp;<\/p>\n<p><span style=\"font-weight: 400;\">And if you\u2019d like to try one of our sessions<strong> for free<\/strong> and with no commitment, just fill in this <\/span><a href=\"https:\/\/docs.google.com\/forms\/d\/1F0YQH3qdqJma8aMkOMDCqVMb739GmbHHDWA04S9l-dU\/\" target=\"_blank\" rel=\"noopener\"><b><span style=\"color: #882437;\">form<\/span><\/b><\/a><span style=\"font-weight: 400;\"> and we\u2019ll get in touch with you.<\/span><span style=\"font-weight: 400;\">\ud83d\ude0a<\/span><\/p>\n<p>&nbsp;<\/p>\n<p><b>Level test<\/b><br \/>\n<a class=\"btn btn-jarcha\" href=\"https:\/\/docs.google.com\/forms\/d\/e\/1FAIpQLScMyzM92U1yRd7pyrAY6iNldme-eUzGKpzMkl9ZJUN072zVHw\/viewform?usp=sf_link\" target=\"_blank\" rel=\"noopener\"><span style=\"font-weight: 400;\"><i class=\"vc_btn3-icon fas fa-user-graduate\"><\/i> A1 <\/span><\/a> <a class=\"btn btn-jarcha\" href=\"https:\/\/docs.google.com\/forms\/d\/e\/1FAIpQLSctisEsdQt-A4UJe0KuWHLCDoTzLtXFWelAQNoauRGeyPcSUg\/viewform?usp=sf_link\" target=\"_blank\" rel=\"noopener\"><span style=\"font-weight: 400;\"><i class=\"vc_btn3-icon fas fa-user-graduate\"><\/i> A2 <\/span><\/a> <a class=\"btn btn-jarcha\" href=\"https:\/\/docs.google.com\/forms\/d\/e\/1FAIpQLSdNGeGMzvjiXYDQWm0ySq6zpqES6g3MFOjMnaYxYUgCeI3M7A\/viewform?usp=sf_link\" target=\"_blank\" rel=\"noopener\"><span style=\"font-weight: 400;\"><i class=\"vc_btn3-icon fas fa-user-graduate\"><\/i> B1 <\/span><\/a> <a class=\"btn btn-jarcha\" href=\"https:\/\/docs.google.com\/forms\/d\/e\/1FAIpQLSfHj2JP1zE2D1FUPS_FbH0zTUNzAJ1CEopeBKifrEwm5nMmsw\/viewform?usp=sf_link\" target=\"_blank\" rel=\"noopener\"><span style=\"font-weight: 400;\"><i class=\"vc_btn3-icon fas fa-user-graduate\"><\/i> B2 <\/span><\/a> <a class=\"btn btn-jarcha\" href=\"https:\/\/docs.google.com\/forms\/d\/e\/1FAIpQLSeUgWtLVaOwNh7sbMlg0a7C-zQG3OhJkbzS22VtItOdw6IVCQ\/viewform?usp=sf_link\" target=\"_blank\" rel=\"noopener\"><span style=\"font-weight: 400;\"><i class=\"vc_btn3-icon fas fa-user-graduate\"><\/i> C1 <\/span><\/a> <a class=\"btn btn-jarcha\" href=\"https:\/\/docs.google.com\/forms\/d\/e\/1FAIpQLScMlqLbAih6VOcu6jaiNdpp6wh9zkimMY9El8kqYbHZaRVInw\/viewform?usp=sf_link\" target=\"_blank\" rel=\"noopener\"><span style=\"font-weight: 400;\"><i class=\"vc_btn3-icon fas fa-user-graduate\"><\/i> C2 <\/span><\/a><\/p>\n","protected":false},"excerpt":{"rendered":"<p><span style=\"font-weight: 400;\">One hour to clear up doubts and move forward in a small group<\/span><\/p>\n","protected":false},"featured_media":19298,"comment_status":"open","ping_status":"closed","template":"","meta":{"inline_featured_image":false,"_joinchat":[]},"product_brand":[],"product_cat":[472,931,458],"product_tag":[],"class_list":{"0":"post-19263","1":"product","2":"type-product","3":"status-publish","4":"has-post-thumbnail","6":"product_cat-online-spanish","7":"product_cat-other-small-group-classes","8":"product_cat-teaching","10":"first","11":"instock","12":"shipping-taxable","13":"purchasable","14":"product-type-variable"},"yoast_head":"<!-- This site is optimized with the Yoast SEO plugin v26.8 - https:\/\/yoast.com\/product\/yoast-seo-wordpress\/ -->\n<title>Spanish Online \u2013 Small Group Grammar Support - Jarcha Espa\u00f1ol<\/title>\n<meta name=\"description\" content=\"Spanish Online \u2013 Small Group Grammar Support - Jarcha Espa\u00f1ol - Espa\u00f1ol como Lengua Extranjera. Clases de espa\u00f1ol online.\" \/>\n<meta name=\"robots\" content=\"index, follow, max-snippet:-1, max-image-preview:large, max-video-preview:-1\" \/>\n<link rel=\"canonical\" href=\"https:\/\/jarchaespanol.com\/en\/servicios\/teaching\/online-spanish\/other-small-group-classes\/online-spanish-preparation-for-ccse-for-small-groups-copia\/\" \/>\n<meta property=\"og:locale\" content=\"en_US\" \/>\n<meta property=\"og:type\" content=\"article\" \/>\n<meta property=\"og:title\" content=\"Spanish Online \u2013 Small Group Grammar Support - Jarcha Espa\u00f1ol\" \/>\n<meta property=\"og:description\" content=\"Spanish Online \u2013 Small Group Grammar Support - Jarcha Espa\u00f1ol - Espa\u00f1ol como Lengua Extranjera. Clases de espa\u00f1ol online.\" \/>\n<meta property=\"og:url\" content=\"https:\/\/jarchaespanol.com\/en\/servicios\/teaching\/online-spanish\/other-small-group-classes\/online-spanish-preparation-for-ccse-for-small-groups-copia\/\" \/>\n<meta property=\"og:site_name\" content=\"Jarcha Espa\u00f1ol\" \/>\n<meta property=\"article:modified_time\" content=\"2025-12-29T10:53:53+00:00\" \/>\n<meta property=\"og:image\" content=\"https:\/\/jarchaespanol.com\/wp-content\/uploads\/2025\/09\/refuerzo-gramatica.jpg\" \/>\n\t<meta property=\"og:image:width\" content=\"1024\" \/>\n\t<meta property=\"og:image:height\" content=\"1024\" \/>\n\t<meta property=\"og:image:type\" content=\"image\/jpeg\" \/>\n<meta name=\"twitter:card\" content=\"summary_large_image\" \/>\n<script type=\"application\/ld+json\" class=\"yoast-schema-graph\">{\"@context\":\"https:\/\/schema.org\",\"@graph\":[{\"@type\":\"WebPage\",\"@id\":\"https:\/\/jarchaespanol.com\/en\/servicios\/teaching\/online-spanish\/other-small-group-classes\/online-spanish-preparation-for-ccse-for-small-groups-copia\/\",\"url\":\"https:\/\/jarchaespanol.com\/en\/servicios\/teaching\/online-spanish\/other-small-group-classes\/online-spanish-preparation-for-ccse-for-small-groups-copia\/\",\"name\":\"Spanish Online \u2013 Small Group Grammar Support - Jarcha Espa\u00f1ol\",\"isPartOf\":{\"@id\":\"https:\/\/jarchaespanol.com\/#website\"},\"primaryImageOfPage\":{\"@id\":\"https:\/\/jarchaespanol.com\/en\/servicios\/teaching\/online-spanish\/other-small-group-classes\/online-spanish-preparation-for-ccse-for-small-groups-copia\/#primaryimage\"},\"image\":{\"@id\":\"https:\/\/jarchaespanol.com\/en\/servicios\/teaching\/online-spanish\/other-small-group-classes\/online-spanish-preparation-for-ccse-for-small-groups-copia\/#primaryimage\"},\"thumbnailUrl\":\"https:\/\/jarchaespanol.com\/wp-content\/uploads\/2025\/09\/refuerzo-gramatica.jpg\",\"datePublished\":\"2025-09-05T18:19:52+00:00\",\"dateModified\":\"2025-12-29T10:53:53+00:00\",\"description\":\"Spanish Online \u2013 Small Group Grammar Support - Jarcha Espa\u00f1ol - Espa\u00f1ol como Lengua Extranjera. Clases de espa\u00f1ol online.\",\"breadcrumb\":{\"@id\":\"https:\/\/jarchaespanol.com\/en\/servicios\/teaching\/online-spanish\/other-small-group-classes\/online-spanish-preparation-for-ccse-for-small-groups-copia\/#breadcrumb\"},\"inLanguage\":\"en-US\",\"potentialAction\":[{\"@type\":\"ReadAction\",\"target\":[\"https:\/\/jarchaespanol.com\/en\/servicios\/teaching\/online-spanish\/other-small-group-classes\/online-spanish-preparation-for-ccse-for-small-groups-copia\/\"]}]},{\"@type\":\"ImageObject\",\"inLanguage\":\"en-US\",\"@id\":\"https:\/\/jarchaespanol.com\/en\/servicios\/teaching\/online-spanish\/other-small-group-classes\/online-spanish-preparation-for-ccse-for-small-groups-copia\/#primaryimage\",\"url\":\"https:\/\/jarchaespanol.com\/wp-content\/uploads\/2025\/09\/refuerzo-gramatica.jpg\",\"contentUrl\":\"https:\/\/jarchaespanol.com\/wp-content\/uploads\/2025\/09\/refuerzo-gramatica.jpg\",\"width\":1024,\"height\":1024},{\"@type\":\"BreadcrumbList\",\"@id\":\"https:\/\/jarchaespanol.com\/en\/servicios\/teaching\/online-spanish\/other-small-group-classes\/online-spanish-preparation-for-ccse-for-small-groups-copia\/#breadcrumb\",\"itemListElement\":[{\"@type\":\"ListItem\",\"position\":1,\"name\":\"Home\",\"item\":\"https:\/\/jarchaespanol.com\/\"},{\"@type\":\"ListItem\",\"position\":2,\"name\":\"Shop\",\"item\":\"https:\/\/jarchaespanol.com\/tienda\/\"},{\"@type\":\"ListItem\",\"position\":3,\"name\":\"Spanish Online \u2013 Small Group Grammar Support\"}]},{\"@type\":\"WebSite\",\"@id\":\"https:\/\/jarchaespanol.com\/#website\",\"url\":\"https:\/\/jarchaespanol.com\/\",\"name\":\"Jarcha Espa\u00f1ol\",\"description\":\"Plataforma en l\u00ednea especializada en la comunicaci\u00f3n y en la formaci\u00f3n en espa\u00f1ol. Aprende espa\u00f1ol online.\",\"publisher\":{\"@id\":\"https:\/\/jarchaespanol.com\/#organization\"},\"potentialAction\":[{\"@type\":\"SearchAction\",\"target\":{\"@type\":\"EntryPoint\",\"urlTemplate\":\"https:\/\/jarchaespanol.com\/?s={search_term_string}\"},\"query-input\":{\"@type\":\"PropertyValueSpecification\",\"valueRequired\":true,\"valueName\":\"search_term_string\"}}],\"inLanguage\":\"en-US\"},{\"@type\":\"Organization\",\"@id\":\"https:\/\/jarchaespanol.com\/#organization\",\"name\":\"Jarcha Espa\u00f1ol\",\"url\":\"https:\/\/jarchaespanol.com\/\",\"logo\":{\"@type\":\"ImageObject\",\"inLanguage\":\"en-US\",\"@id\":\"https:\/\/jarchaespanol.com\/#\/schema\/logo\/image\/\",\"url\":\"https:\/\/jarchaespanol.com\/wp-content\/uploads\/2022\/03\/logo-factura-2.png\",\"contentUrl\":\"https:\/\/jarchaespanol.com\/wp-content\/uploads\/2022\/03\/logo-factura-2.png\",\"width\":474,\"height\":177,\"caption\":\"Jarcha Espa\u00f1ol\"},\"image\":{\"@id\":\"https:\/\/jarchaespanol.com\/#\/schema\/logo\/image\/\"}}]}<\/script>\n<!-- \/ Yoast SEO plugin. -->","yoast_head_json":{"title":"Spanish Online \u2013 Small Group Grammar Support - Jarcha Espa\u00f1ol","description":"Spanish Online \u2013 Small Group Grammar Support - Jarcha Espa\u00f1ol - Espa\u00f1ol como Lengua Extranjera. Clases de espa\u00f1ol online.","robots":{"index":"index","follow":"follow","max-snippet":"max-snippet:-1","max-image-preview":"max-image-preview:large","max-video-preview":"max-video-preview:-1"},"canonical":"https:\/\/jarchaespanol.com\/en\/servicios\/teaching\/online-spanish\/other-small-group-classes\/online-spanish-preparation-for-ccse-for-small-groups-copia\/","og_locale":"en_US","og_type":"article","og_title":"Spanish Online \u2013 Small Group Grammar Support - Jarcha Espa\u00f1ol","og_description":"Spanish Online \u2013 Small Group Grammar Support - Jarcha Espa\u00f1ol - Espa\u00f1ol como Lengua Extranjera. Clases de espa\u00f1ol online.","og_url":"https:\/\/jarchaespanol.com\/en\/servicios\/teaching\/online-spanish\/other-small-group-classes\/online-spanish-preparation-for-ccse-for-small-groups-copia\/","og_site_name":"Jarcha Espa\u00f1ol","article_modified_time":"2025-12-29T10:53:53+00:00","og_image":[{"width":1024,"height":1024,"url":"https:\/\/jarchaespanol.com\/wp-content\/uploads\/2025\/09\/refuerzo-gramatica.jpg","type":"image\/jpeg"}],"twitter_card":"summary_large_image","schema":{"@context":"https:\/\/schema.org","@graph":[{"@type":"WebPage","@id":"https:\/\/jarchaespanol.com\/en\/servicios\/teaching\/online-spanish\/other-small-group-classes\/online-spanish-preparation-for-ccse-for-small-groups-copia\/","url":"https:\/\/jarchaespanol.com\/en\/servicios\/teaching\/online-spanish\/other-small-group-classes\/online-spanish-preparation-for-ccse-for-small-groups-copia\/","name":"Spanish Online \u2013 Small Group Grammar Support - Jarcha Espa\u00f1ol","isPartOf":{"@id":"https:\/\/jarchaespanol.com\/#website"},"primaryImageOfPage":{"@id":"https:\/\/jarchaespanol.com\/en\/servicios\/teaching\/online-spanish\/other-small-group-classes\/online-spanish-preparation-for-ccse-for-small-groups-copia\/#primaryimage"},"image":{"@id":"https:\/\/jarchaespanol.com\/en\/servicios\/teaching\/online-spanish\/other-small-group-classes\/online-spanish-preparation-for-ccse-for-small-groups-copia\/#primaryimage"},"thumbnailUrl":"https:\/\/jarchaespanol.com\/wp-content\/uploads\/2025\/09\/refuerzo-gramatica.jpg","datePublished":"2025-09-05T18:19:52+00:00","dateModified":"2025-12-29T10:53:53+00:00","description":"Spanish Online \u2013 Small Group Grammar Support - Jarcha Espa\u00f1ol - Espa\u00f1ol como Lengua Extranjera. Clases de espa\u00f1ol online.","breadcrumb":{"@id":"https:\/\/jarchaespanol.com\/en\/servicios\/teaching\/online-spanish\/other-small-group-classes\/online-spanish-preparation-for-ccse-for-small-groups-copia\/#breadcrumb"},"inLanguage":"en-US","potentialAction":[{"@type":"ReadAction","target":["https:\/\/jarchaespanol.com\/en\/servicios\/teaching\/online-spanish\/other-small-group-classes\/online-spanish-preparation-for-ccse-for-small-groups-copia\/"]}]},{"@type":"ImageObject","inLanguage":"en-US","@id":"https:\/\/jarchaespanol.com\/en\/servicios\/teaching\/online-spanish\/other-small-group-classes\/online-spanish-preparation-for-ccse-for-small-groups-copia\/#primaryimage","url":"https:\/\/jarchaespanol.com\/wp-content\/uploads\/2025\/09\/refuerzo-gramatica.jpg","contentUrl":"https:\/\/jarchaespanol.com\/wp-content\/uploads\/2025\/09\/refuerzo-gramatica.jpg","width":1024,"height":1024},{"@type":"BreadcrumbList","@id":"https:\/\/jarchaespanol.com\/en\/servicios\/teaching\/online-spanish\/other-small-group-classes\/online-spanish-preparation-for-ccse-for-small-groups-copia\/#breadcrumb","itemListElement":[{"@type":"ListItem","position":1,"name":"Home","item":"https:\/\/jarchaespanol.com\/"},{"@type":"ListItem","position":2,"name":"Shop","item":"https:\/\/jarchaespanol.com\/tienda\/"},{"@type":"ListItem","position":3,"name":"Spanish Online \u2013 Small Group Grammar Support"}]},{"@type":"WebSite","@id":"https:\/\/jarchaespanol.com\/#website","url":"https:\/\/jarchaespanol.com\/","name":"Jarcha Espa\u00f1ol","description":"Plataforma en l\u00ednea especializada en la comunicaci\u00f3n y en la formaci\u00f3n en espa\u00f1ol. Aprende espa\u00f1ol online.","publisher":{"@id":"https:\/\/jarchaespanol.com\/#organization"},"potentialAction":[{"@type":"SearchAction","target":{"@type":"EntryPoint","urlTemplate":"https:\/\/jarchaespanol.com\/?s={search_term_string}"},"query-input":{"@type":"PropertyValueSpecification","valueRequired":true,"valueName":"search_term_string"}}],"inLanguage":"en-US"},{"@type":"Organization","@id":"https:\/\/jarchaespanol.com\/#organization","name":"Jarcha Espa\u00f1ol","url":"https:\/\/jarchaespanol.com\/","logo":{"@type":"ImageObject","inLanguage":"en-US","@id":"https:\/\/jarchaespanol.com\/#\/schema\/logo\/image\/","url":"https:\/\/jarchaespanol.com\/wp-content\/uploads\/2022\/03\/logo-factura-2.png","contentUrl":"https:\/\/jarchaespanol.com\/wp-content\/uploads\/2022\/03\/logo-factura-2.png","width":474,"height":177,"caption":"Jarcha Espa\u00f1ol"},"image":{"@id":"https:\/\/jarchaespanol.com\/#\/schema\/logo\/image\/"}}]}},"_links":{"self":[{"href":"https:\/\/jarchaespanol.com\/en\/wp-json\/wp\/v2\/product\/19263","targetHints":{"allow":["GET"]}}],"collection":[{"href":"https:\/\/jarchaespanol.com\/en\/wp-json\/wp\/v2\/product"}],"about":[{"href":"https:\/\/jarchaespanol.com\/en\/wp-json\/wp\/v2\/types\/product"}],"replies":[{"embeddable":true,"href":"https:\/\/jarchaespanol.com\/en\/wp-json\/wp\/v2\/comments?post=19263"}],"wp:featuredmedia":[{"embeddable":true,"href":"https:\/\/jarchaespanol.com\/en\/wp-json\/wp\/v2\/media\/19298"}],"wp:attachment":[{"href":"https:\/\/jarchaespanol.com\/en\/wp-json\/wp\/v2\/media?parent=19263"}],"wp:term":[{"taxonomy":"product_brand","embeddable":true,"href":"https:\/\/jarchaespanol.com\/en\/wp-json\/wp\/v2\/product_brand?post=19263"},{"taxonomy":"product_cat","embeddable":true,"href":"https:\/\/jarchaespanol.com\/en\/wp-json\/wp\/v2\/product_cat?post=19263"},{"taxonomy":"product_tag","embeddable":true,"href":"https:\/\/jarchaespanol.com\/en\/wp-json\/wp\/v2\/product_tag?post=19263"}],"curies":[{"name":"wp","href":"https:\/\/api.w.org\/{rel}","templated":true}]}}