{"id":20155,"date":"2025-11-05T12:33:23","date_gmt":"2025-11-05T11:33:23","guid":{"rendered":"https:\/\/jarchaespanol.com\/?post_type=product&#038;p=20155"},"modified":"2025-12-29T11:47:16","modified_gmt":"2025-12-29T10:47:16","slug":"spanish-online-intensive-small-group-classes","status":"publish","type":"product","link":"https:\/\/jarchaespanol.com\/en\/servicios\/teaching\/online-spanish\/other-small-group-classes\/spanish-online-intensive-small-group-classes\/","title":{"rendered":"Spanish online &#8211; Intensive small group classes"},"content":{"rendered":"<p><b>Progress in Spanish with flexibility, rhythm, and a group that supports you<\/b><\/p>\n<p><span style=\"font-weight: 400;\">This format is designed for people who want to improve their Spanish effectively, in a small and dynamic group, wherever they are. Classes are held live online and adapt to each participant\u2019s availability and pace.<\/span><\/p>\n<p><span style=\"font-weight: 400;\">Groups are formed with a maximum of 4 people and are organised according to shared availability and level, to ensure balanced, communicative and participatory sessions. There\u2019s no minimum level required, but it\u2019s preferable for participants to have a similar level so the group flows smoothly. You can also <\/span><b>combine these group classes with <span style=\"color: #882437;\"><a style=\"color: #882437;\" href=\"https:\/\/jarchaespanol.com\/en\/servicios\/teaching\/online-spanish\/individual-classes\/spanish-intensive-individual-classes\/\">individual sessions<\/a><\/span><\/b><span style=\"font-weight: 400;\">\u00a0to reinforce specific areas or personalise your learning.<\/span><\/p>\n<p>&nbsp;<\/p>\n<p><b>Complementary activities<\/b><\/p>\n<p><span style=\"font-weight: 400;\">In addition to the intensive classes, you can take part in online small group activities that reinforce what you\u2019ve learned and encourage oral expression:<\/span><\/p>\n<ul>\n<li style=\"font-weight: 400;\" aria-level=\"1\"><span style=\"color: #882437;\"><a style=\"color: #882437;\" href=\"https:\/\/jarchaespanol.com\/en\/servicios\/teaching\/online-spanish\/other-small-group-classes\/monthly-gathering-in-small-group\/\"><b>Spanish online &#8211; Monthly gathering in a small group<\/b><\/a><\/span><span style=\"font-weight: 400;\">: a relaxed monthly session to chat, share and practise Spanish.<\/span><\/li>\n<li style=\"font-weight: 400;\" aria-level=\"1\"><span style=\"color: #882437;\"><a style=\"color: #882437;\" href=\"https:\/\/jarchaespanol.com\/en\/servicios\/teaching\/online-spanish\/other-small-group-classes\/online-spanish-preparation-for-ccse-for-small-groups-copia\/\"><b>Spanish Online \u2013 Small Group Grammar Support<\/b><\/a><\/span><span style=\"font-weight: 400;\">: to review and consolidate key structures in a practical and collaborative way.<\/span><\/li>\n<\/ul>\n<p>&nbsp;<\/p>\n<p><span style=\"font-weight: 400;\">Would you like to <strong>try one of our small\u2011group intensive classes for free?<\/strong> Just fill in this <span style=\"color: #882437;\"><strong><a style=\"color: #882437;\" href=\"https:\/\/docs.google.com\/forms\/d\/1F0YQH3qdqJma8aMkOMDCqVMb739GmbHHDWA04S9l-dU\/\" target=\"_blank\" rel=\"noopener\">form<\/a><\/strong><\/span> and we\u2019ll get in touch with you \ud83d\ude0a<\/span><\/p>\n<p>&nbsp;<\/p>\n<p><b>Level test<\/b><br \/>\n<a class=\"btn btn-jarcha\" href=\"https:\/\/docs.google.com\/forms\/d\/e\/1FAIpQLScMyzM92U1yRd7pyrAY6iNldme-eUzGKpzMkl9ZJUN072zVHw\/viewform?usp=sf_link\" target=\"_blank\" rel=\"noopener\"><span style=\"font-weight: 400;\"><i class=\"vc_btn3-icon fas fa-user-graduate\"><\/i> A1 <\/span><\/a> <a class=\"btn btn-jarcha\" href=\"https:\/\/docs.google.com\/forms\/d\/e\/1FAIpQLSctisEsdQt-A4UJe0KuWHLCDoTzLtXFWelAQNoauRGeyPcSUg\/viewform?usp=sf_link\" target=\"_blank\" rel=\"noopener\"><span style=\"font-weight: 400;\"><i class=\"vc_btn3-icon fas fa-user-graduate\"><\/i> A2 <\/span><\/a> <a class=\"btn btn-jarcha\" href=\"https:\/\/docs.google.com\/forms\/d\/e\/1FAIpQLSdNGeGMzvjiXYDQWm0ySq6zpqES6g3MFOjMnaYxYUgCeI3M7A\/viewform?usp=sf_link\" target=\"_blank\" rel=\"noopener\"><span style=\"font-weight: 400;\"><i class=\"vc_btn3-icon fas fa-user-graduate\"><\/i> B1 <\/span><\/a> <a class=\"btn btn-jarcha\" href=\"https:\/\/docs.google.com\/forms\/d\/e\/1FAIpQLSfHj2JP1zE2D1FUPS_FbH0zTUNzAJ1CEopeBKifrEwm5nMmsw\/viewform?usp=sf_link\" target=\"_blank\" rel=\"noopener\"><span style=\"font-weight: 400;\"><i class=\"vc_btn3-icon fas fa-user-graduate\"><\/i> B2 <\/span><\/a> <a class=\"btn btn-jarcha\" href=\"https:\/\/docs.google.com\/forms\/d\/e\/1FAIpQLSeUgWtLVaOwNh7sbMlg0a7C-zQG3OhJkbzS22VtItOdw6IVCQ\/viewform?usp=sf_link\" target=\"_blank\" rel=\"noopener\"><span style=\"font-weight: 400;\"><i class=\"vc_btn3-icon fas fa-user-graduate\"><\/i> C1 <\/span><\/a> <a class=\"btn btn-jarcha\" href=\"https:\/\/docs.google.com\/forms\/d\/e\/1FAIpQLScMlqLbAih6VOcu6jaiNdpp6wh9zkimMY9El8kqYbHZaRVInw\/viewform?usp=sf_link\" target=\"_blank\" rel=\"noopener\"><span style=\"font-weight: 400;\"><i class=\"vc_btn3-icon fas fa-user-graduate\"><\/i> C2 <\/span><\/a><\/p>\n","protected":false},"excerpt":{"rendered":"<div class=\"page\" title=\"Page 10\">\n<div class=\"layoutArea\">\n<div class=\"column\">\n<p>Learn Spanish, without borders, with other Jarcha Espa\u00f1ol students<\/p>\n<\/div>\n<\/div>\n<\/div>\n","protected":false},"featured_media":20162,"comment_status":"open","ping_status":"closed","template":"","meta":{"inline_featured_image":false,"_joinchat":[]},"product_brand":[],"product_cat":[472,931,458],"product_tag":[],"class_list":{"0":"post-20155","1":"product","2":"type-product","3":"status-publish","4":"has-post-thumbnail","6":"product_cat-online-spanish","7":"product_cat-other-small-group-classes","8":"product_cat-teaching","10":"first","11":"instock","12":"shipping-taxable","13":"purchasable","14":"product-type-variable"},"yoast_head":"<!-- This site is optimized with the Yoast SEO plugin v26.8 - https:\/\/yoast.com\/product\/yoast-seo-wordpress\/ -->\n<title>Spanish online - Intensive small group classes - Jarcha Espa\u00f1ol<\/title>\n<meta name=\"description\" content=\"Spanish online - Intensive small group classes - Jarcha Espa\u00f1ol - Espa\u00f1ol como Lengua Extranjera. Clases de espa\u00f1ol online.\" \/>\n<meta name=\"robots\" content=\"index, follow, max-snippet:-1, max-image-preview:large, max-video-preview:-1\" \/>\n<link rel=\"canonical\" href=\"https:\/\/jarchaespanol.com\/en\/servicios\/teaching\/online-spanish\/other-small-group-classes\/spanish-online-intensive-small-group-classes\/\" \/>\n<meta property=\"og:locale\" content=\"en_US\" \/>\n<meta property=\"og:type\" content=\"article\" \/>\n<meta property=\"og:title\" content=\"Spanish online - Intensive small group classes - Jarcha Espa\u00f1ol\" \/>\n<meta property=\"og:description\" content=\"Spanish online - Intensive small group classes - Jarcha Espa\u00f1ol - Espa\u00f1ol como Lengua Extranjera. Clases de espa\u00f1ol online.\" \/>\n<meta property=\"og:url\" content=\"https:\/\/jarchaespanol.com\/en\/servicios\/teaching\/online-spanish\/other-small-group-classes\/spanish-online-intensive-small-group-classes\/\" \/>\n<meta property=\"og:site_name\" content=\"Jarcha Espa\u00f1ol\" \/>\n<meta property=\"article:modified_time\" content=\"2025-12-29T10:47:16+00:00\" \/>\n<meta property=\"og:image\" content=\"https:\/\/jarchaespanol.com\/wp-content\/uploads\/2025\/11\/espanol-online-intensivas-individuales.jpg\" \/>\n\t<meta property=\"og:image:width\" content=\"1024\" \/>\n\t<meta property=\"og:image:height\" content=\"1024\" \/>\n\t<meta property=\"og:image:type\" content=\"image\/jpeg\" \/>\n<meta name=\"twitter:card\" content=\"summary_large_image\" \/>\n<script type=\"application\/ld+json\" class=\"yoast-schema-graph\">{\"@context\":\"https:\/\/schema.org\",\"@graph\":[{\"@type\":\"WebPage\",\"@id\":\"https:\/\/jarchaespanol.com\/en\/servicios\/teaching\/online-spanish\/other-small-group-classes\/spanish-online-intensive-small-group-classes\/\",\"url\":\"https:\/\/jarchaespanol.com\/en\/servicios\/teaching\/online-spanish\/other-small-group-classes\/spanish-online-intensive-small-group-classes\/\",\"name\":\"Spanish online - Intensive small group classes - Jarcha Espa\u00f1ol\",\"isPartOf\":{\"@id\":\"https:\/\/jarchaespanol.com\/#website\"},\"primaryImageOfPage\":{\"@id\":\"https:\/\/jarchaespanol.com\/en\/servicios\/teaching\/online-spanish\/other-small-group-classes\/spanish-online-intensive-small-group-classes\/#primaryimage\"},\"image\":{\"@id\":\"https:\/\/jarchaespanol.com\/en\/servicios\/teaching\/online-spanish\/other-small-group-classes\/spanish-online-intensive-small-group-classes\/#primaryimage\"},\"thumbnailUrl\":\"https:\/\/jarchaespanol.com\/wp-content\/uploads\/2025\/11\/espanol-online-intensivas-individuales.jpg\",\"datePublished\":\"2025-11-05T11:33:23+00:00\",\"dateModified\":\"2025-12-29T10:47:16+00:00\",\"description\":\"Spanish online - Intensive small group classes - Jarcha Espa\u00f1ol - Espa\u00f1ol como Lengua Extranjera. Clases de espa\u00f1ol online.\",\"breadcrumb\":{\"@id\":\"https:\/\/jarchaespanol.com\/en\/servicios\/teaching\/online-spanish\/other-small-group-classes\/spanish-online-intensive-small-group-classes\/#breadcrumb\"},\"inLanguage\":\"en-US\",\"potentialAction\":[{\"@type\":\"ReadAction\",\"target\":[\"https:\/\/jarchaespanol.com\/en\/servicios\/teaching\/online-spanish\/other-small-group-classes\/spanish-online-intensive-small-group-classes\/\"]}]},{\"@type\":\"ImageObject\",\"inLanguage\":\"en-US\",\"@id\":\"https:\/\/jarchaespanol.com\/en\/servicios\/teaching\/online-spanish\/other-small-group-classes\/spanish-online-intensive-small-group-classes\/#primaryimage\",\"url\":\"https:\/\/jarchaespanol.com\/wp-content\/uploads\/2025\/11\/espanol-online-intensivas-individuales.jpg\",\"contentUrl\":\"https:\/\/jarchaespanol.com\/wp-content\/uploads\/2025\/11\/espanol-online-intensivas-individuales.jpg\",\"width\":1024,\"height\":1024},{\"@type\":\"BreadcrumbList\",\"@id\":\"https:\/\/jarchaespanol.com\/en\/servicios\/teaching\/online-spanish\/other-small-group-classes\/spanish-online-intensive-small-group-classes\/#breadcrumb\",\"itemListElement\":[{\"@type\":\"ListItem\",\"position\":1,\"name\":\"Home\",\"item\":\"https:\/\/jarchaespanol.com\/\"},{\"@type\":\"ListItem\",\"position\":2,\"name\":\"Shop\",\"item\":\"https:\/\/jarchaespanol.com\/tienda\/\"},{\"@type\":\"ListItem\",\"position\":3,\"name\":\"Spanish online &#8211; Intensive small group classes\"}]},{\"@type\":\"WebSite\",\"@id\":\"https:\/\/jarchaespanol.com\/#website\",\"url\":\"https:\/\/jarchaespanol.com\/\",\"name\":\"Jarcha Espa\u00f1ol\",\"description\":\"Plataforma en l\u00ednea especializada en la comunicaci\u00f3n y en la formaci\u00f3n en espa\u00f1ol. Aprende espa\u00f1ol online.\",\"publisher\":{\"@id\":\"https:\/\/jarchaespanol.com\/#organization\"},\"potentialAction\":[{\"@type\":\"SearchAction\",\"target\":{\"@type\":\"EntryPoint\",\"urlTemplate\":\"https:\/\/jarchaespanol.com\/?s={search_term_string}\"},\"query-input\":{\"@type\":\"PropertyValueSpecification\",\"valueRequired\":true,\"valueName\":\"search_term_string\"}}],\"inLanguage\":\"en-US\"},{\"@type\":\"Organization\",\"@id\":\"https:\/\/jarchaespanol.com\/#organization\",\"name\":\"Jarcha Espa\u00f1ol\",\"url\":\"https:\/\/jarchaespanol.com\/\",\"logo\":{\"@type\":\"ImageObject\",\"inLanguage\":\"en-US\",\"@id\":\"https:\/\/jarchaespanol.com\/#\/schema\/logo\/image\/\",\"url\":\"https:\/\/jarchaespanol.com\/wp-content\/uploads\/2022\/03\/logo-factura-2.png\",\"contentUrl\":\"https:\/\/jarchaespanol.com\/wp-content\/uploads\/2022\/03\/logo-factura-2.png\",\"width\":474,\"height\":177,\"caption\":\"Jarcha Espa\u00f1ol\"},\"image\":{\"@id\":\"https:\/\/jarchaespanol.com\/#\/schema\/logo\/image\/\"}}]}<\/script>\n<!-- \/ Yoast SEO plugin. -->","yoast_head_json":{"title":"Spanish online - Intensive small group classes - Jarcha Espa\u00f1ol","description":"Spanish online - Intensive small group classes - Jarcha Espa\u00f1ol - Espa\u00f1ol como Lengua Extranjera. Clases de espa\u00f1ol online.","robots":{"index":"index","follow":"follow","max-snippet":"max-snippet:-1","max-image-preview":"max-image-preview:large","max-video-preview":"max-video-preview:-1"},"canonical":"https:\/\/jarchaespanol.com\/en\/servicios\/teaching\/online-spanish\/other-small-group-classes\/spanish-online-intensive-small-group-classes\/","og_locale":"en_US","og_type":"article","og_title":"Spanish online - Intensive small group classes - Jarcha Espa\u00f1ol","og_description":"Spanish online - Intensive small group classes - Jarcha Espa\u00f1ol - Espa\u00f1ol como Lengua Extranjera. Clases de espa\u00f1ol online.","og_url":"https:\/\/jarchaespanol.com\/en\/servicios\/teaching\/online-spanish\/other-small-group-classes\/spanish-online-intensive-small-group-classes\/","og_site_name":"Jarcha Espa\u00f1ol","article_modified_time":"2025-12-29T10:47:16+00:00","og_image":[{"width":1024,"height":1024,"url":"https:\/\/jarchaespanol.com\/wp-content\/uploads\/2025\/11\/espanol-online-intensivas-individuales.jpg","type":"image\/jpeg"}],"twitter_card":"summary_large_image","schema":{"@context":"https:\/\/schema.org","@graph":[{"@type":"WebPage","@id":"https:\/\/jarchaespanol.com\/en\/servicios\/teaching\/online-spanish\/other-small-group-classes\/spanish-online-intensive-small-group-classes\/","url":"https:\/\/jarchaespanol.com\/en\/servicios\/teaching\/online-spanish\/other-small-group-classes\/spanish-online-intensive-small-group-classes\/","name":"Spanish online - Intensive small group classes - Jarcha Espa\u00f1ol","isPartOf":{"@id":"https:\/\/jarchaespanol.com\/#website"},"primaryImageOfPage":{"@id":"https:\/\/jarchaespanol.com\/en\/servicios\/teaching\/online-spanish\/other-small-group-classes\/spanish-online-intensive-small-group-classes\/#primaryimage"},"image":{"@id":"https:\/\/jarchaespanol.com\/en\/servicios\/teaching\/online-spanish\/other-small-group-classes\/spanish-online-intensive-small-group-classes\/#primaryimage"},"thumbnailUrl":"https:\/\/jarchaespanol.com\/wp-content\/uploads\/2025\/11\/espanol-online-intensivas-individuales.jpg","datePublished":"2025-11-05T11:33:23+00:00","dateModified":"2025-12-29T10:47:16+00:00","description":"Spanish online - Intensive small group classes - Jarcha Espa\u00f1ol - Espa\u00f1ol como Lengua Extranjera. Clases de espa\u00f1ol online.","breadcrumb":{"@id":"https:\/\/jarchaespanol.com\/en\/servicios\/teaching\/online-spanish\/other-small-group-classes\/spanish-online-intensive-small-group-classes\/#breadcrumb"},"inLanguage":"en-US","potentialAction":[{"@type":"ReadAction","target":["https:\/\/jarchaespanol.com\/en\/servicios\/teaching\/online-spanish\/other-small-group-classes\/spanish-online-intensive-small-group-classes\/"]}]},{"@type":"ImageObject","inLanguage":"en-US","@id":"https:\/\/jarchaespanol.com\/en\/servicios\/teaching\/online-spanish\/other-small-group-classes\/spanish-online-intensive-small-group-classes\/#primaryimage","url":"https:\/\/jarchaespanol.com\/wp-content\/uploads\/2025\/11\/espanol-online-intensivas-individuales.jpg","contentUrl":"https:\/\/jarchaespanol.com\/wp-content\/uploads\/2025\/11\/espanol-online-intensivas-individuales.jpg","width":1024,"height":1024},{"@type":"BreadcrumbList","@id":"https:\/\/jarchaespanol.com\/en\/servicios\/teaching\/online-spanish\/other-small-group-classes\/spanish-online-intensive-small-group-classes\/#breadcrumb","itemListElement":[{"@type":"ListItem","position":1,"name":"Home","item":"https:\/\/jarchaespanol.com\/"},{"@type":"ListItem","position":2,"name":"Shop","item":"https:\/\/jarchaespanol.com\/tienda\/"},{"@type":"ListItem","position":3,"name":"Spanish online &#8211; Intensive small group classes"}]},{"@type":"WebSite","@id":"https:\/\/jarchaespanol.com\/#website","url":"https:\/\/jarchaespanol.com\/","name":"Jarcha Espa\u00f1ol","description":"Plataforma en l\u00ednea especializada en la comunicaci\u00f3n y en la formaci\u00f3n en espa\u00f1ol. Aprende espa\u00f1ol online.","publisher":{"@id":"https:\/\/jarchaespanol.com\/#organization"},"potentialAction":[{"@type":"SearchAction","target":{"@type":"EntryPoint","urlTemplate":"https:\/\/jarchaespanol.com\/?s={search_term_string}"},"query-input":{"@type":"PropertyValueSpecification","valueRequired":true,"valueName":"search_term_string"}}],"inLanguage":"en-US"},{"@type":"Organization","@id":"https:\/\/jarchaespanol.com\/#organization","name":"Jarcha Espa\u00f1ol","url":"https:\/\/jarchaespanol.com\/","logo":{"@type":"ImageObject","inLanguage":"en-US","@id":"https:\/\/jarchaespanol.com\/#\/schema\/logo\/image\/","url":"https:\/\/jarchaespanol.com\/wp-content\/uploads\/2022\/03\/logo-factura-2.png","contentUrl":"https:\/\/jarchaespanol.com\/wp-content\/uploads\/2022\/03\/logo-factura-2.png","width":474,"height":177,"caption":"Jarcha Espa\u00f1ol"},"image":{"@id":"https:\/\/jarchaespanol.com\/#\/schema\/logo\/image\/"}}]}},"_links":{"self":[{"href":"https:\/\/jarchaespanol.com\/en\/wp-json\/wp\/v2\/product\/20155","targetHints":{"allow":["GET"]}}],"collection":[{"href":"https:\/\/jarchaespanol.com\/en\/wp-json\/wp\/v2\/product"}],"about":[{"href":"https:\/\/jarchaespanol.com\/en\/wp-json\/wp\/v2\/types\/product"}],"replies":[{"embeddable":true,"href":"https:\/\/jarchaespanol.com\/en\/wp-json\/wp\/v2\/comments?post=20155"}],"wp:featuredmedia":[{"embeddable":true,"href":"https:\/\/jarchaespanol.com\/en\/wp-json\/wp\/v2\/media\/20162"}],"wp:attachment":[{"href":"https:\/\/jarchaespanol.com\/en\/wp-json\/wp\/v2\/media?parent=20155"}],"wp:term":[{"taxonomy":"product_brand","embeddable":true,"href":"https:\/\/jarchaespanol.com\/en\/wp-json\/wp\/v2\/product_brand?post=20155"},{"taxonomy":"product_cat","embeddable":true,"href":"https:\/\/jarchaespanol.com\/en\/wp-json\/wp\/v2\/product_cat?post=20155"},{"taxonomy":"product_tag","embeddable":true,"href":"https:\/\/jarchaespanol.com\/en\/wp-json\/wp\/v2\/product_tag?post=20155"}],"curies":[{"name":"wp","href":"https:\/\/api.w.org\/{rel}","templated":true}]}}