{"id":21082,"date":"2026-04-01T11:21:10","date_gmt":"2026-04-01T09:21:10","guid":{"rendered":"https:\/\/jarchaespanol.com\/servicios\/uncategorized\/spanish-in-real-contexts-monthly-activity\/"},"modified":"2026-04-03T23:55:05","modified_gmt":"2026-04-03T21:55:05","slug":"spanish-in-real-contexts-monthly-activity","status":"publish","type":"product","link":"https:\/\/jarchaespanol.com\/en\/servicios\/teaching\/in-person-spanish\/small-group-classes-en\/spanish-in-real-contexts-monthly-activity\/","title":{"rendered":"Spanish in Real Contexts (Monthly Activity)"},"content":{"rendered":"<p>This modality is aimed at people who live in Vigo and those who are in the city temporarily \u2014for work, studies or holidays\u2014 and wish to practise Spanish in authentic everyday situations. It is an extension of classroom learning that moves into real spaces in the city to interact with the local community and with other students, and to gain confidence in everyday situations.<\/p>\n<p>These sessions take place once a month and are free for students of Jarcha Espa\u00f1ol. Those who are not part of Jarcha Espa\u00f1ol can participate by paying a fixed fee of 20 euros.<br \/>\nEach activity lasts approximately 2 to 4 hours and includes Spanish practice with a teacher, the necessary transfers within Vigo starting from Jarcha Espa\u00f1ol, and a small closing moment taking something together to continue the conversation in Spanish.<\/p>\n","protected":false},"excerpt":{"rendered":"<p>This modality is aimed at people who live in Vigo and those who are in the city temporarily \u2014for work, studies or holidays\u2014 and wish to practise Spanish in authentic everyday situations. It is an extension of classroom learning that moves into real spaces in the city to interact with the local community and with [&hellip;]<\/p>\n","protected":false},"featured_media":20842,"comment_status":"open","ping_status":"closed","template":"","meta":{"inline_featured_image":false,"_joinchat":[]},"product_brand":[],"product_cat":[871,863],"product_tag":[],"class_list":{"0":"post-21082","1":"product","2":"type-product","3":"status-publish","4":"has-post-thumbnail","6":"product_cat-in-person-spanish","7":"product_cat-small-group-classes-en","9":"first","10":"instock","11":"shipping-taxable","12":"purchasable","13":"product-type-simple"},"yoast_head":"<!-- This site is optimized with the Yoast SEO plugin v26.8 - https:\/\/yoast.com\/product\/yoast-seo-wordpress\/ -->\n<title>Spanish in Real Contexts (Monthly Activity) - Jarcha Espa\u00f1ol<\/title>\n<meta name=\"description\" content=\"Spanish in Real Contexts (Monthly Activity) - Jarcha Espa\u00f1ol - Espa\u00f1ol como Lengua Extranjera. Clases de espa\u00f1ol online.\" \/>\n<meta name=\"robots\" content=\"index, follow, max-snippet:-1, max-image-preview:large, max-video-preview:-1\" \/>\n<link rel=\"canonical\" href=\"https:\/\/jarchaespanol.com\/en\/servicios\/teaching\/in-person-spanish\/small-group-classes-en\/spanish-in-real-contexts-monthly-activity\/\" \/>\n<meta property=\"og:locale\" content=\"en_US\" \/>\n<meta property=\"og:type\" content=\"article\" \/>\n<meta property=\"og:title\" content=\"Spanish in Real Contexts (Monthly Activity) - Jarcha Espa\u00f1ol\" \/>\n<meta property=\"og:description\" content=\"Spanish in Real Contexts (Monthly Activity) - Jarcha Espa\u00f1ol - Espa\u00f1ol como Lengua Extranjera. Clases de espa\u00f1ol online.\" \/>\n<meta property=\"og:url\" content=\"https:\/\/jarchaespanol.com\/en\/servicios\/teaching\/in-person-spanish\/small-group-classes-en\/spanish-in-real-contexts-monthly-activity\/\" \/>\n<meta property=\"og:site_name\" content=\"Jarcha Espa\u00f1ol\" \/>\n<meta property=\"article:modified_time\" content=\"2026-04-03T21:55:05+00:00\" \/>\n<meta property=\"og:image\" content=\"https:\/\/jarchaespanol.com\/wp-content\/uploads\/2026\/02\/RONDALLAS-ACT.jpeg\" \/>\n\t<meta property=\"og:image:width\" content=\"1200\" \/>\n\t<meta property=\"og:image:height\" content=\"1287\" \/>\n\t<meta property=\"og:image:type\" content=\"image\/jpeg\" \/>\n<meta name=\"twitter:card\" content=\"summary_large_image\" \/>\n<script type=\"application\/ld+json\" class=\"yoast-schema-graph\">{\"@context\":\"https:\/\/schema.org\",\"@graph\":[{\"@type\":\"WebPage\",\"@id\":\"https:\/\/jarchaespanol.com\/en\/servicios\/teaching\/in-person-spanish\/small-group-classes-en\/spanish-in-real-contexts-monthly-activity\/\",\"url\":\"https:\/\/jarchaespanol.com\/en\/servicios\/teaching\/in-person-spanish\/small-group-classes-en\/spanish-in-real-contexts-monthly-activity\/\",\"name\":\"Spanish in Real Contexts (Monthly Activity) - Jarcha Espa\u00f1ol\",\"isPartOf\":{\"@id\":\"https:\/\/jarchaespanol.com\/#website\"},\"primaryImageOfPage\":{\"@id\":\"https:\/\/jarchaespanol.com\/en\/servicios\/teaching\/in-person-spanish\/small-group-classes-en\/spanish-in-real-contexts-monthly-activity\/#primaryimage\"},\"image\":{\"@id\":\"https:\/\/jarchaespanol.com\/en\/servicios\/teaching\/in-person-spanish\/small-group-classes-en\/spanish-in-real-contexts-monthly-activity\/#primaryimage\"},\"thumbnailUrl\":\"https:\/\/jarchaespanol.com\/wp-content\/uploads\/2026\/02\/RONDALLAS-ACT.jpeg\",\"datePublished\":\"2026-04-01T09:21:10+00:00\",\"dateModified\":\"2026-04-03T21:55:05+00:00\",\"description\":\"Spanish in Real Contexts (Monthly Activity) - Jarcha Espa\u00f1ol - Espa\u00f1ol como Lengua Extranjera. Clases de espa\u00f1ol online.\",\"breadcrumb\":{\"@id\":\"https:\/\/jarchaespanol.com\/en\/servicios\/teaching\/in-person-spanish\/small-group-classes-en\/spanish-in-real-contexts-monthly-activity\/#breadcrumb\"},\"inLanguage\":\"en-US\",\"potentialAction\":[{\"@type\":\"ReadAction\",\"target\":[\"https:\/\/jarchaespanol.com\/en\/servicios\/teaching\/in-person-spanish\/small-group-classes-en\/spanish-in-real-contexts-monthly-activity\/\"]}]},{\"@type\":\"ImageObject\",\"inLanguage\":\"en-US\",\"@id\":\"https:\/\/jarchaespanol.com\/en\/servicios\/teaching\/in-person-spanish\/small-group-classes-en\/spanish-in-real-contexts-monthly-activity\/#primaryimage\",\"url\":\"https:\/\/jarchaespanol.com\/wp-content\/uploads\/2026\/02\/RONDALLAS-ACT.jpeg\",\"contentUrl\":\"https:\/\/jarchaespanol.com\/wp-content\/uploads\/2026\/02\/RONDALLAS-ACT.jpeg\",\"width\":1200,\"height\":1287},{\"@type\":\"BreadcrumbList\",\"@id\":\"https:\/\/jarchaespanol.com\/en\/servicios\/teaching\/in-person-spanish\/small-group-classes-en\/spanish-in-real-contexts-monthly-activity\/#breadcrumb\",\"itemListElement\":[{\"@type\":\"ListItem\",\"position\":1,\"name\":\"Home\",\"item\":\"https:\/\/jarchaespanol.com\/\"},{\"@type\":\"ListItem\",\"position\":2,\"name\":\"Shop\",\"item\":\"https:\/\/jarchaespanol.com\/tienda\/\"},{\"@type\":\"ListItem\",\"position\":3,\"name\":\"Spanish in Real Contexts (Monthly Activity)\"}]},{\"@type\":\"WebSite\",\"@id\":\"https:\/\/jarchaespanol.com\/#website\",\"url\":\"https:\/\/jarchaespanol.com\/\",\"name\":\"Jarcha Espa\u00f1ol\",\"description\":\"Plataforma en l\u00ednea especializada en la comunicaci\u00f3n y en la formaci\u00f3n en espa\u00f1ol. Aprende espa\u00f1ol online.\",\"publisher\":{\"@id\":\"https:\/\/jarchaespanol.com\/#organization\"},\"potentialAction\":[{\"@type\":\"SearchAction\",\"target\":{\"@type\":\"EntryPoint\",\"urlTemplate\":\"https:\/\/jarchaespanol.com\/?s={search_term_string}\"},\"query-input\":{\"@type\":\"PropertyValueSpecification\",\"valueRequired\":true,\"valueName\":\"search_term_string\"}}],\"inLanguage\":\"en-US\"},{\"@type\":\"Organization\",\"@id\":\"https:\/\/jarchaespanol.com\/#organization\",\"name\":\"Jarcha Espa\u00f1ol\",\"url\":\"https:\/\/jarchaespanol.com\/\",\"logo\":{\"@type\":\"ImageObject\",\"inLanguage\":\"en-US\",\"@id\":\"https:\/\/jarchaespanol.com\/#\/schema\/logo\/image\/\",\"url\":\"https:\/\/jarchaespanol.com\/wp-content\/uploads\/2022\/03\/logo-factura-2.png\",\"contentUrl\":\"https:\/\/jarchaespanol.com\/wp-content\/uploads\/2022\/03\/logo-factura-2.png\",\"width\":474,\"height\":177,\"caption\":\"Jarcha Espa\u00f1ol\"},\"image\":{\"@id\":\"https:\/\/jarchaespanol.com\/#\/schema\/logo\/image\/\"}}]}<\/script>\n<!-- \/ Yoast SEO plugin. -->","yoast_head_json":{"title":"Spanish in Real Contexts (Monthly Activity) - Jarcha Espa\u00f1ol","description":"Spanish in Real Contexts (Monthly Activity) - Jarcha Espa\u00f1ol - Espa\u00f1ol como Lengua Extranjera. Clases de espa\u00f1ol online.","robots":{"index":"index","follow":"follow","max-snippet":"max-snippet:-1","max-image-preview":"max-image-preview:large","max-video-preview":"max-video-preview:-1"},"canonical":"https:\/\/jarchaespanol.com\/en\/servicios\/teaching\/in-person-spanish\/small-group-classes-en\/spanish-in-real-contexts-monthly-activity\/","og_locale":"en_US","og_type":"article","og_title":"Spanish in Real Contexts (Monthly Activity) - Jarcha Espa\u00f1ol","og_description":"Spanish in Real Contexts (Monthly Activity) - Jarcha Espa\u00f1ol - Espa\u00f1ol como Lengua Extranjera. Clases de espa\u00f1ol online.","og_url":"https:\/\/jarchaespanol.com\/en\/servicios\/teaching\/in-person-spanish\/small-group-classes-en\/spanish-in-real-contexts-monthly-activity\/","og_site_name":"Jarcha Espa\u00f1ol","article_modified_time":"2026-04-03T21:55:05+00:00","og_image":[{"width":1200,"height":1287,"url":"https:\/\/jarchaespanol.com\/wp-content\/uploads\/2026\/02\/RONDALLAS-ACT.jpeg","type":"image\/jpeg"}],"twitter_card":"summary_large_image","schema":{"@context":"https:\/\/schema.org","@graph":[{"@type":"WebPage","@id":"https:\/\/jarchaespanol.com\/en\/servicios\/teaching\/in-person-spanish\/small-group-classes-en\/spanish-in-real-contexts-monthly-activity\/","url":"https:\/\/jarchaespanol.com\/en\/servicios\/teaching\/in-person-spanish\/small-group-classes-en\/spanish-in-real-contexts-monthly-activity\/","name":"Spanish in Real Contexts (Monthly Activity) - Jarcha Espa\u00f1ol","isPartOf":{"@id":"https:\/\/jarchaespanol.com\/#website"},"primaryImageOfPage":{"@id":"https:\/\/jarchaespanol.com\/en\/servicios\/teaching\/in-person-spanish\/small-group-classes-en\/spanish-in-real-contexts-monthly-activity\/#primaryimage"},"image":{"@id":"https:\/\/jarchaespanol.com\/en\/servicios\/teaching\/in-person-spanish\/small-group-classes-en\/spanish-in-real-contexts-monthly-activity\/#primaryimage"},"thumbnailUrl":"https:\/\/jarchaespanol.com\/wp-content\/uploads\/2026\/02\/RONDALLAS-ACT.jpeg","datePublished":"2026-04-01T09:21:10+00:00","dateModified":"2026-04-03T21:55:05+00:00","description":"Spanish in Real Contexts (Monthly Activity) - Jarcha Espa\u00f1ol - Espa\u00f1ol como Lengua Extranjera. Clases de espa\u00f1ol online.","breadcrumb":{"@id":"https:\/\/jarchaespanol.com\/en\/servicios\/teaching\/in-person-spanish\/small-group-classes-en\/spanish-in-real-contexts-monthly-activity\/#breadcrumb"},"inLanguage":"en-US","potentialAction":[{"@type":"ReadAction","target":["https:\/\/jarchaespanol.com\/en\/servicios\/teaching\/in-person-spanish\/small-group-classes-en\/spanish-in-real-contexts-monthly-activity\/"]}]},{"@type":"ImageObject","inLanguage":"en-US","@id":"https:\/\/jarchaespanol.com\/en\/servicios\/teaching\/in-person-spanish\/small-group-classes-en\/spanish-in-real-contexts-monthly-activity\/#primaryimage","url":"https:\/\/jarchaespanol.com\/wp-content\/uploads\/2026\/02\/RONDALLAS-ACT.jpeg","contentUrl":"https:\/\/jarchaespanol.com\/wp-content\/uploads\/2026\/02\/RONDALLAS-ACT.jpeg","width":1200,"height":1287},{"@type":"BreadcrumbList","@id":"https:\/\/jarchaespanol.com\/en\/servicios\/teaching\/in-person-spanish\/small-group-classes-en\/spanish-in-real-contexts-monthly-activity\/#breadcrumb","itemListElement":[{"@type":"ListItem","position":1,"name":"Home","item":"https:\/\/jarchaespanol.com\/"},{"@type":"ListItem","position":2,"name":"Shop","item":"https:\/\/jarchaespanol.com\/tienda\/"},{"@type":"ListItem","position":3,"name":"Spanish in Real Contexts (Monthly Activity)"}]},{"@type":"WebSite","@id":"https:\/\/jarchaespanol.com\/#website","url":"https:\/\/jarchaespanol.com\/","name":"Jarcha Espa\u00f1ol","description":"Plataforma en l\u00ednea especializada en la comunicaci\u00f3n y en la formaci\u00f3n en espa\u00f1ol. Aprende espa\u00f1ol online.","publisher":{"@id":"https:\/\/jarchaespanol.com\/#organization"},"potentialAction":[{"@type":"SearchAction","target":{"@type":"EntryPoint","urlTemplate":"https:\/\/jarchaespanol.com\/?s={search_term_string}"},"query-input":{"@type":"PropertyValueSpecification","valueRequired":true,"valueName":"search_term_string"}}],"inLanguage":"en-US"},{"@type":"Organization","@id":"https:\/\/jarchaespanol.com\/#organization","name":"Jarcha Espa\u00f1ol","url":"https:\/\/jarchaespanol.com\/","logo":{"@type":"ImageObject","inLanguage":"en-US","@id":"https:\/\/jarchaespanol.com\/#\/schema\/logo\/image\/","url":"https:\/\/jarchaespanol.com\/wp-content\/uploads\/2022\/03\/logo-factura-2.png","contentUrl":"https:\/\/jarchaespanol.com\/wp-content\/uploads\/2022\/03\/logo-factura-2.png","width":474,"height":177,"caption":"Jarcha Espa\u00f1ol"},"image":{"@id":"https:\/\/jarchaespanol.com\/#\/schema\/logo\/image\/"}}]}},"_links":{"self":[{"href":"https:\/\/jarchaespanol.com\/en\/wp-json\/wp\/v2\/product\/21082","targetHints":{"allow":["GET"]}}],"collection":[{"href":"https:\/\/jarchaespanol.com\/en\/wp-json\/wp\/v2\/product"}],"about":[{"href":"https:\/\/jarchaespanol.com\/en\/wp-json\/wp\/v2\/types\/product"}],"replies":[{"embeddable":true,"href":"https:\/\/jarchaespanol.com\/en\/wp-json\/wp\/v2\/comments?post=21082"}],"wp:featuredmedia":[{"embeddable":true,"href":"https:\/\/jarchaespanol.com\/en\/wp-json\/wp\/v2\/media\/20842"}],"wp:attachment":[{"href":"https:\/\/jarchaespanol.com\/en\/wp-json\/wp\/v2\/media?parent=21082"}],"wp:term":[{"taxonomy":"product_brand","embeddable":true,"href":"https:\/\/jarchaespanol.com\/en\/wp-json\/wp\/v2\/product_brand?post=21082"},{"taxonomy":"product_cat","embeddable":true,"href":"https:\/\/jarchaespanol.com\/en\/wp-json\/wp\/v2\/product_cat?post=21082"},{"taxonomy":"product_tag","embeddable":true,"href":"https:\/\/jarchaespanol.com\/en\/wp-json\/wp\/v2\/product_tag?post=21082"}],"curies":[{"name":"wp","href":"https:\/\/api.w.org\/{rel}","templated":true}]}}