{"id":5840,"date":"2015-06-16T13:33:31","date_gmt":"2015-06-16T11:33:31","guid":{"rendered":"https:\/\/jarchaespanol.es\/servicios\/uncategorized\/espanol-conversacion\/"},"modified":"2022-06-27T19:24:09","modified_gmt":"2022-06-27T17:24:09","slug":"spanish-conversation","status":"publish","type":"product","link":"https:\/\/jarchaespanol.com\/en\/servicios\/sin-categorizar\/spanish-conversation\/","title":{"rendered":"Spanish &#8211; Conversation"},"content":{"rendered":"<p><span style=\"font-weight: 400;\">If you <\/span><b>travel<\/b><span style=\"font-weight: 400;\"> frequently to Spain or Spanish-speaking countries, or if, for personal or work reasons you <\/span><b>have to change residence<\/b><span style=\"font-weight: 400;\">, with our classes you will not only be able to improve and perfect your oral competence in Spanish, but get closer to the culture and idiosyncrasy of its people, to live the Spanish \u00abfrom inside\u00bb.<\/span><\/p>\n<p>&nbsp;<\/p>\n<p><span style=\"font-weight: 400;\">Through <\/span><b>personalized sessions, fully adapted for you<\/b><span style=\"font-weight: 400;\">, we will provide you with the necessary tools to<\/span><b> interact<\/b><span style=\"font-weight: 400;\"> with other Spanish speakers in any <\/span><b>real-life <\/b><span style=\"font-weight: 400;\">situation.\u00a0<\/span><\/p>\n<p>&nbsp;<\/p>\n<p><span style=\"font-weight: 400;\">The course is developed by <\/span><b>blocks of content<\/b><span style=\"font-weight: 400;\">, although you can choose a different theme than the ones we propose:\u00a0<\/span><\/p>\n<ul>\n<li><span style=\"font-weight: 400;\">History<\/span><\/li>\n<li><span style=\"font-weight: 400;\">Health<\/span><\/li>\n<li><span style=\"font-weight: 400;\">Education<\/span><\/li>\n<li><span style=\"font-weight: 400;\">Literature<\/span><\/li>\n<li><span style=\"font-weight: 400;\">Cinema<\/span><\/li>\n<li><span style=\"font-weight: 400;\">Politics<\/span><\/li>\n<li><span style=\"font-weight: 400;\">Sports<\/span><\/li>\n<li><span style=\"font-weight: 400;\">Gastronomy<\/span><\/li>\n<li><span style=\"font-weight: 400;\">Popular culture<\/span><\/li>\n<\/ul>\n<p><span style=\"font-weight: 400;\">\u00a0<\/span><\/p>\n<p>&nbsp;<\/p>\n<p><span style=\"font-weight: 400;\">Although perseverance is the key to success, in this mode of teaching the frequency of classes and the timing marks you, according to your availability. We propose a minimum of 5 hours of class, which you can distribute as best as you like it.<\/span><\/p>\n<p>&nbsp;<\/p>\n<p><b>Minimum level required: B2<\/b><\/p>\n<p>&nbsp;<\/p>\n<p><b>Prices:<\/b><\/p>\n<p><span style=\"font-weight: 400;\">Package of 5 hours: 70\u20ac<\/span><\/p>\n<p><span style=\"font-weight: 400;\">Package of 10 hours: 130\u20ac<\/span><\/p>\n<p>&nbsp;<\/p>\n<p><a class=\"btn btn-jarcha\" href=\"https:\/\/docs.google.com\/forms\/d\/e\/1FAIpQLSfcqnT0yx9ylNe_7bvk7ZgGrc6OTIA8JxGMPdEFsxHMDoOTAQ\/viewform?usp=sf_link\" target=\"_blank\" rel=\"noopener\"><span style=\"font-weight: 400;\"><i class=\"vc_btn3-icon fas fa-user-graduate\"><\/i> Level test A1<\/span><\/a> <a class=\"btn btn-jarcha\" href=\"https:\/\/docs.google.com\/forms\/d\/e\/1FAIpQLSeTDa6QmSwYWj7oW_yHYcpizdv6piPmyuDxlUaO_ZdtoNS4dg\/viewform?usp=sf_link\" target=\"_blank\" rel=\"noopener\"><span style=\"font-weight: 400;\"><i class=\"vc_btn3-icon fas fa-user-graduate\"><\/i> Level test A2<\/span><\/a> <a class=\"btn btn-jarcha\" href=\"https:\/\/docs.google.com\/forms\/d\/e\/1FAIpQLSemXWo0GNz26D0S9aVn6d73RM3Wjn1NwRZUJLMBYtzl_iC6og\/viewform?usp=sf_link\" target=\"_blank\" rel=\"noopener\"><span style=\"font-weight: 400;\"><i class=\"vc_btn3-icon fas fa-user-graduate\"><\/i> Level test B1<\/span><\/a> <a class=\"btn btn-jarcha\" href=\"https:\/\/docs.google.com\/forms\/d\/e\/1FAIpQLScSBs1tQjG98PdPPfzNcQ40r0q7y_Pw8-EkX0ohKeilvhwZAQ\/viewform?usp=sf_link\" target=\"_blank\" rel=\"noopener\"><span style=\"font-weight: 400;\"><i class=\"vc_btn3-icon fas fa-user-graduate\"><\/i> Level test B2<\/span><\/a> <a class=\"btn btn-jarcha\" href=\"https:\/\/docs.google.com\/forms\/d\/e\/1FAIpQLSfcaGfbBac02wDVmhCzSsLem8kB02P1D0ZO_a94Pm_t8Eifsg\/viewform?usp=sf_link\" target=\"_blank\" rel=\"noopener\"><span style=\"font-weight: 400;\"><i class=\"vc_btn3-icon fas fa-user-graduate\"><\/i> Level test C1<\/span><\/a><\/p>\n","protected":false},"excerpt":{"rendered":"<p>If you travel frequently to Spain or Spanish-speaking countries, or if, for personal or work reasons you have to change residence, with our classes you will not only be able to improve and perfect your oral competence in Spanish, but get closer to the culture and idiosyncrasy of its people, to live the Spanish \u00abfrom [&hellip;]<\/p>\n","protected":false},"featured_media":4980,"comment_status":"open","ping_status":"closed","template":"","meta":{"inline_featured_image":false,"_joinchat":[]},"product_brand":[],"product_cat":[15],"product_tag":[],"class_list":{"0":"post-5840","1":"product","2":"type-product","3":"status-publish","4":"has-post-thumbnail","6":"product_cat-sin-categorizar","8":"first","9":"outofstock","10":"shipping-taxable","11":"purchasable","12":"product-type-variable"},"yoast_head":"<!-- This site is optimized with the Yoast SEO plugin v26.8 - https:\/\/yoast.com\/product\/yoast-seo-wordpress\/ -->\n<title>Spanish - Conversation - Jarcha Espa\u00f1ol<\/title>\n<meta name=\"description\" content=\"Spanish - Conversation - Jarcha Espa\u00f1ol - Espa\u00f1ol como Lengua Extranjera. Clases de espa\u00f1ol online.\" \/>\n<meta name=\"robots\" content=\"index, follow, max-snippet:-1, max-image-preview:large, max-video-preview:-1\" \/>\n<link rel=\"canonical\" href=\"https:\/\/jarchaespanol.com\/en\/servicios\/sin-categorizar\/spanish-conversation\/\" \/>\n<meta property=\"og:locale\" content=\"en_US\" \/>\n<meta property=\"og:type\" content=\"article\" \/>\n<meta property=\"og:title\" content=\"Spanish - Conversation - Jarcha Espa\u00f1ol\" \/>\n<meta property=\"og:description\" content=\"Spanish - Conversation - Jarcha Espa\u00f1ol - Espa\u00f1ol como Lengua Extranjera. Clases de espa\u00f1ol online.\" \/>\n<meta property=\"og:url\" content=\"https:\/\/jarchaespanol.com\/?post_type=product&amp;p=2569\" \/>\n<meta property=\"og:site_name\" content=\"Jarcha Espa\u00f1ol\" \/>\n<meta property=\"article:modified_time\" content=\"2022-06-27T17:24:09+00:00\" \/>\n<meta property=\"og:image\" content=\"https:\/\/jarchaespanol.com\/wp-content\/uploads\/2015\/06\/conversacion-1.png\" \/>\n\t<meta property=\"og:image:width\" content=\"600\" \/>\n\t<meta property=\"og:image:height\" content=\"600\" \/>\n\t<meta property=\"og:image:type\" content=\"image\/png\" \/>\n<meta name=\"twitter:card\" content=\"summary_large_image\" \/>\n<script type=\"application\/ld+json\" class=\"yoast-schema-graph\">{\"@context\":\"https:\/\/schema.org\",\"@graph\":[{\"@type\":\"WebPage\",\"@id\":\"https:\/\/jarchaespanol.com\/?post_type=product&p=2569\",\"url\":\"https:\/\/jarchaespanol.com\/?post_type=product&p=2569\",\"name\":\"Spanish - Conversation - Jarcha Espa\u00f1ol\",\"isPartOf\":{\"@id\":\"https:\/\/jarchaespanol.com\/#website\"},\"primaryImageOfPage\":{\"@id\":\"https:\/\/jarchaespanol.com\/?post_type=product&p=2569#primaryimage\"},\"image\":{\"@id\":\"https:\/\/jarchaespanol.com\/?post_type=product&p=2569#primaryimage\"},\"thumbnailUrl\":\"https:\/\/jarchaespanol.com\/wp-content\/uploads\/2015\/06\/conversacion-1.png\",\"datePublished\":\"2015-06-16T11:33:31+00:00\",\"dateModified\":\"2022-06-27T17:24:09+00:00\",\"description\":\"Spanish - Conversation - Jarcha Espa\u00f1ol - Espa\u00f1ol como Lengua Extranjera. Clases de espa\u00f1ol online.\",\"breadcrumb\":{\"@id\":\"https:\/\/jarchaespanol.com\/?post_type=product&p=2569#breadcrumb\"},\"inLanguage\":\"en-US\",\"potentialAction\":[{\"@type\":\"ReadAction\",\"target\":[\"https:\/\/jarchaespanol.com\/?post_type=product&p=2569\"]}]},{\"@type\":\"ImageObject\",\"inLanguage\":\"en-US\",\"@id\":\"https:\/\/jarchaespanol.com\/?post_type=product&p=2569#primaryimage\",\"url\":\"https:\/\/jarchaespanol.com\/wp-content\/uploads\/2015\/06\/conversacion-1.png\",\"contentUrl\":\"https:\/\/jarchaespanol.com\/wp-content\/uploads\/2015\/06\/conversacion-1.png\",\"width\":600,\"height\":600},{\"@type\":\"BreadcrumbList\",\"@id\":\"https:\/\/jarchaespanol.com\/?post_type=product&p=2569#breadcrumb\",\"itemListElement\":[{\"@type\":\"ListItem\",\"position\":1,\"name\":\"Home\",\"item\":\"https:\/\/jarchaespanol.com\/\"},{\"@type\":\"ListItem\",\"position\":2,\"name\":\"Shop\",\"item\":\"https:\/\/jarchaespanol.com\/tienda\/\"},{\"@type\":\"ListItem\",\"position\":3,\"name\":\"Spanish &#8211; Conversation\"}]},{\"@type\":\"WebSite\",\"@id\":\"https:\/\/jarchaespanol.com\/#website\",\"url\":\"https:\/\/jarchaespanol.com\/\",\"name\":\"Jarcha Espa\u00f1ol\",\"description\":\"Plataforma en l\u00ednea especializada en la comunicaci\u00f3n y en la formaci\u00f3n en espa\u00f1ol. Aprende espa\u00f1ol online.\",\"publisher\":{\"@id\":\"https:\/\/jarchaespanol.com\/#organization\"},\"potentialAction\":[{\"@type\":\"SearchAction\",\"target\":{\"@type\":\"EntryPoint\",\"urlTemplate\":\"https:\/\/jarchaespanol.com\/?s={search_term_string}\"},\"query-input\":{\"@type\":\"PropertyValueSpecification\",\"valueRequired\":true,\"valueName\":\"search_term_string\"}}],\"inLanguage\":\"en-US\"},{\"@type\":\"Organization\",\"@id\":\"https:\/\/jarchaespanol.com\/#organization\",\"name\":\"Jarcha Espa\u00f1ol\",\"url\":\"https:\/\/jarchaespanol.com\/\",\"logo\":{\"@type\":\"ImageObject\",\"inLanguage\":\"en-US\",\"@id\":\"https:\/\/jarchaespanol.com\/#\/schema\/logo\/image\/\",\"url\":\"https:\/\/jarchaespanol.com\/wp-content\/uploads\/2022\/03\/logo-factura-2.png\",\"contentUrl\":\"https:\/\/jarchaespanol.com\/wp-content\/uploads\/2022\/03\/logo-factura-2.png\",\"width\":474,\"height\":177,\"caption\":\"Jarcha Espa\u00f1ol\"},\"image\":{\"@id\":\"https:\/\/jarchaespanol.com\/#\/schema\/logo\/image\/\"}}]}<\/script>\n<!-- \/ Yoast SEO plugin. -->","yoast_head_json":{"title":"Spanish - Conversation - Jarcha Espa\u00f1ol","description":"Spanish - Conversation - Jarcha Espa\u00f1ol - Espa\u00f1ol como Lengua Extranjera. Clases de espa\u00f1ol online.","robots":{"index":"index","follow":"follow","max-snippet":"max-snippet:-1","max-image-preview":"max-image-preview:large","max-video-preview":"max-video-preview:-1"},"canonical":"https:\/\/jarchaespanol.com\/en\/servicios\/sin-categorizar\/spanish-conversation\/","og_locale":"en_US","og_type":"article","og_title":"Spanish - Conversation - Jarcha Espa\u00f1ol","og_description":"Spanish - Conversation - Jarcha Espa\u00f1ol - Espa\u00f1ol como Lengua Extranjera. Clases de espa\u00f1ol online.","og_url":"https:\/\/jarchaespanol.com\/?post_type=product&p=2569","og_site_name":"Jarcha Espa\u00f1ol","article_modified_time":"2022-06-27T17:24:09+00:00","og_image":[{"width":600,"height":600,"url":"https:\/\/jarchaespanol.com\/wp-content\/uploads\/2015\/06\/conversacion-1.png","type":"image\/png"}],"twitter_card":"summary_large_image","schema":{"@context":"https:\/\/schema.org","@graph":[{"@type":"WebPage","@id":"https:\/\/jarchaespanol.com\/?post_type=product&p=2569","url":"https:\/\/jarchaespanol.com\/?post_type=product&p=2569","name":"Spanish - Conversation - Jarcha Espa\u00f1ol","isPartOf":{"@id":"https:\/\/jarchaespanol.com\/#website"},"primaryImageOfPage":{"@id":"https:\/\/jarchaespanol.com\/?post_type=product&p=2569#primaryimage"},"image":{"@id":"https:\/\/jarchaespanol.com\/?post_type=product&p=2569#primaryimage"},"thumbnailUrl":"https:\/\/jarchaespanol.com\/wp-content\/uploads\/2015\/06\/conversacion-1.png","datePublished":"2015-06-16T11:33:31+00:00","dateModified":"2022-06-27T17:24:09+00:00","description":"Spanish - Conversation - Jarcha Espa\u00f1ol - Espa\u00f1ol como Lengua Extranjera. Clases de espa\u00f1ol online.","breadcrumb":{"@id":"https:\/\/jarchaespanol.com\/?post_type=product&p=2569#breadcrumb"},"inLanguage":"en-US","potentialAction":[{"@type":"ReadAction","target":["https:\/\/jarchaespanol.com\/?post_type=product&p=2569"]}]},{"@type":"ImageObject","inLanguage":"en-US","@id":"https:\/\/jarchaespanol.com\/?post_type=product&p=2569#primaryimage","url":"https:\/\/jarchaespanol.com\/wp-content\/uploads\/2015\/06\/conversacion-1.png","contentUrl":"https:\/\/jarchaespanol.com\/wp-content\/uploads\/2015\/06\/conversacion-1.png","width":600,"height":600},{"@type":"BreadcrumbList","@id":"https:\/\/jarchaespanol.com\/?post_type=product&p=2569#breadcrumb","itemListElement":[{"@type":"ListItem","position":1,"name":"Home","item":"https:\/\/jarchaespanol.com\/"},{"@type":"ListItem","position":2,"name":"Shop","item":"https:\/\/jarchaespanol.com\/tienda\/"},{"@type":"ListItem","position":3,"name":"Spanish &#8211; Conversation"}]},{"@type":"WebSite","@id":"https:\/\/jarchaespanol.com\/#website","url":"https:\/\/jarchaespanol.com\/","name":"Jarcha Espa\u00f1ol","description":"Plataforma en l\u00ednea especializada en la comunicaci\u00f3n y en la formaci\u00f3n en espa\u00f1ol. Aprende espa\u00f1ol online.","publisher":{"@id":"https:\/\/jarchaespanol.com\/#organization"},"potentialAction":[{"@type":"SearchAction","target":{"@type":"EntryPoint","urlTemplate":"https:\/\/jarchaespanol.com\/?s={search_term_string}"},"query-input":{"@type":"PropertyValueSpecification","valueRequired":true,"valueName":"search_term_string"}}],"inLanguage":"en-US"},{"@type":"Organization","@id":"https:\/\/jarchaespanol.com\/#organization","name":"Jarcha Espa\u00f1ol","url":"https:\/\/jarchaespanol.com\/","logo":{"@type":"ImageObject","inLanguage":"en-US","@id":"https:\/\/jarchaespanol.com\/#\/schema\/logo\/image\/","url":"https:\/\/jarchaespanol.com\/wp-content\/uploads\/2022\/03\/logo-factura-2.png","contentUrl":"https:\/\/jarchaespanol.com\/wp-content\/uploads\/2022\/03\/logo-factura-2.png","width":474,"height":177,"caption":"Jarcha Espa\u00f1ol"},"image":{"@id":"https:\/\/jarchaespanol.com\/#\/schema\/logo\/image\/"}}]}},"_links":{"self":[{"href":"https:\/\/jarchaespanol.com\/en\/wp-json\/wp\/v2\/product\/5840","targetHints":{"allow":["GET"]}}],"collection":[{"href":"https:\/\/jarchaespanol.com\/en\/wp-json\/wp\/v2\/product"}],"about":[{"href":"https:\/\/jarchaespanol.com\/en\/wp-json\/wp\/v2\/types\/product"}],"replies":[{"embeddable":true,"href":"https:\/\/jarchaespanol.com\/en\/wp-json\/wp\/v2\/comments?post=5840"}],"wp:featuredmedia":[{"embeddable":true,"href":"https:\/\/jarchaespanol.com\/en\/wp-json\/wp\/v2\/media\/4980"}],"wp:attachment":[{"href":"https:\/\/jarchaespanol.com\/en\/wp-json\/wp\/v2\/media?parent=5840"}],"wp:term":[{"taxonomy":"product_brand","embeddable":true,"href":"https:\/\/jarchaespanol.com\/en\/wp-json\/wp\/v2\/product_brand?post=5840"},{"taxonomy":"product_cat","embeddable":true,"href":"https:\/\/jarchaespanol.com\/en\/wp-json\/wp\/v2\/product_cat?post=5840"},{"taxonomy":"product_tag","embeddable":true,"href":"https:\/\/jarchaespanol.com\/en\/wp-json\/wp\/v2\/product_tag?post=5840"}],"curies":[{"name":"wp","href":"https:\/\/api.w.org\/{rel}","templated":true}]}}