{"id":5844,"date":"2022-05-10T12:59:54","date_gmt":"2022-05-10T10:59:54","guid":{"rendered":"https:\/\/jarchaespanol.es\/servicios\/uncategorized\/espanol-combinada\/"},"modified":"2022-06-26T12:50:45","modified_gmt":"2022-06-26T10:50:45","slug":"spanish-combined","status":"publish","type":"product","link":"https:\/\/jarchaespanol.com\/en\/servicios\/sin-categorizar\/spanish-combined\/","title":{"rendered":"Spanish &#8211; Combined"},"content":{"rendered":"<p><span style=\"font-weight: 400;\">If you want to <\/span><b>increase <\/b><span style=\"font-weight: 400;\">and <\/span><b>improve<\/b><span style=\"font-weight: 400;\"> your oral and written skills in the language, but you do not have enough time to follow a full course, this proposal will fit you so well, that you will want to arrive the next day of class.<\/span><\/p>\n<p>&nbsp;<\/p>\n<p><span style=\"font-weight: 400;\">Based on the study of your strengths and weaknesses, as well as your interests, after an initial interview, your teacher will design a <\/span><b>tailor-made course<\/b><span style=\"font-weight: 400;\"> for you, where you will have an hour and <\/span><b>a half a week of individual class <\/b><span style=\"font-weight: 400;\">that will be combined with a <\/span><b>biweekly class in small group*<\/b><span style=\"font-weight: 400;\"> with students of your level.\u00a0<\/span><\/p>\n<p>&nbsp;<\/p>\n<p><span style=\"font-weight: 400;\">In the <\/span><b>weekly individual<\/b><span style=\"font-weight: 400;\"> class you will work side by side with grammatical and lexical contents, comprehension and oral and written expression, and you will perform weekly reinforcement tasks that you will correct in the next session.\u00a0<\/span><\/p>\n<p>&nbsp;<\/p>\n<p><span style=\"font-weight: 400;\">In the <\/span><b>fortnightly group class<\/b><span style=\"font-weight: 400;\">, you will participate with other classmates, for <\/span><b>an hour and a half<\/b><span style=\"font-weight: 400;\">, of a playful and fun learning experience through debates, games and different activities in common, to encourage communicative interaction.<\/span><\/p>\n<p>&nbsp;<\/p>\n<p><b>Required level: from A2 to B2\u00a0<\/b><\/p>\n<p>&nbsp;<\/p>\n<p><b>Prices:<\/b><\/p>\n<p><span style=\"font-weight: 400;\">Monthly package of 4 individual classes + 2 group classes: 100 \u20ac<\/span><\/p>\n<p>&nbsp;<\/p>\n<p><span style=\"font-weight: 400;\">*For this modality a minimum of 2 and a maximum of 6 students is required.<\/span><\/p>\n<p><a class=\"btn btn-jarcha\" href=\"https:\/\/docs.google.com\/forms\/d\/e\/1FAIpQLSfcqnT0yx9ylNe_7bvk7ZgGrc6OTIA8JxGMPdEFsxHMDoOTAQ\/viewform?usp=sf_link\" target=\"_blank\" rel=\"noopener\"><span style=\"font-weight: 400;\"><i class=\"vc_btn3-icon fas fa-user-graduate\"><\/i> Level test A1<\/span><\/a> <a class=\"btn btn-jarcha\" href=\"https:\/\/docs.google.com\/forms\/d\/e\/1FAIpQLSeTDa6QmSwYWj7oW_yHYcpizdv6piPmyuDxlUaO_ZdtoNS4dg\/viewform?usp=sf_link\" target=\"_blank\" rel=\"noopener\"><span style=\"font-weight: 400;\"><i class=\"vc_btn3-icon fas fa-user-graduate\"><\/i> Level test A2<\/span><\/a> <a class=\"btn btn-jarcha\" href=\"https:\/\/docs.google.com\/forms\/d\/e\/1FAIpQLSemXWo0GNz26D0S9aVn6d73RM3Wjn1NwRZUJLMBYtzl_iC6og\/viewform?usp=sf_link\" target=\"_blank\" rel=\"noopener\"><span style=\"font-weight: 400;\"><i class=\"vc_btn3-icon fas fa-user-graduate\"><\/i> Level test B1<\/span><\/a> <a class=\"btn btn-jarcha\" href=\"https:\/\/docs.google.com\/forms\/d\/e\/1FAIpQLScSBs1tQjG98PdPPfzNcQ40r0q7y_Pw8-EkX0ohKeilvhwZAQ\/viewform?usp=sf_link\" target=\"_blank\" rel=\"noopener\"><span style=\"font-weight: 400;\"><i class=\"vc_btn3-icon fas fa-user-graduate\"><\/i> Level test B2<\/span><\/a> <a class=\"btn btn-jarcha\" href=\"https:\/\/docs.google.com\/forms\/d\/e\/1FAIpQLSfcaGfbBac02wDVmhCzSsLem8kB02P1D0ZO_a94Pm_t8Eifsg\/viewform?usp=sf_link\" target=\"_blank\" rel=\"noopener\"><span style=\"font-weight: 400;\"><i class=\"vc_btn3-icon fas fa-user-graduate\"><\/i> Level test C1<\/span><\/a><\/p>\n","protected":false},"excerpt":{"rendered":"<p>If you want to increase and improve your oral and written skills in the language, but you do not have enough time to follow a full course, this proposal will fit you so well, that you will want to arrive the next day of class. &nbsp; Based on the study of your strengths and weaknesses, [&hellip;]<\/p>\n","protected":false},"featured_media":5509,"comment_status":"open","ping_status":"closed","template":"","meta":{"inline_featured_image":false,"_joinchat":[]},"product_brand":[],"product_cat":[15],"product_tag":[],"class_list":{"0":"post-5844","1":"product","2":"type-product","3":"status-publish","4":"has-post-thumbnail","6":"product_cat-sin-categorizar","8":"first","9":"outofstock","10":"shipping-taxable","11":"purchasable","12":"product-type-variable"},"yoast_head":"<!-- This site is optimized with the Yoast SEO plugin v26.8 - https:\/\/yoast.com\/product\/yoast-seo-wordpress\/ -->\n<title>Spanish - Combined - Jarcha Espa\u00f1ol<\/title>\n<meta name=\"description\" content=\"Spanish - Combined - Jarcha Espa\u00f1ol - Espa\u00f1ol como Lengua Extranjera. Clases de espa\u00f1ol online.\" \/>\n<meta name=\"robots\" content=\"index, follow, max-snippet:-1, max-image-preview:large, max-video-preview:-1\" \/>\n<link rel=\"canonical\" href=\"https:\/\/jarchaespanol.com\/en\/servicios\/sin-categorizar\/spanish-combined\/\" \/>\n<meta property=\"og:locale\" content=\"en_US\" \/>\n<meta property=\"og:type\" content=\"article\" \/>\n<meta property=\"og:title\" content=\"Spanish - Combined - Jarcha Espa\u00f1ol\" \/>\n<meta property=\"og:description\" content=\"Spanish - Combined - Jarcha Espa\u00f1ol - Espa\u00f1ol como Lengua Extranjera. Clases de espa\u00f1ol online.\" \/>\n<meta property=\"og:url\" content=\"https:\/\/jarchaespanol.com\/?post_type=product&amp;p=4312\" \/>\n<meta property=\"og:site_name\" content=\"Jarcha Espa\u00f1ol\" \/>\n<meta property=\"article:modified_time\" content=\"2022-06-26T10:50:45+00:00\" \/>\n<meta property=\"og:image\" content=\"https:\/\/jarchaespanol.com\/wp-content\/uploads\/2022\/06\/espanol-combinada.png\" \/>\n\t<meta property=\"og:image:width\" content=\"600\" \/>\n\t<meta property=\"og:image:height\" content=\"600\" \/>\n\t<meta property=\"og:image:type\" content=\"image\/png\" \/>\n<meta name=\"twitter:card\" content=\"summary_large_image\" \/>\n<script type=\"application\/ld+json\" class=\"yoast-schema-graph\">{\"@context\":\"https:\/\/schema.org\",\"@graph\":[{\"@type\":\"WebPage\",\"@id\":\"https:\/\/jarchaespanol.com\/?post_type=product&p=4312\",\"url\":\"https:\/\/jarchaespanol.com\/?post_type=product&p=4312\",\"name\":\"Spanish - Combined - Jarcha Espa\u00f1ol\",\"isPartOf\":{\"@id\":\"https:\/\/jarchaespanol.com\/#website\"},\"primaryImageOfPage\":{\"@id\":\"https:\/\/jarchaespanol.com\/?post_type=product&p=4312#primaryimage\"},\"image\":{\"@id\":\"https:\/\/jarchaespanol.com\/?post_type=product&p=4312#primaryimage\"},\"thumbnailUrl\":\"https:\/\/jarchaespanol.com\/wp-content\/uploads\/2022\/06\/espanol-combinada.png\",\"datePublished\":\"2022-05-10T10:59:54+00:00\",\"dateModified\":\"2022-06-26T10:50:45+00:00\",\"description\":\"Spanish - Combined - Jarcha Espa\u00f1ol - Espa\u00f1ol como Lengua Extranjera. Clases de espa\u00f1ol online.\",\"breadcrumb\":{\"@id\":\"https:\/\/jarchaespanol.com\/?post_type=product&p=4312#breadcrumb\"},\"inLanguage\":\"en-US\",\"potentialAction\":[{\"@type\":\"ReadAction\",\"target\":[\"https:\/\/jarchaespanol.com\/?post_type=product&p=4312\"]}]},{\"@type\":\"ImageObject\",\"inLanguage\":\"en-US\",\"@id\":\"https:\/\/jarchaespanol.com\/?post_type=product&p=4312#primaryimage\",\"url\":\"https:\/\/jarchaespanol.com\/wp-content\/uploads\/2022\/06\/espanol-combinada.png\",\"contentUrl\":\"https:\/\/jarchaespanol.com\/wp-content\/uploads\/2022\/06\/espanol-combinada.png\",\"width\":600,\"height\":600},{\"@type\":\"BreadcrumbList\",\"@id\":\"https:\/\/jarchaespanol.com\/?post_type=product&p=4312#breadcrumb\",\"itemListElement\":[{\"@type\":\"ListItem\",\"position\":1,\"name\":\"Home\",\"item\":\"https:\/\/jarchaespanol.com\/\"},{\"@type\":\"ListItem\",\"position\":2,\"name\":\"Shop\",\"item\":\"https:\/\/jarchaespanol.com\/tienda\/\"},{\"@type\":\"ListItem\",\"position\":3,\"name\":\"Spanish &#8211; Combined\"}]},{\"@type\":\"WebSite\",\"@id\":\"https:\/\/jarchaespanol.com\/#website\",\"url\":\"https:\/\/jarchaespanol.com\/\",\"name\":\"Jarcha Espa\u00f1ol\",\"description\":\"Plataforma en l\u00ednea especializada en la comunicaci\u00f3n y en la formaci\u00f3n en espa\u00f1ol. Aprende espa\u00f1ol online.\",\"publisher\":{\"@id\":\"https:\/\/jarchaespanol.com\/#organization\"},\"potentialAction\":[{\"@type\":\"SearchAction\",\"target\":{\"@type\":\"EntryPoint\",\"urlTemplate\":\"https:\/\/jarchaespanol.com\/?s={search_term_string}\"},\"query-input\":{\"@type\":\"PropertyValueSpecification\",\"valueRequired\":true,\"valueName\":\"search_term_string\"}}],\"inLanguage\":\"en-US\"},{\"@type\":\"Organization\",\"@id\":\"https:\/\/jarchaespanol.com\/#organization\",\"name\":\"Jarcha Espa\u00f1ol\",\"url\":\"https:\/\/jarchaespanol.com\/\",\"logo\":{\"@type\":\"ImageObject\",\"inLanguage\":\"en-US\",\"@id\":\"https:\/\/jarchaespanol.com\/#\/schema\/logo\/image\/\",\"url\":\"https:\/\/jarchaespanol.com\/wp-content\/uploads\/2022\/03\/logo-factura-2.png\",\"contentUrl\":\"https:\/\/jarchaespanol.com\/wp-content\/uploads\/2022\/03\/logo-factura-2.png\",\"width\":474,\"height\":177,\"caption\":\"Jarcha Espa\u00f1ol\"},\"image\":{\"@id\":\"https:\/\/jarchaespanol.com\/#\/schema\/logo\/image\/\"}}]}<\/script>\n<!-- \/ Yoast SEO plugin. -->","yoast_head_json":{"title":"Spanish - Combined - Jarcha Espa\u00f1ol","description":"Spanish - Combined - Jarcha Espa\u00f1ol - Espa\u00f1ol como Lengua Extranjera. Clases de espa\u00f1ol online.","robots":{"index":"index","follow":"follow","max-snippet":"max-snippet:-1","max-image-preview":"max-image-preview:large","max-video-preview":"max-video-preview:-1"},"canonical":"https:\/\/jarchaespanol.com\/en\/servicios\/sin-categorizar\/spanish-combined\/","og_locale":"en_US","og_type":"article","og_title":"Spanish - Combined - Jarcha Espa\u00f1ol","og_description":"Spanish - Combined - Jarcha Espa\u00f1ol - Espa\u00f1ol como Lengua Extranjera. Clases de espa\u00f1ol online.","og_url":"https:\/\/jarchaespanol.com\/?post_type=product&p=4312","og_site_name":"Jarcha Espa\u00f1ol","article_modified_time":"2022-06-26T10:50:45+00:00","og_image":[{"width":600,"height":600,"url":"https:\/\/jarchaespanol.com\/wp-content\/uploads\/2022\/06\/espanol-combinada.png","type":"image\/png"}],"twitter_card":"summary_large_image","schema":{"@context":"https:\/\/schema.org","@graph":[{"@type":"WebPage","@id":"https:\/\/jarchaespanol.com\/?post_type=product&p=4312","url":"https:\/\/jarchaespanol.com\/?post_type=product&p=4312","name":"Spanish - Combined - Jarcha Espa\u00f1ol","isPartOf":{"@id":"https:\/\/jarchaespanol.com\/#website"},"primaryImageOfPage":{"@id":"https:\/\/jarchaespanol.com\/?post_type=product&p=4312#primaryimage"},"image":{"@id":"https:\/\/jarchaespanol.com\/?post_type=product&p=4312#primaryimage"},"thumbnailUrl":"https:\/\/jarchaespanol.com\/wp-content\/uploads\/2022\/06\/espanol-combinada.png","datePublished":"2022-05-10T10:59:54+00:00","dateModified":"2022-06-26T10:50:45+00:00","description":"Spanish - Combined - Jarcha Espa\u00f1ol - Espa\u00f1ol como Lengua Extranjera. Clases de espa\u00f1ol online.","breadcrumb":{"@id":"https:\/\/jarchaespanol.com\/?post_type=product&p=4312#breadcrumb"},"inLanguage":"en-US","potentialAction":[{"@type":"ReadAction","target":["https:\/\/jarchaespanol.com\/?post_type=product&p=4312"]}]},{"@type":"ImageObject","inLanguage":"en-US","@id":"https:\/\/jarchaespanol.com\/?post_type=product&p=4312#primaryimage","url":"https:\/\/jarchaespanol.com\/wp-content\/uploads\/2022\/06\/espanol-combinada.png","contentUrl":"https:\/\/jarchaespanol.com\/wp-content\/uploads\/2022\/06\/espanol-combinada.png","width":600,"height":600},{"@type":"BreadcrumbList","@id":"https:\/\/jarchaespanol.com\/?post_type=product&p=4312#breadcrumb","itemListElement":[{"@type":"ListItem","position":1,"name":"Home","item":"https:\/\/jarchaespanol.com\/"},{"@type":"ListItem","position":2,"name":"Shop","item":"https:\/\/jarchaespanol.com\/tienda\/"},{"@type":"ListItem","position":3,"name":"Spanish &#8211; Combined"}]},{"@type":"WebSite","@id":"https:\/\/jarchaespanol.com\/#website","url":"https:\/\/jarchaespanol.com\/","name":"Jarcha Espa\u00f1ol","description":"Plataforma en l\u00ednea especializada en la comunicaci\u00f3n y en la formaci\u00f3n en espa\u00f1ol. Aprende espa\u00f1ol online.","publisher":{"@id":"https:\/\/jarchaespanol.com\/#organization"},"potentialAction":[{"@type":"SearchAction","target":{"@type":"EntryPoint","urlTemplate":"https:\/\/jarchaespanol.com\/?s={search_term_string}"},"query-input":{"@type":"PropertyValueSpecification","valueRequired":true,"valueName":"search_term_string"}}],"inLanguage":"en-US"},{"@type":"Organization","@id":"https:\/\/jarchaespanol.com\/#organization","name":"Jarcha Espa\u00f1ol","url":"https:\/\/jarchaespanol.com\/","logo":{"@type":"ImageObject","inLanguage":"en-US","@id":"https:\/\/jarchaespanol.com\/#\/schema\/logo\/image\/","url":"https:\/\/jarchaespanol.com\/wp-content\/uploads\/2022\/03\/logo-factura-2.png","contentUrl":"https:\/\/jarchaespanol.com\/wp-content\/uploads\/2022\/03\/logo-factura-2.png","width":474,"height":177,"caption":"Jarcha Espa\u00f1ol"},"image":{"@id":"https:\/\/jarchaespanol.com\/#\/schema\/logo\/image\/"}}]}},"_links":{"self":[{"href":"https:\/\/jarchaespanol.com\/en\/wp-json\/wp\/v2\/product\/5844","targetHints":{"allow":["GET"]}}],"collection":[{"href":"https:\/\/jarchaespanol.com\/en\/wp-json\/wp\/v2\/product"}],"about":[{"href":"https:\/\/jarchaespanol.com\/en\/wp-json\/wp\/v2\/types\/product"}],"replies":[{"embeddable":true,"href":"https:\/\/jarchaespanol.com\/en\/wp-json\/wp\/v2\/comments?post=5844"}],"wp:featuredmedia":[{"embeddable":true,"href":"https:\/\/jarchaespanol.com\/en\/wp-json\/wp\/v2\/media\/5509"}],"wp:attachment":[{"href":"https:\/\/jarchaespanol.com\/en\/wp-json\/wp\/v2\/media?parent=5844"}],"wp:term":[{"taxonomy":"product_brand","embeddable":true,"href":"https:\/\/jarchaespanol.com\/en\/wp-json\/wp\/v2\/product_brand?post=5844"},{"taxonomy":"product_cat","embeddable":true,"href":"https:\/\/jarchaespanol.com\/en\/wp-json\/wp\/v2\/product_cat?post=5844"},{"taxonomy":"product_tag","embeddable":true,"href":"https:\/\/jarchaespanol.com\/en\/wp-json\/wp\/v2\/product_tag?post=5844"}],"curies":[{"name":"wp","href":"https:\/\/api.w.org\/{rel}","templated":true}]}}