{"id":5851,"date":"2022-05-11T19:02:38","date_gmt":"2022-05-11T17:02:38","guid":{"rendered":"https:\/\/jarchaespanol.es\/servicios\/uncategorized\/espanol-universidad\/"},"modified":"2025-07-23T12:36:36","modified_gmt":"2025-07-23T10:36:36","slug":"spanish-university","status":"publish","type":"product","link":"https:\/\/jarchaespanol.com\/en\/servicios\/teaching\/online-spanish\/individual-classes\/spanish-university\/","title":{"rendered":"Spanish online &#8211; University"},"content":{"rendered":"<p>Individual online classes aimed at university students of Spanish who need support at specific times or throughout the academic year. From linguistic review of academic papers to reinforcement in specific areas of the language, we offer personalized guidance tailored to each need.<\/p>\n<p>&nbsp;<\/p>\n<p><b>Required level: from B2<\/b><\/p>\n<p>&nbsp;<\/p>\n<p><b>Level test<\/b><br \/>\n<a class=\"btn btn-jarcha\" href=\"https:\/\/docs.google.com\/forms\/d\/e\/1FAIpQLScMyzM92U1yRd7pyrAY6iNldme-eUzGKpzMkl9ZJUN072zVHw\/viewform?usp=sf_link\" target=\"_blank\" rel=\"noopener\"><span style=\"font-weight: 400;\"><i class=\"vc_btn3-icon fas fa-user-graduate\"><\/i> A1 <\/span><\/a> <a class=\"btn btn-jarcha\" href=\"https:\/\/docs.google.com\/forms\/d\/e\/1FAIpQLSctisEsdQt-A4UJe0KuWHLCDoTzLtXFWelAQNoauRGeyPcSUg\/viewform?usp=sf_link\" target=\"_blank\" rel=\"noopener\"><span style=\"font-weight: 400;\"><i class=\"vc_btn3-icon fas fa-user-graduate\"><\/i> A2 <\/span><\/a> <a class=\"btn btn-jarcha\" href=\"https:\/\/docs.google.com\/forms\/d\/e\/1FAIpQLSdNGeGMzvjiXYDQWm0ySq6zpqES6g3MFOjMnaYxYUgCeI3M7A\/viewform?usp=sf_link\" target=\"_blank\" rel=\"noopener\"><span style=\"font-weight: 400;\"><i class=\"vc_btn3-icon fas fa-user-graduate\"><\/i> B1 <\/span><\/a> <a class=\"btn btn-jarcha\" href=\"https:\/\/docs.google.com\/forms\/d\/e\/1FAIpQLSfHj2JP1zE2D1FUPS_FbH0zTUNzAJ1CEopeBKifrEwm5nMmsw\/viewform?usp=sf_link\" target=\"_blank\" rel=\"noopener\"><span style=\"font-weight: 400;\"><i class=\"vc_btn3-icon fas fa-user-graduate\"><\/i> B2 <\/span><\/a> <a class=\"btn btn-jarcha\" href=\"https:\/\/docs.google.com\/forms\/d\/e\/1FAIpQLSeUgWtLVaOwNh7sbMlg0a7C-zQG3OhJkbzS22VtItOdw6IVCQ\/viewform?usp=sf_link\" target=\"_blank\" rel=\"noopener\"><span style=\"font-weight: 400;\"><i class=\"vc_btn3-icon fas fa-user-graduate\"><\/i> C1 <\/span><\/a> <a class=\"btn btn-jarcha\" href=\"https:\/\/docs.google.com\/forms\/d\/e\/1FAIpQLScMlqLbAih6VOcu6jaiNdpp6wh9zkimMY9El8kqYbHZaRVInw\/viewform?usp=sf_link\" target=\"_blank\" rel=\"noopener\"><span style=\"font-weight: 400;\"><i class=\"vc_btn3-icon fas fa-user-graduate\"><\/i> C2 <\/span><\/a><\/p>\n","protected":false},"excerpt":{"rendered":"<p>Assistance for university students<\/p>\n","protected":false},"featured_media":17690,"comment_status":"open","ping_status":"closed","template":"","meta":{"inline_featured_image":false,"_joinchat":[]},"product_brand":[],"product_cat":[856,472,458],"product_tag":[],"class_list":{"0":"post-5851","1":"product","2":"type-product","3":"status-publish","4":"has-post-thumbnail","6":"product_cat-individual-classes","7":"product_cat-online-spanish","8":"product_cat-teaching","10":"first","11":"instock","12":"shipping-taxable","13":"purchasable","14":"product-type-variable"},"yoast_head":"<!-- This site is optimized with the Yoast SEO plugin v26.8 - https:\/\/yoast.com\/product\/yoast-seo-wordpress\/ -->\n<title>Spanish online - University - Jarcha Espa\u00f1ol<\/title>\n<meta name=\"description\" content=\"Spanish online - University - Jarcha Espa\u00f1ol - Espa\u00f1ol como Lengua Extranjera. Clases de espa\u00f1ol online.\" \/>\n<meta name=\"robots\" content=\"index, follow, max-snippet:-1, max-image-preview:large, max-video-preview:-1\" \/>\n<link rel=\"canonical\" href=\"https:\/\/jarchaespanol.com\/en\/servicios\/teaching\/online-spanish\/individual-classes\/spanish-university\/\" \/>\n<meta property=\"og:locale\" content=\"en_US\" \/>\n<meta property=\"og:type\" content=\"article\" \/>\n<meta property=\"og:title\" content=\"Spanish online - University - Jarcha Espa\u00f1ol\" \/>\n<meta property=\"og:description\" content=\"Spanish online - University - Jarcha Espa\u00f1ol - Espa\u00f1ol como Lengua Extranjera. Clases de espa\u00f1ol online.\" \/>\n<meta property=\"og:url\" content=\"https:\/\/jarchaespanol.com\/en\/servicios\/teaching\/online-spanish\/individual-classes\/spanish-university\/\" \/>\n<meta property=\"og:site_name\" content=\"Jarcha Espa\u00f1ol\" \/>\n<meta property=\"article:modified_time\" content=\"2025-07-23T10:36:36+00:00\" \/>\n<meta property=\"og:image\" content=\"https:\/\/jarchaespanol.com\/wp-content\/uploads\/2022\/05\/ESPANOL-ONLINE-UNIVERSIDAD-INDIV.png\" \/>\n\t<meta property=\"og:image:width\" content=\"500\" \/>\n\t<meta property=\"og:image:height\" content=\"500\" \/>\n\t<meta property=\"og:image:type\" content=\"image\/png\" \/>\n<meta name=\"twitter:card\" content=\"summary_large_image\" \/>\n<script type=\"application\/ld+json\" class=\"yoast-schema-graph\">{\"@context\":\"https:\/\/schema.org\",\"@graph\":[{\"@type\":\"WebPage\",\"@id\":\"https:\/\/jarchaespanol.com\/en\/servicios\/teaching\/online-spanish\/individual-classes\/spanish-university\/\",\"url\":\"https:\/\/jarchaespanol.com\/en\/servicios\/teaching\/online-spanish\/individual-classes\/spanish-university\/\",\"name\":\"Spanish online - University - Jarcha Espa\u00f1ol\",\"isPartOf\":{\"@id\":\"https:\/\/jarchaespanol.com\/#website\"},\"primaryImageOfPage\":{\"@id\":\"https:\/\/jarchaespanol.com\/en\/servicios\/teaching\/online-spanish\/individual-classes\/spanish-university\/#primaryimage\"},\"image\":{\"@id\":\"https:\/\/jarchaespanol.com\/en\/servicios\/teaching\/online-spanish\/individual-classes\/spanish-university\/#primaryimage\"},\"thumbnailUrl\":\"https:\/\/jarchaespanol.com\/wp-content\/uploads\/2022\/05\/ESPANOL-ONLINE-UNIVERSIDAD-INDIV.png\",\"datePublished\":\"2022-05-11T17:02:38+00:00\",\"dateModified\":\"2025-07-23T10:36:36+00:00\",\"description\":\"Spanish online - University - Jarcha Espa\u00f1ol - Espa\u00f1ol como Lengua Extranjera. Clases de espa\u00f1ol online.\",\"breadcrumb\":{\"@id\":\"https:\/\/jarchaespanol.com\/en\/servicios\/teaching\/online-spanish\/individual-classes\/spanish-university\/#breadcrumb\"},\"inLanguage\":\"en-US\",\"potentialAction\":[{\"@type\":\"ReadAction\",\"target\":[\"https:\/\/jarchaespanol.com\/en\/servicios\/teaching\/online-spanish\/individual-classes\/spanish-university\/\"]}]},{\"@type\":\"ImageObject\",\"inLanguage\":\"en-US\",\"@id\":\"https:\/\/jarchaespanol.com\/en\/servicios\/teaching\/online-spanish\/individual-classes\/spanish-university\/#primaryimage\",\"url\":\"https:\/\/jarchaespanol.com\/wp-content\/uploads\/2022\/05\/ESPANOL-ONLINE-UNIVERSIDAD-INDIV.png\",\"contentUrl\":\"https:\/\/jarchaespanol.com\/wp-content\/uploads\/2022\/05\/ESPANOL-ONLINE-UNIVERSIDAD-INDIV.png\",\"width\":500,\"height\":500},{\"@type\":\"BreadcrumbList\",\"@id\":\"https:\/\/jarchaespanol.com\/en\/servicios\/teaching\/online-spanish\/individual-classes\/spanish-university\/#breadcrumb\",\"itemListElement\":[{\"@type\":\"ListItem\",\"position\":1,\"name\":\"Home\",\"item\":\"https:\/\/jarchaespanol.com\/\"},{\"@type\":\"ListItem\",\"position\":2,\"name\":\"Shop\",\"item\":\"https:\/\/jarchaespanol.com\/tienda\/\"},{\"@type\":\"ListItem\",\"position\":3,\"name\":\"Spanish online &#8211; University\"}]},{\"@type\":\"WebSite\",\"@id\":\"https:\/\/jarchaespanol.com\/#website\",\"url\":\"https:\/\/jarchaespanol.com\/\",\"name\":\"Jarcha Espa\u00f1ol\",\"description\":\"Plataforma en l\u00ednea especializada en la comunicaci\u00f3n y en la formaci\u00f3n en espa\u00f1ol. Aprende espa\u00f1ol online.\",\"publisher\":{\"@id\":\"https:\/\/jarchaespanol.com\/#organization\"},\"potentialAction\":[{\"@type\":\"SearchAction\",\"target\":{\"@type\":\"EntryPoint\",\"urlTemplate\":\"https:\/\/jarchaespanol.com\/?s={search_term_string}\"},\"query-input\":{\"@type\":\"PropertyValueSpecification\",\"valueRequired\":true,\"valueName\":\"search_term_string\"}}],\"inLanguage\":\"en-US\"},{\"@type\":\"Organization\",\"@id\":\"https:\/\/jarchaespanol.com\/#organization\",\"name\":\"Jarcha Espa\u00f1ol\",\"url\":\"https:\/\/jarchaespanol.com\/\",\"logo\":{\"@type\":\"ImageObject\",\"inLanguage\":\"en-US\",\"@id\":\"https:\/\/jarchaespanol.com\/#\/schema\/logo\/image\/\",\"url\":\"https:\/\/jarchaespanol.com\/wp-content\/uploads\/2022\/03\/logo-factura-2.png\",\"contentUrl\":\"https:\/\/jarchaespanol.com\/wp-content\/uploads\/2022\/03\/logo-factura-2.png\",\"width\":474,\"height\":177,\"caption\":\"Jarcha Espa\u00f1ol\"},\"image\":{\"@id\":\"https:\/\/jarchaespanol.com\/#\/schema\/logo\/image\/\"}}]}<\/script>\n<!-- \/ Yoast SEO plugin. -->","yoast_head_json":{"title":"Spanish online - University - Jarcha Espa\u00f1ol","description":"Spanish online - University - Jarcha Espa\u00f1ol - Espa\u00f1ol como Lengua Extranjera. Clases de espa\u00f1ol online.","robots":{"index":"index","follow":"follow","max-snippet":"max-snippet:-1","max-image-preview":"max-image-preview:large","max-video-preview":"max-video-preview:-1"},"canonical":"https:\/\/jarchaespanol.com\/en\/servicios\/teaching\/online-spanish\/individual-classes\/spanish-university\/","og_locale":"en_US","og_type":"article","og_title":"Spanish online - University - Jarcha Espa\u00f1ol","og_description":"Spanish online - University - Jarcha Espa\u00f1ol - Espa\u00f1ol como Lengua Extranjera. Clases de espa\u00f1ol online.","og_url":"https:\/\/jarchaespanol.com\/en\/servicios\/teaching\/online-spanish\/individual-classes\/spanish-university\/","og_site_name":"Jarcha Espa\u00f1ol","article_modified_time":"2025-07-23T10:36:36+00:00","og_image":[{"width":500,"height":500,"url":"https:\/\/jarchaespanol.com\/wp-content\/uploads\/2022\/05\/ESPANOL-ONLINE-UNIVERSIDAD-INDIV.png","type":"image\/png"}],"twitter_card":"summary_large_image","schema":{"@context":"https:\/\/schema.org","@graph":[{"@type":"WebPage","@id":"https:\/\/jarchaespanol.com\/en\/servicios\/teaching\/online-spanish\/individual-classes\/spanish-university\/","url":"https:\/\/jarchaespanol.com\/en\/servicios\/teaching\/online-spanish\/individual-classes\/spanish-university\/","name":"Spanish online - University - Jarcha Espa\u00f1ol","isPartOf":{"@id":"https:\/\/jarchaespanol.com\/#website"},"primaryImageOfPage":{"@id":"https:\/\/jarchaespanol.com\/en\/servicios\/teaching\/online-spanish\/individual-classes\/spanish-university\/#primaryimage"},"image":{"@id":"https:\/\/jarchaespanol.com\/en\/servicios\/teaching\/online-spanish\/individual-classes\/spanish-university\/#primaryimage"},"thumbnailUrl":"https:\/\/jarchaespanol.com\/wp-content\/uploads\/2022\/05\/ESPANOL-ONLINE-UNIVERSIDAD-INDIV.png","datePublished":"2022-05-11T17:02:38+00:00","dateModified":"2025-07-23T10:36:36+00:00","description":"Spanish online - University - Jarcha Espa\u00f1ol - Espa\u00f1ol como Lengua Extranjera. Clases de espa\u00f1ol online.","breadcrumb":{"@id":"https:\/\/jarchaespanol.com\/en\/servicios\/teaching\/online-spanish\/individual-classes\/spanish-university\/#breadcrumb"},"inLanguage":"en-US","potentialAction":[{"@type":"ReadAction","target":["https:\/\/jarchaespanol.com\/en\/servicios\/teaching\/online-spanish\/individual-classes\/spanish-university\/"]}]},{"@type":"ImageObject","inLanguage":"en-US","@id":"https:\/\/jarchaespanol.com\/en\/servicios\/teaching\/online-spanish\/individual-classes\/spanish-university\/#primaryimage","url":"https:\/\/jarchaespanol.com\/wp-content\/uploads\/2022\/05\/ESPANOL-ONLINE-UNIVERSIDAD-INDIV.png","contentUrl":"https:\/\/jarchaespanol.com\/wp-content\/uploads\/2022\/05\/ESPANOL-ONLINE-UNIVERSIDAD-INDIV.png","width":500,"height":500},{"@type":"BreadcrumbList","@id":"https:\/\/jarchaespanol.com\/en\/servicios\/teaching\/online-spanish\/individual-classes\/spanish-university\/#breadcrumb","itemListElement":[{"@type":"ListItem","position":1,"name":"Home","item":"https:\/\/jarchaespanol.com\/"},{"@type":"ListItem","position":2,"name":"Shop","item":"https:\/\/jarchaespanol.com\/tienda\/"},{"@type":"ListItem","position":3,"name":"Spanish online &#8211; University"}]},{"@type":"WebSite","@id":"https:\/\/jarchaespanol.com\/#website","url":"https:\/\/jarchaespanol.com\/","name":"Jarcha Espa\u00f1ol","description":"Plataforma en l\u00ednea especializada en la comunicaci\u00f3n y en la formaci\u00f3n en espa\u00f1ol. Aprende espa\u00f1ol online.","publisher":{"@id":"https:\/\/jarchaespanol.com\/#organization"},"potentialAction":[{"@type":"SearchAction","target":{"@type":"EntryPoint","urlTemplate":"https:\/\/jarchaespanol.com\/?s={search_term_string}"},"query-input":{"@type":"PropertyValueSpecification","valueRequired":true,"valueName":"search_term_string"}}],"inLanguage":"en-US"},{"@type":"Organization","@id":"https:\/\/jarchaespanol.com\/#organization","name":"Jarcha Espa\u00f1ol","url":"https:\/\/jarchaespanol.com\/","logo":{"@type":"ImageObject","inLanguage":"en-US","@id":"https:\/\/jarchaespanol.com\/#\/schema\/logo\/image\/","url":"https:\/\/jarchaespanol.com\/wp-content\/uploads\/2022\/03\/logo-factura-2.png","contentUrl":"https:\/\/jarchaespanol.com\/wp-content\/uploads\/2022\/03\/logo-factura-2.png","width":474,"height":177,"caption":"Jarcha Espa\u00f1ol"},"image":{"@id":"https:\/\/jarchaespanol.com\/#\/schema\/logo\/image\/"}}]}},"_links":{"self":[{"href":"https:\/\/jarchaespanol.com\/en\/wp-json\/wp\/v2\/product\/5851","targetHints":{"allow":["GET"]}}],"collection":[{"href":"https:\/\/jarchaespanol.com\/en\/wp-json\/wp\/v2\/product"}],"about":[{"href":"https:\/\/jarchaespanol.com\/en\/wp-json\/wp\/v2\/types\/product"}],"replies":[{"embeddable":true,"href":"https:\/\/jarchaespanol.com\/en\/wp-json\/wp\/v2\/comments?post=5851"}],"wp:featuredmedia":[{"embeddable":true,"href":"https:\/\/jarchaespanol.com\/en\/wp-json\/wp\/v2\/media\/17690"}],"wp:attachment":[{"href":"https:\/\/jarchaespanol.com\/en\/wp-json\/wp\/v2\/media?parent=5851"}],"wp:term":[{"taxonomy":"product_brand","embeddable":true,"href":"https:\/\/jarchaespanol.com\/en\/wp-json\/wp\/v2\/product_brand?post=5851"},{"taxonomy":"product_cat","embeddable":true,"href":"https:\/\/jarchaespanol.com\/en\/wp-json\/wp\/v2\/product_cat?post=5851"},{"taxonomy":"product_tag","embeddable":true,"href":"https:\/\/jarchaespanol.com\/en\/wp-json\/wp\/v2\/product_tag?post=5851"}],"curies":[{"name":"wp","href":"https:\/\/api.w.org\/{rel}","templated":true}]}}