{"id":5854,"date":"2022-05-12T12:17:28","date_gmt":"2022-05-12T10:17:28","guid":{"rendered":"https:\/\/jarchaespanol.es\/servicios\/uncategorized\/espanol-curso-individual\/"},"modified":"2023-02-07T12:09:38","modified_gmt":"2023-02-07T11:09:38","slug":"spanish-individual-intensive-courses","status":"publish","type":"product","link":"https:\/\/jarchaespanol.com\/en\/servicios\/sin-categorizar\/spanish-individual-intensive-courses\/","title":{"rendered":"Spanish &#8211; Individual intensive courses"},"content":{"rendered":"<p><span style=\"font-weight: 400;\">A course is a good option for the Spanish student to assimilate grammar and vocabulary intensively and develop a <\/span><b>greater communicative fluency in a short term.\u00a0<\/b><\/p>\n<p>&nbsp;<\/p>\n<p><span style=\"font-weight: 400;\">The individual modality is suitable for those who do not have an agenda compatible with the fixed schedules of a group. In return, <\/span><b>the attention received is more personalized<\/b><span style=\"font-weight: 400;\"> and, therefore, more in line with their level and pace of learning, and classes can be started on any date of the year.<\/span><\/p>\n<p><span style=\"font-weight: 400;\">Our courses are designed according to the Spanish language curriculum of the CEFR (Common European Framework of Reference for languages) and in them we prepare students not only to improve their Spanish, <\/span><b>in a personal capacity<\/b><span style=\"font-weight: 400;\">, but also for <\/span><b>official examinations<\/b><span style=\"font-weight: 400;\"> such as the <\/span><b>DELE<\/b><span style=\"font-weight: 400;\"> of the Instituto Cervantes.<\/span><\/p>\n<p>&nbsp;<\/p>\n<div class=\"lightweight-accordion bordered\"><details><summary class=\"lightweight-accordion-title\"><span><b>INDIVIDUAL INTENSIVE BASIC LEVEL COURSE A1-A2<\/b><\/span><\/summary><div class=\"lightweight-accordion-body\"><p><span style=\"font-weight: 400;\">In accordance with the definition of the CEFR (Common European Framework of Reference for Languages), \u00abStudents who have passed the basic level are able to understand frequently used phrases and expressions, related to areas of experience that are especially relevant to them (basic information about themselves and their family, shopping, places of interest, occupations, etc). They also know how to communicate when carrying out simple and daily tasks that require nothing more than simple and direct exchanges of information about issues that are known to them and issues related to their immediate needs\u00bb.<\/span><\/p>\n<p>&nbsp;<\/p>\n<p><span style=\"font-weight: 400;\">The basic level course A1-A2 of Spanish as a foreign language lasts a total of <\/span><b>72 hours<\/b><span style=\"font-weight: 400;\">, distributed in 2 weekly sessions of 120 minutes.<\/span><\/p>\n<p>&nbsp;<\/p>\n<p><b>\u00a0PRICE<\/b><\/p>\n<p>&nbsp;<\/p>\n<p><span style=\"font-weight: 400;\">The total cost of the course is <\/span><b>870 \u20ac.<\/b><span style=\"font-weight: 400;\"> There are two payment methods:<\/span><\/p>\n<ul>\n<li><span style=\"font-weight: 400;\">Single payment in advance: <\/span><b>770 \u20ac<\/b><span style=\"font-weight: 400;\"> (discount of 100 \u20ac)<\/span><\/li>\n<li><b>5<\/b><span style=\"font-weight: 400;\"> monthly payments of <\/span><b>174 <\/b><span style=\"font-weight: 400;\">\u20ac\u00a0<\/span><\/li>\n<\/ul>\n<p><span style=\"font-weight: 400;\">The course price includes teaching materials in word, jpg and pdf format and free multimedia resources.<\/span><\/p>\n<p>&nbsp;<\/p>\n<p><a class=\"btn btn-jarcha\" href=\"https:\/\/jarchaespanol.com\/wp-content\/uploads\/2022\/06\/temporalizacion_contenidos_basico.pdf\" target=\"_blank\" rel=\"noopener\"><span style=\"font-weight: 400;\"> &gt; Timing and contents<\/span><\/a><\/p>\n<p>&nbsp;<\/p>\n<\/div><\/details><\/div>\n<div class=\"lightweight-accordion bordered\"><details><summary class=\"lightweight-accordion-title\"><span><b>INDIVIDUAL INTENSIVE BASIC LEVEL COURSE B1<\/b><\/span><\/summary><div class=\"lightweight-accordion-body\"><p><span style=\"font-weight: 400;\">According to the definition of the CEFR (Common European Framework of Reference for Languages), the student at level B1 is able to understand the main points of clear standard registration information on everyday issues normally found at work, at school, in leisure situations, etc. He is able to defend itself in most situations that may arise when travelling through an area where the language under study is spoken. He is capable of producing simple texts joined by connectors on everyday topics or of personal interest. He is able to describe experiences and events, dreams, hopes and ambitions and to give brief reasons and explanations concerning opinions and plans\u00bb.<\/span><\/p>\n<p>&nbsp;<\/p>\n<p><span style=\"font-weight: 400;\">Level B1 consists of <\/span><b>two<\/b> <b>courses<\/b><span style=\"font-weight: 400;\">: Intermediate 1 and Intermediate 2. The duration of <\/span><b>each<\/b> <b>course<\/b><span style=\"font-weight: 400;\"> is <\/span><b>44 hours<\/b><span style=\"font-weight: 400;\"> and <\/span><b>58 hours<\/b><span style=\"font-weight: 400;\"> respectively, distributed in 2 weekly sessions of 120 minutes.<\/span><\/p>\n<p>&nbsp;<\/p>\n<p><b>PRICE<\/b><\/p>\n<p>&nbsp;<\/p>\n<p><span style=\"font-weight: 400;\">The total cost of the course is <\/span><b>1190 \u20ac<\/b><span style=\"font-weight: 400;\">. There are two payment methods:<\/span><\/p>\n<ul>\n<li><span style=\"font-weight: 400;\">Single payment in advance: <\/span><b>1090 \u20ac<\/b><span style=\"font-weight: 400;\"> (discount of 100 \u20ac)<\/span><\/li>\n<li><b>7<\/b><span style=\"font-weight: 400;\"> monthly payments of <\/span><b>170 \u20ac<\/b><span style=\"font-weight: 400;\">\u00a0<\/span><\/li>\n<\/ul>\n<p><span style=\"font-weight: 400;\">The course price includes teaching materials in word, jpg and pdf format and free multimedia resources.<\/span><\/p>\n<p>&nbsp;<\/p>\n<p><a class=\"btn btn-jarcha\" href=\"https:\/\/jarchaespanol.com\/wp-content\/uploads\/2022\/06\/temporalizacion_contenidos_b1.pdf\" target=\"_blank\" rel=\"noopener\"><span style=\"font-weight: 400;\"> &gt; Timing and contents<\/span><\/a><\/p>\n<p>&nbsp;<\/p>\n<\/div><\/details><\/div>\n<div class=\"lightweight-accordion bordered\"><details><summary class=\"lightweight-accordion-title\"><span><b>INTENSIVE INDIVIDUAL COURSE AT INTERMEDIATE LEVEL B2<\/b><\/span><\/summary><div class=\"lightweight-accordion-body\"><p><span style=\"font-weight: 400;\">According to the definition of the CEFR (Common European Framework of Reference for Languages), pupils at level B2 are able to understand the main points of a clear standard log information on everyday topics that are normally found at work, at school, in leisure situations, etc. They are able to defend themselves in most situations that may arise when travelling in an area where the language under study is spoken. They are capable of producing simple texts joined by connectors on everyday topics or of personal interest. They are able to describe experiences and events, dreams, hopes and ambitions and to give brief reasons and explanations concerning opinions and plans\u00bb.<\/span><\/p>\n<p>&nbsp;<\/p>\n<p><span style=\"font-weight: 400;\">Level B2 consists of <\/span><b>two courses<\/b><span style=\"font-weight: 400;\">: Intermediate B2.1 and Intermediate B2.2. The duration of <\/span><b>each one<\/b><span style=\"font-weight: 400;\"> is <\/span><b>48<\/b> <b>hours<\/b><span style=\"font-weight: 400;\"> respectively, distributed in 2 weekly sessions of 120 minutes.<\/span><\/p>\n<p>&nbsp;<\/p>\n<p><b>PRICE<\/b><\/p>\n<p>&nbsp;<\/p>\n<p><span style=\"font-weight: 400;\">The total cost of the course is <\/span><b>1124 \u20ac<\/b><span style=\"font-weight: 400;\">. There are two payment methods:<\/span><\/p>\n<ul>\n<li><span style=\"font-weight: 400;\">Single payment in advance<\/span><b>: 1024 \u20ac<\/b><span style=\"font-weight: 400;\"> (discount of 100 \u20ac)<\/span><\/li>\n<li><b>6 <\/b><span style=\"font-weight: 400;\">monthly\u00a0 payments of <\/span><b>187<\/b> <b>\u20ac<\/b><span style=\"font-weight: 400;\">\u00a0<\/span><\/li>\n<\/ul>\n<p><span style=\"font-weight: 400;\">The course price includes teaching materials in word, jpg and pdf format and free multimedia resources.<\/span><\/p>\n<p>&nbsp;<\/p>\n<p><a class=\"btn btn-jarcha\" href=\"https:\/\/jarchaespanol.com\/wp-content\/uploads\/2022\/06\/temporalizacion_contenidos_b2.pdf\" target=\"_blank\" rel=\"noopener\"><span style=\"font-weight: 400;\"> &gt; Timing and contents<\/span><\/a><\/p>\n<p>&nbsp;<\/p>\n<\/div><\/details><\/div>\n<div class=\"lightweight-accordion bordered\"><details><summary class=\"lightweight-accordion-title\"><span><b>INTENSIVE INDIVIDUAL COURSE AT ADVANCED LEVEL C1<\/b><\/span><\/summary><div class=\"lightweight-accordion-body\"><p><span style=\"font-weight: 400;\">In the CEFR, level C1 is called\u00a0 <\/span><i><span style=\"font-weight: 400;\">of Autonomy<\/span><\/i><span style=\"font-weight: 400;\">. To reach this level, students must be able to understand a wide variety of extensive oral and written texts and to be able to recognize implicit meanings.<\/span><\/p>\n<p>&nbsp;<\/p>\n<p><span style=\"font-weight: 400;\">They must be able to express themselves fluently and spontaneously, make flexible and effective use of the language for social, academic and professional purposes and produce clear, well-structured and detailed texts on subjects of a certain complexity, showing a correct use of the mechanisms of organization, articulation and cohesion of the text.<\/span><\/p>\n<p>&nbsp;<\/p>\n<p><span style=\"font-weight: 400;\">The most notable difference between this level and the previous ones is the acquisition of a wide linguistic repertoire that allows a fluid and spontaneous communication. This greater ease of communication has to be based on the speech skills acquired at previous levels.<\/span><\/p>\n<p>&nbsp;<\/p>\n<p><span style=\"font-weight: 400;\">Autonomy in learning is another pillar of this level and should be high, since students have the tools and knowledge to advance on their own, in addition to following the teaching instructions. Classroom practice will not be enough, so you should look for and take advantage of all the opportunities available to develop the skills acquired in the classroom.<\/span><\/p>\n<p>&nbsp;<\/p>\n<p><span style=\"font-weight: 400;\">The duration of this course is <\/span><b>80<\/b> <b>hours<\/b><span style=\"font-weight: 400;\">, divided into two weekly sessions of 120 minutes.<\/span><\/p>\n<p>&nbsp;<\/p>\n<p><b>PRICE<\/b><\/p>\n<p>&nbsp;<\/p>\n<p><span style=\"font-weight: 400;\">The total cost of the course is <\/span><b>950 \u20ac.<\/b><span style=\"font-weight: 400;\"> There are two payment methods:<\/span><\/p>\n<ul>\n<li><span style=\"font-weight: 400;\">Single payment in advance: <\/span><b>950 \u20ac<\/b><span style=\"font-weight: 400;\"> (discount of 100 \u20ac)<\/span><\/li>\n<li><b>5<\/b><span style=\"font-weight: 400;\"> monthly payments of <\/span><b>190 \u20ac<\/b><span style=\"font-weight: 400;\">\u00a0<\/span><\/li>\n<\/ul>\n<p><span style=\"font-weight: 400;\">The course price includes teaching materials in word, jpg and pdf format and free multimedia resources.<\/span><\/p>\n<p>&nbsp;<\/p>\n<p><a class=\"btn btn-jarcha\" href=\"https:\/\/jarchaespanol.com\/wp-content\/uploads\/2022\/06\/temporalizacion_contenidos_c1.pdf\" target=\"_blank\" rel=\"noopener\"><span style=\"font-weight: 400;\"> &gt; Timing and contents<\/span><\/a><\/p>\n<p>&nbsp;<\/p>\n<\/div><\/details><\/div>\n<p>&nbsp;<\/p>\n<p><a class=\"btn btn-jarcha\" href=\"https:\/\/docs.google.com\/forms\/d\/e\/1FAIpQLSfcqnT0yx9ylNe_7bvk7ZgGrc6OTIA8JxGMPdEFsxHMDoOTAQ\/viewform?usp=sf_link\" target=\"_blank\" rel=\"noopener\"><span style=\"font-weight: 400;\"><i class=\"vc_btn3-icon fas fa-user-graduate\"><\/i> Level test A1<\/span><\/a> <a class=\"btn btn-jarcha\" href=\"https:\/\/docs.google.com\/forms\/d\/e\/1FAIpQLSeTDa6QmSwYWj7oW_yHYcpizdv6piPmyuDxlUaO_ZdtoNS4dg\/viewform?usp=sf_link\" target=\"_blank\" rel=\"noopener\"><span style=\"font-weight: 400;\"><i class=\"vc_btn3-icon fas fa-user-graduate\"><\/i> Level test A2<\/span><\/a> <a class=\"btn btn-jarcha\" href=\"https:\/\/docs.google.com\/forms\/d\/e\/1FAIpQLSemXWo0GNz26D0S9aVn6d73RM3Wjn1NwRZUJLMBYtzl_iC6og\/viewform?usp=sf_link\" target=\"_blank\" rel=\"noopener\"><span style=\"font-weight: 400;\"><i class=\"vc_btn3-icon fas fa-user-graduate\"><\/i> Level test B1<\/span><\/a> <a class=\"btn btn-jarcha\" href=\"https:\/\/docs.google.com\/forms\/d\/e\/1FAIpQLScSBs1tQjG98PdPPfzNcQ40r0q7y_Pw8-EkX0ohKeilvhwZAQ\/viewform?usp=sf_link\" target=\"_blank\" rel=\"noopener\"><span style=\"font-weight: 400;\"><i class=\"vc_btn3-icon fas fa-user-graduate\"><\/i> Level test B2<\/span><\/a> <a class=\"btn btn-jarcha\" href=\"https:\/\/docs.google.com\/forms\/d\/e\/1FAIpQLSfcaGfbBac02wDVmhCzSsLem8kB02P1D0ZO_a94Pm_t8Eifsg\/viewform?usp=sf_link\" target=\"_blank\" rel=\"noopener\"><span style=\"font-weight: 400;\"><i class=\"vc_btn3-icon fas fa-user-graduate\"><\/i> Level test C1<\/span><\/a><\/p>\n","protected":false},"excerpt":{"rendered":"<p>A course is a good option for the Spanish student to assimilate grammar and vocabulary intensively and develop a greater communicative fluency in a short term.\u00a0 &nbsp; The individual modality is suitable for those who do not have an agenda compatible with the fixed schedules of a group. In return, the attention received is more [&hellip;]<\/p>\n","protected":false},"featured_media":5513,"comment_status":"open","ping_status":"closed","template":"","meta":{"inline_featured_image":false,"_joinchat":[]},"product_brand":[],"product_cat":[15],"product_tag":[],"class_list":{"0":"post-5854","1":"product","2":"type-product","3":"status-publish","4":"has-post-thumbnail","6":"product_cat-sin-categorizar","8":"first","9":"outofstock","10":"sale","11":"shipping-taxable","12":"purchasable","13":"product-type-variable-subscription"},"yoast_head":"<!-- This site is optimized with the Yoast SEO plugin v26.8 - https:\/\/yoast.com\/product\/yoast-seo-wordpress\/ -->\n<title>Spanish - Individual intensive courses - Jarcha Espa\u00f1ol<\/title>\n<meta name=\"description\" content=\"Spanish - Individual intensive courses - Jarcha Espa\u00f1ol - Espa\u00f1ol como Lengua Extranjera. Clases de espa\u00f1ol online.\" \/>\n<meta name=\"robots\" content=\"index, follow, max-snippet:-1, max-image-preview:large, max-video-preview:-1\" \/>\n<link rel=\"canonical\" href=\"https:\/\/jarchaespanol.com\/en\/servicios\/sin-categorizar\/spanish-individual-intensive-courses\/\" \/>\n<meta property=\"og:locale\" content=\"en_US\" \/>\n<meta property=\"og:type\" content=\"article\" \/>\n<meta property=\"og:title\" content=\"Spanish - Individual intensive courses - Jarcha Espa\u00f1ol\" \/>\n<meta property=\"og:description\" content=\"Spanish - Individual intensive courses - Jarcha Espa\u00f1ol - Espa\u00f1ol como Lengua Extranjera. Clases de espa\u00f1ol online.\" \/>\n<meta property=\"og:url\" content=\"https:\/\/jarchaespanol.com\/?post_type=product&amp;p=4384\" \/>\n<meta property=\"og:site_name\" content=\"Jarcha Espa\u00f1ol\" \/>\n<meta property=\"article:modified_time\" content=\"2023-02-07T11:09:38+00:00\" \/>\n<meta property=\"og:image\" content=\"https:\/\/jarchaespanol.com\/wp-content\/uploads\/2022\/06\/curso-espanol-individual.png\" \/>\n\t<meta property=\"og:image:width\" content=\"600\" \/>\n\t<meta property=\"og:image:height\" content=\"600\" \/>\n\t<meta property=\"og:image:type\" content=\"image\/png\" \/>\n<meta name=\"twitter:card\" content=\"summary_large_image\" \/>\n<script type=\"application\/ld+json\" class=\"yoast-schema-graph\">{\"@context\":\"https:\/\/schema.org\",\"@graph\":[{\"@type\":\"WebPage\",\"@id\":\"https:\/\/jarchaespanol.com\/?post_type=product&p=4384\",\"url\":\"https:\/\/jarchaespanol.com\/?post_type=product&p=4384\",\"name\":\"Spanish - Individual intensive courses - Jarcha Espa\u00f1ol\",\"isPartOf\":{\"@id\":\"https:\/\/jarchaespanol.com\/#website\"},\"primaryImageOfPage\":{\"@id\":\"https:\/\/jarchaespanol.com\/?post_type=product&p=4384#primaryimage\"},\"image\":{\"@id\":\"https:\/\/jarchaespanol.com\/?post_type=product&p=4384#primaryimage\"},\"thumbnailUrl\":\"https:\/\/jarchaespanol.com\/wp-content\/uploads\/2022\/06\/curso-espanol-individual.png\",\"datePublished\":\"2022-05-12T10:17:28+00:00\",\"dateModified\":\"2023-02-07T11:09:38+00:00\",\"description\":\"Spanish - Individual intensive courses - Jarcha Espa\u00f1ol - Espa\u00f1ol como Lengua Extranjera. Clases de espa\u00f1ol online.\",\"breadcrumb\":{\"@id\":\"https:\/\/jarchaespanol.com\/?post_type=product&p=4384#breadcrumb\"},\"inLanguage\":\"en-US\",\"potentialAction\":[{\"@type\":\"ReadAction\",\"target\":[\"https:\/\/jarchaespanol.com\/?post_type=product&p=4384\"]}]},{\"@type\":\"ImageObject\",\"inLanguage\":\"en-US\",\"@id\":\"https:\/\/jarchaespanol.com\/?post_type=product&p=4384#primaryimage\",\"url\":\"https:\/\/jarchaespanol.com\/wp-content\/uploads\/2022\/06\/curso-espanol-individual.png\",\"contentUrl\":\"https:\/\/jarchaespanol.com\/wp-content\/uploads\/2022\/06\/curso-espanol-individual.png\",\"width\":600,\"height\":600},{\"@type\":\"BreadcrumbList\",\"@id\":\"https:\/\/jarchaespanol.com\/?post_type=product&p=4384#breadcrumb\",\"itemListElement\":[{\"@type\":\"ListItem\",\"position\":1,\"name\":\"Home\",\"item\":\"https:\/\/jarchaespanol.com\/\"},{\"@type\":\"ListItem\",\"position\":2,\"name\":\"Shop\",\"item\":\"https:\/\/jarchaespanol.com\/tienda\/\"},{\"@type\":\"ListItem\",\"position\":3,\"name\":\"Spanish &#8211; Individual intensive courses\"}]},{\"@type\":\"WebSite\",\"@id\":\"https:\/\/jarchaespanol.com\/#website\",\"url\":\"https:\/\/jarchaespanol.com\/\",\"name\":\"Jarcha Espa\u00f1ol\",\"description\":\"Plataforma en l\u00ednea especializada en la comunicaci\u00f3n y en la formaci\u00f3n en espa\u00f1ol. Aprende espa\u00f1ol online.\",\"publisher\":{\"@id\":\"https:\/\/jarchaespanol.com\/#organization\"},\"potentialAction\":[{\"@type\":\"SearchAction\",\"target\":{\"@type\":\"EntryPoint\",\"urlTemplate\":\"https:\/\/jarchaespanol.com\/?s={search_term_string}\"},\"query-input\":{\"@type\":\"PropertyValueSpecification\",\"valueRequired\":true,\"valueName\":\"search_term_string\"}}],\"inLanguage\":\"en-US\"},{\"@type\":\"Organization\",\"@id\":\"https:\/\/jarchaespanol.com\/#organization\",\"name\":\"Jarcha Espa\u00f1ol\",\"url\":\"https:\/\/jarchaespanol.com\/\",\"logo\":{\"@type\":\"ImageObject\",\"inLanguage\":\"en-US\",\"@id\":\"https:\/\/jarchaespanol.com\/#\/schema\/logo\/image\/\",\"url\":\"https:\/\/jarchaespanol.com\/wp-content\/uploads\/2022\/03\/logo-factura-2.png\",\"contentUrl\":\"https:\/\/jarchaespanol.com\/wp-content\/uploads\/2022\/03\/logo-factura-2.png\",\"width\":474,\"height\":177,\"caption\":\"Jarcha Espa\u00f1ol\"},\"image\":{\"@id\":\"https:\/\/jarchaespanol.com\/#\/schema\/logo\/image\/\"}}]}<\/script>\n<!-- \/ Yoast SEO plugin. -->","yoast_head_json":{"title":"Spanish - Individual intensive courses - Jarcha Espa\u00f1ol","description":"Spanish - Individual intensive courses - Jarcha Espa\u00f1ol - Espa\u00f1ol como Lengua Extranjera. Clases de espa\u00f1ol online.","robots":{"index":"index","follow":"follow","max-snippet":"max-snippet:-1","max-image-preview":"max-image-preview:large","max-video-preview":"max-video-preview:-1"},"canonical":"https:\/\/jarchaespanol.com\/en\/servicios\/sin-categorizar\/spanish-individual-intensive-courses\/","og_locale":"en_US","og_type":"article","og_title":"Spanish - Individual intensive courses - Jarcha Espa\u00f1ol","og_description":"Spanish - Individual intensive courses - Jarcha Espa\u00f1ol - Espa\u00f1ol como Lengua Extranjera. Clases de espa\u00f1ol online.","og_url":"https:\/\/jarchaespanol.com\/?post_type=product&p=4384","og_site_name":"Jarcha Espa\u00f1ol","article_modified_time":"2023-02-07T11:09:38+00:00","og_image":[{"width":600,"height":600,"url":"https:\/\/jarchaespanol.com\/wp-content\/uploads\/2022\/06\/curso-espanol-individual.png","type":"image\/png"}],"twitter_card":"summary_large_image","schema":{"@context":"https:\/\/schema.org","@graph":[{"@type":"WebPage","@id":"https:\/\/jarchaespanol.com\/?post_type=product&p=4384","url":"https:\/\/jarchaespanol.com\/?post_type=product&p=4384","name":"Spanish - Individual intensive courses - Jarcha Espa\u00f1ol","isPartOf":{"@id":"https:\/\/jarchaespanol.com\/#website"},"primaryImageOfPage":{"@id":"https:\/\/jarchaespanol.com\/?post_type=product&p=4384#primaryimage"},"image":{"@id":"https:\/\/jarchaespanol.com\/?post_type=product&p=4384#primaryimage"},"thumbnailUrl":"https:\/\/jarchaespanol.com\/wp-content\/uploads\/2022\/06\/curso-espanol-individual.png","datePublished":"2022-05-12T10:17:28+00:00","dateModified":"2023-02-07T11:09:38+00:00","description":"Spanish - Individual intensive courses - Jarcha Espa\u00f1ol - Espa\u00f1ol como Lengua Extranjera. Clases de espa\u00f1ol online.","breadcrumb":{"@id":"https:\/\/jarchaespanol.com\/?post_type=product&p=4384#breadcrumb"},"inLanguage":"en-US","potentialAction":[{"@type":"ReadAction","target":["https:\/\/jarchaespanol.com\/?post_type=product&p=4384"]}]},{"@type":"ImageObject","inLanguage":"en-US","@id":"https:\/\/jarchaespanol.com\/?post_type=product&p=4384#primaryimage","url":"https:\/\/jarchaespanol.com\/wp-content\/uploads\/2022\/06\/curso-espanol-individual.png","contentUrl":"https:\/\/jarchaespanol.com\/wp-content\/uploads\/2022\/06\/curso-espanol-individual.png","width":600,"height":600},{"@type":"BreadcrumbList","@id":"https:\/\/jarchaespanol.com\/?post_type=product&p=4384#breadcrumb","itemListElement":[{"@type":"ListItem","position":1,"name":"Home","item":"https:\/\/jarchaespanol.com\/"},{"@type":"ListItem","position":2,"name":"Shop","item":"https:\/\/jarchaespanol.com\/tienda\/"},{"@type":"ListItem","position":3,"name":"Spanish &#8211; Individual intensive courses"}]},{"@type":"WebSite","@id":"https:\/\/jarchaespanol.com\/#website","url":"https:\/\/jarchaespanol.com\/","name":"Jarcha Espa\u00f1ol","description":"Plataforma en l\u00ednea especializada en la comunicaci\u00f3n y en la formaci\u00f3n en espa\u00f1ol. Aprende espa\u00f1ol online.","publisher":{"@id":"https:\/\/jarchaespanol.com\/#organization"},"potentialAction":[{"@type":"SearchAction","target":{"@type":"EntryPoint","urlTemplate":"https:\/\/jarchaespanol.com\/?s={search_term_string}"},"query-input":{"@type":"PropertyValueSpecification","valueRequired":true,"valueName":"search_term_string"}}],"inLanguage":"en-US"},{"@type":"Organization","@id":"https:\/\/jarchaespanol.com\/#organization","name":"Jarcha Espa\u00f1ol","url":"https:\/\/jarchaespanol.com\/","logo":{"@type":"ImageObject","inLanguage":"en-US","@id":"https:\/\/jarchaespanol.com\/#\/schema\/logo\/image\/","url":"https:\/\/jarchaespanol.com\/wp-content\/uploads\/2022\/03\/logo-factura-2.png","contentUrl":"https:\/\/jarchaespanol.com\/wp-content\/uploads\/2022\/03\/logo-factura-2.png","width":474,"height":177,"caption":"Jarcha Espa\u00f1ol"},"image":{"@id":"https:\/\/jarchaespanol.com\/#\/schema\/logo\/image\/"}}]}},"_links":{"self":[{"href":"https:\/\/jarchaespanol.com\/en\/wp-json\/wp\/v2\/product\/5854","targetHints":{"allow":["GET"]}}],"collection":[{"href":"https:\/\/jarchaespanol.com\/en\/wp-json\/wp\/v2\/product"}],"about":[{"href":"https:\/\/jarchaespanol.com\/en\/wp-json\/wp\/v2\/types\/product"}],"replies":[{"embeddable":true,"href":"https:\/\/jarchaespanol.com\/en\/wp-json\/wp\/v2\/comments?post=5854"}],"wp:featuredmedia":[{"embeddable":true,"href":"https:\/\/jarchaespanol.com\/en\/wp-json\/wp\/v2\/media\/5513"}],"wp:attachment":[{"href":"https:\/\/jarchaespanol.com\/en\/wp-json\/wp\/v2\/media?parent=5854"}],"wp:term":[{"taxonomy":"product_brand","embeddable":true,"href":"https:\/\/jarchaespanol.com\/en\/wp-json\/wp\/v2\/product_brand?post=5854"},{"taxonomy":"product_cat","embeddable":true,"href":"https:\/\/jarchaespanol.com\/en\/wp-json\/wp\/v2\/product_cat?post=5854"},{"taxonomy":"product_tag","embeddable":true,"href":"https:\/\/jarchaespanol.com\/en\/wp-json\/wp\/v2\/product_tag?post=5854"}],"curies":[{"name":"wp","href":"https:\/\/api.w.org\/{rel}","templated":true}]}}