{"id":10656,"date":"2022-07-12T04:08:12","date_gmt":"2022-07-12T02:08:12","guid":{"rendered":"https:\/\/jarchaespanol.com\/espagnol-en-presentiel-pour-groupes\/"},"modified":"2025-08-07T17:28:46","modified_gmt":"2025-08-07T15:28:46","slug":"espagnol-en-presentiel-pour-groupes","status":"publish","type":"page","link":"https:\/\/jarchaespanol.com\/fr\/espagnol-en-presentiel-pour-groupes\/","title":{"rendered":"Cours de langue et culture espagnoles pour groupes"},"content":{"rendered":"<p>[vc_row u_row_style=\u00a0\u00bb0&Prime; u_row_paralax=\u00a0\u00bb0&Prime; u_row_scheme=\u00a0\u00bb0&Prime; css=\u00a0\u00bb.vc_custom_1652260288089{margin-bottom: 0px !important;}\u00a0\u00bb][vc_column css=\u00a0\u00bb.vc_custom_1652260273107{margin-bottom: 0px !important;padding-bottom: 15px !important;}\u00a0\u00bb][vc_column_text]\u00c0 Jarcha Espa\u00f1ol, nous proposons des programmes collectifs de <strong>langue et culture espagnoles<\/strong> adapt\u00e9s \u00e0 la dur\u00e9e du s\u00e9jour de chaque groupe \u00e0 Vigo. Nous concevons le programme selon vos besoins et objectifs sp\u00e9cifiques pour vous o\ufb00rir une exp\u00e9rience \u00e9ducative unique.[\/vc_column_text][vc_message]Cours disponibles toute l\u2019ann\u00e9e[\/vc_message][\/vc_column][\/vc_row][vc_row][vc_column][vc_custom_heading text=\u00a0\u00bbProfil des participants \u00a0\u00bb google_fonts=\u00a0\u00bbfont_family:Source%20Sans%20Pro%3A200%2C200italic%2C300%2C300italic%2Cregular%2Citalic%2C600%2C600italic%2C700%2C700italic%2C900%2C900italic|font_style:600%20bold%20regular%3A600%3Anormal\u00a0\u00bb css=\u00a0\u00bb.vc_custom_1702494135887{padding-bottom: 15px !important;}\u00a0\u00bb][vc_column_text]<\/p>\n<ul>\n<li><b>Groupes d&rsquo;\u00e9tudiants en voyages scolaires (camps linguistiques, \u00e9changes et voyages de fin d&rsquo;ann\u00e9e)<\/b><span style=\"font-weight: 400;\"> dans le but d&rsquo;am\u00e9liorer leurs comp\u00e9tences linguistiques espagnoles de mani\u00e8re pratique et participative dans un contexte \u00e9ducatif et culturel. Le programme est \u00e9labor\u00e9 en accord avec le curriculum scolaire de chaque \u00e9tablissement.<\/span><\/li>\n<li><b>Athl\u00e8tes et \u00e9quipes multidisciplinaires,<\/b><span style=\"font-weight: 400;\"> pour optimiser leur communication dans des environnements hispanophones li\u00e9s aux activit\u00e9s sportives : formation, entra\u00eenements, concentrations, participation \u00e0 des comp\u00e9titions, matches amicaux, immersion culturelle ou programmes d&rsquo;\u00e9change sportif.<\/span><\/li>\n<li><span style=\"font-weight: 400;\"><strong>Associations culturelles, r\u00e9cr\u00e9atives, environnementales, de quartier, etc.,<\/strong> int\u00e9ress\u00e9s \u00e0 explorer la culture et la nature locales et la langue espagnole de mani\u00e8re plus approfondie lors de leur s\u00e9jour \u00e0 Vigo.<\/span><\/li>\n<li><strong>Groupes priv\u00e9s de familles et d&rsquo;amis<\/strong> souhaitant ajouter \u00e0 leur exp\u00e9rience de d\u00e9couverte de cette ville galicienne un cours d&rsquo;espagnol adapt\u00e9 \u00e0 leurs besoins.<\/li>\n<li><b>\u00c9quipes d&rsquo;entreprises<\/b><span style=\"font-weight: 400;\"> cherchant \u00e0 renforcer la communication en espagnol dans le domaine des relations de travail ou \u00e0 d\u00e9velopper leurs comp\u00e9tences linguistiques dans un contexte corporatif.<\/span><\/li>\n<\/ul>\n<p>[\/vc_column_text][vc_single_image image=\u00a0\u00bb10593&Prime; img_size=\u00a0\u00bblarge\u00a0\u00bb][\/vc_column][\/vc_row][vc_row][vc_column css=\u00a0\u00bb.vc_custom_1648120674462{padding-bottom: 15px !important;}\u00a0\u00bb][vc_custom_heading text=\u00a0\u00bbM\u00e9thodologie personnalis\u00e9e \u00a0\u00bb google_fonts=\u00a0\u00bbfont_family:Source%20Sans%20Pro%3A200%2C200italic%2C300%2C300italic%2Cregular%2Citalic%2C600%2C600italic%2C700%2C700italic%2C900%2C900italic|font_style:600%20bold%20regular%3A600%3Anormal\u00a0\u00bb css=\u00a0\u00bb.vc_custom_1702494210503{padding-bottom: 15px !important;}\u00a0\u00bb][vc_column_text css=\u00a0\u00bb.vc_custom_1702495596323{padding-bottom: 15px !important;}\u00a0\u00bb]<span style=\"font-weight: 400;\">Le programme didactique est adapt\u00e9 aux <\/span><b>objectifs<\/b><span style=\"font-weight: 400;\"> \u00e9ducatifs et \u00e0 la dur\u00e9e du s\u00e9jour. Nous proposons une <\/span><b>planification de cours flexible<\/b><span style=\"font-weight: 400;\"> compatible avec les horaires de groupe et un <\/span><b>soutien<\/b><span style=\"font-weight: 400;\"> constant et <\/span><b>adapt\u00e9<\/b><span style=\"font-weight: 400;\"> \u00e0 chaque \u00e9tudiant.<\/span>[\/vc_column_text][vc_media_grid grid_id=\u00a0\u00bbvc_gid:1754580410545-ec3100b99280b592b88645aa3bd0526e-2&Prime; include=\u00a0\u00bb10599,10604,10610&Prime; css=\u00a0\u00bb.vc_custom_1702495604202{padding-bottom: 15px !important;}\u00a0\u00bb][vc_custom_heading text=\u00a0\u00bbExp\u00e9rience int\u00e9gr\u00e9e \u00a0\u00bb google_fonts=\u00a0\u00bbfont_family:Source%20Sans%20Pro%3A200%2C200italic%2C300%2C300italic%2Cregular%2Citalic%2C600%2C600italic%2C700%2C700italic%2C900%2C900italic|font_style:600%20bold%20regular%3A600%3Anormal\u00a0\u00bb css=\u00a0\u00bb.vc_custom_1702494249735{padding-bottom: 15px !important;}\u00a0\u00bb][vc_column_text css=\u00a0\u00bb.vc_custom_1718303074418{padding-bottom: 15px !important;}\u00a0\u00bb]<span style=\"font-weight: 400;\">Nos cours personnalis\u00e9s permettent aux \u00e9tudiants de <\/span><b>m\u00ealer <\/b><span style=\"font-weight: 400;\">l&rsquo;apprentissage de l&rsquo;espagnol sur place avec l&rsquo;objectif principal de leur s\u00e9jour \u00e0 Vigo. Cette <\/span><b>immersion simultan\u00e9e<\/b><span style=\"font-weight: 400;\"> leur offre la possibilit\u00e9 de d\u00e9velopper des comp\u00e9tences de base pour l&rsquo;utilisation imm\u00e9diate de l&rsquo;espagnol dans des situations quotidiennes (niveau d\u00e9butant) ou d&rsquo;approfondir des concepts linguistiques plus complexes et th\u00e9oriques (niveaux interm\u00e9diaire et avanc\u00e9).<\/span>[\/vc_column_text][vc_custom_heading text=\u00a0\u00bbAvantages\u00a0\u00bb google_fonts=\u00a0\u00bbfont_family:Source%20Sans%20Pro%3A200%2C200italic%2C300%2C300italic%2Cregular%2Citalic%2C600%2C600italic%2C700%2C700italic%2C900%2C900italic|font_style:600%20bold%20regular%3A600%3Anormal\u00a0\u00bb css=\u00a0\u00bb.vc_custom_1702494294278{padding-bottom: 15px !important;}\u00a0\u00bb][vc_column_text css=\u00a0\u00bb.vc_custom_1702495625580{padding-bottom: 15px !important;}\u00a0\u00bb]<span style=\"font-weight: 400;\">Notre approche \u00e9ducative offre une exp\u00e9rience pratique qui <\/span><b>enrichit <\/b><span style=\"font-weight: 400;\">significativement la <\/span><b>qualit\u00e9 du s\u00e9jour<\/b><span style=\"font-weight: 400;\">. En incorporant des \u00e9l\u00e9ments linguistiques, sociaux et culturels au premier plan de la formation, nous offrons aux participants la possibilit\u00e9 d&rsquo;int\u00e9grer pleinement la <\/span><b>langue espagnole<\/b><span style=\"font-weight: 400;\"> et les <\/span><b>particularit\u00e9s locales<\/b><span style=\"font-weight: 400;\"> pendant leur s\u00e9jour \u00e0 Vigo.<\/span>[\/vc_column_text][vc_single_image image=\u00a0\u00bb10616&Prime; img_size=\u00a0\u00bblarge\u00a0\u00bb][vc_custom_heading text=\u00a0\u00bbConception personnalis\u00e9e pour une exp\u00e9rience unique \u00a0\u00bb google_fonts=\u00a0\u00bbfont_family:Source%20Sans%20Pro%3A200%2C200italic%2C300%2C300italic%2Cregular%2Citalic%2C600%2C600italic%2C700%2C700italic%2C900%2C900italic|font_style:600%20bold%20regular%3A600%3Anormal\u00a0\u00bb css=\u00a0\u00bb.vc_custom_1702494312357{padding-bottom: 15px !important;}\u00a0\u00bb][vc_column_text css=\u00a0\u00bb.vc_custom_1729698730864{margin-bottom: 0px !important;padding-bottom: 0px !important;}\u00a0\u00bb]<span style=\"font-weight: 400;\">Chez Jarcha Espa\u00f1ol, nous reconnaissons la <\/span><b>singularit\u00e9 de chaque exp\u00e9rience<\/b><span style=\"font-weight: 400;\"> et comprenons que les besoins \u00e9ducatifs varient. C&rsquo;est pourquoi nous offrons la possibilit\u00e9 de concevoir un <\/span><b>cours enti\u00e8rement personnalis\u00e9<\/b><span style=\"font-weight: 400;\"> sp\u00e9cifiquement adapt\u00e9 aux caract\u00e9ristiques et aux objectifs de votre groupe. Qu&rsquo;il s&rsquo;agisse d&rsquo;une concentration plus intensive sur les comp\u00e9tences linguistiques, d&rsquo;un programme culturel plus approfondi ou de toute autre exigence sp\u00e9cifique, nous sommes l\u00e0 pour cr\u00e9er l&rsquo;exp\u00e9rience d&rsquo;apprentissage id\u00e9ale pour vous.<\/span>[\/vc_column_text][vc_empty_space][\/vc_column][\/vc_row][vc_row][vc_column][vc_custom_heading text=\u00a0\u00bbTest de niveau\u00a0\u00bb google_fonts=\u00a0\u00bbfont_family:Source%20Sans%20Pro%3A200%2C200italic%2C300%2C300italic%2Cregular%2Citalic%2C600%2C600italic%2C700%2C700italic%2C900%2C900italic|font_style:600%20bold%20regular%3A600%3Anormal\u00a0\u00bb css=\u00a0\u00bb.vc_custom_1753271987284{padding-bottom: 15px !important;}\u00a0\u00bb][vc_column_text css=\u00a0\u00bb.vc_custom_1753272141507{margin-bottom: 0px !important;padding-bottom: 0px !important;}\u00a0\u00bb]<a class=\"btn btn-jarcha\" href=\"https:\/\/docs.google.com\/forms\/d\/e\/1FAIpQLScMyzM92U1yRd7pyrAY6iNldme-eUzGKpzMkl9ZJUN072zVHw\/viewform?usp=sf_link\" target=\"_blank\" rel=\"noopener\"><span style=\"font-weight: 400;\"><i class=\"vc_btn3-icon fas fa-user-graduate\"><\/i> A1 <\/span><\/a> <a class=\"btn btn-jarcha\" href=\"https:\/\/docs.google.com\/forms\/d\/e\/1FAIpQLSctisEsdQt-A4UJe0KuWHLCDoTzLtXFWelAQNoauRGeyPcSUg\/viewform?usp=sf_link\" target=\"_blank\" rel=\"noopener\"><span style=\"font-weight: 400;\"><i class=\"vc_btn3-icon fas fa-user-graduate\"><\/i> A2 <\/span><\/a> <a class=\"btn btn-jarcha\" href=\"https:\/\/docs.google.com\/forms\/d\/e\/1FAIpQLSdNGeGMzvjiXYDQWm0ySq6zpqES6g3MFOjMnaYxYUgCeI3M7A\/viewform?usp=sf_link\" target=\"_blank\" rel=\"noopener\"><span style=\"font-weight: 400;\"><i class=\"vc_btn3-icon fas fa-user-graduate\"><\/i> B1 <\/span><\/a> <a class=\"btn btn-jarcha\" href=\"https:\/\/docs.google.com\/forms\/d\/e\/1FAIpQLSfHj2JP1zE2D1FUPS_FbH0zTUNzAJ1CEopeBKifrEwm5nMmsw\/viewform?usp=sf_link\" target=\"_blank\" rel=\"noopener\"><span style=\"font-weight: 400;\"><i class=\"vc_btn3-icon fas fa-user-graduate\"><\/i> B2 <\/span><\/a> <a class=\"btn btn-jarcha\" href=\"https:\/\/docs.google.com\/forms\/d\/e\/1FAIpQLSeUgWtLVaOwNh7sbMlg0a7C-zQG3OhJkbzS22VtItOdw6IVCQ\/viewform?usp=sf_link\" target=\"_blank\" rel=\"noopener\"><span style=\"font-weight: 400;\"><i class=\"vc_btn3-icon fas fa-user-graduate\"><\/i> C1 <\/span><\/a> <a class=\"btn btn-jarcha\" style=\"margin-bottom: 5px;\" href=\"https:\/\/docs.google.com\/forms\/d\/e\/1FAIpQLScMlqLbAih6VOcu6jaiNdpp6wh9zkimMY9El8kqYbHZaRVInw\/viewform?usp=sf_link\" target=\"_blank\" rel=\"noopener\"><span style=\"font-weight: 400;\"><i class=\"vc_btn3-icon fas fa-user-graduate\"><\/i> C2 <\/span><\/a>[\/vc_column_text][vc_empty_space][vc_column_text css=\u00a0\u00bb.vc_custom_1754568566421{margin-bottom: 15px !important;padding-bottom: 0px !important;}\u00a0\u00bb]<\/p>\n<h2><strong>\u00a1<span style=\"color: #8d2237;\">Contactez-nous<\/span> pour discuter de vos besoins et concevoir ensemble le cours et le <span style=\"color: #8d2237;\">budget<\/span> parfaits pour votre groupe \u00e0 Vigo!<\/strong><\/h2>\n<p>[\/vc_column_text][\/vc_column][\/vc_row][vc_row u_row_style=\u00a0\u00bb0&Prime; u_row_paralax=\u00a0\u00bb0&Prime; u_row_scheme=\u00a0\u00bb0&Prime; css=\u00a0\u00bb.vc_custom_1680714162367{margin-top: 0px !important;margin-bottom: 0px !important;padding-top: 20px !important;padding-right: 15px !important;padding-bottom: 0px !important;padding-left: 15px !important;background-color: #e9edf1 !important;}\u00a0\u00bb][vc_column width=\u00a0\u00bb1\/2&Prime; css=\u00a0\u00bb.vc_custom_1680714150162{padding-top: 0px !important;}\u00a0\u00bb el_class=\u00a0\u00bbno-margin-bottom-mobile\u00a0\u00bb][vc_single_image image=\u00a0\u00bb10621&Prime; img_size=\u00a0\u00bbfull\u00a0\u00bb alignment=\u00a0\u00bbcenter\u00a0\u00bb css_animation=\u00a0\u00bbbottom-to-top\u00a0\u00bb css=\u00a0\u00bb.vc_custom_1702495404932{border-top-width: 0px !important;border-bottom-width: 0px !important;padding-top: 0px !important;padding-bottom: 0px !important;}\u00a0\u00bb][\/vc_column][vc_column width=\u00a0\u00bb1\/2&Prime; css=\u00a0\u00bb.vc_custom_1680714618540{padding-top: 0px !important;}\u00a0\u00bb][vc_icon icon_fontawesome=\u00a0\u00bbfas fa-phone-alt\u00a0\u00bb color=\u00a0\u00bbwhite\u00a0\u00bb background_style=\u00a0\u00bbrounded\u00a0\u00bb background_color=\u00a0\u00bbcustom\u00a0\u00bb custom_background_color=\u00a0\u00bb#8d2237&Prime; link=\u00a0\u00bburl:tel%3A0034698196773|\u00a0\u00bb css=\u00a0\u00bb.vc_custom_1680714579665{margin-bottom: 15px !important;}\u00a0\u00bb][vc_column_text css=\u00a0\u00bb.vc_custom_1754580423195{margin-bottom: 5px !important;padding-top: 0px !important;padding-bottom: 30px !important;}\u00a0\u00bb][\/vc_column_text][vc_btn title=\u00a0\u00bbContacter\u00a0\u00bb style=\u00a0\u00bbcustom\u00a0\u00bb custom_background=\u00a0\u00bb#9a3c4b\u00a0\u00bb custom_text=\u00a0\u00bb#ffffff\u00a0\u00bb size=\u00a0\u00bblg\u00a0\u00bb i_icon_fontawesome=\u00a0\u00bbfas fa-arrow-right\u00a0\u00bb add_icon=\u00a0\u00bbtrue\u00a0\u00bb link=\u00a0\u00bburl:https%3A%2F%2Fjarchaespanol.com%2Ffr%2Fcontacte%2F|title:Contacter|\u00a0\u00bb][\/vc_column][\/vc_row][vc_row][vc_column][vc_empty_space][\/vc_column][\/vc_row][vc_row][vc_column][vc_btn title=\u00a0\u00bbFormulaire d&apos;inscription pour les entit\u00e9s\u00a0\u00bb color=\u00a0\u00bbinverse\u00a0\u00bb size=\u00a0\u00bblg\u00a0\u00bb link=\u00a0\u00bburl:https%3A%2F%2Fjarchaespanol.com%2Ffr%2Fformulaire-dinscription-pour-les-entites%2F|title:Formulaire%20d%27inscription%20pour%20les%20entit%C3%A9s|\u00a0\u00bb css=\u00a0\u00bb.vc_custom_1729695502954{margin-right: 5px !important;margin-left: 5px !important;}\u00a0\u00bb][vc_btn title=\u00a0\u00bbFormulaire d&apos;inscription pour groupes priv\u00e9s\u00a0\u00bb color=\u00a0\u00bbinverse\u00a0\u00bb size=\u00a0\u00bblg\u00a0\u00bb link=\u00a0\u00bburl:https%3A%2F%2Fjarchaespanol.com%2Ffr%2Fformulaire-dinscription-pour-les-groupes-prives%2F|title:Formulaire%20d%27inscription%20pour%20les%20entit%C3%A9s|\u00a0\u00bb css=\u00a0\u00bb.vc_custom_1725441292606{margin-right: 5px !important;margin-left: 5px !important;}\u00a0\u00bb][\/vc_column][\/vc_row][vc_row][vc_column][\/vc_column][\/vc_row]<\/p>\n","protected":false},"excerpt":{"rendered":"<p>[vc_row u_row_style=\u00a0\u00bb0&Prime; u_row_paralax=\u00a0\u00bb0&Prime; u_row_scheme=\u00a0\u00bb0&Prime; css=\u00a0\u00bb.vc_custom_1652260288089{margin-bottom: 0px !important;}\u00a0\u00bb][vc_column css=\u00a0\u00bb.vc_custom_1652260273107{margin-bottom: 0px !important;padding-bottom: 15px !important;}\u00a0\u00bb][vc_column_text]\u00c0 Jarcha Espa\u00f1ol, nous proposons des programmes collectifs de langue et culture espagnoles adapt\u00e9s \u00e0 la dur\u00e9e du s\u00e9jour de chaque groupe \u00e0 Vigo. Nous concevons le programme selon vos besoins et objectifs sp\u00e9cifiques pour vous o\ufb00rir une exp\u00e9rience \u00e9ducative unique.[\/vc_column_text][vc_message]Cours disponibles toute l\u2019ann\u00e9e[\/vc_message][\/vc_column][\/vc_row][vc_row][vc_column][vc_custom_heading [&hellip;]<\/p>\n","protected":false},"author":1,"featured_media":0,"parent":0,"menu_order":0,"comment_status":"closed","ping_status":"closed","template":"","meta":{"inline_featured_image":false,"_joinchat":[],"footnotes":""},"class_list":["post-10656","page","type-page","status-publish","hentry"],"yoast_head":"<!-- This site is optimized with the Yoast SEO plugin v26.8 - https:\/\/yoast.com\/product\/yoast-seo-wordpress\/ -->\n<title>Espagnol en pr\u00e9sentiel pour collectifs | Jarcha Espa\u00f1ol<\/title>\n<meta name=\"description\" content=\"Apprentissage intensif de l&#039;espagnol dans la ville de Vigo (Espagne), pour \u00e9tudiants universitaires, professionnels et voyageurs.\" \/>\n<meta name=\"robots\" content=\"index, follow, max-snippet:-1, max-image-preview:large, max-video-preview:-1\" \/>\n<link rel=\"canonical\" href=\"https:\/\/jarchaespanol.com\/fr\/espagnol-en-presentiel-pour-groupes\/\" \/>\n<meta property=\"og:locale\" content=\"fr_FR\" \/>\n<meta property=\"og:type\" content=\"article\" \/>\n<meta property=\"og:title\" content=\"Espagnol en pr\u00e9sentiel pour collectifs | Jarcha Espa\u00f1ol\" \/>\n<meta property=\"og:description\" content=\"Apprentissage intensif de l&#039;espagnol dans la ville de Vigo (Espagne), pour \u00e9tudiants universitaires, professionnels et voyageurs.\" \/>\n<meta property=\"og:url\" content=\"https:\/\/jarchaespanol.com\/espanol-presencial-para-grupos\/\" \/>\n<meta property=\"og:site_name\" content=\"Jarcha Espa\u00f1ol\" \/>\n<meta property=\"article:modified_time\" content=\"2025-08-07T15:28:46+00:00\" \/>\n<meta name=\"twitter:card\" content=\"summary_large_image\" \/>\n<script type=\"application\/ld+json\" class=\"yoast-schema-graph\">{\"@context\":\"https:\/\/schema.org\",\"@graph\":[{\"@type\":\"WebPage\",\"@id\":\"https:\/\/jarchaespanol.com\/espanol-presencial-para-grupos\/\",\"url\":\"https:\/\/jarchaespanol.com\/espanol-presencial-para-grupos\/\",\"name\":\"Espagnol en pr\u00e9sentiel pour collectifs | Jarcha Espa\u00f1ol\",\"isPartOf\":{\"@id\":\"https:\/\/jarchaespanol.com\/#website\"},\"datePublished\":\"2022-07-12T02:08:12+00:00\",\"dateModified\":\"2025-08-07T15:28:46+00:00\",\"description\":\"Apprentissage intensif de l'espagnol dans la ville de Vigo (Espagne), pour \u00e9tudiants universitaires, professionnels et voyageurs.\",\"breadcrumb\":{\"@id\":\"https:\/\/jarchaespanol.com\/espanol-presencial-para-grupos\/#breadcrumb\"},\"inLanguage\":\"fr-FR\",\"potentialAction\":[{\"@type\":\"ReadAction\",\"target\":[\"https:\/\/jarchaespanol.com\/espanol-presencial-para-grupos\/\"]}]},{\"@type\":\"BreadcrumbList\",\"@id\":\"https:\/\/jarchaespanol.com\/espanol-presencial-para-grupos\/#breadcrumb\",\"itemListElement\":[{\"@type\":\"ListItem\",\"position\":1,\"name\":\"Home\",\"item\":\"https:\/\/jarchaespanol.com\/\"},{\"@type\":\"ListItem\",\"position\":2,\"name\":\"Cours de langue et culture espagnoles pour groupes\"}]},{\"@type\":\"WebSite\",\"@id\":\"https:\/\/jarchaespanol.com\/#website\",\"url\":\"https:\/\/jarchaespanol.com\/\",\"name\":\"Jarcha Espa\u00f1ol\",\"description\":\"Plataforma en l\u00ednea especializada en la comunicaci\u00f3n y en la formaci\u00f3n en espa\u00f1ol. Aprende espa\u00f1ol online.\",\"publisher\":{\"@id\":\"https:\/\/jarchaespanol.com\/#organization\"},\"potentialAction\":[{\"@type\":\"SearchAction\",\"target\":{\"@type\":\"EntryPoint\",\"urlTemplate\":\"https:\/\/jarchaespanol.com\/?s={search_term_string}\"},\"query-input\":{\"@type\":\"PropertyValueSpecification\",\"valueRequired\":true,\"valueName\":\"search_term_string\"}}],\"inLanguage\":\"fr-FR\"},{\"@type\":\"Organization\",\"@id\":\"https:\/\/jarchaespanol.com\/#organization\",\"name\":\"Jarcha Espa\u00f1ol\",\"url\":\"https:\/\/jarchaespanol.com\/\",\"logo\":{\"@type\":\"ImageObject\",\"inLanguage\":\"fr-FR\",\"@id\":\"https:\/\/jarchaespanol.com\/#\/schema\/logo\/image\/\",\"url\":\"https:\/\/jarchaespanol.com\/wp-content\/uploads\/2022\/03\/logo-factura-2.png\",\"contentUrl\":\"https:\/\/jarchaespanol.com\/wp-content\/uploads\/2022\/03\/logo-factura-2.png\",\"width\":474,\"height\":177,\"caption\":\"Jarcha Espa\u00f1ol\"},\"image\":{\"@id\":\"https:\/\/jarchaespanol.com\/#\/schema\/logo\/image\/\"}}]}<\/script>\n<!-- \/ Yoast SEO plugin. -->","yoast_head_json":{"title":"Espagnol en pr\u00e9sentiel pour collectifs | Jarcha Espa\u00f1ol","description":"Apprentissage intensif de l'espagnol dans la ville de Vigo (Espagne), pour \u00e9tudiants universitaires, professionnels et voyageurs.","robots":{"index":"index","follow":"follow","max-snippet":"max-snippet:-1","max-image-preview":"max-image-preview:large","max-video-preview":"max-video-preview:-1"},"canonical":"https:\/\/jarchaespanol.com\/fr\/espagnol-en-presentiel-pour-groupes\/","og_locale":"fr_FR","og_type":"article","og_title":"Espagnol en pr\u00e9sentiel pour collectifs | Jarcha Espa\u00f1ol","og_description":"Apprentissage intensif de l'espagnol dans la ville de Vigo (Espagne), pour \u00e9tudiants universitaires, professionnels et voyageurs.","og_url":"https:\/\/jarchaespanol.com\/espanol-presencial-para-grupos\/","og_site_name":"Jarcha Espa\u00f1ol","article_modified_time":"2025-08-07T15:28:46+00:00","twitter_card":"summary_large_image","schema":{"@context":"https:\/\/schema.org","@graph":[{"@type":"WebPage","@id":"https:\/\/jarchaespanol.com\/espanol-presencial-para-grupos\/","url":"https:\/\/jarchaespanol.com\/espanol-presencial-para-grupos\/","name":"Espagnol en pr\u00e9sentiel pour collectifs | Jarcha Espa\u00f1ol","isPartOf":{"@id":"https:\/\/jarchaespanol.com\/#website"},"datePublished":"2022-07-12T02:08:12+00:00","dateModified":"2025-08-07T15:28:46+00:00","description":"Apprentissage intensif de l'espagnol dans la ville de Vigo (Espagne), pour \u00e9tudiants universitaires, professionnels et voyageurs.","breadcrumb":{"@id":"https:\/\/jarchaespanol.com\/espanol-presencial-para-grupos\/#breadcrumb"},"inLanguage":"fr-FR","potentialAction":[{"@type":"ReadAction","target":["https:\/\/jarchaespanol.com\/espanol-presencial-para-grupos\/"]}]},{"@type":"BreadcrumbList","@id":"https:\/\/jarchaespanol.com\/espanol-presencial-para-grupos\/#breadcrumb","itemListElement":[{"@type":"ListItem","position":1,"name":"Home","item":"https:\/\/jarchaespanol.com\/"},{"@type":"ListItem","position":2,"name":"Cours de langue et culture espagnoles pour groupes"}]},{"@type":"WebSite","@id":"https:\/\/jarchaespanol.com\/#website","url":"https:\/\/jarchaespanol.com\/","name":"Jarcha Espa\u00f1ol","description":"Plataforma en l\u00ednea especializada en la comunicaci\u00f3n y en la formaci\u00f3n en espa\u00f1ol. Aprende espa\u00f1ol online.","publisher":{"@id":"https:\/\/jarchaespanol.com\/#organization"},"potentialAction":[{"@type":"SearchAction","target":{"@type":"EntryPoint","urlTemplate":"https:\/\/jarchaespanol.com\/?s={search_term_string}"},"query-input":{"@type":"PropertyValueSpecification","valueRequired":true,"valueName":"search_term_string"}}],"inLanguage":"fr-FR"},{"@type":"Organization","@id":"https:\/\/jarchaespanol.com\/#organization","name":"Jarcha Espa\u00f1ol","url":"https:\/\/jarchaespanol.com\/","logo":{"@type":"ImageObject","inLanguage":"fr-FR","@id":"https:\/\/jarchaespanol.com\/#\/schema\/logo\/image\/","url":"https:\/\/jarchaespanol.com\/wp-content\/uploads\/2022\/03\/logo-factura-2.png","contentUrl":"https:\/\/jarchaespanol.com\/wp-content\/uploads\/2022\/03\/logo-factura-2.png","width":474,"height":177,"caption":"Jarcha Espa\u00f1ol"},"image":{"@id":"https:\/\/jarchaespanol.com\/#\/schema\/logo\/image\/"}}]}},"_links":{"self":[{"href":"https:\/\/jarchaespanol.com\/fr\/wp-json\/wp\/v2\/pages\/10656","targetHints":{"allow":["GET"]}}],"collection":[{"href":"https:\/\/jarchaespanol.com\/fr\/wp-json\/wp\/v2\/pages"}],"about":[{"href":"https:\/\/jarchaespanol.com\/fr\/wp-json\/wp\/v2\/types\/page"}],"author":[{"embeddable":true,"href":"https:\/\/jarchaespanol.com\/fr\/wp-json\/wp\/v2\/users\/1"}],"replies":[{"embeddable":true,"href":"https:\/\/jarchaespanol.com\/fr\/wp-json\/wp\/v2\/comments?post=10656"}],"version-history":[{"count":13,"href":"https:\/\/jarchaespanol.com\/fr\/wp-json\/wp\/v2\/pages\/10656\/revisions"}],"predecessor-version":[{"id":18463,"href":"https:\/\/jarchaespanol.com\/fr\/wp-json\/wp\/v2\/pages\/10656\/revisions\/18463"}],"wp:attachment":[{"href":"https:\/\/jarchaespanol.com\/fr\/wp-json\/wp\/v2\/media?parent=10656"}],"curies":[{"name":"wp","href":"https:\/\/api.w.org\/{rel}","templated":true}]}}