{"id":14099,"date":"2022-07-12T04:08:12","date_gmt":"2022-07-12T02:08:12","guid":{"rendered":"https:\/\/jarchaespanol.com\/dele\/"},"modified":"2024-10-22T16:49:48","modified_gmt":"2024-10-22T14:49:48","slug":"dele","status":"publish","type":"page","link":"https:\/\/jarchaespanol.com\/fr\/dele\/","title":{"rendered":"DELE"},"content":{"rendered":"<p>[vc_row][vc_column css=\u00a0\u00bb.vc_custom_1648122332553{padding-bottom: 15px !important;}\u00a0\u00bb][vc_custom_heading text=\u00a0\u00bbQu\u2019est-ce que le DELE ?\u00a0\u00bb google_fonts=\u00a0\u00bbfont_family:Source%20Sans%20Pro%3A200%2C200italic%2C300%2C300italic%2Cregular%2Citalic%2C600%2C600italic%2C700%2C700italic%2C900%2C900italic|font_style:600%20bold%20regular%3A600%3Anormal\u00a0\u00bb css=\u00a0\u00bb.vc_custom_1729607953583{padding-bottom: 15px !important;}\u00a0\u00bb][vc_column_text css=\u00a0\u00bb.vc_custom_1729607989760{margin-bottom: 15px !important;}\u00a0\u00bb]Le DELE est un dipl\u00f4me officiel qui certifie le degr\u00e9 de comp\u00e9tence et de ma\u00eetrise de la langue espagnole, reconnu internationalement et d\u00e9livr\u00e9 par l\u2019Institut Cervantes au nom du minist\u00e8re de l\u2019\u00c9ducation et de la Formation Professionnelle d\u2019Espagne.[\/vc_column_text][vc_empty_space][vc_custom_heading text=\u00a0\u00bbAvantages du DELE\u00a0\u00bb google_fonts=\u00a0\u00bbfont_family:Source%20Sans%20Pro%3A200%2C200italic%2C300%2C300italic%2Cregular%2Citalic%2C600%2C600italic%2C700%2C700italic%2C900%2C900italic|font_style:600%20bold%20regular%3A600%3Anormal\u00a0\u00bb css=\u00a0\u00bb.vc_custom_1729608008367{padding-bottom: 15px !important;}\u00a0\u00bb el_id=\u00a0\u00bbespanol\u00a0\u00bb][vc_column_text css=\u00a0\u00bb.vc_custom_1729608017257{margin-bottom: 15px !important;}\u00a0\u00bb]<\/p>\n<ul>\n<li>C\u2019est un titre officiel reconnu mondialement par les entreprises et les syst\u00e8mes \u00e9ducatifs.<\/li>\n<li>Facilite l\u2019admission dans les universit\u00e9s et les \u00e9coles des pays hispanophones.<\/li>\n<li>Am\u00e9liore les opportunit\u00e9s d\u2019emploi car il est valoris\u00e9 par de nombreuses entreprises.<\/li>\n<li>Le dipl\u00f4me n\u2019expire pas, permettant de d\u00e9montrer de mani\u00e8re permanente votre niveau d\u2019espagnol.<\/li>\n<li>Peut-\u00eatre une exigence pour obtenir la nationalit\u00e9 espagnole.<\/li>\n<li>Sert d\u2019incitation et de reconnaissance pour les \u00e9tudiants.<\/li>\n<\/ul>\n<p>[\/vc_column_text][vc_empty_space][\/vc_column][\/vc_row][vc_row][vc_column][vc_single_image image=\u00a0\u00bb14090&Prime; img_size=\u00a0\u00bbfull\u00a0\u00bb][\/vc_column][\/vc_row]<\/p>\n","protected":false},"excerpt":{"rendered":"<p>[vc_row][vc_column css=\u00a0\u00bb.vc_custom_1648122332553{padding-bottom: 15px !important;}\u00a0\u00bb][vc_custom_heading text=\u00a0\u00bbQu\u2019est-ce que le DELE ?\u00a0\u00bb google_fonts=\u00a0\u00bbfont_family:Source%20Sans%20Pro%3A200%2C200italic%2C300%2C300italic%2Cregular%2Citalic%2C600%2C600italic%2C700%2C700italic%2C900%2C900italic|font_style:600%20bold%20regular%3A600%3Anormal\u00a0\u00bb css=\u00a0\u00bb.vc_custom_1729607953583{padding-bottom: 15px !important;}\u00a0\u00bb][vc_column_text css=\u00a0\u00bb.vc_custom_1729607989760{margin-bottom: 15px !important;}\u00a0\u00bb]Le DELE est un dipl\u00f4me officiel qui certifie le degr\u00e9 de comp\u00e9tence et de ma\u00eetrise de la langue espagnole, reconnu internationalement et d\u00e9livr\u00e9 par l\u2019Institut Cervantes au nom du minist\u00e8re de l\u2019\u00c9ducation et de la Formation Professionnelle d\u2019Espagne.[\/vc_column_text][vc_empty_space][vc_custom_heading text=\u00a0\u00bbAvantages du [&hellip;]<\/p>\n","protected":false},"author":1,"featured_media":0,"parent":0,"menu_order":0,"comment_status":"closed","ping_status":"closed","template":"","meta":{"inline_featured_image":false,"_joinchat":[],"footnotes":""},"class_list":["post-14099","page","type-page","status-publish","hentry"],"yoast_head":"<!-- This site is optimized with the Yoast SEO plugin v26.8 - https:\/\/yoast.com\/product\/yoast-seo-wordpress\/ -->\n<title>DELE | Jarcha Espa\u00f1ol<\/title>\n<meta name=\"description\" content=\"Clases y cursos online de espa\u00f1ol para particulares y empresas adaptados a las necesidades de cada estudiante.\" \/>\n<meta name=\"robots\" content=\"index, follow, max-snippet:-1, max-image-preview:large, max-video-preview:-1\" \/>\n<link rel=\"canonical\" href=\"https:\/\/jarchaespanol.com\/fr\/dele\/\" \/>\n<meta property=\"og:locale\" content=\"fr_FR\" \/>\n<meta property=\"og:type\" content=\"article\" \/>\n<meta property=\"og:title\" content=\"DELE | Jarcha Espa\u00f1ol\" \/>\n<meta property=\"og:description\" content=\"Clases y cursos online de espa\u00f1ol para particulares y empresas adaptados a las necesidades de cada estudiante.\" \/>\n<meta property=\"og:url\" content=\"https:\/\/jarchaespanol.com\/dele\/\" \/>\n<meta property=\"og:site_name\" content=\"Jarcha Espa\u00f1ol\" \/>\n<meta property=\"article:modified_time\" content=\"2024-10-22T14:49:48+00:00\" \/>\n<meta name=\"twitter:card\" content=\"summary_large_image\" \/>\n<script type=\"application\/ld+json\" class=\"yoast-schema-graph\">{\"@context\":\"https:\/\/schema.org\",\"@graph\":[{\"@type\":\"WebPage\",\"@id\":\"https:\/\/jarchaespanol.com\/dele\/\",\"url\":\"https:\/\/jarchaespanol.com\/dele\/\",\"name\":\"DELE | Jarcha Espa\u00f1ol\",\"isPartOf\":{\"@id\":\"https:\/\/jarchaespanol.com\/#website\"},\"datePublished\":\"2022-07-12T02:08:12+00:00\",\"dateModified\":\"2024-10-22T14:49:48+00:00\",\"description\":\"Clases y cursos online de espa\u00f1ol para particulares y empresas adaptados a las necesidades de cada estudiante.\",\"breadcrumb\":{\"@id\":\"https:\/\/jarchaespanol.com\/dele\/#breadcrumb\"},\"inLanguage\":\"fr-FR\",\"potentialAction\":[{\"@type\":\"ReadAction\",\"target\":[\"https:\/\/jarchaespanol.com\/dele\/\"]}]},{\"@type\":\"BreadcrumbList\",\"@id\":\"https:\/\/jarchaespanol.com\/dele\/#breadcrumb\",\"itemListElement\":[{\"@type\":\"ListItem\",\"position\":1,\"name\":\"Home\",\"item\":\"https:\/\/jarchaespanol.com\/\"},{\"@type\":\"ListItem\",\"position\":2,\"name\":\"DELE\"}]},{\"@type\":\"WebSite\",\"@id\":\"https:\/\/jarchaespanol.com\/#website\",\"url\":\"https:\/\/jarchaespanol.com\/\",\"name\":\"Jarcha Espa\u00f1ol\",\"description\":\"Plataforma en l\u00ednea especializada en la comunicaci\u00f3n y en la formaci\u00f3n en espa\u00f1ol. Aprende espa\u00f1ol online.\",\"publisher\":{\"@id\":\"https:\/\/jarchaespanol.com\/#organization\"},\"potentialAction\":[{\"@type\":\"SearchAction\",\"target\":{\"@type\":\"EntryPoint\",\"urlTemplate\":\"https:\/\/jarchaespanol.com\/?s={search_term_string}\"},\"query-input\":{\"@type\":\"PropertyValueSpecification\",\"valueRequired\":true,\"valueName\":\"search_term_string\"}}],\"inLanguage\":\"fr-FR\"},{\"@type\":\"Organization\",\"@id\":\"https:\/\/jarchaespanol.com\/#organization\",\"name\":\"Jarcha Espa\u00f1ol\",\"url\":\"https:\/\/jarchaespanol.com\/\",\"logo\":{\"@type\":\"ImageObject\",\"inLanguage\":\"fr-FR\",\"@id\":\"https:\/\/jarchaespanol.com\/#\/schema\/logo\/image\/\",\"url\":\"https:\/\/jarchaespanol.com\/wp-content\/uploads\/2022\/03\/logo-factura-2.png\",\"contentUrl\":\"https:\/\/jarchaespanol.com\/wp-content\/uploads\/2022\/03\/logo-factura-2.png\",\"width\":474,\"height\":177,\"caption\":\"Jarcha Espa\u00f1ol\"},\"image\":{\"@id\":\"https:\/\/jarchaespanol.com\/#\/schema\/logo\/image\/\"}}]}<\/script>\n<!-- \/ Yoast SEO plugin. -->","yoast_head_json":{"title":"DELE | Jarcha Espa\u00f1ol","description":"Clases y cursos online de espa\u00f1ol para particulares y empresas adaptados a las necesidades de cada estudiante.","robots":{"index":"index","follow":"follow","max-snippet":"max-snippet:-1","max-image-preview":"max-image-preview:large","max-video-preview":"max-video-preview:-1"},"canonical":"https:\/\/jarchaespanol.com\/fr\/dele\/","og_locale":"fr_FR","og_type":"article","og_title":"DELE | Jarcha Espa\u00f1ol","og_description":"Clases y cursos online de espa\u00f1ol para particulares y empresas adaptados a las necesidades de cada estudiante.","og_url":"https:\/\/jarchaespanol.com\/dele\/","og_site_name":"Jarcha Espa\u00f1ol","article_modified_time":"2024-10-22T14:49:48+00:00","twitter_card":"summary_large_image","schema":{"@context":"https:\/\/schema.org","@graph":[{"@type":"WebPage","@id":"https:\/\/jarchaespanol.com\/dele\/","url":"https:\/\/jarchaespanol.com\/dele\/","name":"DELE | Jarcha Espa\u00f1ol","isPartOf":{"@id":"https:\/\/jarchaespanol.com\/#website"},"datePublished":"2022-07-12T02:08:12+00:00","dateModified":"2024-10-22T14:49:48+00:00","description":"Clases y cursos online de espa\u00f1ol para particulares y empresas adaptados a las necesidades de cada estudiante.","breadcrumb":{"@id":"https:\/\/jarchaespanol.com\/dele\/#breadcrumb"},"inLanguage":"fr-FR","potentialAction":[{"@type":"ReadAction","target":["https:\/\/jarchaespanol.com\/dele\/"]}]},{"@type":"BreadcrumbList","@id":"https:\/\/jarchaespanol.com\/dele\/#breadcrumb","itemListElement":[{"@type":"ListItem","position":1,"name":"Home","item":"https:\/\/jarchaespanol.com\/"},{"@type":"ListItem","position":2,"name":"DELE"}]},{"@type":"WebSite","@id":"https:\/\/jarchaespanol.com\/#website","url":"https:\/\/jarchaespanol.com\/","name":"Jarcha Espa\u00f1ol","description":"Plataforma en l\u00ednea especializada en la comunicaci\u00f3n y en la formaci\u00f3n en espa\u00f1ol. Aprende espa\u00f1ol online.","publisher":{"@id":"https:\/\/jarchaespanol.com\/#organization"},"potentialAction":[{"@type":"SearchAction","target":{"@type":"EntryPoint","urlTemplate":"https:\/\/jarchaespanol.com\/?s={search_term_string}"},"query-input":{"@type":"PropertyValueSpecification","valueRequired":true,"valueName":"search_term_string"}}],"inLanguage":"fr-FR"},{"@type":"Organization","@id":"https:\/\/jarchaespanol.com\/#organization","name":"Jarcha Espa\u00f1ol","url":"https:\/\/jarchaespanol.com\/","logo":{"@type":"ImageObject","inLanguage":"fr-FR","@id":"https:\/\/jarchaespanol.com\/#\/schema\/logo\/image\/","url":"https:\/\/jarchaespanol.com\/wp-content\/uploads\/2022\/03\/logo-factura-2.png","contentUrl":"https:\/\/jarchaespanol.com\/wp-content\/uploads\/2022\/03\/logo-factura-2.png","width":474,"height":177,"caption":"Jarcha Espa\u00f1ol"},"image":{"@id":"https:\/\/jarchaespanol.com\/#\/schema\/logo\/image\/"}}]}},"_links":{"self":[{"href":"https:\/\/jarchaespanol.com\/fr\/wp-json\/wp\/v2\/pages\/14099","targetHints":{"allow":["GET"]}}],"collection":[{"href":"https:\/\/jarchaespanol.com\/fr\/wp-json\/wp\/v2\/pages"}],"about":[{"href":"https:\/\/jarchaespanol.com\/fr\/wp-json\/wp\/v2\/types\/page"}],"author":[{"embeddable":true,"href":"https:\/\/jarchaespanol.com\/fr\/wp-json\/wp\/v2\/users\/1"}],"replies":[{"embeddable":true,"href":"https:\/\/jarchaespanol.com\/fr\/wp-json\/wp\/v2\/comments?post=14099"}],"version-history":[{"count":0,"href":"https:\/\/jarchaespanol.com\/fr\/wp-json\/wp\/v2\/pages\/14099\/revisions"}],"wp:attachment":[{"href":"https:\/\/jarchaespanol.com\/fr\/wp-json\/wp\/v2\/media?parent=14099"}],"curies":[{"name":"wp","href":"https:\/\/api.w.org\/{rel}","templated":true}]}}