{"id":16928,"date":"2022-07-12T04:08:12","date_gmt":"2022-07-12T02:08:12","guid":{"rendered":"https:\/\/jarchaespanol.com\/ccse\/"},"modified":"2025-06-03T19:40:25","modified_gmt":"2025-06-03T17:40:25","slug":"ccse","status":"publish","type":"page","link":"https:\/\/jarchaespanol.com\/fr\/ccse\/","title":{"rendered":"CCSE"},"content":{"rendered":"<p>[vc_row][vc_column css=\u00a0\u00bb.vc_custom_1648122332553{padding-bottom: 15px !important;}\u00a0\u00bb][vc_custom_heading text=\u00a0\u00bbQu\u2019est-ce que le CCSE?\u00a0\u00bb google_fonts=\u00a0\u00bbfont_family:Source%20Sans%20Pro%3A200%2C200italic%2C300%2C300italic%2Cregular%2Citalic%2C600%2C600italic%2C700%2C700italic%2C900%2C900italic|font_style:600%20bold%20regular%3A600%3Anormal\u00a0\u00bb css=\u00a0\u00bb.vc_custom_1748590671329{padding-bottom: 15px !important;}\u00a0\u00bb][vc_column_text css=\u00a0\u00bb.vc_custom_1748590820625{margin-bottom: 15px !important;}\u00a0\u00bb]Le <strong>CCSE<\/strong> (Connaissances Constitutionnelles et Socioculturelles de l\u2019Espagne) est un examen officiel d\u00e9velopp\u00e9 par <strong>l\u2019Institut Cervantes<\/strong>, obligatoire pour ceux qui souhaitent obtenir la <strong>nationalit\u00e9 espagnole<\/strong>.<\/p>\n<p>L\u2019\u00e9preuve \u00e9value les connaissances sur la <strong>Constitution, le gouvernement, la soci\u00e9t\u00e9 et la culture espagnole<\/strong>, garantissant que les candidats comprennent les aspects fondamentaux du pays.<\/p>\n<p><strong>Structure<\/strong>: 25 questions \u00e0 choix multiple et vrai\/faux.<\/p>\n<p><strong>Dur\u00e9e<\/strong>: 45 minutes.<\/p>\n<p><strong>Validation<\/strong>:Un minimum de 15 r\u00e9ponses correctes est requis.<\/p>\n<p><strong>Inscription<\/strong>: Se fait sur le site de <strong>l\u2019Institut Cervantes<\/strong> et permet deux tentatives.<\/p>\n<p>L\u2019examen se d\u00e9roule dans des centres agr\u00e9\u00e9s, et les r\u00e9sultats sont publi\u00e9s environ <strong>20 jours apr\u00e8s<\/strong> l\u2019\u00e9preuve.<\/p>\n<p>Plus d\u2019informations::<strong><span style=\"color: #882437;\"> <a style=\"color: #882437;\" href=\"https:\/\/examenes.cervantes.es\/es\/ccse\/examen\" target=\"_blank\" rel=\"noopener\">https:\/\/examenes.cervantes.es\/es\/ccse\/examen<\/a><\/span>.<\/strong>[\/vc_column_text][vc_empty_space][\/vc_column][\/vc_row][vc_row][vc_column][vc_single_image image=\u00a0\u00bb16994&Prime; img_size=\u00a0\u00bbfull\u00a0\u00bb][\/vc_column][\/vc_row]<\/p>\n","protected":false},"excerpt":{"rendered":"<p>[vc_row][vc_column css=\u00a0\u00bb.vc_custom_1648122332553{padding-bottom: 15px !important;}\u00a0\u00bb][vc_custom_heading text=\u00a0\u00bbQu\u2019est-ce que le CCSE?\u00a0\u00bb google_fonts=\u00a0\u00bbfont_family:Source%20Sans%20Pro%3A200%2C200italic%2C300%2C300italic%2Cregular%2Citalic%2C600%2C600italic%2C700%2C700italic%2C900%2C900italic|font_style:600%20bold%20regular%3A600%3Anormal\u00a0\u00bb css=\u00a0\u00bb.vc_custom_1748590671329{padding-bottom: 15px !important;}\u00a0\u00bb][vc_column_text css=\u00a0\u00bb.vc_custom_1748590820625{margin-bottom: 15px !important;}\u00a0\u00bb]Le CCSE (Connaissances Constitutionnelles et Socioculturelles de l\u2019Espagne) est un examen officiel d\u00e9velopp\u00e9 par l\u2019Institut Cervantes, obligatoire pour ceux qui souhaitent obtenir la nationalit\u00e9 espagnole. L\u2019\u00e9preuve \u00e9value les connaissances sur la Constitution, le gouvernement, la soci\u00e9t\u00e9 et la culture espagnole, garantissant [&hellip;]<\/p>\n","protected":false},"author":1,"featured_media":0,"parent":0,"menu_order":0,"comment_status":"closed","ping_status":"closed","template":"","meta":{"inline_featured_image":false,"_joinchat":[],"footnotes":""},"class_list":["post-16928","page","type-page","status-publish","hentry"],"yoast_head":"<!-- This site is optimized with the Yoast SEO plugin v26.8 - https:\/\/yoast.com\/product\/yoast-seo-wordpress\/ -->\n<title>CCSE | Jarcha Espa\u00f1ol<\/title>\n<meta name=\"description\" content=\"Le CCSE (Connaissances Constitutionnelles et Socioculturelles de l\u2019Espagne) est un examen officiel d\u00e9velopp\u00e9 par l\u2019Institut Cervantes, obligatoire pour ceux qui souhaitent obtenir la nationalit\u00e9 espagnole.\" \/>\n<meta name=\"robots\" content=\"index, follow, max-snippet:-1, max-image-preview:large, max-video-preview:-1\" \/>\n<link rel=\"canonical\" href=\"https:\/\/jarchaespanol.com\/fr\/ccse\/\" \/>\n<meta property=\"og:locale\" content=\"fr_FR\" \/>\n<meta property=\"og:type\" content=\"article\" \/>\n<meta property=\"og:title\" content=\"CCSE | Jarcha Espa\u00f1ol\" \/>\n<meta property=\"og:description\" content=\"Le CCSE (Connaissances Constitutionnelles et Socioculturelles de l\u2019Espagne) est un examen officiel d\u00e9velopp\u00e9 par l\u2019Institut Cervantes, obligatoire pour ceux qui souhaitent obtenir la nationalit\u00e9 espagnole.\" \/>\n<meta property=\"og:url\" content=\"https:\/\/jarchaespanol.com\/ccse\/\" \/>\n<meta property=\"og:site_name\" content=\"Jarcha Espa\u00f1ol\" \/>\n<meta property=\"article:modified_time\" content=\"2025-06-03T17:40:25+00:00\" \/>\n<meta name=\"twitter:card\" content=\"summary_large_image\" \/>\n<script type=\"application\/ld+json\" class=\"yoast-schema-graph\">{\"@context\":\"https:\/\/schema.org\",\"@graph\":[{\"@type\":\"WebPage\",\"@id\":\"https:\/\/jarchaespanol.com\/ccse\/\",\"url\":\"https:\/\/jarchaespanol.com\/ccse\/\",\"name\":\"CCSE | Jarcha Espa\u00f1ol\",\"isPartOf\":{\"@id\":\"https:\/\/jarchaespanol.com\/#website\"},\"datePublished\":\"2022-07-12T02:08:12+00:00\",\"dateModified\":\"2025-06-03T17:40:25+00:00\",\"description\":\"Le CCSE (Connaissances Constitutionnelles et Socioculturelles de l\u2019Espagne) est un examen officiel d\u00e9velopp\u00e9 par l\u2019Institut Cervantes, obligatoire pour ceux qui souhaitent obtenir la nationalit\u00e9 espagnole.\",\"breadcrumb\":{\"@id\":\"https:\/\/jarchaespanol.com\/ccse\/#breadcrumb\"},\"inLanguage\":\"fr-FR\",\"potentialAction\":[{\"@type\":\"ReadAction\",\"target\":[\"https:\/\/jarchaespanol.com\/ccse\/\"]}]},{\"@type\":\"BreadcrumbList\",\"@id\":\"https:\/\/jarchaespanol.com\/ccse\/#breadcrumb\",\"itemListElement\":[{\"@type\":\"ListItem\",\"position\":1,\"name\":\"Home\",\"item\":\"https:\/\/jarchaespanol.com\/\"},{\"@type\":\"ListItem\",\"position\":2,\"name\":\"CCSE\"}]},{\"@type\":\"WebSite\",\"@id\":\"https:\/\/jarchaespanol.com\/#website\",\"url\":\"https:\/\/jarchaespanol.com\/\",\"name\":\"Jarcha Espa\u00f1ol\",\"description\":\"Plataforma en l\u00ednea especializada en la comunicaci\u00f3n y en la formaci\u00f3n en espa\u00f1ol. Aprende espa\u00f1ol online.\",\"publisher\":{\"@id\":\"https:\/\/jarchaespanol.com\/#organization\"},\"potentialAction\":[{\"@type\":\"SearchAction\",\"target\":{\"@type\":\"EntryPoint\",\"urlTemplate\":\"https:\/\/jarchaespanol.com\/?s={search_term_string}\"},\"query-input\":{\"@type\":\"PropertyValueSpecification\",\"valueRequired\":true,\"valueName\":\"search_term_string\"}}],\"inLanguage\":\"fr-FR\"},{\"@type\":\"Organization\",\"@id\":\"https:\/\/jarchaespanol.com\/#organization\",\"name\":\"Jarcha Espa\u00f1ol\",\"url\":\"https:\/\/jarchaespanol.com\/\",\"logo\":{\"@type\":\"ImageObject\",\"inLanguage\":\"fr-FR\",\"@id\":\"https:\/\/jarchaespanol.com\/#\/schema\/logo\/image\/\",\"url\":\"https:\/\/jarchaespanol.com\/wp-content\/uploads\/2022\/03\/logo-factura-2.png\",\"contentUrl\":\"https:\/\/jarchaespanol.com\/wp-content\/uploads\/2022\/03\/logo-factura-2.png\",\"width\":474,\"height\":177,\"caption\":\"Jarcha Espa\u00f1ol\"},\"image\":{\"@id\":\"https:\/\/jarchaespanol.com\/#\/schema\/logo\/image\/\"}}]}<\/script>\n<!-- \/ Yoast SEO plugin. -->","yoast_head_json":{"title":"CCSE | Jarcha Espa\u00f1ol","description":"Le CCSE (Connaissances Constitutionnelles et Socioculturelles de l\u2019Espagne) est un examen officiel d\u00e9velopp\u00e9 par l\u2019Institut Cervantes, obligatoire pour ceux qui souhaitent obtenir la nationalit\u00e9 espagnole.","robots":{"index":"index","follow":"follow","max-snippet":"max-snippet:-1","max-image-preview":"max-image-preview:large","max-video-preview":"max-video-preview:-1"},"canonical":"https:\/\/jarchaespanol.com\/fr\/ccse\/","og_locale":"fr_FR","og_type":"article","og_title":"CCSE | Jarcha Espa\u00f1ol","og_description":"Le CCSE (Connaissances Constitutionnelles et Socioculturelles de l\u2019Espagne) est un examen officiel d\u00e9velopp\u00e9 par l\u2019Institut Cervantes, obligatoire pour ceux qui souhaitent obtenir la nationalit\u00e9 espagnole.","og_url":"https:\/\/jarchaespanol.com\/ccse\/","og_site_name":"Jarcha Espa\u00f1ol","article_modified_time":"2025-06-03T17:40:25+00:00","twitter_card":"summary_large_image","schema":{"@context":"https:\/\/schema.org","@graph":[{"@type":"WebPage","@id":"https:\/\/jarchaespanol.com\/ccse\/","url":"https:\/\/jarchaespanol.com\/ccse\/","name":"CCSE | Jarcha Espa\u00f1ol","isPartOf":{"@id":"https:\/\/jarchaespanol.com\/#website"},"datePublished":"2022-07-12T02:08:12+00:00","dateModified":"2025-06-03T17:40:25+00:00","description":"Le CCSE (Connaissances Constitutionnelles et Socioculturelles de l\u2019Espagne) est un examen officiel d\u00e9velopp\u00e9 par l\u2019Institut Cervantes, obligatoire pour ceux qui souhaitent obtenir la nationalit\u00e9 espagnole.","breadcrumb":{"@id":"https:\/\/jarchaespanol.com\/ccse\/#breadcrumb"},"inLanguage":"fr-FR","potentialAction":[{"@type":"ReadAction","target":["https:\/\/jarchaespanol.com\/ccse\/"]}]},{"@type":"BreadcrumbList","@id":"https:\/\/jarchaespanol.com\/ccse\/#breadcrumb","itemListElement":[{"@type":"ListItem","position":1,"name":"Home","item":"https:\/\/jarchaespanol.com\/"},{"@type":"ListItem","position":2,"name":"CCSE"}]},{"@type":"WebSite","@id":"https:\/\/jarchaespanol.com\/#website","url":"https:\/\/jarchaespanol.com\/","name":"Jarcha Espa\u00f1ol","description":"Plataforma en l\u00ednea especializada en la comunicaci\u00f3n y en la formaci\u00f3n en espa\u00f1ol. Aprende espa\u00f1ol online.","publisher":{"@id":"https:\/\/jarchaespanol.com\/#organization"},"potentialAction":[{"@type":"SearchAction","target":{"@type":"EntryPoint","urlTemplate":"https:\/\/jarchaespanol.com\/?s={search_term_string}"},"query-input":{"@type":"PropertyValueSpecification","valueRequired":true,"valueName":"search_term_string"}}],"inLanguage":"fr-FR"},{"@type":"Organization","@id":"https:\/\/jarchaespanol.com\/#organization","name":"Jarcha Espa\u00f1ol","url":"https:\/\/jarchaespanol.com\/","logo":{"@type":"ImageObject","inLanguage":"fr-FR","@id":"https:\/\/jarchaespanol.com\/#\/schema\/logo\/image\/","url":"https:\/\/jarchaespanol.com\/wp-content\/uploads\/2022\/03\/logo-factura-2.png","contentUrl":"https:\/\/jarchaespanol.com\/wp-content\/uploads\/2022\/03\/logo-factura-2.png","width":474,"height":177,"caption":"Jarcha Espa\u00f1ol"},"image":{"@id":"https:\/\/jarchaespanol.com\/#\/schema\/logo\/image\/"}}]}},"_links":{"self":[{"href":"https:\/\/jarchaespanol.com\/fr\/wp-json\/wp\/v2\/pages\/16928","targetHints":{"allow":["GET"]}}],"collection":[{"href":"https:\/\/jarchaespanol.com\/fr\/wp-json\/wp\/v2\/pages"}],"about":[{"href":"https:\/\/jarchaespanol.com\/fr\/wp-json\/wp\/v2\/types\/page"}],"author":[{"embeddable":true,"href":"https:\/\/jarchaespanol.com\/fr\/wp-json\/wp\/v2\/users\/1"}],"replies":[{"embeddable":true,"href":"https:\/\/jarchaespanol.com\/fr\/wp-json\/wp\/v2\/comments?post=16928"}],"version-history":[{"count":0,"href":"https:\/\/jarchaespanol.com\/fr\/wp-json\/wp\/v2\/pages\/16928\/revisions"}],"wp:attachment":[{"href":"https:\/\/jarchaespanol.com\/fr\/wp-json\/wp\/v2\/media?parent=16928"}],"curies":[{"name":"wp","href":"https:\/\/api.w.org\/{rel}","templated":true}]}}