{"id":5525,"date":"2022-04-07T11:01:53","date_gmt":"2022-04-07T09:01:53","guid":{"rendered":"https:\/\/jarchaespanol.es\/qui-sommes-nous\/"},"modified":"2024-10-23T17:26:04","modified_gmt":"2024-10-23T15:26:04","slug":"qui-sommes-nous","status":"publish","type":"page","link":"https:\/\/jarchaespanol.com\/fr\/qui-sommes-nous\/","title":{"rendered":"Qui sommes-nous"},"content":{"rendered":"<p>[vc_row u_row_style=\u00a0\u00bb0&Prime; u_row_paralax=\u00a0\u00bb0&Prime; u_row_scheme=\u00a0\u00bb0&Prime; css=\u00a0\u00bb.vc_custom_1652260288089{margin-bottom: 0px !important;}\u00a0\u00bb][vc_column css=\u00a0\u00bb.vc_custom_1652260273107{margin-bottom: 0px !important;padding-bottom: 15px !important;}\u00a0\u00bb][vc_custom_heading text=\u00a0\u00bbJarcha Espa\u00f1ol\u00a0\u00bb google_fonts=\u00a0\u00bbfont_family:Source%20Sans%20Pro%3A200%2C200italic%2C300%2C300italic%2Cregular%2Citalic%2C600%2C600italic%2C700%2C700italic%2C900%2C900italic|font_style:600%20bold%20regular%3A600%3Anormal\u00a0\u00bb css=\u00a0\u00bb.vc_custom_1655727209965{padding-bottom: 15px !important;}\u00a0\u00bb][vc_column_text css=\u00a0\u00bb.vc_custom_1712141365876{margin-bottom: 15px !important;}\u00a0\u00bb]<b>Jarcha Espa\u00f1ol<\/b><span style=\"font-weight: 400;\"> est <\/span><b>bien plus qu&rsquo;une \u00e9cole d&rsquo;espagnol:<\/b><span style=\"font-weight: 400;\"> c&rsquo;est un espace d&rsquo;<\/span><b>apprentissage<\/b><span style=\"font-weight: 400;\"> et de <\/span><b>rencontre avec la langue et la culture espagnoles.<\/b><span style=\"font-weight: 400;\"> Notre nom rend hommage aux <\/span><b>jarchas,<\/b><span style=\"font-weight: 400;\"> les premi\u00e8res manifestations litt\u00e9raires en langue romane en Espagne, symbole de l&rsquo;<\/span><b>identit\u00e9 multiculturelle<\/b><span style=\"font-weight: 400;\"> de notre pays et philosophie de notre syst\u00e8me d&rsquo;enseignement.<\/span>[\/vc_column_text][vc_column_text css=\u00a0\u00bb.vc_custom_1712141381716{margin-bottom: 15px !important;}\u00a0\u00bb]<b>Jarcha Espa\u00f1ol<\/b><span style=\"font-weight: 400;\"> s&rsquo;\u00e9tablit donc comme un <\/span><b>centre d&rsquo;enseignement de l&rsquo;espagnol<\/b><span style=\"font-weight: 400;\"> o\u00f9 l&rsquo;apprentissage va au-del\u00e0 de la langue.<\/span>[\/vc_column_text][vc_row_inner][vc_column_inner width=\u00a0\u00bb1\/2&Prime;][vc_single_image image=\u00a0\u00bb3342&Prime; img_size=\u00a0\u00bbfull\u00a0\u00bb alignment=\u00a0\u00bbcenter\u00a0\u00bb css=\u00a0\u00bb.vc_custom_1655978668673{padding-top: 10px !important;}\u00a0\u00bb][\/vc_column_inner][vc_column_inner width=\u00a0\u00bb1\/2&Prime;][\/vc_column_inner][\/vc_row_inner][vc_column_text css=\u00a0\u00bb.vc_custom_1725531385498{padding-bottom: 30px !important;}\u00a0\u00bb]<b>Chez Jarcha Espa\u00f1ol,<\/b><span style=\"font-weight: 400;\"> nous nous adaptons aux besoins et objectifs acad\u00e9miques des \u00e9tudiants avec une approche duale:<\/span><\/p>\n<ul>\n<li style=\"font-weight: 400;\" aria-level=\"1\"><b>Modalit\u00e9 en ligne: <\/b><span style=\"font-weight: 400;\">permet l&rsquo;autogestion de l&rsquo;apprentissage selon leur disponibilit\u00e9 et leur offre une exp\u00e9rience \u00e9ducative confortable et flexible.<\/span><\/li>\n<li style=\"font-weight: 400;\" aria-level=\"1\"><b>Modalit\u00e9 en pr\u00e9sentiel:<\/b><span style=\"font-weight: 400;\"> avec une programmation didactique et des activit\u00e9s parascolaires personnalis\u00e9es, qui favorisent un apprentissage significatif et un d\u00e9veloppement personnel, en plus d&rsquo;encourager l&rsquo;interaction avec l&rsquo;environnement et entre les participants.<\/span><\/li>\n<\/ul>\n<p>[\/vc_column_text][\/vc_column][\/vc_row][vc_row][vc_column][vc_custom_heading text=\u00a0\u00bbAna Ghersi Fenor\u00a0\u00bb google_fonts=\u00a0\u00bbfont_family:Source%20Sans%20Pro%3A200%2C200italic%2C300%2C300italic%2Cregular%2Citalic%2C600%2C600italic%2C700%2C700italic%2C900%2C900italic|font_style:600%20bold%20regular%3A600%3Anormal\u00a0\u00bb css=\u00a0\u00bb.vc_custom_1652260449052{padding-bottom: 15px !important;}\u00a0\u00bb][vc_row_inner][vc_column_inner width=\u00a0\u00bb1\/2&Prime;][vc_single_image image=\u00a0\u00bb3633&Prime; img_size=\u00a0\u00bbfull\u00a0\u00bb add_caption=\u00a0\u00bbyes\u00a0\u00bb css=\u00a0\u00bb.vc_custom_1670592815673{padding-top: 10px !important;}\u00a0\u00bb][\/vc_column_inner][vc_column_inner width=\u00a0\u00bb1\/2&Prime;][vc_column_text css=\u00a0\u00bb.vc_custom_1712141653873{margin-bottom: 9px !important;}\u00a0\u00bb]<span style=\"font-weight: 400;\">Elle est la voix derri\u00e8re <\/span><b>Jarcha Espa\u00f1ol.<\/b><span style=\"font-weight: 400;\"> Philologue et enseignante passionn\u00e9e de langue et litt\u00e9rature espagnoles, ainsi que d&rsquo;espagnol comme langue \u00e9trang\u00e8re, elle dirige <\/span><b>Jarcha Espa\u00f1ol<\/b><span style=\"font-weight: 400;\"> depuis 2021.<\/span>[\/vc_column_text][vc_column_text css=\u00a0\u00bb.vc_custom_1712141475535{margin-bottom: 9px !important;}\u00a0\u00bb]<span style=\"font-weight: 400;\">Son amour pour les lettres l&rsquo;a conduite \u00e0 fonder la Asociaci\u00f3n de Escritores de Vigo Haberlos, haylos en 2017, o\u00f9 elle dispense des formations et des ateliers d&rsquo;\u00e9criture, en plus d&rsquo;\u00eatre l&rsquo;auteure de contes, de micro-r\u00e9cits et d&rsquo;un roman.<\/span>[\/vc_column_text][\/vc_column_inner][\/vc_row_inner][\/vc_column][\/vc_row][vc_row][vc_column css=\u00a0\u00bb.vc_custom_1648120674462{padding-bottom: 15px !important;}\u00a0\u00bb][vc_custom_heading text=\u00a0\u00bbNotre exp\u00e9rience\u00a0\u00bb google_fonts=\u00a0\u00bbfont_family:Source%20Sans%20Pro%3A200%2C200italic%2C300%2C300italic%2Cregular%2Citalic%2C600%2C600italic%2C700%2C700italic%2C900%2C900italic|font_style:600%20bold%20regular%3A600%3Anormal\u00a0\u00bb][vc_column_text css=\u00a0\u00bb.vc_custom_1712142967266{padding-bottom: 30px !important;}\u00a0\u00bb]<span style=\"font-weight: 400;\">Chez <\/span><b>Jarcha Espa\u00f1ol,<\/b><span style=\"font-weight: 400;\"> nous nous consacrons \u00e0 l&rsquo;enseignement complet de la langue espagnole, en accueillant des \u00e9tudiants de tous \u00e2ges et profils. En 2020, la pand\u00e9mie nous a incit\u00e9s \u00e0 nous d\u00e9velopper dans la <\/span><a href=\"https:\/\/jarchaespanol.com\/fr\/espanol-online\/\"><b>formation en ligne<\/b><\/a><span style=\"font-weight: 400;\">, une transition qui nous a permis de cro\u00eetre et d&rsquo;\u00e9largir notre offre \u00e9ducative.<\/span><\/p>\n<p><span style=\"font-weight: 400;\">Actuellement, nous compl\u00e9tons nos cours virtuels, accessibles de n&rsquo;importe o\u00f9 dans le monde, avec des <\/span><a href=\"https:\/\/jarchaespanol.com\/fr\/espagnol-en-immersion-linguistique\/\"><b>cours d&rsquo;immersion linguistique<\/b><\/a><span style=\"font-weight: 400;\"> et des <\/span><a href=\"https:\/\/jarchaespanol.com\/fr\/espagnol-en-presentiel-pour-groupes\/\"><b>sessions en pr\u00e9sentiel pour les groupes<\/b><\/a><span style=\"font-weight: 400;\">, qui facilitent l&rsquo;acc\u00e8s \u00e0 l&rsquo;apprentissage in situ de la langue et \u00e0 l&rsquo;immersion dans les aspects sociaux et culturels de la vie en Espagne. Guid\u00e9s par des experts dans diverses disciplines, nos \u00e9tudiants s&rsquo;approchent de l&rsquo;essence d&rsquo;un pays connu pour sa diversit\u00e9 culturelle historique.<\/span>[\/vc_column_text][vc_custom_heading text=\u00a0\u00bbVigo : notre foyer et source d&rsquo;inspiration\u00a0\u00bb google_fonts=\u00a0\u00bbfont_family:Source%20Sans%20Pro%3A200%2C200italic%2C300%2C300italic%2Cregular%2Citalic%2C600%2C600italic%2C700%2C700italic%2C900%2C900italic|font_style:600%20bold%20regular%3A600%3Anormal\u00a0\u00bb][vc_column_text css=\u00a0\u00bb.vc_custom_1712141554884{padding-bottom: 30px !important;}\u00a0\u00bb]<span style=\"font-weight: 400;\">Nous menons notre activit\u00e9 \u00e0 <\/span><b>Vigo,<\/b><span style=\"font-weight: 400;\"> la plus grande ville de Galice, sur les rives de l&rsquo;Atlantique. Connue pour son impressionnant port, l&rsquo;un des plus remarquables au monde, Vigo est un centre n\u00e9vralgique de l&rsquo;industrie navale, de la p\u00eache et de la conserve qui refl\u00e8te le dynamisme et l&rsquo;esprit innovateur que nous cherchons \u00e9galement \u00e0 transmettre dans notre enseignement.<\/span>[\/vc_column_text][vc_custom_heading text=\u00a0\u00bbNotre mission\u00a0\u00bb google_fonts=\u00a0\u00bbfont_family:Source%20Sans%20Pro%3A200%2C200italic%2C300%2C300italic%2Cregular%2Citalic%2C600%2C600italic%2C700%2C700italic%2C900%2C900italic|font_style:600%20bold%20regular%3A600%3Anormal\u00a0\u00bb][vc_column_text css=\u00a0\u00bb.vc_custom_1712141571802{padding-bottom: 30px !important;}\u00a0\u00bb]<span style=\"font-weight: 400;\">Offrir une formation de qualit\u00e9, adapt\u00e9e aux objectifs \u00e9ducatifs de nos \u00e9tudiants, qui renforce leur d\u00e9veloppement personnel et professionnel et ouvre des voies vers de nouvelles formes de loisirs et de tourisme culturel.<\/span>[\/vc_column_text][vc_custom_heading text=\u00a0\u00bbNotre vision\u00a0\u00bb google_fonts=\u00a0\u00bbfont_family:Source%20Sans%20Pro%3A200%2C200italic%2C300%2C300italic%2Cregular%2Citalic%2C600%2C600italic%2C700%2C700italic%2C900%2C900italic|font_style:600%20bold%20regular%3A600%3Anormal\u00a0\u00bb][vc_column_text css=\u00a0\u00bb.vc_custom_1712141600444{padding-bottom: 30px !important;}\u00a0\u00bb]<span style=\"font-weight: 400;\">Devenir une r\u00e9f\u00e9rence dans l&rsquo;enseignement de l&rsquo;espagnol, en int\u00e9grant les exp\u00e9riences \u00e9ducatives en ligne et en pr\u00e9sentiel, afin que nos \u00e9tudiants ma\u00eetrisent non seulement la langue mais s&rsquo;engagent \u00e9galement activement dans la vie et la culture espagnoles.<\/span><\/p>\n<p><span style=\"font-weight: 400;\">Nous aspirons \u00e0 \u00eatre une institution leader dans notre secteur qui, gr\u00e2ce \u00e0 l&rsquo;innovation et \u00e0 l&rsquo;excellence \u00e9ducative, forme des <\/span><b>citoyens du monde<\/b><span style=\"font-weight: 400;\"> pr\u00eats \u00e0 communiquer en toute s\u00e9curit\u00e9 et \u00e0 agir avec tol\u00e9rance et justice dans un monde interconnect\u00e9.<\/span>[\/vc_column_text][\/vc_column][\/vc_row][vc_row][vc_column css=\u00a0\u00bb.vc_custom_1648120533019{padding-bottom: 15px !important;}\u00a0\u00bb][vc_custom_heading text=\u00a0\u00bbGalerie de photos\u00a0\u00bb google_fonts=\u00a0\u00bbfont_family:Source%20Sans%20Pro%3A200%2C200italic%2C300%2C300italic%2Cregular%2Citalic%2C600%2C600italic%2C700%2C700italic%2C900%2C900italic|font_style:600%20bold%20regular%3A600%3Anormal\u00a0\u00bb css=\u00a0\u00bb.vc_custom_1648475657678{padding-bottom: 15px !important;}\u00a0\u00bb][vc_gallery type=\u00a0\u00bbflexslider_slide\u00a0\u00bb interval=\u00a0\u00bb3&Prime; images=\u00a0\u00bb3323,3324,3325,3326,3327,3328,3329,3330,3331,3332,3334,3335,3336,3337,3338,3965&Prime; img_size=\u00a0\u00bb650&#215;400&Prime;][\/vc_column][\/vc_row][vc_row u_row_style=\u00a0\u00bb0&Prime; u_row_paralax=\u00a0\u00bb0&Prime; u_row_scheme=\u00a0\u00bb0&Prime; css=\u00a0\u00bb.vc_custom_1648038679961{margin-top: 0px !important;margin-bottom: 30px !important;padding-top: 20px !important;padding-bottom: 10px !important;background-color: #e9edf1 !important;}\u00a0\u00bb][vc_column width=\u00a0\u00bb2\/3&Prime; css=\u00a0\u00bb.vc_custom_1648118361858{padding-top: 0px !important;}\u00a0\u00bb el_class=\u00a0\u00bbno-margin-bottom-mobile\u00a0\u00bb][vc_single_image image=\u00a0\u00bb3310&Prime; img_size=\u00a0\u00bbfull\u00a0\u00bb alignment=\u00a0\u00bbcenter\u00a0\u00bb css_animation=\u00a0\u00bbbottom-to-top\u00a0\u00bb css=\u00a0\u00bb.vc_custom_1648117939977{border-top-width: 0px !important;border-bottom-width: 0px !important;padding-top: 0px !important;padding-bottom: 0px !important;}\u00a0\u00bb][\/vc_column][vc_column width=\u00a0\u00bb1\/3&Prime; css=\u00a0\u00bb.vc_custom_1648118147712{padding-top: 0px !important;}\u00a0\u00bb][vc_column_text css=\u00a0\u00bb.vc_custom_1659948028778{margin-bottom: 5px !important;padding-top: 0px !important;padding-bottom: 0px !important;}\u00a0\u00bb]<span style=\"font-weight: 400;\">Si vous voulez nous conna\u00eetre un peu plus, visitez notre Facebook<\/span>[\/vc_column_text]    \t<a class=\"btn button-56213 btn-primary \" href=\"https:\/\/www.facebook.com\/haberloshaylosenvigo\" data-delay=0  target=\"_blank\" >\r\n        <i class=\"fa fa-arrow-right\"><\/i>&nbsp;&nbsp;FACEBOOK        <\/a>\r\n        \t\t\t<style scoped=\"scoped\">\r\n\t\t\t\t.button-56213{\r\n\t\t\t\t\t\t\t\t\t\tbackground-color: #2a89dd;\r\n\t\t\t\t\t\t\t\t\t\tborder-color: #2a89dd\t\t\t\t}\r\n\t\t\t<\/style>\r\n\t\t[\/vc_column][\/vc_row][vc_row][vc_column][\/vc_column][\/vc_row]<\/p>\n","protected":false},"excerpt":{"rendered":"<p>[vc_row u_row_style=\u00a0\u00bb0&Prime; u_row_paralax=\u00a0\u00bb0&Prime; u_row_scheme=\u00a0\u00bb0&Prime; css=\u00a0\u00bb.vc_custom_1652260288089{margin-bottom: 0px !important;}\u00a0\u00bb][vc_column css=\u00a0\u00bb.vc_custom_1652260273107{margin-bottom: 0px !important;padding-bottom: 15px !important;}\u00a0\u00bb][vc_custom_heading text=\u00a0\u00bbJarcha Espa\u00f1ol\u00a0\u00bb google_fonts=\u00a0\u00bbfont_family:Source%20Sans%20Pro%3A200%2C200italic%2C300%2C300italic%2Cregular%2Citalic%2C600%2C600italic%2C700%2C700italic%2C900%2C900italic|font_style:600%20bold%20regular%3A600%3Anormal\u00a0\u00bb css=\u00a0\u00bb.vc_custom_1655727209965{padding-bottom: 15px !important;}\u00a0\u00bb][vc_column_text css=\u00a0\u00bb.vc_custom_1712141365876{margin-bottom: 15px !important;}\u00a0\u00bb]Jarcha Espa\u00f1ol est bien plus qu&rsquo;une \u00e9cole d&rsquo;espagnol: c&rsquo;est un espace d&rsquo;apprentissage et de rencontre avec la langue et la culture espagnoles. Notre nom rend hommage aux jarchas, les premi\u00e8res manifestations litt\u00e9raires en langue romane [&hellip;]<\/p>\n","protected":false},"author":1,"featured_media":0,"parent":0,"menu_order":0,"comment_status":"closed","ping_status":"closed","template":"","meta":{"inline_featured_image":false,"_joinchat":[],"footnotes":""},"class_list":["post-5525","page","type-page","status-publish","hentry"],"yoast_head":"<!-- This site is optimized with the Yoast SEO plugin v26.8 - https:\/\/yoast.com\/product\/yoast-seo-wordpress\/ -->\n<title>Qu&#039;est-ce que Jarcha Espa\u00f1ol - Jarcha Espa\u00f1ol<\/title>\n<meta name=\"description\" content=\"Qu&#039;est-ce que Jarcha Espa\u00f1ol ? Informations sur qui nous sommes, les professeurs de Jarcha. Apprenez l&#039;espagnol en ligne. Cours particuliers de soutien.\" \/>\n<meta name=\"robots\" content=\"index, follow, max-snippet:-1, max-image-preview:large, max-video-preview:-1\" \/>\n<link rel=\"canonical\" href=\"https:\/\/jarchaespanol.com\/fr\/qui-sommes-nous\/\" \/>\n<meta property=\"og:locale\" content=\"fr_FR\" \/>\n<meta property=\"og:type\" content=\"article\" \/>\n<meta property=\"og:title\" content=\"Qu&#039;est-ce que Jarcha Espa\u00f1ol - Jarcha Espa\u00f1ol\" \/>\n<meta property=\"og:description\" content=\"Qu&#039;est-ce que Jarcha Espa\u00f1ol ? Informations sur qui nous sommes, les professeurs de Jarcha. Apprenez l&#039;espagnol en ligne. Cours particuliers de soutien.\" \/>\n<meta property=\"og:url\" content=\"https:\/\/jarchaespanol.com\/que-es-jarcha-espanol\/\" \/>\n<meta property=\"og:site_name\" content=\"Jarcha Espa\u00f1ol\" \/>\n<meta property=\"article:modified_time\" content=\"2024-10-23T15:26:04+00:00\" \/>\n<meta name=\"twitter:card\" content=\"summary_large_image\" \/>\n<script type=\"application\/ld+json\" class=\"yoast-schema-graph\">{\"@context\":\"https:\/\/schema.org\",\"@graph\":[{\"@type\":\"WebPage\",\"@id\":\"https:\/\/jarchaespanol.com\/que-es-jarcha-espanol\/\",\"url\":\"https:\/\/jarchaespanol.com\/que-es-jarcha-espanol\/\",\"name\":\"Qu'est-ce que Jarcha Espa\u00f1ol - Jarcha Espa\u00f1ol\",\"isPartOf\":{\"@id\":\"https:\/\/jarchaespanol.com\/#website\"},\"datePublished\":\"2022-04-07T09:01:53+00:00\",\"dateModified\":\"2024-10-23T15:26:04+00:00\",\"description\":\"Qu'est-ce que Jarcha Espa\u00f1ol ? Informations sur qui nous sommes, les professeurs de Jarcha. Apprenez l'espagnol en ligne. Cours particuliers de soutien.\",\"breadcrumb\":{\"@id\":\"https:\/\/jarchaespanol.com\/que-es-jarcha-espanol\/#breadcrumb\"},\"inLanguage\":\"fr-FR\",\"potentialAction\":[{\"@type\":\"ReadAction\",\"target\":[\"https:\/\/jarchaespanol.com\/que-es-jarcha-espanol\/\"]}]},{\"@type\":\"BreadcrumbList\",\"@id\":\"https:\/\/jarchaespanol.com\/que-es-jarcha-espanol\/#breadcrumb\",\"itemListElement\":[{\"@type\":\"ListItem\",\"position\":1,\"name\":\"Home\",\"item\":\"https:\/\/jarchaespanol.com\/\"},{\"@type\":\"ListItem\",\"position\":2,\"name\":\"Qui sommes-nous\"}]},{\"@type\":\"WebSite\",\"@id\":\"https:\/\/jarchaespanol.com\/#website\",\"url\":\"https:\/\/jarchaespanol.com\/\",\"name\":\"Jarcha Espa\u00f1ol\",\"description\":\"Plataforma en l\u00ednea especializada en la comunicaci\u00f3n y en la formaci\u00f3n en espa\u00f1ol. Aprende espa\u00f1ol online.\",\"publisher\":{\"@id\":\"https:\/\/jarchaespanol.com\/#organization\"},\"potentialAction\":[{\"@type\":\"SearchAction\",\"target\":{\"@type\":\"EntryPoint\",\"urlTemplate\":\"https:\/\/jarchaespanol.com\/?s={search_term_string}\"},\"query-input\":{\"@type\":\"PropertyValueSpecification\",\"valueRequired\":true,\"valueName\":\"search_term_string\"}}],\"inLanguage\":\"fr-FR\"},{\"@type\":\"Organization\",\"@id\":\"https:\/\/jarchaespanol.com\/#organization\",\"name\":\"Jarcha Espa\u00f1ol\",\"url\":\"https:\/\/jarchaespanol.com\/\",\"logo\":{\"@type\":\"ImageObject\",\"inLanguage\":\"fr-FR\",\"@id\":\"https:\/\/jarchaespanol.com\/#\/schema\/logo\/image\/\",\"url\":\"https:\/\/jarchaespanol.com\/wp-content\/uploads\/2022\/03\/logo-factura-2.png\",\"contentUrl\":\"https:\/\/jarchaespanol.com\/wp-content\/uploads\/2022\/03\/logo-factura-2.png\",\"width\":474,\"height\":177,\"caption\":\"Jarcha Espa\u00f1ol\"},\"image\":{\"@id\":\"https:\/\/jarchaespanol.com\/#\/schema\/logo\/image\/\"}}]}<\/script>\n<!-- \/ Yoast SEO plugin. -->","yoast_head_json":{"title":"Qu'est-ce que Jarcha Espa\u00f1ol - Jarcha Espa\u00f1ol","description":"Qu'est-ce que Jarcha Espa\u00f1ol ? Informations sur qui nous sommes, les professeurs de Jarcha. Apprenez l'espagnol en ligne. Cours particuliers de soutien.","robots":{"index":"index","follow":"follow","max-snippet":"max-snippet:-1","max-image-preview":"max-image-preview:large","max-video-preview":"max-video-preview:-1"},"canonical":"https:\/\/jarchaespanol.com\/fr\/qui-sommes-nous\/","og_locale":"fr_FR","og_type":"article","og_title":"Qu'est-ce que Jarcha Espa\u00f1ol - Jarcha Espa\u00f1ol","og_description":"Qu'est-ce que Jarcha Espa\u00f1ol ? Informations sur qui nous sommes, les professeurs de Jarcha. Apprenez l'espagnol en ligne. Cours particuliers de soutien.","og_url":"https:\/\/jarchaespanol.com\/que-es-jarcha-espanol\/","og_site_name":"Jarcha Espa\u00f1ol","article_modified_time":"2024-10-23T15:26:04+00:00","twitter_card":"summary_large_image","schema":{"@context":"https:\/\/schema.org","@graph":[{"@type":"WebPage","@id":"https:\/\/jarchaespanol.com\/que-es-jarcha-espanol\/","url":"https:\/\/jarchaespanol.com\/que-es-jarcha-espanol\/","name":"Qu'est-ce que Jarcha Espa\u00f1ol - Jarcha Espa\u00f1ol","isPartOf":{"@id":"https:\/\/jarchaespanol.com\/#website"},"datePublished":"2022-04-07T09:01:53+00:00","dateModified":"2024-10-23T15:26:04+00:00","description":"Qu'est-ce que Jarcha Espa\u00f1ol ? Informations sur qui nous sommes, les professeurs de Jarcha. Apprenez l'espagnol en ligne. Cours particuliers de soutien.","breadcrumb":{"@id":"https:\/\/jarchaespanol.com\/que-es-jarcha-espanol\/#breadcrumb"},"inLanguage":"fr-FR","potentialAction":[{"@type":"ReadAction","target":["https:\/\/jarchaespanol.com\/que-es-jarcha-espanol\/"]}]},{"@type":"BreadcrumbList","@id":"https:\/\/jarchaespanol.com\/que-es-jarcha-espanol\/#breadcrumb","itemListElement":[{"@type":"ListItem","position":1,"name":"Home","item":"https:\/\/jarchaespanol.com\/"},{"@type":"ListItem","position":2,"name":"Qui sommes-nous"}]},{"@type":"WebSite","@id":"https:\/\/jarchaespanol.com\/#website","url":"https:\/\/jarchaespanol.com\/","name":"Jarcha Espa\u00f1ol","description":"Plataforma en l\u00ednea especializada en la comunicaci\u00f3n y en la formaci\u00f3n en espa\u00f1ol. Aprende espa\u00f1ol online.","publisher":{"@id":"https:\/\/jarchaespanol.com\/#organization"},"potentialAction":[{"@type":"SearchAction","target":{"@type":"EntryPoint","urlTemplate":"https:\/\/jarchaespanol.com\/?s={search_term_string}"},"query-input":{"@type":"PropertyValueSpecification","valueRequired":true,"valueName":"search_term_string"}}],"inLanguage":"fr-FR"},{"@type":"Organization","@id":"https:\/\/jarchaespanol.com\/#organization","name":"Jarcha Espa\u00f1ol","url":"https:\/\/jarchaespanol.com\/","logo":{"@type":"ImageObject","inLanguage":"fr-FR","@id":"https:\/\/jarchaespanol.com\/#\/schema\/logo\/image\/","url":"https:\/\/jarchaespanol.com\/wp-content\/uploads\/2022\/03\/logo-factura-2.png","contentUrl":"https:\/\/jarchaespanol.com\/wp-content\/uploads\/2022\/03\/logo-factura-2.png","width":474,"height":177,"caption":"Jarcha Espa\u00f1ol"},"image":{"@id":"https:\/\/jarchaespanol.com\/#\/schema\/logo\/image\/"}}]}},"_links":{"self":[{"href":"https:\/\/jarchaespanol.com\/fr\/wp-json\/wp\/v2\/pages\/5525","targetHints":{"allow":["GET"]}}],"collection":[{"href":"https:\/\/jarchaespanol.com\/fr\/wp-json\/wp\/v2\/pages"}],"about":[{"href":"https:\/\/jarchaespanol.com\/fr\/wp-json\/wp\/v2\/types\/page"}],"author":[{"embeddable":true,"href":"https:\/\/jarchaespanol.com\/fr\/wp-json\/wp\/v2\/users\/1"}],"replies":[{"embeddable":true,"href":"https:\/\/jarchaespanol.com\/fr\/wp-json\/wp\/v2\/comments?post=5525"}],"version-history":[{"count":0,"href":"https:\/\/jarchaespanol.com\/fr\/wp-json\/wp\/v2\/pages\/5525\/revisions"}],"wp:attachment":[{"href":"https:\/\/jarchaespanol.com\/fr\/wp-json\/wp\/v2\/media?parent=5525"}],"curies":[{"name":"wp","href":"https:\/\/api.w.org\/{rel}","templated":true}]}}