{"id":5532,"date":"2022-03-24T15:46:57","date_gmt":"2022-03-24T14:46:57","guid":{"rendered":"https:\/\/jarchaespanol.es\/politique-en-matiere-de-cookies\/"},"modified":"2023-06-27T14:21:17","modified_gmt":"2023-06-27T12:21:17","slug":"politique-en-matiere-de-cookies","status":"publish","type":"page","link":"https:\/\/jarchaespanol.com\/fr\/politique-en-matiere-de-cookies\/","title":{"rendered":"Politique en mati\u00e8re de <i>cookies<\/i>"},"content":{"rendered":"<p>[vc_row][vc_column][vc_column_text]<span style=\"font-weight: 400;\">Conform\u00e9ment \u00e0 l\u2019article 22 de la loi 34\/2002 du 11\u00a0juillet sur les Services de la Soci\u00e9t\u00e9 de l\u2019 Information et le Commerce \u00c9lectronique (LSSI), en liaison avec le R\u00e8glement (UE) 2016\/679 du Parlement europ\u00e9en et du Conseil du 27\u00a0avril\u00a02016, G\u00e9n\u00e9ral de Protection des Donn\u00e9es (RGPD) et la Loi Organique 3\/2018, du 5\u00a0d\u00e9cembre, de Protection des Donn\u00e9es et garantie des droits num\u00e9riques (LOPDGDD), le titulaire met \u00e0 disposition des utilisateurs la Politique de collecte et de traitement des cookies du site web.<\/span><\/p>\n<p>&nbsp;<\/p>\n<h2><span style=\"font-weight: 400;\">Que sont les <\/span><i><span style=\"font-weight: 400;\">cookies<\/span><\/i><\/h2>\n<p><span style=\"font-weight: 400;\">Un <\/span><i><span style=\"font-weight: 400;\">cookie<\/span><\/i><span style=\"font-weight: 400;\"> est un fichier qui est t\u00e9l\u00e9charg\u00e9 sur votre ordinateur lorsque vous acc\u00e9dez \u00e0 certaines pages web. Les <\/span><i><span style=\"font-weight: 400;\">cookies<\/span><\/i><span style=\"font-weight: 400;\"> permettent \u00e0 un site web, entre autres, de stocker et de r\u00e9cup\u00e9rer des informations sur vos habitudes de navigation et selon les informations qu\u2019ils contiennent et la fa\u00e7on dont vous utilisez votre ordinateur, ils peuvent \u00eatre utilis\u00e9s pour vous identifier.<\/span><\/p>\n<p>&nbsp;<\/p>\n<h2><i><span style=\"font-weight: 400;\">Cookies<\/span><\/i><span style=\"font-weight: 400;\"> utilis\u00e9s sur le site web<\/span><\/h2>\n<p><span style=\"font-weight: 400;\">Les <\/span><i><span style=\"font-weight: 400;\">cookies<\/span><\/i><span style=\"font-weight: 400;\"> utilis\u00e9s par le site https:\/\/jarchaespanol.com sont class\u00e9s ci-dessous\u00a0<\/span><\/p>\n<p><b>Selon l\u2019entit\u00e9 qui les g\u00e8re<\/b><\/p>\n<ul>\n<li style=\"font-weight: 400;\" aria-level=\"1\"><i><span style=\"font-weight: 400;\">Cookies<\/span><\/i><span style=\"font-weight: 400;\"> propres\u00a0: sont ceux envoy\u00e9s et g\u00e9r\u00e9s directement par le titulaire<\/span><\/li>\n<li style=\"font-weight: 400;\" aria-level=\"1\"><i><span style=\"font-weight: 400;\">Cookies <\/span><\/i><span style=\"font-weight: 400;\">de tiers\u00a0: sont ceux qui sont envoy\u00e9s \u00e0 l\u2019utilisateur \u00e0 partir d\u2019un domaine \u00e9tranger au propri\u00e9taire<\/span><\/li>\n<\/ul>\n<p>&nbsp;<\/p>\n<p><b>Selon sa finalit\u00e9<\/b><\/p>\n<ul>\n<li style=\"font-weight: 400;\" aria-level=\"1\"><span style=\"font-weight: 400;\">Les <\/span><i><span style=\"font-weight: 400;\">cookies<\/span><\/i><span style=\"font-weight: 400;\"> techniques sont ceux qui permettent aux utilisateurs enregistr\u00e9s de naviguer sur le site web, dans la zone restreinte et d\u2019utiliser ses diff\u00e9rentes fonctions, telles que le syst\u00e8me de commentaires ou le moteur de recherche.<\/span><\/li>\n<li style=\"font-weight: 400;\" aria-level=\"1\"><i><span style=\"font-weight: 400;\">Cookies <\/span><\/i><span style=\"font-weight: 400;\">de personnalisation: sont ceux qui permettent aux utilisateurs d\u2019acc\u00e9der au service avec certaines caract\u00e9ristiques g\u00e9n\u00e9rales pr\u00e9d\u00e9finies en fonction d\u2019une s\u00e9rie de crit\u00e8res d\u00e9finis par l\u2019utilisateur comme, par exemple, la langue ou le type de navigateur par lequel vous vous connectez \u00e0 ce site web.<\/span><\/li>\n<li style=\"font-weight: 400;\" aria-level=\"1\"><i><span style=\"font-weight: 400;\">Cookies<\/span><\/i><span style=\"font-weight: 400;\"> d\u2019analyse ou de mesure: sont ceux qui, bien trait\u00e9s par le site web ou par des tiers, permettent de quantifier le nombre d\u2019utilisateurs et ainsi de r\u00e9aliser la mesure et l\u2019analyse statistique de l\u2019utilisation faite par les utilisateurs du site web. Pour ce faire, nous analysons la navigation qu\u2019ils effectuent sur ce site, afin de l\u2019am\u00e9liorer.<\/span><\/li>\n<\/ul>\n<p><b>Selon sa dur\u00e9e<\/b><\/p>\n<ul>\n<li style=\"font-weight: 400;\" aria-level=\"1\"><i><span style=\"font-weight: 400;\">Cookies<\/span><\/i><span style=\"font-weight: 400;\"> de session\u00a0: <\/span><i><span style=\"font-weight: 400;\">cookies<\/span><\/i><span style=\"font-weight: 400;\"> con\u00e7us pour collecter et stocker des donn\u00e9es lorsque l\u2019utilisateur acc\u00e8de au site web.<\/span><\/li>\n<li style=\"font-weight: 400;\" aria-level=\"1\"><span style=\"font-weight: 400;\">Les <\/span><i><span style=\"font-weight: 400;\">cookies<\/span><\/i><span style=\"font-weight: 400;\"> persistants sont ceux dans lesquels les donn\u00e9es sont toujours stock\u00e9es sur le terminal de l\u2019utilisateur et peuvent \u00eatre consult\u00e9s et trait\u00e9s pendant une p\u00e9riode d\u00e9finie par le responsable du <\/span><i><span style=\"font-weight: 400;\">cookie<\/span><\/i><span style=\"font-weight: 400;\">.<\/span><\/li>\n<\/ul>\n<p>&nbsp;<\/p>\n<h2><span style=\"font-weight: 400;\">Liste des <\/span><i><span style=\"font-weight: 400;\">cookies<\/span><\/i><span style=\"font-weight: 400;\"> utilis\u00e9s<\/span><\/h2>\n<p><span style=\"font-weight: 400;\">Ce site web peut installer les <\/span><i><span style=\"font-weight: 400;\">cookies<\/span><\/i><span style=\"font-weight: 400;\"> suivants\u00a0:<\/span><\/p>\n<p><b><i>Cookies<\/i><\/b><b> techniques<\/b><\/p>\n<ul>\n<li style=\"font-weight: 400;\" aria-level=\"1\"><b>wp-settings-{user_id<\/b><span style=\"font-weight: 400;\">}: <\/span><i><span style=\"font-weight: 400;\">cookie<\/span><\/i><span style=\"font-weight: 400;\"> technique utilis\u00e9 pour maintenir les param\u00e8tres de l\u2019Utilisateur sur le bureau WordPress ( \/wp-admin). Il est persistant et dure 1 an.<\/span><\/li>\n<li style=\"font-weight: 400;\" aria-level=\"1\"><b>hasConsent<\/b><span style=\"font-weight: 400;\">: <\/span><i><span style=\"font-weight: 400;\">cookie<\/span><\/i><span style=\"font-weight: 400;\"> technique qui stocke le consentement de l\u2019utilisateur. Il est persistant et dure 1 an.<\/span><\/li>\n<\/ul>\n<p><b><i>Cookies <\/i><\/b><b>d\u2019analyse ou de mesure<\/b><\/p>\n<p><b>_ <\/b><b>ga<\/b><span style=\"font-weight: 400;\">: <\/span><i><span style=\"font-weight: 400;\">cookie<\/span><\/i><span style=\"font-weight: 400;\"> analytique qui active la fonction de contr\u00f4le des visites uniques. Il est persistant et dure 2 ans.<\/span><\/p>\n<p><b>_Gat<\/b><span style=\"font-weight: 400;\">: <\/span><i><span style=\"font-weight: 400;\">cookie<\/span><\/i><span style=\"font-weight: 400;\"> analytique pour limiter le nombre de demandes. Son champ d\u2019application est la session et dure 1 minute.<\/span><\/p>\n<p><b>_gid<\/b><span style=\"font-weight: 400;\">: <\/span><i><span style=\"font-weight: 400;\">cookie<\/span><\/i><span style=\"font-weight: 400;\"> analytique pour distinguer les utilisateurs. Son champ d\u2019application est la session et dure 24 heures.<\/span><\/p>\n<p><span style=\"font-weight: 400;\">Autres informations<\/span><\/p>\n<ul>\n<li style=\"font-weight: 400;\" aria-level=\"1\"><span style=\"font-weight: 400;\">Google Analytics peut installer d\u2019autres <\/span><i><span style=\"font-weight: 400;\">cookies<\/span><\/i><span style=\"font-weight: 400;\"> selon le document Utilisation des <\/span><i><span style=\"font-weight: 400;\">cookies<\/span><\/i><span style=\"font-weight: 400;\"> Google Analytics sur les sites web que vous pouvez consulter sur <\/span><span style=\"font-weight: 400;\">ce lien<\/span><span style=\"font-weight: 400;\">.<\/span><\/li>\n<\/ul>\n<p>&nbsp;<\/p>\n<h2><span style=\"font-weight: 400;\">Acceptation ou refus de l\u2019installation de <\/span><i><span style=\"font-weight: 400;\">cookies<\/span><\/i><\/h2>\n<p><span style=\"font-weight: 400;\">Le titulaire affiche des informations sur sa politique de <\/span><i><span style=\"font-weight: 400;\">cookies<\/span><\/i><span style=\"font-weight: 400;\"> dans la banni\u00e8re de <\/span><i><span style=\"font-weight: 400;\">cookies<\/span><\/i><span style=\"font-weight: 400;\"> accessible sur toutes les pages du site web. La banni\u00e8re de <\/span><i><span style=\"font-weight: 400;\">cookies<\/span><\/i><span style=\"font-weight: 400;\"> affiche des informations essentielles sur le traitement des donn\u00e9es et permet \u00e0 l\u2019utilisateur d\u2019effectuer les actions suivantes:<\/span><\/p>\n<ul>\n<li style=\"font-weight: 400;\" aria-level=\"1\"><span style=\"font-weight: 400;\">Accepter ou refuser l\u2019installation de <\/span><i><span style=\"font-weight: 400;\">cookies<\/span><\/i><span style=\"font-weight: 400;\">, ou retirer le consentement pr\u00e9c\u00e9demment accord\u00e9.<\/span><\/li>\n<li style=\"font-weight: 400;\" aria-level=\"1\"><span style=\"font-weight: 400;\">Obtenir des informations compl\u00e9mentaires dans la page Politique en mati\u00e8re de <\/span><i><span style=\"font-weight: 400;\">cookies<\/span><\/i><span style=\"font-weight: 400;\">.<\/span><\/li>\n<\/ul>\n<p>&nbsp;<\/p>\n<h2><span style=\"font-weight: 400;\">Suppression des <\/span><i><span style=\"font-weight: 400;\">cookies<\/span><\/i><\/h2>\n<p><span style=\"font-weight: 400;\">Vous pouvez accepter, bloquer ou supprimer les <\/span><i><span style=\"font-weight: 400;\">cookies<\/span><\/i><span style=\"font-weight: 400;\"> install\u00e9s sur votre ordinateur en configurant les options de votre navigateur, mais gardez \u00e0 l\u2019esprit qu\u2019une partie du site ne fonctionnera pas correctement ou que certaines de ses fonctionnalit\u00e9s ne seront pas disponibles ou auront des erreurs.<\/span><\/p>\n<p><span style=\"font-weight: 400;\">Dans les liens suivants, vous trouverez des instructions pour activer ou d\u00e9sactiver les <\/span><i><span style=\"font-weight: 400;\">cookies<\/span><\/i><span style=\"font-weight: 400;\"> dans les navigateurs les plus courants<\/span><\/p>\n<ul>\n<li style=\"font-weight: 400;\" aria-level=\"1\"><a href=\"http:\/\/support.mozilla.org\/es\/kb\/habilitar-y-deshabilitar-cookies-que-los-sitios-we\"><span style=\"font-weight: 400;\">Firefox<\/span><\/a><\/li>\n<li style=\"font-weight: 400;\" aria-level=\"1\"><a href=\"https:\/\/support.google.com\/chrome\/answer\/95647?hl=es\"><span style=\"font-weight: 400;\">Google Chrome<\/span><\/a><\/li>\n<li style=\"font-weight: 400;\" aria-level=\"1\"><a href=\"https:\/\/support.microsoft.com\/es-es\/help\/17442\/windows-internet-explorer-delete-manage-cookies#ie=%22ie-10\"><span style=\"font-weight: 400;\">Internet Explorer<\/span><\/a><\/li>\n<li style=\"font-weight: 400;\" aria-level=\"1\"><a href=\"https:\/\/support.microsoft.com\/es-es\/help\/4468242\/microsoft-edge-browsing-data-and-privacy\"><span style=\"font-weight: 400;\">Microsoft Edge<\/span><\/a><\/li>\n<li style=\"font-weight: 400;\" aria-level=\"1\"><a href=\"http:\/\/support.apple.com\/kb\/HT1677?viewlocale=es_ES\"><span style=\"font-weight: 400;\">Safari<\/span><\/a><\/li>\n<\/ul>\n<p>&nbsp;<\/p>\n<h2><span style=\"font-weight: 400;\">Traitement des donn\u00e9es \u00e0 caract\u00e8re personnel<\/span><\/h2>\n<p><span style=\"font-weight: 400;\">Le titulaire est le responsable du traitement des donn\u00e9es personnelles de l\u2019utilisateur. Vous pouvez consulter toutes les informations relatives au traitement des donn\u00e9es personnelles recueillies par le titulaire sur la page de Politique de confidentialit\u00e9.<\/span><\/p>\n<h2><\/h2>\n<h2><span style=\"font-weight: 400;\">Contact<\/span><\/h2>\n<p><span style=\"font-weight: 400;\">Si vous avez des questions au sujet de cette Politique de <\/span><i><span style=\"font-weight: 400;\">cookies<\/span><\/i><span style=\"font-weight: 400;\"> ou si vous souhaitez faire des commentaires sur ce site web, vous pouvez envoyer un message \u00e0 l\u2019adresse e-mail\u00a0: info@jarchaespanol.com<\/span>[\/vc_column_text][\/vc_column][\/vc_row]<\/p>\n","protected":false},"excerpt":{"rendered":"<p>[vc_row][vc_column][vc_column_text]Conform\u00e9ment \u00e0 l\u2019article 22 de la loi 34\/2002 du 11\u00a0juillet sur les Services de la Soci\u00e9t\u00e9 de l\u2019 Information et le Commerce \u00c9lectronique (LSSI), en liaison avec le R\u00e8glement (UE) 2016\/679 du Parlement europ\u00e9en et du Conseil du 27\u00a0avril\u00a02016, G\u00e9n\u00e9ral de Protection des Donn\u00e9es (RGPD) et la Loi Organique 3\/2018, du 5\u00a0d\u00e9cembre, de Protection des [&hellip;]<\/p>\n","protected":false},"author":1,"featured_media":0,"parent":0,"menu_order":0,"comment_status":"closed","ping_status":"closed","template":"","meta":{"inline_featured_image":false,"_joinchat":[],"footnotes":""},"class_list":["post-5532","page","type-page","status-publish","hentry"],"yoast_head":"<!-- This site is optimized with the Yoast SEO plugin v26.8 - https:\/\/yoast.com\/product\/yoast-seo-wordpress\/ -->\n<title>Politique en mati\u00e8re de cookies - Jarcha Espa\u00f1ol<\/title>\n<meta name=\"description\" content=\"Jarcha Espa\u00f1ol - Politique en mati\u00e8re de cookies - Espa\u00f1ol como Lengua Extranjera. Clases de espa\u00f1ol online. Clases online para estudiantes de educaci\u00f3n primaria, educaci\u00f3n secundaria, educaci\u00f3n secundaria para adultos, ciclos, bachillerato, bachillerato para adultos y universidad.\" \/>\n<meta name=\"robots\" content=\"index, follow, max-snippet:-1, max-image-preview:large, max-video-preview:-1\" \/>\n<link rel=\"canonical\" href=\"https:\/\/jarchaespanol.com\/fr\/politique-en-matiere-de-cookies\/\" \/>\n<meta property=\"og:locale\" content=\"fr_FR\" \/>\n<meta property=\"og:type\" content=\"article\" \/>\n<meta property=\"og:title\" content=\"Politique en mati\u00e8re de cookies - Jarcha Espa\u00f1ol\" \/>\n<meta property=\"og:description\" content=\"Jarcha Espa\u00f1ol - Politique en mati\u00e8re de cookies - Espa\u00f1ol como Lengua Extranjera. Clases de espa\u00f1ol online. Clases online para estudiantes de educaci\u00f3n primaria, educaci\u00f3n secundaria, educaci\u00f3n secundaria para adultos, ciclos, bachillerato, bachillerato para adultos y universidad.\" \/>\n<meta property=\"og:url\" content=\"https:\/\/jarchaespanol.com\/politica-de-cookies\/\" \/>\n<meta property=\"og:site_name\" content=\"Jarcha Espa\u00f1ol\" \/>\n<meta property=\"article:modified_time\" content=\"2023-06-27T12:21:17+00:00\" \/>\n<meta name=\"twitter:card\" content=\"summary_large_image\" \/>\n<script type=\"application\/ld+json\" class=\"yoast-schema-graph\">{\"@context\":\"https:\/\/schema.org\",\"@graph\":[{\"@type\":\"WebPage\",\"@id\":\"https:\/\/jarchaespanol.com\/politica-de-cookies\/\",\"url\":\"https:\/\/jarchaespanol.com\/politica-de-cookies\/\",\"name\":\"Politique en mati\u00e8re de cookies - Jarcha Espa\u00f1ol\",\"isPartOf\":{\"@id\":\"https:\/\/jarchaespanol.com\/#website\"},\"datePublished\":\"2022-03-24T14:46:57+00:00\",\"dateModified\":\"2023-06-27T12:21:17+00:00\",\"description\":\"Jarcha Espa\u00f1ol - Politique en mati\u00e8re de cookies - Espa\u00f1ol como Lengua Extranjera. Clases de espa\u00f1ol online. Clases online para estudiantes de educaci\u00f3n primaria, educaci\u00f3n secundaria, educaci\u00f3n secundaria para adultos, ciclos, bachillerato, bachillerato para adultos y universidad.\",\"breadcrumb\":{\"@id\":\"https:\/\/jarchaespanol.com\/politica-de-cookies\/#breadcrumb\"},\"inLanguage\":\"fr-FR\",\"potentialAction\":[{\"@type\":\"ReadAction\",\"target\":[\"https:\/\/jarchaespanol.com\/politica-de-cookies\/\"]}]},{\"@type\":\"BreadcrumbList\",\"@id\":\"https:\/\/jarchaespanol.com\/politica-de-cookies\/#breadcrumb\",\"itemListElement\":[{\"@type\":\"ListItem\",\"position\":1,\"name\":\"Home\",\"item\":\"https:\/\/jarchaespanol.com\/\"},{\"@type\":\"ListItem\",\"position\":2,\"name\":\"Politique en mati\u00e8re de cookies\"}]},{\"@type\":\"WebSite\",\"@id\":\"https:\/\/jarchaespanol.com\/#website\",\"url\":\"https:\/\/jarchaespanol.com\/\",\"name\":\"Jarcha Espa\u00f1ol\",\"description\":\"Plataforma en l\u00ednea especializada en la comunicaci\u00f3n y en la formaci\u00f3n en espa\u00f1ol. Aprende espa\u00f1ol online.\",\"publisher\":{\"@id\":\"https:\/\/jarchaespanol.com\/#organization\"},\"potentialAction\":[{\"@type\":\"SearchAction\",\"target\":{\"@type\":\"EntryPoint\",\"urlTemplate\":\"https:\/\/jarchaespanol.com\/?s={search_term_string}\"},\"query-input\":{\"@type\":\"PropertyValueSpecification\",\"valueRequired\":true,\"valueName\":\"search_term_string\"}}],\"inLanguage\":\"fr-FR\"},{\"@type\":\"Organization\",\"@id\":\"https:\/\/jarchaespanol.com\/#organization\",\"name\":\"Jarcha Espa\u00f1ol\",\"url\":\"https:\/\/jarchaespanol.com\/\",\"logo\":{\"@type\":\"ImageObject\",\"inLanguage\":\"fr-FR\",\"@id\":\"https:\/\/jarchaespanol.com\/#\/schema\/logo\/image\/\",\"url\":\"https:\/\/jarchaespanol.com\/wp-content\/uploads\/2022\/03\/logo-factura-2.png\",\"contentUrl\":\"https:\/\/jarchaespanol.com\/wp-content\/uploads\/2022\/03\/logo-factura-2.png\",\"width\":474,\"height\":177,\"caption\":\"Jarcha Espa\u00f1ol\"},\"image\":{\"@id\":\"https:\/\/jarchaespanol.com\/#\/schema\/logo\/image\/\"}}]}<\/script>\n<!-- \/ Yoast SEO plugin. -->","yoast_head_json":{"title":"Politique en mati\u00e8re de cookies - Jarcha Espa\u00f1ol","description":"Jarcha Espa\u00f1ol - Politique en mati\u00e8re de cookies - Espa\u00f1ol como Lengua Extranjera. Clases de espa\u00f1ol online. Clases online para estudiantes de educaci\u00f3n primaria, educaci\u00f3n secundaria, educaci\u00f3n secundaria para adultos, ciclos, bachillerato, bachillerato para adultos y universidad.","robots":{"index":"index","follow":"follow","max-snippet":"max-snippet:-1","max-image-preview":"max-image-preview:large","max-video-preview":"max-video-preview:-1"},"canonical":"https:\/\/jarchaespanol.com\/fr\/politique-en-matiere-de-cookies\/","og_locale":"fr_FR","og_type":"article","og_title":"Politique en mati\u00e8re de cookies - Jarcha Espa\u00f1ol","og_description":"Jarcha Espa\u00f1ol - Politique en mati\u00e8re de cookies - Espa\u00f1ol como Lengua Extranjera. Clases de espa\u00f1ol online. Clases online para estudiantes de educaci\u00f3n primaria, educaci\u00f3n secundaria, educaci\u00f3n secundaria para adultos, ciclos, bachillerato, bachillerato para adultos y universidad.","og_url":"https:\/\/jarchaespanol.com\/politica-de-cookies\/","og_site_name":"Jarcha Espa\u00f1ol","article_modified_time":"2023-06-27T12:21:17+00:00","twitter_card":"summary_large_image","schema":{"@context":"https:\/\/schema.org","@graph":[{"@type":"WebPage","@id":"https:\/\/jarchaespanol.com\/politica-de-cookies\/","url":"https:\/\/jarchaespanol.com\/politica-de-cookies\/","name":"Politique en mati\u00e8re de cookies - Jarcha Espa\u00f1ol","isPartOf":{"@id":"https:\/\/jarchaespanol.com\/#website"},"datePublished":"2022-03-24T14:46:57+00:00","dateModified":"2023-06-27T12:21:17+00:00","description":"Jarcha Espa\u00f1ol - Politique en mati\u00e8re de cookies - Espa\u00f1ol como Lengua Extranjera. Clases de espa\u00f1ol online. Clases online para estudiantes de educaci\u00f3n primaria, educaci\u00f3n secundaria, educaci\u00f3n secundaria para adultos, ciclos, bachillerato, bachillerato para adultos y universidad.","breadcrumb":{"@id":"https:\/\/jarchaespanol.com\/politica-de-cookies\/#breadcrumb"},"inLanguage":"fr-FR","potentialAction":[{"@type":"ReadAction","target":["https:\/\/jarchaespanol.com\/politica-de-cookies\/"]}]},{"@type":"BreadcrumbList","@id":"https:\/\/jarchaespanol.com\/politica-de-cookies\/#breadcrumb","itemListElement":[{"@type":"ListItem","position":1,"name":"Home","item":"https:\/\/jarchaespanol.com\/"},{"@type":"ListItem","position":2,"name":"Politique en mati\u00e8re de cookies"}]},{"@type":"WebSite","@id":"https:\/\/jarchaespanol.com\/#website","url":"https:\/\/jarchaespanol.com\/","name":"Jarcha Espa\u00f1ol","description":"Plataforma en l\u00ednea especializada en la comunicaci\u00f3n y en la formaci\u00f3n en espa\u00f1ol. Aprende espa\u00f1ol online.","publisher":{"@id":"https:\/\/jarchaespanol.com\/#organization"},"potentialAction":[{"@type":"SearchAction","target":{"@type":"EntryPoint","urlTemplate":"https:\/\/jarchaespanol.com\/?s={search_term_string}"},"query-input":{"@type":"PropertyValueSpecification","valueRequired":true,"valueName":"search_term_string"}}],"inLanguage":"fr-FR"},{"@type":"Organization","@id":"https:\/\/jarchaespanol.com\/#organization","name":"Jarcha Espa\u00f1ol","url":"https:\/\/jarchaespanol.com\/","logo":{"@type":"ImageObject","inLanguage":"fr-FR","@id":"https:\/\/jarchaespanol.com\/#\/schema\/logo\/image\/","url":"https:\/\/jarchaespanol.com\/wp-content\/uploads\/2022\/03\/logo-factura-2.png","contentUrl":"https:\/\/jarchaespanol.com\/wp-content\/uploads\/2022\/03\/logo-factura-2.png","width":474,"height":177,"caption":"Jarcha Espa\u00f1ol"},"image":{"@id":"https:\/\/jarchaespanol.com\/#\/schema\/logo\/image\/"}}]}},"_links":{"self":[{"href":"https:\/\/jarchaespanol.com\/fr\/wp-json\/wp\/v2\/pages\/5532","targetHints":{"allow":["GET"]}}],"collection":[{"href":"https:\/\/jarchaespanol.com\/fr\/wp-json\/wp\/v2\/pages"}],"about":[{"href":"https:\/\/jarchaespanol.com\/fr\/wp-json\/wp\/v2\/types\/page"}],"author":[{"embeddable":true,"href":"https:\/\/jarchaespanol.com\/fr\/wp-json\/wp\/v2\/users\/1"}],"replies":[{"embeddable":true,"href":"https:\/\/jarchaespanol.com\/fr\/wp-json\/wp\/v2\/comments?post=5532"}],"version-history":[{"count":0,"href":"https:\/\/jarchaespanol.com\/fr\/wp-json\/wp\/v2\/pages\/5532\/revisions"}],"wp:attachment":[{"href":"https:\/\/jarchaespanol.com\/fr\/wp-json\/wp\/v2\/media?parent=5532"}],"curies":[{"name":"wp","href":"https:\/\/api.w.org\/{rel}","templated":true}]}}