{"id":5538,"date":"2022-03-24T15:46:57","date_gmt":"2022-03-24T14:46:57","guid":{"rendered":"https:\/\/jarchaespanol.es\/mentions-legales\/"},"modified":"2022-06-29T11:20:58","modified_gmt":"2022-06-29T09:20:58","slug":"mentions-legales","status":"publish","type":"page","link":"https:\/\/jarchaespanol.com\/fr\/mentions-legales\/","title":{"rendered":"Mentions l\u00e9gales"},"content":{"rendered":"<p>[vc_row][vc_column][vc_column_text]<\/p>\n<h2><span style=\"font-weight: 400;\">Identification et propri\u00e9t\u00e9<\/span><\/h2>\n<p><span style=\"font-weight: 400;\">En application de l\u2019article 10 de la loi 34\/2002, du 11\u00a0juillet, sur les services de la Soci\u00e9t\u00e9 de l\u2019 Information et le Commerce \u00c9lectronique, le titulaire expose ses donn\u00e9es d\u2019identification:<\/span><\/p>\n<ul>\n<li><span style=\"font-weight: 400;\"><strong>Titulaire:<\/strong> Ana Maria Ghersi Fenor<\/span><\/li>\n<li><span style=\"font-weight: 400;\"><strong>NIF:<\/strong> 36072465R<\/span><\/li>\n<li><span style=\"font-weight: 400;\"><strong>Domicile:<\/strong> Vigo, Pontevedra &#8211; Espagne<\/span><\/li>\n<li><span style=\"font-weight: 400;\"><strong>Courriel:<\/strong> info@jarchaespanol.com<\/span><\/li>\n<li><strong>Site web: <\/strong><a href=\"https:\/\/jarchaespanol.com\/fr\/\"><span style=\"font-weight: 400;\">https:\/\/jarchaespanol.com<\/span><\/a><\/li>\n<\/ul>\n<h2><\/h2>\n<h2><span style=\"font-weight: 400;\">Finalit\u00e9<\/span><\/h2>\n<p><span style=\"font-weight: 400;\">Le but du site est: plateforme en ligne sp\u00e9cialis\u00e9e dans la communication en espagnol.<\/span><\/p>\n<h2><\/h2>\n<h2><span style=\"font-weight: 400;\">Conditions d\u2019utilisation<\/span><\/h2>\n<p><span style=\"font-weight: 400;\">L\u2019utilisation du site web vous donne le statut d\u2019utilisateur et implique l\u2019acceptation compl\u00e8te de toutes les conditions d\u2019utilisation incluses dans les pages<\/span><\/p>\n<ul>\n<li style=\"font-weight: 400;\" aria-level=\"1\"><span style=\"font-weight: 400;\">Mentions l\u00e9gales<\/span><\/li>\n<li style=\"font-weight: 400;\" aria-level=\"1\"><span style=\"font-weight: 400;\">Politique de confidentialit\u00e9<\/span><\/li>\n<li style=\"font-weight: 400;\" aria-level=\"1\"><span style=\"font-weight: 400;\">Politique en mati\u00e8re de <\/span><i><span style=\"font-weight: 400;\">cookies<\/span><\/i><\/li>\n<\/ul>\n<p><span style=\"font-weight: 400;\">Si vous n\u2019\u00eates pas d\u2019accord avec chacune de ces conditions, veuillez vous abstenir d\u2019utiliser le site web.<\/span><\/p>\n<p><span style=\"font-weight: 400;\">L\u2019acc\u00e8s au site web n\u2019implique en aucun cas le d\u00e9but d\u2019une relation commerciale avec le titulaire.<\/span><\/p>\n<p><span style=\"font-weight: 400;\">Par le biais du site web, le titulaire facilite l\u2019acc\u00e8s et l\u2019utilisation de divers contenus que le titulaire et\/ou ses collaborateurs ont publi\u00e9s sur Internet.<\/span><\/p>\n<p><span style=\"font-weight: 400;\">\u00c0 cette fin, vous \u00eates tenu et engag\u00e9 \u00e0 NE PAS utiliser le contenu du site web \u00e0 des fins ou \u00e0 des fins illicites, interdites par les pr\u00e9sentes Mentions l\u00e9gales ou par la l\u00e9gislation en vigueur, qui portent atteinte aux droits et int\u00e9r\u00eats de tiers, ou qui pourraient nuire, rendre inutilisables, surcharger, d\u00e9t\u00e9riorer ou emp\u00eacher l\u2019utilisation normale des contenus, des \u00e9quipements informatiques ou des documents, des fichiers et de tout contenu stock\u00e9 dans tout \u00e9quipement informatique propre ou sous contrat par le titulaire, d\u2019autres utilisateurs ou de tout utilisateur d\u2019Internet.<\/span><\/p>\n<h2><\/h2>\n<h2><span style=\"font-weight: 400;\">Majorit\u00e9<\/span><\/h2>\n<p><span style=\"font-weight: 400;\">Vous devez \u00eatre \u00e2g\u00e9 d\u2019au moins 18 ans pour utiliser les services offerts par le titulaire ou l\u2019\u00e2ge requis par votre pays pour vous inscrire sur le site web ou l\u2019utiliser. Si vous r\u00e9sidez dans un pays non membre de l\u2019Union europ\u00e9enne, vous devez \u00eatre \u00e2g\u00e9 d\u2019au moins 13 ans pour utiliser le site web ou l\u2019\u00e2ge requis pour votre pays pour vous inscrire sur le site ou l\u2019utiliser.<\/span><\/p>\n<p><span style=\"font-weight: 400;\">En plus d\u2019avoir l\u2019\u00e2ge minimum requis pour utiliser le site web en vertu de la loi applicable, si vous n\u2019\u00eates pas assez \u00e2g\u00e9 pour pouvoir b\u00e9n\u00e9ficier des conditions dans votre pays, votre p\u00e8re, m\u00e8re ou tuteur doit accepter les conditions en votre nom.<\/span><\/p>\n<h2><\/h2>\n<h2><span style=\"font-weight: 400;\">Mesures de s\u00e9curit\u00e9<\/span><\/h2>\n<p><span style=\"font-weight: 400;\">Les donn\u00e9es \u00e0 caract\u00e8re personnel fournies au titulaire peuvent \u00eatre stock\u00e9es dans des bases de donn\u00e9es automatis\u00e9es ou non, d\u00e9tenues exclusivement par le titulaire, qui prend toutes les mesures de nature technique, organisationnelle et de s\u00e9curit\u00e9 garantissant la confidentialit\u00e9, l\u2019exhaustivit\u00e9 et la qualit\u00e9 des informations qu\u2019elles contiennent, conform\u00e9ment \u00e0 la l\u00e9gislation en vigueur en mati\u00e8re de protection des donn\u00e9es.<\/span><\/p>\n<p><span style=\"font-weight: 400;\">Toutefois, vous devez \u00eatre conscient que les mesures de s\u00e9curit\u00e9 des syst\u00e8mes informatiques sur Internet ne sont pas enti\u00e8rement fiables et que, par cons\u00e9quent, le titulaire ne peut pas garantir l\u2019absence de virus ou d\u2019autres \u00e9l\u00e9ments susceptibles d\u2019alt\u00e9rer les syst\u00e8mes informatiques (logiciel et mat\u00e9riel) de l\u2019utilisateur ou dans ses documents \u00e9lectroniques et fichiers qui y sont contenus, m\u00eame si le titulaire met tous les moyens n\u00e9cessaires et prend les mesures de s\u00e9curit\u00e9 appropri\u00e9es pour \u00e9viter la pr\u00e9sence de ces \u00e9l\u00e9ments nuisibles.<\/span><\/p>\n<h2><\/h2>\n<h2><span style=\"font-weight: 400;\">Traitement des donn\u00e9es \u00e0 caract\u00e8re personnel<\/span><\/h2>\n<p><span style=\"font-weight: 400;\">Vous pouvez consulter toutes les informations relatives au traitement des donn\u00e9es personnelles recueillies par le titulaire sur la page de la Politique de confidentialit\u00e9.<\/span><\/p>\n<h2><\/h2>\n<h2><span style=\"font-weight: 400;\">Contenus<\/span><\/h2>\n<p><span style=\"font-weight: 400;\">Le titulaire a obtenu les informations, le contenu multim\u00e9dia et les documents figurant sur le site web aupr\u00e8s de sources qu\u2019il juge fiables, mais, bien qu\u2019il ait pris toutes les mesures raisonnables pour s\u2019assurer que les informations qu\u2019il contient sont exactes, le titulaire ne garantit pas qu\u2019elle est exacte, compl\u00e8te ou \u00e0 jour. Le titulaire d\u00e9cline express\u00e9ment toute responsabilit\u00e9 pour erreur ou omission dans les informations contenues dans les pages du site web.<\/span><\/p>\n<p><span style=\"font-weight: 400;\">Il est interdit de transmettre ou d\u2019envoyer par le biais du site tout contenu ill\u00e9gal ou illicite, virus informatiques ou messages qui, en g\u00e9n\u00e9ral, affectent ou violent les droits du titulaire ou de tiers.<\/span><\/p>\n<p><span style=\"font-weight: 400;\">Le contenu du site web n\u2019a qu\u2019un but informatif et ne doit en aucun cas \u00eatre utilis\u00e9 ou consid\u00e9r\u00e9 comme une offre de vente, une demande d\u2019offre d\u2019achat ou une recommandation pour effectuer toute autre op\u00e9ration, sauf indication expresse.<\/span><\/p>\n<p><span style=\"font-weight: 400;\">Le titulaire se r\u00e9serve le droit de modifier, suspendre, annuler ou restreindre le contenu du site Web, les liens ou les informations obtenues via le site Web, sans pr\u00e9avis.<\/span><\/p>\n<p><span style=\"font-weight: 400;\">Le titulaire n\u2019est pas responsable des dommages qui pourraient r\u00e9sulter de l\u2019utilisation des informations du site.<\/span><\/p>\n<p><span style=\"font-weight: 400;\">Politique en mati\u00e8re de cookies<\/span><\/p>\n<p><span style=\"font-weight: 400;\">Vous pouvez consulter toutes les informations relatives \u00e0 la politique de collecte et de traitement des cookies sur la page de la Politique de <\/span><i><span style=\"font-weight: 400;\">cookies.<\/span><\/i><\/p>\n<h2><\/h2>\n<h2><span style=\"font-weight: 400;\">Liens vers d\u2019autres sites web<\/span><\/h2>\n<p><span style=\"font-weight: 400;\">Le titulaire peut fournir l\u2019acc\u00e8s aux sites web de tiers par des liens ayant pour seul but d\u2019informer sur l\u2019existence d\u2019autres sources d\u2019information sur Internet dans lesquelles il peut compl\u00e9ter les donn\u00e9es fournies sur le site web.<\/span><\/p>\n<p><span style=\"font-weight: 400;\">Ces liens vers d\u2019autres sites web ne sont en aucun cas une suggestion ou une recommandation pour vous de visiter les pages web de destination, qui sont hors du contr\u00f4le du titulaire, Par cons\u00e9quent, le titulaire n\u2019est pas responsable du contenu des sites web li\u00e9s ni du r\u00e9sultat obtenu en suivant les liens. En outre, le titulaire ne r\u00e9pond pas des liens situ\u00e9s sur les sites web li\u00e9s auxquels il vous donne acc\u00e8s.<\/span><\/p>\n<p><span style=\"font-weight: 400;\">L\u2019\u00e9tablissement du lien n\u2019implique en aucun cas l\u2019existence de relations entre le titulaire et le propri\u00e9taire du site sur lequel le lien est \u00e9tabli, ni l\u2019acceptation ou l\u2019approbation par le titulaire de son contenu ou de ses services.<\/span><\/p>\n<p><span style=\"font-weight: 400;\">Si vous acc\u00e9dez \u00e0 un site web externe \u00e0 partir d\u2019un lien trouv\u00e9 sur le site web, vous devez lire la propre politique de confidentialit\u00e9 de l\u2019autre site web qui peut \u00eatre diff\u00e9rente de celle de ce site web.<\/span><\/p>\n<h2><\/h2>\n<h2><span style=\"font-weight: 400;\">Propri\u00e9t\u00e9 intellectuelle et industrielle<\/span><\/h2>\n<p><span style=\"font-weight: 400;\">Tous les droits sont r\u00e9serv\u00e9s.<\/span><\/p>\n<p><span style=\"font-weight: 400;\">Tout acc\u00e8s \u00e0 ce site Web est soumis aux conditions suivantes\u00a0: la reproduction, le stockage permanent et la diffusion des contenus ou toute autre utilisation \u00e0 des fins publiques ou commerciales est express\u00e9ment interdite sans le consentement \u00e9crit pr\u00e9alable du titulaire.<\/span><\/p>\n<h2><\/h2>\n<h2><span style=\"font-weight: 400;\">Limitation de responsabilit\u00e9<\/span><\/h2>\n<p><span style=\"font-weight: 400;\">Les informations et services fournis ou disponibles via le site web peuvent contenir des erreurs typographiques ou des erreurs. Le titulaire apporte r\u00e9guli\u00e8rement des am\u00e9liorations et\/ou des modifications aux informations et\/ou services qu\u2019il peut fournir \u00e0 tout moment.<\/span><\/p>\n<p><span style=\"font-weight: 400;\">Le titulaire ne d\u00e9clare ni ne garantit que les services ou contenus sont interrompus ou exempts d\u2019erreurs, que les d\u00e9fauts sont corrig\u00e9s, ou le service ou le serveur qui le met \u00e0 disposition est exempt de virus ou d\u2019autres composants nuisibles, sans pr\u00e9judice des efforts d\u00e9ploy\u00e9s par le titulaire pour \u00e9viter de tels incidents.<\/span><\/p>\n<p><span style=\"font-weight: 400;\">Le titulaire d\u00e9cline toute responsabilit\u00e9 en cas d\u2019interruption ou de dysfonctionnement des services ou contenus offerts sur Internet, quelle qu\u2019en soit la cause. En outre, le titulaire n\u2019est pas responsable des chutes de r\u00e9seau, des pertes commerciales r\u00e9sultant de ces chutes, des suspensions temporaires de courant \u00e9lectrique ou de tout autre dommage indirect qui pourrait \u00eatre caus\u00e9 par des causes \u00e9trang\u00e8res au titulaire.<\/span><\/p>\n<p><span style=\"font-weight: 400;\">Avant de prendre des d\u00e9cisions et\/ou des actions sur la base des informations contenues dans le site Web, le titulaire recommande de v\u00e9rifier et de comparer les informations re\u00e7ues avec d\u2019autres sources.<\/span><\/p>\n<h2><\/h2>\n<h2><span style=\"font-weight: 400;\">Droit d\u2019exclusion<\/span><\/h2>\n<p><span style=\"font-weight: 400;\">Le titulaire se r\u00e9serve le droit de refuser ou de retirer l\u2019acc\u00e8s au site web et aux services offerts sans pr\u00e9avis, \u00e0 sa demande ou \u00e0 la demande d\u2019un tiers, aux utilisateurs qui ne respectent pas l\u2019une des conditions de ce Mentions l\u00e9gales.<\/span><\/p>\n<h2><\/h2>\n<h2><span style=\"font-weight: 400;\">Juridiction<\/span><\/h2>\n<p><span style=\"font-weight: 400;\">Ce Mentions l\u00e9gales est enti\u00e8rement r\u00e9gi par la l\u00e9gislation espagnole.<\/span><\/p>\n<h2><\/h2>\n<h2><span style=\"font-weight: 400;\">Contact<\/span><\/h2>\n<p><span style=\"font-weight: 400;\">Si vous avez des questions au sujet de ce Mentions l\u00e9gales ou si vous souhaitez faire des commentaires sur le site web, vous pouvez envoyer un courriel \u00e0 l\u2019adresse\u00a0: info@jarchaespanol.com<\/span><\/p>\n<h2><\/h2>\n<p>[\/vc_column_text][\/vc_column][\/vc_row]<\/p>\n","protected":false},"excerpt":{"rendered":"<p>[vc_row][vc_column][vc_column_text] Identification et propri\u00e9t\u00e9 En application de l\u2019article 10 de la loi 34\/2002, du 11\u00a0juillet, sur les services de la Soci\u00e9t\u00e9 de l\u2019 Information et le Commerce \u00c9lectronique, le titulaire expose ses donn\u00e9es d\u2019identification: Titulaire: Ana Maria Ghersi Fenor NIF: 36072465R Domicile: Vigo, Pontevedra &#8211; Espagne Courriel: info@jarchaespanol.com Site web: https:\/\/jarchaespanol.com Finalit\u00e9 Le but du [&hellip;]<\/p>\n","protected":false},"author":1,"featured_media":0,"parent":0,"menu_order":0,"comment_status":"closed","ping_status":"closed","template":"","meta":{"inline_featured_image":false,"_joinchat":[],"footnotes":""},"class_list":["post-5538","page","type-page","status-publish","hentry"],"yoast_head":"<!-- This site is optimized with the Yoast SEO plugin v26.8 - https:\/\/yoast.com\/product\/yoast-seo-wordpress\/ -->\n<title>Mentions l\u00e9gales - Jarcha Espa\u00f1ol<\/title>\n<meta name=\"description\" content=\"Jarcha Espa\u00f1ol - Mentions l\u00e9gales - Espa\u00f1ol como Lengua Extranjera. Clases de espa\u00f1ol online. Clases online para estudiantes de educaci\u00f3n primaria, educaci\u00f3n secundaria, educaci\u00f3n secundaria para adultos, ciclos, bachillerato, bachillerato para adultos y universidad.\" \/>\n<meta name=\"robots\" content=\"index, follow, max-snippet:-1, max-image-preview:large, max-video-preview:-1\" \/>\n<link rel=\"canonical\" href=\"https:\/\/jarchaespanol.com\/fr\/mentions-legales\/\" \/>\n<meta property=\"og:locale\" content=\"fr_FR\" \/>\n<meta property=\"og:type\" content=\"article\" \/>\n<meta property=\"og:title\" content=\"Mentions l\u00e9gales - Jarcha Espa\u00f1ol\" \/>\n<meta property=\"og:description\" content=\"Jarcha Espa\u00f1ol - Mentions l\u00e9gales - Espa\u00f1ol como Lengua Extranjera. Clases de espa\u00f1ol online. Clases online para estudiantes de educaci\u00f3n primaria, educaci\u00f3n secundaria, educaci\u00f3n secundaria para adultos, ciclos, bachillerato, bachillerato para adultos y universidad.\" \/>\n<meta property=\"og:url\" content=\"https:\/\/jarchaespanol.com\/aviso-legal\/\" \/>\n<meta property=\"og:site_name\" content=\"Jarcha Espa\u00f1ol\" \/>\n<meta property=\"article:modified_time\" content=\"2022-06-29T09:20:58+00:00\" \/>\n<meta name=\"twitter:card\" content=\"summary_large_image\" \/>\n<script type=\"application\/ld+json\" class=\"yoast-schema-graph\">{\"@context\":\"https:\/\/schema.org\",\"@graph\":[{\"@type\":\"WebPage\",\"@id\":\"https:\/\/jarchaespanol.com\/aviso-legal\/\",\"url\":\"https:\/\/jarchaespanol.com\/aviso-legal\/\",\"name\":\"Mentions l\u00e9gales - Jarcha Espa\u00f1ol\",\"isPartOf\":{\"@id\":\"https:\/\/jarchaespanol.com\/#website\"},\"datePublished\":\"2022-03-24T14:46:57+00:00\",\"dateModified\":\"2022-06-29T09:20:58+00:00\",\"description\":\"Jarcha Espa\u00f1ol - Mentions l\u00e9gales - Espa\u00f1ol como Lengua Extranjera. Clases de espa\u00f1ol online. Clases online para estudiantes de educaci\u00f3n primaria, educaci\u00f3n secundaria, educaci\u00f3n secundaria para adultos, ciclos, bachillerato, bachillerato para adultos y universidad.\",\"breadcrumb\":{\"@id\":\"https:\/\/jarchaespanol.com\/aviso-legal\/#breadcrumb\"},\"inLanguage\":\"fr-FR\",\"potentialAction\":[{\"@type\":\"ReadAction\",\"target\":[\"https:\/\/jarchaespanol.com\/aviso-legal\/\"]}]},{\"@type\":\"BreadcrumbList\",\"@id\":\"https:\/\/jarchaespanol.com\/aviso-legal\/#breadcrumb\",\"itemListElement\":[{\"@type\":\"ListItem\",\"position\":1,\"name\":\"Home\",\"item\":\"https:\/\/jarchaespanol.com\/\"},{\"@type\":\"ListItem\",\"position\":2,\"name\":\"Mentions l\u00e9gales\"}]},{\"@type\":\"WebSite\",\"@id\":\"https:\/\/jarchaespanol.com\/#website\",\"url\":\"https:\/\/jarchaespanol.com\/\",\"name\":\"Jarcha Espa\u00f1ol\",\"description\":\"Plataforma en l\u00ednea especializada en la comunicaci\u00f3n y en la formaci\u00f3n en espa\u00f1ol. Aprende espa\u00f1ol online.\",\"publisher\":{\"@id\":\"https:\/\/jarchaespanol.com\/#organization\"},\"potentialAction\":[{\"@type\":\"SearchAction\",\"target\":{\"@type\":\"EntryPoint\",\"urlTemplate\":\"https:\/\/jarchaespanol.com\/?s={search_term_string}\"},\"query-input\":{\"@type\":\"PropertyValueSpecification\",\"valueRequired\":true,\"valueName\":\"search_term_string\"}}],\"inLanguage\":\"fr-FR\"},{\"@type\":\"Organization\",\"@id\":\"https:\/\/jarchaespanol.com\/#organization\",\"name\":\"Jarcha Espa\u00f1ol\",\"url\":\"https:\/\/jarchaespanol.com\/\",\"logo\":{\"@type\":\"ImageObject\",\"inLanguage\":\"fr-FR\",\"@id\":\"https:\/\/jarchaespanol.com\/#\/schema\/logo\/image\/\",\"url\":\"https:\/\/jarchaespanol.com\/wp-content\/uploads\/2022\/03\/logo-factura-2.png\",\"contentUrl\":\"https:\/\/jarchaespanol.com\/wp-content\/uploads\/2022\/03\/logo-factura-2.png\",\"width\":474,\"height\":177,\"caption\":\"Jarcha Espa\u00f1ol\"},\"image\":{\"@id\":\"https:\/\/jarchaespanol.com\/#\/schema\/logo\/image\/\"}}]}<\/script>\n<!-- \/ Yoast SEO plugin. -->","yoast_head_json":{"title":"Mentions l\u00e9gales - Jarcha Espa\u00f1ol","description":"Jarcha Espa\u00f1ol - Mentions l\u00e9gales - Espa\u00f1ol como Lengua Extranjera. Clases de espa\u00f1ol online. Clases online para estudiantes de educaci\u00f3n primaria, educaci\u00f3n secundaria, educaci\u00f3n secundaria para adultos, ciclos, bachillerato, bachillerato para adultos y universidad.","robots":{"index":"index","follow":"follow","max-snippet":"max-snippet:-1","max-image-preview":"max-image-preview:large","max-video-preview":"max-video-preview:-1"},"canonical":"https:\/\/jarchaespanol.com\/fr\/mentions-legales\/","og_locale":"fr_FR","og_type":"article","og_title":"Mentions l\u00e9gales - Jarcha Espa\u00f1ol","og_description":"Jarcha Espa\u00f1ol - Mentions l\u00e9gales - Espa\u00f1ol como Lengua Extranjera. Clases de espa\u00f1ol online. Clases online para estudiantes de educaci\u00f3n primaria, educaci\u00f3n secundaria, educaci\u00f3n secundaria para adultos, ciclos, bachillerato, bachillerato para adultos y universidad.","og_url":"https:\/\/jarchaespanol.com\/aviso-legal\/","og_site_name":"Jarcha Espa\u00f1ol","article_modified_time":"2022-06-29T09:20:58+00:00","twitter_card":"summary_large_image","schema":{"@context":"https:\/\/schema.org","@graph":[{"@type":"WebPage","@id":"https:\/\/jarchaespanol.com\/aviso-legal\/","url":"https:\/\/jarchaespanol.com\/aviso-legal\/","name":"Mentions l\u00e9gales - Jarcha Espa\u00f1ol","isPartOf":{"@id":"https:\/\/jarchaespanol.com\/#website"},"datePublished":"2022-03-24T14:46:57+00:00","dateModified":"2022-06-29T09:20:58+00:00","description":"Jarcha Espa\u00f1ol - Mentions l\u00e9gales - Espa\u00f1ol como Lengua Extranjera. Clases de espa\u00f1ol online. Clases online para estudiantes de educaci\u00f3n primaria, educaci\u00f3n secundaria, educaci\u00f3n secundaria para adultos, ciclos, bachillerato, bachillerato para adultos y universidad.","breadcrumb":{"@id":"https:\/\/jarchaespanol.com\/aviso-legal\/#breadcrumb"},"inLanguage":"fr-FR","potentialAction":[{"@type":"ReadAction","target":["https:\/\/jarchaespanol.com\/aviso-legal\/"]}]},{"@type":"BreadcrumbList","@id":"https:\/\/jarchaespanol.com\/aviso-legal\/#breadcrumb","itemListElement":[{"@type":"ListItem","position":1,"name":"Home","item":"https:\/\/jarchaespanol.com\/"},{"@type":"ListItem","position":2,"name":"Mentions l\u00e9gales"}]},{"@type":"WebSite","@id":"https:\/\/jarchaespanol.com\/#website","url":"https:\/\/jarchaespanol.com\/","name":"Jarcha Espa\u00f1ol","description":"Plataforma en l\u00ednea especializada en la comunicaci\u00f3n y en la formaci\u00f3n en espa\u00f1ol. Aprende espa\u00f1ol online.","publisher":{"@id":"https:\/\/jarchaespanol.com\/#organization"},"potentialAction":[{"@type":"SearchAction","target":{"@type":"EntryPoint","urlTemplate":"https:\/\/jarchaespanol.com\/?s={search_term_string}"},"query-input":{"@type":"PropertyValueSpecification","valueRequired":true,"valueName":"search_term_string"}}],"inLanguage":"fr-FR"},{"@type":"Organization","@id":"https:\/\/jarchaespanol.com\/#organization","name":"Jarcha Espa\u00f1ol","url":"https:\/\/jarchaespanol.com\/","logo":{"@type":"ImageObject","inLanguage":"fr-FR","@id":"https:\/\/jarchaespanol.com\/#\/schema\/logo\/image\/","url":"https:\/\/jarchaespanol.com\/wp-content\/uploads\/2022\/03\/logo-factura-2.png","contentUrl":"https:\/\/jarchaespanol.com\/wp-content\/uploads\/2022\/03\/logo-factura-2.png","width":474,"height":177,"caption":"Jarcha Espa\u00f1ol"},"image":{"@id":"https:\/\/jarchaespanol.com\/#\/schema\/logo\/image\/"}}]}},"_links":{"self":[{"href":"https:\/\/jarchaespanol.com\/fr\/wp-json\/wp\/v2\/pages\/5538","targetHints":{"allow":["GET"]}}],"collection":[{"href":"https:\/\/jarchaespanol.com\/fr\/wp-json\/wp\/v2\/pages"}],"about":[{"href":"https:\/\/jarchaespanol.com\/fr\/wp-json\/wp\/v2\/types\/page"}],"author":[{"embeddable":true,"href":"https:\/\/jarchaespanol.com\/fr\/wp-json\/wp\/v2\/users\/1"}],"replies":[{"embeddable":true,"href":"https:\/\/jarchaespanol.com\/fr\/wp-json\/wp\/v2\/comments?post=5538"}],"version-history":[{"count":0,"href":"https:\/\/jarchaespanol.com\/fr\/wp-json\/wp\/v2\/pages\/5538\/revisions"}],"wp:attachment":[{"href":"https:\/\/jarchaespanol.com\/fr\/wp-json\/wp\/v2\/media?parent=5538"}],"curies":[{"name":"wp","href":"https:\/\/api.w.org\/{rel}","templated":true}]}}