{"id":10413,"date":"2023-11-16T19:06:29","date_gmt":"2023-11-16T18:06:29","guid":{"rendered":"https:\/\/jarchaespanol.com\/servicios\/non%20class\u00e9\/tertulia-mensual-en-espanol-en-grupo-reducido\/"},"modified":"2024-01-31T12:35:24","modified_gmt":"2024-01-31T11:35:24","slug":"discussion-mensuelle-en-espagnol-en-petit-groupe","status":"publish","type":"product","link":"https:\/\/jarchaespanol.com\/fr\/servicios\/non class\u00e9\/discussion-mensuelle-en-espagnol-en-petit-groupe\/","title":{"rendered":"Discussion mensuelle en petit groupe"},"content":{"rendered":"<p class=\"p1\">En compl\u00e9ment de nos <a href=\"https:\/\/jarchaespanol.com\/fr\/servicios\/ensenanza\/ele\/espanol-clases-intensivas-individuales\/\"><strong>cours individuels<\/strong><\/a>, nous vous pr\u00e9sentons notre <strong>discussion mensuelle en espagnol en petit groupe<\/strong>.<\/p>\n<p>&nbsp;<\/p>\n<p><strong>En quoi consiste-t-elle ?<\/strong><\/p>\n<p>Une fois par mois, des \u00e9tudiants du m\u00eame niveau se r\u00e9unissent pour une discussion en ligne en espagnol, afin de participer activement dans un environnement d&rsquo;interaction et de communication authentique. C&rsquo;est une opportunit\u00e9 unique pour mettre en pratique ce que vous avez appris en classe et am\u00e9liorer vos comp\u00e9tences en expression orale.<\/p>\n<p>Au cours de ces discussions, les \u00e9tudiants et les enseignants se chargeront de choisir les sujets, qui se concentreront sur des aspects culturels (cin\u00e9ma, litt\u00e9rature, art, musique, traditions, gastronomie&#8230;), des sujets d&rsquo;actualit\u00e9, des \u00e9v\u00e9nements historiques, et bien plus encore. L&rsquo;ambiance sera toujours d\u00e9tendue, accueillante et propice \u00e0 la participation.<\/p>\n<p>&nbsp;<\/p>\n<p><strong>Que pouvez-vous attendre de cette activit\u00e9 ?<\/strong><\/p>\n<ul>\n<li>Pratique r\u00e9elle de la conversation en espagnol<\/li>\n<li>Interaction avec des camarades d&rsquo;\u00e9tudes du monde entier<\/li>\n<li>Am\u00e9lioration des comp\u00e9tences d&rsquo;\u00e9coute, d&rsquo;expression orale et<br \/>\nd&rsquo;argumentation<\/li>\n<li>Un espace s\u00fbr et convivial pour exprimer vos opinions et apprendre des autres<\/li>\n<\/ul>\n<p>&nbsp;<\/p>\n<p><strong>Dur\u00e9e de la sesi\u00f3n:<\/strong> une heure et quart<br \/>\n<strong>Niveaux:<\/strong> d\u00e9butant et interm\u00e9diaire-avanc\u00e9<br \/>\n<strong>Nombre de participants:<\/strong> 4<\/p>\n","protected":false},"excerpt":{"rendered":"<p class=\"p1\">Ne manquez pas cette occasion de renforcer vos comp\u00e9tences linguistiques et de vous faire de nouveaux amis en chemin !<\/p>\n","protected":false},"featured_media":10404,"comment_status":"open","ping_status":"closed","template":"","meta":{"inline_featured_image":false,"_joinchat":[]},"product_brand":[],"product_cat":[],"product_tag":[],"class_list":{"0":"post-10413","1":"product","2":"type-product","3":"status-publish","4":"has-post-thumbnail","7":"first","8":"instock","9":"shipping-taxable","10":"purchasable","11":"product-type-variable"},"yoast_head":"<!-- This site is optimized with the Yoast SEO plugin v26.8 - https:\/\/yoast.com\/product\/yoast-seo-wordpress\/ -->\n<title>Discussion mensuelle en petit groupe - Jarcha Espa\u00f1ol<\/title>\n<meta name=\"description\" content=\"Discussion mensuelle en petit groupe - Jarcha Espa\u00f1ol - Espa\u00f1ol como Lengua Extranjera. Clases de espa\u00f1ol online.\" \/>\n<meta name=\"robots\" content=\"index, follow, max-snippet:-1, max-image-preview:large, max-video-preview:-1\" \/>\n<link rel=\"canonical\" href=\"https:\/\/jarchaespanol.com\/fr\/servicios\/non%20class\u00e9\/discussion-mensuelle-en-espagnol-en-petit-groupe\/\" \/>\n<meta property=\"og:locale\" content=\"fr_FR\" \/>\n<meta property=\"og:type\" content=\"article\" \/>\n<meta property=\"og:title\" content=\"Discussion mensuelle en petit groupe - Jarcha Espa\u00f1ol\" \/>\n<meta property=\"og:description\" content=\"Discussion mensuelle en petit groupe - Jarcha Espa\u00f1ol - Espa\u00f1ol como Lengua Extranjera. Clases de espa\u00f1ol online.\" \/>\n<meta property=\"og:url\" content=\"https:\/\/jarchaespanol.com\/fr\/servicios\/enseignement\/espanol-online\/discussion-mensuelle-en-espagnol-en-petit-groupe\/\" \/>\n<meta property=\"og:site_name\" content=\"Jarcha Espa\u00f1ol\" \/>\n<meta property=\"article:modified_time\" content=\"2024-01-31T11:35:24+00:00\" \/>\n<meta property=\"og:image\" content=\"https:\/\/jarchaespanol.com\/wp-content\/uploads\/2023\/11\/espanol-tertulia.png\" \/>\n\t<meta property=\"og:image:width\" content=\"600\" \/>\n\t<meta property=\"og:image:height\" content=\"600\" \/>\n\t<meta property=\"og:image:type\" content=\"image\/png\" \/>\n<meta name=\"twitter:card\" content=\"summary_large_image\" \/>\n<script type=\"application\/ld+json\" class=\"yoast-schema-graph\">{\"@context\":\"https:\/\/schema.org\",\"@graph\":[{\"@type\":\"WebPage\",\"@id\":\"https:\/\/jarchaespanol.com\/fr\/servicios\/enseignement\/espanol-online\/discussion-mensuelle-en-espagnol-en-petit-groupe\/\",\"url\":\"https:\/\/jarchaespanol.com\/fr\/servicios\/enseignement\/espanol-online\/discussion-mensuelle-en-espagnol-en-petit-groupe\/\",\"name\":\"Discussion mensuelle en petit groupe - Jarcha Espa\u00f1ol\",\"isPartOf\":{\"@id\":\"https:\/\/jarchaespanol.com\/#website\"},\"primaryImageOfPage\":{\"@id\":\"https:\/\/jarchaespanol.com\/fr\/servicios\/enseignement\/espanol-online\/discussion-mensuelle-en-espagnol-en-petit-groupe\/#primaryimage\"},\"image\":{\"@id\":\"https:\/\/jarchaespanol.com\/fr\/servicios\/enseignement\/espanol-online\/discussion-mensuelle-en-espagnol-en-petit-groupe\/#primaryimage\"},\"thumbnailUrl\":\"https:\/\/jarchaespanol.com\/wp-content\/uploads\/2023\/11\/espanol-tertulia.png\",\"datePublished\":\"2023-11-16T18:06:29+00:00\",\"dateModified\":\"2024-01-31T11:35:24+00:00\",\"description\":\"Discussion mensuelle en petit groupe - Jarcha Espa\u00f1ol - Espa\u00f1ol como Lengua Extranjera. Clases de espa\u00f1ol online.\",\"breadcrumb\":{\"@id\":\"https:\/\/jarchaespanol.com\/fr\/servicios\/enseignement\/espanol-online\/discussion-mensuelle-en-espagnol-en-petit-groupe\/#breadcrumb\"},\"inLanguage\":\"fr-FR\",\"potentialAction\":[{\"@type\":\"ReadAction\",\"target\":[\"https:\/\/jarchaespanol.com\/fr\/servicios\/enseignement\/espanol-online\/discussion-mensuelle-en-espagnol-en-petit-groupe\/\"]}]},{\"@type\":\"ImageObject\",\"inLanguage\":\"fr-FR\",\"@id\":\"https:\/\/jarchaespanol.com\/fr\/servicios\/enseignement\/espanol-online\/discussion-mensuelle-en-espagnol-en-petit-groupe\/#primaryimage\",\"url\":\"https:\/\/jarchaespanol.com\/wp-content\/uploads\/2023\/11\/espanol-tertulia.png\",\"contentUrl\":\"https:\/\/jarchaespanol.com\/wp-content\/uploads\/2023\/11\/espanol-tertulia.png\",\"width\":600,\"height\":600,\"caption\":\"Tertulia mensual en espa\u00f1ol en grupo reducido\"},{\"@type\":\"BreadcrumbList\",\"@id\":\"https:\/\/jarchaespanol.com\/fr\/servicios\/enseignement\/espanol-online\/discussion-mensuelle-en-espagnol-en-petit-groupe\/#breadcrumb\",\"itemListElement\":[{\"@type\":\"ListItem\",\"position\":1,\"name\":\"Home\",\"item\":\"https:\/\/jarchaespanol.com\/\"},{\"@type\":\"ListItem\",\"position\":2,\"name\":\"Boutique\",\"item\":\"https:\/\/jarchaespanol.com\/tienda\/\"},{\"@type\":\"ListItem\",\"position\":3,\"name\":\"Discussion mensuelle en petit groupe\"}]},{\"@type\":\"WebSite\",\"@id\":\"https:\/\/jarchaespanol.com\/#website\",\"url\":\"https:\/\/jarchaespanol.com\/\",\"name\":\"Jarcha Espa\u00f1ol\",\"description\":\"Plataforma en l\u00ednea especializada en la comunicaci\u00f3n y en la formaci\u00f3n en espa\u00f1ol. Aprende espa\u00f1ol online.\",\"publisher\":{\"@id\":\"https:\/\/jarchaespanol.com\/#organization\"},\"potentialAction\":[{\"@type\":\"SearchAction\",\"target\":{\"@type\":\"EntryPoint\",\"urlTemplate\":\"https:\/\/jarchaespanol.com\/?s={search_term_string}\"},\"query-input\":{\"@type\":\"PropertyValueSpecification\",\"valueRequired\":true,\"valueName\":\"search_term_string\"}}],\"inLanguage\":\"fr-FR\"},{\"@type\":\"Organization\",\"@id\":\"https:\/\/jarchaespanol.com\/#organization\",\"name\":\"Jarcha Espa\u00f1ol\",\"url\":\"https:\/\/jarchaespanol.com\/\",\"logo\":{\"@type\":\"ImageObject\",\"inLanguage\":\"fr-FR\",\"@id\":\"https:\/\/jarchaespanol.com\/#\/schema\/logo\/image\/\",\"url\":\"https:\/\/jarchaespanol.com\/wp-content\/uploads\/2022\/03\/logo-factura-2.png\",\"contentUrl\":\"https:\/\/jarchaespanol.com\/wp-content\/uploads\/2022\/03\/logo-factura-2.png\",\"width\":474,\"height\":177,\"caption\":\"Jarcha Espa\u00f1ol\"},\"image\":{\"@id\":\"https:\/\/jarchaespanol.com\/#\/schema\/logo\/image\/\"}}]}<\/script>\n<!-- \/ Yoast SEO plugin. -->","yoast_head_json":{"title":"Discussion mensuelle en petit groupe - Jarcha Espa\u00f1ol","description":"Discussion mensuelle en petit groupe - Jarcha Espa\u00f1ol - Espa\u00f1ol como Lengua Extranjera. Clases de espa\u00f1ol online.","robots":{"index":"index","follow":"follow","max-snippet":"max-snippet:-1","max-image-preview":"max-image-preview:large","max-video-preview":"max-video-preview:-1"},"canonical":"https:\/\/jarchaespanol.com\/fr\/servicios\/non class\u00e9\/discussion-mensuelle-en-espagnol-en-petit-groupe\/","og_locale":"fr_FR","og_type":"article","og_title":"Discussion mensuelle en petit groupe - Jarcha Espa\u00f1ol","og_description":"Discussion mensuelle en petit groupe - Jarcha Espa\u00f1ol - Espa\u00f1ol como Lengua Extranjera. Clases de espa\u00f1ol online.","og_url":"https:\/\/jarchaespanol.com\/fr\/servicios\/enseignement\/espanol-online\/discussion-mensuelle-en-espagnol-en-petit-groupe\/","og_site_name":"Jarcha Espa\u00f1ol","article_modified_time":"2024-01-31T11:35:24+00:00","og_image":[{"width":600,"height":600,"url":"https:\/\/jarchaespanol.com\/wp-content\/uploads\/2023\/11\/espanol-tertulia.png","type":"image\/png"}],"twitter_card":"summary_large_image","schema":{"@context":"https:\/\/schema.org","@graph":[{"@type":"WebPage","@id":"https:\/\/jarchaespanol.com\/fr\/servicios\/enseignement\/espanol-online\/discussion-mensuelle-en-espagnol-en-petit-groupe\/","url":"https:\/\/jarchaespanol.com\/fr\/servicios\/enseignement\/espanol-online\/discussion-mensuelle-en-espagnol-en-petit-groupe\/","name":"Discussion mensuelle en petit groupe - Jarcha Espa\u00f1ol","isPartOf":{"@id":"https:\/\/jarchaespanol.com\/#website"},"primaryImageOfPage":{"@id":"https:\/\/jarchaespanol.com\/fr\/servicios\/enseignement\/espanol-online\/discussion-mensuelle-en-espagnol-en-petit-groupe\/#primaryimage"},"image":{"@id":"https:\/\/jarchaespanol.com\/fr\/servicios\/enseignement\/espanol-online\/discussion-mensuelle-en-espagnol-en-petit-groupe\/#primaryimage"},"thumbnailUrl":"https:\/\/jarchaespanol.com\/wp-content\/uploads\/2023\/11\/espanol-tertulia.png","datePublished":"2023-11-16T18:06:29+00:00","dateModified":"2024-01-31T11:35:24+00:00","description":"Discussion mensuelle en petit groupe - Jarcha Espa\u00f1ol - Espa\u00f1ol como Lengua Extranjera. Clases de espa\u00f1ol online.","breadcrumb":{"@id":"https:\/\/jarchaespanol.com\/fr\/servicios\/enseignement\/espanol-online\/discussion-mensuelle-en-espagnol-en-petit-groupe\/#breadcrumb"},"inLanguage":"fr-FR","potentialAction":[{"@type":"ReadAction","target":["https:\/\/jarchaespanol.com\/fr\/servicios\/enseignement\/espanol-online\/discussion-mensuelle-en-espagnol-en-petit-groupe\/"]}]},{"@type":"ImageObject","inLanguage":"fr-FR","@id":"https:\/\/jarchaespanol.com\/fr\/servicios\/enseignement\/espanol-online\/discussion-mensuelle-en-espagnol-en-petit-groupe\/#primaryimage","url":"https:\/\/jarchaespanol.com\/wp-content\/uploads\/2023\/11\/espanol-tertulia.png","contentUrl":"https:\/\/jarchaespanol.com\/wp-content\/uploads\/2023\/11\/espanol-tertulia.png","width":600,"height":600,"caption":"Tertulia mensual en espa\u00f1ol en grupo reducido"},{"@type":"BreadcrumbList","@id":"https:\/\/jarchaespanol.com\/fr\/servicios\/enseignement\/espanol-online\/discussion-mensuelle-en-espagnol-en-petit-groupe\/#breadcrumb","itemListElement":[{"@type":"ListItem","position":1,"name":"Home","item":"https:\/\/jarchaespanol.com\/"},{"@type":"ListItem","position":2,"name":"Boutique","item":"https:\/\/jarchaespanol.com\/tienda\/"},{"@type":"ListItem","position":3,"name":"Discussion mensuelle en petit groupe"}]},{"@type":"WebSite","@id":"https:\/\/jarchaespanol.com\/#website","url":"https:\/\/jarchaespanol.com\/","name":"Jarcha Espa\u00f1ol","description":"Plataforma en l\u00ednea especializada en la comunicaci\u00f3n y en la formaci\u00f3n en espa\u00f1ol. Aprende espa\u00f1ol online.","publisher":{"@id":"https:\/\/jarchaespanol.com\/#organization"},"potentialAction":[{"@type":"SearchAction","target":{"@type":"EntryPoint","urlTemplate":"https:\/\/jarchaespanol.com\/?s={search_term_string}"},"query-input":{"@type":"PropertyValueSpecification","valueRequired":true,"valueName":"search_term_string"}}],"inLanguage":"fr-FR"},{"@type":"Organization","@id":"https:\/\/jarchaespanol.com\/#organization","name":"Jarcha Espa\u00f1ol","url":"https:\/\/jarchaespanol.com\/","logo":{"@type":"ImageObject","inLanguage":"fr-FR","@id":"https:\/\/jarchaespanol.com\/#\/schema\/logo\/image\/","url":"https:\/\/jarchaespanol.com\/wp-content\/uploads\/2022\/03\/logo-factura-2.png","contentUrl":"https:\/\/jarchaespanol.com\/wp-content\/uploads\/2022\/03\/logo-factura-2.png","width":474,"height":177,"caption":"Jarcha Espa\u00f1ol"},"image":{"@id":"https:\/\/jarchaespanol.com\/#\/schema\/logo\/image\/"}}]}},"_links":{"self":[{"href":"https:\/\/jarchaespanol.com\/fr\/wp-json\/wp\/v2\/product\/10413","targetHints":{"allow":["GET"]}}],"collection":[{"href":"https:\/\/jarchaespanol.com\/fr\/wp-json\/wp\/v2\/product"}],"about":[{"href":"https:\/\/jarchaespanol.com\/fr\/wp-json\/wp\/v2\/types\/product"}],"replies":[{"embeddable":true,"href":"https:\/\/jarchaespanol.com\/fr\/wp-json\/wp\/v2\/comments?post=10413"}],"wp:featuredmedia":[{"embeddable":true,"href":"https:\/\/jarchaespanol.com\/fr\/wp-json\/wp\/v2\/media\/10404"}],"wp:attachment":[{"href":"https:\/\/jarchaespanol.com\/fr\/wp-json\/wp\/v2\/media?parent=10413"}],"wp:term":[{"taxonomy":"product_brand","embeddable":true,"href":"https:\/\/jarchaespanol.com\/fr\/wp-json\/wp\/v2\/product_brand?post=10413"},{"taxonomy":"product_cat","embeddable":true,"href":"https:\/\/jarchaespanol.com\/fr\/wp-json\/wp\/v2\/product_cat?post=10413"},{"taxonomy":"product_tag","embeddable":true,"href":"https:\/\/jarchaespanol.com\/fr\/wp-json\/wp\/v2\/product_tag?post=10413"}],"curies":[{"name":"wp","href":"https:\/\/api.w.org\/{rel}","templated":true}]}}