{"id":10985,"date":"2024-01-31T12:51:54","date_gmt":"2024-01-31T11:51:54","guid":{"rendered":"https:\/\/jarchaespanol.com\/?post_type=product&#038;p=10985"},"modified":"2026-02-03T13:55:35","modified_gmt":"2026-02-03T12:55:35","slug":"discussion-mensuelle-en-petit-groupe","status":"publish","type":"product","link":"https:\/\/jarchaespanol.com\/fr\/servicios\/enseignement\/espanol-online\/autres-cours-en-petit-groupe\/discussion-mensuelle-en-petit-groupe\/","title":{"rendered":"Espagnol en ligne &#8211; S\u00e9ances th\u00e9matiques mensuelles"},"content":{"rendered":"<p class=\"p1\">Activit\u00e9s mensuelles destin\u00e9es aux \u00e9tudiants qui souhaitent am\u00e9liorer leur aisance en espagnol gr\u00e2ce \u00e0 une participation active \u00e0 des conversations authentiques avec d\u2019autres apprenants. Elles compl\u00e8tent les cours<span style=\"color: #882437;\">\u00a0<a style=\"color: #882437;\" href=\"https:\/\/jarchaespanol.com\/fr\/servicios\/enseignement\/espanol-online\/cours-individuels\/espagnol-lecons-intensives-individuelles\/\"><strong>individuels<\/strong><\/a><\/span> ou <a href=\"https:\/\/jarchaespanol.com\/fr\/servicios\/enseignement\/espanol-online\/cours-en-petit-groupe\/espagnol-en-ligne-lecons-intensifs-en-petit-groupe\/\"><strong><span style=\"color: #882437;\">en groupe<\/span><\/strong><\/a> de Jarcha Espa\u00f1ol.<\/p>\n<p>&nbsp;<\/p>\n<p><strong>En quoi consiste-t-elle ?<\/strong><\/p>\n<p>D\u2019une \u00e0 deux fois par mois , des participants de niveaux similaires se r\u00e9unissent en ligne pour discuter en espagnol d\u2019un th\u00e8me pr\u00e9cis.<\/p>\n<p><span style=\"color: #882437;\"><strong>Rencontres<\/strong><\/span><\/p>\n<ul>\n<li>Elles ont lieu une fois par mois et portent sur le cin\u00e9ma ou la litt\u00e9rature.<\/li>\n<li>Chaque s\u00e9ance s\u2019articule autour d\u2019une \u0153uvre choisie par l\u2019\u00e9quipe enseignante, tout en tenant compte des propositions des participants.<\/li>\n<\/ul>\n<p><span style=\"color: #882437;\"><strong>Dilemmes moraux<\/strong><\/span><\/p>\n<ul>\n<li>Deux rencontres sont organis\u00e9es chaque mois.<\/li>\n<li>Chaque participant pr\u00e9pare au moins un dilemme avec deux options (A\/B) et l\u2019envoie \u00e0 <a href=\"mailto:info@jarchaespanol.com\" target=\"_blank\" rel=\"noopener\">info@jarchaespanol.com<\/a>. Les dilemmes re\u00e7us servent \u00e0 cr\u00e9er des diapositives pour faciliter la lecture pendant la s\u00e9ance.<\/li>\n<\/ul>\n<p>Les dates de toutes les activit\u00e9s sont communiqu\u00e9es par e-mail et via les bulletins d\u2019information.<\/p>\n<p><strong>INSCRIPTIONS<\/strong><br \/>\nDans la case ACTIVIT\u00c9, s\u00e9lectionnez Rencontre ou Dilemmes moraux.<\/p>\n<ul>\n<li>Rencontre: dans TH\u00c8ME, indiquez le titre du film ou du livre; dans DATE, le jour de la s\u00e9ance.<\/li>\n<li>Dilemmes moraux: dans DATE, indiquez la date choisie (ou les deux, si elles vous conviennent). Une seule s\u00e9ance par mois est possible. Le nombre de groupes d\u00e9pendra de la demande.<\/li>\n<\/ul>\n<p>&nbsp;<\/p>\n<p><img loading=\"lazy\" decoding=\"async\" class=\"alignnone wp-image-17997 size-large\" src=\"https:\/\/jarchaespanol.com\/wp-content\/uploads\/2025\/07\/tertulia-1024x737.jpg\" alt=\"Tertulia mensual\" width=\"900\" height=\"648\" srcset=\"https:\/\/jarchaespanol.com\/wp-content\/uploads\/2025\/07\/tertulia-1024x737.jpg 1024w, https:\/\/jarchaespanol.com\/wp-content\/uploads\/2025\/07\/tertulia-300x216.jpg 300w, https:\/\/jarchaespanol.com\/wp-content\/uploads\/2025\/07\/tertulia-768x553.jpg 768w, https:\/\/jarchaespanol.com\/wp-content\/uploads\/2025\/07\/tertulia-255x183.jpg 255w, https:\/\/jarchaespanol.com\/wp-content\/uploads\/2025\/07\/tertulia-600x432.jpg 600w, https:\/\/jarchaespanol.com\/wp-content\/uploads\/2025\/07\/tertulia.jpg 1280w\" sizes=\"auto, (max-width: 900px) 100vw, 900px\" \/><\/p>\n<p>&nbsp;<\/p>\n<p><strong>Que pouvez-vous attendre de cette activit\u00e9 ?<\/strong><\/p>\n<ul>\n<li>Pratique r\u00e9elle de la conversation en espagnol<\/li>\n<li>Interaction avec des camarades d&rsquo;\u00e9tudes du monde entier<\/li>\n<li>Am\u00e9lioration des comp\u00e9tences d&rsquo;\u00e9coute, d&rsquo;expression orale et<br \/>\nd&rsquo;argumentation<\/li>\n<li>Un espace s\u00fbr et convivial pour exprimer vos opinions et apprendre des autres<\/li>\n<\/ul>\n<p>&nbsp;<\/p>\n<p><strong>Dur\u00e9e de la sesi\u00f3n:<\/strong> 90 minutes<br \/>\n<strong>Niveaux:<\/strong> d\u00e9butant et interm\u00e9diaire-avanc\u00e9<br \/>\n<strong>Nombre de participants:<\/strong> 4<\/p>\n<p>&nbsp;<\/p>\n<p>Vous souhaitez participer gratuitement \u00e0 l\u2019une de nos activit\u00e9s en petit groupe\u202f? Remplissez ce <span style=\"color: #882437;\"><strong><a style=\"color: #882437;\" href=\"https:\/\/docs.google.com\/forms\/d\/1F0YQH3qdqJma8aMkOMDCqVMb739GmbHHDWA04S9l-dU\/edit\" target=\"_blank\" rel=\"noopener\">formulaire<\/a><\/strong><\/span> et nous vous contacterons \ud83d\ude0a<\/p>\n<p>&nbsp;<\/p>\n<p><b>Test de niveau<\/b><br \/>\n<a class=\"btn btn-jarcha\" href=\"https:\/\/docs.google.com\/forms\/d\/e\/1FAIpQLScMyzM92U1yRd7pyrAY6iNldme-eUzGKpzMkl9ZJUN072zVHw\/viewform?usp=sf_link\" target=\"_blank\" rel=\"noopener\"><span style=\"font-weight: 400;\"><i class=\"vc_btn3-icon fas fa-user-graduate\"><\/i> A1 <\/span><\/a> <a class=\"btn btn-jarcha\" href=\"https:\/\/docs.google.com\/forms\/d\/e\/1FAIpQLSctisEsdQt-A4UJe0KuWHLCDoTzLtXFWelAQNoauRGeyPcSUg\/viewform?usp=sf_link\" target=\"_blank\" rel=\"noopener\"><span style=\"font-weight: 400;\"><i class=\"vc_btn3-icon fas fa-user-graduate\"><\/i> A2 <\/span><\/a> <a class=\"btn btn-jarcha\" href=\"https:\/\/docs.google.com\/forms\/d\/e\/1FAIpQLSdNGeGMzvjiXYDQWm0ySq6zpqES6g3MFOjMnaYxYUgCeI3M7A\/viewform?usp=sf_link\" target=\"_blank\" rel=\"noopener\"><span style=\"font-weight: 400;\"><i class=\"vc_btn3-icon fas fa-user-graduate\"><\/i> B1 <\/span><\/a> <a class=\"btn btn-jarcha\" href=\"https:\/\/docs.google.com\/forms\/d\/e\/1FAIpQLSfHj2JP1zE2D1FUPS_FbH0zTUNzAJ1CEopeBKifrEwm5nMmsw\/viewform?usp=sf_link\" target=\"_blank\" rel=\"noopener\"><span style=\"font-weight: 400;\"><i class=\"vc_btn3-icon fas fa-user-graduate\"><\/i> B2 <\/span><\/a> <a class=\"btn btn-jarcha\" href=\"https:\/\/docs.google.com\/forms\/d\/e\/1FAIpQLSeUgWtLVaOwNh7sbMlg0a7C-zQG3OhJkbzS22VtItOdw6IVCQ\/viewform?usp=sf_link\" target=\"_blank\" rel=\"noopener\"><span style=\"font-weight: 400;\"><i class=\"vc_btn3-icon fas fa-user-graduate\"><\/i> C1 <\/span><\/a> <a class=\"btn btn-jarcha\" href=\"https:\/\/docs.google.com\/forms\/d\/e\/1FAIpQLScMlqLbAih6VOcu6jaiNdpp6wh9zkimMY9El8kqYbHZaRVInw\/viewform?usp=sf_link\" target=\"_blank\" rel=\"noopener\"><span style=\"font-weight: 400;\"><i class=\"vc_btn3-icon fas fa-user-graduate\"><\/i> C2 <\/span><\/a><\/p>\n","protected":false},"excerpt":{"rendered":"<p class=\"p1\">Ne manquez pas cette occasion de renforcer vos comp\u00e9tences linguistiques et de vous faire de nouveaux amis en chemin !<\/p>\n","protected":false},"featured_media":17696,"comment_status":"open","ping_status":"closed","template":"","meta":{"inline_featured_image":false,"_joinchat":[]},"product_brand":[],"product_cat":[932,449,450],"product_tag":[],"class_list":{"0":"post-10985","1":"product","2":"type-product","3":"status-publish","4":"has-post-thumbnail","6":"product_cat-autres-cours-en-petit-groupe","7":"product_cat-enseignement","8":"product_cat-espanol-online","10":"first","11":"instock","12":"shipping-taxable","13":"purchasable","14":"product-type-variable"},"yoast_head":"<!-- This site is optimized with the Yoast SEO plugin v26.8 - https:\/\/yoast.com\/product\/yoast-seo-wordpress\/ -->\n<title>Espagnol en ligne - S\u00e9ances th\u00e9matiques mensuelles - Jarcha Espa\u00f1ol<\/title>\n<meta name=\"description\" content=\"Espagnol en ligne - S\u00e9ances th\u00e9matiques mensuelles - Jarcha Espa\u00f1ol - Espa\u00f1ol como Lengua Extranjera. Clases de espa\u00f1ol online.\" \/>\n<meta name=\"robots\" content=\"index, follow, max-snippet:-1, max-image-preview:large, max-video-preview:-1\" \/>\n<link rel=\"canonical\" href=\"https:\/\/jarchaespanol.com\/fr\/servicios\/enseignement\/espanol-online\/autres-cours-en-petit-groupe\/discussion-mensuelle-en-petit-groupe\/\" \/>\n<meta property=\"og:locale\" content=\"fr_FR\" \/>\n<meta property=\"og:type\" content=\"article\" \/>\n<meta property=\"og:title\" content=\"Espagnol en ligne - S\u00e9ances th\u00e9matiques mensuelles - Jarcha Espa\u00f1ol\" \/>\n<meta property=\"og:description\" content=\"Espagnol en ligne - S\u00e9ances th\u00e9matiques mensuelles - Jarcha Espa\u00f1ol - Espa\u00f1ol como Lengua Extranjera. Clases de espa\u00f1ol online.\" \/>\n<meta property=\"og:url\" content=\"https:\/\/jarchaespanol.com\/fr\/servicios\/enseignement\/espanol-online\/autres-cours-en-petit-groupe\/discussion-mensuelle-en-petit-groupe\/\" \/>\n<meta property=\"og:site_name\" content=\"Jarcha Espa\u00f1ol\" \/>\n<meta property=\"article:modified_time\" content=\"2026-02-03T12:55:35+00:00\" \/>\n<meta property=\"og:image\" content=\"https:\/\/jarchaespanol.com\/wp-content\/uploads\/2024\/01\/TERTULIA-MENSUAL-ONLINE.jpg\" \/>\n\t<meta property=\"og:image:width\" content=\"1850\" \/>\n\t<meta property=\"og:image:height\" content=\"1850\" \/>\n\t<meta property=\"og:image:type\" content=\"image\/jpeg\" \/>\n<meta name=\"twitter:card\" content=\"summary_large_image\" \/>\n<script type=\"application\/ld+json\" class=\"yoast-schema-graph\">{\"@context\":\"https:\/\/schema.org\",\"@graph\":[{\"@type\":\"WebPage\",\"@id\":\"https:\/\/jarchaespanol.com\/fr\/servicios\/enseignement\/espanol-online\/autres-cours-en-petit-groupe\/discussion-mensuelle-en-petit-groupe\/\",\"url\":\"https:\/\/jarchaespanol.com\/fr\/servicios\/enseignement\/espanol-online\/autres-cours-en-petit-groupe\/discussion-mensuelle-en-petit-groupe\/\",\"name\":\"Espagnol en ligne - S\u00e9ances th\u00e9matiques mensuelles - Jarcha Espa\u00f1ol\",\"isPartOf\":{\"@id\":\"https:\/\/jarchaespanol.com\/#website\"},\"primaryImageOfPage\":{\"@id\":\"https:\/\/jarchaespanol.com\/fr\/servicios\/enseignement\/espanol-online\/autres-cours-en-petit-groupe\/discussion-mensuelle-en-petit-groupe\/#primaryimage\"},\"image\":{\"@id\":\"https:\/\/jarchaespanol.com\/fr\/servicios\/enseignement\/espanol-online\/autres-cours-en-petit-groupe\/discussion-mensuelle-en-petit-groupe\/#primaryimage\"},\"thumbnailUrl\":\"https:\/\/jarchaespanol.com\/wp-content\/uploads\/2024\/01\/TERTULIA-MENSUAL-ONLINE.jpg\",\"datePublished\":\"2024-01-31T11:51:54+00:00\",\"dateModified\":\"2026-02-03T12:55:35+00:00\",\"description\":\"Espagnol en ligne - S\u00e9ances th\u00e9matiques mensuelles - Jarcha Espa\u00f1ol - Espa\u00f1ol como Lengua Extranjera. Clases de espa\u00f1ol online.\",\"breadcrumb\":{\"@id\":\"https:\/\/jarchaespanol.com\/fr\/servicios\/enseignement\/espanol-online\/autres-cours-en-petit-groupe\/discussion-mensuelle-en-petit-groupe\/#breadcrumb\"},\"inLanguage\":\"fr-FR\",\"potentialAction\":[{\"@type\":\"ReadAction\",\"target\":[\"https:\/\/jarchaespanol.com\/fr\/servicios\/enseignement\/espanol-online\/autres-cours-en-petit-groupe\/discussion-mensuelle-en-petit-groupe\/\"]}]},{\"@type\":\"ImageObject\",\"inLanguage\":\"fr-FR\",\"@id\":\"https:\/\/jarchaespanol.com\/fr\/servicios\/enseignement\/espanol-online\/autres-cours-en-petit-groupe\/discussion-mensuelle-en-petit-groupe\/#primaryimage\",\"url\":\"https:\/\/jarchaespanol.com\/wp-content\/uploads\/2024\/01\/TERTULIA-MENSUAL-ONLINE.jpg\",\"contentUrl\":\"https:\/\/jarchaespanol.com\/wp-content\/uploads\/2024\/01\/TERTULIA-MENSUAL-ONLINE.jpg\",\"width\":1850,\"height\":1850},{\"@type\":\"BreadcrumbList\",\"@id\":\"https:\/\/jarchaespanol.com\/fr\/servicios\/enseignement\/espanol-online\/autres-cours-en-petit-groupe\/discussion-mensuelle-en-petit-groupe\/#breadcrumb\",\"itemListElement\":[{\"@type\":\"ListItem\",\"position\":1,\"name\":\"Home\",\"item\":\"https:\/\/jarchaespanol.com\/\"},{\"@type\":\"ListItem\",\"position\":2,\"name\":\"Boutique\",\"item\":\"https:\/\/jarchaespanol.com\/tienda\/\"},{\"@type\":\"ListItem\",\"position\":3,\"name\":\"Espagnol en ligne &#8211; S\u00e9ances th\u00e9matiques mensuelles\"}]},{\"@type\":\"WebSite\",\"@id\":\"https:\/\/jarchaespanol.com\/#website\",\"url\":\"https:\/\/jarchaespanol.com\/\",\"name\":\"Jarcha Espa\u00f1ol\",\"description\":\"Plataforma en l\u00ednea especializada en la comunicaci\u00f3n y en la formaci\u00f3n en espa\u00f1ol. Aprende espa\u00f1ol online.\",\"publisher\":{\"@id\":\"https:\/\/jarchaespanol.com\/#organization\"},\"potentialAction\":[{\"@type\":\"SearchAction\",\"target\":{\"@type\":\"EntryPoint\",\"urlTemplate\":\"https:\/\/jarchaespanol.com\/?s={search_term_string}\"},\"query-input\":{\"@type\":\"PropertyValueSpecification\",\"valueRequired\":true,\"valueName\":\"search_term_string\"}}],\"inLanguage\":\"fr-FR\"},{\"@type\":\"Organization\",\"@id\":\"https:\/\/jarchaespanol.com\/#organization\",\"name\":\"Jarcha Espa\u00f1ol\",\"url\":\"https:\/\/jarchaespanol.com\/\",\"logo\":{\"@type\":\"ImageObject\",\"inLanguage\":\"fr-FR\",\"@id\":\"https:\/\/jarchaespanol.com\/#\/schema\/logo\/image\/\",\"url\":\"https:\/\/jarchaespanol.com\/wp-content\/uploads\/2022\/03\/logo-factura-2.png\",\"contentUrl\":\"https:\/\/jarchaespanol.com\/wp-content\/uploads\/2022\/03\/logo-factura-2.png\",\"width\":474,\"height\":177,\"caption\":\"Jarcha Espa\u00f1ol\"},\"image\":{\"@id\":\"https:\/\/jarchaespanol.com\/#\/schema\/logo\/image\/\"}}]}<\/script>\n<!-- \/ Yoast SEO plugin. -->","yoast_head_json":{"title":"Espagnol en ligne - S\u00e9ances th\u00e9matiques mensuelles - Jarcha Espa\u00f1ol","description":"Espagnol en ligne - S\u00e9ances th\u00e9matiques mensuelles - Jarcha Espa\u00f1ol - Espa\u00f1ol como Lengua Extranjera. Clases de espa\u00f1ol online.","robots":{"index":"index","follow":"follow","max-snippet":"max-snippet:-1","max-image-preview":"max-image-preview:large","max-video-preview":"max-video-preview:-1"},"canonical":"https:\/\/jarchaespanol.com\/fr\/servicios\/enseignement\/espanol-online\/autres-cours-en-petit-groupe\/discussion-mensuelle-en-petit-groupe\/","og_locale":"fr_FR","og_type":"article","og_title":"Espagnol en ligne - S\u00e9ances th\u00e9matiques mensuelles - Jarcha Espa\u00f1ol","og_description":"Espagnol en ligne - S\u00e9ances th\u00e9matiques mensuelles - Jarcha Espa\u00f1ol - Espa\u00f1ol como Lengua Extranjera. Clases de espa\u00f1ol online.","og_url":"https:\/\/jarchaespanol.com\/fr\/servicios\/enseignement\/espanol-online\/autres-cours-en-petit-groupe\/discussion-mensuelle-en-petit-groupe\/","og_site_name":"Jarcha Espa\u00f1ol","article_modified_time":"2026-02-03T12:55:35+00:00","og_image":[{"width":1850,"height":1850,"url":"https:\/\/jarchaespanol.com\/wp-content\/uploads\/2024\/01\/TERTULIA-MENSUAL-ONLINE.jpg","type":"image\/jpeg"}],"twitter_card":"summary_large_image","schema":{"@context":"https:\/\/schema.org","@graph":[{"@type":"WebPage","@id":"https:\/\/jarchaespanol.com\/fr\/servicios\/enseignement\/espanol-online\/autres-cours-en-petit-groupe\/discussion-mensuelle-en-petit-groupe\/","url":"https:\/\/jarchaespanol.com\/fr\/servicios\/enseignement\/espanol-online\/autres-cours-en-petit-groupe\/discussion-mensuelle-en-petit-groupe\/","name":"Espagnol en ligne - S\u00e9ances th\u00e9matiques mensuelles - Jarcha Espa\u00f1ol","isPartOf":{"@id":"https:\/\/jarchaespanol.com\/#website"},"primaryImageOfPage":{"@id":"https:\/\/jarchaespanol.com\/fr\/servicios\/enseignement\/espanol-online\/autres-cours-en-petit-groupe\/discussion-mensuelle-en-petit-groupe\/#primaryimage"},"image":{"@id":"https:\/\/jarchaespanol.com\/fr\/servicios\/enseignement\/espanol-online\/autres-cours-en-petit-groupe\/discussion-mensuelle-en-petit-groupe\/#primaryimage"},"thumbnailUrl":"https:\/\/jarchaespanol.com\/wp-content\/uploads\/2024\/01\/TERTULIA-MENSUAL-ONLINE.jpg","datePublished":"2024-01-31T11:51:54+00:00","dateModified":"2026-02-03T12:55:35+00:00","description":"Espagnol en ligne - S\u00e9ances th\u00e9matiques mensuelles - Jarcha Espa\u00f1ol - Espa\u00f1ol como Lengua Extranjera. Clases de espa\u00f1ol online.","breadcrumb":{"@id":"https:\/\/jarchaespanol.com\/fr\/servicios\/enseignement\/espanol-online\/autres-cours-en-petit-groupe\/discussion-mensuelle-en-petit-groupe\/#breadcrumb"},"inLanguage":"fr-FR","potentialAction":[{"@type":"ReadAction","target":["https:\/\/jarchaespanol.com\/fr\/servicios\/enseignement\/espanol-online\/autres-cours-en-petit-groupe\/discussion-mensuelle-en-petit-groupe\/"]}]},{"@type":"ImageObject","inLanguage":"fr-FR","@id":"https:\/\/jarchaespanol.com\/fr\/servicios\/enseignement\/espanol-online\/autres-cours-en-petit-groupe\/discussion-mensuelle-en-petit-groupe\/#primaryimage","url":"https:\/\/jarchaespanol.com\/wp-content\/uploads\/2024\/01\/TERTULIA-MENSUAL-ONLINE.jpg","contentUrl":"https:\/\/jarchaespanol.com\/wp-content\/uploads\/2024\/01\/TERTULIA-MENSUAL-ONLINE.jpg","width":1850,"height":1850},{"@type":"BreadcrumbList","@id":"https:\/\/jarchaespanol.com\/fr\/servicios\/enseignement\/espanol-online\/autres-cours-en-petit-groupe\/discussion-mensuelle-en-petit-groupe\/#breadcrumb","itemListElement":[{"@type":"ListItem","position":1,"name":"Home","item":"https:\/\/jarchaespanol.com\/"},{"@type":"ListItem","position":2,"name":"Boutique","item":"https:\/\/jarchaespanol.com\/tienda\/"},{"@type":"ListItem","position":3,"name":"Espagnol en ligne &#8211; S\u00e9ances th\u00e9matiques mensuelles"}]},{"@type":"WebSite","@id":"https:\/\/jarchaespanol.com\/#website","url":"https:\/\/jarchaespanol.com\/","name":"Jarcha Espa\u00f1ol","description":"Plataforma en l\u00ednea especializada en la comunicaci\u00f3n y en la formaci\u00f3n en espa\u00f1ol. Aprende espa\u00f1ol online.","publisher":{"@id":"https:\/\/jarchaespanol.com\/#organization"},"potentialAction":[{"@type":"SearchAction","target":{"@type":"EntryPoint","urlTemplate":"https:\/\/jarchaespanol.com\/?s={search_term_string}"},"query-input":{"@type":"PropertyValueSpecification","valueRequired":true,"valueName":"search_term_string"}}],"inLanguage":"fr-FR"},{"@type":"Organization","@id":"https:\/\/jarchaespanol.com\/#organization","name":"Jarcha Espa\u00f1ol","url":"https:\/\/jarchaespanol.com\/","logo":{"@type":"ImageObject","inLanguage":"fr-FR","@id":"https:\/\/jarchaespanol.com\/#\/schema\/logo\/image\/","url":"https:\/\/jarchaespanol.com\/wp-content\/uploads\/2022\/03\/logo-factura-2.png","contentUrl":"https:\/\/jarchaespanol.com\/wp-content\/uploads\/2022\/03\/logo-factura-2.png","width":474,"height":177,"caption":"Jarcha Espa\u00f1ol"},"image":{"@id":"https:\/\/jarchaespanol.com\/#\/schema\/logo\/image\/"}}]}},"_links":{"self":[{"href":"https:\/\/jarchaespanol.com\/fr\/wp-json\/wp\/v2\/product\/10985","targetHints":{"allow":["GET"]}}],"collection":[{"href":"https:\/\/jarchaespanol.com\/fr\/wp-json\/wp\/v2\/product"}],"about":[{"href":"https:\/\/jarchaespanol.com\/fr\/wp-json\/wp\/v2\/types\/product"}],"replies":[{"embeddable":true,"href":"https:\/\/jarchaespanol.com\/fr\/wp-json\/wp\/v2\/comments?post=10985"}],"wp:featuredmedia":[{"embeddable":true,"href":"https:\/\/jarchaespanol.com\/fr\/wp-json\/wp\/v2\/media\/17696"}],"wp:attachment":[{"href":"https:\/\/jarchaespanol.com\/fr\/wp-json\/wp\/v2\/media?parent=10985"}],"wp:term":[{"taxonomy":"product_brand","embeddable":true,"href":"https:\/\/jarchaespanol.com\/fr\/wp-json\/wp\/v2\/product_brand?post=10985"},{"taxonomy":"product_cat","embeddable":true,"href":"https:\/\/jarchaespanol.com\/fr\/wp-json\/wp\/v2\/product_cat?post=10985"},{"taxonomy":"product_tag","embeddable":true,"href":"https:\/\/jarchaespanol.com\/fr\/wp-json\/wp\/v2\/product_tag?post=10985"}],"curies":[{"name":"wp","href":"https:\/\/api.w.org\/{rel}","templated":true}]}}