{"id":12831,"date":"2024-09-04T12:08:14","date_gmt":"2024-09-04T10:08:14","guid":{"rendered":"https:\/\/jarchaespanol.com\/?post_type=product&#038;p=12831"},"modified":"2024-10-31T00:04:45","modified_gmt":"2024-10-30T23:04:45","slug":"espagnol-en-presentiel-cursus-en-petit-groupe","status":"publish","type":"product","link":"https:\/\/jarchaespanol.com\/fr\/servicios\/non class\u00e9\/espagnol-en-presentiel-cursus-en-petit-groupe\/","title":{"rendered":"Espagnol en en pr\u00e9sentiel &#8211; Cursus en petit groupe"},"content":{"rendered":"<p>Si vous r\u00e9sidez \u00e0 Vigo de mani\u00e8re temporaire ou ind\u00e9finie, que ce soit pour des raisons <strong>acad\u00e9miques<\/strong> ou <strong>professionnelles<\/strong>, et que vous souhaitez augmenter ou perfectionner vos connaissances en espagnol, nous vous recommandons nos cours d\u2019espagnol en pr\u00e9sentiel en <strong>petit groupe<\/strong>. En plus d\u2019\u00eatre en contact et d\u2019interagir avec des \u00e9tudiants de votre niveau, nous r\u00e9aliserons des activit\u00e9s extrascolaires en dehors de la salle de classe afin que votre apprentissage soit compl\u00e9t\u00e9 par la connaissance de l\u2019environnement et de la culture locaux.<br \/>\nCes cours sont aussi id\u00e9aux pour les petits groupes <strong>d&rsquo;amis ou de membres de la famille<\/strong> (de 2 \u00e0 4 personnes) qui souhaitent \u00e9tudier ensemble. Cette option permet d\u2019apprendre de mani\u00e8re plus agr\u00e9able et de cr\u00e9er une routine int\u00e9ressante en pratiquant ensemble en dehors des cours, ce qui est essentiel pour am\u00e9liorer la fluidit\u00e9 et la confiance dans l&rsquo;utilisation de la langue.<br \/>\nEt, comme dans toutes nos modalit\u00e9s d\u2019enseignement, notre \u00e9quipe p\u00e9dagogique sera toujours attentive \u00e0 vos progr\u00e8s pour garantir que vous atteignez vos objectifs communicatifs personnels. Remplissez ce <span style=\"color: #882437;\"><a style=\"color: #882437;\" href=\"https:\/\/docs.google.com\/forms\/d\/1DZ4Ua3tpwMCsNGHzLUe_dzR56Vj4WryQtgrGF36Gwsc\/\" target=\"_blank\" rel=\"noopener\"><strong>formulaire<\/strong><\/a><\/span> et, lorsque votre groupe sera complet, nous vous contacterons par e-mail pour effectuer l\u2019inscription et le paiement via notre site web.<\/p>\n<p>&nbsp;<\/p>\n<div class=\"lightweight-accordion bordered\"><details><summary class=\"lightweight-accordion-title\"><span><strong>CURSUS EN GROUPE DE NIVEAU DE BASE A1-A2<\/strong><\/span><\/summary><div class=\"lightweight-accordion-body\"><p><span style=\"font-weight: 400;\">De conformit\u00e9 avec la d\u00e9finition du CECR (Cadre europ\u00e9en commun de r\u00e9f\u00e9rence pour les langues), l\u2019 \u00e9l\u00e8ve qui a d\u00e9pass\u00e9 le niveau de base \u00abest capable de comprendre des phrases et des expressions fr\u00e9quemment utilis\u00e9es, li\u00e9es \u00e0 des domaines d\u2019exp\u00e9rience qui lui sont particuli\u00e8rement pertinents (informations de base sur eux-m\u00eames et leur famille, achats, lieux d\u2019int\u00e9r\u00eat, professions, etc.). Il sait \u00e9galement communiquer dans l\u2019accomplissement de t\u00e2ches simples et quotidiennes qui ne n\u00e9cessitent que des \u00e9changes simples et directs d\u2019informations sur des questions qui lui sont connues et des questions li\u00e9es \u00e0 ses besoins imm\u00e9diats\u00bb.<\/span><\/p>\n<p>&nbsp;<\/p>\n<p>La dur\u00e9e minimale de ce cours est de 5 mois, extensible pour une dur\u00e9e ind\u00e9termin\u00e9e jusqu\u2019\u00e0 atteindre les bases de communication minimales requises pour ce niveau.<br \/>\nLe contenu sera enseign\u00e9 en 2 sessions hebdomadaires de 120 minutes.<\/p>\n<p><span style=\"font-weight: 400;\">Le prix du cours comprend du mat\u00e9riel didactique en format word, jpg et pdf et des ressources multim\u00e9dias en libre acc\u00e8s.<\/span><\/p>\n<p>&nbsp;<\/p>\n<p><a class=\"btn btn-jarcha\" href=\"https:\/\/jarchaespanol.com\/wp-content\/uploads\/2022\/06\/temporalizacion_contenidos_basico.pdf\" target=\"_blank\" rel=\"noopener\"><span style=\"font-weight: 400;\"> &gt; Temporisation et contenus<\/span><\/a><\/p>\n<p>&nbsp;<\/p>\n<\/div><\/details><\/div>\n<div class=\"lightweight-accordion bordered\"><details><summary class=\"lightweight-accordion-title\"><span><strong>CURSUS EN GROUPE DE NIVEAU INTERM\u00c9DIAIRE B1<\/strong><\/span><\/summary><div class=\"lightweight-accordion-body\"><p><span style=\"font-weight: 400;\">Selon la d\u00e9finition du CECR (Cadre europ\u00e9en commun de r\u00e9f\u00e9rence pour les langues), l\u2019\u00e9l\u00e8ve de niveau B1 \u00abest capable de comprendre les points principaux d\u2019une information claire et normalis\u00e9e d\u2019enregistrement sur des sujets quotidiens qui se trouvent normalement au travail, dans le milieu scolaire, dans des situations de loisirs, etc. Il est capable de se d\u00e9fendre dans la plupart des situations qui peuvent survenir lorsqu\u2019 il voyage dans une zone o\u00f9 la langue \u00e9tudi\u00e9e est parl\u00e9e. Il est capable de produire des textes simples reli\u00e9s par des connecteurs sur des sujets quotidiens ou d\u2019int\u00e9r\u00eat personnel. Il est capable de d\u00e9crire des exp\u00e9riences et des \u00e9v\u00e9nements, des r\u00eaves, des espoirs et des ambitions et de donner de br\u00e8ves raisons et des explications concernant des opinions et des plans\u00bb.<\/span><\/p>\n<p>&nbsp;<\/p>\n<p>Le niveau B1 comprend deux cours : Interm\u00e9diaire B1.1 et Interm\u00e9diaire B1.2. La dur\u00e9e minimale fix\u00e9e pour les deux blocs est de 7 mois, extensible pour une dur\u00e9e ind\u00e9termin\u00e9e jusqu\u2019\u00e0 atteindre les bases de communication minimales requises pour ce niveau.<br \/>\nLe contenu sera enseign\u00e9 en 2 sessions hebdomadaires de 120 minutes.<\/p>\n<p><span style=\"font-weight: 400;\">Le prix du cours comprend du mat\u00e9riel didactique en format word, jpg et pdf et des ressources multim\u00e9dias en libre acc\u00e8s.<\/span><\/p>\n<p>&nbsp;<\/p>\n<p><a class=\"btn btn-jarcha\" href=\"https:\/\/jarchaespanol.com\/wp-content\/uploads\/2022\/06\/temporalizacion_contenidos_b1.pdf\" target=\"_blank\" rel=\"noopener\"><span style=\"font-weight: 400;\"> &gt; Temporisation et contenus<\/span><\/a><\/p>\n<p>&nbsp;<\/p>\n<\/div><\/details><\/div>\n<div class=\"lightweight-accordion bordered\"><details><summary class=\"lightweight-accordion-title\"><span><strong>CURSUS EN GROUPE DE NIVEAU INTERM\u00c9DIAIRE B2<\/strong><\/span><\/summary><div class=\"lightweight-accordion-body\"><p><span style=\"font-weight: 400;\">Selon la d\u00e9finition du CECR (Cadre europ\u00e9en commun de r\u00e9f\u00e9rence pour les langues), l\u2019 \u00e9l\u00e8ve de niveau B2 \u00abest capable de comprendre les points principaux d\u2019une information claire d\u2019enregistrement standard sur des sujets quotidiens qui se trouvent normalement au travail, \u00e0 l\u2019\u00e9cole, dans des situations de loisirs, etc. Il est capable de se d\u00e9fendre dans la plupart des situations qui peuvent survenir lorsqu\u2019 il voyage dans une zone o\u00f9 la langue \u00e9tudi\u00e9e est parl\u00e9e. Il est capable de produire des textes simples reli\u00e9s par des connecteurs sur des sujets quotidiens ou d\u2019int\u00e9r\u00eat personnel. Il est capable de d\u00e9crire des exp\u00e9riences et des \u00e9v\u00e9nements, des r\u00eaves, des espoirs et des ambitions et de donner de br\u00e8ves raisons et des explications concernant des opinions et des plans\u00bb.<\/span><\/p>\n<p>&nbsp;<\/p>\n<p>Le niveau B2 comprend deux cours : Interm\u00e9diaire B2.1 et Interm\u00e9diaire B2.2. La dur\u00e9e minimale fix\u00e9e pour les deux blocs est de 6 mois, extensible pour une dur\u00e9e ind\u00e9termin\u00e9e jusqu\u2019\u00e0 atteindre les bases de communication minimales requises pour ce niveau.<\/p>\n<p><span style=\"font-weight: 400;\">Le prix du cours comprend du mat\u00e9riel didactique en format word, jpg et pdf et des ressources multim\u00e9dias en libre acc\u00e8s.<\/span><\/p>\n<p>&nbsp;<\/p>\n<p><a class=\"btn btn-jarcha\" href=\"https:\/\/jarchaespanol.com\/wp-content\/uploads\/2022\/06\/temporalizacion_contenidos_b2.pdf\" target=\"_blank\" rel=\"noopener\"><span style=\"font-weight: 400;\"> &gt; Temporisation et contenus<\/span><\/a><\/p>\n<p>&nbsp;<\/p>\n<\/div><\/details><\/div>\n<div class=\"lightweight-accordion bordered\"><details><summary class=\"lightweight-accordion-title\"><span><strong>CURSUS EN GROUPE DE NIVEAU AVANC\u00c9 C1<\/strong><\/span><\/summary><div class=\"lightweight-accordion-body\"><p><span style=\"font-weight: 400;\">Dans le CECR, le niveau C1 est appel\u00e9 <\/span><i><span style=\"font-weight: 400;\">d\u2019 Autonomie<\/span><\/i><span style=\"font-weight: 400;\">. Pour atteindre ce niveau, les \u00e9l\u00e8ves doivent \u00eatre capables de comprendre une grande vari\u00e9t\u00e9 de textes oraux et \u00e9crits, avec un certain niveau d\u2019exigence, et \u00eatre capables de reconna\u00eetre en eux des sens implicites.<\/span><\/p>\n<p>&nbsp;<\/p>\n<p><span style=\"font-weight: 400;\">Ils doivent savoir s\u2019exprimer de mani\u00e8re fluide et spontan\u00e9e, faire un usage souple et efficace de la langue \u00e0 des fins sociales, acad\u00e9miques et professionnelles et produire des textes clairs, bien structur\u00e9s et d\u00e9taill\u00e9s sur des sujets d\u2019une certaine complexit\u00e9, montrant une utilisation correcte des m\u00e9canismes d\u2019organisation, d\u2019articulation et de coh\u00e9sion du texte.<\/span><\/p>\n<p>&nbsp;<\/p>\n<p><span style=\"font-weight: 400;\">La diff\u00e9rence la plus notable entre ce niveau et les pr\u00e9c\u00e9dents est l\u2019acquisition d\u2019un r\u00e9pertoire linguistique large permettant une communication fluide et spontan\u00e9e. Cette plus grande facilit\u00e9 de communication doit \u00eatre bas\u00e9e sur les comp\u00e9tences de parole acquises aux niveaux pr\u00e9c\u00e9dents.<\/span><\/p>\n<p>&nbsp;<\/p>\n<p><span style=\"font-weight: 400;\">L\u2019autonomie d\u2019apprentissage est un autre pilier de ce niveau et doit \u00eatre \u00e9lev\u00e9e, car les \u00e9l\u00e8ves ont les outils et les connaissances n\u00e9cessaires pour progresser par eux-m\u00eames, en plus de suivre les instructions de l\u2019enseignant. La pratique en classe ne sera pas suffisante et ils devront donc rechercher et saisir toutes les occasions qui leurs sont offertes de d\u00e9velopper les comp\u00e9tences acquises en classe.<\/span><\/p>\n<p>&nbsp;<\/p>\n<p>La dur\u00e9e minimale fix\u00e9e pour ce cours est de 5 mois, extensible pour une dur\u00e9e ind\u00e9termin\u00e9e.<br \/>\nLe contenu sera enseign\u00e9 en 2 sessions hebdomadaires de 120 minutes.<\/p>\n<p><span style=\"font-weight: 400;\">Le prix du cours comprend du mat\u00e9riel didactique en format word, jpg et pdf et des ressources multim\u00e9dias en libre acc\u00e8s.<\/span><\/p>\n<p>&nbsp;<\/p>\n<p><a class=\"btn btn-jarcha\" href=\"https:\/\/jarchaespanol.com\/wp-content\/uploads\/2022\/06\/temporalizacion_contenidos_c1.pdf\" target=\"_blank\" rel=\"noopener\"><span style=\"font-weight: 400;\"> &gt; Temporisation et contenus<\/span><\/a><\/p>\n<p>&nbsp;<\/p>\n<\/div><\/details><\/div>\n<p>&nbsp;<\/p>\n<p><b>Test de niveau<\/b><br \/>\n<a class=\"btn btn-jarcha\" href=\"https:\/\/docs.google.com\/forms\/d\/e\/1FAIpQLScMyzM92U1yRd7pyrAY6iNldme-eUzGKpzMkl9ZJUN072zVHw\/viewform?usp=sf_link\" target=\"_blank\" rel=\"noopener\"><span style=\"font-weight: 400;\"><i class=\"vc_btn3-icon fas fa-user-graduate\"><\/i> A1 <\/span><\/a> <a class=\"btn btn-jarcha\" href=\"https:\/\/docs.google.com\/forms\/d\/e\/1FAIpQLSctisEsdQt-A4UJe0KuWHLCDoTzLtXFWelAQNoauRGeyPcSUg\/viewform?usp=sf_link\" target=\"_blank\" rel=\"noopener\"><span style=\"font-weight: 400;\"><i class=\"vc_btn3-icon fas fa-user-graduate\"><\/i> A2 <\/span><\/a> <a class=\"btn btn-jarcha\" href=\"https:\/\/docs.google.com\/forms\/d\/e\/1FAIpQLSdNGeGMzvjiXYDQWm0ySq6zpqES6g3MFOjMnaYxYUgCeI3M7A\/viewform?usp=sf_link\" target=\"_blank\" rel=\"noopener\"><span style=\"font-weight: 400;\"><i class=\"vc_btn3-icon fas fa-user-graduate\"><\/i> B1 <\/span><\/a> <a class=\"btn btn-jarcha\" href=\"https:\/\/docs.google.com\/forms\/d\/e\/1FAIpQLSfHj2JP1zE2D1FUPS_FbH0zTUNzAJ1CEopeBKifrEwm5nMmsw\/viewform?usp=sf_link\" target=\"_blank\" rel=\"noopener\"><span style=\"font-weight: 400;\"><i class=\"vc_btn3-icon fas fa-user-graduate\"><\/i> B2 <\/span><\/a> <a class=\"btn btn-jarcha\" href=\"https:\/\/docs.google.com\/forms\/d\/e\/1FAIpQLSeUgWtLVaOwNh7sbMlg0a7C-zQG3OhJkbzS22VtItOdw6IVCQ\/viewform?usp=sf_link\" target=\"_blank\" rel=\"noopener\"><span style=\"font-weight: 400;\"><i class=\"vc_btn3-icon fas fa-user-graduate\"><\/i> C1 <\/span><\/a> <a class=\"btn btn-jarcha\" href=\"https:\/\/docs.google.com\/forms\/d\/e\/1FAIpQLScMlqLbAih6VOcu6jaiNdpp6wh9zkimMY9El8kqYbHZaRVInw\/viewform?usp=sf_link\" target=\"_blank\" rel=\"noopener\"><span style=\"font-weight: 400;\"><i class=\"vc_btn3-icon fas fa-user-graduate\"><\/i> C2 <\/span><\/a><\/p>\n","protected":false},"excerpt":{"rendered":"<p>Am\u00e9lioration des comp\u00e9tences linguistiques gr\u00e2ce \u00e0 l\u2019interaction en groupe<\/p>\n","protected":false},"featured_media":5506,"comment_status":"open","ping_status":"closed","template":"","meta":{"inline_featured_image":false,"_joinchat":[]},"product_brand":[],"product_cat":[],"product_tag":[],"class_list":{"0":"post-12831","1":"product","2":"type-product","3":"status-publish","4":"has-post-thumbnail","7":"first","8":"instock","9":"shipping-taxable","10":"purchasable","11":"product-type-variable-subscription"},"yoast_head":"<!-- This site is optimized with the Yoast SEO plugin v26.8 - https:\/\/yoast.com\/product\/yoast-seo-wordpress\/ -->\n<title>Espagnol en en pr\u00e9sentiel - Cursus en petit groupe - Jarcha Espa\u00f1ol<\/title>\n<meta name=\"description\" content=\"Espagnol en en pr\u00e9sentiel - Cursus en petit groupe - Jarcha Espa\u00f1ol - Espa\u00f1ol como Lengua Extranjera. Clases de espa\u00f1ol online.\" \/>\n<meta name=\"robots\" content=\"index, follow, max-snippet:-1, max-image-preview:large, max-video-preview:-1\" \/>\n<link rel=\"canonical\" href=\"https:\/\/jarchaespanol.com\/fr\/servicios\/non%20class\u00e9\/espagnol-en-presentiel-cursus-en-petit-groupe\/\" \/>\n<meta property=\"og:locale\" content=\"fr_FR\" \/>\n<meta property=\"og:type\" content=\"article\" \/>\n<meta property=\"og:title\" content=\"Espagnol en en pr\u00e9sentiel - Cursus en petit groupe - Jarcha Espa\u00f1ol\" \/>\n<meta property=\"og:description\" content=\"Espagnol en en pr\u00e9sentiel - Cursus en petit groupe - Jarcha Espa\u00f1ol - Espa\u00f1ol como Lengua Extranjera. Clases de espa\u00f1ol online.\" \/>\n<meta property=\"og:url\" content=\"https:\/\/jarchaespanol.com\/fr\/servicios\/enseignement\/espagnol-en-presentiel\/cours-en-petit-groupe-fr\/espagnol-en-presentiel-cursus-en-petit-groupe\/\" \/>\n<meta property=\"og:site_name\" content=\"Jarcha Espa\u00f1ol\" \/>\n<meta property=\"article:modified_time\" content=\"2024-10-30T23:04:45+00:00\" \/>\n<meta property=\"og:image\" content=\"https:\/\/jarchaespanol.com\/wp-content\/uploads\/2022\/06\/curso-espanol-grupo.png\" \/>\n\t<meta property=\"og:image:width\" content=\"600\" \/>\n\t<meta property=\"og:image:height\" content=\"600\" \/>\n\t<meta property=\"og:image:type\" content=\"image\/png\" \/>\n<meta name=\"twitter:card\" content=\"summary_large_image\" \/>\n<script type=\"application\/ld+json\" class=\"yoast-schema-graph\">{\"@context\":\"https:\/\/schema.org\",\"@graph\":[{\"@type\":\"WebPage\",\"@id\":\"https:\/\/jarchaespanol.com\/fr\/servicios\/enseignement\/espagnol-en-presentiel\/cours-en-petit-groupe-fr\/espagnol-en-presentiel-cursus-en-petit-groupe\/\",\"url\":\"https:\/\/jarchaespanol.com\/fr\/servicios\/enseignement\/espagnol-en-presentiel\/cours-en-petit-groupe-fr\/espagnol-en-presentiel-cursus-en-petit-groupe\/\",\"name\":\"Espagnol en en pr\u00e9sentiel - Cursus en petit groupe - Jarcha Espa\u00f1ol\",\"isPartOf\":{\"@id\":\"https:\/\/jarchaespanol.com\/#website\"},\"primaryImageOfPage\":{\"@id\":\"https:\/\/jarchaespanol.com\/fr\/servicios\/enseignement\/espagnol-en-presentiel\/cours-en-petit-groupe-fr\/espagnol-en-presentiel-cursus-en-petit-groupe\/#primaryimage\"},\"image\":{\"@id\":\"https:\/\/jarchaespanol.com\/fr\/servicios\/enseignement\/espagnol-en-presentiel\/cours-en-petit-groupe-fr\/espagnol-en-presentiel-cursus-en-petit-groupe\/#primaryimage\"},\"thumbnailUrl\":\"https:\/\/jarchaespanol.com\/wp-content\/uploads\/2022\/06\/curso-espanol-grupo.png\",\"datePublished\":\"2024-09-04T10:08:14+00:00\",\"dateModified\":\"2024-10-30T23:04:45+00:00\",\"description\":\"Espagnol en en pr\u00e9sentiel - Cursus en petit groupe - Jarcha Espa\u00f1ol - Espa\u00f1ol como Lengua Extranjera. Clases de espa\u00f1ol online.\",\"breadcrumb\":{\"@id\":\"https:\/\/jarchaespanol.com\/fr\/servicios\/enseignement\/espagnol-en-presentiel\/cours-en-petit-groupe-fr\/espagnol-en-presentiel-cursus-en-petit-groupe\/#breadcrumb\"},\"inLanguage\":\"fr-FR\",\"potentialAction\":[{\"@type\":\"ReadAction\",\"target\":[\"https:\/\/jarchaespanol.com\/fr\/servicios\/enseignement\/espagnol-en-presentiel\/cours-en-petit-groupe-fr\/espagnol-en-presentiel-cursus-en-petit-groupe\/\"]}]},{\"@type\":\"ImageObject\",\"inLanguage\":\"fr-FR\",\"@id\":\"https:\/\/jarchaespanol.com\/fr\/servicios\/enseignement\/espagnol-en-presentiel\/cours-en-petit-groupe-fr\/espagnol-en-presentiel-cursus-en-petit-groupe\/#primaryimage\",\"url\":\"https:\/\/jarchaespanol.com\/wp-content\/uploads\/2022\/06\/curso-espanol-grupo.png\",\"contentUrl\":\"https:\/\/jarchaespanol.com\/wp-content\/uploads\/2022\/06\/curso-espanol-grupo.png\",\"width\":600,\"height\":600},{\"@type\":\"BreadcrumbList\",\"@id\":\"https:\/\/jarchaespanol.com\/fr\/servicios\/enseignement\/espagnol-en-presentiel\/cours-en-petit-groupe-fr\/espagnol-en-presentiel-cursus-en-petit-groupe\/#breadcrumb\",\"itemListElement\":[{\"@type\":\"ListItem\",\"position\":1,\"name\":\"Home\",\"item\":\"https:\/\/jarchaespanol.com\/\"},{\"@type\":\"ListItem\",\"position\":2,\"name\":\"Boutique\",\"item\":\"https:\/\/jarchaespanol.com\/tienda\/\"},{\"@type\":\"ListItem\",\"position\":3,\"name\":\"Espagnol en en pr\u00e9sentiel &#8211; Cursus en petit groupe\"}]},{\"@type\":\"WebSite\",\"@id\":\"https:\/\/jarchaespanol.com\/#website\",\"url\":\"https:\/\/jarchaespanol.com\/\",\"name\":\"Jarcha Espa\u00f1ol\",\"description\":\"Plataforma en l\u00ednea especializada en la comunicaci\u00f3n y en la formaci\u00f3n en espa\u00f1ol. Aprende espa\u00f1ol online.\",\"publisher\":{\"@id\":\"https:\/\/jarchaespanol.com\/#organization\"},\"potentialAction\":[{\"@type\":\"SearchAction\",\"target\":{\"@type\":\"EntryPoint\",\"urlTemplate\":\"https:\/\/jarchaespanol.com\/?s={search_term_string}\"},\"query-input\":{\"@type\":\"PropertyValueSpecification\",\"valueRequired\":true,\"valueName\":\"search_term_string\"}}],\"inLanguage\":\"fr-FR\"},{\"@type\":\"Organization\",\"@id\":\"https:\/\/jarchaespanol.com\/#organization\",\"name\":\"Jarcha Espa\u00f1ol\",\"url\":\"https:\/\/jarchaespanol.com\/\",\"logo\":{\"@type\":\"ImageObject\",\"inLanguage\":\"fr-FR\",\"@id\":\"https:\/\/jarchaespanol.com\/#\/schema\/logo\/image\/\",\"url\":\"https:\/\/jarchaespanol.com\/wp-content\/uploads\/2022\/03\/logo-factura-2.png\",\"contentUrl\":\"https:\/\/jarchaespanol.com\/wp-content\/uploads\/2022\/03\/logo-factura-2.png\",\"width\":474,\"height\":177,\"caption\":\"Jarcha Espa\u00f1ol\"},\"image\":{\"@id\":\"https:\/\/jarchaespanol.com\/#\/schema\/logo\/image\/\"}}]}<\/script>\n<!-- \/ Yoast SEO plugin. -->","yoast_head_json":{"title":"Espagnol en en pr\u00e9sentiel - Cursus en petit groupe - Jarcha Espa\u00f1ol","description":"Espagnol en en pr\u00e9sentiel - Cursus en petit groupe - Jarcha Espa\u00f1ol - Espa\u00f1ol como Lengua Extranjera. Clases de espa\u00f1ol online.","robots":{"index":"index","follow":"follow","max-snippet":"max-snippet:-1","max-image-preview":"max-image-preview:large","max-video-preview":"max-video-preview:-1"},"canonical":"https:\/\/jarchaespanol.com\/fr\/servicios\/non class\u00e9\/espagnol-en-presentiel-cursus-en-petit-groupe\/","og_locale":"fr_FR","og_type":"article","og_title":"Espagnol en en pr\u00e9sentiel - Cursus en petit groupe - Jarcha Espa\u00f1ol","og_description":"Espagnol en en pr\u00e9sentiel - Cursus en petit groupe - Jarcha Espa\u00f1ol - Espa\u00f1ol como Lengua Extranjera. Clases de espa\u00f1ol online.","og_url":"https:\/\/jarchaespanol.com\/fr\/servicios\/enseignement\/espagnol-en-presentiel\/cours-en-petit-groupe-fr\/espagnol-en-presentiel-cursus-en-petit-groupe\/","og_site_name":"Jarcha Espa\u00f1ol","article_modified_time":"2024-10-30T23:04:45+00:00","og_image":[{"width":600,"height":600,"url":"https:\/\/jarchaespanol.com\/wp-content\/uploads\/2022\/06\/curso-espanol-grupo.png","type":"image\/png"}],"twitter_card":"summary_large_image","schema":{"@context":"https:\/\/schema.org","@graph":[{"@type":"WebPage","@id":"https:\/\/jarchaespanol.com\/fr\/servicios\/enseignement\/espagnol-en-presentiel\/cours-en-petit-groupe-fr\/espagnol-en-presentiel-cursus-en-petit-groupe\/","url":"https:\/\/jarchaespanol.com\/fr\/servicios\/enseignement\/espagnol-en-presentiel\/cours-en-petit-groupe-fr\/espagnol-en-presentiel-cursus-en-petit-groupe\/","name":"Espagnol en en pr\u00e9sentiel - Cursus en petit groupe - Jarcha Espa\u00f1ol","isPartOf":{"@id":"https:\/\/jarchaespanol.com\/#website"},"primaryImageOfPage":{"@id":"https:\/\/jarchaespanol.com\/fr\/servicios\/enseignement\/espagnol-en-presentiel\/cours-en-petit-groupe-fr\/espagnol-en-presentiel-cursus-en-petit-groupe\/#primaryimage"},"image":{"@id":"https:\/\/jarchaespanol.com\/fr\/servicios\/enseignement\/espagnol-en-presentiel\/cours-en-petit-groupe-fr\/espagnol-en-presentiel-cursus-en-petit-groupe\/#primaryimage"},"thumbnailUrl":"https:\/\/jarchaespanol.com\/wp-content\/uploads\/2022\/06\/curso-espanol-grupo.png","datePublished":"2024-09-04T10:08:14+00:00","dateModified":"2024-10-30T23:04:45+00:00","description":"Espagnol en en pr\u00e9sentiel - Cursus en petit groupe - Jarcha Espa\u00f1ol - Espa\u00f1ol como Lengua Extranjera. Clases de espa\u00f1ol online.","breadcrumb":{"@id":"https:\/\/jarchaespanol.com\/fr\/servicios\/enseignement\/espagnol-en-presentiel\/cours-en-petit-groupe-fr\/espagnol-en-presentiel-cursus-en-petit-groupe\/#breadcrumb"},"inLanguage":"fr-FR","potentialAction":[{"@type":"ReadAction","target":["https:\/\/jarchaespanol.com\/fr\/servicios\/enseignement\/espagnol-en-presentiel\/cours-en-petit-groupe-fr\/espagnol-en-presentiel-cursus-en-petit-groupe\/"]}]},{"@type":"ImageObject","inLanguage":"fr-FR","@id":"https:\/\/jarchaespanol.com\/fr\/servicios\/enseignement\/espagnol-en-presentiel\/cours-en-petit-groupe-fr\/espagnol-en-presentiel-cursus-en-petit-groupe\/#primaryimage","url":"https:\/\/jarchaespanol.com\/wp-content\/uploads\/2022\/06\/curso-espanol-grupo.png","contentUrl":"https:\/\/jarchaespanol.com\/wp-content\/uploads\/2022\/06\/curso-espanol-grupo.png","width":600,"height":600},{"@type":"BreadcrumbList","@id":"https:\/\/jarchaespanol.com\/fr\/servicios\/enseignement\/espagnol-en-presentiel\/cours-en-petit-groupe-fr\/espagnol-en-presentiel-cursus-en-petit-groupe\/#breadcrumb","itemListElement":[{"@type":"ListItem","position":1,"name":"Home","item":"https:\/\/jarchaespanol.com\/"},{"@type":"ListItem","position":2,"name":"Boutique","item":"https:\/\/jarchaespanol.com\/tienda\/"},{"@type":"ListItem","position":3,"name":"Espagnol en en pr\u00e9sentiel &#8211; Cursus en petit groupe"}]},{"@type":"WebSite","@id":"https:\/\/jarchaespanol.com\/#website","url":"https:\/\/jarchaespanol.com\/","name":"Jarcha Espa\u00f1ol","description":"Plataforma en l\u00ednea especializada en la comunicaci\u00f3n y en la formaci\u00f3n en espa\u00f1ol. Aprende espa\u00f1ol online.","publisher":{"@id":"https:\/\/jarchaespanol.com\/#organization"},"potentialAction":[{"@type":"SearchAction","target":{"@type":"EntryPoint","urlTemplate":"https:\/\/jarchaespanol.com\/?s={search_term_string}"},"query-input":{"@type":"PropertyValueSpecification","valueRequired":true,"valueName":"search_term_string"}}],"inLanguage":"fr-FR"},{"@type":"Organization","@id":"https:\/\/jarchaespanol.com\/#organization","name":"Jarcha Espa\u00f1ol","url":"https:\/\/jarchaespanol.com\/","logo":{"@type":"ImageObject","inLanguage":"fr-FR","@id":"https:\/\/jarchaespanol.com\/#\/schema\/logo\/image\/","url":"https:\/\/jarchaespanol.com\/wp-content\/uploads\/2022\/03\/logo-factura-2.png","contentUrl":"https:\/\/jarchaespanol.com\/wp-content\/uploads\/2022\/03\/logo-factura-2.png","width":474,"height":177,"caption":"Jarcha Espa\u00f1ol"},"image":{"@id":"https:\/\/jarchaespanol.com\/#\/schema\/logo\/image\/"}}]}},"_links":{"self":[{"href":"https:\/\/jarchaespanol.com\/fr\/wp-json\/wp\/v2\/product\/12831","targetHints":{"allow":["GET"]}}],"collection":[{"href":"https:\/\/jarchaespanol.com\/fr\/wp-json\/wp\/v2\/product"}],"about":[{"href":"https:\/\/jarchaespanol.com\/fr\/wp-json\/wp\/v2\/types\/product"}],"replies":[{"embeddable":true,"href":"https:\/\/jarchaespanol.com\/fr\/wp-json\/wp\/v2\/comments?post=12831"}],"wp:featuredmedia":[{"embeddable":true,"href":"https:\/\/jarchaespanol.com\/fr\/wp-json\/wp\/v2\/media\/5506"}],"wp:attachment":[{"href":"https:\/\/jarchaespanol.com\/fr\/wp-json\/wp\/v2\/media?parent=12831"}],"wp:term":[{"taxonomy":"product_brand","embeddable":true,"href":"https:\/\/jarchaespanol.com\/fr\/wp-json\/wp\/v2\/product_brand?post=12831"},{"taxonomy":"product_cat","embeddable":true,"href":"https:\/\/jarchaespanol.com\/fr\/wp-json\/wp\/v2\/product_cat?post=12831"},{"taxonomy":"product_tag","embeddable":true,"href":"https:\/\/jarchaespanol.com\/fr\/wp-json\/wp\/v2\/product_tag?post=12831"}],"curies":[{"name":"wp","href":"https:\/\/api.w.org\/{rel}","templated":true}]}}