{"id":12943,"date":"2024-09-04T12:39:25","date_gmt":"2024-09-04T10:39:25","guid":{"rendered":"https:\/\/jarchaespanol.com\/?post_type=product&#038;p=12943"},"modified":"2024-10-23T12:40:12","modified_gmt":"2024-10-23T10:40:12","slug":"espagnol-en-presentiel-preparation-au-dele-en-petit-groupe","status":"publish","type":"product","link":"https:\/\/jarchaespanol.com\/fr\/servicios\/non class\u00e9\/espagnol-en-presentiel-preparation-au-dele-en-petit-groupe\/","title":{"rendered":"Espagnol en pr\u00e9sentiel &#8211; Pr\u00e9paration au DELE en petit groupe"},"content":{"rendered":"<p>Si vous \u00eates arriv\u00e9 jusqu\u2019ici sans savoir o\u00f9 se trouve Jarcha Espa\u00f1ol, nous vous informons que nous sommes \u00e0 Vigo, une ville importante de Galice, dans le nord-ouest de l\u2019Espagne. Si vous \u00eates d\u00e9j\u00e0 \u00e0 Vigo, vous \u00eates au bon endroit pour commencer votre apprentissage avec nous ! Et si, en plus, vous souhaitez profiter de votre s\u00e9jour pour pr\u00e9parer le <span style=\"color: #882437;\"><a style=\"color: #882437;\" href=\"https:\/\/jarchaespanol.com\/fr\/dele\/\"><strong>DELE<\/strong><\/a><\/span>, nous vous invitons \u00e0 le faire tout en d\u00e9couvrant notre ville, sa culture et son environnement. Vous ferez partie d\u2019un petit groupe d\u2019\u00e9l\u00e8ves ayant les m\u00eames objectifs et vous appr\u00e9cierez d\u2019interagir avec eux dans des cours tr\u00e8s dynamiques et participatifs. Notre \u00e9quipe p\u00e9dagogique se chargera de vous guider dans chacune des comp\u00e9tences cl\u00e9s de l\u2019examen, en vous offrant une attention individualis\u00e9e qui vous aidera \u00e0 obtenir votre dipl\u00f4me avec succ\u00e8s.<\/p>\n<p>&nbsp;<\/p>\n<p><strong>Comment s\u2019inscrire \u00e0 nos cours ?<\/strong><br \/>\nIl vous suffit de remplir ce <strong><a href=\"https:\/\/docs.google.com\/forms\/d\/1VuoLtrmoK3lN4giclSpHmSSFe2_0dfL6qUSI64Mv2TU\/\" target=\"_blank\" rel=\"noopener\"><span style=\"color: #800000;\">formulaire<\/span><\/a>.<\/strong> Une fois le groupe de votre choix complet, vous recevrez un e-mail avec les instructions pour finaliser l\u2019inscription et le paiement via notre site web.<\/p>\n","protected":false},"excerpt":{"rendered":"<p>Si vous \u00eates arriv\u00e9 jusqu\u2019ici sans savoir o\u00f9 se trouve Jarcha Espa\u00f1ol, nous vous informons que nous sommes \u00e0 Vigo, une ville importante de Galice, dans le nord-ouest de l\u2019Espagne. Si vous \u00eates d\u00e9j\u00e0 \u00e0 Vigo, vous \u00eates au bon endroit pour commencer votre apprentissage avec nous ! Et si, en plus, vous souhaitez profiter [&hellip;]<\/p>\n","protected":false},"featured_media":12554,"comment_status":"open","ping_status":"closed","template":"","meta":{"inline_featured_image":false,"_joinchat":[]},"product_brand":[],"product_cat":[],"product_tag":[],"class_list":{"0":"post-12943","1":"product","2":"type-product","3":"status-publish","4":"has-post-thumbnail","7":"first","8":"instock","9":"shipping-taxable","10":"purchasable","11":"product-type-variable"},"yoast_head":"<!-- This site is optimized with the Yoast SEO plugin v26.8 - https:\/\/yoast.com\/product\/yoast-seo-wordpress\/ -->\n<title>Espagnol en pr\u00e9sentiel - Pr\u00e9paration au DELE en petit groupe - Jarcha Espa\u00f1ol<\/title>\n<meta name=\"description\" content=\"Espagnol en pr\u00e9sentiel - Pr\u00e9paration au DELE en petit groupe - Jarcha Espa\u00f1ol - Espa\u00f1ol como Lengua Extranjera. Clases de espa\u00f1ol online.\" \/>\n<meta name=\"robots\" content=\"index, follow, max-snippet:-1, max-image-preview:large, max-video-preview:-1\" \/>\n<link rel=\"canonical\" href=\"https:\/\/jarchaespanol.com\/fr\/servicios\/non%20class\u00e9\/espagnol-en-presentiel-preparation-au-dele-en-petit-groupe\/\" \/>\n<meta property=\"og:locale\" content=\"fr_FR\" \/>\n<meta property=\"og:type\" content=\"article\" \/>\n<meta property=\"og:title\" content=\"Espagnol en pr\u00e9sentiel - Pr\u00e9paration au DELE en petit groupe - Jarcha Espa\u00f1ol\" \/>\n<meta property=\"og:description\" content=\"Espagnol en pr\u00e9sentiel - Pr\u00e9paration au DELE en petit groupe - Jarcha Espa\u00f1ol - Espa\u00f1ol como Lengua Extranjera. Clases de espa\u00f1ol online.\" \/>\n<meta property=\"og:url\" content=\"https:\/\/jarchaespanol.com\/fr\/servicios\/enseignement\/espagnol-en-presentiel\/cours-en-petit-groupe-fr\/espagnol-en-presentiel-preparation-au-dele-en-petit-groupe\/\" \/>\n<meta property=\"og:site_name\" content=\"Jarcha Espa\u00f1ol\" \/>\n<meta property=\"article:modified_time\" content=\"2024-10-23T10:40:12+00:00\" \/>\n<meta property=\"og:image\" content=\"https:\/\/jarchaespanol.com\/wp-content\/uploads\/2024\/08\/curso-dele-espanol-grupo.png\" \/>\n\t<meta property=\"og:image:width\" content=\"600\" \/>\n\t<meta property=\"og:image:height\" content=\"600\" \/>\n\t<meta property=\"og:image:type\" content=\"image\/png\" \/>\n<meta name=\"twitter:card\" content=\"summary_large_image\" \/>\n<script type=\"application\/ld+json\" class=\"yoast-schema-graph\">{\"@context\":\"https:\/\/schema.org\",\"@graph\":[{\"@type\":\"WebPage\",\"@id\":\"https:\/\/jarchaespanol.com\/fr\/servicios\/enseignement\/espagnol-en-presentiel\/cours-en-petit-groupe-fr\/espagnol-en-presentiel-preparation-au-dele-en-petit-groupe\/\",\"url\":\"https:\/\/jarchaespanol.com\/fr\/servicios\/enseignement\/espagnol-en-presentiel\/cours-en-petit-groupe-fr\/espagnol-en-presentiel-preparation-au-dele-en-petit-groupe\/\",\"name\":\"Espagnol en pr\u00e9sentiel - Pr\u00e9paration au DELE en petit groupe - Jarcha Espa\u00f1ol\",\"isPartOf\":{\"@id\":\"https:\/\/jarchaespanol.com\/#website\"},\"primaryImageOfPage\":{\"@id\":\"https:\/\/jarchaespanol.com\/fr\/servicios\/enseignement\/espagnol-en-presentiel\/cours-en-petit-groupe-fr\/espagnol-en-presentiel-preparation-au-dele-en-petit-groupe\/#primaryimage\"},\"image\":{\"@id\":\"https:\/\/jarchaespanol.com\/fr\/servicios\/enseignement\/espagnol-en-presentiel\/cours-en-petit-groupe-fr\/espagnol-en-presentiel-preparation-au-dele-en-petit-groupe\/#primaryimage\"},\"thumbnailUrl\":\"https:\/\/jarchaespanol.com\/wp-content\/uploads\/2024\/08\/curso-dele-espanol-grupo.png\",\"datePublished\":\"2024-09-04T10:39:25+00:00\",\"dateModified\":\"2024-10-23T10:40:12+00:00\",\"description\":\"Espagnol en pr\u00e9sentiel - Pr\u00e9paration au DELE en petit groupe - Jarcha Espa\u00f1ol - Espa\u00f1ol como Lengua Extranjera. Clases de espa\u00f1ol online.\",\"breadcrumb\":{\"@id\":\"https:\/\/jarchaespanol.com\/fr\/servicios\/enseignement\/espagnol-en-presentiel\/cours-en-petit-groupe-fr\/espagnol-en-presentiel-preparation-au-dele-en-petit-groupe\/#breadcrumb\"},\"inLanguage\":\"fr-FR\",\"potentialAction\":[{\"@type\":\"ReadAction\",\"target\":[\"https:\/\/jarchaespanol.com\/fr\/servicios\/enseignement\/espagnol-en-presentiel\/cours-en-petit-groupe-fr\/espagnol-en-presentiel-preparation-au-dele-en-petit-groupe\/\"]}]},{\"@type\":\"ImageObject\",\"inLanguage\":\"fr-FR\",\"@id\":\"https:\/\/jarchaespanol.com\/fr\/servicios\/enseignement\/espagnol-en-presentiel\/cours-en-petit-groupe-fr\/espagnol-en-presentiel-preparation-au-dele-en-petit-groupe\/#primaryimage\",\"url\":\"https:\/\/jarchaespanol.com\/wp-content\/uploads\/2024\/08\/curso-dele-espanol-grupo.png\",\"contentUrl\":\"https:\/\/jarchaespanol.com\/wp-content\/uploads\/2024\/08\/curso-dele-espanol-grupo.png\",\"width\":600,\"height\":600},{\"@type\":\"BreadcrumbList\",\"@id\":\"https:\/\/jarchaespanol.com\/fr\/servicios\/enseignement\/espagnol-en-presentiel\/cours-en-petit-groupe-fr\/espagnol-en-presentiel-preparation-au-dele-en-petit-groupe\/#breadcrumb\",\"itemListElement\":[{\"@type\":\"ListItem\",\"position\":1,\"name\":\"Home\",\"item\":\"https:\/\/jarchaespanol.com\/\"},{\"@type\":\"ListItem\",\"position\":2,\"name\":\"Boutique\",\"item\":\"https:\/\/jarchaespanol.com\/tienda\/\"},{\"@type\":\"ListItem\",\"position\":3,\"name\":\"Espagnol en pr\u00e9sentiel &#8211; Pr\u00e9paration au DELE en petit groupe\"}]},{\"@type\":\"WebSite\",\"@id\":\"https:\/\/jarchaespanol.com\/#website\",\"url\":\"https:\/\/jarchaespanol.com\/\",\"name\":\"Jarcha Espa\u00f1ol\",\"description\":\"Plataforma en l\u00ednea especializada en la comunicaci\u00f3n y en la formaci\u00f3n en espa\u00f1ol. Aprende espa\u00f1ol online.\",\"publisher\":{\"@id\":\"https:\/\/jarchaespanol.com\/#organization\"},\"potentialAction\":[{\"@type\":\"SearchAction\",\"target\":{\"@type\":\"EntryPoint\",\"urlTemplate\":\"https:\/\/jarchaespanol.com\/?s={search_term_string}\"},\"query-input\":{\"@type\":\"PropertyValueSpecification\",\"valueRequired\":true,\"valueName\":\"search_term_string\"}}],\"inLanguage\":\"fr-FR\"},{\"@type\":\"Organization\",\"@id\":\"https:\/\/jarchaespanol.com\/#organization\",\"name\":\"Jarcha Espa\u00f1ol\",\"url\":\"https:\/\/jarchaespanol.com\/\",\"logo\":{\"@type\":\"ImageObject\",\"inLanguage\":\"fr-FR\",\"@id\":\"https:\/\/jarchaespanol.com\/#\/schema\/logo\/image\/\",\"url\":\"https:\/\/jarchaespanol.com\/wp-content\/uploads\/2022\/03\/logo-factura-2.png\",\"contentUrl\":\"https:\/\/jarchaespanol.com\/wp-content\/uploads\/2022\/03\/logo-factura-2.png\",\"width\":474,\"height\":177,\"caption\":\"Jarcha Espa\u00f1ol\"},\"image\":{\"@id\":\"https:\/\/jarchaespanol.com\/#\/schema\/logo\/image\/\"}}]}<\/script>\n<!-- \/ Yoast SEO plugin. -->","yoast_head_json":{"title":"Espagnol en pr\u00e9sentiel - Pr\u00e9paration au DELE en petit groupe - Jarcha Espa\u00f1ol","description":"Espagnol en pr\u00e9sentiel - Pr\u00e9paration au DELE en petit groupe - Jarcha Espa\u00f1ol - Espa\u00f1ol como Lengua Extranjera. Clases de espa\u00f1ol online.","robots":{"index":"index","follow":"follow","max-snippet":"max-snippet:-1","max-image-preview":"max-image-preview:large","max-video-preview":"max-video-preview:-1"},"canonical":"https:\/\/jarchaespanol.com\/fr\/servicios\/non class\u00e9\/espagnol-en-presentiel-preparation-au-dele-en-petit-groupe\/","og_locale":"fr_FR","og_type":"article","og_title":"Espagnol en pr\u00e9sentiel - Pr\u00e9paration au DELE en petit groupe - Jarcha Espa\u00f1ol","og_description":"Espagnol en pr\u00e9sentiel - Pr\u00e9paration au DELE en petit groupe - Jarcha Espa\u00f1ol - Espa\u00f1ol como Lengua Extranjera. Clases de espa\u00f1ol online.","og_url":"https:\/\/jarchaespanol.com\/fr\/servicios\/enseignement\/espagnol-en-presentiel\/cours-en-petit-groupe-fr\/espagnol-en-presentiel-preparation-au-dele-en-petit-groupe\/","og_site_name":"Jarcha Espa\u00f1ol","article_modified_time":"2024-10-23T10:40:12+00:00","og_image":[{"width":600,"height":600,"url":"https:\/\/jarchaespanol.com\/wp-content\/uploads\/2024\/08\/curso-dele-espanol-grupo.png","type":"image\/png"}],"twitter_card":"summary_large_image","schema":{"@context":"https:\/\/schema.org","@graph":[{"@type":"WebPage","@id":"https:\/\/jarchaespanol.com\/fr\/servicios\/enseignement\/espagnol-en-presentiel\/cours-en-petit-groupe-fr\/espagnol-en-presentiel-preparation-au-dele-en-petit-groupe\/","url":"https:\/\/jarchaespanol.com\/fr\/servicios\/enseignement\/espagnol-en-presentiel\/cours-en-petit-groupe-fr\/espagnol-en-presentiel-preparation-au-dele-en-petit-groupe\/","name":"Espagnol en pr\u00e9sentiel - Pr\u00e9paration au DELE en petit groupe - Jarcha Espa\u00f1ol","isPartOf":{"@id":"https:\/\/jarchaespanol.com\/#website"},"primaryImageOfPage":{"@id":"https:\/\/jarchaespanol.com\/fr\/servicios\/enseignement\/espagnol-en-presentiel\/cours-en-petit-groupe-fr\/espagnol-en-presentiel-preparation-au-dele-en-petit-groupe\/#primaryimage"},"image":{"@id":"https:\/\/jarchaespanol.com\/fr\/servicios\/enseignement\/espagnol-en-presentiel\/cours-en-petit-groupe-fr\/espagnol-en-presentiel-preparation-au-dele-en-petit-groupe\/#primaryimage"},"thumbnailUrl":"https:\/\/jarchaespanol.com\/wp-content\/uploads\/2024\/08\/curso-dele-espanol-grupo.png","datePublished":"2024-09-04T10:39:25+00:00","dateModified":"2024-10-23T10:40:12+00:00","description":"Espagnol en pr\u00e9sentiel - Pr\u00e9paration au DELE en petit groupe - Jarcha Espa\u00f1ol - Espa\u00f1ol como Lengua Extranjera. Clases de espa\u00f1ol online.","breadcrumb":{"@id":"https:\/\/jarchaespanol.com\/fr\/servicios\/enseignement\/espagnol-en-presentiel\/cours-en-petit-groupe-fr\/espagnol-en-presentiel-preparation-au-dele-en-petit-groupe\/#breadcrumb"},"inLanguage":"fr-FR","potentialAction":[{"@type":"ReadAction","target":["https:\/\/jarchaespanol.com\/fr\/servicios\/enseignement\/espagnol-en-presentiel\/cours-en-petit-groupe-fr\/espagnol-en-presentiel-preparation-au-dele-en-petit-groupe\/"]}]},{"@type":"ImageObject","inLanguage":"fr-FR","@id":"https:\/\/jarchaespanol.com\/fr\/servicios\/enseignement\/espagnol-en-presentiel\/cours-en-petit-groupe-fr\/espagnol-en-presentiel-preparation-au-dele-en-petit-groupe\/#primaryimage","url":"https:\/\/jarchaespanol.com\/wp-content\/uploads\/2024\/08\/curso-dele-espanol-grupo.png","contentUrl":"https:\/\/jarchaespanol.com\/wp-content\/uploads\/2024\/08\/curso-dele-espanol-grupo.png","width":600,"height":600},{"@type":"BreadcrumbList","@id":"https:\/\/jarchaespanol.com\/fr\/servicios\/enseignement\/espagnol-en-presentiel\/cours-en-petit-groupe-fr\/espagnol-en-presentiel-preparation-au-dele-en-petit-groupe\/#breadcrumb","itemListElement":[{"@type":"ListItem","position":1,"name":"Home","item":"https:\/\/jarchaespanol.com\/"},{"@type":"ListItem","position":2,"name":"Boutique","item":"https:\/\/jarchaespanol.com\/tienda\/"},{"@type":"ListItem","position":3,"name":"Espagnol en pr\u00e9sentiel &#8211; Pr\u00e9paration au DELE en petit groupe"}]},{"@type":"WebSite","@id":"https:\/\/jarchaespanol.com\/#website","url":"https:\/\/jarchaespanol.com\/","name":"Jarcha Espa\u00f1ol","description":"Plataforma en l\u00ednea especializada en la comunicaci\u00f3n y en la formaci\u00f3n en espa\u00f1ol. Aprende espa\u00f1ol online.","publisher":{"@id":"https:\/\/jarchaespanol.com\/#organization"},"potentialAction":[{"@type":"SearchAction","target":{"@type":"EntryPoint","urlTemplate":"https:\/\/jarchaespanol.com\/?s={search_term_string}"},"query-input":{"@type":"PropertyValueSpecification","valueRequired":true,"valueName":"search_term_string"}}],"inLanguage":"fr-FR"},{"@type":"Organization","@id":"https:\/\/jarchaespanol.com\/#organization","name":"Jarcha Espa\u00f1ol","url":"https:\/\/jarchaespanol.com\/","logo":{"@type":"ImageObject","inLanguage":"fr-FR","@id":"https:\/\/jarchaespanol.com\/#\/schema\/logo\/image\/","url":"https:\/\/jarchaespanol.com\/wp-content\/uploads\/2022\/03\/logo-factura-2.png","contentUrl":"https:\/\/jarchaespanol.com\/wp-content\/uploads\/2022\/03\/logo-factura-2.png","width":474,"height":177,"caption":"Jarcha Espa\u00f1ol"},"image":{"@id":"https:\/\/jarchaespanol.com\/#\/schema\/logo\/image\/"}}]}},"_links":{"self":[{"href":"https:\/\/jarchaespanol.com\/fr\/wp-json\/wp\/v2\/product\/12943","targetHints":{"allow":["GET"]}}],"collection":[{"href":"https:\/\/jarchaespanol.com\/fr\/wp-json\/wp\/v2\/product"}],"about":[{"href":"https:\/\/jarchaespanol.com\/fr\/wp-json\/wp\/v2\/types\/product"}],"replies":[{"embeddable":true,"href":"https:\/\/jarchaespanol.com\/fr\/wp-json\/wp\/v2\/comments?post=12943"}],"wp:featuredmedia":[{"embeddable":true,"href":"https:\/\/jarchaespanol.com\/fr\/wp-json\/wp\/v2\/media\/12554"}],"wp:attachment":[{"href":"https:\/\/jarchaespanol.com\/fr\/wp-json\/wp\/v2\/media?parent=12943"}],"wp:term":[{"taxonomy":"product_brand","embeddable":true,"href":"https:\/\/jarchaespanol.com\/fr\/wp-json\/wp\/v2\/product_brand?post=12943"},{"taxonomy":"product_cat","embeddable":true,"href":"https:\/\/jarchaespanol.com\/fr\/wp-json\/wp\/v2\/product_cat?post=12943"},{"taxonomy":"product_tag","embeddable":true,"href":"https:\/\/jarchaespanol.com\/fr\/wp-json\/wp\/v2\/product_tag?post=12943"}],"curies":[{"name":"wp","href":"https:\/\/api.w.org\/{rel}","templated":true}]}}