{"id":13053,"date":"2024-09-04T13:05:39","date_gmt":"2024-09-04T11:05:39","guid":{"rendered":"https:\/\/jarchaespanol.com\/?post_type=product&#038;p=13053"},"modified":"2025-10-15T17:42:39","modified_gmt":"2025-10-15T15:42:39","slug":"espagnol-en-presentiel-lecons-intensives-individuelles","status":"publish","type":"product","link":"https:\/\/jarchaespanol.com\/fr\/servicios\/enseignement\/espagnol-en-presentiel\/cours-individuels-fr\/espagnol-en-presentiel-lecons-intensives-individuelles\/","title":{"rendered":"Espagnol en pr\u00e9sentiel &#8211; Cours intensives individuelles"},"content":{"rendered":"<p><b>Destin\u00e9s \u00e0 :<\/b><\/p>\n<ul>\n<li style=\"font-weight: 400;\" aria-level=\"1\"><span style=\"font-weight: 400;\">Les personnes de passage \u00e0 Vigo pour le travail, les \u00e9tudes ou le tourisme, souhaitant profiter de leur s\u00e9jour pour apprendre l\u2019espagnol.<\/span><\/li>\n<li style=\"font-weight: 400;\" aria-level=\"1\"><span style=\"font-weight: 400;\">Les r\u00e9sidents qui souhaitent am\u00e9liorer leur niveau avec un accompagnement personnalis\u00e9.\u00a0<\/span><\/li>\n<li style=\"font-weight: 400;\" aria-level=\"1\"><span style=\"font-weight: 400;\">Les apprenants de tous niveaux qui pr\u00e9f\u00e8rent progresser \u00e0 leur rythme \u2014 particuli\u00e8rement utile pour les d\u00e9butants.<\/span><\/li>\n<\/ul>\n<p><b>Avantages :<\/b><\/p>\n<ul>\n<li style=\"font-weight: 400;\" aria-level=\"1\"><span style=\"font-weight: 400;\">Interaction directe avec les enseignants pour un apprentissage dynamique.\u00a0<\/span><\/li>\n<li style=\"font-weight: 400;\" aria-level=\"1\"><span style=\"font-weight: 400;\">Salle confortable et bien \u00e9quip\u00e9e pour \u00e9tudier et pratiquer la langue.\u00a0<\/span><\/li>\n<li style=\"font-weight: 400;\" aria-level=\"1\"><span style=\"font-weight: 400;\">Immersion culturelle \u00e0 Vigo pour am\u00e9liorer l\u2019usage r\u00e9el de l\u2019espagnol.\u00a0<\/span><\/li>\n<li style=\"font-weight: 400;\" aria-level=\"1\"><span style=\"font-weight: 400;\">Suivi personnalis\u00e9 tout au long du processus d\u2019apprentissage.\u00a0<\/span><\/li>\n<li style=\"font-weight: 400;\" aria-level=\"1\"><span style=\"font-weight: 400;\">Plus d\u2019autonomie et de confiance pour \u00e9voluer vers des cours en groupe.<\/span><\/li>\n<li aria-level=\"1\"><span style=\"font-weight: 400;\">Activit\u00e9s culturelles et de loisirs incluses<\/span><b> :<\/b><span style=\"font-weight: 400;\"> balades en ville, visites de mus\u00e9es, expositions, march\u00e9s locaux et autres exp\u00e9riences pour pratiquer l&rsquo;espagnol en contexte r\u00e9el.<\/span><\/li>\n<\/ul>\n<p>&nbsp;<\/p>\n<p><b>Niveau m\u00ednimum requis: A1<\/b><\/p>\n<p>&nbsp;<\/p>\n<p><b>Test de niveau<\/b><br \/>\n<a class=\"btn btn-jarcha\" href=\"https:\/\/docs.google.com\/forms\/d\/e\/1FAIpQLScMyzM92U1yRd7pyrAY6iNldme-eUzGKpzMkl9ZJUN072zVHw\/viewform?usp=sf_link\" target=\"_blank\" rel=\"noopener\"><span style=\"font-weight: 400;\"><i class=\"vc_btn3-icon fas fa-user-graduate\"><\/i> A1 <\/span><\/a> <a class=\"btn btn-jarcha\" href=\"https:\/\/docs.google.com\/forms\/d\/e\/1FAIpQLSctisEsdQt-A4UJe0KuWHLCDoTzLtXFWelAQNoauRGeyPcSUg\/viewform?usp=sf_link\" target=\"_blank\" rel=\"noopener\"><span style=\"font-weight: 400;\"><i class=\"vc_btn3-icon fas fa-user-graduate\"><\/i> A2 <\/span><\/a> <a class=\"btn btn-jarcha\" href=\"https:\/\/docs.google.com\/forms\/d\/e\/1FAIpQLSdNGeGMzvjiXYDQWm0ySq6zpqES6g3MFOjMnaYxYUgCeI3M7A\/viewform?usp=sf_link\" target=\"_blank\" rel=\"noopener\"><span style=\"font-weight: 400;\"><i class=\"vc_btn3-icon fas fa-user-graduate\"><\/i> B1 <\/span><\/a> <a class=\"btn btn-jarcha\" href=\"https:\/\/docs.google.com\/forms\/d\/e\/1FAIpQLSfHj2JP1zE2D1FUPS_FbH0zTUNzAJ1CEopeBKifrEwm5nMmsw\/viewform?usp=sf_link\" target=\"_blank\" rel=\"noopener\"><span style=\"font-weight: 400;\"><i class=\"vc_btn3-icon fas fa-user-graduate\"><\/i> B2 <\/span><\/a> <a class=\"btn btn-jarcha\" href=\"https:\/\/docs.google.com\/forms\/d\/e\/1FAIpQLSeUgWtLVaOwNh7sbMlg0a7C-zQG3OhJkbzS22VtItOdw6IVCQ\/viewform?usp=sf_link\" target=\"_blank\" rel=\"noopener\"><span style=\"font-weight: 400;\"><i class=\"vc_btn3-icon fas fa-user-graduate\"><\/i> C1 <\/span><\/a> <a class=\"btn btn-jarcha\" href=\"https:\/\/docs.google.com\/forms\/d\/e\/1FAIpQLScMlqLbAih6VOcu6jaiNdpp6wh9zkimMY9El8kqYbHZaRVInw\/viewform?usp=sf_link\" target=\"_blank\" rel=\"noopener\"><span style=\"font-weight: 400;\"><i class=\"vc_btn3-icon fas fa-user-graduate\"><\/i> C2 <\/span><\/a><\/p>\n","protected":false},"excerpt":{"rendered":"<div class=\"page\" title=\"Page 11\">\n<div class=\"layoutArea\">\n<div class=\"column\">\n<p>Pour avancer a\u0300 votre rythme dans l\u2019apprentissage de l\u2019espagnol<\/p>\n<\/div>\n<\/div>\n<\/div>\n","protected":false},"featured_media":17534,"comment_status":"open","ping_status":"closed","template":"","meta":{"inline_featured_image":false,"_joinchat":[]},"product_brand":[],"product_cat":[868,449,873],"product_tag":[],"class_list":{"0":"post-13053","1":"product","2":"type-product","3":"status-publish","4":"has-post-thumbnail","6":"product_cat-cours-individuels-fr","7":"product_cat-enseignement","8":"product_cat-espagnol-en-presentiel","10":"first","11":"instock","12":"shipping-taxable","13":"purchasable","14":"product-type-variable"},"yoast_head":"<!-- This site is optimized with the Yoast SEO plugin v26.8 - https:\/\/yoast.com\/product\/yoast-seo-wordpress\/ -->\n<title>Espagnol en pr\u00e9sentiel - Cours intensives individuelles - Jarcha Espa\u00f1ol<\/title>\n<meta name=\"description\" content=\"Espagnol en pr\u00e9sentiel - Cours intensives individuelles - Jarcha Espa\u00f1ol - Espa\u00f1ol como Lengua Extranjera. Clases de espa\u00f1ol online.\" \/>\n<meta name=\"robots\" content=\"index, follow, max-snippet:-1, max-image-preview:large, max-video-preview:-1\" \/>\n<link rel=\"canonical\" href=\"https:\/\/jarchaespanol.com\/fr\/servicios\/enseignement\/espagnol-en-presentiel\/cours-individuels-fr\/espagnol-en-presentiel-lecons-intensives-individuelles\/\" \/>\n<meta property=\"og:locale\" content=\"fr_FR\" \/>\n<meta property=\"og:type\" content=\"article\" \/>\n<meta property=\"og:title\" content=\"Espagnol en pr\u00e9sentiel - Cours intensives individuelles - Jarcha Espa\u00f1ol\" \/>\n<meta property=\"og:description\" content=\"Espagnol en pr\u00e9sentiel - Cours intensives individuelles - Jarcha Espa\u00f1ol - Espa\u00f1ol como Lengua Extranjera. Clases de espa\u00f1ol online.\" \/>\n<meta property=\"og:url\" content=\"https:\/\/jarchaespanol.com\/fr\/servicios\/enseignement\/espagnol-en-presentiel\/cours-individuels-fr\/espagnol-en-presentiel-lecons-intensives-individuelles\/\" \/>\n<meta property=\"og:site_name\" content=\"Jarcha Espa\u00f1ol\" \/>\n<meta property=\"article:modified_time\" content=\"2025-10-15T15:42:39+00:00\" \/>\n<meta property=\"og:image\" content=\"https:\/\/jarchaespanol.com\/wp-content\/uploads\/2024\/09\/PRESENCIAL-INTENSIVA-INDIVIDUAL.png\" \/>\n\t<meta property=\"og:image:width\" content=\"500\" \/>\n\t<meta property=\"og:image:height\" content=\"500\" \/>\n\t<meta property=\"og:image:type\" content=\"image\/png\" \/>\n<meta name=\"twitter:card\" content=\"summary_large_image\" \/>\n<script type=\"application\/ld+json\" class=\"yoast-schema-graph\">{\"@context\":\"https:\/\/schema.org\",\"@graph\":[{\"@type\":\"WebPage\",\"@id\":\"https:\/\/jarchaespanol.com\/fr\/servicios\/enseignement\/espagnol-en-presentiel\/cours-individuels-fr\/espagnol-en-presentiel-lecons-intensives-individuelles\/\",\"url\":\"https:\/\/jarchaespanol.com\/fr\/servicios\/enseignement\/espagnol-en-presentiel\/cours-individuels-fr\/espagnol-en-presentiel-lecons-intensives-individuelles\/\",\"name\":\"Espagnol en pr\u00e9sentiel - Cours intensives individuelles - Jarcha Espa\u00f1ol\",\"isPartOf\":{\"@id\":\"https:\/\/jarchaespanol.com\/#website\"},\"primaryImageOfPage\":{\"@id\":\"https:\/\/jarchaespanol.com\/fr\/servicios\/enseignement\/espagnol-en-presentiel\/cours-individuels-fr\/espagnol-en-presentiel-lecons-intensives-individuelles\/#primaryimage\"},\"image\":{\"@id\":\"https:\/\/jarchaespanol.com\/fr\/servicios\/enseignement\/espagnol-en-presentiel\/cours-individuels-fr\/espagnol-en-presentiel-lecons-intensives-individuelles\/#primaryimage\"},\"thumbnailUrl\":\"https:\/\/jarchaespanol.com\/wp-content\/uploads\/2024\/09\/PRESENCIAL-INTENSIVA-INDIVIDUAL.png\",\"datePublished\":\"2024-09-04T11:05:39+00:00\",\"dateModified\":\"2025-10-15T15:42:39+00:00\",\"description\":\"Espagnol en pr\u00e9sentiel - Cours intensives individuelles - Jarcha Espa\u00f1ol - Espa\u00f1ol como Lengua Extranjera. Clases de espa\u00f1ol online.\",\"breadcrumb\":{\"@id\":\"https:\/\/jarchaespanol.com\/fr\/servicios\/enseignement\/espagnol-en-presentiel\/cours-individuels-fr\/espagnol-en-presentiel-lecons-intensives-individuelles\/#breadcrumb\"},\"inLanguage\":\"fr-FR\",\"potentialAction\":[{\"@type\":\"ReadAction\",\"target\":[\"https:\/\/jarchaespanol.com\/fr\/servicios\/enseignement\/espagnol-en-presentiel\/cours-individuels-fr\/espagnol-en-presentiel-lecons-intensives-individuelles\/\"]}]},{\"@type\":\"ImageObject\",\"inLanguage\":\"fr-FR\",\"@id\":\"https:\/\/jarchaespanol.com\/fr\/servicios\/enseignement\/espagnol-en-presentiel\/cours-individuels-fr\/espagnol-en-presentiel-lecons-intensives-individuelles\/#primaryimage\",\"url\":\"https:\/\/jarchaespanol.com\/wp-content\/uploads\/2024\/09\/PRESENCIAL-INTENSIVA-INDIVIDUAL.png\",\"contentUrl\":\"https:\/\/jarchaespanol.com\/wp-content\/uploads\/2024\/09\/PRESENCIAL-INTENSIVA-INDIVIDUAL.png\",\"width\":500,\"height\":500},{\"@type\":\"BreadcrumbList\",\"@id\":\"https:\/\/jarchaespanol.com\/fr\/servicios\/enseignement\/espagnol-en-presentiel\/cours-individuels-fr\/espagnol-en-presentiel-lecons-intensives-individuelles\/#breadcrumb\",\"itemListElement\":[{\"@type\":\"ListItem\",\"position\":1,\"name\":\"Home\",\"item\":\"https:\/\/jarchaespanol.com\/\"},{\"@type\":\"ListItem\",\"position\":2,\"name\":\"Boutique\",\"item\":\"https:\/\/jarchaespanol.com\/tienda\/\"},{\"@type\":\"ListItem\",\"position\":3,\"name\":\"Espagnol en pr\u00e9sentiel &#8211; Cours intensives individuelles\"}]},{\"@type\":\"WebSite\",\"@id\":\"https:\/\/jarchaespanol.com\/#website\",\"url\":\"https:\/\/jarchaespanol.com\/\",\"name\":\"Jarcha Espa\u00f1ol\",\"description\":\"Plataforma en l\u00ednea especializada en la comunicaci\u00f3n y en la formaci\u00f3n en espa\u00f1ol. Aprende espa\u00f1ol online.\",\"publisher\":{\"@id\":\"https:\/\/jarchaespanol.com\/#organization\"},\"potentialAction\":[{\"@type\":\"SearchAction\",\"target\":{\"@type\":\"EntryPoint\",\"urlTemplate\":\"https:\/\/jarchaespanol.com\/?s={search_term_string}\"},\"query-input\":{\"@type\":\"PropertyValueSpecification\",\"valueRequired\":true,\"valueName\":\"search_term_string\"}}],\"inLanguage\":\"fr-FR\"},{\"@type\":\"Organization\",\"@id\":\"https:\/\/jarchaespanol.com\/#organization\",\"name\":\"Jarcha Espa\u00f1ol\",\"url\":\"https:\/\/jarchaespanol.com\/\",\"logo\":{\"@type\":\"ImageObject\",\"inLanguage\":\"fr-FR\",\"@id\":\"https:\/\/jarchaespanol.com\/#\/schema\/logo\/image\/\",\"url\":\"https:\/\/jarchaespanol.com\/wp-content\/uploads\/2022\/03\/logo-factura-2.png\",\"contentUrl\":\"https:\/\/jarchaespanol.com\/wp-content\/uploads\/2022\/03\/logo-factura-2.png\",\"width\":474,\"height\":177,\"caption\":\"Jarcha Espa\u00f1ol\"},\"image\":{\"@id\":\"https:\/\/jarchaespanol.com\/#\/schema\/logo\/image\/\"}}]}<\/script>\n<!-- \/ Yoast SEO plugin. -->","yoast_head_json":{"title":"Espagnol en pr\u00e9sentiel - Cours intensives individuelles - Jarcha Espa\u00f1ol","description":"Espagnol en pr\u00e9sentiel - Cours intensives individuelles - Jarcha Espa\u00f1ol - Espa\u00f1ol como Lengua Extranjera. Clases de espa\u00f1ol online.","robots":{"index":"index","follow":"follow","max-snippet":"max-snippet:-1","max-image-preview":"max-image-preview:large","max-video-preview":"max-video-preview:-1"},"canonical":"https:\/\/jarchaespanol.com\/fr\/servicios\/enseignement\/espagnol-en-presentiel\/cours-individuels-fr\/espagnol-en-presentiel-lecons-intensives-individuelles\/","og_locale":"fr_FR","og_type":"article","og_title":"Espagnol en pr\u00e9sentiel - Cours intensives individuelles - Jarcha Espa\u00f1ol","og_description":"Espagnol en pr\u00e9sentiel - Cours intensives individuelles - Jarcha Espa\u00f1ol - Espa\u00f1ol como Lengua Extranjera. Clases de espa\u00f1ol online.","og_url":"https:\/\/jarchaespanol.com\/fr\/servicios\/enseignement\/espagnol-en-presentiel\/cours-individuels-fr\/espagnol-en-presentiel-lecons-intensives-individuelles\/","og_site_name":"Jarcha Espa\u00f1ol","article_modified_time":"2025-10-15T15:42:39+00:00","og_image":[{"width":500,"height":500,"url":"https:\/\/jarchaespanol.com\/wp-content\/uploads\/2024\/09\/PRESENCIAL-INTENSIVA-INDIVIDUAL.png","type":"image\/png"}],"twitter_card":"summary_large_image","schema":{"@context":"https:\/\/schema.org","@graph":[{"@type":"WebPage","@id":"https:\/\/jarchaespanol.com\/fr\/servicios\/enseignement\/espagnol-en-presentiel\/cours-individuels-fr\/espagnol-en-presentiel-lecons-intensives-individuelles\/","url":"https:\/\/jarchaespanol.com\/fr\/servicios\/enseignement\/espagnol-en-presentiel\/cours-individuels-fr\/espagnol-en-presentiel-lecons-intensives-individuelles\/","name":"Espagnol en pr\u00e9sentiel - Cours intensives individuelles - Jarcha Espa\u00f1ol","isPartOf":{"@id":"https:\/\/jarchaespanol.com\/#website"},"primaryImageOfPage":{"@id":"https:\/\/jarchaespanol.com\/fr\/servicios\/enseignement\/espagnol-en-presentiel\/cours-individuels-fr\/espagnol-en-presentiel-lecons-intensives-individuelles\/#primaryimage"},"image":{"@id":"https:\/\/jarchaespanol.com\/fr\/servicios\/enseignement\/espagnol-en-presentiel\/cours-individuels-fr\/espagnol-en-presentiel-lecons-intensives-individuelles\/#primaryimage"},"thumbnailUrl":"https:\/\/jarchaespanol.com\/wp-content\/uploads\/2024\/09\/PRESENCIAL-INTENSIVA-INDIVIDUAL.png","datePublished":"2024-09-04T11:05:39+00:00","dateModified":"2025-10-15T15:42:39+00:00","description":"Espagnol en pr\u00e9sentiel - Cours intensives individuelles - Jarcha Espa\u00f1ol - Espa\u00f1ol como Lengua Extranjera. Clases de espa\u00f1ol online.","breadcrumb":{"@id":"https:\/\/jarchaespanol.com\/fr\/servicios\/enseignement\/espagnol-en-presentiel\/cours-individuels-fr\/espagnol-en-presentiel-lecons-intensives-individuelles\/#breadcrumb"},"inLanguage":"fr-FR","potentialAction":[{"@type":"ReadAction","target":["https:\/\/jarchaespanol.com\/fr\/servicios\/enseignement\/espagnol-en-presentiel\/cours-individuels-fr\/espagnol-en-presentiel-lecons-intensives-individuelles\/"]}]},{"@type":"ImageObject","inLanguage":"fr-FR","@id":"https:\/\/jarchaespanol.com\/fr\/servicios\/enseignement\/espagnol-en-presentiel\/cours-individuels-fr\/espagnol-en-presentiel-lecons-intensives-individuelles\/#primaryimage","url":"https:\/\/jarchaespanol.com\/wp-content\/uploads\/2024\/09\/PRESENCIAL-INTENSIVA-INDIVIDUAL.png","contentUrl":"https:\/\/jarchaespanol.com\/wp-content\/uploads\/2024\/09\/PRESENCIAL-INTENSIVA-INDIVIDUAL.png","width":500,"height":500},{"@type":"BreadcrumbList","@id":"https:\/\/jarchaespanol.com\/fr\/servicios\/enseignement\/espagnol-en-presentiel\/cours-individuels-fr\/espagnol-en-presentiel-lecons-intensives-individuelles\/#breadcrumb","itemListElement":[{"@type":"ListItem","position":1,"name":"Home","item":"https:\/\/jarchaespanol.com\/"},{"@type":"ListItem","position":2,"name":"Boutique","item":"https:\/\/jarchaespanol.com\/tienda\/"},{"@type":"ListItem","position":3,"name":"Espagnol en pr\u00e9sentiel &#8211; Cours intensives individuelles"}]},{"@type":"WebSite","@id":"https:\/\/jarchaespanol.com\/#website","url":"https:\/\/jarchaespanol.com\/","name":"Jarcha Espa\u00f1ol","description":"Plataforma en l\u00ednea especializada en la comunicaci\u00f3n y en la formaci\u00f3n en espa\u00f1ol. Aprende espa\u00f1ol online.","publisher":{"@id":"https:\/\/jarchaespanol.com\/#organization"},"potentialAction":[{"@type":"SearchAction","target":{"@type":"EntryPoint","urlTemplate":"https:\/\/jarchaespanol.com\/?s={search_term_string}"},"query-input":{"@type":"PropertyValueSpecification","valueRequired":true,"valueName":"search_term_string"}}],"inLanguage":"fr-FR"},{"@type":"Organization","@id":"https:\/\/jarchaespanol.com\/#organization","name":"Jarcha Espa\u00f1ol","url":"https:\/\/jarchaespanol.com\/","logo":{"@type":"ImageObject","inLanguage":"fr-FR","@id":"https:\/\/jarchaespanol.com\/#\/schema\/logo\/image\/","url":"https:\/\/jarchaespanol.com\/wp-content\/uploads\/2022\/03\/logo-factura-2.png","contentUrl":"https:\/\/jarchaespanol.com\/wp-content\/uploads\/2022\/03\/logo-factura-2.png","width":474,"height":177,"caption":"Jarcha Espa\u00f1ol"},"image":{"@id":"https:\/\/jarchaespanol.com\/#\/schema\/logo\/image\/"}}]}},"_links":{"self":[{"href":"https:\/\/jarchaespanol.com\/fr\/wp-json\/wp\/v2\/product\/13053","targetHints":{"allow":["GET"]}}],"collection":[{"href":"https:\/\/jarchaespanol.com\/fr\/wp-json\/wp\/v2\/product"}],"about":[{"href":"https:\/\/jarchaespanol.com\/fr\/wp-json\/wp\/v2\/types\/product"}],"replies":[{"embeddable":true,"href":"https:\/\/jarchaespanol.com\/fr\/wp-json\/wp\/v2\/comments?post=13053"}],"wp:featuredmedia":[{"embeddable":true,"href":"https:\/\/jarchaespanol.com\/fr\/wp-json\/wp\/v2\/media\/17534"}],"wp:attachment":[{"href":"https:\/\/jarchaespanol.com\/fr\/wp-json\/wp\/v2\/media?parent=13053"}],"wp:term":[{"taxonomy":"product_brand","embeddable":true,"href":"https:\/\/jarchaespanol.com\/fr\/wp-json\/wp\/v2\/product_brand?post=13053"},{"taxonomy":"product_cat","embeddable":true,"href":"https:\/\/jarchaespanol.com\/fr\/wp-json\/wp\/v2\/product_cat?post=13053"},{"taxonomy":"product_tag","embeddable":true,"href":"https:\/\/jarchaespanol.com\/fr\/wp-json\/wp\/v2\/product_tag?post=13053"}],"curies":[{"name":"wp","href":"https:\/\/api.w.org\/{rel}","templated":true}]}}