{"id":14948,"date":"2024-11-06T14:53:25","date_gmt":"2024-11-06T13:53:25","guid":{"rendered":"https:\/\/jarchaespanol.com\/?post_type=product&#038;p=14948"},"modified":"2025-09-05T19:54:36","modified_gmt":"2025-09-05T17:54:36","slug":"espagnol-en-ligne-lecons-intensifs-en-petit-groupe","status":"publish","type":"product","link":"https:\/\/jarchaespanol.com\/fr\/servicios\/enseignement\/espanol-online\/cours-en-petit-groupe\/espagnol-en-ligne-lecons-intensifs-en-petit-groupe\/","title":{"rendered":"Espagnol en ligne pour les familles et les amis &#8211; Le\u00e7ons intensives"},"content":{"rendered":"<h3>Comment se d\u00e9roulent ces le\u00e7ons?<\/h3>\n<p>Nos <strong>Le\u00e7ons intensives pour les familles et les amis<\/strong> se d\u00e9roulent en s\u00e9ances d&rsquo;une heure et demie, une fois par semaine.<\/p>\n<p>Nous int\u00e9grons des contenus th\u00e9oriques et pratiques de la langue \u00e0 travers des conversations, des d\u00e9bats, des jeux de r\u00f4le, et plus encore.<\/p>\n<p>Nous \u00e9valuons et suivons de pr\u00e8s vos progr\u00e8s pour que vous atteigniez vos objectifs, avec un <strong>maximum de 4 participants par groupe<\/strong> pour garantir une attention personnalis\u00e9e.<\/p>\n<p>Cette modalit\u00e9 fonctionne sous forme <strong>d\u2019abonnement mensuel<\/strong>, qui peut \u00eatre annul\u00e9 \u00e0 tout moment selon les besoins de l\u2019\u00e9l\u00e8ve. Pour plus d\u2019informations sur la politique d\u2019annulation, de remboursement et de r\u00e9cup\u00e9ration des cours individuels et des abonnements, vous pouvez consulter la section correspondante de nos <strong><span style=\"color: #882437;\"><a style=\"color: #882437;\" href=\"https:\/\/jarchaespanol.com\/fr\/conditions-generales-de-vente\/#cancel\">Conditions g\u00e9n\u00e9rales de vente<\/a><\/span><\/strong>.<\/p>\n<p>De plus, nous offrons notre <span style=\"color: #882734;\"><a style=\"color: #882734;\" href=\"https:\/\/jarchaespanol.com\/fr\/servicios\/enseignement\/espanol-online\/autres-cours-en-petit-groupe\/discussion-mensuelle-en-petit-groupe\/\"><strong>Rencontre mensuelle en petit groupe<\/strong><\/a><\/span>, o\u00f9 vous pourrez \u00e9changer avec des camarades venus des quatre coins du monde entier et am\u00e9liorer vos comp\u00e9tences d&rsquo;expression orale en espagnol tout en approfondissant votre compr\u00e9hension de la culture hispanique.<\/p>\n<p><span style=\"color: #882437;\"><a style=\"color: #882437;\" href=\"https:\/\/jarchaespanol.com\/fr\/formulaire-dinscription-pour-petits-groupes\/\"><strong>Formulaire d&rsquo;inscription<\/strong><\/a><\/span><\/p>\n<p><b>Test de niveau<\/b><br \/>\n<a class=\"btn btn-jarcha\" href=\"https:\/\/docs.google.com\/forms\/d\/e\/1FAIpQLScMyzM92U1yRd7pyrAY6iNldme-eUzGKpzMkl9ZJUN072zVHw\/viewform?usp=sf_link\" target=\"_blank\" rel=\"noopener\"><span style=\"font-weight: 400;\"><i class=\"vc_btn3-icon fas fa-user-graduate\"><\/i> A1 <\/span><\/a> <a class=\"btn btn-jarcha\" href=\"https:\/\/docs.google.com\/forms\/d\/e\/1FAIpQLSctisEsdQt-A4UJe0KuWHLCDoTzLtXFWelAQNoauRGeyPcSUg\/viewform?usp=sf_link\" target=\"_blank\" rel=\"noopener\"><span style=\"font-weight: 400;\"><i class=\"vc_btn3-icon fas fa-user-graduate\"><\/i> A2 <\/span><\/a> <a class=\"btn btn-jarcha\" href=\"https:\/\/docs.google.com\/forms\/d\/e\/1FAIpQLSdNGeGMzvjiXYDQWm0ySq6zpqES6g3MFOjMnaYxYUgCeI3M7A\/viewform?usp=sf_link\" target=\"_blank\" rel=\"noopener\"><span style=\"font-weight: 400;\"><i class=\"vc_btn3-icon fas fa-user-graduate\"><\/i> B1 <\/span><\/a> <a class=\"btn btn-jarcha\" href=\"https:\/\/docs.google.com\/forms\/d\/e\/1FAIpQLSfHj2JP1zE2D1FUPS_FbH0zTUNzAJ1CEopeBKifrEwm5nMmsw\/viewform?usp=sf_link\" target=\"_blank\" rel=\"noopener\"><span style=\"font-weight: 400;\"><i class=\"vc_btn3-icon fas fa-user-graduate\"><\/i> B2 <\/span><\/a> <a class=\"btn btn-jarcha\" href=\"https:\/\/docs.google.com\/forms\/d\/e\/1FAIpQLSeUgWtLVaOwNh7sbMlg0a7C-zQG3OhJkbzS22VtItOdw6IVCQ\/viewform?usp=sf_link\" target=\"_blank\" rel=\"noopener\"><span style=\"font-weight: 400;\"><i class=\"vc_btn3-icon fas fa-user-graduate\"><\/i> C1 <\/span><\/a> <a class=\"btn btn-jarcha\" href=\"https:\/\/docs.google.com\/forms\/d\/e\/1FAIpQLScMlqLbAih6VOcu6jaiNdpp6wh9zkimMY9El8kqYbHZaRVInw\/viewform?usp=sf_link\" target=\"_blank\" rel=\"noopener\"><span style=\"font-weight: 400;\"><i class=\"vc_btn3-icon fas fa-user-graduate\"><\/i> C2 <\/span><\/a><\/p>\n","protected":false},"excerpt":{"rendered":"<p>Apprends l&rsquo;espagnol avec ta famille et tes amis et amuse-toi bien! Rejoins-nous maintenant!<\/p>\n","protected":false},"featured_media":17559,"comment_status":"open","ping_status":"closed","template":"","meta":{"inline_featured_image":false,"_joinchat":[]},"product_brand":[],"product_cat":[853,449,450],"product_tag":[],"class_list":{"0":"post-14948","1":"product","2":"type-product","3":"status-publish","4":"has-post-thumbnail","6":"product_cat-cours-en-petit-groupe","7":"product_cat-enseignement","8":"product_cat-espanol-online","10":"first","11":"instock","12":"shipping-taxable","13":"purchasable","14":"product-type-variable-subscription"},"yoast_head":"<!-- This site is optimized with the Yoast SEO plugin v26.8 - https:\/\/yoast.com\/product\/yoast-seo-wordpress\/ -->\n<title>Espagnol en ligne pour les familles et les amis - Le\u00e7ons intensives - Jarcha Espa\u00f1ol<\/title>\n<meta name=\"description\" content=\"Espagnol en ligne pour les familles et les amis - Le\u00e7ons intensives - Jarcha Espa\u00f1ol - Espa\u00f1ol como Lengua Extranjera. Clases de espa\u00f1ol online.\" \/>\n<meta name=\"robots\" content=\"index, follow, max-snippet:-1, max-image-preview:large, max-video-preview:-1\" \/>\n<link rel=\"canonical\" href=\"https:\/\/jarchaespanol.com\/fr\/servicios\/enseignement\/espanol-online\/cours-en-petit-groupe\/espagnol-en-ligne-lecons-intensifs-en-petit-groupe\/\" \/>\n<meta property=\"og:locale\" content=\"fr_FR\" \/>\n<meta property=\"og:type\" content=\"article\" \/>\n<meta property=\"og:title\" content=\"Espagnol en ligne pour les familles et les amis - Le\u00e7ons intensives - Jarcha Espa\u00f1ol\" \/>\n<meta property=\"og:description\" content=\"Espagnol en ligne pour les familles et les amis - Le\u00e7ons intensives - Jarcha Espa\u00f1ol - Espa\u00f1ol como Lengua Extranjera. Clases de espa\u00f1ol online.\" \/>\n<meta property=\"og:url\" content=\"https:\/\/jarchaespanol.com\/fr\/servicios\/enseignement\/espanol-online\/cours-en-petit-groupe\/espagnol-en-ligne-lecons-intensifs-en-petit-groupe\/\" \/>\n<meta property=\"og:site_name\" content=\"Jarcha Espa\u00f1ol\" \/>\n<meta property=\"article:modified_time\" content=\"2025-09-05T17:54:36+00:00\" \/>\n<meta property=\"og:image\" content=\"https:\/\/jarchaespanol.com\/wp-content\/uploads\/2024\/11\/FAMILIA-Y-AMIGOS.jpg\" \/>\n\t<meta property=\"og:image:width\" content=\"900\" \/>\n\t<meta property=\"og:image:height\" content=\"899\" \/>\n\t<meta property=\"og:image:type\" content=\"image\/jpeg\" \/>\n<meta name=\"twitter:card\" content=\"summary_large_image\" \/>\n<script type=\"application\/ld+json\" class=\"yoast-schema-graph\">{\"@context\":\"https:\/\/schema.org\",\"@graph\":[{\"@type\":\"WebPage\",\"@id\":\"https:\/\/jarchaespanol.com\/fr\/servicios\/enseignement\/espanol-online\/cours-en-petit-groupe\/espagnol-en-ligne-lecons-intensifs-en-petit-groupe\/\",\"url\":\"https:\/\/jarchaespanol.com\/fr\/servicios\/enseignement\/espanol-online\/cours-en-petit-groupe\/espagnol-en-ligne-lecons-intensifs-en-petit-groupe\/\",\"name\":\"Espagnol en ligne pour les familles et les amis - Le\u00e7ons intensives - Jarcha Espa\u00f1ol\",\"isPartOf\":{\"@id\":\"https:\/\/jarchaespanol.com\/#website\"},\"primaryImageOfPage\":{\"@id\":\"https:\/\/jarchaespanol.com\/fr\/servicios\/enseignement\/espanol-online\/cours-en-petit-groupe\/espagnol-en-ligne-lecons-intensifs-en-petit-groupe\/#primaryimage\"},\"image\":{\"@id\":\"https:\/\/jarchaespanol.com\/fr\/servicios\/enseignement\/espanol-online\/cours-en-petit-groupe\/espagnol-en-ligne-lecons-intensifs-en-petit-groupe\/#primaryimage\"},\"thumbnailUrl\":\"https:\/\/jarchaespanol.com\/wp-content\/uploads\/2024\/11\/FAMILIA-Y-AMIGOS.jpg\",\"datePublished\":\"2024-11-06T13:53:25+00:00\",\"dateModified\":\"2025-09-05T17:54:36+00:00\",\"description\":\"Espagnol en ligne pour les familles et les amis - Le\u00e7ons intensives - Jarcha Espa\u00f1ol - Espa\u00f1ol como Lengua Extranjera. Clases de espa\u00f1ol online.\",\"breadcrumb\":{\"@id\":\"https:\/\/jarchaespanol.com\/fr\/servicios\/enseignement\/espanol-online\/cours-en-petit-groupe\/espagnol-en-ligne-lecons-intensifs-en-petit-groupe\/#breadcrumb\"},\"inLanguage\":\"fr-FR\",\"potentialAction\":[{\"@type\":\"ReadAction\",\"target\":[\"https:\/\/jarchaespanol.com\/fr\/servicios\/enseignement\/espanol-online\/cours-en-petit-groupe\/espagnol-en-ligne-lecons-intensifs-en-petit-groupe\/\"]}]},{\"@type\":\"ImageObject\",\"inLanguage\":\"fr-FR\",\"@id\":\"https:\/\/jarchaespanol.com\/fr\/servicios\/enseignement\/espanol-online\/cours-en-petit-groupe\/espagnol-en-ligne-lecons-intensifs-en-petit-groupe\/#primaryimage\",\"url\":\"https:\/\/jarchaespanol.com\/wp-content\/uploads\/2024\/11\/FAMILIA-Y-AMIGOS.jpg\",\"contentUrl\":\"https:\/\/jarchaespanol.com\/wp-content\/uploads\/2024\/11\/FAMILIA-Y-AMIGOS.jpg\",\"width\":900,\"height\":899},{\"@type\":\"BreadcrumbList\",\"@id\":\"https:\/\/jarchaespanol.com\/fr\/servicios\/enseignement\/espanol-online\/cours-en-petit-groupe\/espagnol-en-ligne-lecons-intensifs-en-petit-groupe\/#breadcrumb\",\"itemListElement\":[{\"@type\":\"ListItem\",\"position\":1,\"name\":\"Home\",\"item\":\"https:\/\/jarchaespanol.com\/\"},{\"@type\":\"ListItem\",\"position\":2,\"name\":\"Boutique\",\"item\":\"https:\/\/jarchaespanol.com\/tienda\/\"},{\"@type\":\"ListItem\",\"position\":3,\"name\":\"Espagnol en ligne pour les familles et les amis &#8211; Le\u00e7ons intensives\"}]},{\"@type\":\"WebSite\",\"@id\":\"https:\/\/jarchaespanol.com\/#website\",\"url\":\"https:\/\/jarchaespanol.com\/\",\"name\":\"Jarcha Espa\u00f1ol\",\"description\":\"Plataforma en l\u00ednea especializada en la comunicaci\u00f3n y en la formaci\u00f3n en espa\u00f1ol. Aprende espa\u00f1ol online.\",\"publisher\":{\"@id\":\"https:\/\/jarchaespanol.com\/#organization\"},\"potentialAction\":[{\"@type\":\"SearchAction\",\"target\":{\"@type\":\"EntryPoint\",\"urlTemplate\":\"https:\/\/jarchaespanol.com\/?s={search_term_string}\"},\"query-input\":{\"@type\":\"PropertyValueSpecification\",\"valueRequired\":true,\"valueName\":\"search_term_string\"}}],\"inLanguage\":\"fr-FR\"},{\"@type\":\"Organization\",\"@id\":\"https:\/\/jarchaespanol.com\/#organization\",\"name\":\"Jarcha Espa\u00f1ol\",\"url\":\"https:\/\/jarchaespanol.com\/\",\"logo\":{\"@type\":\"ImageObject\",\"inLanguage\":\"fr-FR\",\"@id\":\"https:\/\/jarchaespanol.com\/#\/schema\/logo\/image\/\",\"url\":\"https:\/\/jarchaespanol.com\/wp-content\/uploads\/2022\/03\/logo-factura-2.png\",\"contentUrl\":\"https:\/\/jarchaespanol.com\/wp-content\/uploads\/2022\/03\/logo-factura-2.png\",\"width\":474,\"height\":177,\"caption\":\"Jarcha Espa\u00f1ol\"},\"image\":{\"@id\":\"https:\/\/jarchaespanol.com\/#\/schema\/logo\/image\/\"}}]}<\/script>\n<!-- \/ Yoast SEO plugin. -->","yoast_head_json":{"title":"Espagnol en ligne pour les familles et les amis - Le\u00e7ons intensives - Jarcha Espa\u00f1ol","description":"Espagnol en ligne pour les familles et les amis - Le\u00e7ons intensives - Jarcha Espa\u00f1ol - Espa\u00f1ol como Lengua Extranjera. Clases de espa\u00f1ol online.","robots":{"index":"index","follow":"follow","max-snippet":"max-snippet:-1","max-image-preview":"max-image-preview:large","max-video-preview":"max-video-preview:-1"},"canonical":"https:\/\/jarchaespanol.com\/fr\/servicios\/enseignement\/espanol-online\/cours-en-petit-groupe\/espagnol-en-ligne-lecons-intensifs-en-petit-groupe\/","og_locale":"fr_FR","og_type":"article","og_title":"Espagnol en ligne pour les familles et les amis - Le\u00e7ons intensives - Jarcha Espa\u00f1ol","og_description":"Espagnol en ligne pour les familles et les amis - Le\u00e7ons intensives - Jarcha Espa\u00f1ol - Espa\u00f1ol como Lengua Extranjera. Clases de espa\u00f1ol online.","og_url":"https:\/\/jarchaespanol.com\/fr\/servicios\/enseignement\/espanol-online\/cours-en-petit-groupe\/espagnol-en-ligne-lecons-intensifs-en-petit-groupe\/","og_site_name":"Jarcha Espa\u00f1ol","article_modified_time":"2025-09-05T17:54:36+00:00","og_image":[{"width":900,"height":899,"url":"https:\/\/jarchaespanol.com\/wp-content\/uploads\/2024\/11\/FAMILIA-Y-AMIGOS.jpg","type":"image\/jpeg"}],"twitter_card":"summary_large_image","schema":{"@context":"https:\/\/schema.org","@graph":[{"@type":"WebPage","@id":"https:\/\/jarchaespanol.com\/fr\/servicios\/enseignement\/espanol-online\/cours-en-petit-groupe\/espagnol-en-ligne-lecons-intensifs-en-petit-groupe\/","url":"https:\/\/jarchaespanol.com\/fr\/servicios\/enseignement\/espanol-online\/cours-en-petit-groupe\/espagnol-en-ligne-lecons-intensifs-en-petit-groupe\/","name":"Espagnol en ligne pour les familles et les amis - Le\u00e7ons intensives - Jarcha Espa\u00f1ol","isPartOf":{"@id":"https:\/\/jarchaespanol.com\/#website"},"primaryImageOfPage":{"@id":"https:\/\/jarchaespanol.com\/fr\/servicios\/enseignement\/espanol-online\/cours-en-petit-groupe\/espagnol-en-ligne-lecons-intensifs-en-petit-groupe\/#primaryimage"},"image":{"@id":"https:\/\/jarchaespanol.com\/fr\/servicios\/enseignement\/espanol-online\/cours-en-petit-groupe\/espagnol-en-ligne-lecons-intensifs-en-petit-groupe\/#primaryimage"},"thumbnailUrl":"https:\/\/jarchaespanol.com\/wp-content\/uploads\/2024\/11\/FAMILIA-Y-AMIGOS.jpg","datePublished":"2024-11-06T13:53:25+00:00","dateModified":"2025-09-05T17:54:36+00:00","description":"Espagnol en ligne pour les familles et les amis - Le\u00e7ons intensives - Jarcha Espa\u00f1ol - Espa\u00f1ol como Lengua Extranjera. Clases de espa\u00f1ol online.","breadcrumb":{"@id":"https:\/\/jarchaespanol.com\/fr\/servicios\/enseignement\/espanol-online\/cours-en-petit-groupe\/espagnol-en-ligne-lecons-intensifs-en-petit-groupe\/#breadcrumb"},"inLanguage":"fr-FR","potentialAction":[{"@type":"ReadAction","target":["https:\/\/jarchaespanol.com\/fr\/servicios\/enseignement\/espanol-online\/cours-en-petit-groupe\/espagnol-en-ligne-lecons-intensifs-en-petit-groupe\/"]}]},{"@type":"ImageObject","inLanguage":"fr-FR","@id":"https:\/\/jarchaespanol.com\/fr\/servicios\/enseignement\/espanol-online\/cours-en-petit-groupe\/espagnol-en-ligne-lecons-intensifs-en-petit-groupe\/#primaryimage","url":"https:\/\/jarchaespanol.com\/wp-content\/uploads\/2024\/11\/FAMILIA-Y-AMIGOS.jpg","contentUrl":"https:\/\/jarchaespanol.com\/wp-content\/uploads\/2024\/11\/FAMILIA-Y-AMIGOS.jpg","width":900,"height":899},{"@type":"BreadcrumbList","@id":"https:\/\/jarchaespanol.com\/fr\/servicios\/enseignement\/espanol-online\/cours-en-petit-groupe\/espagnol-en-ligne-lecons-intensifs-en-petit-groupe\/#breadcrumb","itemListElement":[{"@type":"ListItem","position":1,"name":"Home","item":"https:\/\/jarchaespanol.com\/"},{"@type":"ListItem","position":2,"name":"Boutique","item":"https:\/\/jarchaespanol.com\/tienda\/"},{"@type":"ListItem","position":3,"name":"Espagnol en ligne pour les familles et les amis &#8211; Le\u00e7ons intensives"}]},{"@type":"WebSite","@id":"https:\/\/jarchaespanol.com\/#website","url":"https:\/\/jarchaespanol.com\/","name":"Jarcha Espa\u00f1ol","description":"Plataforma en l\u00ednea especializada en la comunicaci\u00f3n y en la formaci\u00f3n en espa\u00f1ol. Aprende espa\u00f1ol online.","publisher":{"@id":"https:\/\/jarchaespanol.com\/#organization"},"potentialAction":[{"@type":"SearchAction","target":{"@type":"EntryPoint","urlTemplate":"https:\/\/jarchaespanol.com\/?s={search_term_string}"},"query-input":{"@type":"PropertyValueSpecification","valueRequired":true,"valueName":"search_term_string"}}],"inLanguage":"fr-FR"},{"@type":"Organization","@id":"https:\/\/jarchaespanol.com\/#organization","name":"Jarcha Espa\u00f1ol","url":"https:\/\/jarchaespanol.com\/","logo":{"@type":"ImageObject","inLanguage":"fr-FR","@id":"https:\/\/jarchaespanol.com\/#\/schema\/logo\/image\/","url":"https:\/\/jarchaespanol.com\/wp-content\/uploads\/2022\/03\/logo-factura-2.png","contentUrl":"https:\/\/jarchaespanol.com\/wp-content\/uploads\/2022\/03\/logo-factura-2.png","width":474,"height":177,"caption":"Jarcha Espa\u00f1ol"},"image":{"@id":"https:\/\/jarchaespanol.com\/#\/schema\/logo\/image\/"}}]}},"_links":{"self":[{"href":"https:\/\/jarchaespanol.com\/fr\/wp-json\/wp\/v2\/product\/14948","targetHints":{"allow":["GET"]}}],"collection":[{"href":"https:\/\/jarchaespanol.com\/fr\/wp-json\/wp\/v2\/product"}],"about":[{"href":"https:\/\/jarchaespanol.com\/fr\/wp-json\/wp\/v2\/types\/product"}],"replies":[{"embeddable":true,"href":"https:\/\/jarchaespanol.com\/fr\/wp-json\/wp\/v2\/comments?post=14948"}],"wp:featuredmedia":[{"embeddable":true,"href":"https:\/\/jarchaespanol.com\/fr\/wp-json\/wp\/v2\/media\/17559"}],"wp:attachment":[{"href":"https:\/\/jarchaespanol.com\/fr\/wp-json\/wp\/v2\/media?parent=14948"}],"wp:term":[{"taxonomy":"product_brand","embeddable":true,"href":"https:\/\/jarchaespanol.com\/fr\/wp-json\/wp\/v2\/product_brand?post=14948"},{"taxonomy":"product_cat","embeddable":true,"href":"https:\/\/jarchaespanol.com\/fr\/wp-json\/wp\/v2\/product_cat?post=14948"},{"taxonomy":"product_tag","embeddable":true,"href":"https:\/\/jarchaespanol.com\/fr\/wp-json\/wp\/v2\/product_tag?post=14948"}],"curies":[{"name":"wp","href":"https:\/\/api.w.org\/{rel}","templated":true}]}}