{"id":16599,"date":"2025-05-27T00:19:33","date_gmt":"2025-05-26T22:19:33","guid":{"rendered":"https:\/\/jarchaespanol.com\/?post_type=product&#038;p=16599"},"modified":"2025-07-23T14:28:00","modified_gmt":"2025-07-23T12:28:00","slug":"espagnol-en-ligne-preparation-a-dautres-epreuves-cours-individuels","status":"publish","type":"product","link":"https:\/\/jarchaespanol.com\/fr\/servicios\/enseignement\/espanol-online\/cours-individuels\/espagnol-en-ligne-preparation-a-dautres-epreuves-cours-individuels\/","title":{"rendered":"Espagnol en ligne \u2013 Pr\u00e9paration \u00e0 d&rsquo;autres \u00e9preuves. Cours individuels"},"content":{"rendered":"<p>Chez Jarcha Espa\u00f1ol, nous vous aidons \u00e0 pr\u00e9parer une grande vari\u00e9t\u00e9 d\u2019examens officiels d\u2019espagnol, en Espagne comme dans d\u2019autres pays. Que vous ayez besoin de certifier votre niveau, d\u2019am\u00e9liorer votre profil professionnel ou d\u2019avancer dans vos \u00e9tudes, vous trouverez ici la pr\u00e9paration sp\u00e9cifique \u00e0 l\u2019\u00e9preuve que vous devez r\u00e9ussir.<\/p>\n<p>&nbsp;<\/p>\n<h3><span style=\"color: #882437;\"><b>Quelles autres \u00e9preuves pr\u00e9parons-nous chez Jarcha Espa\u00f1ol?<\/b><\/span><\/h3>\n<p><span style=\"font-weight: 400;\">Chez Jarcha Espa\u00f1ol, nous pr\u00e9parons, entre autres, les certifications et examens suivants:<\/span><\/p>\n<p><b>Examens organis\u00e9s en Espagne\u00a0<\/b><\/p>\n<ul>\n<li style=\"font-weight: 400;\" aria-level=\"1\"><b>SIELE<\/b><span style=\"font-weight: 400;\"> (Service international d&rsquo;\u00e9valuation de la langue espagnole)<\/span><\/li>\n<li style=\"font-weight: 400;\" aria-level=\"1\"><b>DIE<\/b><span style=\"font-weight: 400;\"> (Dipl\u00f4me international d&rsquo;espagnol)<\/span><\/li>\n<li style=\"font-weight: 400;\" aria-level=\"1\"><b>Certificats universitaires d\u2019espagnol<\/b><span style=\"font-weight: 400;\"> (USAL esPro, Universit\u00e9 de Barcelone)<\/span><\/li>\n<\/ul>\n<p><b>Examens organis\u00e9s hors d&rsquo;Espagne\u00a0<\/b><\/p>\n<ul>\n<li style=\"font-weight: 400;\" aria-level=\"1\"><b>CELU<\/b><span style=\"font-weight: 400;\"> (Certificat d&rsquo;espagnol : langue et usage)<\/span><\/li>\n<li style=\"font-weight: 400;\" aria-level=\"1\"><b>CELA<\/b><span style=\"font-weight: 400;\"> (Certification d\u2019espagnol comme langue additionnelle)<\/span><\/li>\n<li style=\"font-weight: 400;\" aria-level=\"1\"><b>ECL<\/b><span style=\"font-weight: 400;\"> (Consortium europ\u00e9en pour le certificat de comp\u00e9tence en langues modernes)<\/span><\/li>\n<li style=\"font-weight: 400;\" aria-level=\"1\"><b>Examens et certifications aux \u00c9tats-Unis<\/b><span style=\"font-weight: 400;\"> (AP Spanish, National Spanish Examinations, Checkpoint A et B)<\/span><\/li>\n<li style=\"font-weight: 400;\" aria-level=\"1\"><b>DSCG<\/b><span style=\"font-weight: 400;\"> (Dipl\u00f4me sup\u00e9rieur de comptabilit\u00e9 et de gestion)<\/span><\/li>\n<li style=\"font-weight: 400;\" aria-level=\"1\"><b>DALF<\/b><span style=\"font-weight: 400;\"> (Dipl\u00f4me approfondi de langue fran\u00e7aise)<\/span><\/li>\n<\/ul>\n<p><b>Examens et certifications dans plusieurs pays, y compris l&rsquo;Espagne\u00a0<\/b><\/p>\n<ul>\n<li style=\"font-weight: 400;\" aria-level=\"1\"><b>TELC<\/b><span style=\"font-weight: 400;\"> (Certificat de langue europ\u00e9enne)<\/span><\/li>\n<\/ul>\n<p><b>Comp\u00e9titions internationales\u00a0<\/b><\/p>\n<ul>\n<li style=\"font-weight: 400;\" aria-level=\"1\"><b>Olympiades d&rsquo;espagnol<\/b><span style=\"font-weight: 400;\"> : Comp\u00e9titions pour les \u00e9tudiants du secondaire, organis\u00e9es dans divers pays<\/span><\/li>\n<\/ul>\n<p>&nbsp;<\/p>\n<p><iframe loading=\"lazy\" title=\"Maja. Olimpiadas de espa\u00f1ol en Cracovia. Polaco.\" width=\"900\" height=\"506\" src=\"https:\/\/www.youtube.com\/embed\/lQyqPdtT6iY?feature=oembed\" frameborder=\"0\" allow=\"accelerometer; autoplay; clipboard-write; encrypted-media; gyroscope; picture-in-picture; web-share\" referrerpolicy=\"strict-origin-when-cross-origin\" allowfullscreen><\/iframe><\/p>\n<p><iframe loading=\"lazy\" title=\"Maja. Olimpiadas de espa\u00f1ol en Cracovia. Espa\u00f1ol.\" width=\"900\" height=\"506\" src=\"https:\/\/www.youtube.com\/embed\/d3kUIyiLeko?feature=oembed\" frameborder=\"0\" allow=\"accelerometer; autoplay; clipboard-write; encrypted-media; gyroscope; picture-in-picture; web-share\" referrerpolicy=\"strict-origin-when-cross-origin\" allowfullscreen><\/iframe><\/p>\n<p>&nbsp;<br \/>\n<b>Test de niveau<\/b><br \/>\n<a class=\"btn btn-jarcha\" href=\"https:\/\/docs.google.com\/forms\/d\/e\/1FAIpQLScMyzM92U1yRd7pyrAY6iNldme-eUzGKpzMkl9ZJUN072zVHw\/viewform?usp=sf_link\" target=\"_blank\" rel=\"noopener\"><span style=\"font-weight: 400;\"><i class=\"vc_btn3-icon fas fa-user-graduate\"><\/i> A1 <\/span><\/a> <a class=\"btn btn-jarcha\" href=\"https:\/\/docs.google.com\/forms\/d\/e\/1FAIpQLSctisEsdQt-A4UJe0KuWHLCDoTzLtXFWelAQNoauRGeyPcSUg\/viewform?usp=sf_link\" target=\"_blank\" rel=\"noopener\"><span style=\"font-weight: 400;\"><i class=\"vc_btn3-icon fas fa-user-graduate\"><\/i> A2 <\/span><\/a> <a class=\"btn btn-jarcha\" href=\"https:\/\/docs.google.com\/forms\/d\/e\/1FAIpQLSdNGeGMzvjiXYDQWm0ySq6zpqES6g3MFOjMnaYxYUgCeI3M7A\/viewform?usp=sf_link\" target=\"_blank\" rel=\"noopener\"><span style=\"font-weight: 400;\"><i class=\"vc_btn3-icon fas fa-user-graduate\"><\/i> B1 <\/span><\/a> <a class=\"btn btn-jarcha\" href=\"https:\/\/docs.google.com\/forms\/d\/e\/1FAIpQLSfHj2JP1zE2D1FUPS_FbH0zTUNzAJ1CEopeBKifrEwm5nMmsw\/viewform?usp=sf_link\" target=\"_blank\" rel=\"noopener\"><span style=\"font-weight: 400;\"><i class=\"vc_btn3-icon fas fa-user-graduate\"><\/i> B2 <\/span><\/a> <a class=\"btn btn-jarcha\" href=\"https:\/\/docs.google.com\/forms\/d\/e\/1FAIpQLSeUgWtLVaOwNh7sbMlg0a7C-zQG3OhJkbzS22VtItOdw6IVCQ\/viewform?usp=sf_link\" target=\"_blank\" rel=\"noopener\"><span style=\"font-weight: 400;\"><i class=\"vc_btn3-icon fas fa-user-graduate\"><\/i> C1 <\/span><\/a> <a class=\"btn btn-jarcha\" href=\"https:\/\/docs.google.com\/forms\/d\/e\/1FAIpQLScMlqLbAih6VOcu6jaiNdpp6wh9zkimMY9El8kqYbHZaRVInw\/viewform?usp=sf_link\" target=\"_blank\" rel=\"noopener\"><span style=\"font-weight: 400;\"><i class=\"vc_btn3-icon fas fa-user-graduate\"><\/i> C2 <\/span><\/a><\/p>\n","protected":false},"excerpt":{"rendered":"<p><span style=\"font-weight: 400;\">Ma\u00eetrisez n&rsquo;importe quel test d&rsquo;espagnol avec notre aide<\/span><\/p>\n","protected":false},"featured_media":17549,"comment_status":"open","ping_status":"closed","template":"","meta":{"inline_featured_image":false,"_joinchat":[]},"product_brand":[],"product_cat":[857,449,450],"product_tag":[],"class_list":{"0":"post-16599","1":"product","2":"type-product","3":"status-publish","4":"has-post-thumbnail","6":"product_cat-cours-individuels","7":"product_cat-enseignement","8":"product_cat-espanol-online","10":"first","11":"instock","12":"shipping-taxable","13":"purchasable","14":"product-type-variable"},"yoast_head":"<!-- This site is optimized with the Yoast SEO plugin v26.8 - https:\/\/yoast.com\/product\/yoast-seo-wordpress\/ -->\n<title>Espagnol en ligne \u2013 Pr\u00e9paration \u00e0 d&#039;autres \u00e9preuves. Cours individuels - Jarcha Espa\u00f1ol<\/title>\n<meta name=\"description\" content=\"Espagnol en ligne \u2013 Pr\u00e9paration \u00e0 d&#039;autres \u00e9preuves. Cours individuels - Jarcha Espa\u00f1ol - Espa\u00f1ol como Lengua Extranjera. Clases de espa\u00f1ol online.\" \/>\n<meta name=\"robots\" content=\"index, follow, max-snippet:-1, max-image-preview:large, max-video-preview:-1\" \/>\n<link rel=\"canonical\" href=\"https:\/\/jarchaespanol.com\/fr\/servicios\/enseignement\/espanol-online\/cours-individuels\/espagnol-en-ligne-preparation-a-dautres-epreuves-cours-individuels\/\" \/>\n<meta property=\"og:locale\" content=\"fr_FR\" \/>\n<meta property=\"og:type\" content=\"article\" \/>\n<meta property=\"og:title\" content=\"Espagnol en ligne \u2013 Pr\u00e9paration \u00e0 d&#039;autres \u00e9preuves. Cours individuels - Jarcha Espa\u00f1ol\" \/>\n<meta property=\"og:description\" content=\"Espagnol en ligne \u2013 Pr\u00e9paration \u00e0 d&#039;autres \u00e9preuves. Cours individuels - Jarcha Espa\u00f1ol - Espa\u00f1ol como Lengua Extranjera. Clases de espa\u00f1ol online.\" \/>\n<meta property=\"og:url\" content=\"https:\/\/jarchaespanol.com\/fr\/servicios\/enseignement\/espanol-online\/cours-individuels\/espagnol-en-ligne-preparation-a-dautres-epreuves-cours-individuels\/\" \/>\n<meta property=\"og:site_name\" content=\"Jarcha Espa\u00f1ol\" \/>\n<meta property=\"article:modified_time\" content=\"2025-07-23T12:28:00+00:00\" \/>\n<meta property=\"og:image\" content=\"https:\/\/jarchaespanol.com\/wp-content\/uploads\/2025\/05\/ONLINE_OTRAS-PRUEBAS.jpg\" \/>\n\t<meta property=\"og:image:width\" content=\"900\" \/>\n\t<meta property=\"og:image:height\" content=\"933\" \/>\n\t<meta property=\"og:image:type\" content=\"image\/jpeg\" \/>\n<meta name=\"twitter:card\" content=\"summary_large_image\" \/>\n<script type=\"application\/ld+json\" class=\"yoast-schema-graph\">{\"@context\":\"https:\/\/schema.org\",\"@graph\":[{\"@type\":\"WebPage\",\"@id\":\"https:\/\/jarchaespanol.com\/fr\/servicios\/enseignement\/espanol-online\/cours-individuels\/espagnol-en-ligne-preparation-a-dautres-epreuves-cours-individuels\/\",\"url\":\"https:\/\/jarchaespanol.com\/fr\/servicios\/enseignement\/espanol-online\/cours-individuels\/espagnol-en-ligne-preparation-a-dautres-epreuves-cours-individuels\/\",\"name\":\"Espagnol en ligne \u2013 Pr\u00e9paration \u00e0 d'autres \u00e9preuves. Cours individuels - Jarcha Espa\u00f1ol\",\"isPartOf\":{\"@id\":\"https:\/\/jarchaespanol.com\/#website\"},\"primaryImageOfPage\":{\"@id\":\"https:\/\/jarchaespanol.com\/fr\/servicios\/enseignement\/espanol-online\/cours-individuels\/espagnol-en-ligne-preparation-a-dautres-epreuves-cours-individuels\/#primaryimage\"},\"image\":{\"@id\":\"https:\/\/jarchaespanol.com\/fr\/servicios\/enseignement\/espanol-online\/cours-individuels\/espagnol-en-ligne-preparation-a-dautres-epreuves-cours-individuels\/#primaryimage\"},\"thumbnailUrl\":\"https:\/\/jarchaespanol.com\/wp-content\/uploads\/2025\/05\/ONLINE_OTRAS-PRUEBAS.jpg\",\"datePublished\":\"2025-05-26T22:19:33+00:00\",\"dateModified\":\"2025-07-23T12:28:00+00:00\",\"description\":\"Espagnol en ligne \u2013 Pr\u00e9paration \u00e0 d'autres \u00e9preuves. Cours individuels - Jarcha Espa\u00f1ol - Espa\u00f1ol como Lengua Extranjera. Clases de espa\u00f1ol online.\",\"breadcrumb\":{\"@id\":\"https:\/\/jarchaespanol.com\/fr\/servicios\/enseignement\/espanol-online\/cours-individuels\/espagnol-en-ligne-preparation-a-dautres-epreuves-cours-individuels\/#breadcrumb\"},\"inLanguage\":\"fr-FR\",\"potentialAction\":[{\"@type\":\"ReadAction\",\"target\":[\"https:\/\/jarchaespanol.com\/fr\/servicios\/enseignement\/espanol-online\/cours-individuels\/espagnol-en-ligne-preparation-a-dautres-epreuves-cours-individuels\/\"]}]},{\"@type\":\"ImageObject\",\"inLanguage\":\"fr-FR\",\"@id\":\"https:\/\/jarchaespanol.com\/fr\/servicios\/enseignement\/espanol-online\/cours-individuels\/espagnol-en-ligne-preparation-a-dautres-epreuves-cours-individuels\/#primaryimage\",\"url\":\"https:\/\/jarchaespanol.com\/wp-content\/uploads\/2025\/05\/ONLINE_OTRAS-PRUEBAS.jpg\",\"contentUrl\":\"https:\/\/jarchaespanol.com\/wp-content\/uploads\/2025\/05\/ONLINE_OTRAS-PRUEBAS.jpg\",\"width\":900,\"height\":933},{\"@type\":\"BreadcrumbList\",\"@id\":\"https:\/\/jarchaespanol.com\/fr\/servicios\/enseignement\/espanol-online\/cours-individuels\/espagnol-en-ligne-preparation-a-dautres-epreuves-cours-individuels\/#breadcrumb\",\"itemListElement\":[{\"@type\":\"ListItem\",\"position\":1,\"name\":\"Home\",\"item\":\"https:\/\/jarchaespanol.com\/\"},{\"@type\":\"ListItem\",\"position\":2,\"name\":\"Boutique\",\"item\":\"https:\/\/jarchaespanol.com\/tienda\/\"},{\"@type\":\"ListItem\",\"position\":3,\"name\":\"Espagnol en ligne \u2013 Pr\u00e9paration \u00e0 d&rsquo;autres \u00e9preuves. Cours individuels\"}]},{\"@type\":\"WebSite\",\"@id\":\"https:\/\/jarchaespanol.com\/#website\",\"url\":\"https:\/\/jarchaespanol.com\/\",\"name\":\"Jarcha Espa\u00f1ol\",\"description\":\"Plataforma en l\u00ednea especializada en la comunicaci\u00f3n y en la formaci\u00f3n en espa\u00f1ol. Aprende espa\u00f1ol online.\",\"publisher\":{\"@id\":\"https:\/\/jarchaespanol.com\/#organization\"},\"potentialAction\":[{\"@type\":\"SearchAction\",\"target\":{\"@type\":\"EntryPoint\",\"urlTemplate\":\"https:\/\/jarchaespanol.com\/?s={search_term_string}\"},\"query-input\":{\"@type\":\"PropertyValueSpecification\",\"valueRequired\":true,\"valueName\":\"search_term_string\"}}],\"inLanguage\":\"fr-FR\"},{\"@type\":\"Organization\",\"@id\":\"https:\/\/jarchaespanol.com\/#organization\",\"name\":\"Jarcha Espa\u00f1ol\",\"url\":\"https:\/\/jarchaespanol.com\/\",\"logo\":{\"@type\":\"ImageObject\",\"inLanguage\":\"fr-FR\",\"@id\":\"https:\/\/jarchaespanol.com\/#\/schema\/logo\/image\/\",\"url\":\"https:\/\/jarchaespanol.com\/wp-content\/uploads\/2022\/03\/logo-factura-2.png\",\"contentUrl\":\"https:\/\/jarchaespanol.com\/wp-content\/uploads\/2022\/03\/logo-factura-2.png\",\"width\":474,\"height\":177,\"caption\":\"Jarcha Espa\u00f1ol\"},\"image\":{\"@id\":\"https:\/\/jarchaespanol.com\/#\/schema\/logo\/image\/\"}}]}<\/script>\n<!-- \/ Yoast SEO plugin. -->","yoast_head_json":{"title":"Espagnol en ligne \u2013 Pr\u00e9paration \u00e0 d'autres \u00e9preuves. Cours individuels - Jarcha Espa\u00f1ol","description":"Espagnol en ligne \u2013 Pr\u00e9paration \u00e0 d'autres \u00e9preuves. Cours individuels - Jarcha Espa\u00f1ol - Espa\u00f1ol como Lengua Extranjera. Clases de espa\u00f1ol online.","robots":{"index":"index","follow":"follow","max-snippet":"max-snippet:-1","max-image-preview":"max-image-preview:large","max-video-preview":"max-video-preview:-1"},"canonical":"https:\/\/jarchaespanol.com\/fr\/servicios\/enseignement\/espanol-online\/cours-individuels\/espagnol-en-ligne-preparation-a-dautres-epreuves-cours-individuels\/","og_locale":"fr_FR","og_type":"article","og_title":"Espagnol en ligne \u2013 Pr\u00e9paration \u00e0 d'autres \u00e9preuves. Cours individuels - Jarcha Espa\u00f1ol","og_description":"Espagnol en ligne \u2013 Pr\u00e9paration \u00e0 d'autres \u00e9preuves. Cours individuels - Jarcha Espa\u00f1ol - Espa\u00f1ol como Lengua Extranjera. Clases de espa\u00f1ol online.","og_url":"https:\/\/jarchaespanol.com\/fr\/servicios\/enseignement\/espanol-online\/cours-individuels\/espagnol-en-ligne-preparation-a-dautres-epreuves-cours-individuels\/","og_site_name":"Jarcha Espa\u00f1ol","article_modified_time":"2025-07-23T12:28:00+00:00","og_image":[{"width":900,"height":933,"url":"https:\/\/jarchaespanol.com\/wp-content\/uploads\/2025\/05\/ONLINE_OTRAS-PRUEBAS.jpg","type":"image\/jpeg"}],"twitter_card":"summary_large_image","schema":{"@context":"https:\/\/schema.org","@graph":[{"@type":"WebPage","@id":"https:\/\/jarchaespanol.com\/fr\/servicios\/enseignement\/espanol-online\/cours-individuels\/espagnol-en-ligne-preparation-a-dautres-epreuves-cours-individuels\/","url":"https:\/\/jarchaespanol.com\/fr\/servicios\/enseignement\/espanol-online\/cours-individuels\/espagnol-en-ligne-preparation-a-dautres-epreuves-cours-individuels\/","name":"Espagnol en ligne \u2013 Pr\u00e9paration \u00e0 d'autres \u00e9preuves. Cours individuels - Jarcha Espa\u00f1ol","isPartOf":{"@id":"https:\/\/jarchaespanol.com\/#website"},"primaryImageOfPage":{"@id":"https:\/\/jarchaespanol.com\/fr\/servicios\/enseignement\/espanol-online\/cours-individuels\/espagnol-en-ligne-preparation-a-dautres-epreuves-cours-individuels\/#primaryimage"},"image":{"@id":"https:\/\/jarchaespanol.com\/fr\/servicios\/enseignement\/espanol-online\/cours-individuels\/espagnol-en-ligne-preparation-a-dautres-epreuves-cours-individuels\/#primaryimage"},"thumbnailUrl":"https:\/\/jarchaespanol.com\/wp-content\/uploads\/2025\/05\/ONLINE_OTRAS-PRUEBAS.jpg","datePublished":"2025-05-26T22:19:33+00:00","dateModified":"2025-07-23T12:28:00+00:00","description":"Espagnol en ligne \u2013 Pr\u00e9paration \u00e0 d'autres \u00e9preuves. Cours individuels - Jarcha Espa\u00f1ol - Espa\u00f1ol como Lengua Extranjera. Clases de espa\u00f1ol online.","breadcrumb":{"@id":"https:\/\/jarchaespanol.com\/fr\/servicios\/enseignement\/espanol-online\/cours-individuels\/espagnol-en-ligne-preparation-a-dautres-epreuves-cours-individuels\/#breadcrumb"},"inLanguage":"fr-FR","potentialAction":[{"@type":"ReadAction","target":["https:\/\/jarchaespanol.com\/fr\/servicios\/enseignement\/espanol-online\/cours-individuels\/espagnol-en-ligne-preparation-a-dautres-epreuves-cours-individuels\/"]}]},{"@type":"ImageObject","inLanguage":"fr-FR","@id":"https:\/\/jarchaespanol.com\/fr\/servicios\/enseignement\/espanol-online\/cours-individuels\/espagnol-en-ligne-preparation-a-dautres-epreuves-cours-individuels\/#primaryimage","url":"https:\/\/jarchaespanol.com\/wp-content\/uploads\/2025\/05\/ONLINE_OTRAS-PRUEBAS.jpg","contentUrl":"https:\/\/jarchaespanol.com\/wp-content\/uploads\/2025\/05\/ONLINE_OTRAS-PRUEBAS.jpg","width":900,"height":933},{"@type":"BreadcrumbList","@id":"https:\/\/jarchaespanol.com\/fr\/servicios\/enseignement\/espanol-online\/cours-individuels\/espagnol-en-ligne-preparation-a-dautres-epreuves-cours-individuels\/#breadcrumb","itemListElement":[{"@type":"ListItem","position":1,"name":"Home","item":"https:\/\/jarchaespanol.com\/"},{"@type":"ListItem","position":2,"name":"Boutique","item":"https:\/\/jarchaespanol.com\/tienda\/"},{"@type":"ListItem","position":3,"name":"Espagnol en ligne \u2013 Pr\u00e9paration \u00e0 d&rsquo;autres \u00e9preuves. Cours individuels"}]},{"@type":"WebSite","@id":"https:\/\/jarchaespanol.com\/#website","url":"https:\/\/jarchaespanol.com\/","name":"Jarcha Espa\u00f1ol","description":"Plataforma en l\u00ednea especializada en la comunicaci\u00f3n y en la formaci\u00f3n en espa\u00f1ol. Aprende espa\u00f1ol online.","publisher":{"@id":"https:\/\/jarchaespanol.com\/#organization"},"potentialAction":[{"@type":"SearchAction","target":{"@type":"EntryPoint","urlTemplate":"https:\/\/jarchaespanol.com\/?s={search_term_string}"},"query-input":{"@type":"PropertyValueSpecification","valueRequired":true,"valueName":"search_term_string"}}],"inLanguage":"fr-FR"},{"@type":"Organization","@id":"https:\/\/jarchaespanol.com\/#organization","name":"Jarcha Espa\u00f1ol","url":"https:\/\/jarchaespanol.com\/","logo":{"@type":"ImageObject","inLanguage":"fr-FR","@id":"https:\/\/jarchaespanol.com\/#\/schema\/logo\/image\/","url":"https:\/\/jarchaespanol.com\/wp-content\/uploads\/2022\/03\/logo-factura-2.png","contentUrl":"https:\/\/jarchaespanol.com\/wp-content\/uploads\/2022\/03\/logo-factura-2.png","width":474,"height":177,"caption":"Jarcha Espa\u00f1ol"},"image":{"@id":"https:\/\/jarchaespanol.com\/#\/schema\/logo\/image\/"}}]}},"_links":{"self":[{"href":"https:\/\/jarchaespanol.com\/fr\/wp-json\/wp\/v2\/product\/16599","targetHints":{"allow":["GET"]}}],"collection":[{"href":"https:\/\/jarchaespanol.com\/fr\/wp-json\/wp\/v2\/product"}],"about":[{"href":"https:\/\/jarchaespanol.com\/fr\/wp-json\/wp\/v2\/types\/product"}],"replies":[{"embeddable":true,"href":"https:\/\/jarchaespanol.com\/fr\/wp-json\/wp\/v2\/comments?post=16599"}],"wp:featuredmedia":[{"embeddable":true,"href":"https:\/\/jarchaespanol.com\/fr\/wp-json\/wp\/v2\/media\/17549"}],"wp:attachment":[{"href":"https:\/\/jarchaespanol.com\/fr\/wp-json\/wp\/v2\/media?parent=16599"}],"wp:term":[{"taxonomy":"product_brand","embeddable":true,"href":"https:\/\/jarchaespanol.com\/fr\/wp-json\/wp\/v2\/product_brand?post=16599"},{"taxonomy":"product_cat","embeddable":true,"href":"https:\/\/jarchaespanol.com\/fr\/wp-json\/wp\/v2\/product_cat?post=16599"},{"taxonomy":"product_tag","embeddable":true,"href":"https:\/\/jarchaespanol.com\/fr\/wp-json\/wp\/v2\/product_tag?post=16599"}],"curies":[{"name":"wp","href":"https:\/\/api.w.org\/{rel}","templated":true}]}}