{"id":16843,"date":"2025-05-29T20:20:29","date_gmt":"2025-05-29T18:20:29","guid":{"rendered":"https:\/\/jarchaespanol.com\/?post_type=product&#038;p=16843"},"modified":"2025-07-26T10:51:33","modified_gmt":"2025-07-26T08:51:33","slug":"espagnol-en-presentiel-preparation-au-ccse-en-petit-groupe","status":"publish","type":"product","link":"https:\/\/jarchaespanol.com\/fr\/servicios\/enseignement\/espagnol-en-presentiel\/cours-en-petit-groupe-fr\/espagnol-en-presentiel-preparation-au-ccse-en-petit-groupe\/","title":{"rendered":"Espagnol en pr\u00e9sentiel &#8211; Pr\u00e9paration au CCSE en petit groupe"},"content":{"rendered":"<p>Si vous habitez \u00e0 Vigo, chez Jarcha Espa\u00f1ol vous pouvez pr\u00e9parer l\u2019examen <span style=\"font-weight: 400;\"><a href=\"https:\/\/jarchaespanol.com\/fr\/ccse\/\"><span style=\"color: #882437;\"><strong>CCSE<\/strong><\/span><\/a><\/span> avec des cours en pr\u00e9sentiel en petit groupe, que ce soit avec des membres de votre famille ou d\u2019autres candidats \u00e0 la nationalit\u00e9 espagnole. Apprendre ensemble rend le processus plus agr\u00e9able et efficace.<br \/>\nPendant les s\u00e9ances, nous travaillerons les deux parties de l\u2019examen : la partie linguistique, adapt\u00e9e au niveau A2, et les contenus constitutionnels et socioculturels, avec des mat\u00e9riaux dynamiques et actualis\u00e9s qui vous aideront \u00e0 mieux comprendre le pays et \u00e0 r\u00e9ussir l\u2019examen avec confiance.<br \/>\n&nbsp;<\/p>\n<p>Remplissez le <span style=\"color: #882437;\"><a style=\"color: #882437;\" href=\"https:\/\/jarchaespanol.com\/fr\/formulaire-de-reservation-pour-les-cours-collectifs-de-espagnol-en-presentiel\/\"><strong>formulaire<\/strong><\/a><\/span> en indiquant votre niveau d\u2019espagnol et votre disponibilit\u00e9. Si un groupe compatible se forme, nous vous contacterons pour commencer.<\/p>\n<p>&nbsp;<\/p>\n<p><b>Test de niveau<\/b><br \/>\n<a class=\"btn btn-jarcha\" href=\"https:\/\/docs.google.com\/forms\/d\/e\/1FAIpQLScMyzM92U1yRd7pyrAY6iNldme-eUzGKpzMkl9ZJUN072zVHw\/viewform?usp=sf_link\" target=\"_blank\" rel=\"noopener\"><span style=\"font-weight: 400;\"><i class=\"vc_btn3-icon fas fa-user-graduate\"><\/i> A1 <\/span><\/a> <a class=\"btn btn-jarcha\" href=\"https:\/\/docs.google.com\/forms\/d\/e\/1FAIpQLSctisEsdQt-A4UJe0KuWHLCDoTzLtXFWelAQNoauRGeyPcSUg\/viewform?usp=sf_link\" target=\"_blank\" rel=\"noopener\"><span style=\"font-weight: 400;\"><i class=\"vc_btn3-icon fas fa-user-graduate\"><\/i> A2 <\/span><\/a> <a class=\"btn btn-jarcha\" href=\"https:\/\/docs.google.com\/forms\/d\/e\/1FAIpQLSdNGeGMzvjiXYDQWm0ySq6zpqES6g3MFOjMnaYxYUgCeI3M7A\/viewform?usp=sf_link\" target=\"_blank\" rel=\"noopener\"><span style=\"font-weight: 400;\"><i class=\"vc_btn3-icon fas fa-user-graduate\"><\/i> B1 <\/span><\/a> <a class=\"btn btn-jarcha\" href=\"https:\/\/docs.google.com\/forms\/d\/e\/1FAIpQLSfHj2JP1zE2D1FUPS_FbH0zTUNzAJ1CEopeBKifrEwm5nMmsw\/viewform?usp=sf_link\" target=\"_blank\" rel=\"noopener\"><span style=\"font-weight: 400;\"><i class=\"vc_btn3-icon fas fa-user-graduate\"><\/i> B2 <\/span><\/a> <a class=\"btn btn-jarcha\" href=\"https:\/\/docs.google.com\/forms\/d\/e\/1FAIpQLSeUgWtLVaOwNh7sbMlg0a7C-zQG3OhJkbzS22VtItOdw6IVCQ\/viewform?usp=sf_link\" target=\"_blank\" rel=\"noopener\"><span style=\"font-weight: 400;\"><i class=\"vc_btn3-icon fas fa-user-graduate\"><\/i> C1 <\/span><\/a> <a class=\"btn btn-jarcha\" href=\"https:\/\/docs.google.com\/forms\/d\/e\/1FAIpQLScMlqLbAih6VOcu6jaiNdpp6wh9zkimMY9El8kqYbHZaRVInw\/viewform?usp=sf_link\" target=\"_blank\" rel=\"noopener\"><span style=\"font-weight: 400;\"><i class=\"vc_btn3-icon fas fa-user-graduate\"><\/i> C2 <\/span><\/a><\/p>\n","protected":false},"excerpt":{"rendered":"<p><span style=\"font-weight: 400;\">Avancez dans votre processus de nationalit\u00e9 espagnole avec ce cours.<\/span><\/p>\n","protected":false},"featured_media":17504,"comment_status":"open","ping_status":"closed","template":"","meta":{"inline_featured_image":false,"_joinchat":[]},"product_brand":[],"product_cat":[864,449,873],"product_tag":[],"class_list":{"0":"post-16843","1":"product","2":"type-product","3":"status-publish","4":"has-post-thumbnail","6":"product_cat-cours-en-petit-groupe-fr","7":"product_cat-enseignement","8":"product_cat-espagnol-en-presentiel","10":"first","11":"instock","12":"shipping-taxable","13":"purchasable","14":"product-type-variable"},"yoast_head":"<!-- This site is optimized with the Yoast SEO plugin v26.8 - https:\/\/yoast.com\/product\/yoast-seo-wordpress\/ -->\n<title>Espagnol en pr\u00e9sentiel - Pr\u00e9paration au CCSE en petit groupe - Jarcha Espa\u00f1ol<\/title>\n<meta name=\"description\" content=\"Espagnol en pr\u00e9sentiel - Pr\u00e9paration au CCSE en petit groupe - Jarcha Espa\u00f1ol - Espa\u00f1ol como Lengua Extranjera. Clases de espa\u00f1ol online.\" \/>\n<meta name=\"robots\" content=\"index, follow, max-snippet:-1, max-image-preview:large, max-video-preview:-1\" \/>\n<link rel=\"canonical\" href=\"https:\/\/jarchaespanol.com\/fr\/servicios\/enseignement\/espagnol-en-presentiel\/cours-en-petit-groupe-fr\/espagnol-en-presentiel-preparation-au-ccse-en-petit-groupe\/\" \/>\n<meta property=\"og:locale\" content=\"fr_FR\" \/>\n<meta property=\"og:type\" content=\"article\" \/>\n<meta property=\"og:title\" content=\"Espagnol en pr\u00e9sentiel - Pr\u00e9paration au CCSE en petit groupe - Jarcha Espa\u00f1ol\" \/>\n<meta property=\"og:description\" content=\"Espagnol en pr\u00e9sentiel - Pr\u00e9paration au CCSE en petit groupe - Jarcha Espa\u00f1ol - Espa\u00f1ol como Lengua Extranjera. Clases de espa\u00f1ol online.\" \/>\n<meta property=\"og:url\" content=\"https:\/\/jarchaespanol.com\/fr\/servicios\/enseignement\/espagnol-en-presentiel\/cours-en-petit-groupe-fr\/espagnol-en-presentiel-preparation-au-ccse-en-petit-groupe\/\" \/>\n<meta property=\"og:site_name\" content=\"Jarcha Espa\u00f1ol\" \/>\n<meta property=\"article:modified_time\" content=\"2025-07-26T08:51:33+00:00\" \/>\n<meta property=\"og:image\" content=\"https:\/\/jarchaespanol.com\/wp-content\/uploads\/2025\/05\/CCSE-PARA-GRUPO-REDUCIDO_2.png\" \/>\n\t<meta property=\"og:image:width\" content=\"500\" \/>\n\t<meta property=\"og:image:height\" content=\"500\" \/>\n\t<meta property=\"og:image:type\" content=\"image\/png\" \/>\n<meta name=\"twitter:card\" content=\"summary_large_image\" \/>\n<script type=\"application\/ld+json\" class=\"yoast-schema-graph\">{\"@context\":\"https:\/\/schema.org\",\"@graph\":[{\"@type\":\"WebPage\",\"@id\":\"https:\/\/jarchaespanol.com\/fr\/servicios\/enseignement\/espagnol-en-presentiel\/cours-en-petit-groupe-fr\/espagnol-en-presentiel-preparation-au-ccse-en-petit-groupe\/\",\"url\":\"https:\/\/jarchaespanol.com\/fr\/servicios\/enseignement\/espagnol-en-presentiel\/cours-en-petit-groupe-fr\/espagnol-en-presentiel-preparation-au-ccse-en-petit-groupe\/\",\"name\":\"Espagnol en pr\u00e9sentiel - Pr\u00e9paration au CCSE en petit groupe - Jarcha Espa\u00f1ol\",\"isPartOf\":{\"@id\":\"https:\/\/jarchaespanol.com\/#website\"},\"primaryImageOfPage\":{\"@id\":\"https:\/\/jarchaespanol.com\/fr\/servicios\/enseignement\/espagnol-en-presentiel\/cours-en-petit-groupe-fr\/espagnol-en-presentiel-preparation-au-ccse-en-petit-groupe\/#primaryimage\"},\"image\":{\"@id\":\"https:\/\/jarchaespanol.com\/fr\/servicios\/enseignement\/espagnol-en-presentiel\/cours-en-petit-groupe-fr\/espagnol-en-presentiel-preparation-au-ccse-en-petit-groupe\/#primaryimage\"},\"thumbnailUrl\":\"https:\/\/jarchaespanol.com\/wp-content\/uploads\/2025\/05\/CCSE-PARA-GRUPO-REDUCIDO_2.png\",\"datePublished\":\"2025-05-29T18:20:29+00:00\",\"dateModified\":\"2025-07-26T08:51:33+00:00\",\"description\":\"Espagnol en pr\u00e9sentiel - Pr\u00e9paration au CCSE en petit groupe - Jarcha Espa\u00f1ol - Espa\u00f1ol como Lengua Extranjera. Clases de espa\u00f1ol online.\",\"breadcrumb\":{\"@id\":\"https:\/\/jarchaespanol.com\/fr\/servicios\/enseignement\/espagnol-en-presentiel\/cours-en-petit-groupe-fr\/espagnol-en-presentiel-preparation-au-ccse-en-petit-groupe\/#breadcrumb\"},\"inLanguage\":\"fr-FR\",\"potentialAction\":[{\"@type\":\"ReadAction\",\"target\":[\"https:\/\/jarchaespanol.com\/fr\/servicios\/enseignement\/espagnol-en-presentiel\/cours-en-petit-groupe-fr\/espagnol-en-presentiel-preparation-au-ccse-en-petit-groupe\/\"]}]},{\"@type\":\"ImageObject\",\"inLanguage\":\"fr-FR\",\"@id\":\"https:\/\/jarchaespanol.com\/fr\/servicios\/enseignement\/espagnol-en-presentiel\/cours-en-petit-groupe-fr\/espagnol-en-presentiel-preparation-au-ccse-en-petit-groupe\/#primaryimage\",\"url\":\"https:\/\/jarchaespanol.com\/wp-content\/uploads\/2025\/05\/CCSE-PARA-GRUPO-REDUCIDO_2.png\",\"contentUrl\":\"https:\/\/jarchaespanol.com\/wp-content\/uploads\/2025\/05\/CCSE-PARA-GRUPO-REDUCIDO_2.png\",\"width\":500,\"height\":500},{\"@type\":\"BreadcrumbList\",\"@id\":\"https:\/\/jarchaespanol.com\/fr\/servicios\/enseignement\/espagnol-en-presentiel\/cours-en-petit-groupe-fr\/espagnol-en-presentiel-preparation-au-ccse-en-petit-groupe\/#breadcrumb\",\"itemListElement\":[{\"@type\":\"ListItem\",\"position\":1,\"name\":\"Home\",\"item\":\"https:\/\/jarchaespanol.com\/\"},{\"@type\":\"ListItem\",\"position\":2,\"name\":\"Boutique\",\"item\":\"https:\/\/jarchaespanol.com\/tienda\/\"},{\"@type\":\"ListItem\",\"position\":3,\"name\":\"Espagnol en pr\u00e9sentiel &#8211; Pr\u00e9paration au CCSE en petit groupe\"}]},{\"@type\":\"WebSite\",\"@id\":\"https:\/\/jarchaespanol.com\/#website\",\"url\":\"https:\/\/jarchaespanol.com\/\",\"name\":\"Jarcha Espa\u00f1ol\",\"description\":\"Plataforma en l\u00ednea especializada en la comunicaci\u00f3n y en la formaci\u00f3n en espa\u00f1ol. Aprende espa\u00f1ol online.\",\"publisher\":{\"@id\":\"https:\/\/jarchaespanol.com\/#organization\"},\"potentialAction\":[{\"@type\":\"SearchAction\",\"target\":{\"@type\":\"EntryPoint\",\"urlTemplate\":\"https:\/\/jarchaespanol.com\/?s={search_term_string}\"},\"query-input\":{\"@type\":\"PropertyValueSpecification\",\"valueRequired\":true,\"valueName\":\"search_term_string\"}}],\"inLanguage\":\"fr-FR\"},{\"@type\":\"Organization\",\"@id\":\"https:\/\/jarchaespanol.com\/#organization\",\"name\":\"Jarcha Espa\u00f1ol\",\"url\":\"https:\/\/jarchaespanol.com\/\",\"logo\":{\"@type\":\"ImageObject\",\"inLanguage\":\"fr-FR\",\"@id\":\"https:\/\/jarchaespanol.com\/#\/schema\/logo\/image\/\",\"url\":\"https:\/\/jarchaespanol.com\/wp-content\/uploads\/2022\/03\/logo-factura-2.png\",\"contentUrl\":\"https:\/\/jarchaespanol.com\/wp-content\/uploads\/2022\/03\/logo-factura-2.png\",\"width\":474,\"height\":177,\"caption\":\"Jarcha Espa\u00f1ol\"},\"image\":{\"@id\":\"https:\/\/jarchaespanol.com\/#\/schema\/logo\/image\/\"}}]}<\/script>\n<!-- \/ Yoast SEO plugin. -->","yoast_head_json":{"title":"Espagnol en pr\u00e9sentiel - Pr\u00e9paration au CCSE en petit groupe - Jarcha Espa\u00f1ol","description":"Espagnol en pr\u00e9sentiel - Pr\u00e9paration au CCSE en petit groupe - Jarcha Espa\u00f1ol - Espa\u00f1ol como Lengua Extranjera. Clases de espa\u00f1ol online.","robots":{"index":"index","follow":"follow","max-snippet":"max-snippet:-1","max-image-preview":"max-image-preview:large","max-video-preview":"max-video-preview:-1"},"canonical":"https:\/\/jarchaespanol.com\/fr\/servicios\/enseignement\/espagnol-en-presentiel\/cours-en-petit-groupe-fr\/espagnol-en-presentiel-preparation-au-ccse-en-petit-groupe\/","og_locale":"fr_FR","og_type":"article","og_title":"Espagnol en pr\u00e9sentiel - Pr\u00e9paration au CCSE en petit groupe - Jarcha Espa\u00f1ol","og_description":"Espagnol en pr\u00e9sentiel - Pr\u00e9paration au CCSE en petit groupe - Jarcha Espa\u00f1ol - Espa\u00f1ol como Lengua Extranjera. Clases de espa\u00f1ol online.","og_url":"https:\/\/jarchaespanol.com\/fr\/servicios\/enseignement\/espagnol-en-presentiel\/cours-en-petit-groupe-fr\/espagnol-en-presentiel-preparation-au-ccse-en-petit-groupe\/","og_site_name":"Jarcha Espa\u00f1ol","article_modified_time":"2025-07-26T08:51:33+00:00","og_image":[{"width":500,"height":500,"url":"https:\/\/jarchaespanol.com\/wp-content\/uploads\/2025\/05\/CCSE-PARA-GRUPO-REDUCIDO_2.png","type":"image\/png"}],"twitter_card":"summary_large_image","schema":{"@context":"https:\/\/schema.org","@graph":[{"@type":"WebPage","@id":"https:\/\/jarchaespanol.com\/fr\/servicios\/enseignement\/espagnol-en-presentiel\/cours-en-petit-groupe-fr\/espagnol-en-presentiel-preparation-au-ccse-en-petit-groupe\/","url":"https:\/\/jarchaespanol.com\/fr\/servicios\/enseignement\/espagnol-en-presentiel\/cours-en-petit-groupe-fr\/espagnol-en-presentiel-preparation-au-ccse-en-petit-groupe\/","name":"Espagnol en pr\u00e9sentiel - Pr\u00e9paration au CCSE en petit groupe - Jarcha Espa\u00f1ol","isPartOf":{"@id":"https:\/\/jarchaespanol.com\/#website"},"primaryImageOfPage":{"@id":"https:\/\/jarchaespanol.com\/fr\/servicios\/enseignement\/espagnol-en-presentiel\/cours-en-petit-groupe-fr\/espagnol-en-presentiel-preparation-au-ccse-en-petit-groupe\/#primaryimage"},"image":{"@id":"https:\/\/jarchaespanol.com\/fr\/servicios\/enseignement\/espagnol-en-presentiel\/cours-en-petit-groupe-fr\/espagnol-en-presentiel-preparation-au-ccse-en-petit-groupe\/#primaryimage"},"thumbnailUrl":"https:\/\/jarchaespanol.com\/wp-content\/uploads\/2025\/05\/CCSE-PARA-GRUPO-REDUCIDO_2.png","datePublished":"2025-05-29T18:20:29+00:00","dateModified":"2025-07-26T08:51:33+00:00","description":"Espagnol en pr\u00e9sentiel - Pr\u00e9paration au CCSE en petit groupe - Jarcha Espa\u00f1ol - Espa\u00f1ol como Lengua Extranjera. Clases de espa\u00f1ol online.","breadcrumb":{"@id":"https:\/\/jarchaespanol.com\/fr\/servicios\/enseignement\/espagnol-en-presentiel\/cours-en-petit-groupe-fr\/espagnol-en-presentiel-preparation-au-ccse-en-petit-groupe\/#breadcrumb"},"inLanguage":"fr-FR","potentialAction":[{"@type":"ReadAction","target":["https:\/\/jarchaespanol.com\/fr\/servicios\/enseignement\/espagnol-en-presentiel\/cours-en-petit-groupe-fr\/espagnol-en-presentiel-preparation-au-ccse-en-petit-groupe\/"]}]},{"@type":"ImageObject","inLanguage":"fr-FR","@id":"https:\/\/jarchaespanol.com\/fr\/servicios\/enseignement\/espagnol-en-presentiel\/cours-en-petit-groupe-fr\/espagnol-en-presentiel-preparation-au-ccse-en-petit-groupe\/#primaryimage","url":"https:\/\/jarchaespanol.com\/wp-content\/uploads\/2025\/05\/CCSE-PARA-GRUPO-REDUCIDO_2.png","contentUrl":"https:\/\/jarchaespanol.com\/wp-content\/uploads\/2025\/05\/CCSE-PARA-GRUPO-REDUCIDO_2.png","width":500,"height":500},{"@type":"BreadcrumbList","@id":"https:\/\/jarchaespanol.com\/fr\/servicios\/enseignement\/espagnol-en-presentiel\/cours-en-petit-groupe-fr\/espagnol-en-presentiel-preparation-au-ccse-en-petit-groupe\/#breadcrumb","itemListElement":[{"@type":"ListItem","position":1,"name":"Home","item":"https:\/\/jarchaespanol.com\/"},{"@type":"ListItem","position":2,"name":"Boutique","item":"https:\/\/jarchaespanol.com\/tienda\/"},{"@type":"ListItem","position":3,"name":"Espagnol en pr\u00e9sentiel &#8211; Pr\u00e9paration au CCSE en petit groupe"}]},{"@type":"WebSite","@id":"https:\/\/jarchaespanol.com\/#website","url":"https:\/\/jarchaespanol.com\/","name":"Jarcha Espa\u00f1ol","description":"Plataforma en l\u00ednea especializada en la comunicaci\u00f3n y en la formaci\u00f3n en espa\u00f1ol. Aprende espa\u00f1ol online.","publisher":{"@id":"https:\/\/jarchaespanol.com\/#organization"},"potentialAction":[{"@type":"SearchAction","target":{"@type":"EntryPoint","urlTemplate":"https:\/\/jarchaespanol.com\/?s={search_term_string}"},"query-input":{"@type":"PropertyValueSpecification","valueRequired":true,"valueName":"search_term_string"}}],"inLanguage":"fr-FR"},{"@type":"Organization","@id":"https:\/\/jarchaespanol.com\/#organization","name":"Jarcha Espa\u00f1ol","url":"https:\/\/jarchaespanol.com\/","logo":{"@type":"ImageObject","inLanguage":"fr-FR","@id":"https:\/\/jarchaespanol.com\/#\/schema\/logo\/image\/","url":"https:\/\/jarchaespanol.com\/wp-content\/uploads\/2022\/03\/logo-factura-2.png","contentUrl":"https:\/\/jarchaespanol.com\/wp-content\/uploads\/2022\/03\/logo-factura-2.png","width":474,"height":177,"caption":"Jarcha Espa\u00f1ol"},"image":{"@id":"https:\/\/jarchaespanol.com\/#\/schema\/logo\/image\/"}}]}},"_links":{"self":[{"href":"https:\/\/jarchaespanol.com\/fr\/wp-json\/wp\/v2\/product\/16843","targetHints":{"allow":["GET"]}}],"collection":[{"href":"https:\/\/jarchaespanol.com\/fr\/wp-json\/wp\/v2\/product"}],"about":[{"href":"https:\/\/jarchaespanol.com\/fr\/wp-json\/wp\/v2\/types\/product"}],"replies":[{"embeddable":true,"href":"https:\/\/jarchaespanol.com\/fr\/wp-json\/wp\/v2\/comments?post=16843"}],"wp:featuredmedia":[{"embeddable":true,"href":"https:\/\/jarchaespanol.com\/fr\/wp-json\/wp\/v2\/media\/17504"}],"wp:attachment":[{"href":"https:\/\/jarchaespanol.com\/fr\/wp-json\/wp\/v2\/media?parent=16843"}],"wp:term":[{"taxonomy":"product_brand","embeddable":true,"href":"https:\/\/jarchaespanol.com\/fr\/wp-json\/wp\/v2\/product_brand?post=16843"},{"taxonomy":"product_cat","embeddable":true,"href":"https:\/\/jarchaespanol.com\/fr\/wp-json\/wp\/v2\/product_cat?post=16843"},{"taxonomy":"product_tag","embeddable":true,"href":"https:\/\/jarchaespanol.com\/fr\/wp-json\/wp\/v2\/product_tag?post=16843"}],"curies":[{"name":"wp","href":"https:\/\/api.w.org\/{rel}","templated":true}]}}