{"id":17584,"date":"2025-07-11T11:39:07","date_gmt":"2025-07-11T09:39:07","guid":{"rendered":"https:\/\/jarchaespanol.com\/servicios\/non%20class\u00e9\/espagnol-en-presentiel-cours-intensifs-en-petit-groupe\/"},"modified":"2025-10-13T10:57:52","modified_gmt":"2025-10-13T08:57:52","slug":"espagnol-en-presentiel-cours-intensifs-en-petit-groupe","status":"publish","type":"product","link":"https:\/\/jarchaespanol.com\/fr\/servicios\/enseignement\/espagnol-en-presentiel\/cours-en-petit-groupe-fr\/espagnol-en-presentiel-cours-intensifs-en-petit-groupe\/","title":{"rendered":"Espagnol en pr\u00e9sentiel \u2013 Cours intensifs en petit groupe"},"content":{"rendered":"<p><span style=\"font-weight: 400;\">Vous souhaitez apprendre l\u2019espagnol en petit groupe et en format pr\u00e9sentiel intensif ? Cette modalit\u00e9 s\u2019adresse aux personnes qui souhaitent am\u00e9liorer leur espagnol rapidement et efficacement pendant leur s\u00e9jour \u00e0 <\/span><b>Vigo, en Espagne<\/b><span style=\"font-weight: 400;\"> \u2014 que ce soit pour le travail, les \u00e9tudes ou le tourisme linguistique \u2014 et qui appr\u00e9cient une attention personnalis\u00e9e dans des groupes r\u00e9duits.,<\/span><\/p>\n<p>&nbsp;<\/p>\n<p><span style=\"font-weight: 400;\">Les groupes sont constitu\u00e9s de <\/span><b>4 participants maximum<\/b><span style=\"font-weight: 400;\">, selon le <\/span><b>niveau<\/b><span style=\"font-weight: 400;\">, la <\/span><b>disponibilit\u00e9 horaire<\/b><span style=\"font-weight: 400;\"> et les <\/span><b>objectifs d\u2019apprentissage<\/b><span style=\"font-weight: 400;\">, afin de garantir des cours dynamiques, communicatifs et \u00e9quilibr\u00e9s.<\/span><\/p>\n<p>&nbsp;<\/p>\n<p><span style=\"font-weight: 400;\">En plus des sessions en classe, le programme comprend des <\/span><b>activit\u00e9s culturelles et de loisirs<\/b><span style=\"font-weight: 400;\"> qui permettent de pratiquer la langue dans des contextes r\u00e9els : <\/span><i><span style=\"font-weight: 400;\">visites guid\u00e9es gratuites de la ville, mus\u00e9es, expositions, march\u00e9s locaux et autres exp\u00e9riences<\/span><\/i><span style=\"font-weight: 400;\">. Ces activit\u00e9s sont <\/span><b>incluses dans le tarif du cours<\/b><span style=\"font-weight: 400;\"> et adapt\u00e9es au niveau du groupe, pour faire de l\u2019apprentissage une exp\u00e9rience vraiment m\u00e9morable.<\/span><\/p>\n<p>&nbsp;<\/p>\n<p><span style=\"font-weight: 400;\">Pour \u00eatre pris en compte, il est indispensable de<\/span><b>\u00a0<span style=\"font-weight: 400;\"><span style=\"color: #882437;\"><a style=\"color: #882437;\" href=\"https:\/\/jarchaespanol.com\/fr\/formulaire-de-reservation-pour-les-cours-collectifs-de-espagnol-en-presentiel\/\"><strong>remplir le formulaire<\/strong><\/a><\/span><\/span><\/b><span style=\"font-weight: 400;\">, o\u00f9 vous pourrez indiquer votre niveau, vos disponibilit\u00e9s et votre calendrier. Si un groupe compatible se forme, nous vous contacterons pour commencer.<\/span><\/p>\n<p>&nbsp;<\/p>\n<p><b>Test de niveau<\/b><br \/>\n<a class=\"btn btn-jarcha\" href=\"https:\/\/docs.google.com\/forms\/d\/e\/1FAIpQLScMyzM92U1yRd7pyrAY6iNldme-eUzGKpzMkl9ZJUN072zVHw\/viewform?usp=sf_link\" target=\"_blank\" rel=\"noopener\"><span style=\"font-weight: 400;\"><i class=\"vc_btn3-icon fas fa-user-graduate\"><\/i> A1 <\/span><\/a> <a class=\"btn btn-jarcha\" href=\"https:\/\/docs.google.com\/forms\/d\/e\/1FAIpQLSctisEsdQt-A4UJe0KuWHLCDoTzLtXFWelAQNoauRGeyPcSUg\/viewform?usp=sf_link\" target=\"_blank\" rel=\"noopener\"><span style=\"font-weight: 400;\"><i class=\"vc_btn3-icon fas fa-user-graduate\"><\/i> A2 <\/span><\/a> <a class=\"btn btn-jarcha\" href=\"https:\/\/docs.google.com\/forms\/d\/e\/1FAIpQLSdNGeGMzvjiXYDQWm0ySq6zpqES6g3MFOjMnaYxYUgCeI3M7A\/viewform?usp=sf_link\" target=\"_blank\" rel=\"noopener\"><span style=\"font-weight: 400;\"><i class=\"vc_btn3-icon fas fa-user-graduate\"><\/i> B1 <\/span><\/a> <a class=\"btn btn-jarcha\" href=\"https:\/\/docs.google.com\/forms\/d\/e\/1FAIpQLSfHj2JP1zE2D1FUPS_FbH0zTUNzAJ1CEopeBKifrEwm5nMmsw\/viewform?usp=sf_link\" target=\"_blank\" rel=\"noopener\"><span style=\"font-weight: 400;\"><i class=\"vc_btn3-icon fas fa-user-graduate\"><\/i> B2 <\/span><\/a> <a class=\"btn btn-jarcha\" href=\"https:\/\/docs.google.com\/forms\/d\/e\/1FAIpQLSeUgWtLVaOwNh7sbMlg0a7C-zQG3OhJkbzS22VtItOdw6IVCQ\/viewform?usp=sf_link\" target=\"_blank\" rel=\"noopener\"><span style=\"font-weight: 400;\"><i class=\"vc_btn3-icon fas fa-user-graduate\"><\/i> C1 <\/span><\/a> <a class=\"btn btn-jarcha\" href=\"https:\/\/docs.google.com\/forms\/d\/e\/1FAIpQLScMlqLbAih6VOcu6jaiNdpp6wh9zkimMY9El8kqYbHZaRVInw\/viewform?usp=sf_link\" target=\"_blank\" rel=\"noopener\"><span style=\"font-weight: 400;\"><i class=\"vc_btn3-icon fas fa-user-graduate\"><\/i> C2 <\/span><\/a><\/p>\n","protected":false},"excerpt":{"rendered":"<p><span style=\"font-weight: 400;\">Vivez l\u2019espagnol \u00e0 Vigo avec des cours dynamiques en petit groupe<\/span><\/p>\n","protected":false},"featured_media":17575,"comment_status":"open","ping_status":"closed","template":"","meta":{"inline_featured_image":false,"_joinchat":[]},"product_brand":[],"product_cat":[864,449,873],"product_tag":[],"class_list":{"0":"post-17584","1":"product","2":"type-product","3":"status-publish","4":"has-post-thumbnail","6":"product_cat-cours-en-petit-groupe-fr","7":"product_cat-enseignement","8":"product_cat-espagnol-en-presentiel","10":"first","11":"instock","12":"shipping-taxable","13":"purchasable","14":"product-type-variable"},"yoast_head":"<!-- This site is optimized with the Yoast SEO plugin v26.8 - https:\/\/yoast.com\/product\/yoast-seo-wordpress\/ -->\n<title>Espagnol en pr\u00e9sentiel \u2013 Cours intensifs en petit groupe - Jarcha Espa\u00f1ol<\/title>\n<meta name=\"description\" content=\"Espagnol en pr\u00e9sentiel \u2013 Cours intensifs en petit groupe - Jarcha Espa\u00f1ol - Espa\u00f1ol como Lengua Extranjera. Clases de espa\u00f1ol online.\" \/>\n<meta name=\"robots\" content=\"index, follow, max-snippet:-1, max-image-preview:large, max-video-preview:-1\" \/>\n<link rel=\"canonical\" href=\"https:\/\/jarchaespanol.com\/fr\/servicios\/enseignement\/espagnol-en-presentiel\/cours-en-petit-groupe-fr\/espagnol-en-presentiel-cours-intensifs-en-petit-groupe\/\" \/>\n<meta property=\"og:locale\" content=\"fr_FR\" \/>\n<meta property=\"og:type\" content=\"article\" \/>\n<meta property=\"og:title\" content=\"Espagnol en pr\u00e9sentiel \u2013 Cours intensifs en petit groupe - Jarcha Espa\u00f1ol\" \/>\n<meta property=\"og:description\" content=\"Espagnol en pr\u00e9sentiel \u2013 Cours intensifs en petit groupe - Jarcha Espa\u00f1ol - Espa\u00f1ol como Lengua Extranjera. Clases de espa\u00f1ol online.\" \/>\n<meta property=\"og:url\" content=\"https:\/\/jarchaespanol.com\/fr\/servicios\/enseignement\/espagnol-en-presentiel\/cours-en-petit-groupe-fr\/espagnol-en-presentiel-cours-intensifs-en-petit-groupe\/\" \/>\n<meta property=\"og:site_name\" content=\"Jarcha Espa\u00f1ol\" \/>\n<meta property=\"article:modified_time\" content=\"2025-10-13T08:57:52+00:00\" \/>\n<meta property=\"og:image\" content=\"https:\/\/jarchaespanol.com\/wp-content\/uploads\/2025\/07\/ESPANOL-PRESENCIAL_CLASES-INTENSIVAS-EN-GRUPO-REDUCIDO.jpg\" \/>\n\t<meta property=\"og:image:width\" content=\"1200\" \/>\n\t<meta property=\"og:image:height\" content=\"1207\" \/>\n\t<meta property=\"og:image:type\" content=\"image\/jpeg\" \/>\n<meta name=\"twitter:card\" content=\"summary_large_image\" \/>\n<script type=\"application\/ld+json\" class=\"yoast-schema-graph\">{\"@context\":\"https:\/\/schema.org\",\"@graph\":[{\"@type\":\"WebPage\",\"@id\":\"https:\/\/jarchaespanol.com\/fr\/servicios\/enseignement\/espagnol-en-presentiel\/cours-en-petit-groupe-fr\/espagnol-en-presentiel-cours-intensifs-en-petit-groupe\/\",\"url\":\"https:\/\/jarchaespanol.com\/fr\/servicios\/enseignement\/espagnol-en-presentiel\/cours-en-petit-groupe-fr\/espagnol-en-presentiel-cours-intensifs-en-petit-groupe\/\",\"name\":\"Espagnol en pr\u00e9sentiel \u2013 Cours intensifs en petit groupe - Jarcha Espa\u00f1ol\",\"isPartOf\":{\"@id\":\"https:\/\/jarchaespanol.com\/#website\"},\"primaryImageOfPage\":{\"@id\":\"https:\/\/jarchaespanol.com\/fr\/servicios\/enseignement\/espagnol-en-presentiel\/cours-en-petit-groupe-fr\/espagnol-en-presentiel-cours-intensifs-en-petit-groupe\/#primaryimage\"},\"image\":{\"@id\":\"https:\/\/jarchaespanol.com\/fr\/servicios\/enseignement\/espagnol-en-presentiel\/cours-en-petit-groupe-fr\/espagnol-en-presentiel-cours-intensifs-en-petit-groupe\/#primaryimage\"},\"thumbnailUrl\":\"https:\/\/jarchaespanol.com\/wp-content\/uploads\/2025\/07\/ESPANOL-PRESENCIAL_CLASES-INTENSIVAS-EN-GRUPO-REDUCIDO.jpg\",\"datePublished\":\"2025-07-11T09:39:07+00:00\",\"dateModified\":\"2025-10-13T08:57:52+00:00\",\"description\":\"Espagnol en pr\u00e9sentiel \u2013 Cours intensifs en petit groupe - Jarcha Espa\u00f1ol - Espa\u00f1ol como Lengua Extranjera. Clases de espa\u00f1ol online.\",\"breadcrumb\":{\"@id\":\"https:\/\/jarchaespanol.com\/fr\/servicios\/enseignement\/espagnol-en-presentiel\/cours-en-petit-groupe-fr\/espagnol-en-presentiel-cours-intensifs-en-petit-groupe\/#breadcrumb\"},\"inLanguage\":\"fr-FR\",\"potentialAction\":[{\"@type\":\"ReadAction\",\"target\":[\"https:\/\/jarchaespanol.com\/fr\/servicios\/enseignement\/espagnol-en-presentiel\/cours-en-petit-groupe-fr\/espagnol-en-presentiel-cours-intensifs-en-petit-groupe\/\"]}]},{\"@type\":\"ImageObject\",\"inLanguage\":\"fr-FR\",\"@id\":\"https:\/\/jarchaespanol.com\/fr\/servicios\/enseignement\/espagnol-en-presentiel\/cours-en-petit-groupe-fr\/espagnol-en-presentiel-cours-intensifs-en-petit-groupe\/#primaryimage\",\"url\":\"https:\/\/jarchaespanol.com\/wp-content\/uploads\/2025\/07\/ESPANOL-PRESENCIAL_CLASES-INTENSIVAS-EN-GRUPO-REDUCIDO.jpg\",\"contentUrl\":\"https:\/\/jarchaespanol.com\/wp-content\/uploads\/2025\/07\/ESPANOL-PRESENCIAL_CLASES-INTENSIVAS-EN-GRUPO-REDUCIDO.jpg\",\"width\":1200,\"height\":1207},{\"@type\":\"BreadcrumbList\",\"@id\":\"https:\/\/jarchaespanol.com\/fr\/servicios\/enseignement\/espagnol-en-presentiel\/cours-en-petit-groupe-fr\/espagnol-en-presentiel-cours-intensifs-en-petit-groupe\/#breadcrumb\",\"itemListElement\":[{\"@type\":\"ListItem\",\"position\":1,\"name\":\"Home\",\"item\":\"https:\/\/jarchaespanol.com\/\"},{\"@type\":\"ListItem\",\"position\":2,\"name\":\"Boutique\",\"item\":\"https:\/\/jarchaespanol.com\/tienda\/\"},{\"@type\":\"ListItem\",\"position\":3,\"name\":\"Espagnol en pr\u00e9sentiel \u2013 Cours intensifs en petit groupe\"}]},{\"@type\":\"WebSite\",\"@id\":\"https:\/\/jarchaespanol.com\/#website\",\"url\":\"https:\/\/jarchaespanol.com\/\",\"name\":\"Jarcha Espa\u00f1ol\",\"description\":\"Plataforma en l\u00ednea especializada en la comunicaci\u00f3n y en la formaci\u00f3n en espa\u00f1ol. Aprende espa\u00f1ol online.\",\"publisher\":{\"@id\":\"https:\/\/jarchaespanol.com\/#organization\"},\"potentialAction\":[{\"@type\":\"SearchAction\",\"target\":{\"@type\":\"EntryPoint\",\"urlTemplate\":\"https:\/\/jarchaespanol.com\/?s={search_term_string}\"},\"query-input\":{\"@type\":\"PropertyValueSpecification\",\"valueRequired\":true,\"valueName\":\"search_term_string\"}}],\"inLanguage\":\"fr-FR\"},{\"@type\":\"Organization\",\"@id\":\"https:\/\/jarchaespanol.com\/#organization\",\"name\":\"Jarcha Espa\u00f1ol\",\"url\":\"https:\/\/jarchaespanol.com\/\",\"logo\":{\"@type\":\"ImageObject\",\"inLanguage\":\"fr-FR\",\"@id\":\"https:\/\/jarchaespanol.com\/#\/schema\/logo\/image\/\",\"url\":\"https:\/\/jarchaespanol.com\/wp-content\/uploads\/2022\/03\/logo-factura-2.png\",\"contentUrl\":\"https:\/\/jarchaespanol.com\/wp-content\/uploads\/2022\/03\/logo-factura-2.png\",\"width\":474,\"height\":177,\"caption\":\"Jarcha Espa\u00f1ol\"},\"image\":{\"@id\":\"https:\/\/jarchaespanol.com\/#\/schema\/logo\/image\/\"}}]}<\/script>\n<!-- \/ Yoast SEO plugin. -->","yoast_head_json":{"title":"Espagnol en pr\u00e9sentiel \u2013 Cours intensifs en petit groupe - Jarcha Espa\u00f1ol","description":"Espagnol en pr\u00e9sentiel \u2013 Cours intensifs en petit groupe - Jarcha Espa\u00f1ol - Espa\u00f1ol como Lengua Extranjera. Clases de espa\u00f1ol online.","robots":{"index":"index","follow":"follow","max-snippet":"max-snippet:-1","max-image-preview":"max-image-preview:large","max-video-preview":"max-video-preview:-1"},"canonical":"https:\/\/jarchaespanol.com\/fr\/servicios\/enseignement\/espagnol-en-presentiel\/cours-en-petit-groupe-fr\/espagnol-en-presentiel-cours-intensifs-en-petit-groupe\/","og_locale":"fr_FR","og_type":"article","og_title":"Espagnol en pr\u00e9sentiel \u2013 Cours intensifs en petit groupe - Jarcha Espa\u00f1ol","og_description":"Espagnol en pr\u00e9sentiel \u2013 Cours intensifs en petit groupe - Jarcha Espa\u00f1ol - Espa\u00f1ol como Lengua Extranjera. Clases de espa\u00f1ol online.","og_url":"https:\/\/jarchaespanol.com\/fr\/servicios\/enseignement\/espagnol-en-presentiel\/cours-en-petit-groupe-fr\/espagnol-en-presentiel-cours-intensifs-en-petit-groupe\/","og_site_name":"Jarcha Espa\u00f1ol","article_modified_time":"2025-10-13T08:57:52+00:00","og_image":[{"width":1200,"height":1207,"url":"https:\/\/jarchaespanol.com\/wp-content\/uploads\/2025\/07\/ESPANOL-PRESENCIAL_CLASES-INTENSIVAS-EN-GRUPO-REDUCIDO.jpg","type":"image\/jpeg"}],"twitter_card":"summary_large_image","schema":{"@context":"https:\/\/schema.org","@graph":[{"@type":"WebPage","@id":"https:\/\/jarchaespanol.com\/fr\/servicios\/enseignement\/espagnol-en-presentiel\/cours-en-petit-groupe-fr\/espagnol-en-presentiel-cours-intensifs-en-petit-groupe\/","url":"https:\/\/jarchaespanol.com\/fr\/servicios\/enseignement\/espagnol-en-presentiel\/cours-en-petit-groupe-fr\/espagnol-en-presentiel-cours-intensifs-en-petit-groupe\/","name":"Espagnol en pr\u00e9sentiel \u2013 Cours intensifs en petit groupe - Jarcha Espa\u00f1ol","isPartOf":{"@id":"https:\/\/jarchaespanol.com\/#website"},"primaryImageOfPage":{"@id":"https:\/\/jarchaespanol.com\/fr\/servicios\/enseignement\/espagnol-en-presentiel\/cours-en-petit-groupe-fr\/espagnol-en-presentiel-cours-intensifs-en-petit-groupe\/#primaryimage"},"image":{"@id":"https:\/\/jarchaespanol.com\/fr\/servicios\/enseignement\/espagnol-en-presentiel\/cours-en-petit-groupe-fr\/espagnol-en-presentiel-cours-intensifs-en-petit-groupe\/#primaryimage"},"thumbnailUrl":"https:\/\/jarchaespanol.com\/wp-content\/uploads\/2025\/07\/ESPANOL-PRESENCIAL_CLASES-INTENSIVAS-EN-GRUPO-REDUCIDO.jpg","datePublished":"2025-07-11T09:39:07+00:00","dateModified":"2025-10-13T08:57:52+00:00","description":"Espagnol en pr\u00e9sentiel \u2013 Cours intensifs en petit groupe - Jarcha Espa\u00f1ol - Espa\u00f1ol como Lengua Extranjera. Clases de espa\u00f1ol online.","breadcrumb":{"@id":"https:\/\/jarchaespanol.com\/fr\/servicios\/enseignement\/espagnol-en-presentiel\/cours-en-petit-groupe-fr\/espagnol-en-presentiel-cours-intensifs-en-petit-groupe\/#breadcrumb"},"inLanguage":"fr-FR","potentialAction":[{"@type":"ReadAction","target":["https:\/\/jarchaespanol.com\/fr\/servicios\/enseignement\/espagnol-en-presentiel\/cours-en-petit-groupe-fr\/espagnol-en-presentiel-cours-intensifs-en-petit-groupe\/"]}]},{"@type":"ImageObject","inLanguage":"fr-FR","@id":"https:\/\/jarchaespanol.com\/fr\/servicios\/enseignement\/espagnol-en-presentiel\/cours-en-petit-groupe-fr\/espagnol-en-presentiel-cours-intensifs-en-petit-groupe\/#primaryimage","url":"https:\/\/jarchaespanol.com\/wp-content\/uploads\/2025\/07\/ESPANOL-PRESENCIAL_CLASES-INTENSIVAS-EN-GRUPO-REDUCIDO.jpg","contentUrl":"https:\/\/jarchaespanol.com\/wp-content\/uploads\/2025\/07\/ESPANOL-PRESENCIAL_CLASES-INTENSIVAS-EN-GRUPO-REDUCIDO.jpg","width":1200,"height":1207},{"@type":"BreadcrumbList","@id":"https:\/\/jarchaespanol.com\/fr\/servicios\/enseignement\/espagnol-en-presentiel\/cours-en-petit-groupe-fr\/espagnol-en-presentiel-cours-intensifs-en-petit-groupe\/#breadcrumb","itemListElement":[{"@type":"ListItem","position":1,"name":"Home","item":"https:\/\/jarchaespanol.com\/"},{"@type":"ListItem","position":2,"name":"Boutique","item":"https:\/\/jarchaespanol.com\/tienda\/"},{"@type":"ListItem","position":3,"name":"Espagnol en pr\u00e9sentiel \u2013 Cours intensifs en petit groupe"}]},{"@type":"WebSite","@id":"https:\/\/jarchaespanol.com\/#website","url":"https:\/\/jarchaespanol.com\/","name":"Jarcha Espa\u00f1ol","description":"Plataforma en l\u00ednea especializada en la comunicaci\u00f3n y en la formaci\u00f3n en espa\u00f1ol. Aprende espa\u00f1ol online.","publisher":{"@id":"https:\/\/jarchaespanol.com\/#organization"},"potentialAction":[{"@type":"SearchAction","target":{"@type":"EntryPoint","urlTemplate":"https:\/\/jarchaespanol.com\/?s={search_term_string}"},"query-input":{"@type":"PropertyValueSpecification","valueRequired":true,"valueName":"search_term_string"}}],"inLanguage":"fr-FR"},{"@type":"Organization","@id":"https:\/\/jarchaespanol.com\/#organization","name":"Jarcha Espa\u00f1ol","url":"https:\/\/jarchaespanol.com\/","logo":{"@type":"ImageObject","inLanguage":"fr-FR","@id":"https:\/\/jarchaespanol.com\/#\/schema\/logo\/image\/","url":"https:\/\/jarchaespanol.com\/wp-content\/uploads\/2022\/03\/logo-factura-2.png","contentUrl":"https:\/\/jarchaespanol.com\/wp-content\/uploads\/2022\/03\/logo-factura-2.png","width":474,"height":177,"caption":"Jarcha Espa\u00f1ol"},"image":{"@id":"https:\/\/jarchaespanol.com\/#\/schema\/logo\/image\/"}}]}},"_links":{"self":[{"href":"https:\/\/jarchaespanol.com\/fr\/wp-json\/wp\/v2\/product\/17584","targetHints":{"allow":["GET"]}}],"collection":[{"href":"https:\/\/jarchaespanol.com\/fr\/wp-json\/wp\/v2\/product"}],"about":[{"href":"https:\/\/jarchaespanol.com\/fr\/wp-json\/wp\/v2\/types\/product"}],"replies":[{"embeddable":true,"href":"https:\/\/jarchaespanol.com\/fr\/wp-json\/wp\/v2\/comments?post=17584"}],"wp:featuredmedia":[{"embeddable":true,"href":"https:\/\/jarchaespanol.com\/fr\/wp-json\/wp\/v2\/media\/17575"}],"wp:attachment":[{"href":"https:\/\/jarchaespanol.com\/fr\/wp-json\/wp\/v2\/media?parent=17584"}],"wp:term":[{"taxonomy":"product_brand","embeddable":true,"href":"https:\/\/jarchaespanol.com\/fr\/wp-json\/wp\/v2\/product_brand?post=17584"},{"taxonomy":"product_cat","embeddable":true,"href":"https:\/\/jarchaespanol.com\/fr\/wp-json\/wp\/v2\/product_cat?post=17584"},{"taxonomy":"product_tag","embeddable":true,"href":"https:\/\/jarchaespanol.com\/fr\/wp-json\/wp\/v2\/product_tag?post=17584"}],"curies":[{"name":"wp","href":"https:\/\/api.w.org\/{rel}","templated":true}]}}