{"id":21083,"date":"2026-04-01T11:21:10","date_gmt":"2026-04-01T09:21:10","guid":{"rendered":"https:\/\/jarchaespanol.com\/servicios\/non%20class\u00e9\/espagnol-en-contexte-reel-activite-mensuelle\/"},"modified":"2026-04-03T23:55:21","modified_gmt":"2026-04-03T21:55:21","slug":"espagnol-en-contexte-reel-activite-mensuelle","status":"publish","type":"product","link":"https:\/\/jarchaespanol.com\/fr\/servicios\/enseignement\/espagnol-en-presentiel\/cours-en-petit-groupe-fr\/espagnol-en-contexte-reel-activite-mensuelle\/","title":{"rendered":"Espagnol en contexte r\u00e9el (activit\u00e9 mensuelle)"},"content":{"rendered":"<p>Cette modalit\u00e9 s\u2019adresse aux personnes qui vivent \u00e0 Vigo ainsi qu\u2019\u00e0 celles qui se trouvent temporairement dans la ville \u2014pour le travail, les \u00e9tudes ou les vacances\u2014 et qui souhaitent pratiquer l\u2019espagnol dans des situations authentiques de la vie de tous les jours. C\u2019est une extension de l\u2019apprentissage en classe que nous transf\u00e9rons dans des espaces r\u00e9els de la ville pour interagir avec la communaut\u00e9 locale et avec d\u2019autres \u00e9tudiants, et gagner en aisance dans les situations quotidiennes.<\/p>\n<p>Ces s\u00e9ances ont lieu une fois par mois et sont gratuites pour les \u00e9l\u00e8ves de Jarcha Espa\u00f1ol. Les personnes qui ne font pas partie de Jarcha Espa\u00f1ol peuvent participer en payant un tarif fixe de 20 euros.<br \/>\nChaque activit\u00e9 dure environ 2 \u00e0 4 heures et comprend la pratique de l\u2019espagnol avec un enseignant, les d\u00e9placements n\u00e9cessaires dans Vigo \u00e0 partir de Jarcha Espa\u00f1ol, et un petit moment final en prenant quelque chose ensemble pour poursuivre la conversation en espagnol.<\/p>\n","protected":false},"excerpt":{"rendered":"<p>Cette modalit\u00e9 s\u2019adresse aux personnes qui vivent \u00e0 Vigo ainsi qu\u2019\u00e0 celles qui se trouvent temporairement dans la ville \u2014pour le travail, les \u00e9tudes ou les vacances\u2014 et qui souhaitent pratiquer l\u2019espagnol dans des situations authentiques de la vie de tous les jours. C\u2019est une extension de l\u2019apprentissage en classe que nous transf\u00e9rons dans des [&hellip;]<\/p>\n","protected":false},"featured_media":20843,"comment_status":"open","ping_status":"closed","template":"","meta":{"inline_featured_image":false,"_joinchat":[]},"product_brand":[],"product_cat":[864,873],"product_tag":[],"class_list":{"0":"post-21083","1":"product","2":"type-product","3":"status-publish","4":"has-post-thumbnail","6":"product_cat-cours-en-petit-groupe-fr","7":"product_cat-espagnol-en-presentiel","9":"first","10":"instock","11":"shipping-taxable","12":"purchasable","13":"product-type-simple"},"yoast_head":"<!-- This site is optimized with the Yoast SEO plugin v26.8 - https:\/\/yoast.com\/product\/yoast-seo-wordpress\/ -->\n<title>Espagnol en contexte r\u00e9el (activit\u00e9 mensuelle) - Jarcha Espa\u00f1ol<\/title>\n<meta name=\"description\" content=\"Espagnol en contexte r\u00e9el (activit\u00e9 mensuelle) - Jarcha Espa\u00f1ol - Espa\u00f1ol como Lengua Extranjera. Clases de espa\u00f1ol online.\" \/>\n<meta name=\"robots\" content=\"index, follow, max-snippet:-1, max-image-preview:large, max-video-preview:-1\" \/>\n<link rel=\"canonical\" href=\"https:\/\/jarchaespanol.com\/fr\/servicios\/enseignement\/espagnol-en-presentiel\/cours-en-petit-groupe-fr\/espagnol-en-contexte-reel-activite-mensuelle\/\" \/>\n<meta property=\"og:locale\" content=\"fr_FR\" \/>\n<meta property=\"og:type\" content=\"article\" \/>\n<meta property=\"og:title\" content=\"Espagnol en contexte r\u00e9el (activit\u00e9 mensuelle) - Jarcha Espa\u00f1ol\" \/>\n<meta property=\"og:description\" content=\"Espagnol en contexte r\u00e9el (activit\u00e9 mensuelle) - Jarcha Espa\u00f1ol - Espa\u00f1ol como Lengua Extranjera. Clases de espa\u00f1ol online.\" \/>\n<meta property=\"og:url\" content=\"https:\/\/jarchaespanol.com\/fr\/servicios\/enseignement\/espagnol-en-presentiel\/cours-en-petit-groupe-fr\/espagnol-en-contexte-reel-activite-mensuelle\/\" \/>\n<meta property=\"og:site_name\" content=\"Jarcha Espa\u00f1ol\" \/>\n<meta property=\"article:modified_time\" content=\"2026-04-03T21:55:21+00:00\" \/>\n<meta property=\"og:image\" content=\"https:\/\/jarchaespanol.com\/wp-content\/uploads\/2026\/02\/RONDALLAS-ACT.jpeg\" \/>\n\t<meta property=\"og:image:width\" content=\"1200\" \/>\n\t<meta property=\"og:image:height\" content=\"1287\" \/>\n\t<meta property=\"og:image:type\" content=\"image\/jpeg\" \/>\n<meta name=\"twitter:card\" content=\"summary_large_image\" \/>\n<script type=\"application\/ld+json\" class=\"yoast-schema-graph\">{\"@context\":\"https:\/\/schema.org\",\"@graph\":[{\"@type\":\"WebPage\",\"@id\":\"https:\/\/jarchaespanol.com\/fr\/servicios\/enseignement\/espagnol-en-presentiel\/cours-en-petit-groupe-fr\/espagnol-en-contexte-reel-activite-mensuelle\/\",\"url\":\"https:\/\/jarchaespanol.com\/fr\/servicios\/enseignement\/espagnol-en-presentiel\/cours-en-petit-groupe-fr\/espagnol-en-contexte-reel-activite-mensuelle\/\",\"name\":\"Espagnol en contexte r\u00e9el (activit\u00e9 mensuelle) - Jarcha Espa\u00f1ol\",\"isPartOf\":{\"@id\":\"https:\/\/jarchaespanol.com\/#website\"},\"primaryImageOfPage\":{\"@id\":\"https:\/\/jarchaespanol.com\/fr\/servicios\/enseignement\/espagnol-en-presentiel\/cours-en-petit-groupe-fr\/espagnol-en-contexte-reel-activite-mensuelle\/#primaryimage\"},\"image\":{\"@id\":\"https:\/\/jarchaespanol.com\/fr\/servicios\/enseignement\/espagnol-en-presentiel\/cours-en-petit-groupe-fr\/espagnol-en-contexte-reel-activite-mensuelle\/#primaryimage\"},\"thumbnailUrl\":\"https:\/\/jarchaespanol.com\/wp-content\/uploads\/2026\/02\/RONDALLAS-ACT.jpeg\",\"datePublished\":\"2026-04-01T09:21:10+00:00\",\"dateModified\":\"2026-04-03T21:55:21+00:00\",\"description\":\"Espagnol en contexte r\u00e9el (activit\u00e9 mensuelle) - Jarcha Espa\u00f1ol - Espa\u00f1ol como Lengua Extranjera. Clases de espa\u00f1ol online.\",\"breadcrumb\":{\"@id\":\"https:\/\/jarchaespanol.com\/fr\/servicios\/enseignement\/espagnol-en-presentiel\/cours-en-petit-groupe-fr\/espagnol-en-contexte-reel-activite-mensuelle\/#breadcrumb\"},\"inLanguage\":\"fr-FR\",\"potentialAction\":[{\"@type\":\"ReadAction\",\"target\":[\"https:\/\/jarchaespanol.com\/fr\/servicios\/enseignement\/espagnol-en-presentiel\/cours-en-petit-groupe-fr\/espagnol-en-contexte-reel-activite-mensuelle\/\"]}]},{\"@type\":\"ImageObject\",\"inLanguage\":\"fr-FR\",\"@id\":\"https:\/\/jarchaespanol.com\/fr\/servicios\/enseignement\/espagnol-en-presentiel\/cours-en-petit-groupe-fr\/espagnol-en-contexte-reel-activite-mensuelle\/#primaryimage\",\"url\":\"https:\/\/jarchaespanol.com\/wp-content\/uploads\/2026\/02\/RONDALLAS-ACT.jpeg\",\"contentUrl\":\"https:\/\/jarchaespanol.com\/wp-content\/uploads\/2026\/02\/RONDALLAS-ACT.jpeg\",\"width\":1200,\"height\":1287},{\"@type\":\"BreadcrumbList\",\"@id\":\"https:\/\/jarchaespanol.com\/fr\/servicios\/enseignement\/espagnol-en-presentiel\/cours-en-petit-groupe-fr\/espagnol-en-contexte-reel-activite-mensuelle\/#breadcrumb\",\"itemListElement\":[{\"@type\":\"ListItem\",\"position\":1,\"name\":\"Home\",\"item\":\"https:\/\/jarchaespanol.com\/\"},{\"@type\":\"ListItem\",\"position\":2,\"name\":\"Boutique\",\"item\":\"https:\/\/jarchaespanol.com\/tienda\/\"},{\"@type\":\"ListItem\",\"position\":3,\"name\":\"Espagnol en contexte r\u00e9el (activit\u00e9 mensuelle)\"}]},{\"@type\":\"WebSite\",\"@id\":\"https:\/\/jarchaespanol.com\/#website\",\"url\":\"https:\/\/jarchaespanol.com\/\",\"name\":\"Jarcha Espa\u00f1ol\",\"description\":\"Plataforma en l\u00ednea especializada en la comunicaci\u00f3n y en la formaci\u00f3n en espa\u00f1ol. Aprende espa\u00f1ol online.\",\"publisher\":{\"@id\":\"https:\/\/jarchaespanol.com\/#organization\"},\"potentialAction\":[{\"@type\":\"SearchAction\",\"target\":{\"@type\":\"EntryPoint\",\"urlTemplate\":\"https:\/\/jarchaespanol.com\/?s={search_term_string}\"},\"query-input\":{\"@type\":\"PropertyValueSpecification\",\"valueRequired\":true,\"valueName\":\"search_term_string\"}}],\"inLanguage\":\"fr-FR\"},{\"@type\":\"Organization\",\"@id\":\"https:\/\/jarchaespanol.com\/#organization\",\"name\":\"Jarcha Espa\u00f1ol\",\"url\":\"https:\/\/jarchaespanol.com\/\",\"logo\":{\"@type\":\"ImageObject\",\"inLanguage\":\"fr-FR\",\"@id\":\"https:\/\/jarchaespanol.com\/#\/schema\/logo\/image\/\",\"url\":\"https:\/\/jarchaespanol.com\/wp-content\/uploads\/2022\/03\/logo-factura-2.png\",\"contentUrl\":\"https:\/\/jarchaespanol.com\/wp-content\/uploads\/2022\/03\/logo-factura-2.png\",\"width\":474,\"height\":177,\"caption\":\"Jarcha Espa\u00f1ol\"},\"image\":{\"@id\":\"https:\/\/jarchaespanol.com\/#\/schema\/logo\/image\/\"}}]}<\/script>\n<!-- \/ Yoast SEO plugin. -->","yoast_head_json":{"title":"Espagnol en contexte r\u00e9el (activit\u00e9 mensuelle) - Jarcha Espa\u00f1ol","description":"Espagnol en contexte r\u00e9el (activit\u00e9 mensuelle) - Jarcha Espa\u00f1ol - Espa\u00f1ol como Lengua Extranjera. Clases de espa\u00f1ol online.","robots":{"index":"index","follow":"follow","max-snippet":"max-snippet:-1","max-image-preview":"max-image-preview:large","max-video-preview":"max-video-preview:-1"},"canonical":"https:\/\/jarchaespanol.com\/fr\/servicios\/enseignement\/espagnol-en-presentiel\/cours-en-petit-groupe-fr\/espagnol-en-contexte-reel-activite-mensuelle\/","og_locale":"fr_FR","og_type":"article","og_title":"Espagnol en contexte r\u00e9el (activit\u00e9 mensuelle) - Jarcha Espa\u00f1ol","og_description":"Espagnol en contexte r\u00e9el (activit\u00e9 mensuelle) - Jarcha Espa\u00f1ol - Espa\u00f1ol como Lengua Extranjera. Clases de espa\u00f1ol online.","og_url":"https:\/\/jarchaespanol.com\/fr\/servicios\/enseignement\/espagnol-en-presentiel\/cours-en-petit-groupe-fr\/espagnol-en-contexte-reel-activite-mensuelle\/","og_site_name":"Jarcha Espa\u00f1ol","article_modified_time":"2026-04-03T21:55:21+00:00","og_image":[{"width":1200,"height":1287,"url":"https:\/\/jarchaespanol.com\/wp-content\/uploads\/2026\/02\/RONDALLAS-ACT.jpeg","type":"image\/jpeg"}],"twitter_card":"summary_large_image","schema":{"@context":"https:\/\/schema.org","@graph":[{"@type":"WebPage","@id":"https:\/\/jarchaespanol.com\/fr\/servicios\/enseignement\/espagnol-en-presentiel\/cours-en-petit-groupe-fr\/espagnol-en-contexte-reel-activite-mensuelle\/","url":"https:\/\/jarchaespanol.com\/fr\/servicios\/enseignement\/espagnol-en-presentiel\/cours-en-petit-groupe-fr\/espagnol-en-contexte-reel-activite-mensuelle\/","name":"Espagnol en contexte r\u00e9el (activit\u00e9 mensuelle) - Jarcha Espa\u00f1ol","isPartOf":{"@id":"https:\/\/jarchaespanol.com\/#website"},"primaryImageOfPage":{"@id":"https:\/\/jarchaespanol.com\/fr\/servicios\/enseignement\/espagnol-en-presentiel\/cours-en-petit-groupe-fr\/espagnol-en-contexte-reel-activite-mensuelle\/#primaryimage"},"image":{"@id":"https:\/\/jarchaespanol.com\/fr\/servicios\/enseignement\/espagnol-en-presentiel\/cours-en-petit-groupe-fr\/espagnol-en-contexte-reel-activite-mensuelle\/#primaryimage"},"thumbnailUrl":"https:\/\/jarchaespanol.com\/wp-content\/uploads\/2026\/02\/RONDALLAS-ACT.jpeg","datePublished":"2026-04-01T09:21:10+00:00","dateModified":"2026-04-03T21:55:21+00:00","description":"Espagnol en contexte r\u00e9el (activit\u00e9 mensuelle) - Jarcha Espa\u00f1ol - Espa\u00f1ol como Lengua Extranjera. Clases de espa\u00f1ol online.","breadcrumb":{"@id":"https:\/\/jarchaespanol.com\/fr\/servicios\/enseignement\/espagnol-en-presentiel\/cours-en-petit-groupe-fr\/espagnol-en-contexte-reel-activite-mensuelle\/#breadcrumb"},"inLanguage":"fr-FR","potentialAction":[{"@type":"ReadAction","target":["https:\/\/jarchaespanol.com\/fr\/servicios\/enseignement\/espagnol-en-presentiel\/cours-en-petit-groupe-fr\/espagnol-en-contexte-reel-activite-mensuelle\/"]}]},{"@type":"ImageObject","inLanguage":"fr-FR","@id":"https:\/\/jarchaespanol.com\/fr\/servicios\/enseignement\/espagnol-en-presentiel\/cours-en-petit-groupe-fr\/espagnol-en-contexte-reel-activite-mensuelle\/#primaryimage","url":"https:\/\/jarchaespanol.com\/wp-content\/uploads\/2026\/02\/RONDALLAS-ACT.jpeg","contentUrl":"https:\/\/jarchaespanol.com\/wp-content\/uploads\/2026\/02\/RONDALLAS-ACT.jpeg","width":1200,"height":1287},{"@type":"BreadcrumbList","@id":"https:\/\/jarchaespanol.com\/fr\/servicios\/enseignement\/espagnol-en-presentiel\/cours-en-petit-groupe-fr\/espagnol-en-contexte-reel-activite-mensuelle\/#breadcrumb","itemListElement":[{"@type":"ListItem","position":1,"name":"Home","item":"https:\/\/jarchaespanol.com\/"},{"@type":"ListItem","position":2,"name":"Boutique","item":"https:\/\/jarchaespanol.com\/tienda\/"},{"@type":"ListItem","position":3,"name":"Espagnol en contexte r\u00e9el (activit\u00e9 mensuelle)"}]},{"@type":"WebSite","@id":"https:\/\/jarchaespanol.com\/#website","url":"https:\/\/jarchaespanol.com\/","name":"Jarcha Espa\u00f1ol","description":"Plataforma en l\u00ednea especializada en la comunicaci\u00f3n y en la formaci\u00f3n en espa\u00f1ol. Aprende espa\u00f1ol online.","publisher":{"@id":"https:\/\/jarchaespanol.com\/#organization"},"potentialAction":[{"@type":"SearchAction","target":{"@type":"EntryPoint","urlTemplate":"https:\/\/jarchaespanol.com\/?s={search_term_string}"},"query-input":{"@type":"PropertyValueSpecification","valueRequired":true,"valueName":"search_term_string"}}],"inLanguage":"fr-FR"},{"@type":"Organization","@id":"https:\/\/jarchaespanol.com\/#organization","name":"Jarcha Espa\u00f1ol","url":"https:\/\/jarchaespanol.com\/","logo":{"@type":"ImageObject","inLanguage":"fr-FR","@id":"https:\/\/jarchaespanol.com\/#\/schema\/logo\/image\/","url":"https:\/\/jarchaespanol.com\/wp-content\/uploads\/2022\/03\/logo-factura-2.png","contentUrl":"https:\/\/jarchaespanol.com\/wp-content\/uploads\/2022\/03\/logo-factura-2.png","width":474,"height":177,"caption":"Jarcha Espa\u00f1ol"},"image":{"@id":"https:\/\/jarchaespanol.com\/#\/schema\/logo\/image\/"}}]}},"_links":{"self":[{"href":"https:\/\/jarchaespanol.com\/fr\/wp-json\/wp\/v2\/product\/21083","targetHints":{"allow":["GET"]}}],"collection":[{"href":"https:\/\/jarchaespanol.com\/fr\/wp-json\/wp\/v2\/product"}],"about":[{"href":"https:\/\/jarchaespanol.com\/fr\/wp-json\/wp\/v2\/types\/product"}],"replies":[{"embeddable":true,"href":"https:\/\/jarchaespanol.com\/fr\/wp-json\/wp\/v2\/comments?post=21083"}],"wp:featuredmedia":[{"embeddable":true,"href":"https:\/\/jarchaespanol.com\/fr\/wp-json\/wp\/v2\/media\/20843"}],"wp:attachment":[{"href":"https:\/\/jarchaespanol.com\/fr\/wp-json\/wp\/v2\/media?parent=21083"}],"wp:term":[{"taxonomy":"product_brand","embeddable":true,"href":"https:\/\/jarchaespanol.com\/fr\/wp-json\/wp\/v2\/product_brand?post=21083"},{"taxonomy":"product_cat","embeddable":true,"href":"https:\/\/jarchaespanol.com\/fr\/wp-json\/wp\/v2\/product_cat?post=21083"},{"taxonomy":"product_tag","embeddable":true,"href":"https:\/\/jarchaespanol.com\/fr\/wp-json\/wp\/v2\/product_tag?post=21083"}],"curies":[{"name":"wp","href":"https:\/\/api.w.org\/{rel}","templated":true}]}}