{"id":5575,"date":"2015-06-16T13:33:31","date_gmt":"2015-06-16T11:33:31","guid":{"rendered":"https:\/\/jarchaespanol.es\/servicios\/non%20class\u00e9\/espagnol-conversation\/"},"modified":"2022-06-27T10:04:21","modified_gmt":"2022-06-27T08:04:21","slug":"espagnol-conversation","status":"publish","type":"product","link":"https:\/\/jarchaespanol.com\/fr\/servicios\/sin-categorizar\/espagnol-conversation\/","title":{"rendered":"Espagnol &#8211; Conversation"},"content":{"rendered":"<p><span style=\"font-weight: 400;\">Si vous <strong>voyagez<\/strong> fr\u00e9quemment en Espagne ou dans des pays hispanophones, ou si, pour des raisons personnelles ou professionnelles, <strong>vous devez changer de r\u00e9sidence<\/strong>, avec nos cours, vous pouvez non seulement am\u00e9liorer et perfectionner vos comp\u00e9tences orales en espagnol, mais vous approcher plus de la culture et de l\u2019idiosyncrasie de son peuple, pour vivre l\u2019espagnol \u00abde l\u2019int\u00e9rieur\u00bb.<\/span><\/p>\n<p>&nbsp;<\/p>\n<p><span style=\"font-weight: 400;\">Gr\u00e2ce \u00e0 des <strong>le\u00e7ons personnalis\u00e9es, <b>d\u2019 une heure de dur\u00e9e et <\/b> enti\u00e8rement adapt\u00e9es pour vous<\/strong>, nous vous fournirons les outils n\u00e9cessaires pour <strong>interagir<\/strong> avec <\/span>des personnes <span style=\"font-weight: 400;\">hispanophones dans n\u2019importe quelle situation de la vie r\u00e9elle.\u00a0<\/span><\/p>\n<p>&nbsp;<\/p>\n<div class=\"docos-collapsible-replyview\">\n<div class=\"docos-replyview-static\">\n<div class=\"docos-replyview-body docos-anchoredreplyview-body\" dir=\"ltr\">Ces le\u00e7ons sont d\u00e9velopp\u00e9es par <strong>blocs de contenu<\/strong>, mais vous pouvez choisir un th\u00e8me diff\u00e9rent de ceux que nous vous proposons:<\/div>\n<\/div>\n<\/div>\n<p>&nbsp;<\/p>\n<ul>\n<li><span style=\"font-weight: 400;\">Histoire<\/span><\/li>\n<li><span style=\"font-weight: 400;\">Sant\u00e9<\/span><\/li>\n<li><span style=\"font-weight: 400;\">\u00c9ducation<\/span><\/li>\n<li><span style=\"font-weight: 400;\">Litt\u00e9rature<\/span><\/li>\n<li><span style=\"font-weight: 400;\">Cin\u00e9ma<\/span><\/li>\n<li><span style=\"font-weight: 400;\">Politique<\/span><\/li>\n<li><span style=\"font-weight: 400;\">Sports<\/span><\/li>\n<li><span style=\"font-weight: 400;\">Gastronomie<\/span><\/li>\n<li><span style=\"font-weight: 400;\">Culture populaire<\/span><\/li>\n<\/ul>\n<p>&nbsp;<\/p>\n<p><span style=\"font-weight: 400;\">Bien que dans la constance est la cl\u00e9 du succ\u00e8s, dans c<\/span>ette formule <span style=\"font-weight: 400;\">d\u2019enseignement vous marquez la fr\u00e9quence des s\u00e9ances et la temporisation, selon votre disponibilit\u00e9. Nous vous proposons <\/span>des forfaits de 5 et 10 heures d&rsquo; apprentisage<span style=\"font-weight: 400;\">, que vous pouvez distribuer comme bon vous semble.\u00a0<\/span><\/p>\n<p><strong>Niveau minimum requis: B2<\/strong><\/p>\n<p>&nbsp;<\/p>\n<p><b>Prix:<\/b><\/p>\n<p><span style=\"font-weight: 400;\">Forfait de 5 heures: 70\u20ac<\/span><\/p>\n<p><span style=\"font-weight: 400;\">Forfait de 10 heures: 130\u20ac<\/span><\/p>\n<p>&nbsp;<\/p>\n<p><a class=\"btn btn-jarcha\" href=\"https:\/\/docs.google.com\/forms\/d\/e\/1FAIpQLSfcqnT0yx9ylNe_7bvk7ZgGrc6OTIA8JxGMPdEFsxHMDoOTAQ\/viewform?usp=sf_link\" target=\"_blank\" rel=\"noopener\"><span style=\"font-weight: 400;\"><i class=\"vc_btn3-icon fas fa-user-graduate\"><\/i> Test de niveau A1<\/span><\/a> <a class=\"btn btn-jarcha\" href=\"https:\/\/docs.google.com\/forms\/d\/e\/1FAIpQLSeTDa6QmSwYWj7oW_yHYcpizdv6piPmyuDxlUaO_ZdtoNS4dg\/viewform?usp=sf_link\" target=\"_blank\" rel=\"noopener\"><span style=\"font-weight: 400;\"><i class=\"vc_btn3-icon fas fa-user-graduate\"><\/i> Test de niveau A2<\/span><\/a> <a class=\"btn btn-jarcha\" href=\"https:\/\/docs.google.com\/forms\/d\/e\/1FAIpQLSemXWo0GNz26D0S9aVn6d73RM3Wjn1NwRZUJLMBYtzl_iC6og\/viewform?usp=sf_link\" target=\"_blank\" rel=\"noopener\"><span style=\"font-weight: 400;\"><i class=\"vc_btn3-icon fas fa-user-graduate\"><\/i> Test de niveau B1<\/span><\/a> <a class=\"btn btn-jarcha\" href=\"https:\/\/docs.google.com\/forms\/d\/e\/1FAIpQLScSBs1tQjG98PdPPfzNcQ40r0q7y_Pw8-EkX0ohKeilvhwZAQ\/viewform?usp=sf_link\" target=\"_blank\" rel=\"noopener\"><span style=\"font-weight: 400;\"><i class=\"vc_btn3-icon fas fa-user-graduate\"><\/i> Test de niveau B2<\/span><\/a> <a class=\"btn btn-jarcha\" href=\"https:\/\/docs.google.com\/forms\/d\/e\/1FAIpQLSfcaGfbBac02wDVmhCzSsLem8kB02P1D0ZO_a94Pm_t8Eifsg\/viewform?usp=sf_link\" target=\"_blank\" rel=\"noopener\"><span style=\"font-weight: 400;\"><i class=\"vc_btn3-icon fas fa-user-graduate\"><\/i> Test de niveau C1<\/span><\/a><\/p>\n","protected":false},"excerpt":{"rendered":"<p>Si vous voyagez fr\u00e9quemment en Espagne ou dans des pays hispanophones, ou si, pour des raisons personnelles ou professionnelles, vous devez changer de r\u00e9sidence, avec nos cours, vous pouvez non seulement am\u00e9liorer et perfectionner vos comp\u00e9tences orales en espagnol, mais vous approcher plus de la culture et de l\u2019idiosyncrasie de son peuple, pour vivre l\u2019espagnol [&hellip;]<\/p>\n","protected":false},"featured_media":4981,"comment_status":"open","ping_status":"closed","template":"","meta":{"inline_featured_image":false,"_joinchat":[]},"product_brand":[],"product_cat":[15],"product_tag":[],"class_list":{"0":"post-5575","1":"product","2":"type-product","3":"status-publish","4":"has-post-thumbnail","6":"product_cat-sin-categorizar","8":"first","9":"outofstock","10":"shipping-taxable","11":"purchasable","12":"product-type-variable"},"yoast_head":"<!-- This site is optimized with the Yoast SEO plugin v26.8 - https:\/\/yoast.com\/product\/yoast-seo-wordpress\/ -->\n<title>Espagnol - Conversation - Jarcha Espa\u00f1ol<\/title>\n<meta name=\"description\" content=\"Espagnol - Conversation - Jarcha Espa\u00f1ol - Espa\u00f1ol como Lengua Extranjera. Clases de espa\u00f1ol online.\" \/>\n<meta name=\"robots\" content=\"index, follow, max-snippet:-1, max-image-preview:large, max-video-preview:-1\" \/>\n<link rel=\"canonical\" href=\"https:\/\/jarchaespanol.com\/fr\/servicios\/sin-categorizar\/espagnol-conversation\/\" \/>\n<meta property=\"og:locale\" content=\"fr_FR\" \/>\n<meta property=\"og:type\" content=\"article\" \/>\n<meta property=\"og:title\" content=\"Espagnol - Conversation - Jarcha Espa\u00f1ol\" \/>\n<meta property=\"og:description\" content=\"Espagnol - Conversation - Jarcha Espa\u00f1ol - Espa\u00f1ol como Lengua Extranjera. Clases de espa\u00f1ol online.\" \/>\n<meta property=\"og:url\" content=\"https:\/\/jarchaespanol.com\/?post_type=product&amp;p=2569\" \/>\n<meta property=\"og:site_name\" content=\"Jarcha Espa\u00f1ol\" \/>\n<meta property=\"article:modified_time\" content=\"2022-06-27T08:04:21+00:00\" \/>\n<meta property=\"og:image\" content=\"https:\/\/jarchaespanol.com\/wp-content\/uploads\/2015\/06\/conversacion-1.png\" \/>\n\t<meta property=\"og:image:width\" content=\"600\" \/>\n\t<meta property=\"og:image:height\" content=\"600\" \/>\n\t<meta property=\"og:image:type\" content=\"image\/png\" \/>\n<meta name=\"twitter:card\" content=\"summary_large_image\" \/>\n<script type=\"application\/ld+json\" class=\"yoast-schema-graph\">{\"@context\":\"https:\/\/schema.org\",\"@graph\":[{\"@type\":\"WebPage\",\"@id\":\"https:\/\/jarchaespanol.com\/?post_type=product&p=2569\",\"url\":\"https:\/\/jarchaespanol.com\/?post_type=product&p=2569\",\"name\":\"Espagnol - Conversation - Jarcha Espa\u00f1ol\",\"isPartOf\":{\"@id\":\"https:\/\/jarchaespanol.com\/#website\"},\"primaryImageOfPage\":{\"@id\":\"https:\/\/jarchaespanol.com\/?post_type=product&p=2569#primaryimage\"},\"image\":{\"@id\":\"https:\/\/jarchaespanol.com\/?post_type=product&p=2569#primaryimage\"},\"thumbnailUrl\":\"https:\/\/jarchaespanol.com\/wp-content\/uploads\/2015\/06\/conversacion-1.png\",\"datePublished\":\"2015-06-16T11:33:31+00:00\",\"dateModified\":\"2022-06-27T08:04:21+00:00\",\"description\":\"Espagnol - Conversation - Jarcha Espa\u00f1ol - Espa\u00f1ol como Lengua Extranjera. Clases de espa\u00f1ol online.\",\"breadcrumb\":{\"@id\":\"https:\/\/jarchaespanol.com\/?post_type=product&p=2569#breadcrumb\"},\"inLanguage\":\"fr-FR\",\"potentialAction\":[{\"@type\":\"ReadAction\",\"target\":[\"https:\/\/jarchaespanol.com\/?post_type=product&p=2569\"]}]},{\"@type\":\"ImageObject\",\"inLanguage\":\"fr-FR\",\"@id\":\"https:\/\/jarchaespanol.com\/?post_type=product&p=2569#primaryimage\",\"url\":\"https:\/\/jarchaespanol.com\/wp-content\/uploads\/2015\/06\/conversacion-1.png\",\"contentUrl\":\"https:\/\/jarchaespanol.com\/wp-content\/uploads\/2015\/06\/conversacion-1.png\",\"width\":600,\"height\":600},{\"@type\":\"BreadcrumbList\",\"@id\":\"https:\/\/jarchaespanol.com\/?post_type=product&p=2569#breadcrumb\",\"itemListElement\":[{\"@type\":\"ListItem\",\"position\":1,\"name\":\"Home\",\"item\":\"https:\/\/jarchaespanol.com\/\"},{\"@type\":\"ListItem\",\"position\":2,\"name\":\"Boutique\",\"item\":\"https:\/\/jarchaespanol.com\/tienda\/\"},{\"@type\":\"ListItem\",\"position\":3,\"name\":\"Espagnol &#8211; Conversation\"}]},{\"@type\":\"WebSite\",\"@id\":\"https:\/\/jarchaespanol.com\/#website\",\"url\":\"https:\/\/jarchaespanol.com\/\",\"name\":\"Jarcha Espa\u00f1ol\",\"description\":\"Plataforma en l\u00ednea especializada en la comunicaci\u00f3n y en la formaci\u00f3n en espa\u00f1ol. Aprende espa\u00f1ol online.\",\"publisher\":{\"@id\":\"https:\/\/jarchaespanol.com\/#organization\"},\"potentialAction\":[{\"@type\":\"SearchAction\",\"target\":{\"@type\":\"EntryPoint\",\"urlTemplate\":\"https:\/\/jarchaespanol.com\/?s={search_term_string}\"},\"query-input\":{\"@type\":\"PropertyValueSpecification\",\"valueRequired\":true,\"valueName\":\"search_term_string\"}}],\"inLanguage\":\"fr-FR\"},{\"@type\":\"Organization\",\"@id\":\"https:\/\/jarchaespanol.com\/#organization\",\"name\":\"Jarcha Espa\u00f1ol\",\"url\":\"https:\/\/jarchaespanol.com\/\",\"logo\":{\"@type\":\"ImageObject\",\"inLanguage\":\"fr-FR\",\"@id\":\"https:\/\/jarchaespanol.com\/#\/schema\/logo\/image\/\",\"url\":\"https:\/\/jarchaespanol.com\/wp-content\/uploads\/2022\/03\/logo-factura-2.png\",\"contentUrl\":\"https:\/\/jarchaespanol.com\/wp-content\/uploads\/2022\/03\/logo-factura-2.png\",\"width\":474,\"height\":177,\"caption\":\"Jarcha Espa\u00f1ol\"},\"image\":{\"@id\":\"https:\/\/jarchaespanol.com\/#\/schema\/logo\/image\/\"}}]}<\/script>\n<!-- \/ Yoast SEO plugin. -->","yoast_head_json":{"title":"Espagnol - Conversation - Jarcha Espa\u00f1ol","description":"Espagnol - Conversation - Jarcha Espa\u00f1ol - Espa\u00f1ol como Lengua Extranjera. Clases de espa\u00f1ol online.","robots":{"index":"index","follow":"follow","max-snippet":"max-snippet:-1","max-image-preview":"max-image-preview:large","max-video-preview":"max-video-preview:-1"},"canonical":"https:\/\/jarchaespanol.com\/fr\/servicios\/sin-categorizar\/espagnol-conversation\/","og_locale":"fr_FR","og_type":"article","og_title":"Espagnol - Conversation - Jarcha Espa\u00f1ol","og_description":"Espagnol - Conversation - Jarcha Espa\u00f1ol - Espa\u00f1ol como Lengua Extranjera. Clases de espa\u00f1ol online.","og_url":"https:\/\/jarchaespanol.com\/?post_type=product&p=2569","og_site_name":"Jarcha Espa\u00f1ol","article_modified_time":"2022-06-27T08:04:21+00:00","og_image":[{"width":600,"height":600,"url":"https:\/\/jarchaespanol.com\/wp-content\/uploads\/2015\/06\/conversacion-1.png","type":"image\/png"}],"twitter_card":"summary_large_image","schema":{"@context":"https:\/\/schema.org","@graph":[{"@type":"WebPage","@id":"https:\/\/jarchaespanol.com\/?post_type=product&p=2569","url":"https:\/\/jarchaespanol.com\/?post_type=product&p=2569","name":"Espagnol - Conversation - Jarcha Espa\u00f1ol","isPartOf":{"@id":"https:\/\/jarchaespanol.com\/#website"},"primaryImageOfPage":{"@id":"https:\/\/jarchaespanol.com\/?post_type=product&p=2569#primaryimage"},"image":{"@id":"https:\/\/jarchaespanol.com\/?post_type=product&p=2569#primaryimage"},"thumbnailUrl":"https:\/\/jarchaespanol.com\/wp-content\/uploads\/2015\/06\/conversacion-1.png","datePublished":"2015-06-16T11:33:31+00:00","dateModified":"2022-06-27T08:04:21+00:00","description":"Espagnol - Conversation - Jarcha Espa\u00f1ol - Espa\u00f1ol como Lengua Extranjera. Clases de espa\u00f1ol online.","breadcrumb":{"@id":"https:\/\/jarchaespanol.com\/?post_type=product&p=2569#breadcrumb"},"inLanguage":"fr-FR","potentialAction":[{"@type":"ReadAction","target":["https:\/\/jarchaespanol.com\/?post_type=product&p=2569"]}]},{"@type":"ImageObject","inLanguage":"fr-FR","@id":"https:\/\/jarchaespanol.com\/?post_type=product&p=2569#primaryimage","url":"https:\/\/jarchaespanol.com\/wp-content\/uploads\/2015\/06\/conversacion-1.png","contentUrl":"https:\/\/jarchaespanol.com\/wp-content\/uploads\/2015\/06\/conversacion-1.png","width":600,"height":600},{"@type":"BreadcrumbList","@id":"https:\/\/jarchaespanol.com\/?post_type=product&p=2569#breadcrumb","itemListElement":[{"@type":"ListItem","position":1,"name":"Home","item":"https:\/\/jarchaespanol.com\/"},{"@type":"ListItem","position":2,"name":"Boutique","item":"https:\/\/jarchaespanol.com\/tienda\/"},{"@type":"ListItem","position":3,"name":"Espagnol &#8211; Conversation"}]},{"@type":"WebSite","@id":"https:\/\/jarchaespanol.com\/#website","url":"https:\/\/jarchaespanol.com\/","name":"Jarcha Espa\u00f1ol","description":"Plataforma en l\u00ednea especializada en la comunicaci\u00f3n y en la formaci\u00f3n en espa\u00f1ol. Aprende espa\u00f1ol online.","publisher":{"@id":"https:\/\/jarchaespanol.com\/#organization"},"potentialAction":[{"@type":"SearchAction","target":{"@type":"EntryPoint","urlTemplate":"https:\/\/jarchaespanol.com\/?s={search_term_string}"},"query-input":{"@type":"PropertyValueSpecification","valueRequired":true,"valueName":"search_term_string"}}],"inLanguage":"fr-FR"},{"@type":"Organization","@id":"https:\/\/jarchaespanol.com\/#organization","name":"Jarcha Espa\u00f1ol","url":"https:\/\/jarchaespanol.com\/","logo":{"@type":"ImageObject","inLanguage":"fr-FR","@id":"https:\/\/jarchaespanol.com\/#\/schema\/logo\/image\/","url":"https:\/\/jarchaespanol.com\/wp-content\/uploads\/2022\/03\/logo-factura-2.png","contentUrl":"https:\/\/jarchaespanol.com\/wp-content\/uploads\/2022\/03\/logo-factura-2.png","width":474,"height":177,"caption":"Jarcha Espa\u00f1ol"},"image":{"@id":"https:\/\/jarchaespanol.com\/#\/schema\/logo\/image\/"}}]}},"_links":{"self":[{"href":"https:\/\/jarchaespanol.com\/fr\/wp-json\/wp\/v2\/product\/5575","targetHints":{"allow":["GET"]}}],"collection":[{"href":"https:\/\/jarchaespanol.com\/fr\/wp-json\/wp\/v2\/product"}],"about":[{"href":"https:\/\/jarchaespanol.com\/fr\/wp-json\/wp\/v2\/types\/product"}],"replies":[{"embeddable":true,"href":"https:\/\/jarchaespanol.com\/fr\/wp-json\/wp\/v2\/comments?post=5575"}],"wp:featuredmedia":[{"embeddable":true,"href":"https:\/\/jarchaespanol.com\/fr\/wp-json\/wp\/v2\/media\/4981"}],"wp:attachment":[{"href":"https:\/\/jarchaespanol.com\/fr\/wp-json\/wp\/v2\/media?parent=5575"}],"wp:term":[{"taxonomy":"product_brand","embeddable":true,"href":"https:\/\/jarchaespanol.com\/fr\/wp-json\/wp\/v2\/product_brand?post=5575"},{"taxonomy":"product_cat","embeddable":true,"href":"https:\/\/jarchaespanol.com\/fr\/wp-json\/wp\/v2\/product_cat?post=5575"},{"taxonomy":"product_tag","embeddable":true,"href":"https:\/\/jarchaespanol.com\/fr\/wp-json\/wp\/v2\/product_tag?post=5575"}],"curies":[{"name":"wp","href":"https:\/\/api.w.org\/{rel}","templated":true}]}}