{"id":5580,"date":"2022-05-10T12:59:54","date_gmt":"2022-05-10T10:59:54","guid":{"rendered":"https:\/\/jarchaespanol.es\/servicios\/non%20class\u00e9\/espanol-combine\/"},"modified":"2022-06-26T11:33:31","modified_gmt":"2022-06-26T09:33:31","slug":"espagnol-mixte","status":"publish","type":"product","link":"https:\/\/jarchaespanol.com\/fr\/servicios\/sin-categorizar\/espagnol-mixte\/","title":{"rendered":"Espagnol &#8211; Mixte"},"content":{"rendered":"<p><span style=\"font-weight: 400;\">Si vous voulez <\/span><b>augmenter<\/b><span style=\"font-weight: 400;\"> et <\/span><b>perfectionner <\/b><span style=\"font-weight: 400;\">vos comp\u00e9tences orales et \u00e9crites dans la langue, mais que vous n\u2019avez pas assez de temps pour suivre un cours complet, cette proposition vous fera tellement plaisir que vous voudrez vraiment que le jour d\u2019\u00e9cole suivant arrive.<\/span><\/p>\n<p>&nbsp;<\/p>\n<p><span style=\"font-weight: 400;\">\u00a0En partant de l\u2019\u00e9tude de vos forces et faiblesses, ainsi que de vos int\u00e9r\u00eats, apr\u00e8s un entretien initial, votre professeur va concevoir un <\/span><b>cours sur mesure<\/b><span style=\"font-weight: 400;\"> pour vous, dans lequel vous disposerez d\u2019<\/span><b>une heure et demie par semaine<\/b><span style=\"font-weight: 400;\"> de le\u00e7on individuelle qui sera combin\u00e9e \u00e0 une <\/span><b>le\u00e7on bimensuelle en petit groupe*<\/b><span style=\"font-weight: 400;\"> avec des \u00e9tudiants du m\u00eame niveau.\u00a0<\/span><\/p>\n<p>&nbsp;<\/p>\n<p><span style=\"font-weight: 400;\">\u00a0Dans la le\u00e7on <\/span><b>individuelle hebdomadaire<\/b><span style=\"font-weight: 400;\">, vous travaillerez main dans la main sur les contenus grammaticaux et lexicaux, la compr\u00e9hension et l\u2019expression orale et \u00e9crite, et effectuerez des t\u00e2ches de renforcement hebdomadaires que vous corrigerez lors de la session suivante.\u00a0<\/span><\/p>\n<p>&nbsp;<\/p>\n<p><span style=\"font-weight: 400;\">Dans la le\u00e7on <\/span><b>de groupe<\/b> <b>bihebdomadaire<\/b><span style=\"font-weight: 400;\">, vous participerez avec d\u2019autres coll\u00e8gues, pendant <\/span><b>une heure et demie<\/b><span style=\"font-weight: 400;\">, \u00e0 une exp\u00e9rience ludique et amusante d\u2019apprentissage \u00e0 travers des discussions, des jeux et diff\u00e9rentes activit\u00e9s en commun, pour favoriser l\u2019interaction communicative.<\/span><\/p>\n<p>&nbsp;<\/p>\n<p><b>Niveau requis: de A2 \u00e0 B2\u00a0<\/b><\/p>\n<p><span style=\"font-weight: 400;\">\u00a0<\/span><b>Prix:<\/b><\/p>\n<p><span style=\"font-weight: 400;\">Forfait mensuel de 4 le\u00e7ons individuelles + 2 le\u00e7ons de groupe\u00a0: 100 \u20ac<\/span><\/p>\n<p><span style=\"font-weight: 400;\">*Pour cette modalit\u00e9, il faut un minimum de 2 et un maximum de 6 \u00e9l\u00e8ves<\/span><\/p>\n<p>&nbsp;<\/p>\n<p><a class=\"btn btn-jarcha\" href=\"https:\/\/docs.google.com\/forms\/d\/e\/1FAIpQLSfcqnT0yx9ylNe_7bvk7ZgGrc6OTIA8JxGMPdEFsxHMDoOTAQ\/viewform?usp=sf_link\" target=\"_blank\" rel=\"noopener\"><span style=\"font-weight: 400;\"><i class=\"vc_btn3-icon fas fa-user-graduate\"><\/i> Test de niveau A1<\/span><\/a> <a class=\"btn btn-jarcha\" href=\"https:\/\/docs.google.com\/forms\/d\/e\/1FAIpQLSeTDa6QmSwYWj7oW_yHYcpizdv6piPmyuDxlUaO_ZdtoNS4dg\/viewform?usp=sf_link\" target=\"_blank\" rel=\"noopener\"><span style=\"font-weight: 400;\"><i class=\"vc_btn3-icon fas fa-user-graduate\"><\/i> Test de niveau A2<\/span><\/a> <a class=\"btn btn-jarcha\" href=\"https:\/\/docs.google.com\/forms\/d\/e\/1FAIpQLSemXWo0GNz26D0S9aVn6d73RM3Wjn1NwRZUJLMBYtzl_iC6og\/viewform?usp=sf_link\" target=\"_blank\" rel=\"noopener\"><span style=\"font-weight: 400;\"><i class=\"vc_btn3-icon fas fa-user-graduate\"><\/i> Test de niveau B1<\/span><\/a> <a class=\"btn btn-jarcha\" href=\"https:\/\/docs.google.com\/forms\/d\/e\/1FAIpQLScSBs1tQjG98PdPPfzNcQ40r0q7y_Pw8-EkX0ohKeilvhwZAQ\/viewform?usp=sf_link\" target=\"_blank\" rel=\"noopener\"><span style=\"font-weight: 400;\"><i class=\"vc_btn3-icon fas fa-user-graduate\"><\/i> Test de niveau B2<\/span><\/a> <a class=\"btn btn-jarcha\" href=\"https:\/\/docs.google.com\/forms\/d\/e\/1FAIpQLSfcaGfbBac02wDVmhCzSsLem8kB02P1D0ZO_a94Pm_t8Eifsg\/viewform?usp=sf_link\" target=\"_blank\" rel=\"noopener\"><span style=\"font-weight: 400;\"><i class=\"vc_btn3-icon fas fa-user-graduate\"><\/i> Test de niveau C1<\/span><\/a><\/p>\n","protected":false},"excerpt":{"rendered":"<p>Si vous voulez augmenter et perfectionner vos comp\u00e9tences orales et \u00e9crites dans la langue, mais que vous n\u2019avez pas assez de temps pour suivre un cours complet, cette proposition vous fera tellement plaisir que vous voudrez vraiment que le jour d\u2019\u00e9cole suivant arrive. &nbsp; \u00a0En partant de l\u2019\u00e9tude de vos forces et faiblesses, ainsi que [&hellip;]<\/p>\n","protected":false},"featured_media":5510,"comment_status":"open","ping_status":"closed","template":"","meta":{"inline_featured_image":false,"_joinchat":[]},"product_brand":[],"product_cat":[15],"product_tag":[],"class_list":{"0":"post-5580","1":"product","2":"type-product","3":"status-publish","4":"has-post-thumbnail","6":"product_cat-sin-categorizar","8":"first","9":"outofstock","10":"shipping-taxable","11":"purchasable","12":"product-type-variable"},"yoast_head":"<!-- This site is optimized with the Yoast SEO plugin v26.8 - https:\/\/yoast.com\/product\/yoast-seo-wordpress\/ -->\n<title>Espagnol - Mixte - Jarcha Espa\u00f1ol<\/title>\n<meta name=\"description\" content=\"Espagnol - Mixte - Jarcha Espa\u00f1ol - Espa\u00f1ol como Lengua Extranjera. Clases de espa\u00f1ol online.\" \/>\n<meta name=\"robots\" content=\"index, follow, max-snippet:-1, max-image-preview:large, max-video-preview:-1\" \/>\n<link rel=\"canonical\" href=\"https:\/\/jarchaespanol.com\/fr\/servicios\/sin-categorizar\/espagnol-mixte\/\" \/>\n<meta property=\"og:locale\" content=\"fr_FR\" \/>\n<meta property=\"og:type\" content=\"article\" \/>\n<meta property=\"og:title\" content=\"Espagnol - Mixte - Jarcha Espa\u00f1ol\" \/>\n<meta property=\"og:description\" content=\"Espagnol - Mixte - Jarcha Espa\u00f1ol - Espa\u00f1ol como Lengua Extranjera. Clases de espa\u00f1ol online.\" \/>\n<meta property=\"og:url\" content=\"https:\/\/jarchaespanol.com\/?post_type=product&amp;p=4312\" \/>\n<meta property=\"og:site_name\" content=\"Jarcha Espa\u00f1ol\" \/>\n<meta property=\"article:modified_time\" content=\"2022-06-26T09:33:31+00:00\" \/>\n<meta property=\"og:image\" content=\"https:\/\/jarchaespanol.com\/wp-content\/uploads\/2022\/06\/espanol-combinada.png\" \/>\n\t<meta property=\"og:image:width\" content=\"600\" \/>\n\t<meta property=\"og:image:height\" content=\"600\" \/>\n\t<meta property=\"og:image:type\" content=\"image\/png\" \/>\n<meta name=\"twitter:card\" content=\"summary_large_image\" \/>\n<script type=\"application\/ld+json\" class=\"yoast-schema-graph\">{\"@context\":\"https:\/\/schema.org\",\"@graph\":[{\"@type\":\"WebPage\",\"@id\":\"https:\/\/jarchaespanol.com\/?post_type=product&p=4312\",\"url\":\"https:\/\/jarchaespanol.com\/?post_type=product&p=4312\",\"name\":\"Espagnol - Mixte - Jarcha Espa\u00f1ol\",\"isPartOf\":{\"@id\":\"https:\/\/jarchaespanol.com\/#website\"},\"primaryImageOfPage\":{\"@id\":\"https:\/\/jarchaespanol.com\/?post_type=product&p=4312#primaryimage\"},\"image\":{\"@id\":\"https:\/\/jarchaespanol.com\/?post_type=product&p=4312#primaryimage\"},\"thumbnailUrl\":\"https:\/\/jarchaespanol.com\/wp-content\/uploads\/2022\/06\/espanol-combinada.png\",\"datePublished\":\"2022-05-10T10:59:54+00:00\",\"dateModified\":\"2022-06-26T09:33:31+00:00\",\"description\":\"Espagnol - Mixte - Jarcha Espa\u00f1ol - Espa\u00f1ol como Lengua Extranjera. Clases de espa\u00f1ol online.\",\"breadcrumb\":{\"@id\":\"https:\/\/jarchaespanol.com\/?post_type=product&p=4312#breadcrumb\"},\"inLanguage\":\"fr-FR\",\"potentialAction\":[{\"@type\":\"ReadAction\",\"target\":[\"https:\/\/jarchaespanol.com\/?post_type=product&p=4312\"]}]},{\"@type\":\"ImageObject\",\"inLanguage\":\"fr-FR\",\"@id\":\"https:\/\/jarchaespanol.com\/?post_type=product&p=4312#primaryimage\",\"url\":\"https:\/\/jarchaespanol.com\/wp-content\/uploads\/2022\/06\/espanol-combinada.png\",\"contentUrl\":\"https:\/\/jarchaespanol.com\/wp-content\/uploads\/2022\/06\/espanol-combinada.png\",\"width\":600,\"height\":600},{\"@type\":\"BreadcrumbList\",\"@id\":\"https:\/\/jarchaespanol.com\/?post_type=product&p=4312#breadcrumb\",\"itemListElement\":[{\"@type\":\"ListItem\",\"position\":1,\"name\":\"Home\",\"item\":\"https:\/\/jarchaespanol.com\/\"},{\"@type\":\"ListItem\",\"position\":2,\"name\":\"Boutique\",\"item\":\"https:\/\/jarchaespanol.com\/tienda\/\"},{\"@type\":\"ListItem\",\"position\":3,\"name\":\"Espagnol &#8211; Mixte\"}]},{\"@type\":\"WebSite\",\"@id\":\"https:\/\/jarchaespanol.com\/#website\",\"url\":\"https:\/\/jarchaespanol.com\/\",\"name\":\"Jarcha Espa\u00f1ol\",\"description\":\"Plataforma en l\u00ednea especializada en la comunicaci\u00f3n y en la formaci\u00f3n en espa\u00f1ol. Aprende espa\u00f1ol online.\",\"publisher\":{\"@id\":\"https:\/\/jarchaespanol.com\/#organization\"},\"potentialAction\":[{\"@type\":\"SearchAction\",\"target\":{\"@type\":\"EntryPoint\",\"urlTemplate\":\"https:\/\/jarchaespanol.com\/?s={search_term_string}\"},\"query-input\":{\"@type\":\"PropertyValueSpecification\",\"valueRequired\":true,\"valueName\":\"search_term_string\"}}],\"inLanguage\":\"fr-FR\"},{\"@type\":\"Organization\",\"@id\":\"https:\/\/jarchaespanol.com\/#organization\",\"name\":\"Jarcha Espa\u00f1ol\",\"url\":\"https:\/\/jarchaespanol.com\/\",\"logo\":{\"@type\":\"ImageObject\",\"inLanguage\":\"fr-FR\",\"@id\":\"https:\/\/jarchaespanol.com\/#\/schema\/logo\/image\/\",\"url\":\"https:\/\/jarchaespanol.com\/wp-content\/uploads\/2022\/03\/logo-factura-2.png\",\"contentUrl\":\"https:\/\/jarchaespanol.com\/wp-content\/uploads\/2022\/03\/logo-factura-2.png\",\"width\":474,\"height\":177,\"caption\":\"Jarcha Espa\u00f1ol\"},\"image\":{\"@id\":\"https:\/\/jarchaespanol.com\/#\/schema\/logo\/image\/\"}}]}<\/script>\n<!-- \/ Yoast SEO plugin. -->","yoast_head_json":{"title":"Espagnol - Mixte - Jarcha Espa\u00f1ol","description":"Espagnol - Mixte - Jarcha Espa\u00f1ol - Espa\u00f1ol como Lengua Extranjera. Clases de espa\u00f1ol online.","robots":{"index":"index","follow":"follow","max-snippet":"max-snippet:-1","max-image-preview":"max-image-preview:large","max-video-preview":"max-video-preview:-1"},"canonical":"https:\/\/jarchaespanol.com\/fr\/servicios\/sin-categorizar\/espagnol-mixte\/","og_locale":"fr_FR","og_type":"article","og_title":"Espagnol - Mixte - Jarcha Espa\u00f1ol","og_description":"Espagnol - Mixte - Jarcha Espa\u00f1ol - Espa\u00f1ol como Lengua Extranjera. Clases de espa\u00f1ol online.","og_url":"https:\/\/jarchaespanol.com\/?post_type=product&p=4312","og_site_name":"Jarcha Espa\u00f1ol","article_modified_time":"2022-06-26T09:33:31+00:00","og_image":[{"width":600,"height":600,"url":"https:\/\/jarchaespanol.com\/wp-content\/uploads\/2022\/06\/espanol-combinada.png","type":"image\/png"}],"twitter_card":"summary_large_image","schema":{"@context":"https:\/\/schema.org","@graph":[{"@type":"WebPage","@id":"https:\/\/jarchaespanol.com\/?post_type=product&p=4312","url":"https:\/\/jarchaespanol.com\/?post_type=product&p=4312","name":"Espagnol - Mixte - Jarcha Espa\u00f1ol","isPartOf":{"@id":"https:\/\/jarchaespanol.com\/#website"},"primaryImageOfPage":{"@id":"https:\/\/jarchaespanol.com\/?post_type=product&p=4312#primaryimage"},"image":{"@id":"https:\/\/jarchaespanol.com\/?post_type=product&p=4312#primaryimage"},"thumbnailUrl":"https:\/\/jarchaespanol.com\/wp-content\/uploads\/2022\/06\/espanol-combinada.png","datePublished":"2022-05-10T10:59:54+00:00","dateModified":"2022-06-26T09:33:31+00:00","description":"Espagnol - Mixte - Jarcha Espa\u00f1ol - Espa\u00f1ol como Lengua Extranjera. Clases de espa\u00f1ol online.","breadcrumb":{"@id":"https:\/\/jarchaespanol.com\/?post_type=product&p=4312#breadcrumb"},"inLanguage":"fr-FR","potentialAction":[{"@type":"ReadAction","target":["https:\/\/jarchaespanol.com\/?post_type=product&p=4312"]}]},{"@type":"ImageObject","inLanguage":"fr-FR","@id":"https:\/\/jarchaespanol.com\/?post_type=product&p=4312#primaryimage","url":"https:\/\/jarchaespanol.com\/wp-content\/uploads\/2022\/06\/espanol-combinada.png","contentUrl":"https:\/\/jarchaespanol.com\/wp-content\/uploads\/2022\/06\/espanol-combinada.png","width":600,"height":600},{"@type":"BreadcrumbList","@id":"https:\/\/jarchaespanol.com\/?post_type=product&p=4312#breadcrumb","itemListElement":[{"@type":"ListItem","position":1,"name":"Home","item":"https:\/\/jarchaespanol.com\/"},{"@type":"ListItem","position":2,"name":"Boutique","item":"https:\/\/jarchaespanol.com\/tienda\/"},{"@type":"ListItem","position":3,"name":"Espagnol &#8211; Mixte"}]},{"@type":"WebSite","@id":"https:\/\/jarchaespanol.com\/#website","url":"https:\/\/jarchaespanol.com\/","name":"Jarcha Espa\u00f1ol","description":"Plataforma en l\u00ednea especializada en la comunicaci\u00f3n y en la formaci\u00f3n en espa\u00f1ol. Aprende espa\u00f1ol online.","publisher":{"@id":"https:\/\/jarchaespanol.com\/#organization"},"potentialAction":[{"@type":"SearchAction","target":{"@type":"EntryPoint","urlTemplate":"https:\/\/jarchaespanol.com\/?s={search_term_string}"},"query-input":{"@type":"PropertyValueSpecification","valueRequired":true,"valueName":"search_term_string"}}],"inLanguage":"fr-FR"},{"@type":"Organization","@id":"https:\/\/jarchaespanol.com\/#organization","name":"Jarcha Espa\u00f1ol","url":"https:\/\/jarchaespanol.com\/","logo":{"@type":"ImageObject","inLanguage":"fr-FR","@id":"https:\/\/jarchaespanol.com\/#\/schema\/logo\/image\/","url":"https:\/\/jarchaespanol.com\/wp-content\/uploads\/2022\/03\/logo-factura-2.png","contentUrl":"https:\/\/jarchaespanol.com\/wp-content\/uploads\/2022\/03\/logo-factura-2.png","width":474,"height":177,"caption":"Jarcha Espa\u00f1ol"},"image":{"@id":"https:\/\/jarchaespanol.com\/#\/schema\/logo\/image\/"}}]}},"_links":{"self":[{"href":"https:\/\/jarchaespanol.com\/fr\/wp-json\/wp\/v2\/product\/5580","targetHints":{"allow":["GET"]}}],"collection":[{"href":"https:\/\/jarchaespanol.com\/fr\/wp-json\/wp\/v2\/product"}],"about":[{"href":"https:\/\/jarchaespanol.com\/fr\/wp-json\/wp\/v2\/types\/product"}],"replies":[{"embeddable":true,"href":"https:\/\/jarchaespanol.com\/fr\/wp-json\/wp\/v2\/comments?post=5580"}],"wp:featuredmedia":[{"embeddable":true,"href":"https:\/\/jarchaespanol.com\/fr\/wp-json\/wp\/v2\/media\/5510"}],"wp:attachment":[{"href":"https:\/\/jarchaespanol.com\/fr\/wp-json\/wp\/v2\/media?parent=5580"}],"wp:term":[{"taxonomy":"product_brand","embeddable":true,"href":"https:\/\/jarchaespanol.com\/fr\/wp-json\/wp\/v2\/product_brand?post=5580"},{"taxonomy":"product_cat","embeddable":true,"href":"https:\/\/jarchaespanol.com\/fr\/wp-json\/wp\/v2\/product_cat?post=5580"},{"taxonomy":"product_tag","embeddable":true,"href":"https:\/\/jarchaespanol.com\/fr\/wp-json\/wp\/v2\/product_tag?post=5580"}],"curies":[{"name":"wp","href":"https:\/\/api.w.org\/{rel}","templated":true}]}}