{"id":5590,"date":"2022-05-12T12:17:28","date_gmt":"2022-05-12T10:17:28","guid":{"rendered":"https:\/\/jarchaespanol.es\/servicios\/non%20class\u00e9\/espagnol-cours-intensifs-individuels\/"},"modified":"2023-02-07T12:10:43","modified_gmt":"2023-02-07T11:10:43","slug":"espagnol-cours-intensifs-individuels","status":"publish","type":"product","link":"https:\/\/jarchaespanol.com\/fr\/servicios\/sin-categorizar\/espagnol-cours-intensifs-individuels\/","title":{"rendered":"Espagnol &#8211; Cursus intensifs individuels"},"content":{"rendered":"<p><span style=\"font-weight: 400;\">Un cursus est une bonne option pour que l\u2019\u00e9tudiant d\u2019espagnol assimile la grammaire et le vocabulaire de mani\u00e8re intensive et d\u00e9veloppe une <\/span><b>plus grande fluidit\u00e9 communicative \u00e0 court terme.\u00a0<\/b><\/p>\n<p><span style=\"font-weight: 400;\">La modalit\u00e9 individuelle est adapt\u00e9e pour ceux qui ne disposent pas d\u2019un agenda compatible avec les horaires fixes d\u2019un groupe. En retour, <\/span><b>l\u2019attention re\u00e7ue est plus personnalis\u00e9e<\/b><span style=\"font-weight: 400;\"> et donc plus adapt\u00e9e \u00e0 votre niveau et \u00e0 votre rythme d\u2019apprentissage, et les cours peuvent commencer \u00e0 n\u2019importe quelle date de l\u2019ann\u00e9e.<\/span><\/p>\n<p><span style=\"font-weight: 400;\">Nos cursus sont con\u00e7us conform\u00e9ment au programme de langue espagnole du MCER (Cadre Europ\u00e9en Commun de R\u00e9f\u00e9rence pour les langues) et pr\u00e9parent les \u00e9l\u00e8ves non seulement \u00e0 am\u00e9liorer leur espagnol <\/span><b>\u00e0 titre personnel<\/b><span style=\"font-weight: 400;\">, mais aussi pour les <\/span><b>examens officiels<\/b><span style=\"font-weight: 400;\"> comme les <\/span><b>DELE<\/b><span style=\"font-weight: 400;\"> de l&rsquo;Instituto Cervantes.<\/span><\/p>\n<p>&nbsp;<\/p>\n<div class=\"lightweight-accordion bordered\"><details><summary class=\"lightweight-accordion-title\"><span><strong>CURSUS INTENSIF INDIVIDUEL DE NIVEAU DE BASE A1-A2<\/strong><\/span><\/summary><div class=\"lightweight-accordion-body\"><p><span style=\"font-weight: 400;\">De conformit\u00e9 avec la d\u00e9finition du CECR (Cadre europ\u00e9en commun de r\u00e9f\u00e9rence pour les langues), l\u2019 \u00e9l\u00e8ve qui a d\u00e9pass\u00e9 le niveau de base \u00abest capable de comprendre des phrases et des expressions fr\u00e9quemment utilis\u00e9es, li\u00e9es \u00e0 des domaines d\u2019exp\u00e9rience qui lui sont particuli\u00e8rement pertinents (informations de base sur eux-m\u00eames et leur famille, achats, lieux d\u2019int\u00e9r\u00eat, professions, etc.). Il sait \u00e9galement communiquer dans l\u2019accomplissement de t\u00e2ches simples et quotidiennes qui ne n\u00e9cessitent que des \u00e9changes simples et directs d\u2019informations sur des questions qui lui sont connues et des questions li\u00e9es \u00e0 ses besoins imm\u00e9diats\u00bb.<\/span><\/p>\n<p>&nbsp;<\/p>\n<p><span style=\"font-weight: 400;\">Le cours de niveau de base A1-A2 d\u2019espagnol langue \u00e9trang\u00e8re a une dur\u00e9e totale de<\/span><b> 72 heures<\/b><span style=\"font-weight: 400;\">, r\u00e9parties en 2 sessions hebdomadaires de 120 minutes respectivement.<\/span><\/p>\n<p>&nbsp;<\/p>\n<p><b>PRIX<\/b><\/p>\n<p><span style=\"font-weight: 400;\">Le co\u00fbt total du cours est de <\/span><b>870 \u20ac<\/b><span style=\"font-weight: 400;\">. Il y a deux modes de paiement:<\/span><\/p>\n<p><span style=\"font-weight: 400;\">Paiement unique \u00e0 l\u2019avance : <\/span><b>770 \u20ac <\/b><span style=\"font-weight: 400;\">(r\u00e9duction de 100 \u20ac)<\/span><\/p>\n<p><span style=\"font-weight: 400;\">Paiement en <\/span><b>5<\/b><span style=\"font-weight: 400;\"> mensualit\u00e9s de <\/span><b>174 \u20ac <\/b><span style=\"font-weight: 400;\">chacune<\/span><\/p>\n<p><span style=\"font-weight: 400;\">Le prix du cours comprend du mat\u00e9riel didactique en format word, jpg et pdf et des ressources multim\u00e9dias en libre acc\u00e8s.<\/span><\/p>\n<p>&nbsp;<\/p>\n<p><a class=\"btn btn-jarcha\" href=\"https:\/\/jarchaespanol.com\/wp-content\/uploads\/2022\/06\/temporalizacion_contenidos_basico.pdf\" target=\"_blank\" rel=\"noopener\"><span style=\"font-weight: 400;\"> &gt; Temporisation et contenus<br \/>\n<\/span><\/a><\/p>\n<p>&nbsp;<\/p>\n<\/div><\/details><\/div>\n<div class=\"lightweight-accordion bordered\"><details><summary class=\"lightweight-accordion-title\"><span><strong>CURSUS INTENSIF INDIVIDUEL DE NIVEAU INTERM\u00c9DIAIRE B1<\/strong><\/span><\/summary><div class=\"lightweight-accordion-body\"><p><span style=\"font-weight: 400;\">Selon la d\u00e9finition du CECR (Cadre europ\u00e9en commun de r\u00e9f\u00e9rence pour les langues), l\u2019\u00e9l\u00e8ve de niveau B1 \u00abest capable de comprendre les points principaux d\u2019une information claire et normalis\u00e9e d\u2019enregistrement sur des sujets quotidiens qui se trouvent normalement au travail, dans le milieu scolaire, dans des situations de loisirs, etc. Il est capable de se d\u00e9fendre dans la plupart des situations qui peuvent survenir lorsqu\u2019 il voyage dans une zone o\u00f9 la langue \u00e9tudi\u00e9e est parl\u00e9e. Il est capable de produire des textes simples reli\u00e9s par des connecteurs sur des sujets quotidiens ou d\u2019int\u00e9r\u00eat personnel. Il est capable de d\u00e9crire des exp\u00e9riences et des \u00e9v\u00e9nements, des r\u00eaves, des espoirs et des ambitions et de donner de br\u00e8ves raisons et des explications concernant des opinions et des plans\u00bb.<\/span><\/p>\n<p>&nbsp;<\/p>\n<p><span style=\"font-weight: 400;\">Le niveau B1 se compose de <\/span><b>deux cours<\/b><span style=\"font-weight: 400;\"> : Interm\u00e9diaire 1 et Interm\u00e9diaire 2. La dur\u00e9e de <strong>chacun<\/strong> est de <\/span><b>44 heures <\/b><span style=\"font-weight: 400;\">et <\/span><b>58 heures<\/b><span style=\"font-weight: 400;\"> respectivement, r\u00e9partis en 2 s\u00e9ances hebdomadaires de 120 minutes.<\/span><\/p>\n<p>&nbsp;<\/p>\n<p><b>PRIX<\/b><\/p>\n<p><span style=\"font-weight: 400;\">Le co\u00fbt total du cours est de <\/span><b>1190 \u20ac<\/b><span style=\"font-weight: 400;\">. Il y a deux modes de paiement:<\/span><\/p>\n<p><span style=\"font-weight: 400;\">Paiement unique \u00e0 l\u2019avance : <\/span><b>1090 \u20ac <\/b><span style=\"font-weight: 400;\">(r\u00e9duction de 100 \u20ac)<\/span><\/p>\n<p><span style=\"font-weight: 400;\">Paiement en <\/span><b>7<\/b><span style=\"font-weight: 400;\"> mensualit\u00e9s de <\/span><b>170 \u20ac <\/b><span style=\"font-weight: 400;\">chacune<\/span><\/p>\n<p><span style=\"font-weight: 400;\">Le prix du cours comprend du mat\u00e9riel didactique en format word, jpg et pdf et des ressources multim\u00e9dias en libre acc\u00e8s.<\/span><\/p>\n<p>&nbsp;<\/p>\n<p><a class=\"btn btn-jarcha\" href=\"https:\/\/jarchaespanol.com\/wp-content\/uploads\/2022\/06\/temporalizacion_contenidos_b1.pdf\" target=\"_blank\" rel=\"noopener\"><span style=\"font-weight: 400;\"> &gt; Temporisation et contenus<br \/>\n<\/span><\/a><\/p>\n<p>&nbsp;<\/p>\n<\/div><\/details><\/div>\n<div class=\"lightweight-accordion bordered\"><details><summary class=\"lightweight-accordion-title\"><span><strong>CURSUS INTENSIF INDIVIDUEL DE NIVEAU INTERM\u00c9DIAIRE B2<\/strong><\/span><\/summary><div class=\"lightweight-accordion-body\"><p><span style=\"font-weight: 400;\">Selon la d\u00e9finition du CECR (Cadre europ\u00e9en commun de r\u00e9f\u00e9rence pour les langues), l\u2019 \u00e9l\u00e8ve de niveau B2 \u00abest capable de comprendre les points principaux d\u2019une information claire d\u2019enregistrement standard sur des sujets quotidiens qui se trouvent normalement au travail, \u00e0 l\u2019\u00e9cole, dans des situations de loisirs, etc. Il est capable de se d\u00e9fendre dans la plupart des situations qui peuvent survenir lorsqu\u2019 il voyage dans une zone o\u00f9 la langue \u00e9tudi\u00e9e est parl\u00e9e. Il est capable de produire des textes simples reli\u00e9s par des connecteurs sur des sujets quotidiens ou d\u2019int\u00e9r\u00eat personnel. Il est capable de d\u00e9crire des exp\u00e9riences et des \u00e9v\u00e9nements, des r\u00eaves, des espoirs et des ambitions et de donner de br\u00e8ves raisons et des explications concernant des opinions et des plans\u00bb.<\/span><\/p>\n<p>&nbsp;<\/p>\n<p><span style=\"font-weight: 400;\">Le niveau B2 comprend <\/span><b>deux cours <\/b><span style=\"font-weight: 400;\">: Interm\u00e9diaire B2.1 et Interm\u00e9diaire B2.2. La dur\u00e9e de <\/span><b>chacun<\/b><span style=\"font-weight: 400;\"> est de <strong>48 heures<\/strong>, r\u00e9parties en 2 s\u00e9ances hebdomadaires de 120 minutes.<\/span><\/p>\n<p>&nbsp;<\/p>\n<p><b>PRIX<\/b><\/p>\n<p><span style=\"font-weight: 400;\">Le co\u00fbt total du cours est de <\/span><b>1124<\/b><span style=\"font-weight: 400;\"> \u20ac. Il y a deux modes de paiement:<\/span><\/p>\n<p><span style=\"font-weight: 400;\">Paiement unique \u00e0 l\u2019avance : <\/span><b>1024 \u20ac<\/b><span style=\"font-weight: 400;\"> (r\u00e9duction de 100 \u20ac)<\/span><\/p>\n<p><span style=\"font-weight: 400;\">Paiement en 6 mensualit\u00e9s de <\/span><b>187 \u20ac<\/b><span style=\"font-weight: 400;\"> chacune<\/span><\/p>\n<p><span style=\"font-weight: 400;\">Le prix du cours comprend du mat\u00e9riel didactique en format word, jpg et pdf et des ressources multim\u00e9dias en libre acc\u00e8s.<\/span><\/p>\n<p>&nbsp;<\/p>\n<p><a class=\"btn btn-jarcha\" href=\"https:\/\/jarchaespanol.com\/wp-content\/uploads\/2022\/06\/temporalizacion_contenidos_b2.pdf\" target=\"_blank\" rel=\"noopener\"><span style=\"font-weight: 400;\"> &gt; Temporisation et contenus<br \/>\n<\/span><\/a><\/p>\n<p>&nbsp;<\/p>\n<\/div><\/details><\/div>\n<div class=\"lightweight-accordion bordered\"><details><summary class=\"lightweight-accordion-title\"><span><strong>CURSUS INTENSIF INDIVIDUEL DE NIVEAU AVANC\u00c9 C1<\/strong><\/span><\/summary><div class=\"lightweight-accordion-body\"><p><span style=\"font-weight: 400;\">Dans le CECR, le niveau C1 est appel\u00e9 <\/span><i><span style=\"font-weight: 400;\">d\u2019 Autonomie<\/span><\/i><span style=\"font-weight: 400;\">. Pour atteindre ce niveau, les \u00e9l\u00e8ves doivent \u00eatre capables de comprendre une grande vari\u00e9t\u00e9 de textes oraux et \u00e9crits, avec un certain niveau d\u2019exigence, et \u00eatre capables de reconna\u00eetre en eux des sens implicites.<\/span><\/p>\n<p>&nbsp;<\/p>\n<p><span style=\"font-weight: 400;\">Ils doivent savoir s\u2019exprimer de mani\u00e8re fluide et spontan\u00e9e, faire un usage souple et efficace de la langue \u00e0 des fins sociales, acad\u00e9miques et professionnelles et produire des textes clairs, bien structur\u00e9s et d\u00e9taill\u00e9s sur des sujets d\u2019une certaine complexit\u00e9, montrant une utilisation correcte des m\u00e9canismes d\u2019organisation, d\u2019articulation et de coh\u00e9sion du texte.<\/span><\/p>\n<p>&nbsp;<\/p>\n<p><span style=\"font-weight: 400;\">La diff\u00e9rence la plus notable entre ce niveau et les pr\u00e9c\u00e9dents est l\u2019acquisition d\u2019un r\u00e9pertoire linguistique large permettant une communication fluide et spontan\u00e9e. Cette plus grande facilit\u00e9 de communication doit \u00eatre bas\u00e9e sur les comp\u00e9tences de parole acquises aux niveaux pr\u00e9c\u00e9dents.<\/span><\/p>\n<p>&nbsp;<\/p>\n<p><span style=\"font-weight: 400;\">L\u2019autonomie d\u2019apprentissage est un autre pilier de ce niveau et doit \u00eatre \u00e9lev\u00e9e, car les \u00e9l\u00e8ves ont les outils et les connaissances n\u00e9cessaires pour progresser par eux-m\u00eames, en plus de suivre les instructions de l\u2019enseignant. La pratique en classe ne sera pas suffisante et ils devront donc rechercher et saisir toutes les occasions qui leurs sont offertes de d\u00e9velopper les comp\u00e9tences acquises en classe.<\/span><\/p>\n<p>&nbsp;<\/p>\n<p><span style=\"font-weight: 400;\">La dur\u00e9e de ce cours est de <\/span><b>80 <\/b><span style=\"font-weight: 400;\"><strong>heures<\/strong>, r\u00e9parties en deux sessions hebdomadaires de 120 minutes.<\/span><\/p>\n<p>&nbsp;<\/p>\n<p><b>PRIX<\/b><\/p>\n<p><span style=\"font-weight: 400;\">Le co\u00fbt total du cours est de <\/span><b>950<\/b><span style=\"font-weight: 400;\"> \u20ac. Il y a deux modes de paiement:<\/span><\/p>\n<p><span style=\"font-weight: 400;\">Paiement unique \u00e0 l\u2019avance : <\/span><b>850 \u20ac <\/b><span style=\"font-weight: 400;\">(r\u00e9duction de 100 \u20ac)<\/span><\/p>\n<p><span style=\"font-weight: 400;\">Paiement en 5 mensualit\u00e9s de <\/span><b>190 \u20ac<\/b><span style=\"font-weight: 400;\"> chacun<\/span><\/p>\n<p><span style=\"font-weight: 400;\">Le prix du cours comprend du mat\u00e9riel didactique en format word, jpg et pdf et des ressources multim\u00e9dias en libre acc\u00e8s.<\/span><\/p>\n<p>&nbsp;<\/p>\n<p><a class=\"btn btn-jarcha\" href=\"https:\/\/jarchaespanol.com\/wp-content\/uploads\/2022\/06\/temporalizacion_contenidos_c1.pdf\" target=\"_blank\" rel=\"noopener\"><span style=\"font-weight: 400;\"> &gt; Temporisation et contenus<br \/>\n<\/span><\/a><\/p>\n<p>&nbsp;<\/p>\n<\/div><\/details><\/div>\n<p>&nbsp;<\/p>\n<p><a class=\"btn btn-jarcha\" href=\"https:\/\/docs.google.com\/forms\/d\/e\/1FAIpQLSfcqnT0yx9ylNe_7bvk7ZgGrc6OTIA8JxGMPdEFsxHMDoOTAQ\/viewform?usp=sf_link\" target=\"_blank\" rel=\"noopener\"><span style=\"font-weight: 400;\"><i class=\"vc_btn3-icon fas fa-user-graduate\"><\/i> Test de niveau A1<\/span><\/a> <a class=\"btn btn-jarcha\" href=\"https:\/\/docs.google.com\/forms\/d\/e\/1FAIpQLSeTDa6QmSwYWj7oW_yHYcpizdv6piPmyuDxlUaO_ZdtoNS4dg\/viewform?usp=sf_link\" target=\"_blank\" rel=\"noopener\"><span style=\"font-weight: 400;\"><i class=\"vc_btn3-icon fas fa-user-graduate\"><\/i> Test de niveau A2<\/span><\/a> <a class=\"btn btn-jarcha\" href=\"https:\/\/docs.google.com\/forms\/d\/e\/1FAIpQLSemXWo0GNz26D0S9aVn6d73RM3Wjn1NwRZUJLMBYtzl_iC6og\/viewform?usp=sf_link\" target=\"_blank\" rel=\"noopener\"><span style=\"font-weight: 400;\"><i class=\"vc_btn3-icon fas fa-user-graduate\"><\/i> Test de niveau B1<\/span><\/a> <a class=\"btn btn-jarcha\" href=\"https:\/\/docs.google.com\/forms\/d\/e\/1FAIpQLScSBs1tQjG98PdPPfzNcQ40r0q7y_Pw8-EkX0ohKeilvhwZAQ\/viewform?usp=sf_link\" target=\"_blank\" rel=\"noopener\"><span style=\"font-weight: 400;\"><i class=\"vc_btn3-icon fas fa-user-graduate\"><\/i> Test de niveau B2<\/span><\/a> <a class=\"btn btn-jarcha\" href=\"https:\/\/docs.google.com\/forms\/d\/e\/1FAIpQLSfcaGfbBac02wDVmhCzSsLem8kB02P1D0ZO_a94Pm_t8Eifsg\/viewform?usp=sf_link\" target=\"_blank\" rel=\"noopener\"><span style=\"font-weight: 400;\"><i class=\"vc_btn3-icon fas fa-user-graduate\"><\/i> Test de niveau C1<\/span><\/a><\/p>\n","protected":false},"excerpt":{"rendered":"<p>Un cursus est une bonne option pour que l\u2019\u00e9tudiant d\u2019espagnol assimile la grammaire et le vocabulaire de mani\u00e8re intensive et d\u00e9veloppe une plus grande fluidit\u00e9 communicative \u00e0 court terme.\u00a0 La modalit\u00e9 individuelle est adapt\u00e9e pour ceux qui ne disposent pas d\u2019un agenda compatible avec les horaires fixes d\u2019un groupe. En retour, l\u2019attention re\u00e7ue est plus [&hellip;]<\/p>\n","protected":false},"featured_media":5514,"comment_status":"open","ping_status":"closed","template":"","meta":{"inline_featured_image":false,"_joinchat":[]},"product_brand":[],"product_cat":[15],"product_tag":[],"class_list":{"0":"post-5590","1":"product","2":"type-product","3":"status-publish","4":"has-post-thumbnail","6":"product_cat-sin-categorizar","8":"first","9":"outofstock","10":"sale","11":"shipping-taxable","12":"purchasable","13":"product-type-variable-subscription"},"yoast_head":"<!-- This site is optimized with the Yoast SEO plugin v26.8 - https:\/\/yoast.com\/product\/yoast-seo-wordpress\/ -->\n<title>Espagnol - Cursus intensifs individuels - Jarcha Espa\u00f1ol<\/title>\n<meta name=\"description\" content=\"Espagnol - Cursus intensifs individuels - Jarcha Espa\u00f1ol - Espa\u00f1ol como Lengua Extranjera. Clases de espa\u00f1ol online.\" \/>\n<meta name=\"robots\" content=\"index, follow, max-snippet:-1, max-image-preview:large, max-video-preview:-1\" \/>\n<link rel=\"canonical\" href=\"https:\/\/jarchaespanol.com\/fr\/servicios\/sin-categorizar\/espagnol-cours-intensifs-individuels\/\" \/>\n<meta property=\"og:locale\" content=\"fr_FR\" \/>\n<meta property=\"og:type\" content=\"article\" \/>\n<meta property=\"og:title\" content=\"Espagnol - Cursus intensifs individuels - Jarcha Espa\u00f1ol\" \/>\n<meta property=\"og:description\" content=\"Espagnol - Cursus intensifs individuels - Jarcha Espa\u00f1ol - Espa\u00f1ol como Lengua Extranjera. Clases de espa\u00f1ol online.\" \/>\n<meta property=\"og:url\" content=\"https:\/\/jarchaespanol.com\/?post_type=product&amp;p=4384\" \/>\n<meta property=\"og:site_name\" content=\"Jarcha Espa\u00f1ol\" \/>\n<meta property=\"article:modified_time\" content=\"2023-02-07T11:10:43+00:00\" \/>\n<meta property=\"og:image\" content=\"https:\/\/jarchaespanol.com\/wp-content\/uploads\/2022\/06\/curso-espanol-individual.png\" \/>\n\t<meta property=\"og:image:width\" content=\"600\" \/>\n\t<meta property=\"og:image:height\" content=\"600\" \/>\n\t<meta property=\"og:image:type\" content=\"image\/png\" \/>\n<meta name=\"twitter:card\" content=\"summary_large_image\" \/>\n<script type=\"application\/ld+json\" class=\"yoast-schema-graph\">{\"@context\":\"https:\/\/schema.org\",\"@graph\":[{\"@type\":\"WebPage\",\"@id\":\"https:\/\/jarchaespanol.com\/?post_type=product&p=4384\",\"url\":\"https:\/\/jarchaespanol.com\/?post_type=product&p=4384\",\"name\":\"Espagnol - Cursus intensifs individuels - Jarcha Espa\u00f1ol\",\"isPartOf\":{\"@id\":\"https:\/\/jarchaespanol.com\/#website\"},\"primaryImageOfPage\":{\"@id\":\"https:\/\/jarchaespanol.com\/?post_type=product&p=4384#primaryimage\"},\"image\":{\"@id\":\"https:\/\/jarchaespanol.com\/?post_type=product&p=4384#primaryimage\"},\"thumbnailUrl\":\"https:\/\/jarchaespanol.com\/wp-content\/uploads\/2022\/06\/curso-espanol-individual.png\",\"datePublished\":\"2022-05-12T10:17:28+00:00\",\"dateModified\":\"2023-02-07T11:10:43+00:00\",\"description\":\"Espagnol - Cursus intensifs individuels - Jarcha Espa\u00f1ol - Espa\u00f1ol como Lengua Extranjera. Clases de espa\u00f1ol online.\",\"breadcrumb\":{\"@id\":\"https:\/\/jarchaespanol.com\/?post_type=product&p=4384#breadcrumb\"},\"inLanguage\":\"fr-FR\",\"potentialAction\":[{\"@type\":\"ReadAction\",\"target\":[\"https:\/\/jarchaespanol.com\/?post_type=product&p=4384\"]}]},{\"@type\":\"ImageObject\",\"inLanguage\":\"fr-FR\",\"@id\":\"https:\/\/jarchaespanol.com\/?post_type=product&p=4384#primaryimage\",\"url\":\"https:\/\/jarchaespanol.com\/wp-content\/uploads\/2022\/06\/curso-espanol-individual.png\",\"contentUrl\":\"https:\/\/jarchaespanol.com\/wp-content\/uploads\/2022\/06\/curso-espanol-individual.png\",\"width\":600,\"height\":600},{\"@type\":\"BreadcrumbList\",\"@id\":\"https:\/\/jarchaespanol.com\/?post_type=product&p=4384#breadcrumb\",\"itemListElement\":[{\"@type\":\"ListItem\",\"position\":1,\"name\":\"Home\",\"item\":\"https:\/\/jarchaespanol.com\/\"},{\"@type\":\"ListItem\",\"position\":2,\"name\":\"Boutique\",\"item\":\"https:\/\/jarchaespanol.com\/tienda\/\"},{\"@type\":\"ListItem\",\"position\":3,\"name\":\"Espagnol &#8211; Cursus intensifs individuels\"}]},{\"@type\":\"WebSite\",\"@id\":\"https:\/\/jarchaespanol.com\/#website\",\"url\":\"https:\/\/jarchaespanol.com\/\",\"name\":\"Jarcha Espa\u00f1ol\",\"description\":\"Plataforma en l\u00ednea especializada en la comunicaci\u00f3n y en la formaci\u00f3n en espa\u00f1ol. Aprende espa\u00f1ol online.\",\"publisher\":{\"@id\":\"https:\/\/jarchaespanol.com\/#organization\"},\"potentialAction\":[{\"@type\":\"SearchAction\",\"target\":{\"@type\":\"EntryPoint\",\"urlTemplate\":\"https:\/\/jarchaespanol.com\/?s={search_term_string}\"},\"query-input\":{\"@type\":\"PropertyValueSpecification\",\"valueRequired\":true,\"valueName\":\"search_term_string\"}}],\"inLanguage\":\"fr-FR\"},{\"@type\":\"Organization\",\"@id\":\"https:\/\/jarchaespanol.com\/#organization\",\"name\":\"Jarcha Espa\u00f1ol\",\"url\":\"https:\/\/jarchaespanol.com\/\",\"logo\":{\"@type\":\"ImageObject\",\"inLanguage\":\"fr-FR\",\"@id\":\"https:\/\/jarchaespanol.com\/#\/schema\/logo\/image\/\",\"url\":\"https:\/\/jarchaespanol.com\/wp-content\/uploads\/2022\/03\/logo-factura-2.png\",\"contentUrl\":\"https:\/\/jarchaespanol.com\/wp-content\/uploads\/2022\/03\/logo-factura-2.png\",\"width\":474,\"height\":177,\"caption\":\"Jarcha Espa\u00f1ol\"},\"image\":{\"@id\":\"https:\/\/jarchaespanol.com\/#\/schema\/logo\/image\/\"}}]}<\/script>\n<!-- \/ Yoast SEO plugin. -->","yoast_head_json":{"title":"Espagnol - Cursus intensifs individuels - Jarcha Espa\u00f1ol","description":"Espagnol - Cursus intensifs individuels - Jarcha Espa\u00f1ol - Espa\u00f1ol como Lengua Extranjera. Clases de espa\u00f1ol online.","robots":{"index":"index","follow":"follow","max-snippet":"max-snippet:-1","max-image-preview":"max-image-preview:large","max-video-preview":"max-video-preview:-1"},"canonical":"https:\/\/jarchaespanol.com\/fr\/servicios\/sin-categorizar\/espagnol-cours-intensifs-individuels\/","og_locale":"fr_FR","og_type":"article","og_title":"Espagnol - Cursus intensifs individuels - Jarcha Espa\u00f1ol","og_description":"Espagnol - Cursus intensifs individuels - Jarcha Espa\u00f1ol - Espa\u00f1ol como Lengua Extranjera. Clases de espa\u00f1ol online.","og_url":"https:\/\/jarchaespanol.com\/?post_type=product&p=4384","og_site_name":"Jarcha Espa\u00f1ol","article_modified_time":"2023-02-07T11:10:43+00:00","og_image":[{"width":600,"height":600,"url":"https:\/\/jarchaespanol.com\/wp-content\/uploads\/2022\/06\/curso-espanol-individual.png","type":"image\/png"}],"twitter_card":"summary_large_image","schema":{"@context":"https:\/\/schema.org","@graph":[{"@type":"WebPage","@id":"https:\/\/jarchaespanol.com\/?post_type=product&p=4384","url":"https:\/\/jarchaespanol.com\/?post_type=product&p=4384","name":"Espagnol - Cursus intensifs individuels - Jarcha Espa\u00f1ol","isPartOf":{"@id":"https:\/\/jarchaespanol.com\/#website"},"primaryImageOfPage":{"@id":"https:\/\/jarchaespanol.com\/?post_type=product&p=4384#primaryimage"},"image":{"@id":"https:\/\/jarchaespanol.com\/?post_type=product&p=4384#primaryimage"},"thumbnailUrl":"https:\/\/jarchaespanol.com\/wp-content\/uploads\/2022\/06\/curso-espanol-individual.png","datePublished":"2022-05-12T10:17:28+00:00","dateModified":"2023-02-07T11:10:43+00:00","description":"Espagnol - Cursus intensifs individuels - Jarcha Espa\u00f1ol - Espa\u00f1ol como Lengua Extranjera. Clases de espa\u00f1ol online.","breadcrumb":{"@id":"https:\/\/jarchaespanol.com\/?post_type=product&p=4384#breadcrumb"},"inLanguage":"fr-FR","potentialAction":[{"@type":"ReadAction","target":["https:\/\/jarchaespanol.com\/?post_type=product&p=4384"]}]},{"@type":"ImageObject","inLanguage":"fr-FR","@id":"https:\/\/jarchaespanol.com\/?post_type=product&p=4384#primaryimage","url":"https:\/\/jarchaespanol.com\/wp-content\/uploads\/2022\/06\/curso-espanol-individual.png","contentUrl":"https:\/\/jarchaespanol.com\/wp-content\/uploads\/2022\/06\/curso-espanol-individual.png","width":600,"height":600},{"@type":"BreadcrumbList","@id":"https:\/\/jarchaespanol.com\/?post_type=product&p=4384#breadcrumb","itemListElement":[{"@type":"ListItem","position":1,"name":"Home","item":"https:\/\/jarchaespanol.com\/"},{"@type":"ListItem","position":2,"name":"Boutique","item":"https:\/\/jarchaespanol.com\/tienda\/"},{"@type":"ListItem","position":3,"name":"Espagnol &#8211; Cursus intensifs individuels"}]},{"@type":"WebSite","@id":"https:\/\/jarchaespanol.com\/#website","url":"https:\/\/jarchaespanol.com\/","name":"Jarcha Espa\u00f1ol","description":"Plataforma en l\u00ednea especializada en la comunicaci\u00f3n y en la formaci\u00f3n en espa\u00f1ol. Aprende espa\u00f1ol online.","publisher":{"@id":"https:\/\/jarchaespanol.com\/#organization"},"potentialAction":[{"@type":"SearchAction","target":{"@type":"EntryPoint","urlTemplate":"https:\/\/jarchaespanol.com\/?s={search_term_string}"},"query-input":{"@type":"PropertyValueSpecification","valueRequired":true,"valueName":"search_term_string"}}],"inLanguage":"fr-FR"},{"@type":"Organization","@id":"https:\/\/jarchaespanol.com\/#organization","name":"Jarcha Espa\u00f1ol","url":"https:\/\/jarchaespanol.com\/","logo":{"@type":"ImageObject","inLanguage":"fr-FR","@id":"https:\/\/jarchaespanol.com\/#\/schema\/logo\/image\/","url":"https:\/\/jarchaespanol.com\/wp-content\/uploads\/2022\/03\/logo-factura-2.png","contentUrl":"https:\/\/jarchaespanol.com\/wp-content\/uploads\/2022\/03\/logo-factura-2.png","width":474,"height":177,"caption":"Jarcha Espa\u00f1ol"},"image":{"@id":"https:\/\/jarchaespanol.com\/#\/schema\/logo\/image\/"}}]}},"_links":{"self":[{"href":"https:\/\/jarchaespanol.com\/fr\/wp-json\/wp\/v2\/product\/5590","targetHints":{"allow":["GET"]}}],"collection":[{"href":"https:\/\/jarchaespanol.com\/fr\/wp-json\/wp\/v2\/product"}],"about":[{"href":"https:\/\/jarchaespanol.com\/fr\/wp-json\/wp\/v2\/types\/product"}],"replies":[{"embeddable":true,"href":"https:\/\/jarchaespanol.com\/fr\/wp-json\/wp\/v2\/comments?post=5590"}],"wp:featuredmedia":[{"embeddable":true,"href":"https:\/\/jarchaespanol.com\/fr\/wp-json\/wp\/v2\/media\/5514"}],"wp:attachment":[{"href":"https:\/\/jarchaespanol.com\/fr\/wp-json\/wp\/v2\/media?parent=5590"}],"wp:term":[{"taxonomy":"product_brand","embeddable":true,"href":"https:\/\/jarchaespanol.com\/fr\/wp-json\/wp\/v2\/product_brand?post=5590"},{"taxonomy":"product_cat","embeddable":true,"href":"https:\/\/jarchaespanol.com\/fr\/wp-json\/wp\/v2\/product_cat?post=5590"},{"taxonomy":"product_tag","embeddable":true,"href":"https:\/\/jarchaespanol.com\/fr\/wp-json\/wp\/v2\/product_tag?post=5590"}],"curies":[{"name":"wp","href":"https:\/\/api.w.org\/{rel}","templated":true}]}}