{"id":5608,"date":"2022-06-20T18:07:46","date_gmt":"2022-06-20T16:07:46","guid":{"rendered":"https:\/\/jarchaespanol.es\/servicios\/non%20class\u00e9\/espagnol-lecons-intensives-individuelles\/"},"modified":"2025-07-23T14:38:41","modified_gmt":"2025-07-23T12:38:41","slug":"espagnol-lecons-intensives-individuelles","status":"publish","type":"product","link":"https:\/\/jarchaespanol.com\/fr\/servicios\/enseignement\/espanol-online\/cours-individuels\/espagnol-lecons-intensives-individuelles\/","title":{"rendered":"Espagnol en ligne &#8211; Le\u00e7ons intensives individuelles"},"content":{"rendered":"<p><span style=\"font-weight: 400;\">Si vous souhaitez apprendre l\u2019espagnol en ligne, mais que vous n\u2019avez pas assez de temps pour suivre un cours complet, nous mettons \u00e0 votre disposition ce syst\u00e8me <\/span><b>de<\/b> <b>le\u00e7ons<\/b><span style=\"font-weight: 400;\"><strong> intensives individuelles<\/strong>.<\/span><span style=\"font-weight: 400;\">\u00a0Quel que soit votre niveau, nous vous garantissons une attention \u00e0 la mesure de vos attentes afin que, en peu de temps, vous puissiez constater vos progr\u00e8s, tant dans la langue parl\u00e9e que dans la langue \u00e9crite.\u00a0<\/span><\/p>\n<p>&nbsp;<\/p>\n<p><span style=\"font-weight: 400;\">Et une fois par mois, si vous le souhaitez, vous pourrez renforcer votre apprentissage en combinant vos cours individuels avec notre <\/span><b><a href=\"https:\/\/jarchaespanol.com\/fr\/servicios\/enseignement\/espanol-online\/autres-cours-en-petit-groupe\/discussion-mensuelle-en-petit-groupe\/\">Rencontre\u00a0 mensuelle en ligne en petit groupe<\/a>, <\/b><span style=\"font-weight: 400;\">une exp\u00e9rience suppl\u00e9mentaire qui vous offrira l&rsquo;opportunit\u00e9 d&rsquo;appliquer vos connaissances dans un environnement de conversation authentique et participative.<\/span><\/p>\n<p>&nbsp;<\/p>\n<p><b>Niveau m\u00ednimum requis: A1<\/b><\/p>\n<p>&nbsp;<\/p>\n<p><b>Test de niveau<\/b><br \/>\n<a class=\"btn btn-jarcha\" href=\"https:\/\/docs.google.com\/forms\/d\/e\/1FAIpQLScMyzM92U1yRd7pyrAY6iNldme-eUzGKpzMkl9ZJUN072zVHw\/viewform?usp=sf_link\" target=\"_blank\" rel=\"noopener\"><span style=\"font-weight: 400;\"><i class=\"vc_btn3-icon fas fa-user-graduate\"><\/i> A1 <\/span><\/a> <a class=\"btn btn-jarcha\" href=\"https:\/\/docs.google.com\/forms\/d\/e\/1FAIpQLSctisEsdQt-A4UJe0KuWHLCDoTzLtXFWelAQNoauRGeyPcSUg\/viewform?usp=sf_link\" target=\"_blank\" rel=\"noopener\"><span style=\"font-weight: 400;\"><i class=\"vc_btn3-icon fas fa-user-graduate\"><\/i> A2 <\/span><\/a> <a class=\"btn btn-jarcha\" href=\"https:\/\/docs.google.com\/forms\/d\/e\/1FAIpQLSdNGeGMzvjiXYDQWm0ySq6zpqES6g3MFOjMnaYxYUgCeI3M7A\/viewform?usp=sf_link\" target=\"_blank\" rel=\"noopener\"><span style=\"font-weight: 400;\"><i class=\"vc_btn3-icon fas fa-user-graduate\"><\/i> B1 <\/span><\/a> <a class=\"btn btn-jarcha\" href=\"https:\/\/docs.google.com\/forms\/d\/e\/1FAIpQLSfHj2JP1zE2D1FUPS_FbH0zTUNzAJ1CEopeBKifrEwm5nMmsw\/viewform?usp=sf_link\" target=\"_blank\" rel=\"noopener\"><span style=\"font-weight: 400;\"><i class=\"vc_btn3-icon fas fa-user-graduate\"><\/i> B2 <\/span><\/a> <a class=\"btn btn-jarcha\" href=\"https:\/\/docs.google.com\/forms\/d\/e\/1FAIpQLSeUgWtLVaOwNh7sbMlg0a7C-zQG3OhJkbzS22VtItOdw6IVCQ\/viewform?usp=sf_link\" target=\"_blank\" rel=\"noopener\"><span style=\"font-weight: 400;\"><i class=\"vc_btn3-icon fas fa-user-graduate\"><\/i> C1 <\/span><\/a> <a class=\"btn btn-jarcha\" href=\"https:\/\/docs.google.com\/forms\/d\/e\/1FAIpQLScMlqLbAih6VOcu6jaiNdpp6wh9zkimMY9El8kqYbHZaRVInw\/viewform?usp=sf_link\" target=\"_blank\" rel=\"noopener\"><span style=\"font-weight: 400;\"><i class=\"vc_btn3-icon fas fa-user-graduate\"><\/i> C2 <\/span><\/a><\/p>\n","protected":false},"excerpt":{"rendered":"<div class=\"page\" title=\"Page 11\">\n<div class=\"layoutArea\">\n<div class=\"column\">\n<p>Pour avancer a\u0300 votre rythme dans l\u2019apprentissage de l\u2019espagnol<\/p>\n<\/div>\n<\/div>\n<\/div>\n","protected":false},"featured_media":17539,"comment_status":"open","ping_status":"closed","template":"","meta":{"inline_featured_image":false,"_joinchat":[]},"product_brand":[],"product_cat":[857,449,450],"product_tag":[],"class_list":{"0":"post-5608","1":"product","2":"type-product","3":"status-publish","4":"has-post-thumbnail","6":"product_cat-cours-individuels","7":"product_cat-enseignement","8":"product_cat-espanol-online","10":"first","11":"instock","12":"shipping-taxable","13":"purchasable","14":"product-type-variable"},"yoast_head":"<!-- This site is optimized with the Yoast SEO plugin v26.8 - https:\/\/yoast.com\/product\/yoast-seo-wordpress\/ -->\n<title>Espagnol en ligne - Le\u00e7ons intensives individuelles - Jarcha Espa\u00f1ol<\/title>\n<meta name=\"description\" content=\"Espagnol en ligne - Le\u00e7ons intensives individuelles - Jarcha Espa\u00f1ol - Espa\u00f1ol como Lengua Extranjera. Clases de espa\u00f1ol online.\" \/>\n<meta name=\"robots\" content=\"index, follow, max-snippet:-1, max-image-preview:large, max-video-preview:-1\" \/>\n<link rel=\"canonical\" href=\"https:\/\/jarchaespanol.com\/fr\/servicios\/enseignement\/espanol-online\/cours-individuels\/espagnol-lecons-intensives-individuelles\/\" \/>\n<meta property=\"og:locale\" content=\"fr_FR\" \/>\n<meta property=\"og:type\" content=\"article\" \/>\n<meta property=\"og:title\" content=\"Espagnol en ligne - Le\u00e7ons intensives individuelles - Jarcha Espa\u00f1ol\" \/>\n<meta property=\"og:description\" content=\"Espagnol en ligne - Le\u00e7ons intensives individuelles - Jarcha Espa\u00f1ol - Espa\u00f1ol como Lengua Extranjera. Clases de espa\u00f1ol online.\" \/>\n<meta property=\"og:url\" content=\"https:\/\/jarchaespanol.com\/fr\/servicios\/enseignement\/espanol-online\/cours-individuels\/espagnol-lecons-intensives-individuelles\/\" \/>\n<meta property=\"og:site_name\" content=\"Jarcha Espa\u00f1ol\" \/>\n<meta property=\"article:modified_time\" content=\"2025-07-23T12:38:41+00:00\" \/>\n<meta property=\"og:image\" content=\"https:\/\/jarchaespanol.com\/wp-content\/uploads\/2022\/06\/INTENSIVAS-INDIVIDUALES.jpg\" \/>\n\t<meta property=\"og:image:width\" content=\"900\" \/>\n\t<meta property=\"og:image:height\" content=\"905\" \/>\n\t<meta property=\"og:image:type\" content=\"image\/jpeg\" \/>\n<meta name=\"twitter:card\" content=\"summary_large_image\" \/>\n<script type=\"application\/ld+json\" class=\"yoast-schema-graph\">{\"@context\":\"https:\/\/schema.org\",\"@graph\":[{\"@type\":\"WebPage\",\"@id\":\"https:\/\/jarchaespanol.com\/fr\/servicios\/enseignement\/espanol-online\/cours-individuels\/espagnol-lecons-intensives-individuelles\/\",\"url\":\"https:\/\/jarchaespanol.com\/fr\/servicios\/enseignement\/espanol-online\/cours-individuels\/espagnol-lecons-intensives-individuelles\/\",\"name\":\"Espagnol en ligne - Le\u00e7ons intensives individuelles - Jarcha Espa\u00f1ol\",\"isPartOf\":{\"@id\":\"https:\/\/jarchaespanol.com\/#website\"},\"primaryImageOfPage\":{\"@id\":\"https:\/\/jarchaespanol.com\/fr\/servicios\/enseignement\/espanol-online\/cours-individuels\/espagnol-lecons-intensives-individuelles\/#primaryimage\"},\"image\":{\"@id\":\"https:\/\/jarchaespanol.com\/fr\/servicios\/enseignement\/espanol-online\/cours-individuels\/espagnol-lecons-intensives-individuelles\/#primaryimage\"},\"thumbnailUrl\":\"https:\/\/jarchaespanol.com\/wp-content\/uploads\/2022\/06\/INTENSIVAS-INDIVIDUALES.jpg\",\"datePublished\":\"2022-06-20T16:07:46+00:00\",\"dateModified\":\"2025-07-23T12:38:41+00:00\",\"description\":\"Espagnol en ligne - Le\u00e7ons intensives individuelles - Jarcha Espa\u00f1ol - Espa\u00f1ol como Lengua Extranjera. Clases de espa\u00f1ol online.\",\"breadcrumb\":{\"@id\":\"https:\/\/jarchaespanol.com\/fr\/servicios\/enseignement\/espanol-online\/cours-individuels\/espagnol-lecons-intensives-individuelles\/#breadcrumb\"},\"inLanguage\":\"fr-FR\",\"potentialAction\":[{\"@type\":\"ReadAction\",\"target\":[\"https:\/\/jarchaespanol.com\/fr\/servicios\/enseignement\/espanol-online\/cours-individuels\/espagnol-lecons-intensives-individuelles\/\"]}]},{\"@type\":\"ImageObject\",\"inLanguage\":\"fr-FR\",\"@id\":\"https:\/\/jarchaespanol.com\/fr\/servicios\/enseignement\/espanol-online\/cours-individuels\/espagnol-lecons-intensives-individuelles\/#primaryimage\",\"url\":\"https:\/\/jarchaespanol.com\/wp-content\/uploads\/2022\/06\/INTENSIVAS-INDIVIDUALES.jpg\",\"contentUrl\":\"https:\/\/jarchaespanol.com\/wp-content\/uploads\/2022\/06\/INTENSIVAS-INDIVIDUALES.jpg\",\"width\":900,\"height\":905},{\"@type\":\"BreadcrumbList\",\"@id\":\"https:\/\/jarchaespanol.com\/fr\/servicios\/enseignement\/espanol-online\/cours-individuels\/espagnol-lecons-intensives-individuelles\/#breadcrumb\",\"itemListElement\":[{\"@type\":\"ListItem\",\"position\":1,\"name\":\"Home\",\"item\":\"https:\/\/jarchaespanol.com\/\"},{\"@type\":\"ListItem\",\"position\":2,\"name\":\"Boutique\",\"item\":\"https:\/\/jarchaespanol.com\/tienda\/\"},{\"@type\":\"ListItem\",\"position\":3,\"name\":\"Espagnol en ligne &#8211; Le\u00e7ons intensives individuelles\"}]},{\"@type\":\"WebSite\",\"@id\":\"https:\/\/jarchaespanol.com\/#website\",\"url\":\"https:\/\/jarchaespanol.com\/\",\"name\":\"Jarcha Espa\u00f1ol\",\"description\":\"Plataforma en l\u00ednea especializada en la comunicaci\u00f3n y en la formaci\u00f3n en espa\u00f1ol. Aprende espa\u00f1ol online.\",\"publisher\":{\"@id\":\"https:\/\/jarchaespanol.com\/#organization\"},\"potentialAction\":[{\"@type\":\"SearchAction\",\"target\":{\"@type\":\"EntryPoint\",\"urlTemplate\":\"https:\/\/jarchaespanol.com\/?s={search_term_string}\"},\"query-input\":{\"@type\":\"PropertyValueSpecification\",\"valueRequired\":true,\"valueName\":\"search_term_string\"}}],\"inLanguage\":\"fr-FR\"},{\"@type\":\"Organization\",\"@id\":\"https:\/\/jarchaespanol.com\/#organization\",\"name\":\"Jarcha Espa\u00f1ol\",\"url\":\"https:\/\/jarchaespanol.com\/\",\"logo\":{\"@type\":\"ImageObject\",\"inLanguage\":\"fr-FR\",\"@id\":\"https:\/\/jarchaespanol.com\/#\/schema\/logo\/image\/\",\"url\":\"https:\/\/jarchaespanol.com\/wp-content\/uploads\/2022\/03\/logo-factura-2.png\",\"contentUrl\":\"https:\/\/jarchaespanol.com\/wp-content\/uploads\/2022\/03\/logo-factura-2.png\",\"width\":474,\"height\":177,\"caption\":\"Jarcha Espa\u00f1ol\"},\"image\":{\"@id\":\"https:\/\/jarchaespanol.com\/#\/schema\/logo\/image\/\"}}]}<\/script>\n<!-- \/ Yoast SEO plugin. -->","yoast_head_json":{"title":"Espagnol en ligne - Le\u00e7ons intensives individuelles - Jarcha Espa\u00f1ol","description":"Espagnol en ligne - Le\u00e7ons intensives individuelles - Jarcha Espa\u00f1ol - Espa\u00f1ol como Lengua Extranjera. Clases de espa\u00f1ol online.","robots":{"index":"index","follow":"follow","max-snippet":"max-snippet:-1","max-image-preview":"max-image-preview:large","max-video-preview":"max-video-preview:-1"},"canonical":"https:\/\/jarchaespanol.com\/fr\/servicios\/enseignement\/espanol-online\/cours-individuels\/espagnol-lecons-intensives-individuelles\/","og_locale":"fr_FR","og_type":"article","og_title":"Espagnol en ligne - Le\u00e7ons intensives individuelles - Jarcha Espa\u00f1ol","og_description":"Espagnol en ligne - Le\u00e7ons intensives individuelles - Jarcha Espa\u00f1ol - Espa\u00f1ol como Lengua Extranjera. Clases de espa\u00f1ol online.","og_url":"https:\/\/jarchaespanol.com\/fr\/servicios\/enseignement\/espanol-online\/cours-individuels\/espagnol-lecons-intensives-individuelles\/","og_site_name":"Jarcha Espa\u00f1ol","article_modified_time":"2025-07-23T12:38:41+00:00","og_image":[{"width":900,"height":905,"url":"https:\/\/jarchaespanol.com\/wp-content\/uploads\/2022\/06\/INTENSIVAS-INDIVIDUALES.jpg","type":"image\/jpeg"}],"twitter_card":"summary_large_image","schema":{"@context":"https:\/\/schema.org","@graph":[{"@type":"WebPage","@id":"https:\/\/jarchaespanol.com\/fr\/servicios\/enseignement\/espanol-online\/cours-individuels\/espagnol-lecons-intensives-individuelles\/","url":"https:\/\/jarchaespanol.com\/fr\/servicios\/enseignement\/espanol-online\/cours-individuels\/espagnol-lecons-intensives-individuelles\/","name":"Espagnol en ligne - Le\u00e7ons intensives individuelles - Jarcha Espa\u00f1ol","isPartOf":{"@id":"https:\/\/jarchaespanol.com\/#website"},"primaryImageOfPage":{"@id":"https:\/\/jarchaespanol.com\/fr\/servicios\/enseignement\/espanol-online\/cours-individuels\/espagnol-lecons-intensives-individuelles\/#primaryimage"},"image":{"@id":"https:\/\/jarchaespanol.com\/fr\/servicios\/enseignement\/espanol-online\/cours-individuels\/espagnol-lecons-intensives-individuelles\/#primaryimage"},"thumbnailUrl":"https:\/\/jarchaespanol.com\/wp-content\/uploads\/2022\/06\/INTENSIVAS-INDIVIDUALES.jpg","datePublished":"2022-06-20T16:07:46+00:00","dateModified":"2025-07-23T12:38:41+00:00","description":"Espagnol en ligne - Le\u00e7ons intensives individuelles - Jarcha Espa\u00f1ol - Espa\u00f1ol como Lengua Extranjera. Clases de espa\u00f1ol online.","breadcrumb":{"@id":"https:\/\/jarchaespanol.com\/fr\/servicios\/enseignement\/espanol-online\/cours-individuels\/espagnol-lecons-intensives-individuelles\/#breadcrumb"},"inLanguage":"fr-FR","potentialAction":[{"@type":"ReadAction","target":["https:\/\/jarchaespanol.com\/fr\/servicios\/enseignement\/espanol-online\/cours-individuels\/espagnol-lecons-intensives-individuelles\/"]}]},{"@type":"ImageObject","inLanguage":"fr-FR","@id":"https:\/\/jarchaespanol.com\/fr\/servicios\/enseignement\/espanol-online\/cours-individuels\/espagnol-lecons-intensives-individuelles\/#primaryimage","url":"https:\/\/jarchaespanol.com\/wp-content\/uploads\/2022\/06\/INTENSIVAS-INDIVIDUALES.jpg","contentUrl":"https:\/\/jarchaespanol.com\/wp-content\/uploads\/2022\/06\/INTENSIVAS-INDIVIDUALES.jpg","width":900,"height":905},{"@type":"BreadcrumbList","@id":"https:\/\/jarchaespanol.com\/fr\/servicios\/enseignement\/espanol-online\/cours-individuels\/espagnol-lecons-intensives-individuelles\/#breadcrumb","itemListElement":[{"@type":"ListItem","position":1,"name":"Home","item":"https:\/\/jarchaespanol.com\/"},{"@type":"ListItem","position":2,"name":"Boutique","item":"https:\/\/jarchaespanol.com\/tienda\/"},{"@type":"ListItem","position":3,"name":"Espagnol en ligne &#8211; Le\u00e7ons intensives individuelles"}]},{"@type":"WebSite","@id":"https:\/\/jarchaespanol.com\/#website","url":"https:\/\/jarchaespanol.com\/","name":"Jarcha Espa\u00f1ol","description":"Plataforma en l\u00ednea especializada en la comunicaci\u00f3n y en la formaci\u00f3n en espa\u00f1ol. Aprende espa\u00f1ol online.","publisher":{"@id":"https:\/\/jarchaespanol.com\/#organization"},"potentialAction":[{"@type":"SearchAction","target":{"@type":"EntryPoint","urlTemplate":"https:\/\/jarchaespanol.com\/?s={search_term_string}"},"query-input":{"@type":"PropertyValueSpecification","valueRequired":true,"valueName":"search_term_string"}}],"inLanguage":"fr-FR"},{"@type":"Organization","@id":"https:\/\/jarchaespanol.com\/#organization","name":"Jarcha Espa\u00f1ol","url":"https:\/\/jarchaespanol.com\/","logo":{"@type":"ImageObject","inLanguage":"fr-FR","@id":"https:\/\/jarchaespanol.com\/#\/schema\/logo\/image\/","url":"https:\/\/jarchaespanol.com\/wp-content\/uploads\/2022\/03\/logo-factura-2.png","contentUrl":"https:\/\/jarchaespanol.com\/wp-content\/uploads\/2022\/03\/logo-factura-2.png","width":474,"height":177,"caption":"Jarcha Espa\u00f1ol"},"image":{"@id":"https:\/\/jarchaespanol.com\/#\/schema\/logo\/image\/"}}]}},"_links":{"self":[{"href":"https:\/\/jarchaespanol.com\/fr\/wp-json\/wp\/v2\/product\/5608","targetHints":{"allow":["GET"]}}],"collection":[{"href":"https:\/\/jarchaespanol.com\/fr\/wp-json\/wp\/v2\/product"}],"about":[{"href":"https:\/\/jarchaespanol.com\/fr\/wp-json\/wp\/v2\/types\/product"}],"replies":[{"embeddable":true,"href":"https:\/\/jarchaespanol.com\/fr\/wp-json\/wp\/v2\/comments?post=5608"}],"wp:featuredmedia":[{"embeddable":true,"href":"https:\/\/jarchaespanol.com\/fr\/wp-json\/wp\/v2\/media\/17539"}],"wp:attachment":[{"href":"https:\/\/jarchaespanol.com\/fr\/wp-json\/wp\/v2\/media?parent=5608"}],"wp:term":[{"taxonomy":"product_brand","embeddable":true,"href":"https:\/\/jarchaespanol.com\/fr\/wp-json\/wp\/v2\/product_brand?post=5608"},{"taxonomy":"product_cat","embeddable":true,"href":"https:\/\/jarchaespanol.com\/fr\/wp-json\/wp\/v2\/product_cat?post=5608"},{"taxonomy":"product_tag","embeddable":true,"href":"https:\/\/jarchaespanol.com\/fr\/wp-json\/wp\/v2\/product_tag?post=5608"}],"curies":[{"name":"wp","href":"https:\/\/api.w.org\/{rel}","templated":true}]}}