{"id":5612,"date":"2022-06-13T11:55:45","date_gmt":"2022-06-13T09:55:45","guid":{"rendered":"https:\/\/jarchaespanol.es\/servicios\/non%20class\u00e9\/espagnol-cours-pour-les-entreprises\/"},"modified":"2025-02-18T13:04:43","modified_gmt":"2025-02-18T12:04:43","slug":"espagnol-cours-pour-entreprises","status":"publish","type":"product","link":"https:\/\/jarchaespanol.com\/fr\/servicios\/enseignement\/espagnol-online-pour-entreprises\/espagnol-cours-pour-entreprises\/","title":{"rendered":"Espagnol en ligne &#8211; Cursus pour entreprises en petit groupe"},"content":{"rendered":"<p><span style=\"font-weight: 400;\">Nos cursus suivent les lignes directrices \u00e9tablies par le MCER, norme internationale qui d\u00e9finit les comp\u00e9tences linguistiques que les \u00e9tudiants doivent apprendre pour communiquer efficacement.<\/span><\/p>\n<p>&nbsp;<\/p>\n<p><span style=\"font-weight: 400;\">La dynamique de groupe favorise la r\u00e9alisation <\/span><b>d\u2019exercices interactifs oraux<\/b><span style=\"font-weight: 400;\"> (conversations, d\u00e9bats, simulations de dialogue, etc.) qui permettent de ma\u00eetriser les comp\u00e9tences de communication si n\u00e9cessaires pour interagir avec les clients de mani\u00e8re naturelle et satisfaisante.<\/span><\/p>\n<p><span style=\"font-weight: 400;\">Nous accordons \u00e9galement une attention particuli\u00e8re \u00e0 la <\/span><b>communication commerciale \u00e9crite<\/b><span style=\"font-weight: 400;\">, car c\u2019est le lien qui relie l\u2019entreprise aux clients et aux fournisseurs, et il est indispensable pour la r\u00e9solution de nombreuses op\u00e9rations, C\u2019est pourquoi un paragraphe sp\u00e9cial est consacr\u00e9 \u00e0 l\u2019expression \u00e9crite dans les unit\u00e9s didactiques de chaque cours.<\/span><\/p>\n<p>&nbsp;<\/p>\n<p><strong>Conditions requises<\/strong><\/p>\n<p><span style=\"font-weight: 400;\">Les \u00e9tudiants doivent avoir un <strong>niveau minimum<\/strong> de comp\u00e9tence linguistique en espagnol de <strong>A2<\/strong>.\u00a0<\/span><\/p>\n<p><span style=\"font-weight: 400;\">Nombre maximum d\u2019\u00e9tudiants par groupe\u00a0: 8<\/span><\/p>\n<p>&nbsp;<\/p>\n<div class=\"lightweight-accordion bordered\"><details><summary class=\"lightweight-accordion-title\"><span><strong>NIVEAU INTERM\u00c9DIAIRE B1<\/strong><\/span><\/summary><div class=\"lightweight-accordion-body\"><p><span style=\"font-weight: 400;\">Le prix du cours comprend du mat\u00e9riel didactique en format word, jpg et pdf et des ressources multim\u00e9dias en libre acc\u00e8s.<\/span><\/p>\n<p>&nbsp;<\/p>\n<p><a class=\"btn btn-jarcha\" href=\"https:\/\/jarchaespanol.com\/wp-content\/uploads\/2022\/06\/temporalizacion_contenidos_b1.pdf\" target=\"_blank\" rel=\"noopener\"><span style=\"font-weight: 400;\"> &gt; Temporisation et contenus<\/span><\/a><\/p>\n<p>&nbsp;<\/p>\n<\/div><\/details><\/div>\n<div class=\"lightweight-accordion bordered\"><details><summary class=\"lightweight-accordion-title\"><span><strong>NIVEAU INTERM\u00c9DIAIRE B2<\/strong><\/span><\/summary><div class=\"lightweight-accordion-body\"><p><span style=\"font-weight: 400;\">Le prix du cours comprend du mat\u00e9riel didactique en format word, jpg et pdf et des ressources multim\u00e9dias en libre acc\u00e8s.<\/span><\/p>\n<p>&nbsp;<\/p>\n<p><a class=\"btn btn-jarcha\" href=\"https:\/\/jarchaespanol.com\/wp-content\/uploads\/2022\/06\/temporalizacion_contenidos_b2.pdf\" target=\"_blank\" rel=\"noopener\"><span style=\"font-weight: 400;\"> &gt; Temporisation et contenus<\/span><\/a><\/p>\n<p>&nbsp;<\/p>\n<\/div><\/details><\/div>\n<div class=\"lightweight-accordion bordered\"><details><summary class=\"lightweight-accordion-title\"><span><strong>NIVEAU AVANC\u00c9 C1<\/strong><\/span><\/summary><div class=\"lightweight-accordion-body\"><p><span style=\"font-weight: 400;\">Le prix du cours comprend du mat\u00e9riel didactique en format word, jpg et pdf et des ressources multim\u00e9dias en libre acc\u00e8s.<\/span><\/p>\n<p>&nbsp;<\/p>\n<p><a class=\"btn btn-jarcha\" href=\"https:\/\/jarchaespanol.com\/wp-content\/uploads\/2022\/06\/temporalizacion_contenidos_c1.pdf\" target=\"_blank\" rel=\"noopener\"><span style=\"font-weight: 400;\"> &gt; Temporisation et contenus<\/span><\/a><\/p>\n<p>&nbsp;<\/p>\n<\/div><\/details><\/div>\n<p>&nbsp;<\/p>\n<p><strong><a style=\"color: #993366;\" href=\"https:\/\/jarchaespanol.com\/fr\/formulario-inscripcion-empresas\/\">Formulaire d&rsquo;inscription pour les enterprises<br \/>\n<\/a><\/strong><\/p>\n<p>&nbsp;<\/p>\n<p><b>Test de niveau<\/b><br \/>\n<a class=\"btn btn-jarcha\" href=\"https:\/\/docs.google.com\/forms\/d\/e\/1FAIpQLScMyzM92U1yRd7pyrAY6iNldme-eUzGKpzMkl9ZJUN072zVHw\/viewform?usp=sf_link\" target=\"_blank\" rel=\"noopener\"><span style=\"font-weight: 400;\"><i class=\"vc_btn3-icon fas fa-user-graduate\"><\/i> A1 <\/span><\/a> <a class=\"btn btn-jarcha\" href=\"https:\/\/docs.google.com\/forms\/d\/e\/1FAIpQLSctisEsdQt-A4UJe0KuWHLCDoTzLtXFWelAQNoauRGeyPcSUg\/viewform?usp=sf_link\" target=\"_blank\" rel=\"noopener\"><span style=\"font-weight: 400;\"><i class=\"vc_btn3-icon fas fa-user-graduate\"><\/i> A2 <\/span><\/a> <a class=\"btn btn-jarcha\" href=\"https:\/\/docs.google.com\/forms\/d\/e\/1FAIpQLSdNGeGMzvjiXYDQWm0ySq6zpqES6g3MFOjMnaYxYUgCeI3M7A\/viewform?usp=sf_link\" target=\"_blank\" rel=\"noopener\"><span style=\"font-weight: 400;\"><i class=\"vc_btn3-icon fas fa-user-graduate\"><\/i> B1 <\/span><\/a> <a class=\"btn btn-jarcha\" href=\"https:\/\/docs.google.com\/forms\/d\/e\/1FAIpQLSfHj2JP1zE2D1FUPS_FbH0zTUNzAJ1CEopeBKifrEwm5nMmsw\/viewform?usp=sf_link\" target=\"_blank\" rel=\"noopener\"><span style=\"font-weight: 400;\"><i class=\"vc_btn3-icon fas fa-user-graduate\"><\/i> B2 <\/span><\/a> <a class=\"btn btn-jarcha\" href=\"https:\/\/docs.google.com\/forms\/d\/e\/1FAIpQLSeUgWtLVaOwNh7sbMlg0a7C-zQG3OhJkbzS22VtItOdw6IVCQ\/viewform?usp=sf_link\" target=\"_blank\" rel=\"noopener\"><span style=\"font-weight: 400;\"><i class=\"vc_btn3-icon fas fa-user-graduate\"><\/i> C1 <\/span><\/a> <a class=\"btn btn-jarcha\" href=\"https:\/\/docs.google.com\/forms\/d\/e\/1FAIpQLScMlqLbAih6VOcu6jaiNdpp6wh9zkimMY9El8kqYbHZaRVInw\/viewform?usp=sf_link\" target=\"_blank\" rel=\"noopener\"><span style=\"font-weight: 400;\"><i class=\"vc_btn3-icon fas fa-user-graduate\"><\/i> C2 <\/span><\/a><\/p>\n","protected":false},"excerpt":{"rendered":"<div class=\"page\" title=\"Page 15\">\n<div class=\"layoutArea\">\n<div class=\"column\">\n<p>Re\u0301solvez des situations re\u0301elles de communication dans votre activite\u0301 professionnelle<\/p>\n<\/div>\n<\/div>\n<\/div>\n","protected":false},"featured_media":17524,"comment_status":"open","ping_status":"closed","template":"","meta":{"inline_featured_image":false,"_joinchat":[]},"product_brand":[],"product_cat":[449,455],"product_tag":[],"class_list":{"0":"post-5612","1":"product","2":"type-product","3":"status-publish","4":"has-post-thumbnail","6":"product_cat-enseignement","7":"product_cat-espagnol-online-pour-entreprises","9":"first","10":"instock","11":"shipping-taxable","12":"purchasable","13":"product-type-variable-subscription"},"yoast_head":"<!-- This site is optimized with the Yoast SEO plugin v26.8 - https:\/\/yoast.com\/product\/yoast-seo-wordpress\/ -->\n<title>Espagnol en ligne - Cursus pour entreprises en petit groupe - Jarcha Espa\u00f1ol<\/title>\n<meta name=\"description\" content=\"Espagnol en ligne - Cursus pour entreprises en petit groupe - Jarcha Espa\u00f1ol - Espa\u00f1ol como Lengua Extranjera. Clases de espa\u00f1ol online.\" \/>\n<meta name=\"robots\" content=\"index, follow, max-snippet:-1, max-image-preview:large, max-video-preview:-1\" \/>\n<link rel=\"canonical\" href=\"https:\/\/jarchaespanol.com\/fr\/servicios\/enseignement\/espagnol-online-pour-entreprises\/espagnol-cours-pour-entreprises\/\" \/>\n<meta property=\"og:locale\" content=\"fr_FR\" \/>\n<meta property=\"og:type\" content=\"article\" \/>\n<meta property=\"og:title\" content=\"Espagnol en ligne - Cursus pour entreprises en petit groupe - Jarcha Espa\u00f1ol\" \/>\n<meta property=\"og:description\" content=\"Espagnol en ligne - Cursus pour entreprises en petit groupe - Jarcha Espa\u00f1ol - Espa\u00f1ol como Lengua Extranjera. Clases de espa\u00f1ol online.\" \/>\n<meta property=\"og:url\" content=\"https:\/\/jarchaespanol.com\/fr\/servicios\/enseignement\/espagnol-online-pour-entreprises\/espagnol-cours-pour-entreprises\/\" \/>\n<meta property=\"og:site_name\" content=\"Jarcha Espa\u00f1ol\" \/>\n<meta property=\"article:modified_time\" content=\"2025-02-18T12:04:43+00:00\" \/>\n<meta property=\"og:image\" content=\"https:\/\/jarchaespanol.com\/wp-content\/uploads\/2022\/06\/EMPRESA-GRUPO-REDUCIDO-1.jpg\" \/>\n\t<meta property=\"og:image:width\" content=\"900\" \/>\n\t<meta property=\"og:image:height\" content=\"831\" \/>\n\t<meta property=\"og:image:type\" content=\"image\/jpeg\" \/>\n<meta name=\"twitter:card\" content=\"summary_large_image\" \/>\n<script type=\"application\/ld+json\" class=\"yoast-schema-graph\">{\"@context\":\"https:\/\/schema.org\",\"@graph\":[{\"@type\":\"WebPage\",\"@id\":\"https:\/\/jarchaespanol.com\/fr\/servicios\/enseignement\/espagnol-online-pour-entreprises\/espagnol-cours-pour-entreprises\/\",\"url\":\"https:\/\/jarchaespanol.com\/fr\/servicios\/enseignement\/espagnol-online-pour-entreprises\/espagnol-cours-pour-entreprises\/\",\"name\":\"Espagnol en ligne - Cursus pour entreprises en petit groupe - Jarcha Espa\u00f1ol\",\"isPartOf\":{\"@id\":\"https:\/\/jarchaespanol.com\/#website\"},\"primaryImageOfPage\":{\"@id\":\"https:\/\/jarchaespanol.com\/fr\/servicios\/enseignement\/espagnol-online-pour-entreprises\/espagnol-cours-pour-entreprises\/#primaryimage\"},\"image\":{\"@id\":\"https:\/\/jarchaespanol.com\/fr\/servicios\/enseignement\/espagnol-online-pour-entreprises\/espagnol-cours-pour-entreprises\/#primaryimage\"},\"thumbnailUrl\":\"https:\/\/jarchaespanol.com\/wp-content\/uploads\/2022\/06\/EMPRESA-GRUPO-REDUCIDO-1.jpg\",\"datePublished\":\"2022-06-13T09:55:45+00:00\",\"dateModified\":\"2025-02-18T12:04:43+00:00\",\"description\":\"Espagnol en ligne - Cursus pour entreprises en petit groupe - Jarcha Espa\u00f1ol - Espa\u00f1ol como Lengua Extranjera. Clases de espa\u00f1ol online.\",\"breadcrumb\":{\"@id\":\"https:\/\/jarchaespanol.com\/fr\/servicios\/enseignement\/espagnol-online-pour-entreprises\/espagnol-cours-pour-entreprises\/#breadcrumb\"},\"inLanguage\":\"fr-FR\",\"potentialAction\":[{\"@type\":\"ReadAction\",\"target\":[\"https:\/\/jarchaespanol.com\/fr\/servicios\/enseignement\/espagnol-online-pour-entreprises\/espagnol-cours-pour-entreprises\/\"]}]},{\"@type\":\"ImageObject\",\"inLanguage\":\"fr-FR\",\"@id\":\"https:\/\/jarchaespanol.com\/fr\/servicios\/enseignement\/espagnol-online-pour-entreprises\/espagnol-cours-pour-entreprises\/#primaryimage\",\"url\":\"https:\/\/jarchaespanol.com\/wp-content\/uploads\/2022\/06\/EMPRESA-GRUPO-REDUCIDO-1.jpg\",\"contentUrl\":\"https:\/\/jarchaespanol.com\/wp-content\/uploads\/2022\/06\/EMPRESA-GRUPO-REDUCIDO-1.jpg\",\"width\":900,\"height\":831,\"caption\":\"Young business people sitting together at the table, looking at laptop and discussing\"},{\"@type\":\"BreadcrumbList\",\"@id\":\"https:\/\/jarchaespanol.com\/fr\/servicios\/enseignement\/espagnol-online-pour-entreprises\/espagnol-cours-pour-entreprises\/#breadcrumb\",\"itemListElement\":[{\"@type\":\"ListItem\",\"position\":1,\"name\":\"Home\",\"item\":\"https:\/\/jarchaespanol.com\/\"},{\"@type\":\"ListItem\",\"position\":2,\"name\":\"Boutique\",\"item\":\"https:\/\/jarchaespanol.com\/tienda\/\"},{\"@type\":\"ListItem\",\"position\":3,\"name\":\"Espagnol en ligne &#8211; Cursus pour entreprises en petit groupe\"}]},{\"@type\":\"WebSite\",\"@id\":\"https:\/\/jarchaespanol.com\/#website\",\"url\":\"https:\/\/jarchaespanol.com\/\",\"name\":\"Jarcha Espa\u00f1ol\",\"description\":\"Plataforma en l\u00ednea especializada en la comunicaci\u00f3n y en la formaci\u00f3n en espa\u00f1ol. Aprende espa\u00f1ol online.\",\"publisher\":{\"@id\":\"https:\/\/jarchaespanol.com\/#organization\"},\"potentialAction\":[{\"@type\":\"SearchAction\",\"target\":{\"@type\":\"EntryPoint\",\"urlTemplate\":\"https:\/\/jarchaespanol.com\/?s={search_term_string}\"},\"query-input\":{\"@type\":\"PropertyValueSpecification\",\"valueRequired\":true,\"valueName\":\"search_term_string\"}}],\"inLanguage\":\"fr-FR\"},{\"@type\":\"Organization\",\"@id\":\"https:\/\/jarchaespanol.com\/#organization\",\"name\":\"Jarcha Espa\u00f1ol\",\"url\":\"https:\/\/jarchaespanol.com\/\",\"logo\":{\"@type\":\"ImageObject\",\"inLanguage\":\"fr-FR\",\"@id\":\"https:\/\/jarchaespanol.com\/#\/schema\/logo\/image\/\",\"url\":\"https:\/\/jarchaespanol.com\/wp-content\/uploads\/2022\/03\/logo-factura-2.png\",\"contentUrl\":\"https:\/\/jarchaespanol.com\/wp-content\/uploads\/2022\/03\/logo-factura-2.png\",\"width\":474,\"height\":177,\"caption\":\"Jarcha Espa\u00f1ol\"},\"image\":{\"@id\":\"https:\/\/jarchaespanol.com\/#\/schema\/logo\/image\/\"}}]}<\/script>\n<!-- \/ Yoast SEO plugin. -->","yoast_head_json":{"title":"Espagnol en ligne - Cursus pour entreprises en petit groupe - Jarcha Espa\u00f1ol","description":"Espagnol en ligne - Cursus pour entreprises en petit groupe - Jarcha Espa\u00f1ol - Espa\u00f1ol como Lengua Extranjera. Clases de espa\u00f1ol online.","robots":{"index":"index","follow":"follow","max-snippet":"max-snippet:-1","max-image-preview":"max-image-preview:large","max-video-preview":"max-video-preview:-1"},"canonical":"https:\/\/jarchaespanol.com\/fr\/servicios\/enseignement\/espagnol-online-pour-entreprises\/espagnol-cours-pour-entreprises\/","og_locale":"fr_FR","og_type":"article","og_title":"Espagnol en ligne - Cursus pour entreprises en petit groupe - Jarcha Espa\u00f1ol","og_description":"Espagnol en ligne - Cursus pour entreprises en petit groupe - Jarcha Espa\u00f1ol - Espa\u00f1ol como Lengua Extranjera. Clases de espa\u00f1ol online.","og_url":"https:\/\/jarchaespanol.com\/fr\/servicios\/enseignement\/espagnol-online-pour-entreprises\/espagnol-cours-pour-entreprises\/","og_site_name":"Jarcha Espa\u00f1ol","article_modified_time":"2025-02-18T12:04:43+00:00","og_image":[{"width":900,"height":831,"url":"https:\/\/jarchaespanol.com\/wp-content\/uploads\/2022\/06\/EMPRESA-GRUPO-REDUCIDO-1.jpg","type":"image\/jpeg"}],"twitter_card":"summary_large_image","schema":{"@context":"https:\/\/schema.org","@graph":[{"@type":"WebPage","@id":"https:\/\/jarchaespanol.com\/fr\/servicios\/enseignement\/espagnol-online-pour-entreprises\/espagnol-cours-pour-entreprises\/","url":"https:\/\/jarchaespanol.com\/fr\/servicios\/enseignement\/espagnol-online-pour-entreprises\/espagnol-cours-pour-entreprises\/","name":"Espagnol en ligne - Cursus pour entreprises en petit groupe - Jarcha Espa\u00f1ol","isPartOf":{"@id":"https:\/\/jarchaespanol.com\/#website"},"primaryImageOfPage":{"@id":"https:\/\/jarchaespanol.com\/fr\/servicios\/enseignement\/espagnol-online-pour-entreprises\/espagnol-cours-pour-entreprises\/#primaryimage"},"image":{"@id":"https:\/\/jarchaespanol.com\/fr\/servicios\/enseignement\/espagnol-online-pour-entreprises\/espagnol-cours-pour-entreprises\/#primaryimage"},"thumbnailUrl":"https:\/\/jarchaespanol.com\/wp-content\/uploads\/2022\/06\/EMPRESA-GRUPO-REDUCIDO-1.jpg","datePublished":"2022-06-13T09:55:45+00:00","dateModified":"2025-02-18T12:04:43+00:00","description":"Espagnol en ligne - Cursus pour entreprises en petit groupe - Jarcha Espa\u00f1ol - Espa\u00f1ol como Lengua Extranjera. Clases de espa\u00f1ol online.","breadcrumb":{"@id":"https:\/\/jarchaespanol.com\/fr\/servicios\/enseignement\/espagnol-online-pour-entreprises\/espagnol-cours-pour-entreprises\/#breadcrumb"},"inLanguage":"fr-FR","potentialAction":[{"@type":"ReadAction","target":["https:\/\/jarchaespanol.com\/fr\/servicios\/enseignement\/espagnol-online-pour-entreprises\/espagnol-cours-pour-entreprises\/"]}]},{"@type":"ImageObject","inLanguage":"fr-FR","@id":"https:\/\/jarchaespanol.com\/fr\/servicios\/enseignement\/espagnol-online-pour-entreprises\/espagnol-cours-pour-entreprises\/#primaryimage","url":"https:\/\/jarchaespanol.com\/wp-content\/uploads\/2022\/06\/EMPRESA-GRUPO-REDUCIDO-1.jpg","contentUrl":"https:\/\/jarchaespanol.com\/wp-content\/uploads\/2022\/06\/EMPRESA-GRUPO-REDUCIDO-1.jpg","width":900,"height":831,"caption":"Young business people sitting together at the table, looking at laptop and discussing"},{"@type":"BreadcrumbList","@id":"https:\/\/jarchaespanol.com\/fr\/servicios\/enseignement\/espagnol-online-pour-entreprises\/espagnol-cours-pour-entreprises\/#breadcrumb","itemListElement":[{"@type":"ListItem","position":1,"name":"Home","item":"https:\/\/jarchaespanol.com\/"},{"@type":"ListItem","position":2,"name":"Boutique","item":"https:\/\/jarchaespanol.com\/tienda\/"},{"@type":"ListItem","position":3,"name":"Espagnol en ligne &#8211; Cursus pour entreprises en petit groupe"}]},{"@type":"WebSite","@id":"https:\/\/jarchaespanol.com\/#website","url":"https:\/\/jarchaespanol.com\/","name":"Jarcha Espa\u00f1ol","description":"Plataforma en l\u00ednea especializada en la comunicaci\u00f3n y en la formaci\u00f3n en espa\u00f1ol. Aprende espa\u00f1ol online.","publisher":{"@id":"https:\/\/jarchaespanol.com\/#organization"},"potentialAction":[{"@type":"SearchAction","target":{"@type":"EntryPoint","urlTemplate":"https:\/\/jarchaespanol.com\/?s={search_term_string}"},"query-input":{"@type":"PropertyValueSpecification","valueRequired":true,"valueName":"search_term_string"}}],"inLanguage":"fr-FR"},{"@type":"Organization","@id":"https:\/\/jarchaespanol.com\/#organization","name":"Jarcha Espa\u00f1ol","url":"https:\/\/jarchaespanol.com\/","logo":{"@type":"ImageObject","inLanguage":"fr-FR","@id":"https:\/\/jarchaespanol.com\/#\/schema\/logo\/image\/","url":"https:\/\/jarchaespanol.com\/wp-content\/uploads\/2022\/03\/logo-factura-2.png","contentUrl":"https:\/\/jarchaespanol.com\/wp-content\/uploads\/2022\/03\/logo-factura-2.png","width":474,"height":177,"caption":"Jarcha Espa\u00f1ol"},"image":{"@id":"https:\/\/jarchaespanol.com\/#\/schema\/logo\/image\/"}}]}},"_links":{"self":[{"href":"https:\/\/jarchaespanol.com\/fr\/wp-json\/wp\/v2\/product\/5612","targetHints":{"allow":["GET"]}}],"collection":[{"href":"https:\/\/jarchaespanol.com\/fr\/wp-json\/wp\/v2\/product"}],"about":[{"href":"https:\/\/jarchaespanol.com\/fr\/wp-json\/wp\/v2\/types\/product"}],"replies":[{"embeddable":true,"href":"https:\/\/jarchaespanol.com\/fr\/wp-json\/wp\/v2\/comments?post=5612"}],"wp:featuredmedia":[{"embeddable":true,"href":"https:\/\/jarchaespanol.com\/fr\/wp-json\/wp\/v2\/media\/17524"}],"wp:attachment":[{"href":"https:\/\/jarchaespanol.com\/fr\/wp-json\/wp\/v2\/media?parent=5612"}],"wp:term":[{"taxonomy":"product_brand","embeddable":true,"href":"https:\/\/jarchaespanol.com\/fr\/wp-json\/wp\/v2\/product_brand?post=5612"},{"taxonomy":"product_cat","embeddable":true,"href":"https:\/\/jarchaespanol.com\/fr\/wp-json\/wp\/v2\/product_cat?post=5612"},{"taxonomy":"product_tag","embeddable":true,"href":"https:\/\/jarchaespanol.com\/fr\/wp-json\/wp\/v2\/product_tag?post=5612"}],"curies":[{"name":"wp","href":"https:\/\/api.w.org\/{rel}","templated":true}]}}