{"id":10660,"date":"2022-07-12T04:08:12","date_gmt":"2022-07-12T02:08:12","guid":{"rendered":"https:\/\/jarchaespanol.com\/spagnolo-in-presenza-per-gruppi\/"},"modified":"2025-08-07T23:59:12","modified_gmt":"2025-08-07T21:59:12","slug":"spagnolo-in-presenza-per-gruppi","status":"publish","type":"page","link":"https:\/\/jarchaespanol.com\/it\/spagnolo-in-presenza-per-gruppi\/","title":{"rendered":"Corso di lingua e cultura spagnole per gruppi"},"content":{"rendered":"<p>[vc_row u_row_style=&#8221;0&#8243; u_row_paralax=&#8221;0&#8243; u_row_scheme=&#8221;0&#8243; css=&#8221;.vc_custom_1652260288089{margin-bottom: 0px !important;}&#8221;][vc_column css=&#8221;.vc_custom_1652260273107{margin-bottom: 0px !important;padding-bottom: 15px !important;}&#8221;][vc_column_text]A Jarcha Espa\u00f1ol, o\ufb00riamo programmi collettivi di <strong>lingua e cultura spagnola<\/strong> adattati alla durata del soggiorno di ogni gruppo a Vigo. Progettiamo il programma in base alle vostre esigenze e obiettivi specifici per o\ufb00rirvi un&#8217;esperienza educativa unica.[\/vc_column_text][vc_message]Lezioni disponibile tutto l\u2019anno[\/vc_message][\/vc_column][\/vc_row][vc_row][vc_column][vc_custom_heading text=&#8221;Profilo dei partecipanti&#8221; google_fonts=&#8221;font_family:Source%20Sans%20Pro%3A200%2C200italic%2C300%2C300italic%2Cregular%2Citalic%2C600%2C600italic%2C700%2C700italic%2C900%2C900italic|font_style:600%20bold%20regular%3A600%3Anormal&#8221; css=&#8221;.vc_custom_1702494135887{padding-bottom: 15px !important;}&#8221;][vc_column_text]<\/p>\n<ul>\n<li><b>Gruppi di studenti in viaggi scolastici (campi linguistici, scambi e viaggi di fine anno)<\/b><span style=\"font-weight: 400;\"> con l&#8217;obiettivo di migliorare le loro competenze linguistiche in spagnolo in modo pratico e partecipativo in un contesto educativo e culturale. Il programma \u00e8 sviluppato in linea con il curriculum scolastico di ogni istituto.<\/span><\/li>\n<li><b>Atleti e squadre multidisciplinari<\/b><span style=\"font-weight: 400;\">, per ottimizzare la loro comunicazione in ambienti di lingua spagnola legati alle attivit\u00e0 sportive: formazione, allenamenti, concentrazioni, partecipazione a competizioni, incontri amichevoli, immersione culturale o programmi di scambio sportivo.<\/span><\/li>\n<li><span style=\"font-weight: 400;\"><strong>Associazioni culturali, ricreative, ambientali, di quartiere, ecc.,<\/strong> interessate a esplorare la cultura e la natura locali e la lingua spagnola pi\u00f9 a fondo durante il loro soggiorno a Vigo.<\/span><\/li>\n<li><strong>Gruppi privati di familiari e amici<\/strong> che desiderano aggiungere un corso di spagnolo su misura alle loro esigenze durante la visita a questa citt\u00e0 galiziana.<\/li>\n<li><b>Team aziendali<\/b><span style=\"font-weight: 400;\"> che cercano di rafforzare la comunicazione in spagnolo nel contesto delle relazioni lavorative o di ampliare le loro competenze linguistiche in un contesto aziendale.<\/span><\/li>\n<\/ul>\n<p>[\/vc_column_text][vc_single_image image=&#8221;10593&#8243; img_size=&#8221;large&#8221;][\/vc_column][\/vc_row][vc_row][vc_column css=&#8221;.vc_custom_1648120674462{padding-bottom: 15px !important;}&#8221;][vc_custom_heading text=&#8221;Metodologia personalizzata&#8221; google_fonts=&#8221;font_family:Source%20Sans%20Pro%3A200%2C200italic%2C300%2C300italic%2Cregular%2Citalic%2C600%2C600italic%2C700%2C700italic%2C900%2C900italic|font_style:600%20bold%20regular%3A600%3Anormal&#8221; css=&#8221;.vc_custom_1702494210503{padding-bottom: 15px !important;}&#8221;][vc_column_text css=&#8221;.vc_custom_1702495596323{padding-bottom: 15px !important;}&#8221;]<span style=\"font-weight: 400;\">Il programma didattico \u00e8 progettato su misura per gli <\/span><b>obiettivi<\/b><span style=\"font-weight: 400;\"> formativi e la <\/span><b>durata<\/b><span style=\"font-weight: 400;\"> del soggiorno. Forniamo una <\/span><b>pianificazione flessibile delle lezioni<\/b><span style=\"font-weight: 400;\"> compatibile con gli orari dei gruppi e un <\/span><b>supporto <\/b><span style=\"font-weight: 400;\">costante e <\/span><b>personalizzato <\/b><span style=\"font-weight: 400;\">per ogni studente.<\/span>[\/vc_column_text][vc_media_grid grid_id=&#8221;vc_gid:1754580410545-ec3100b99280b592b88645aa3bd0526e-2&#8243; include=&#8221;10599,10604,10610&#8243; css=&#8221;.vc_custom_1702495604202{padding-bottom: 15px !important;}&#8221;][vc_custom_heading text=&#8221;Esperienza integrata&#8221; google_fonts=&#8221;font_family:Source%20Sans%20Pro%3A200%2C200italic%2C300%2C300italic%2Cregular%2Citalic%2C600%2C600italic%2C700%2C700italic%2C900%2C900italic|font_style:600%20bold%20regular%3A600%3Anormal&#8221; css=&#8221;.vc_custom_1702494249735{padding-bottom: 15px !important;}&#8221;][vc_column_text css=&#8221;.vc_custom_1718303074418{padding-bottom: 15px !important;}&#8221;]<span style=\"font-weight: 400;\">I nostri corsi personalizzati permettono agli studenti di <\/span><b>combinare <\/b><span style=\"font-weight: 400;\">l&#8217;apprendimento dello spagnolo in loco con lo scopo principale del loro soggiorno a Vigo. Questa <\/span><b>immersione simultanea<\/b><span style=\"font-weight: 400;\"> offre loro l&#8217;opportunit\u00e0 di sviluppare competenze di base per l&#8217;uso immediato dello spagnolo in situazioni quotidiane (livello principiante) o di approfondire concetti linguistici pi\u00f9 complessi e teorici (livelli intermedio e avanzato).<\/span>[\/vc_column_text][vc_custom_heading text=&#8221;Benefici&#8221; google_fonts=&#8221;font_family:Source%20Sans%20Pro%3A200%2C200italic%2C300%2C300italic%2Cregular%2Citalic%2C600%2C600italic%2C700%2C700italic%2C900%2C900italic|font_style:600%20bold%20regular%3A600%3Anormal&#8221; css=&#8221;.vc_custom_1702494294278{padding-bottom: 15px !important;}&#8221;][vc_column_text css=&#8221;.vc_custom_1702495625580{padding-bottom: 15px !important;}&#8221;]<span style=\"font-weight: 400;\">Il nostro approccio educativo offre un&#8217;esperienza pratica che <\/span><b>arricchisce<\/b><span style=\"font-weight: 400;\"> significativamente la qualit\u00e0 del soggiorno. Incorporando elementi linguistici, sociali e culturali direttamente nella formazione, offriamo ai partecipanti la possibilit\u00e0 di integrare completamente la <\/span><b>lingua spagnola<\/b><span style=\"font-weight: 400;\"> e le <\/span><b>peculiarit\u00e0 locali<\/b><span style=\"font-weight: 400;\"> durante il loro soggiorno a Vigo.<\/span>[\/vc_column_text][vc_single_image image=&#8221;10616&#8243; img_size=&#8221;large&#8221;][vc_custom_heading text=&#8221;Progettazione personalizzata per un&apos;esperienza unica&#8221; google_fonts=&#8221;font_family:Source%20Sans%20Pro%3A200%2C200italic%2C300%2C300italic%2Cregular%2Citalic%2C600%2C600italic%2C700%2C700italic%2C900%2C900italic|font_style:600%20bold%20regular%3A600%3Anormal&#8221; css=&#8221;.vc_custom_1702494312357{padding-bottom: 15px !important;}&#8221;][vc_column_text css=&#8221;.vc_custom_1729698730864{margin-bottom: 0px !important;padding-bottom: 0px !important;}&#8221;]<span style=\"font-weight: 400;\">Da Jarcha Espa\u00f1ol, riconosciamo l&#8217;<\/span><b>unicit\u00e0 di ogni esperienza<\/b><span style=\"font-weight: 400;\"> e comprendiamo che le esigenze educative variano. Per questo offriamo la possibilit\u00e0 di progettare un <\/span><b>corso completamente personalizzato<\/b><span style=\"font-weight: 400;\">, adattato specificamente alle caratteristiche e agli obiettivi del tuo gruppo. Che si tratti di un focus pi\u00f9 intensivo sulle competenze linguistiche, di un programma culturale pi\u00f9 approfondito o di qualsiasi altra esigenza specifica, siamo qui per creare l&#8217;esperienza di apprendimento ideale per te.<\/span>[\/vc_column_text][vc_empty_space][\/vc_column][\/vc_row][vc_row][vc_column][vc_custom_heading text=&#8221;Prova di livello&#8221; google_fonts=&#8221;font_family:Source%20Sans%20Pro%3A200%2C200italic%2C300%2C300italic%2Cregular%2Citalic%2C600%2C600italic%2C700%2C700italic%2C900%2C900italic|font_style:600%20bold%20regular%3A600%3Anormal&#8221; css=&#8221;.vc_custom_1753271987284{padding-bottom: 15px !important;}&#8221;][vc_column_text css=&#8221;.vc_custom_1753272141507{margin-bottom: 0px !important;padding-bottom: 0px !important;}&#8221;]<a class=\"btn btn-jarcha\" href=\"https:\/\/docs.google.com\/forms\/d\/e\/1FAIpQLScMyzM92U1yRd7pyrAY6iNldme-eUzGKpzMkl9ZJUN072zVHw\/viewform?usp=sf_link\" target=\"_blank\" rel=\"noopener\"><span style=\"font-weight: 400;\"><i class=\"vc_btn3-icon fas fa-user-graduate\"><\/i> A1 <\/span><\/a> <a class=\"btn btn-jarcha\" href=\"https:\/\/docs.google.com\/forms\/d\/e\/1FAIpQLSctisEsdQt-A4UJe0KuWHLCDoTzLtXFWelAQNoauRGeyPcSUg\/viewform?usp=sf_link\" target=\"_blank\" rel=\"noopener\"><span style=\"font-weight: 400;\"><i class=\"vc_btn3-icon fas fa-user-graduate\"><\/i> A2 <\/span><\/a> <a class=\"btn btn-jarcha\" href=\"https:\/\/docs.google.com\/forms\/d\/e\/1FAIpQLSdNGeGMzvjiXYDQWm0ySq6zpqES6g3MFOjMnaYxYUgCeI3M7A\/viewform?usp=sf_link\" target=\"_blank\" rel=\"noopener\"><span style=\"font-weight: 400;\"><i class=\"vc_btn3-icon fas fa-user-graduate\"><\/i> B1 <\/span><\/a> <a class=\"btn btn-jarcha\" href=\"https:\/\/docs.google.com\/forms\/d\/e\/1FAIpQLSfHj2JP1zE2D1FUPS_FbH0zTUNzAJ1CEopeBKifrEwm5nMmsw\/viewform?usp=sf_link\" target=\"_blank\" rel=\"noopener\"><span style=\"font-weight: 400;\"><i class=\"vc_btn3-icon fas fa-user-graduate\"><\/i> B2 <\/span><\/a> <a class=\"btn btn-jarcha\" href=\"https:\/\/docs.google.com\/forms\/d\/e\/1FAIpQLSeUgWtLVaOwNh7sbMlg0a7C-zQG3OhJkbzS22VtItOdw6IVCQ\/viewform?usp=sf_link\" target=\"_blank\" rel=\"noopener\"><span style=\"font-weight: 400;\"><i class=\"vc_btn3-icon fas fa-user-graduate\"><\/i> C1 <\/span><\/a> <a class=\"btn btn-jarcha\" style=\"margin-bottom: 5px;\" href=\"https:\/\/docs.google.com\/forms\/d\/e\/1FAIpQLScMlqLbAih6VOcu6jaiNdpp6wh9zkimMY9El8kqYbHZaRVInw\/viewform?usp=sf_link\" target=\"_blank\" rel=\"noopener\"><span style=\"font-weight: 400;\"><i class=\"vc_btn3-icon fas fa-user-graduate\"><\/i> C2 <\/span><\/a>[\/vc_column_text][vc_empty_space][vc_column_text css=&#8221;.vc_custom_1754568566421{margin-bottom: 15px !important;padding-bottom: 0px !important;}&#8221;]<\/p>\n<h2><strong>\u00a1<span style=\"color: #8d2237;\">Contattaci <\/span> per discutere delle tue esigenze e progettare insieme il corso e il <span style=\"color: #8d2237;\"> budget <\/span> perfetti per il tuo gruppo a Vigo!<\/strong><\/h2>\n<p>[\/vc_column_text][\/vc_column][\/vc_row][vc_row u_row_style=&#8221;0&#8243; u_row_paralax=&#8221;0&#8243; u_row_scheme=&#8221;0&#8243; css=&#8221;.vc_custom_1680714162367{margin-top: 0px !important;margin-bottom: 0px !important;padding-top: 20px !important;padding-right: 15px !important;padding-bottom: 0px !important;padding-left: 15px !important;background-color: #e9edf1 !important;}&#8221;][vc_column width=&#8221;1\/2&#8243; css=&#8221;.vc_custom_1680714150162{padding-top: 0px !important;}&#8221; el_class=&#8221;no-margin-bottom-mobile&#8221;][vc_single_image image=&#8221;10621&#8243; img_size=&#8221;full&#8221; alignment=&#8221;center&#8221; css_animation=&#8221;bottom-to-top&#8221; css=&#8221;.vc_custom_1702495404932{border-top-width: 0px !important;border-bottom-width: 0px !important;padding-top: 0px !important;padding-bottom: 0px !important;}&#8221;][\/vc_column][vc_column width=&#8221;1\/2&#8243; css=&#8221;.vc_custom_1680714618540{padding-top: 0px !important;}&#8221;][vc_icon icon_fontawesome=&#8221;fas fa-phone-alt&#8221; color=&#8221;white&#8221; background_style=&#8221;rounded&#8221; background_color=&#8221;custom&#8221; custom_background_color=&#8221;#8d2237&#8243; link=&#8221;url:tel%3A0034698196773|&#8221; css=&#8221;.vc_custom_1680714579665{margin-bottom: 15px !important;}&#8221;][vc_column_text css=&#8221;.vc_custom_1754580423195{margin-bottom: 5px !important;padding-top: 0px !important;padding-bottom: 30px !important;}&#8221;][\/vc_column_text][vc_btn title=&#8221;Contatta&#8221; style=&#8221;custom&#8221; custom_background=&#8221;#9a3c4b&#8221; custom_text=&#8221;#ffffff&#8221; size=&#8221;lg&#8221; i_icon_fontawesome=&#8221;fas fa-arrow-right&#8221; add_icon=&#8221;true&#8221; link=&#8221;url:https%3A%2F%2Fjarchaespanol.com%2Fit%2Fcontacta%2F|title:Contatta|&#8221;][\/vc_column][\/vc_row][vc_row][vc_column][vc_empty_space][\/vc_column][\/vc_row][vc_row][vc_column][vc_btn title=&#8221;Modulo di registrazione per entit\u00e0&#8221; color=&#8221;inverse&#8221; size=&#8221;lg&#8221; link=&#8221;url:https%3A%2F%2Fjarchaespanol.com%2Fit%2Fmodulo-di-registrazione-per-entita%2F|title:Modulo%20di%20registrazione%20per%20entit%C3%A0|&#8221; css=&#8221;.vc_custom_1729695502954{margin-right: 5px !important;margin-left: 5px !important;}&#8221;][vc_btn title=&#8221;Modulo di iscrizione per gruppi privati&#8221; color=&#8221;inverse&#8221; size=&#8221;lg&#8221; link=&#8221;url:https%3A%2F%2Fjarchaespanol.com%2Fit%2Fmodulo-di-iscrizione-per-gruppi-privati%2F|title:Modulo%20di%20registrazione%20per%20entit%C3%A0|&#8221; css=&#8221;.vc_custom_1725441292606{margin-right: 5px !important;margin-left: 5px !important;}&#8221;][\/vc_column][\/vc_row][vc_row][vc_column][\/vc_column][\/vc_row]<\/p>\n","protected":false},"excerpt":{"rendered":"<p>[vc_row u_row_style=&#8221;0&#8243; u_row_paralax=&#8221;0&#8243; u_row_scheme=&#8221;0&#8243; css=&#8221;.vc_custom_1652260288089{margin-bottom: 0px !important;}&#8221;][vc_column css=&#8221;.vc_custom_1652260273107{margin-bottom: 0px !important;padding-bottom: 15px !important;}&#8221;][vc_column_text]A Jarcha Espa\u00f1ol, o\ufb00riamo programmi collettivi di lingua e cultura spagnola adattati alla durata del soggiorno di ogni gruppo a Vigo. Progettiamo il programma in base alle vostre esigenze e obiettivi specifici per o\ufb00rirvi un&#8217;esperienza educativa unica.[\/vc_column_text][vc_message]Lezioni disponibile tutto l\u2019anno[\/vc_message][\/vc_column][\/vc_row][vc_row][vc_column][vc_custom_heading text=&#8221;Profilo dei partecipanti&#8221; google_fonts=&#8221;font_family:Source%20Sans%20Pro%3A200%2C200italic%2C300%2C300italic%2Cregular%2Citalic%2C600%2C600italic%2C700%2C700italic%2C900%2C900italic|font_style:600%20bold%20regular%3A600%3Anormal&#8221; [&hellip;]<\/p>\n","protected":false},"author":1,"featured_media":0,"parent":0,"menu_order":0,"comment_status":"closed","ping_status":"closed","template":"","meta":{"inline_featured_image":false,"_joinchat":[],"footnotes":""},"class_list":["post-10660","page","type-page","status-publish","hentry"],"yoast_head":"<!-- This site is optimized with the Yoast SEO plugin v26.8 - https:\/\/yoast.com\/product\/yoast-seo-wordpress\/ -->\n<title>Spagnolo presenziale per collettivi | Jarcha Espa\u00f1ol<\/title>\n<meta name=\"description\" content=\"Apprendimento intensivo di spagnolo nella citt\u00e0 di Vigo (Spagna), per studenti universitari, professionisti e viaggiatori.\" \/>\n<meta name=\"robots\" content=\"index, follow, max-snippet:-1, max-image-preview:large, max-video-preview:-1\" \/>\n<link rel=\"canonical\" href=\"https:\/\/jarchaespanol.com\/it\/spagnolo-in-presenza-per-gruppi\/\" \/>\n<meta property=\"og:locale\" content=\"it_IT\" \/>\n<meta property=\"og:type\" content=\"article\" \/>\n<meta property=\"og:title\" content=\"Spagnolo presenziale per collettivi | Jarcha Espa\u00f1ol\" \/>\n<meta property=\"og:description\" content=\"Apprendimento intensivo di spagnolo nella citt\u00e0 di Vigo (Spagna), per studenti universitari, professionisti e viaggiatori.\" \/>\n<meta property=\"og:url\" content=\"https:\/\/jarchaespanol.com\/espanol-presencial-para-grupos\/\" \/>\n<meta property=\"og:site_name\" content=\"Jarcha Espa\u00f1ol\" \/>\n<meta property=\"article:modified_time\" content=\"2025-08-07T21:59:12+00:00\" \/>\n<meta name=\"twitter:card\" content=\"summary_large_image\" \/>\n<script type=\"application\/ld+json\" class=\"yoast-schema-graph\">{\"@context\":\"https:\/\/schema.org\",\"@graph\":[{\"@type\":\"WebPage\",\"@id\":\"https:\/\/jarchaespanol.com\/espanol-presencial-para-grupos\/\",\"url\":\"https:\/\/jarchaespanol.com\/espanol-presencial-para-grupos\/\",\"name\":\"Spagnolo presenziale per collettivi | Jarcha Espa\u00f1ol\",\"isPartOf\":{\"@id\":\"https:\/\/jarchaespanol.com\/#website\"},\"datePublished\":\"2022-07-12T02:08:12+00:00\",\"dateModified\":\"2025-08-07T21:59:12+00:00\",\"description\":\"Apprendimento intensivo di spagnolo nella citt\u00e0 di Vigo (Spagna), per studenti universitari, professionisti e viaggiatori.\",\"breadcrumb\":{\"@id\":\"https:\/\/jarchaespanol.com\/espanol-presencial-para-grupos\/#breadcrumb\"},\"inLanguage\":\"it-IT\",\"potentialAction\":[{\"@type\":\"ReadAction\",\"target\":[\"https:\/\/jarchaespanol.com\/espanol-presencial-para-grupos\/\"]}]},{\"@type\":\"BreadcrumbList\",\"@id\":\"https:\/\/jarchaespanol.com\/espanol-presencial-para-grupos\/#breadcrumb\",\"itemListElement\":[{\"@type\":\"ListItem\",\"position\":1,\"name\":\"Home\",\"item\":\"https:\/\/jarchaespanol.com\/\"},{\"@type\":\"ListItem\",\"position\":2,\"name\":\"Corso di lingua e cultura spagnole per gruppi\"}]},{\"@type\":\"WebSite\",\"@id\":\"https:\/\/jarchaespanol.com\/#website\",\"url\":\"https:\/\/jarchaespanol.com\/\",\"name\":\"Jarcha Espa\u00f1ol\",\"description\":\"Plataforma en l\u00ednea especializada en la comunicaci\u00f3n y en la formaci\u00f3n en espa\u00f1ol. Aprende espa\u00f1ol online.\",\"publisher\":{\"@id\":\"https:\/\/jarchaespanol.com\/#organization\"},\"potentialAction\":[{\"@type\":\"SearchAction\",\"target\":{\"@type\":\"EntryPoint\",\"urlTemplate\":\"https:\/\/jarchaespanol.com\/?s={search_term_string}\"},\"query-input\":{\"@type\":\"PropertyValueSpecification\",\"valueRequired\":true,\"valueName\":\"search_term_string\"}}],\"inLanguage\":\"it-IT\"},{\"@type\":\"Organization\",\"@id\":\"https:\/\/jarchaespanol.com\/#organization\",\"name\":\"Jarcha Espa\u00f1ol\",\"url\":\"https:\/\/jarchaespanol.com\/\",\"logo\":{\"@type\":\"ImageObject\",\"inLanguage\":\"it-IT\",\"@id\":\"https:\/\/jarchaespanol.com\/#\/schema\/logo\/image\/\",\"url\":\"https:\/\/jarchaespanol.com\/wp-content\/uploads\/2022\/03\/logo-factura-2.png\",\"contentUrl\":\"https:\/\/jarchaespanol.com\/wp-content\/uploads\/2022\/03\/logo-factura-2.png\",\"width\":474,\"height\":177,\"caption\":\"Jarcha Espa\u00f1ol\"},\"image\":{\"@id\":\"https:\/\/jarchaespanol.com\/#\/schema\/logo\/image\/\"}}]}<\/script>\n<!-- \/ Yoast SEO plugin. -->","yoast_head_json":{"title":"Spagnolo presenziale per collettivi | Jarcha Espa\u00f1ol","description":"Apprendimento intensivo di spagnolo nella citt\u00e0 di Vigo (Spagna), per studenti universitari, professionisti e viaggiatori.","robots":{"index":"index","follow":"follow","max-snippet":"max-snippet:-1","max-image-preview":"max-image-preview:large","max-video-preview":"max-video-preview:-1"},"canonical":"https:\/\/jarchaespanol.com\/it\/spagnolo-in-presenza-per-gruppi\/","og_locale":"it_IT","og_type":"article","og_title":"Spagnolo presenziale per collettivi | Jarcha Espa\u00f1ol","og_description":"Apprendimento intensivo di spagnolo nella citt\u00e0 di Vigo (Spagna), per studenti universitari, professionisti e viaggiatori.","og_url":"https:\/\/jarchaespanol.com\/espanol-presencial-para-grupos\/","og_site_name":"Jarcha Espa\u00f1ol","article_modified_time":"2025-08-07T21:59:12+00:00","twitter_card":"summary_large_image","schema":{"@context":"https:\/\/schema.org","@graph":[{"@type":"WebPage","@id":"https:\/\/jarchaespanol.com\/espanol-presencial-para-grupos\/","url":"https:\/\/jarchaespanol.com\/espanol-presencial-para-grupos\/","name":"Spagnolo presenziale per collettivi | Jarcha Espa\u00f1ol","isPartOf":{"@id":"https:\/\/jarchaespanol.com\/#website"},"datePublished":"2022-07-12T02:08:12+00:00","dateModified":"2025-08-07T21:59:12+00:00","description":"Apprendimento intensivo di spagnolo nella citt\u00e0 di Vigo (Spagna), per studenti universitari, professionisti e viaggiatori.","breadcrumb":{"@id":"https:\/\/jarchaespanol.com\/espanol-presencial-para-grupos\/#breadcrumb"},"inLanguage":"it-IT","potentialAction":[{"@type":"ReadAction","target":["https:\/\/jarchaespanol.com\/espanol-presencial-para-grupos\/"]}]},{"@type":"BreadcrumbList","@id":"https:\/\/jarchaespanol.com\/espanol-presencial-para-grupos\/#breadcrumb","itemListElement":[{"@type":"ListItem","position":1,"name":"Home","item":"https:\/\/jarchaespanol.com\/"},{"@type":"ListItem","position":2,"name":"Corso di lingua e cultura spagnole per gruppi"}]},{"@type":"WebSite","@id":"https:\/\/jarchaespanol.com\/#website","url":"https:\/\/jarchaespanol.com\/","name":"Jarcha Espa\u00f1ol","description":"Plataforma en l\u00ednea especializada en la comunicaci\u00f3n y en la formaci\u00f3n en espa\u00f1ol. Aprende espa\u00f1ol online.","publisher":{"@id":"https:\/\/jarchaespanol.com\/#organization"},"potentialAction":[{"@type":"SearchAction","target":{"@type":"EntryPoint","urlTemplate":"https:\/\/jarchaespanol.com\/?s={search_term_string}"},"query-input":{"@type":"PropertyValueSpecification","valueRequired":true,"valueName":"search_term_string"}}],"inLanguage":"it-IT"},{"@type":"Organization","@id":"https:\/\/jarchaespanol.com\/#organization","name":"Jarcha Espa\u00f1ol","url":"https:\/\/jarchaespanol.com\/","logo":{"@type":"ImageObject","inLanguage":"it-IT","@id":"https:\/\/jarchaespanol.com\/#\/schema\/logo\/image\/","url":"https:\/\/jarchaespanol.com\/wp-content\/uploads\/2022\/03\/logo-factura-2.png","contentUrl":"https:\/\/jarchaespanol.com\/wp-content\/uploads\/2022\/03\/logo-factura-2.png","width":474,"height":177,"caption":"Jarcha Espa\u00f1ol"},"image":{"@id":"https:\/\/jarchaespanol.com\/#\/schema\/logo\/image\/"}}]}},"_links":{"self":[{"href":"https:\/\/jarchaespanol.com\/it\/wp-json\/wp\/v2\/pages\/10660","targetHints":{"allow":["GET"]}}],"collection":[{"href":"https:\/\/jarchaespanol.com\/it\/wp-json\/wp\/v2\/pages"}],"about":[{"href":"https:\/\/jarchaespanol.com\/it\/wp-json\/wp\/v2\/types\/page"}],"author":[{"embeddable":true,"href":"https:\/\/jarchaespanol.com\/it\/wp-json\/wp\/v2\/users\/1"}],"replies":[{"embeddable":true,"href":"https:\/\/jarchaespanol.com\/it\/wp-json\/wp\/v2\/comments?post=10660"}],"version-history":[{"count":10,"href":"https:\/\/jarchaespanol.com\/it\/wp-json\/wp\/v2\/pages\/10660\/revisions"}],"predecessor-version":[{"id":18497,"href":"https:\/\/jarchaespanol.com\/it\/wp-json\/wp\/v2\/pages\/10660\/revisions\/18497"}],"wp:attachment":[{"href":"https:\/\/jarchaespanol.com\/it\/wp-json\/wp\/v2\/media?parent=10660"}],"curies":[{"name":"wp","href":"https:\/\/api.w.org\/{rel}","templated":true}]}}