{"id":16929,"date":"2022-07-12T04:08:12","date_gmt":"2022-07-12T02:08:12","guid":{"rendered":"https:\/\/jarchaespanol.com\/ccse\/"},"modified":"2025-06-03T19:40:30","modified_gmt":"2025-06-03T17:40:30","slug":"ccse","status":"publish","type":"page","link":"https:\/\/jarchaespanol.com\/it\/ccse\/","title":{"rendered":"CCSE"},"content":{"rendered":"<p>[vc_row][vc_column css=&#8221;.vc_custom_1648122332553{padding-bottom: 15px !important;}&#8221;][vc_custom_heading text=&#8221;Cos\u2019\u00e8 il CCSE?&#8221; google_fonts=&#8221;font_family:Source%20Sans%20Pro%3A200%2C200italic%2C300%2C300italic%2Cregular%2Citalic%2C600%2C600italic%2C700%2C700italic%2C900%2C900italic|font_style:600%20bold%20regular%3A600%3Anormal&#8221; css=&#8221;.vc_custom_1748590671329{padding-bottom: 15px !important;}&#8221;][vc_column_text css=&#8221;.vc_custom_1748590820625{margin-bottom: 15px !important;}&#8221;]Il <strong>CCSE<\/strong> (Conoscenze Costituzionali e Socioculturali della Spagna) \u00e8 un esame ufficiale sviluppato dall\u2019<strong>Instituto Cervantes<\/strong>, obbligatorio per chi desidera ottenere la <strong>nazionalit\u00e0 spagnola<\/strong>.<\/p>\n<p>Il test valuta la conoscenza della <strong>Costituzione, del governo, della societ\u00e0 e della cultura spagnola<\/strong>, garantendo che i candidati comprendano gli aspetti fondamentali del paese.<\/p>\n<p><strong>Struttura<\/strong>: 25 domande a scelta multipla e vero\/falso.<\/p>\n<p><strong>Durata<\/strong>: 45 minuti.<\/p>\n<p><strong>Superamento<\/strong>: \u00c8 necessario rispondere correttamente ad almeno 15 domande.<\/p>\n<p><strong>Iscrizione<\/strong>: Avviene tramite il sito <strong>dell\u2019Instituto Cervantes<\/strong> e consente due tentativi.<\/p>\n<p>L\u2019esame si svolge in centri autorizzati e i risultati vengono pubblicati circa <strong>20 giorni dopo<\/strong> la prova.<\/p>\n<p>Maggiori informazioni:<strong><span style=\"color: #882437;\"> <a style=\"color: #882437;\" href=\"https:\/\/examenes.cervantes.es\/es\/ccse\/examen\" target=\"_blank\" rel=\"noopener\">https:\/\/examenes.cervantes.es\/es\/ccse\/examen<\/a><\/span>.<\/strong>[\/vc_column_text][vc_empty_space][\/vc_column][\/vc_row][vc_row][vc_column][vc_single_image image=&#8221;16994&#8243; img_size=&#8221;full&#8221;][\/vc_column][\/vc_row]<\/p>\n","protected":false},"excerpt":{"rendered":"<p>[vc_row][vc_column css=&#8221;.vc_custom_1648122332553{padding-bottom: 15px !important;}&#8221;][vc_custom_heading text=&#8221;Cos\u2019\u00e8 il CCSE?&#8221; google_fonts=&#8221;font_family:Source%20Sans%20Pro%3A200%2C200italic%2C300%2C300italic%2Cregular%2Citalic%2C600%2C600italic%2C700%2C700italic%2C900%2C900italic|font_style:600%20bold%20regular%3A600%3Anormal&#8221; css=&#8221;.vc_custom_1748590671329{padding-bottom: 15px !important;}&#8221;][vc_column_text css=&#8221;.vc_custom_1748590820625{margin-bottom: 15px !important;}&#8221;]Il CCSE (Conoscenze Costituzionali e Socioculturali della Spagna) \u00e8 un esame ufficiale sviluppato dall\u2019Instituto Cervantes, obbligatorio per chi desidera ottenere la nazionalit\u00e0 spagnola. Il test valuta la conoscenza della Costituzione, del governo, della societ\u00e0 e della cultura spagnola, garantendo che i candidati [&hellip;]<\/p>\n","protected":false},"author":1,"featured_media":0,"parent":0,"menu_order":0,"comment_status":"closed","ping_status":"closed","template":"","meta":{"inline_featured_image":false,"_joinchat":[],"footnotes":""},"class_list":["post-16929","page","type-page","status-publish","hentry"],"yoast_head":"<!-- This site is optimized with the Yoast SEO plugin v26.8 - https:\/\/yoast.com\/product\/yoast-seo-wordpress\/ -->\n<title>CCSE | Jarcha Espa\u00f1ol<\/title>\n<meta name=\"description\" content=\"Il CCSE (Conoscenze Costituzionali e Socioculturali della Spagna) \u00e8 un esame ufficiale sviluppato dall\u2019Instituto Cervantes, obbligatorio per chi desidera ottenere la nazionalit\u00e0 spagnola.\" \/>\n<meta name=\"robots\" content=\"index, follow, max-snippet:-1, max-image-preview:large, max-video-preview:-1\" \/>\n<link rel=\"canonical\" href=\"https:\/\/jarchaespanol.com\/it\/ccse\/\" \/>\n<meta property=\"og:locale\" content=\"it_IT\" \/>\n<meta property=\"og:type\" content=\"article\" \/>\n<meta property=\"og:title\" content=\"CCSE | Jarcha Espa\u00f1ol\" \/>\n<meta property=\"og:description\" content=\"Il CCSE (Conoscenze Costituzionali e Socioculturali della Spagna) \u00e8 un esame ufficiale sviluppato dall\u2019Instituto Cervantes, obbligatorio per chi desidera ottenere la nazionalit\u00e0 spagnola.\" \/>\n<meta property=\"og:url\" content=\"https:\/\/jarchaespanol.com\/ccse\/\" \/>\n<meta property=\"og:site_name\" content=\"Jarcha Espa\u00f1ol\" \/>\n<meta property=\"article:modified_time\" content=\"2025-06-03T17:40:30+00:00\" \/>\n<meta name=\"twitter:card\" content=\"summary_large_image\" \/>\n<script type=\"application\/ld+json\" class=\"yoast-schema-graph\">{\"@context\":\"https:\/\/schema.org\",\"@graph\":[{\"@type\":\"WebPage\",\"@id\":\"https:\/\/jarchaespanol.com\/ccse\/\",\"url\":\"https:\/\/jarchaespanol.com\/ccse\/\",\"name\":\"CCSE | Jarcha Espa\u00f1ol\",\"isPartOf\":{\"@id\":\"https:\/\/jarchaespanol.com\/#website\"},\"datePublished\":\"2022-07-12T02:08:12+00:00\",\"dateModified\":\"2025-06-03T17:40:30+00:00\",\"description\":\"Il CCSE (Conoscenze Costituzionali e Socioculturali della Spagna) \u00e8 un esame ufficiale sviluppato dall\u2019Instituto Cervantes, obbligatorio per chi desidera ottenere la nazionalit\u00e0 spagnola.\",\"breadcrumb\":{\"@id\":\"https:\/\/jarchaespanol.com\/ccse\/#breadcrumb\"},\"inLanguage\":\"it-IT\",\"potentialAction\":[{\"@type\":\"ReadAction\",\"target\":[\"https:\/\/jarchaespanol.com\/ccse\/\"]}]},{\"@type\":\"BreadcrumbList\",\"@id\":\"https:\/\/jarchaespanol.com\/ccse\/#breadcrumb\",\"itemListElement\":[{\"@type\":\"ListItem\",\"position\":1,\"name\":\"Home\",\"item\":\"https:\/\/jarchaespanol.com\/\"},{\"@type\":\"ListItem\",\"position\":2,\"name\":\"CCSE\"}]},{\"@type\":\"WebSite\",\"@id\":\"https:\/\/jarchaespanol.com\/#website\",\"url\":\"https:\/\/jarchaespanol.com\/\",\"name\":\"Jarcha Espa\u00f1ol\",\"description\":\"Plataforma en l\u00ednea especializada en la comunicaci\u00f3n y en la formaci\u00f3n en espa\u00f1ol. Aprende espa\u00f1ol online.\",\"publisher\":{\"@id\":\"https:\/\/jarchaespanol.com\/#organization\"},\"potentialAction\":[{\"@type\":\"SearchAction\",\"target\":{\"@type\":\"EntryPoint\",\"urlTemplate\":\"https:\/\/jarchaespanol.com\/?s={search_term_string}\"},\"query-input\":{\"@type\":\"PropertyValueSpecification\",\"valueRequired\":true,\"valueName\":\"search_term_string\"}}],\"inLanguage\":\"it-IT\"},{\"@type\":\"Organization\",\"@id\":\"https:\/\/jarchaespanol.com\/#organization\",\"name\":\"Jarcha Espa\u00f1ol\",\"url\":\"https:\/\/jarchaespanol.com\/\",\"logo\":{\"@type\":\"ImageObject\",\"inLanguage\":\"it-IT\",\"@id\":\"https:\/\/jarchaespanol.com\/#\/schema\/logo\/image\/\",\"url\":\"https:\/\/jarchaespanol.com\/wp-content\/uploads\/2022\/03\/logo-factura-2.png\",\"contentUrl\":\"https:\/\/jarchaespanol.com\/wp-content\/uploads\/2022\/03\/logo-factura-2.png\",\"width\":474,\"height\":177,\"caption\":\"Jarcha Espa\u00f1ol\"},\"image\":{\"@id\":\"https:\/\/jarchaespanol.com\/#\/schema\/logo\/image\/\"}}]}<\/script>\n<!-- \/ Yoast SEO plugin. -->","yoast_head_json":{"title":"CCSE | Jarcha Espa\u00f1ol","description":"Il CCSE (Conoscenze Costituzionali e Socioculturali della Spagna) \u00e8 un esame ufficiale sviluppato dall\u2019Instituto Cervantes, obbligatorio per chi desidera ottenere la nazionalit\u00e0 spagnola.","robots":{"index":"index","follow":"follow","max-snippet":"max-snippet:-1","max-image-preview":"max-image-preview:large","max-video-preview":"max-video-preview:-1"},"canonical":"https:\/\/jarchaespanol.com\/it\/ccse\/","og_locale":"it_IT","og_type":"article","og_title":"CCSE | Jarcha Espa\u00f1ol","og_description":"Il CCSE (Conoscenze Costituzionali e Socioculturali della Spagna) \u00e8 un esame ufficiale sviluppato dall\u2019Instituto Cervantes, obbligatorio per chi desidera ottenere la nazionalit\u00e0 spagnola.","og_url":"https:\/\/jarchaespanol.com\/ccse\/","og_site_name":"Jarcha Espa\u00f1ol","article_modified_time":"2025-06-03T17:40:30+00:00","twitter_card":"summary_large_image","schema":{"@context":"https:\/\/schema.org","@graph":[{"@type":"WebPage","@id":"https:\/\/jarchaespanol.com\/ccse\/","url":"https:\/\/jarchaespanol.com\/ccse\/","name":"CCSE | Jarcha Espa\u00f1ol","isPartOf":{"@id":"https:\/\/jarchaespanol.com\/#website"},"datePublished":"2022-07-12T02:08:12+00:00","dateModified":"2025-06-03T17:40:30+00:00","description":"Il CCSE (Conoscenze Costituzionali e Socioculturali della Spagna) \u00e8 un esame ufficiale sviluppato dall\u2019Instituto Cervantes, obbligatorio per chi desidera ottenere la nazionalit\u00e0 spagnola.","breadcrumb":{"@id":"https:\/\/jarchaespanol.com\/ccse\/#breadcrumb"},"inLanguage":"it-IT","potentialAction":[{"@type":"ReadAction","target":["https:\/\/jarchaespanol.com\/ccse\/"]}]},{"@type":"BreadcrumbList","@id":"https:\/\/jarchaespanol.com\/ccse\/#breadcrumb","itemListElement":[{"@type":"ListItem","position":1,"name":"Home","item":"https:\/\/jarchaespanol.com\/"},{"@type":"ListItem","position":2,"name":"CCSE"}]},{"@type":"WebSite","@id":"https:\/\/jarchaespanol.com\/#website","url":"https:\/\/jarchaespanol.com\/","name":"Jarcha Espa\u00f1ol","description":"Plataforma en l\u00ednea especializada en la comunicaci\u00f3n y en la formaci\u00f3n en espa\u00f1ol. Aprende espa\u00f1ol online.","publisher":{"@id":"https:\/\/jarchaespanol.com\/#organization"},"potentialAction":[{"@type":"SearchAction","target":{"@type":"EntryPoint","urlTemplate":"https:\/\/jarchaespanol.com\/?s={search_term_string}"},"query-input":{"@type":"PropertyValueSpecification","valueRequired":true,"valueName":"search_term_string"}}],"inLanguage":"it-IT"},{"@type":"Organization","@id":"https:\/\/jarchaespanol.com\/#organization","name":"Jarcha Espa\u00f1ol","url":"https:\/\/jarchaespanol.com\/","logo":{"@type":"ImageObject","inLanguage":"it-IT","@id":"https:\/\/jarchaespanol.com\/#\/schema\/logo\/image\/","url":"https:\/\/jarchaespanol.com\/wp-content\/uploads\/2022\/03\/logo-factura-2.png","contentUrl":"https:\/\/jarchaespanol.com\/wp-content\/uploads\/2022\/03\/logo-factura-2.png","width":474,"height":177,"caption":"Jarcha Espa\u00f1ol"},"image":{"@id":"https:\/\/jarchaespanol.com\/#\/schema\/logo\/image\/"}}]}},"_links":{"self":[{"href":"https:\/\/jarchaespanol.com\/it\/wp-json\/wp\/v2\/pages\/16929","targetHints":{"allow":["GET"]}}],"collection":[{"href":"https:\/\/jarchaespanol.com\/it\/wp-json\/wp\/v2\/pages"}],"about":[{"href":"https:\/\/jarchaespanol.com\/it\/wp-json\/wp\/v2\/types\/page"}],"author":[{"embeddable":true,"href":"https:\/\/jarchaespanol.com\/it\/wp-json\/wp\/v2\/users\/1"}],"replies":[{"embeddable":true,"href":"https:\/\/jarchaespanol.com\/it\/wp-json\/wp\/v2\/comments?post=16929"}],"version-history":[{"count":0,"href":"https:\/\/jarchaespanol.com\/it\/wp-json\/wp\/v2\/pages\/16929\/revisions"}],"wp:attachment":[{"href":"https:\/\/jarchaespanol.com\/it\/wp-json\/wp\/v2\/media?parent=16929"}],"curies":[{"name":"wp","href":"https:\/\/api.w.org\/{rel}","templated":true}]}}