{"id":6168,"date":"2022-07-16T04:09:24","date_gmt":"2022-07-16T02:09:24","guid":{"rendered":"https:\/\/jarchaespanol.es\/inicio\/"},"modified":"2025-07-11T12:11:19","modified_gmt":"2025-07-11T10:11:19","slug":"inicio","status":"publish","type":"page","link":"https:\/\/jarchaespanol.com\/it\/","title":{"rendered":"Homepage"},"content":{"rendered":"<p>[vc_row full_width=&#8221;stretch_row&#8221; u_row_style=&#8221;0&#8243; u_row_paralax=&#8221;0&#8243; u_row_scheme=&#8221;0&#8243; css=&#8221;.vc_custom_1689236971182{padding-top: 35px !important;padding-right: 15px !important;padding-bottom: 15px !important;padding-left: 15px !important;background-color: #ffffff !important;background-position: center !important;background-repeat: no-repeat !important;background-size: cover !important;}&#8221; el_class=&#8221;banner-portada&#8221;][vc_column css=&#8221;.vc_custom_1689237226280{border-bottom-width: 0px !important;padding-top: 0px !important;background: #ffffff url(https:\/\/jarchaespanol.com\/wp-content\/uploads\/2023\/07\/banner-inmersion-idioma-espanol.jpg?id=9317) !important;background-position: center !important;background-repeat: no-repeat !important;background-size: cover !important;border-radius: 15px !important;}&#8221; el_class=&#8221;columna-banner&#8221;][vc_custom_heading text=&#8221;Aperte le iscrizioni per il corso 2025-2026&#8243; font_container=&#8221;tag:h2|font_size:30|text_align:center&#8221; google_fonts=&#8221;font_family:Source%20Sans%20Pro%3A200%2C200italic%2C300%2C300italic%2Cregular%2Citalic%2C600%2C600italic%2C700%2C700italic%2C900%2C900italic|font_style:600%20bold%20regular%3A600%3Anormal&#8221; el_class=&#8221;banner-portada-texto&#8221; css=&#8221;.vc_custom_1752228674915{padding-bottom: 0px !important;}&#8221;][vc_custom_heading text=&#8221;\u27a1\ufe0f Corso di lingua e cultura spagnole per gruppi&#8221; font_container=&#8221;tag:h2|font_size:30|text_align:center&#8221; google_fonts=&#8221;font_family:Source%20Sans%20Pro%3A200%2C200italic%2C300%2C300italic%2Cregular%2Citalic%2C600%2C600italic%2C700%2C700italic%2C900%2C900italic|font_style:600%20bold%20regular%3A600%3Anormal&#8221; link=&#8221;url:https%3A%2F%2Fjarchaespanol.com%2Fit%2Fespanol-presencial-para-grupos%2F|title:Espa%C3%B1ol%20presencial%20para%20grupos&#8221; el_class=&#8221;banner-portada-texto&#8221; css=&#8221;.vc_custom_1735584018493{padding-top: 0px !important;padding-bottom: 0px !important;}&#8221;][vc_custom_heading text=&#8221;\u27a1\ufe0f Spagnolo in immersione linguistica: VigoLingua&#8221; font_container=&#8221;tag:h2|font_size:30|text_align:center&#8221; google_fonts=&#8221;font_family:Source%20Sans%20Pro%3A200%2C200italic%2C300%2C300italic%2Cregular%2Citalic%2C600%2C600italic%2C700%2C700italic%2C900%2C900italic|font_style:600%20bold%20regular%3A600%3Anormal&#8221; link=&#8221;url:https%3A%2F%2Fjarchaespanol.com%2Fit%2Fcursos-de-inmersion-linguistica%2F|title:Espa%C3%B1ol%20en%20inmersi%C3%B3n%20ling%C3%BC%C3%ADstica&#8221; el_class=&#8221;banner-portada-texto&#8221; css=&#8221;.vc_custom_1735583998474{padding-top: 0px !important;}&#8221;][\/vc_column][\/vc_row][vc_row u_row_style=&#8221;0&#8243; u_row_paralax=&#8221;0&#8243; u_row_scheme=&#8221;0&#8243; css=&#8221;.vc_custom_1647944612710{margin-bottom: 0px !important;padding-top: 60px !important;padding-bottom: 80px !important;background-color: #ffffff !important;}&#8221;][vc_column width=&#8221;1\/2&#8243;]    \t<div id=\"un-icon-box-1\" class=\"media un-icon-box light wpb_left-to-right wpb_animate_when_almost_visible\" data-delay=0.25>\r\n            <div class=\"pull-left\">\r\n            \t                <div class=\"un-icon\">\r\n                \t<i class=\"fa fa-graduation-cap\"><\/i>\r\n                <\/div>\r\n                            <\/div>\r\n            <div class=\"media-body \">\r\n                <h4 class=\"media-heading\"><a href=\"\/it\/espanol-online\" >Spagnolo online<\/a><\/h4><p>Insegnamento dello spagnolo online per tutti i livelli. Spagnolo per privati e aziende. Lezioni di spagnolo individuali o di gruppo. Insegnamento dello spagnolo adattato agli obiettivi di ogni studente.<\/p>            <\/div>\r\n        <\/div>\r\n\t\t\t<style scoped=\"scoped\">\r\n        #un-icon-box-1 .un-icon{ background: #8d2237}#un-icon-box-1 .un-icon:hover{ background: #222222}#un-icon-box-1 .media-heading{ color: #222222}#un-icon-box-1 .media-body p{ color: #444444}        <\/style>\r\n    [vc_empty_space height=&#8221;15px&#8221;][\/vc_column][vc_column width=&#8221;1\/2&#8243;]    \t<div id=\"un-icon-box-2\" class=\"media un-icon-box light wpb_left-to-right wpb_animate_when_almost_visible\" data-delay=0.25>\r\n            <div class=\"pull-left\">\r\n            \t                <div class=\"un-icon\">\r\n                \t<i class=\"fa fa-graduation-cap\"><\/i>\r\n                <\/div>\r\n                            <\/div>\r\n            <div class=\"media-body \">\r\n                <h4 class=\"media-heading\"><a href=\"\/it\/espanol-presencial\" >Spagnolo in presenza<\/a><\/h4><p>Insegnamento di spagnolo in presenza a Vigo (Galizia). Lezioni e corsi individuali e programmi per gruppi. Lezioni di spagnolo in presenza per tutti i livelli con attivit\u00e0 extrascolastiche complementari.<\/p>            <\/div>\r\n        <\/div>\r\n\t\t\t<style scoped=\"scoped\">\r\n        #un-icon-box-2 .un-icon{ background: #8d2237}#un-icon-box-2 .un-icon:hover{ background: #222222}#un-icon-box-2 .media-heading{ color: #222222}#un-icon-box-2 .media-body p{ color: #444444}        <\/style>\r\n    [vc_empty_space height=&#8221;15px&#8221;][\/vc_column][\/vc_row][vc_row u_row_style=&#8221;0&#8243; u_row_paralax=&#8221;1&#8243; u_row_scheme=&#8221;1&#8243; css=&#8221;.vc_custom_1648291026517{padding-top: 100px !important;padding-bottom: 100px !important;background-image: url(https:\/\/jarchaespanol.com\/wp-content\/uploads\/2022\/03\/section-background.jpeg?id=3492) !important;background-position: center !important;background-repeat: no-repeat !important;background-size: cover !important;}&#8221;][vc_column][vc_column_text css_animation=&#8221;bottom-to-top&#8221;]<\/p>\n<h1 style=\"text-align: center;\">Il modo migliore per imparare lo spagnolo!<\/h1>\n<p style=\"text-align: center;\"><strong>Impara o perfeziona il tuo spagnolo qualunque sia il tuo livello attuale<\/strong><\/p>\n<p>&nbsp;<\/p>\n<p style=\"text-align: center;\">    \t<a class=\"btn button-button_84 btn-default btn-lg \" href=\"\/it\/espanol-online\" data-delay=0 >\r\n        SPAGNOLO ONLINE&nbsp;&nbsp;<i class=\"fa fa-angle-right\"><\/i>        <\/a>\r\n        <\/p>\n<p>[\/vc_column_text][\/vc_column][\/vc_row][vc_row u_row_style=&#8221;0&#8243; u_row_paralax=&#8221;0&#8243; u_row_scheme=&#8221;0&#8243; css=&#8221;.vc_custom_1648036266847{margin-bottom: 0px !important;background-color: #eaeaea !important;}&#8221;][vc_column]\t\t<section class=\"testimonials testimonials-6380 wpb_bottom-to-top wpb_animate_when_almost_visible\" data-delay=0>\r\n        \t<div class=\"section-inner\">\r\n                <div class=\"testimonial-carousel owl-carousel is-carousel single-carousel\" data-autoplay=5000 >\r\n                    \t\t<div class=\"carousel-item testimonial-item-8898\">\r\n            <div class=\"testimonial-item text-center\">\r\n                <p class=\"minion\">Jeg l\u00e6rer spansk, s\u00e5 jeg bedre kan integrere mig kulturelt<br \/>\n&#8220;Estoy aprendiendo espa\u00f1ol para integrarme mejor culturalmente&#8221;<\/p>\r\n                <div class=\"media professor\">\r\n                \t                    <div class=\"pull-left\">\r\n                    \t                        <img loading=\"lazy\" decoding=\"async\" src=\"https:\/\/jarchaespanol.com\/wp-content\/uploads\/2022\/03\/thore-150x150.png\" width=\"50\" height=\"50\" alt=\"Thore\">\r\n                    <\/div>\r\n                                        <div class=\"media-body\">\r\n                        <h6 class=\"media-heading main-color-2\">Thore<\/h6>\r\n                        <span>ALUMNO<\/span>\r\n                    <\/div>\r\n                <\/div>\r\n            <\/div>\r\n        <\/div><!--\/carousel-item-->\r\n\t\t\t<div class=\"carousel-item testimonial-item-8443\">\r\n            <div class=\"testimonial-item text-center\">\r\n                <p class=\"minion\">Spanisch eifach vo dehei<br \/>\n&#8220;Aprende espa\u00f1ol tranquilamente desde tu casa&#8221;<\/p>\r\n                <div class=\"media professor\">\r\n                \t                    <div class=\"pull-left\">\r\n                    \t                        <img loading=\"lazy\" decoding=\"async\" src=\"https:\/\/jarchaespanol.com\/wp-content\/uploads\/2022\/03\/michael-1-150x150.jpeg\" width=\"50\" height=\"50\" alt=\"Michael\">\r\n                    <\/div>\r\n                                        <div class=\"media-body\">\r\n                        <h6 class=\"media-heading main-color-2\">Michael<\/h6>\r\n                        <span>ALUMNO<\/span>\r\n                    <\/div>\r\n                <\/div>\r\n            <\/div>\r\n        <\/div><!--\/carousel-item-->\r\n\t\t\t<div class=\"carousel-item testimonial-item-6091\">\r\n            <div class=\"testimonial-item text-center\">\r\n                <p class=\"minion\">\u05d0\u05e0\u05d2\u05dc\u05d9\u05ea: \u05d4\u05d0\u05ea\u05d2\u05e8, \u05d4\u05d7\u05d5\u05d5\u05d9\u05d4 \u05d5\u05d4\u05d4\u05e0\u05d0\u05d4 \u05de\u05d4\u05d4\u05e6\u05dc\u05d7\u05d4!<br \/>\n&#8220;\u00a1El desaf\u00edo, la experiencia y el disfrute del \u00e9xito!&#8221;<\/p>\r\n                <div class=\"media professor\">\r\n                \t                    <div class=\"pull-left\">\r\n                    \t                        <img loading=\"lazy\" decoding=\"async\" src=\"https:\/\/jarchaespanol.com\/wp-content\/uploads\/2022\/03\/liel-150x150.png\" width=\"50\" height=\"50\" alt=\"Liel\">\r\n                    <\/div>\r\n                                        <div class=\"media-body\">\r\n                        <h6 class=\"media-heading main-color-2\">Liel<\/h6>\r\n                        <span>ALUMNO<\/span>\r\n                    <\/div>\r\n                <\/div>\r\n            <\/div>\r\n        <\/div><!--\/carousel-item-->\r\n\t\t\t<div class=\"carousel-item testimonial-item-7783\">\r\n            <div class=\"testimonial-item text-center\">\r\n                <p class=\"minion\">Apprendre la conjugaison en ligne c\u2019est plus facile que j\u2019 imaginais!<br \/>\n&#8220;\u00a1Aprender la conjugaci\u00f3n online es m\u00e1s f\u00e1cil de lo que imaginaba!&#8221;<\/p>\r\n                <div class=\"media professor\">\r\n                \t                    <div class=\"pull-left\">\r\n                    \t                        <img loading=\"lazy\" decoding=\"async\" src=\"https:\/\/jarchaespanol.com\/wp-content\/uploads\/2022\/04\/francoise-perfil-150x150.jpeg\" width=\"50\" height=\"50\" alt=\"Fran\u00e7oise\">\r\n                    <\/div>\r\n                                        <div class=\"media-body\">\r\n                        <h6 class=\"media-heading main-color-2\">Fran\u00e7oise<\/h6>\r\n                        <span>ALUMNA<\/span>\r\n                    <\/div>\r\n                <\/div>\r\n            <\/div>\r\n        <\/div><!--\/carousel-item-->\r\n\t\t\t<div class=\"carousel-item testimonial-item-9321\">\r\n            <div class=\"testimonial-item text-center\">\r\n                <p class=\"minion\">Jestem bardzo zaj\u0119ty ale zawsze znajduj\u0119 czas na lekcje hiszpa\u0144skiego on- line, na kt\u00f3re czekam z niecierpliwo\u015bci\u0105.<br \/>\n&#8220;Aunque estoy muy ocupado, siempre encuentro tiempo para las clases online de lengua espa\u00f1ola&#8221;<\/p>\r\n                <div class=\"media professor\">\r\n                \t                    <div class=\"pull-left\">\r\n                    \t                        <img loading=\"lazy\" decoding=\"async\" src=\"https:\/\/jarchaespanol.com\/wp-content\/uploads\/2022\/03\/andrzej-150x150.png\" width=\"50\" height=\"50\" alt=\"Andrzej\">\r\n                    <\/div>\r\n                                        <div class=\"media-body\">\r\n                        <h6 class=\"media-heading main-color-2\">Andrzej<\/h6>\r\n                        <span>ALUMNO<\/span>\r\n                    <\/div>\r\n                <\/div>\r\n            <\/div>\r\n        <\/div><!--\/carousel-item-->\r\n\t\t\t<div class=\"carousel-item testimonial-item-9676\">\r\n            <div class=\"testimonial-item text-center\">\r\n                <p class=\"minion\">With the right tools and the perfect professor, learning Spanish has never been easier!<br \/>\n&#8220;Con las herramientas adecuadas y el profesor perfecto, \u00a1aprender espa\u00f1ol nunca ha sido tan f\u00e1cil!&#8221;<\/p>\r\n                <div class=\"media professor\">\r\n                \t                    <div class=\"pull-left\">\r\n                    \t                        <img loading=\"lazy\" decoding=\"async\" src=\"https:\/\/jarchaespanol.com\/wp-content\/uploads\/2022\/03\/stephen-150x150.png\" width=\"50\" height=\"50\" alt=\"Stephen\">\r\n                    <\/div>\r\n                                        <div class=\"media-body\">\r\n                        <h6 class=\"media-heading main-color-2\">Stephen<\/h6>\r\n                        <span>ALUMNO<\/span>\r\n                    <\/div>\r\n                <\/div>\r\n            <\/div>\r\n        <\/div><!--\/carousel-item-->\r\n\t\t\t<div class=\"carousel-item testimonial-item-9469\">\r\n            <div class=\"testimonial-item text-center\">\r\n                <p class=\"minion\">Spanyol tanfolyam interneten Ann\u00e1val \u00c9rdekes t\u00e9m\u00e1k, egy nagyon dinamikus, t\u00fcrelmes tan\u00e1rral!<br \/>\n&#8220;Curso de espa\u00f1ol en Internet con Ana. \u00a1Temas muy interesantes con una profesora muy din\u00e1mica y paciente!&#8221;<\/p>\r\n                <div class=\"media professor\">\r\n                \t                    <div class=\"pull-left\">\r\n                    \t                        <img loading=\"lazy\" decoding=\"async\" src=\"https:\/\/jarchaespanol.com\/wp-content\/uploads\/2022\/03\/alexandra-150x150.png\" width=\"50\" height=\"50\" alt=\"Alexandra\">\r\n                    <\/div>\r\n                                        <div class=\"media-body\">\r\n                        <h6 class=\"media-heading main-color-2\">Alexandra<\/h6>\r\n                        <span>ALUMNA<\/span>\r\n                    <\/div>\r\n                <\/div>\r\n            <\/div>\r\n        <\/div><!--\/carousel-item-->\r\n\t                <\/div>\r\n            <\/div>\r\n        <\/section><!--\/testimonial-->\r\n\t[vc_column_text css_animation=&#8221;bottom-to-top&#8221;]<\/p>\n<p style=\"text-align: center;\">    \t<a class=\"btn button-button_84 btn-default btn-lg \" href=\"\/it\/nuestros-alumnos-ele\" data-delay=0 >\r\n        STUDENTI DI SPAGNOLO<br \/>\nCOME LINGUA STRANIERA&nbsp;&nbsp;<i class=\"fa fa-angle-right\"><\/i>        <\/a>\r\n        [\/vc_column_text][\/vc_column][\/vc_row][vc_row u_row_style=&#8221;0&#8243; u_row_paralax=&#8221;1&#8243; u_row_scheme=&#8221;0&#8243; css=&#8221;.vc_custom_1647974277592{margin-bottom: 0px !important;padding-top: 40px !important;padding-bottom: 40px !important;}&#8221;][vc_column][vc_row_inner css=&#8221;.vc_custom_1406950310766{padding-top: 50px !important;padding-bottom: 40px !important;}&#8221;][vc_column_inner width=&#8221;1\/2&#8243;][vc_column_text css_animation=&#8221;left-to-right&#8221;]<\/p>\n<h2 style=\"text-align: right;\">Spagnolo online<\/h2>\n<p>[\/vc_column_text][vc_column_text css_animation=&#8221;left-to-right&#8221;]<\/p>\n<p style=\"text-align: right;\">Impara o perfeziona il tuo spagnolo qualunque sia il tuo livello attuale. Raggiungi i tuoi obiettivi comunicativi in spagnolo orale e scritto e conosci l&#8217;identit\u00e0 culturale spagnola.<\/p>\n<p style=\"text-align: right;\">Lavoreremo su tutti questi aspetti con la nostra metodologia adattata al Piano Curriculare dell&#8217;Istituto Cervantes e al Quadro Comune Europeo di Riferimento per le Lingue.<\/p>\n<p>[\/vc_column_text][vc_column_text css_animation=&#8221;bottom-to-top&#8221;]<\/p>\n<p style=\"text-align: right;\">    \t<a class=\"btn button-button_19 btn-default btn-lg \" href=\"\/it\/espanol-online\" data-delay=0 >\r\n        <i class=\"fa fa-globe\"><\/i>&nbsp;&nbsp;DETTAGLI        <\/a>\r\n        <\/p>\n<p>[\/vc_column_text][\/vc_column_inner][vc_column_inner width=&#8221;1\/2&#8243;][vc_single_image image=&#8221;6012&#8243; img_size=&#8221;500&#215;460&#8243; alignment=&#8221;center&#8221; css_animation=&#8221;right-to-left&#8221;][\/vc_column_inner][\/vc_row_inner][\/vc_column][\/vc_row][vc_row u_row_style=&#8221;0&#8243; u_row_paralax=&#8221;1&#8243; u_row_scheme=&#8221;1&#8243; css=&#8221;.vc_custom_1647973291396{padding-top: 160px !important;padding-right: 160px !important;padding-bottom: 160px !important;padding-left: 160px !important;background-image: url(https:\/\/jarchaespanol.com\/wp-content\/uploads\/2022\/03\/fondo-libros-scaled.jpg?id=2976) !important;background-position: center !important;background-repeat: no-repeat !important;background-size: cover !important;}&#8221;][vc_column][vc_column_text css_animation=&#8221;top-to-bottom&#8221;]<\/p>\n<h1 style=\"text-align: center;\">Hai domande? Contatta per maggiori informazioni<\/h1>\n<p>&nbsp;<\/p>\n<p style=\"text-align: center;\">    \t<a class=\"btn button-button_19 btn-primary btn-lg \" href=\"\/it\/contacta\" data-delay=0 >\r\n        INFORMAZIONE        <\/a>\r\n        <\/p>\n<p>[\/vc_column_text][\/vc_column][\/vc_row]<\/p>\n","protected":false},"excerpt":{"rendered":"<p>[vc_row full_width=&#8221;stretch_row&#8221; u_row_style=&#8221;0&#8243; u_row_paralax=&#8221;0&#8243; u_row_scheme=&#8221;0&#8243; css=&#8221;.vc_custom_1689236971182{padding-top: 35px !important;padding-right: 15px !important;padding-bottom: 15px !important;padding-left: 15px !important;background-color: #ffffff !important;background-position: center !important;background-repeat: no-repeat !important;background-size: cover !important;}&#8221; el_class=&#8221;banner-portada&#8221;][vc_column css=&#8221;.vc_custom_1689237226280{border-bottom-width: 0px !important;padding-top: 0px !important;background: #ffffff url(https:\/\/jarchaespanol.com\/wp-content\/uploads\/2023\/07\/banner-inmersion-idioma-espanol.jpg?id=9317) !important;background-position: center !important;background-repeat: no-repeat !important;background-size: cover !important;border-radius: 15px !important;}&#8221; el_class=&#8221;columna-banner&#8221;][vc_custom_heading text=&#8221;Aperte le iscrizioni per il corso 2025-2026&#8243; font_container=&#8221;tag:h2|font_size:30|text_align:center&#8221; google_fonts=&#8221;font_family:Source%20Sans%20Pro%3A200%2C200italic%2C300%2C300italic%2Cregular%2Citalic%2C600%2C600italic%2C700%2C700italic%2C900%2C900italic|font_style:600%20bold%20regular%3A600%3Anormal&#8221; el_class=&#8221;banner-portada-texto&#8221; css=&#8221;.vc_custom_1752228674915{padding-bottom: 0px !important;}&#8221;][vc_custom_heading text=&#8221;\u27a1\ufe0f Corso [&hellip;]<\/p>\n","protected":false},"author":1,"featured_media":0,"parent":0,"menu_order":0,"comment_status":"closed","ping_status":"closed","template":"page-templates\/front-page.php","meta":{"inline_featured_image":false,"_joinchat":[],"footnotes":""},"class_list":["post-6168","page","type-page","status-publish","hentry"],"yoast_head":"<!-- This site is optimized with the Yoast SEO plugin v26.8 - https:\/\/yoast.com\/product\/yoast-seo-wordpress\/ -->\n<title>Homepage - Jarcha Espa\u00f1ol<\/title>\n<meta name=\"description\" content=\"Spagnolo in immersione linguistica. Corsi di spagnolo online per privati e aziende, tutti i livelli. Spagnolo in presenza per gruppi.\" \/>\n<meta name=\"robots\" content=\"index, follow, max-snippet:-1, max-image-preview:large, max-video-preview:-1\" \/>\n<link rel=\"canonical\" href=\"https:\/\/jarchaespanol.com\/it\/\" \/>\n<meta property=\"og:locale\" content=\"it_IT\" \/>\n<meta property=\"og:type\" content=\"article\" \/>\n<meta property=\"og:title\" content=\"Homepage - Jarcha Espa\u00f1ol\" \/>\n<meta property=\"og:description\" content=\"Spagnolo in immersione linguistica. Corsi di spagnolo online per privati e aziende, tutti i livelli. Spagnolo in presenza per gruppi.\" \/>\n<meta property=\"og:url\" content=\"https:\/\/jarchaespanol.com\/\" \/>\n<meta property=\"og:site_name\" content=\"Jarcha Espa\u00f1ol\" \/>\n<meta property=\"article:modified_time\" content=\"2025-07-11T10:11:19+00:00\" \/>\n<meta name=\"twitter:card\" content=\"summary_large_image\" \/>\n<script type=\"application\/ld+json\" class=\"yoast-schema-graph\">{\"@context\":\"https:\/\/schema.org\",\"@graph\":[{\"@type\":\"WebPage\",\"@id\":\"https:\/\/jarchaespanol.com\/\",\"url\":\"https:\/\/jarchaespanol.com\/\",\"name\":\"Homepage - Jarcha Espa\u00f1ol\",\"isPartOf\":{\"@id\":\"https:\/\/jarchaespanol.com\/#website\"},\"datePublished\":\"2022-07-16T02:09:24+00:00\",\"dateModified\":\"2025-07-11T10:11:19+00:00\",\"description\":\"Spagnolo in immersione linguistica. Corsi di spagnolo online per privati e aziende, tutti i livelli. Spagnolo in presenza per gruppi.\",\"breadcrumb\":{\"@id\":\"https:\/\/jarchaespanol.com\/#breadcrumb\"},\"inLanguage\":\"it-IT\",\"potentialAction\":[{\"@type\":\"ReadAction\",\"target\":[\"https:\/\/jarchaespanol.com\/\"]}]},{\"@type\":\"BreadcrumbList\",\"@id\":\"https:\/\/jarchaespanol.com\/#breadcrumb\",\"itemListElement\":[{\"@type\":\"ListItem\",\"position\":1,\"name\":\"Home\",\"item\":\"https:\/\/jarchaespanol.com\/\"},{\"@type\":\"ListItem\",\"position\":2,\"name\":\"Homepage\"}]},{\"@type\":\"WebSite\",\"@id\":\"https:\/\/jarchaespanol.com\/#website\",\"url\":\"https:\/\/jarchaespanol.com\/\",\"name\":\"Jarcha Espa\u00f1ol\",\"description\":\"Plataforma en l\u00ednea especializada en la comunicaci\u00f3n y en la formaci\u00f3n en espa\u00f1ol. Aprende espa\u00f1ol online.\",\"publisher\":{\"@id\":\"https:\/\/jarchaespanol.com\/#organization\"},\"potentialAction\":[{\"@type\":\"SearchAction\",\"target\":{\"@type\":\"EntryPoint\",\"urlTemplate\":\"https:\/\/jarchaespanol.com\/?s={search_term_string}\"},\"query-input\":{\"@type\":\"PropertyValueSpecification\",\"valueRequired\":true,\"valueName\":\"search_term_string\"}}],\"inLanguage\":\"it-IT\"},{\"@type\":\"Organization\",\"@id\":\"https:\/\/jarchaespanol.com\/#organization\",\"name\":\"Jarcha Espa\u00f1ol\",\"url\":\"https:\/\/jarchaespanol.com\/\",\"logo\":{\"@type\":\"ImageObject\",\"inLanguage\":\"it-IT\",\"@id\":\"https:\/\/jarchaespanol.com\/#\/schema\/logo\/image\/\",\"url\":\"https:\/\/jarchaespanol.com\/wp-content\/uploads\/2022\/03\/logo-factura-2.png\",\"contentUrl\":\"https:\/\/jarchaespanol.com\/wp-content\/uploads\/2022\/03\/logo-factura-2.png\",\"width\":474,\"height\":177,\"caption\":\"Jarcha Espa\u00f1ol\"},\"image\":{\"@id\":\"https:\/\/jarchaespanol.com\/#\/schema\/logo\/image\/\"}}]}<\/script>\n<!-- \/ Yoast SEO plugin. -->","yoast_head_json":{"title":"Homepage - Jarcha Espa\u00f1ol","description":"Spagnolo in immersione linguistica. Corsi di spagnolo online per privati e aziende, tutti i livelli. Spagnolo in presenza per gruppi.","robots":{"index":"index","follow":"follow","max-snippet":"max-snippet:-1","max-image-preview":"max-image-preview:large","max-video-preview":"max-video-preview:-1"},"canonical":"https:\/\/jarchaespanol.com\/it\/","og_locale":"it_IT","og_type":"article","og_title":"Homepage - Jarcha Espa\u00f1ol","og_description":"Spagnolo in immersione linguistica. Corsi di spagnolo online per privati e aziende, tutti i livelli. Spagnolo in presenza per gruppi.","og_url":"https:\/\/jarchaespanol.com\/","og_site_name":"Jarcha Espa\u00f1ol","article_modified_time":"2025-07-11T10:11:19+00:00","twitter_card":"summary_large_image","schema":{"@context":"https:\/\/schema.org","@graph":[{"@type":"WebPage","@id":"https:\/\/jarchaespanol.com\/","url":"https:\/\/jarchaespanol.com\/","name":"Homepage - Jarcha Espa\u00f1ol","isPartOf":{"@id":"https:\/\/jarchaespanol.com\/#website"},"datePublished":"2022-07-16T02:09:24+00:00","dateModified":"2025-07-11T10:11:19+00:00","description":"Spagnolo in immersione linguistica. Corsi di spagnolo online per privati e aziende, tutti i livelli. Spagnolo in presenza per gruppi.","breadcrumb":{"@id":"https:\/\/jarchaespanol.com\/#breadcrumb"},"inLanguage":"it-IT","potentialAction":[{"@type":"ReadAction","target":["https:\/\/jarchaespanol.com\/"]}]},{"@type":"BreadcrumbList","@id":"https:\/\/jarchaespanol.com\/#breadcrumb","itemListElement":[{"@type":"ListItem","position":1,"name":"Home","item":"https:\/\/jarchaespanol.com\/"},{"@type":"ListItem","position":2,"name":"Homepage"}]},{"@type":"WebSite","@id":"https:\/\/jarchaespanol.com\/#website","url":"https:\/\/jarchaespanol.com\/","name":"Jarcha Espa\u00f1ol","description":"Plataforma en l\u00ednea especializada en la comunicaci\u00f3n y en la formaci\u00f3n en espa\u00f1ol. Aprende espa\u00f1ol online.","publisher":{"@id":"https:\/\/jarchaespanol.com\/#organization"},"potentialAction":[{"@type":"SearchAction","target":{"@type":"EntryPoint","urlTemplate":"https:\/\/jarchaespanol.com\/?s={search_term_string}"},"query-input":{"@type":"PropertyValueSpecification","valueRequired":true,"valueName":"search_term_string"}}],"inLanguage":"it-IT"},{"@type":"Organization","@id":"https:\/\/jarchaespanol.com\/#organization","name":"Jarcha Espa\u00f1ol","url":"https:\/\/jarchaespanol.com\/","logo":{"@type":"ImageObject","inLanguage":"it-IT","@id":"https:\/\/jarchaespanol.com\/#\/schema\/logo\/image\/","url":"https:\/\/jarchaespanol.com\/wp-content\/uploads\/2022\/03\/logo-factura-2.png","contentUrl":"https:\/\/jarchaespanol.com\/wp-content\/uploads\/2022\/03\/logo-factura-2.png","width":474,"height":177,"caption":"Jarcha Espa\u00f1ol"},"image":{"@id":"https:\/\/jarchaespanol.com\/#\/schema\/logo\/image\/"}}]}},"_links":{"self":[{"href":"https:\/\/jarchaespanol.com\/it\/wp-json\/wp\/v2\/pages\/6168","targetHints":{"allow":["GET"]}}],"collection":[{"href":"https:\/\/jarchaespanol.com\/it\/wp-json\/wp\/v2\/pages"}],"about":[{"href":"https:\/\/jarchaespanol.com\/it\/wp-json\/wp\/v2\/types\/page"}],"author":[{"embeddable":true,"href":"https:\/\/jarchaespanol.com\/it\/wp-json\/wp\/v2\/users\/1"}],"replies":[{"embeddable":true,"href":"https:\/\/jarchaespanol.com\/it\/wp-json\/wp\/v2\/comments?post=6168"}],"version-history":[{"count":1,"href":"https:\/\/jarchaespanol.com\/it\/wp-json\/wp\/v2\/pages\/6168\/revisions"}],"predecessor-version":[{"id":17591,"href":"https:\/\/jarchaespanol.com\/it\/wp-json\/wp\/v2\/pages\/6168\/revisions\/17591"}],"wp:attachment":[{"href":"https:\/\/jarchaespanol.com\/it\/wp-json\/wp\/v2\/media?parent=6168"}],"curies":[{"name":"wp","href":"https:\/\/api.w.org\/{rel}","templated":true}]}}