{"id":6187,"date":"2022-03-24T15:46:57","date_gmt":"2022-03-24T14:46:57","guid":{"rendered":"https:\/\/jarchaespanol.es\/politica-de-cookies\/"},"modified":"2023-06-27T14:21:48","modified_gmt":"2023-06-27T12:21:48","slug":"politica-de-cookies","status":"publish","type":"page","link":"https:\/\/jarchaespanol.com\/it\/politica-de-cookies\/","title":{"rendered":"Politica sui <i>cookie<\/i>"},"content":{"rendered":"<p>[vc_row][vc_column][vc_column_text]<span style=\"font-weight: 400;\">A norma dell&#8217;articolo 22 della legge 34\/2002, dell&#8217;11 luglio, sui servizi della societ\u00e0 dell&#8217;informazione e del commercio elettronico (LSSI), in combinato disposto con il regolamento (UE) 2016\/679 del Parlamento europeo e del Consiglio, del 27 aprile 2016, Generale di Protezione dei Dati (GDPR) e Legge Organica 3\/2018, del 5 dicembre, di Protezione dei Dati e Garanzia dei Diritti Digitali (LOPDGDD), il titolare mette a disposizione degli utenti la Politica di raccolta e trattamento dei <\/span><i><span style=\"font-weight: 400;\">cookie d<\/span><\/i><span style=\"font-weight: 400;\">el sito web.<\/span><\/p>\n<p>&nbsp;<\/p>\n<h2><span style=\"font-weight: 400;\">Cosa sono i <\/span><i><span style=\"font-weight: 400;\">cookie<\/span><\/i><\/h2>\n<p><span style=\"font-weight: 400;\">Un <\/span><i><span style=\"font-weight: 400;\">cookie<\/span><\/i><span style=\"font-weight: 400;\"> \u00e8 un file che viene scaricato sul tuo computer quando accedi a determinate pagine web. I <\/span><i><span style=\"font-weight: 400;\">cookie<\/span><\/i><span style=\"font-weight: 400;\"> consentono a un sito web, tra le altre cose, di memorizzare e recuperare informazioni sulle abitudini di navigazione dell&#8217;utente e, a seconda delle informazioni in essi contenute e del modo in cui l&#8217;utente utilizza il computer, possono essere utilizzati per identificare l&#8217;utente.<\/span><\/p>\n<p>&nbsp;<\/p>\n<h2><i><span style=\"font-weight: 400;\">Cookie <\/span><\/i><span style=\"font-weight: 400;\">utilizzati sul sito web<\/span><\/h2>\n<p><span style=\"font-weight: 400;\">Di seguito sono elencati i cookie utilizzati dal sito<\/span><a href=\"https:\/\/jarchaespanol.com\/it\/\"> <span style=\"font-weight: 400;\">https:\/\/jarchaespanol.com<\/span><\/a><span style=\"font-weight: 400;\">:<\/span><\/p>\n<p><b>Secondo l&#8217;entit\u00e0 che li gestisce<\/b><\/p>\n<ul>\n<li style=\"font-weight: 400;\" aria-level=\"1\"><i><span style=\"font-weight: 400;\">Cookies <\/span><\/i><span style=\"font-weight: 400;\">di prima parte: sono quelli inviati e gestiti\u00a0 direttamente dal titolare.<\/span><\/li>\n<li style=\"font-weight: 400;\" aria-level=\"1\"><span style=\"font-weight: 400;\">\u00a0<\/span><i><span style=\"font-weight: 400;\">Cookies <\/span><\/i><span style=\"font-weight: 400;\">di terze parti: sono quelli che vengono inviati\u00a0 dall&#8217;utente da un dominio estraneo al titolare.<\/span><\/li>\n<\/ul>\n<p><b>Secondo la sua finalit\u00e0<\/b><\/p>\n<ul>\n<li style=\"font-weight: 400;\" aria-level=\"1\"><i><span style=\"font-weight: 400;\">Cookies<\/span><\/i><span style=\"font-weight: 400;\"> tecnici: sono quelli che permettono agli utenti <\/span> <span style=\"font-weight: 400;\">registrati di navigare attraverso il sito web, nell&#8217;area riservata e di utilizzare le sue diverse funzioni, come ad esempio il sistema di commento o il motore di ricerca.<\/span><span style=\"font-weight: 400;\"><br \/>\n<\/span><\/li>\n<li style=\"font-weight: 400;\" aria-level=\"1\"><i><span style=\"font-weight: 400;\">Cookie<\/span><\/i><span style=\"font-weight: 400;\"> di personalizzazione: sono quelli che consentono agli <\/span> <span style=\"font-weight: 400;\">utenti di accedere al servizio con alcune caratteristiche generali <\/span> <span style=\"font-weight: 400;\">predefinite in base a una serie di criteri stabiliti dall&#8217;utente <\/span> <span style=\"font-weight: 400;\">come, ad esempio, la lingua o il tipo di browser attraverso il quale <\/span> <span style=\"font-weight: 400;\">ti connetti a questo sito web.<\/span><span style=\"font-weight: 400;\"><br \/>\n<\/span><\/li>\n<li style=\"font-weight: 400;\" aria-level=\"1\"><i><span style=\"font-weight: 400;\">Cookie <\/span><\/i><span style=\"font-weight: 400;\">di analisi o misurazione: sono quelli che, ben <\/span> <span style=\"font-weight: 400;\">trattati dal sito web o da terzi, consentono di quantificare il <\/span> <span style=\"font-weight: 400;\">numero di utenti e quindi di effettuare la misurazione e l&#8217;analisi <\/span> <span style=\"font-weight: 400;\">statistica dell&#8217;utilizzo che fanno gli utenti del sito web. A tal <\/span> <span style=\"font-weight: 400;\">fine analizziamo la navigazione che fanno su questo sito web, al <\/span> <span style=\"font-weight: 400;\">fine di migliorarlo.<\/span><span style=\"font-weight: 400;\"><br \/>\n<\/span> <span style=\"font-weight: 400;\"><br \/>\n<\/span>&nbsp;<\/li>\n<\/ul>\n<p><b>Secondo la sua durata<\/b><\/p>\n<ul>\n<li style=\"font-weight: 400;\" aria-level=\"1\"><i><span style=\"font-weight: 400;\">Cookies <\/span><\/i><span style=\"font-weight: 400;\">di sessione: sono quelli progettati per raccogliere e <\/span> <span style=\"font-weight: 400;\">memorizzare dati mentre l&#8217;utente accede al sito web.<\/span><span style=\"font-weight: 400;\"><br \/>\n<\/span><\/li>\n<\/ul>\n<ul>\n<li style=\"font-weight: 400;\" aria-level=\"1\"><i><span style=\"font-weight: 400;\">Cookies <\/span><\/i><span style=\"font-weight: 400;\">persistenti: sono quelli in cui i dati rimangono <\/span> <span style=\"font-weight: 400;\">memorizzati sul terminale dell&#8217;utente e possono essere consultati e <\/span> <span style=\"font-weight: 400;\">trattati per un periodo definito dal responsabile del cookie.<\/span><span style=\"font-weight: 400;\"><br \/>\n<\/span>&nbsp;<\/li>\n<\/ul>\n<p>&nbsp;<\/p>\n<h2><span style=\"font-weight: 400;\">Elenco dei <\/span><i><span style=\"font-weight: 400;\">cookie<\/span><\/i><span style=\"font-weight: 400;\"> utilizzati<\/span><\/h2>\n<p><span style=\"font-weight: 400;\">Questo sito pu\u00f2 installare i seguenti <\/span><i><span style=\"font-weight: 400;\">cookie<\/span><\/i><span style=\"font-weight: 400;\">:<\/span><\/p>\n<p><b><i>Cookie <\/i><\/b><b>tecnici<\/b><\/p>\n<ul>\n<li style=\"font-weight: 400;\" aria-level=\"1\"><b>wp-settings-{user_id}<\/b><span style=\"font-weight: 400;\">: <\/span><i><span style=\"font-weight: 400;\">cookie<\/span><\/i><span style=\"font-weight: 400;\"> tecnico utilizzato per <\/span> <span style=\"font-weight: 400;\">mantenere le impostazioni utente sul desktop di WordPress <\/span> <span style=\"font-weight: 400;\">(\/wp-admin). \u00c8 persistente e dura 1 anno.<\/span><span style=\"font-weight: 400;\"><br \/>\n<\/span>&nbsp;<\/li>\n<\/ul>\n<ul>\n<li style=\"font-weight: 400;\" aria-level=\"1\"><b>hasConsent<\/b><i><span style=\"font-weight: 400;\">: cookie<\/span><\/i><span style=\"font-weight: 400;\"> tecnico che memorizza il consenso <\/span> <span style=\"font-weight: 400;\">dell&#8217;utente. \u00c8 persistente e ha una durata di 1 anno.<\/span><\/li>\n<\/ul>\n<p><b><i>Cookie<\/i><\/b><b> di analisi o misurazione<\/b><\/p>\n<ul>\n<li style=\"font-weight: 400;\" aria-level=\"1\"><b>_ga<\/b><span style=\"font-weight: 400;\">: <\/span><i><span style=\"font-weight: 400;\">cookie <\/span><\/i><span style=\"font-weight: 400;\">analitico che abilita la funzione di <\/span> <span style=\"font-weight: 400;\">controllo delle visite uniche. \u00c8 persistente e ha una durata di 2 <\/span> <span style=\"font-weight: 400;\">anni.<\/span><span style=\"font-weight: 400;\"><br \/>\n<\/span><\/li>\n<li style=\"font-weight: 400;\" aria-level=\"1\"><b>_gat<\/b><i><span style=\"font-weight: 400;\">: cookie<\/span><\/i><span style=\"font-weight: 400;\"> analitico per limitare il numero di <\/span> <span style=\"font-weight: 400;\">richieste. Il suo ambito \u00e8 la sessione e ha una durata di 1 minuto.<\/span><span style=\"font-weight: 400;\"><br \/>\n<\/span><\/li>\n<li style=\"font-weight: 400;\" aria-level=\"1\"><b>_gid<\/b><span style=\"font-weight: 400;\">: <\/span><i><span style=\"font-weight: 400;\">cookie<\/span><\/i><span style=\"font-weight: 400;\"> analitici per distinguere gli utenti. Il <\/span> <span style=\"font-weight: 400;\">loro ambito di applicazione \u00e8 la sessione e dura 24 ore.<\/span><span style=\"font-weight: 400;\"><br \/>\n<\/span>&nbsp;<\/li>\n<\/ul>\n<p><span style=\"font-weight: 400;\">Ulteriori informazioni<\/span><\/p>\n<ul>\n<li style=\"font-weight: 400;\" aria-level=\"1\"><span style=\"font-weight: 400;\">Google Analytics pu\u00f2 installare altri <\/span><i><span style=\"font-weight: 400;\">cookie <\/span><\/i><span style=\"font-weight: 400;\">in base al <\/span> <span style=\"font-weight: 400;\">documento Utilizzo dei <\/span><i><span style=\"font-weight: 400;\">cookie <\/span><\/i><span style=\"font-weight: 400;\">di Google Analytics sui siti web che <\/span> <span style=\"font-weight: 400;\">puoi consultare a questo link.<\/span><\/li>\n<\/ul>\n<p>&nbsp;<\/p>\n<h2><span style=\"font-weight: 400;\">Accettazione o rifiuto dell&#8217;installazione dei <\/span><i><span style=\"font-weight: 400;\">cookie<\/span><\/i><\/h2>\n<p><span style=\"font-weight: 400;\">Il titolare visualizza informazioni sulla sua Politica sui <\/span><i><span style=\"font-weight: 400;\">cookie<\/span><\/i><span style=\"font-weight: 400;\"> nel banner dei <\/span><i><span style=\"font-weight: 400;\">cookie <\/span><\/i><span style=\"font-weight: 400;\">accessibile su tutte le pagine del sito web. Il banner dei <\/span><i><span style=\"font-weight: 400;\">cookie<\/span><\/i><span style=\"font-weight: 400;\"> mostra informazioni essenziali sul trattamento dei dati e consente all&#8217;utente di eseguire le seguenti azioni:<\/span><\/p>\n<ul>\n<li style=\"font-weight: 400;\" aria-level=\"1\"><span style=\"font-weight: 400;\">Accettare o rifiutare l&#8217;installazione dei <\/span><i><span style=\"font-weight: 400;\">cookie <\/span><\/i><span style=\"font-weight: 400;\">o ritirare <\/span> <span style=\"font-weight: 400;\">il consenso precedentemente fornito.<\/span><span style=\"font-weight: 400;\"><br \/>\n<\/span><\/li>\n<li style=\"font-weight: 400;\" aria-level=\"1\"><span style=\"font-weight: 400;\">Ottenere ulteriori informazioni sulla pagina Pol\u00edtica sui<\/span><i><span style=\"font-weight: 400;\"> cookie.<\/span><\/i><\/li>\n<\/ul>\n<p>&nbsp;<\/p>\n<h2><span style=\"font-weight: 400;\">Cancellazione dei<\/span><i><span style=\"font-weight: 400;\"> cookie<\/span><\/i><\/h2>\n<p><span style=\"font-weight: 400;\">L&#8217;utente pu\u00f2 accettare, bloccare o eliminare i <\/span><i><span style=\"font-weight: 400;\">cookie<\/span><\/i><span style=\"font-weight: 400;\"> installati sul proprio computer tramite le impostazioni del browser, ma si noti che parte del sito non funzioner\u00e0 correttamente o che alcune delle sue funzionalit\u00e0 non saranno disponibili o avranno errori.<\/span><\/p>\n<p><span style=\"font-weight: 400;\">Nei seguenti link troverai le istruzioni per abilitare o disabilitare i <\/span><i><span style=\"font-weight: 400;\">cookie<\/span><\/i><span style=\"font-weight: 400;\"> nei browser pi\u00f9 comuni<\/span><\/p>\n<ul>\n<li style=\"font-weight: 400;\" aria-level=\"1\"><a href=\"http:\/\/support.mozilla.org\/es\/kb\/habilitar-y-deshabilitar-cookies-que-los-sitios-we\"><span style=\"font-weight: 400;\">Firefox<\/span><\/a><\/li>\n<li style=\"font-weight: 400;\" aria-level=\"1\"><a href=\"https:\/\/support.google.com\/chrome\/answer\/95647?hl=es\"><span style=\"font-weight: 400;\">Google Chrome<\/span><\/a><\/li>\n<li style=\"font-weight: 400;\" aria-level=\"1\"><a href=\"https:\/\/support.microsoft.com\/es-es\/help\/17442\/windows-internet-explorer-delete-manage-cookies#ie=%22ie-10\"><span style=\"font-weight: 400;\">Internet Explorer<\/span><\/a><\/li>\n<li style=\"font-weight: 400;\" aria-level=\"1\"><a href=\"https:\/\/support.microsoft.com\/es-es\/help\/4468242\/microsoft-edge-browsing-data-and-privacy\"><span style=\"font-weight: 400;\">Microsoft Edge<\/span><\/a><\/li>\n<li style=\"font-weight: 400;\" aria-level=\"1\"><a href=\"http:\/\/support.apple.com\/kb\/HT1677?viewlocale=es_ES\"><span style=\"font-weight: 400;\">Safari<\/span><\/a><\/li>\n<\/ul>\n<p>&nbsp;<\/p>\n<h2><span style=\"font-weight: 400;\">Trattamento dei dati personali<\/span><\/h2>\n<p><span style=\"font-weight: 400;\">Il titolare \u00e8 il titolare del trattamento dei dati personali dell&#8217;utente. Tutte le informazioni relative al trattamento dei dati personali raccolte dal titolare sono disponibili sulla pagina Politica sulla privacy.<\/span><\/p>\n<p>&nbsp;<\/p>\n<h2><span style=\"font-weight: 400;\">Contatto<\/span><\/h2>\n<p><span style=\"font-weight: 400;\">In caso di domande sulla presente Politica sui <\/span><i><span style=\"font-weight: 400;\">cookie <\/span><\/i><span style=\"font-weight: 400;\">o se si desidera commentare questo sito web, \u00e8 possibile inviare un messaggio all&#8217;indirizzo di posta elettronica: info@jarchaespanol.com<\/span>[\/vc_column_text][\/vc_column][\/vc_row]<\/p>\n","protected":false},"excerpt":{"rendered":"<p>[vc_row][vc_column][vc_column_text]A norma dell&#8217;articolo 22 della legge 34\/2002, dell&#8217;11 luglio, sui servizi della societ\u00e0 dell&#8217;informazione e del commercio elettronico (LSSI), in combinato disposto con il regolamento (UE) 2016\/679 del Parlamento europeo e del Consiglio, del 27 aprile 2016, Generale di Protezione dei Dati (GDPR) e Legge Organica 3\/2018, del 5 dicembre, di Protezione dei Dati e [&hellip;]<\/p>\n","protected":false},"author":1,"featured_media":0,"parent":0,"menu_order":0,"comment_status":"closed","ping_status":"closed","template":"","meta":{"inline_featured_image":false,"_joinchat":[],"footnotes":""},"class_list":["post-6187","page","type-page","status-publish","hentry"],"yoast_head":"<!-- This site is optimized with the Yoast SEO plugin v26.8 - https:\/\/yoast.com\/product\/yoast-seo-wordpress\/ -->\n<title>Politica sui cookie - Jarcha Espa\u00f1ol<\/title>\n<meta name=\"description\" content=\"Jarcha Espa\u00f1ol - Politica sui cookie - Espa\u00f1ol como Lengua Extranjera. Clases de espa\u00f1ol online. Clases online para estudiantes de educaci\u00f3n primaria, educaci\u00f3n secundaria, educaci\u00f3n secundaria para adultos, ciclos, bachillerato, bachillerato para adultos y universidad.\" \/>\n<meta name=\"robots\" content=\"index, follow, max-snippet:-1, max-image-preview:large, max-video-preview:-1\" \/>\n<link rel=\"canonical\" href=\"https:\/\/jarchaespanol.com\/it\/politica-de-cookies\/\" \/>\n<meta property=\"og:locale\" content=\"it_IT\" \/>\n<meta property=\"og:type\" content=\"article\" \/>\n<meta property=\"og:title\" content=\"Politica sui cookie - Jarcha Espa\u00f1ol\" \/>\n<meta property=\"og:description\" content=\"Jarcha Espa\u00f1ol - Politica sui cookie - Espa\u00f1ol como Lengua Extranjera. Clases de espa\u00f1ol online. Clases online para estudiantes de educaci\u00f3n primaria, educaci\u00f3n secundaria, educaci\u00f3n secundaria para adultos, ciclos, bachillerato, bachillerato para adultos y universidad.\" \/>\n<meta property=\"og:url\" content=\"https:\/\/jarchaespanol.com\/politica-de-cookies\/\" \/>\n<meta property=\"og:site_name\" content=\"Jarcha Espa\u00f1ol\" \/>\n<meta property=\"article:modified_time\" content=\"2023-06-27T12:21:48+00:00\" \/>\n<meta name=\"twitter:card\" content=\"summary_large_image\" \/>\n<script type=\"application\/ld+json\" class=\"yoast-schema-graph\">{\"@context\":\"https:\/\/schema.org\",\"@graph\":[{\"@type\":\"WebPage\",\"@id\":\"https:\/\/jarchaespanol.com\/politica-de-cookies\/\",\"url\":\"https:\/\/jarchaespanol.com\/politica-de-cookies\/\",\"name\":\"Politica sui cookie - Jarcha Espa\u00f1ol\",\"isPartOf\":{\"@id\":\"https:\/\/jarchaespanol.com\/#website\"},\"datePublished\":\"2022-03-24T14:46:57+00:00\",\"dateModified\":\"2023-06-27T12:21:48+00:00\",\"description\":\"Jarcha Espa\u00f1ol - Politica sui cookie - Espa\u00f1ol como Lengua Extranjera. Clases de espa\u00f1ol online. Clases online para estudiantes de educaci\u00f3n primaria, educaci\u00f3n secundaria, educaci\u00f3n secundaria para adultos, ciclos, bachillerato, bachillerato para adultos y universidad.\",\"breadcrumb\":{\"@id\":\"https:\/\/jarchaespanol.com\/politica-de-cookies\/#breadcrumb\"},\"inLanguage\":\"it-IT\",\"potentialAction\":[{\"@type\":\"ReadAction\",\"target\":[\"https:\/\/jarchaespanol.com\/politica-de-cookies\/\"]}]},{\"@type\":\"BreadcrumbList\",\"@id\":\"https:\/\/jarchaespanol.com\/politica-de-cookies\/#breadcrumb\",\"itemListElement\":[{\"@type\":\"ListItem\",\"position\":1,\"name\":\"Home\",\"item\":\"https:\/\/jarchaespanol.com\/\"},{\"@type\":\"ListItem\",\"position\":2,\"name\":\"Politica sui cookie\"}]},{\"@type\":\"WebSite\",\"@id\":\"https:\/\/jarchaespanol.com\/#website\",\"url\":\"https:\/\/jarchaespanol.com\/\",\"name\":\"Jarcha Espa\u00f1ol\",\"description\":\"Plataforma en l\u00ednea especializada en la comunicaci\u00f3n y en la formaci\u00f3n en espa\u00f1ol. Aprende espa\u00f1ol online.\",\"publisher\":{\"@id\":\"https:\/\/jarchaespanol.com\/#organization\"},\"potentialAction\":[{\"@type\":\"SearchAction\",\"target\":{\"@type\":\"EntryPoint\",\"urlTemplate\":\"https:\/\/jarchaespanol.com\/?s={search_term_string}\"},\"query-input\":{\"@type\":\"PropertyValueSpecification\",\"valueRequired\":true,\"valueName\":\"search_term_string\"}}],\"inLanguage\":\"it-IT\"},{\"@type\":\"Organization\",\"@id\":\"https:\/\/jarchaespanol.com\/#organization\",\"name\":\"Jarcha Espa\u00f1ol\",\"url\":\"https:\/\/jarchaespanol.com\/\",\"logo\":{\"@type\":\"ImageObject\",\"inLanguage\":\"it-IT\",\"@id\":\"https:\/\/jarchaespanol.com\/#\/schema\/logo\/image\/\",\"url\":\"https:\/\/jarchaespanol.com\/wp-content\/uploads\/2022\/03\/logo-factura-2.png\",\"contentUrl\":\"https:\/\/jarchaespanol.com\/wp-content\/uploads\/2022\/03\/logo-factura-2.png\",\"width\":474,\"height\":177,\"caption\":\"Jarcha Espa\u00f1ol\"},\"image\":{\"@id\":\"https:\/\/jarchaespanol.com\/#\/schema\/logo\/image\/\"}}]}<\/script>\n<!-- \/ Yoast SEO plugin. -->","yoast_head_json":{"title":"Politica sui cookie - Jarcha Espa\u00f1ol","description":"Jarcha Espa\u00f1ol - Politica sui cookie - Espa\u00f1ol como Lengua Extranjera. Clases de espa\u00f1ol online. Clases online para estudiantes de educaci\u00f3n primaria, educaci\u00f3n secundaria, educaci\u00f3n secundaria para adultos, ciclos, bachillerato, bachillerato para adultos y universidad.","robots":{"index":"index","follow":"follow","max-snippet":"max-snippet:-1","max-image-preview":"max-image-preview:large","max-video-preview":"max-video-preview:-1"},"canonical":"https:\/\/jarchaespanol.com\/it\/politica-de-cookies\/","og_locale":"it_IT","og_type":"article","og_title":"Politica sui cookie - Jarcha Espa\u00f1ol","og_description":"Jarcha Espa\u00f1ol - Politica sui cookie - Espa\u00f1ol como Lengua Extranjera. Clases de espa\u00f1ol online. Clases online para estudiantes de educaci\u00f3n primaria, educaci\u00f3n secundaria, educaci\u00f3n secundaria para adultos, ciclos, bachillerato, bachillerato para adultos y universidad.","og_url":"https:\/\/jarchaespanol.com\/politica-de-cookies\/","og_site_name":"Jarcha Espa\u00f1ol","article_modified_time":"2023-06-27T12:21:48+00:00","twitter_card":"summary_large_image","schema":{"@context":"https:\/\/schema.org","@graph":[{"@type":"WebPage","@id":"https:\/\/jarchaespanol.com\/politica-de-cookies\/","url":"https:\/\/jarchaespanol.com\/politica-de-cookies\/","name":"Politica sui cookie - Jarcha Espa\u00f1ol","isPartOf":{"@id":"https:\/\/jarchaespanol.com\/#website"},"datePublished":"2022-03-24T14:46:57+00:00","dateModified":"2023-06-27T12:21:48+00:00","description":"Jarcha Espa\u00f1ol - Politica sui cookie - Espa\u00f1ol como Lengua Extranjera. Clases de espa\u00f1ol online. Clases online para estudiantes de educaci\u00f3n primaria, educaci\u00f3n secundaria, educaci\u00f3n secundaria para adultos, ciclos, bachillerato, bachillerato para adultos y universidad.","breadcrumb":{"@id":"https:\/\/jarchaespanol.com\/politica-de-cookies\/#breadcrumb"},"inLanguage":"it-IT","potentialAction":[{"@type":"ReadAction","target":["https:\/\/jarchaespanol.com\/politica-de-cookies\/"]}]},{"@type":"BreadcrumbList","@id":"https:\/\/jarchaespanol.com\/politica-de-cookies\/#breadcrumb","itemListElement":[{"@type":"ListItem","position":1,"name":"Home","item":"https:\/\/jarchaespanol.com\/"},{"@type":"ListItem","position":2,"name":"Politica sui cookie"}]},{"@type":"WebSite","@id":"https:\/\/jarchaespanol.com\/#website","url":"https:\/\/jarchaespanol.com\/","name":"Jarcha Espa\u00f1ol","description":"Plataforma en l\u00ednea especializada en la comunicaci\u00f3n y en la formaci\u00f3n en espa\u00f1ol. Aprende espa\u00f1ol online.","publisher":{"@id":"https:\/\/jarchaespanol.com\/#organization"},"potentialAction":[{"@type":"SearchAction","target":{"@type":"EntryPoint","urlTemplate":"https:\/\/jarchaespanol.com\/?s={search_term_string}"},"query-input":{"@type":"PropertyValueSpecification","valueRequired":true,"valueName":"search_term_string"}}],"inLanguage":"it-IT"},{"@type":"Organization","@id":"https:\/\/jarchaespanol.com\/#organization","name":"Jarcha Espa\u00f1ol","url":"https:\/\/jarchaespanol.com\/","logo":{"@type":"ImageObject","inLanguage":"it-IT","@id":"https:\/\/jarchaespanol.com\/#\/schema\/logo\/image\/","url":"https:\/\/jarchaespanol.com\/wp-content\/uploads\/2022\/03\/logo-factura-2.png","contentUrl":"https:\/\/jarchaespanol.com\/wp-content\/uploads\/2022\/03\/logo-factura-2.png","width":474,"height":177,"caption":"Jarcha Espa\u00f1ol"},"image":{"@id":"https:\/\/jarchaespanol.com\/#\/schema\/logo\/image\/"}}]}},"_links":{"self":[{"href":"https:\/\/jarchaespanol.com\/it\/wp-json\/wp\/v2\/pages\/6187","targetHints":{"allow":["GET"]}}],"collection":[{"href":"https:\/\/jarchaespanol.com\/it\/wp-json\/wp\/v2\/pages"}],"about":[{"href":"https:\/\/jarchaespanol.com\/it\/wp-json\/wp\/v2\/types\/page"}],"author":[{"embeddable":true,"href":"https:\/\/jarchaespanol.com\/it\/wp-json\/wp\/v2\/users\/1"}],"replies":[{"embeddable":true,"href":"https:\/\/jarchaespanol.com\/it\/wp-json\/wp\/v2\/comments?post=6187"}],"version-history":[{"count":0,"href":"https:\/\/jarchaespanol.com\/it\/wp-json\/wp\/v2\/pages\/6187\/revisions"}],"wp:attachment":[{"href":"https:\/\/jarchaespanol.com\/it\/wp-json\/wp\/v2\/media?parent=6187"}],"curies":[{"name":"wp","href":"https:\/\/api.w.org\/{rel}","templated":true}]}}