{"id":6205,"date":"2022-04-07T11:01:53","date_gmt":"2022-04-07T09:01:53","guid":{"rendered":"https:\/\/jarchaespanol.es\/sobre-nosotros\/"},"modified":"2024-10-23T17:26:51","modified_gmt":"2024-10-23T15:26:51","slug":"sobre-nosotros","status":"publish","type":"page","link":"https:\/\/jarchaespanol.com\/it\/sobre-nosotros\/","title":{"rendered":"Chi siamo"},"content":{"rendered":"<p>[vc_row u_row_style=&#8221;0&#8243; u_row_paralax=&#8221;0&#8243; u_row_scheme=&#8221;0&#8243; css=&#8221;.vc_custom_1652260288089{margin-bottom: 0px !important;}&#8221;][vc_column css=&#8221;.vc_custom_1652260273107{margin-bottom: 0px !important;padding-bottom: 15px !important;}&#8221;][vc_custom_heading text=&#8221;Jarcha Espa\u00f1ol&#8221; google_fonts=&#8221;font_family:Source%20Sans%20Pro%3A200%2C200italic%2C300%2C300italic%2Cregular%2Citalic%2C600%2C600italic%2C700%2C700italic%2C900%2C900italic|font_style:600%20bold%20regular%3A600%3Anormal&#8221; css=&#8221;.vc_custom_1655727209965{padding-bottom: 15px !important;}&#8221;][vc_column_text css=&#8221;.vc_custom_1712141365876{margin-bottom: 15px !important;}&#8221;]<b>Jarcha Espa\u00f1ol<\/b><span style=\"font-weight: 400;\"> \u00e8 molto <\/span><b>pi\u00f9 di una scuola di spagnolo:<\/b><span style=\"font-weight: 400;\"> \u00e8 uno spazio di <\/span><b>apprendimento<\/b><span style=\"font-weight: 400;\"> e <\/span><b>incontro con la lingua e la cultura spagnole.<\/b><span style=\"font-weight: 400;\"> Il nostro nome rende omaggio alle <\/span><b>jarchas,<\/b><span style=\"font-weight: 400;\"> le prime manifestazioni letterarie in lingua romanza in Spagna, simbolo dell&#8217;<\/span><b>identit\u00e0 multiculturale<\/b><span style=\"font-weight: 400;\"> del nostro paese e filosofia del nostro sistema di insegnamento.<\/span>[\/vc_column_text][vc_column_text css=&#8221;.vc_custom_1712141381716{margin-bottom: 15px !important;}&#8221;]<b>Jarcha Espa\u00f1ol<\/b><span style=\"font-weight: 400;\"> si stabilisce quindi come un <\/span><b>centro per l&#8217;insegnamento dello spagnolo <\/b><span style=\"font-weight: 400;\">dove l&#8217;apprendimento va oltre la lingua.<\/span>[\/vc_column_text][vc_row_inner][vc_column_inner width=&#8221;1\/2&#8243;][vc_single_image image=&#8221;3342&#8243; img_size=&#8221;full&#8221; alignment=&#8221;center&#8221; css=&#8221;.vc_custom_1655978668673{padding-top: 10px !important;}&#8221;][\/vc_column_inner][vc_column_inner width=&#8221;1\/2&#8243;][\/vc_column_inner][\/vc_row_inner][vc_column_text css=&#8221;.vc_custom_1725531385498{padding-bottom: 30px !important;}&#8221;]<b>A Jarcha Espa\u00f1ol,<\/b><span style=\"font-weight: 400;\"> ci adattiamo alle esigenze e agli obiettivi accademici degli studenti con un <\/span><b>approccio duale:<\/b><\/p>\n<ul>\n<li style=\"font-weight: 400;\" aria-level=\"1\"><b>Modalit\u00e0 online:<\/b><span style=\"font-weight: 400;\"> consente l&#8217;autogestione dell&#8217;apprendimento secondo la loro disponibilit\u00e0 e fornisce loro un&#8217;esperienza educativa confortevole e flessibile.<\/span><\/li>\n<li style=\"font-weight: 400;\" aria-level=\"1\"><b>Modalit\u00e0 in presenza:<\/b><span style=\"font-weight: 400;\"> con programmazione didattica e attivit\u00e0 extracurriculari personalizzate, che promuovono un apprendimento significativo e uno sviluppo personale, oltre a incoraggiare l&#8217;interazione con l&#8217;ambiente e tra i partecipanti.<\/span><\/li>\n<\/ul>\n<p>[\/vc_column_text][\/vc_column][\/vc_row][vc_row][vc_column][vc_custom_heading text=&#8221;Ana Ghersi Fenor&#8221; google_fonts=&#8221;font_family:Source%20Sans%20Pro%3A200%2C200italic%2C300%2C300italic%2Cregular%2Citalic%2C600%2C600italic%2C700%2C700italic%2C900%2C900italic|font_style:600%20bold%20regular%3A600%3Anormal&#8221; css=&#8221;.vc_custom_1652260449052{padding-bottom: 15px !important;}&#8221;][vc_row_inner][vc_column_inner width=&#8221;1\/2&#8243;][vc_single_image image=&#8221;3633&#8243; img_size=&#8221;full&#8221; add_caption=&#8221;yes&#8221; css=&#8221;.vc_custom_1670592815673{padding-top: 10px !important;}&#8221;][\/vc_column_inner][vc_column_inner width=&#8221;1\/2&#8243;][vc_column_text css=&#8221;.vc_custom_1712141653873{margin-bottom: 9px !important;}&#8221;]<span style=\"font-weight: 400;\">Lei \u00e8 la voce dietro <\/span><b>Jarcha Espa\u00f1ol.<\/b><span style=\"font-weight: 400;\"> Filologa e appassionata insegnante di Lingua e Letteratura Spagnola, nonch\u00e9 di Spagnolo come Lingua Straniera, guida Jarcha Espa\u00f1ol dal 2021.<\/span>[\/vc_column_text][vc_column_text css=&#8221;.vc_custom_1712141475535{margin-bottom: 9px !important;}&#8221;]<span style=\"font-weight: 400;\">Il suo amore per le lettere l&#8217;ha portata a fondare nel 2017 la Asociaci\u00f3n de Escritores de Vigo Haberlos, haylos, dove offre formazione e laboratori di scrittura, oltre ad essere autrice di racconti, micro-racconti e un romanzo.<\/span>[\/vc_column_text][\/vc_column_inner][\/vc_row_inner][\/vc_column][\/vc_row][vc_row][vc_column css=&#8221;.vc_custom_1648120674462{padding-bottom: 15px !important;}&#8221;][vc_custom_heading text=&#8221;La nostra esperienza&#8221; google_fonts=&#8221;font_family:Source%20Sans%20Pro%3A200%2C200italic%2C300%2C300italic%2Cregular%2Citalic%2C600%2C600italic%2C700%2C700italic%2C900%2C900italic|font_style:600%20bold%20regular%3A600%3Anormal&#8221;][vc_column_text css=&#8221;.vc_custom_1712142967266{padding-bottom: 30px !important;}&#8221;]<span style=\"font-weight: 400;\">A <\/span><b>Jarcha Espa\u00f1ol,<\/b><span style=\"font-weight: 400;\"> ci dedichiamo all&#8217;insegnamento completo della lingua spagnola, rivolgendoci a studenti di tutte le et\u00e0 e profili. Nel 2020, la pandemia ci ha spinti ad espanderci verso la <\/span><a href=\"https:\/\/jarchaespanol.com\/it\/espanol-online\/\"><b>formazione online<\/b><\/a><b>,<\/b><span style=\"font-weight: 400;\"> una transizione che ci ha permesso di crescere e ampliare la nostra offerta educativa.<\/span><\/p>\n<p><span style=\"font-weight: 400;\">Attualmente, completiamo le nostre lezioni virtuali, accessibili da qualsiasi parte del mondo, con <\/span><a href=\"https:\/\/jarchaespanol.com\/it\/spagnolo-in-immersione-linguistica\/\"><b>corsi di immersione linguistica<\/b><\/a><span style=\"font-weight: 400;\">\u00a0e <\/span><a href=\"https:\/\/jarchaespanol.com\/it\/spagnolo-in-presenza-per-gruppi\/\"><b>sessioni presenziali per gruppi<\/b><\/a><b>,<\/b><span style=\"font-weight: 400;\"> che facilitano l&#8217;accesso all&#8217;apprendimento in loco della lingua e all&#8217;immersione negli aspetti sociali e culturali della vita in Spagna. Guidati da esperti in diverse discipline, i nostri studenti si avvicinano all&#8217;essenza di un paese noto per la sua storica diversit\u00e0 culturale.<\/span>[\/vc_column_text][vc_custom_heading text=&#8221;Vigo: la nostra casa e fonte di ispirazione&#8221; google_fonts=&#8221;font_family:Source%20Sans%20Pro%3A200%2C200italic%2C300%2C300italic%2Cregular%2Citalic%2C600%2C600italic%2C700%2C700italic%2C900%2C900italic|font_style:600%20bold%20regular%3A600%3Anormal&#8221;][vc_column_text css=&#8221;.vc_custom_1712141554884{padding-bottom: 30px !important;}&#8221;]<span style=\"font-weight: 400;\">Svolgiamo la nostra attivit\u00e0 a <\/span><b>Vigo,<\/b><span style=\"font-weight: 400;\"> la pi\u00f9 grande citt\u00e0 della Galizia, sulle rive dell&#8217;Atlantico. Conosciuta per il suo impressionante porto, uno dei pi\u00f9 importanti al mondo, Vigo \u00e8 un centro nevralgico dell&#8217;industria navale, della pesca e della conservazione che riflette il dinamismo e lo spirito innovativo che cerchiamo anche di trasmettere nel nostro insegnamento.<\/span>[\/vc_column_text][vc_custom_heading text=&#8221;Nostra missione&#8221; google_fonts=&#8221;font_family:Source%20Sans%20Pro%3A200%2C200italic%2C300%2C300italic%2Cregular%2Citalic%2C600%2C600italic%2C700%2C700italic%2C900%2C900italic|font_style:600%20bold%20regular%3A600%3Anormal&#8221;][vc_column_text css=&#8221;.vc_custom_1712141571802{padding-bottom: 30px !important;}&#8221;]<span style=\"font-weight: 400;\">Offrire una formazione di qualit\u00e0, adattata agli obiettivi educativi dei nostri studenti, che potenzi il loro sviluppo personale e professionale e apra la strada a nuove forme di svago e turismo culturale.<\/span>[\/vc_column_text][vc_custom_heading text=&#8221;La nostra visione&#8221; google_fonts=&#8221;font_family:Source%20Sans%20Pro%3A200%2C200italic%2C300%2C300italic%2Cregular%2Citalic%2C600%2C600italic%2C700%2C700italic%2C900%2C900italic|font_style:600%20bold%20regular%3A600%3Anormal&#8221;][vc_column_text css=&#8221;.vc_custom_1712141600444{padding-bottom: 30px !important;}&#8221;]<span style=\"font-weight: 400;\">Diventare un punto di riferimento nell&#8217;insegnamento dello spagnolo, integrando le esperienze formative online e in presenza, affinch\u00e9 i nostri studenti non solo padroneggino la lingua, ma si impegnino anche attivamente nella vita e nella cultura spagnole.<\/span><\/p>\n<p><span style=\"font-weight: 400;\">Aspiriamo ad essere un&#8217;istituzione leader nel nostro settore che, attraverso l&#8217;innovazione e l&#8217;eccellenza educativa, formi <\/span><b>cittadini globali<\/b><span style=\"font-weight: 400;\"> pronti a comunicare con sicurezza e ad agire con tolleranza e giustizia in un mondo interconnesso.<\/span>[\/vc_column_text][\/vc_column][\/vc_row][vc_row][vc_column css=&#8221;.vc_custom_1648120533019{padding-bottom: 15px !important;}&#8221;][vc_custom_heading text=&#8221;Galleria fotografica&#8221; google_fonts=&#8221;font_family:Source%20Sans%20Pro%3A200%2C200italic%2C300%2C300italic%2Cregular%2Citalic%2C600%2C600italic%2C700%2C700italic%2C900%2C900italic|font_style:600%20bold%20regular%3A600%3Anormal&#8221; css=&#8221;.vc_custom_1648475657678{padding-bottom: 15px !important;}&#8221;][vc_gallery type=&#8221;flexslider_slide&#8221; interval=&#8221;3&#8243; images=&#8221;3323,3324,3325,3326,3327,3328,3329,3330,3331,3332,3334,3335,3336,3337,3338,3965&#8243; img_size=&#8221;650&#215;400&#8243;][\/vc_column][\/vc_row][vc_row u_row_style=&#8221;0&#8243; u_row_paralax=&#8221;0&#8243; u_row_scheme=&#8221;0&#8243; css=&#8221;.vc_custom_1648038679961{margin-top: 0px !important;margin-bottom: 30px !important;padding-top: 20px !important;padding-bottom: 10px !important;background-color: #e9edf1 !important;}&#8221;][vc_column width=&#8221;2\/3&#8243; css=&#8221;.vc_custom_1648118361858{padding-top: 0px !important;}&#8221; el_class=&#8221;no-margin-bottom-mobile&#8221;][vc_single_image image=&#8221;3310&#8243; img_size=&#8221;full&#8221; alignment=&#8221;center&#8221; css_animation=&#8221;bottom-to-top&#8221; css=&#8221;.vc_custom_1648117939977{border-top-width: 0px !important;border-bottom-width: 0px !important;padding-top: 0px !important;padding-bottom: 0px !important;}&#8221;][\/vc_column][vc_column width=&#8221;1\/3&#8243; css=&#8221;.vc_custom_1648118147712{padding-top: 0px !important;}&#8221;][vc_column_text css=&#8221;.vc_custom_1659948028778{margin-bottom: 5px !important;padding-top: 0px !important;padding-bottom: 0px !important;}&#8221;]Se vuoi conoscerci un po&#8217; di pi\u00f9, visita il nostro Facebook[\/vc_column_text]    \t<a class=\"btn button-77487 btn-primary \" href=\"https:\/\/www.facebook.com\/haberloshaylosenvigo\" data-delay=0  target=\"_blank\" >\r\n        <i class=\"fa fa-arrow-right\"><\/i>&nbsp;&nbsp;FACEBOOK        <\/a>\r\n        \t\t\t<style scoped=\"scoped\">\r\n\t\t\t\t.button-77487{\r\n\t\t\t\t\t\t\t\t\t\tbackground-color: #2a89dd;\r\n\t\t\t\t\t\t\t\t\t\tborder-color: #2a89dd\t\t\t\t}\r\n\t\t\t<\/style>\r\n\t\t[\/vc_column][\/vc_row][vc_row][vc_column][\/vc_column][\/vc_row]<\/p>\n","protected":false},"excerpt":{"rendered":"<p>[vc_row u_row_style=&#8221;0&#8243; u_row_paralax=&#8221;0&#8243; u_row_scheme=&#8221;0&#8243; css=&#8221;.vc_custom_1652260288089{margin-bottom: 0px !important;}&#8221;][vc_column css=&#8221;.vc_custom_1652260273107{margin-bottom: 0px !important;padding-bottom: 15px !important;}&#8221;][vc_custom_heading text=&#8221;Jarcha Espa\u00f1ol&#8221; google_fonts=&#8221;font_family:Source%20Sans%20Pro%3A200%2C200italic%2C300%2C300italic%2Cregular%2Citalic%2C600%2C600italic%2C700%2C700italic%2C900%2C900italic|font_style:600%20bold%20regular%3A600%3Anormal&#8221; css=&#8221;.vc_custom_1655727209965{padding-bottom: 15px !important;}&#8221;][vc_column_text css=&#8221;.vc_custom_1712141365876{margin-bottom: 15px !important;}&#8221;]Jarcha Espa\u00f1ol \u00e8 molto pi\u00f9 di una scuola di spagnolo: \u00e8 uno spazio di apprendimento e incontro con la lingua e la cultura spagnole. Il nostro nome rende omaggio alle jarchas, le prime manifestazioni letterarie [&hellip;]<\/p>\n","protected":false},"author":1,"featured_media":0,"parent":0,"menu_order":0,"comment_status":"closed","ping_status":"closed","template":"","meta":{"inline_featured_image":false,"_joinchat":[],"footnotes":""},"class_list":["post-6205","page","type-page","status-publish","hentry"],"yoast_head":"<!-- This site is optimized with the Yoast SEO plugin v26.8 - https:\/\/yoast.com\/product\/yoast-seo-wordpress\/ -->\n<title>Cos&#039;\u00e8 Jarcha Espa\u00f1ol - Jarcha Espa\u00f1ol<\/title>\n<meta name=\"description\" content=\"Che cos&#039;\u00e8 Jarcha Espa\u00f1ol? Informazioni su chi siamo, gli insegnanti di Jarcha. Impara lo spagnolo online. Lezioni private di supporto.\" \/>\n<meta name=\"robots\" content=\"index, follow, max-snippet:-1, max-image-preview:large, max-video-preview:-1\" \/>\n<link rel=\"canonical\" href=\"https:\/\/jarchaespanol.com\/it\/sobre-nosotros\/\" \/>\n<meta property=\"og:locale\" content=\"it_IT\" \/>\n<meta property=\"og:type\" content=\"article\" \/>\n<meta property=\"og:title\" content=\"Cos&#039;\u00e8 Jarcha Espa\u00f1ol - Jarcha Espa\u00f1ol\" \/>\n<meta property=\"og:description\" content=\"Che cos&#039;\u00e8 Jarcha Espa\u00f1ol? Informazioni su chi siamo, gli insegnanti di Jarcha. Impara lo spagnolo online. Lezioni private di supporto.\" \/>\n<meta property=\"og:url\" content=\"https:\/\/jarchaespanol.com\/que-es-jarcha-espanol\/\" \/>\n<meta property=\"og:site_name\" content=\"Jarcha Espa\u00f1ol\" \/>\n<meta property=\"article:modified_time\" content=\"2024-10-23T15:26:51+00:00\" \/>\n<meta name=\"twitter:card\" content=\"summary_large_image\" \/>\n<script type=\"application\/ld+json\" class=\"yoast-schema-graph\">{\"@context\":\"https:\/\/schema.org\",\"@graph\":[{\"@type\":\"WebPage\",\"@id\":\"https:\/\/jarchaespanol.com\/que-es-jarcha-espanol\/\",\"url\":\"https:\/\/jarchaespanol.com\/que-es-jarcha-espanol\/\",\"name\":\"Cos'\u00e8 Jarcha Espa\u00f1ol - Jarcha Espa\u00f1ol\",\"isPartOf\":{\"@id\":\"https:\/\/jarchaespanol.com\/#website\"},\"datePublished\":\"2022-04-07T09:01:53+00:00\",\"dateModified\":\"2024-10-23T15:26:51+00:00\",\"description\":\"Che cos'\u00e8 Jarcha Espa\u00f1ol? Informazioni su chi siamo, gli insegnanti di Jarcha. Impara lo spagnolo online. Lezioni private di supporto.\",\"breadcrumb\":{\"@id\":\"https:\/\/jarchaespanol.com\/que-es-jarcha-espanol\/#breadcrumb\"},\"inLanguage\":\"it-IT\",\"potentialAction\":[{\"@type\":\"ReadAction\",\"target\":[\"https:\/\/jarchaespanol.com\/que-es-jarcha-espanol\/\"]}]},{\"@type\":\"BreadcrumbList\",\"@id\":\"https:\/\/jarchaespanol.com\/que-es-jarcha-espanol\/#breadcrumb\",\"itemListElement\":[{\"@type\":\"ListItem\",\"position\":1,\"name\":\"Home\",\"item\":\"https:\/\/jarchaespanol.com\/\"},{\"@type\":\"ListItem\",\"position\":2,\"name\":\"Chi siamo\"}]},{\"@type\":\"WebSite\",\"@id\":\"https:\/\/jarchaespanol.com\/#website\",\"url\":\"https:\/\/jarchaespanol.com\/\",\"name\":\"Jarcha Espa\u00f1ol\",\"description\":\"Plataforma en l\u00ednea especializada en la comunicaci\u00f3n y en la formaci\u00f3n en espa\u00f1ol. Aprende espa\u00f1ol online.\",\"publisher\":{\"@id\":\"https:\/\/jarchaespanol.com\/#organization\"},\"potentialAction\":[{\"@type\":\"SearchAction\",\"target\":{\"@type\":\"EntryPoint\",\"urlTemplate\":\"https:\/\/jarchaespanol.com\/?s={search_term_string}\"},\"query-input\":{\"@type\":\"PropertyValueSpecification\",\"valueRequired\":true,\"valueName\":\"search_term_string\"}}],\"inLanguage\":\"it-IT\"},{\"@type\":\"Organization\",\"@id\":\"https:\/\/jarchaespanol.com\/#organization\",\"name\":\"Jarcha Espa\u00f1ol\",\"url\":\"https:\/\/jarchaespanol.com\/\",\"logo\":{\"@type\":\"ImageObject\",\"inLanguage\":\"it-IT\",\"@id\":\"https:\/\/jarchaespanol.com\/#\/schema\/logo\/image\/\",\"url\":\"https:\/\/jarchaespanol.com\/wp-content\/uploads\/2022\/03\/logo-factura-2.png\",\"contentUrl\":\"https:\/\/jarchaespanol.com\/wp-content\/uploads\/2022\/03\/logo-factura-2.png\",\"width\":474,\"height\":177,\"caption\":\"Jarcha Espa\u00f1ol\"},\"image\":{\"@id\":\"https:\/\/jarchaespanol.com\/#\/schema\/logo\/image\/\"}}]}<\/script>\n<!-- \/ Yoast SEO plugin. -->","yoast_head_json":{"title":"Cos'\u00e8 Jarcha Espa\u00f1ol - Jarcha Espa\u00f1ol","description":"Che cos'\u00e8 Jarcha Espa\u00f1ol? Informazioni su chi siamo, gli insegnanti di Jarcha. Impara lo spagnolo online. Lezioni private di supporto.","robots":{"index":"index","follow":"follow","max-snippet":"max-snippet:-1","max-image-preview":"max-image-preview:large","max-video-preview":"max-video-preview:-1"},"canonical":"https:\/\/jarchaespanol.com\/it\/sobre-nosotros\/","og_locale":"it_IT","og_type":"article","og_title":"Cos'\u00e8 Jarcha Espa\u00f1ol - Jarcha Espa\u00f1ol","og_description":"Che cos'\u00e8 Jarcha Espa\u00f1ol? Informazioni su chi siamo, gli insegnanti di Jarcha. Impara lo spagnolo online. Lezioni private di supporto.","og_url":"https:\/\/jarchaespanol.com\/que-es-jarcha-espanol\/","og_site_name":"Jarcha Espa\u00f1ol","article_modified_time":"2024-10-23T15:26:51+00:00","twitter_card":"summary_large_image","schema":{"@context":"https:\/\/schema.org","@graph":[{"@type":"WebPage","@id":"https:\/\/jarchaespanol.com\/que-es-jarcha-espanol\/","url":"https:\/\/jarchaespanol.com\/que-es-jarcha-espanol\/","name":"Cos'\u00e8 Jarcha Espa\u00f1ol - Jarcha Espa\u00f1ol","isPartOf":{"@id":"https:\/\/jarchaespanol.com\/#website"},"datePublished":"2022-04-07T09:01:53+00:00","dateModified":"2024-10-23T15:26:51+00:00","description":"Che cos'\u00e8 Jarcha Espa\u00f1ol? Informazioni su chi siamo, gli insegnanti di Jarcha. Impara lo spagnolo online. Lezioni private di supporto.","breadcrumb":{"@id":"https:\/\/jarchaespanol.com\/que-es-jarcha-espanol\/#breadcrumb"},"inLanguage":"it-IT","potentialAction":[{"@type":"ReadAction","target":["https:\/\/jarchaespanol.com\/que-es-jarcha-espanol\/"]}]},{"@type":"BreadcrumbList","@id":"https:\/\/jarchaespanol.com\/que-es-jarcha-espanol\/#breadcrumb","itemListElement":[{"@type":"ListItem","position":1,"name":"Home","item":"https:\/\/jarchaespanol.com\/"},{"@type":"ListItem","position":2,"name":"Chi siamo"}]},{"@type":"WebSite","@id":"https:\/\/jarchaespanol.com\/#website","url":"https:\/\/jarchaespanol.com\/","name":"Jarcha Espa\u00f1ol","description":"Plataforma en l\u00ednea especializada en la comunicaci\u00f3n y en la formaci\u00f3n en espa\u00f1ol. Aprende espa\u00f1ol online.","publisher":{"@id":"https:\/\/jarchaespanol.com\/#organization"},"potentialAction":[{"@type":"SearchAction","target":{"@type":"EntryPoint","urlTemplate":"https:\/\/jarchaespanol.com\/?s={search_term_string}"},"query-input":{"@type":"PropertyValueSpecification","valueRequired":true,"valueName":"search_term_string"}}],"inLanguage":"it-IT"},{"@type":"Organization","@id":"https:\/\/jarchaespanol.com\/#organization","name":"Jarcha Espa\u00f1ol","url":"https:\/\/jarchaespanol.com\/","logo":{"@type":"ImageObject","inLanguage":"it-IT","@id":"https:\/\/jarchaespanol.com\/#\/schema\/logo\/image\/","url":"https:\/\/jarchaespanol.com\/wp-content\/uploads\/2022\/03\/logo-factura-2.png","contentUrl":"https:\/\/jarchaespanol.com\/wp-content\/uploads\/2022\/03\/logo-factura-2.png","width":474,"height":177,"caption":"Jarcha Espa\u00f1ol"},"image":{"@id":"https:\/\/jarchaespanol.com\/#\/schema\/logo\/image\/"}}]}},"_links":{"self":[{"href":"https:\/\/jarchaespanol.com\/it\/wp-json\/wp\/v2\/pages\/6205","targetHints":{"allow":["GET"]}}],"collection":[{"href":"https:\/\/jarchaespanol.com\/it\/wp-json\/wp\/v2\/pages"}],"about":[{"href":"https:\/\/jarchaespanol.com\/it\/wp-json\/wp\/v2\/types\/page"}],"author":[{"embeddable":true,"href":"https:\/\/jarchaespanol.com\/it\/wp-json\/wp\/v2\/users\/1"}],"replies":[{"embeddable":true,"href":"https:\/\/jarchaespanol.com\/it\/wp-json\/wp\/v2\/comments?post=6205"}],"version-history":[{"count":0,"href":"https:\/\/jarchaespanol.com\/it\/wp-json\/wp\/v2\/pages\/6205\/revisions"}],"wp:attachment":[{"href":"https:\/\/jarchaespanol.com\/it\/wp-json\/wp\/v2\/media?parent=6205"}],"curies":[{"name":"wp","href":"https:\/\/api.w.org\/{rel}","templated":true}]}}