{"id":6213,"date":"2022-03-08T18:44:51","date_gmt":"2022-03-08T17:44:51","guid":{"rendered":"https:\/\/jarchaespanol.es\/condiciones-venta\/"},"modified":"2026-04-01T12:59:53","modified_gmt":"2026-04-01T10:59:53","slug":"condiciones-venta","status":"publish","type":"page","link":"https:\/\/jarchaespanol.com\/it\/condiciones-venta\/","title":{"rendered":"Condizioni generali di vendita"},"content":{"rendered":"<p>[vc_row][vc_column][vc_column_text]<\/p>\n<h2><span style=\"color: #882437;\"><b>1. Spagnolo online e Spagnolo in presenza<\/b><\/span><\/h2>\n<p>&nbsp;<\/p>\n<h3><span style=\"color: #882437;\"><br \/>\n<\/span><b>1.1. Acquisto delle lezioni<\/b><\/h3>\n<p>&nbsp;<\/p>\n<ul>\n<li><span style=\"font-weight: 400;\">Si consiglia di effettuare il <\/span><b>test di livello <\/b><span style=\"font-weight: 400;\">online che si trova alla fine di ogni modalit\u00e0 di insegnamento, per determinare il livello di apprendimento adeguato per lo studente.<\/span><br \/>\nVerifica qui il tuo livello di spagnolo:<br \/>\n<a class=\"btn btn-jarcha\" href=\"https:\/\/docs.google.com\/forms\/d\/e\/1FAIpQLScMyzM92U1yRd7pyrAY6iNldme-eUzGKpzMkl9ZJUN072zVHw\/viewform?usp=sf_link\" target=\"_blank\" rel=\"noopener\"><span style=\"font-weight: 400;\"><i class=\"vc_btn3-icon fas fa-user-graduate\"><\/i> A1 <\/span><\/a> <a class=\"btn btn-jarcha\" href=\"https:\/\/docs.google.com\/forms\/d\/e\/1FAIpQLSctisEsdQt-A4UJe0KuWHLCDoTzLtXFWelAQNoauRGeyPcSUg\/viewform?usp=sf_link\" target=\"_blank\" rel=\"noopener\"><span style=\"font-weight: 400;\"><i class=\"vc_btn3-icon fas fa-user-graduate\"><\/i> A2 <\/span><\/a> <a class=\"btn btn-jarcha\" href=\"https:\/\/docs.google.com\/forms\/d\/e\/1FAIpQLSdNGeGMzvjiXYDQWm0ySq6zpqES6g3MFOjMnaYxYUgCeI3M7A\/viewform?usp=sf_link\" target=\"_blank\" rel=\"noopener\"><span style=\"font-weight: 400;\"><i class=\"vc_btn3-icon fas fa-user-graduate\"><\/i> B1 <\/span><\/a> <a class=\"btn btn-jarcha\" href=\"https:\/\/docs.google.com\/forms\/d\/e\/1FAIpQLSfHj2JP1zE2D1FUPS_FbH0zTUNzAJ1CEopeBKifrEwm5nMmsw\/viewform?usp=sf_link\" target=\"_blank\" rel=\"noopener\"><span style=\"font-weight: 400;\"><i class=\"vc_btn3-icon fas fa-user-graduate\"><\/i> B2 <\/span><\/a> <a class=\"btn btn-jarcha\" href=\"https:\/\/docs.google.com\/forms\/d\/e\/1FAIpQLSeUgWtLVaOwNh7sbMlg0a7C-zQG3OhJkbzS22VtItOdw6IVCQ\/viewform?usp=sf_link\" target=\"_blank\" rel=\"noopener\"><span style=\"font-weight: 400;\"><i class=\"vc_btn3-icon fas fa-user-graduate\"><\/i> C1 <\/span><\/a> <a class=\"btn btn-jarcha\" style=\"margin-bottom: 5px;\" href=\"https:\/\/docs.google.com\/forms\/d\/e\/1FAIpQLScMlqLbAih6VOcu6jaiNdpp6wh9zkimMY9El8kqYbHZaRVInw\/viewform?usp=sf_link\" target=\"_blank\" rel=\"noopener\"><span style=\"font-weight: 400;\"><i class=\"vc_btn3-icon fas fa-user-graduate\"><\/i> C2 <\/span><\/a><\/li>\n<li><span style=\"font-weight: 400;\">Le lezioni, sia online che in presenza, devono essere gestite almeno <\/span><b>24 ore prima <\/b><span style=\"font-weight: 400;\">della prima sessione tramite il nostro sito web. Quelle non elaborate entro questo termine non saranno programmate nel calendario.<br \/>\n<\/span><\/li>\n<li><span style=\"font-weight: 400;\">Al momento della prenotazione delle lezioni, lo studente deve tenere conto della disponibilit\u00e0 degli orari, consultando il <\/span><b>calendario delle lezioni<\/b><span style=\"font-weight: 400;\"><br \/>\ne il calendario dei giorni non scolastici, accessibili sul nostro sito web.<br \/>\n<\/span><\/li>\n<li><b>Dopo aver completato il pagamento, <\/b><span style=\"font-weight: 400;\">lo studente ricever\u00e0 un<\/span><br \/>\n<b>link <\/b><span style=\"font-weight: 400;\">per accedere alle lezioni <\/span><b>online.<\/b><\/li>\n<li><span style=\"font-weight: 400;\">Nel caso delle <\/span><b>lezioni in presenza<\/b><span style=\"font-weight: 400;\">, lo studente ricever\u00e0 un\u2019email di conferma con tutte le informazioni necessarie.<br \/>\n<\/span><\/li>\n<li><span style=\"font-weight: 400;\">Le lezioni non sono trasferibili ad altre persone.<br \/>\n<\/span><\/li>\n<li>I prezzi includono manuali e materiale didattico stampato, nonch\u00e9 in formati Word, JPG e PDF e contenuti multimediali.<\/li>\n<\/ul>\n<p>&nbsp;<\/p>\n<p style=\"padding-left: 40px;\">Nota: In Espagnol en ligne &#8211; S\u00e9ances th\u00e9matiques mensuelles, lo studente deve prenotare con <strong>almeno una settimana di anticipo<\/strong>, indicando nelle caselle il <strong>livello<\/strong> e l&#8217;<strong>argomento<\/strong> della discussione.<\/p>\n<p>&nbsp;<\/p>\n<h4><strong>1.1.1. Cambio da modalit\u00e0 presenziale a online<\/strong><\/h4>\n<p>Lo studente che ha acquistato in precedenza una lezione presenziale pu\u00f2 richiedere di cambiare la modalit\u00e0 in online con almeno 48 ore di anticipo, inviando la richiesta via email. Jarcha Espa\u00f1ol pu\u00f2 autorizzare il cambiamento, purch\u00e9 venga comunicato entro il termine stabilito.<\/p>\n<p>Se lo studente richiede il cambio il giorno stesso della lezione, per motivi personali o per lieve indisposizione, tale richiesta sar\u00e0 accolta solo se risulter\u00e0 possibile per il centro. In nessun caso verranno effettuati rimborsi o adeguamenti economici.<\/p>\n<p>Lo studente accetta che, acquistando lezioni presenziali, si impegna a riceverle in tale modalit\u00e0. Per una maggiore flessibilit\u00e0, si consiglia di acquistare lezioni<br \/>singole, scegliendo di volta in volta la modalit\u00e0 e l\u2019orario pi\u00f9 convenienti.<\/p>\n<h3><b>1.2. Metodo di pagamento<\/b><\/h3>\n<p>Lo studente pu\u00f2 acquistare fino a un <strong>massimo di 6<\/strong> ore alla volta, e utilizzarle a sua convenienza, entro un periodo massimo di <strong>2 mesi<\/strong> dal momento dell\u2019acquisto.<span style=\"font-weight: 400;\"><br \/>\n<\/span><\/p>\n<h3><b>1.3. Adeguamento per l\u2019IPC<\/b><\/h3>\n<p><span style=\"font-weight: 400;\">I prezzi degli lezioni singole saranno soggetti a un adeguamento annuale basato sull\u2019Indice dei Prezzi al Consumo (IPC).<br \/>\n<\/span><\/p>\n<h3 id=\"cancel\"><b>1.4. Politica di cancellazione, rimborso e recupero<\/b><\/h3>\n<p>&nbsp;<\/p>\n<h4><b>1.4.1. Cancellazione e rimborso<\/b><\/h4>\n<p>&nbsp;<\/p>\n<ul>\n<li><span style=\"font-weight: 400;\">In caso di cancellazione delle lezioni i rimborsi verranno emessi solo se la cancellazione avviene entro un massimo di <strong>48 ore<\/strong> dal momento dell&#8217;acquisto.<br \/>\n<\/span><\/li>\n<li><span style=\"font-weight: 400;\">Non saranno effettuati rimborsi per lezioni non utilizzate, \u00a0indipendentemente dal motivo. In alternativa, le lezioni potranno essere recuperate sempre che si rispettino le condizioni indicate nella sezione <\/span><span style=\"color: #882437;\"><strong>Recupero.<\/strong><\/span><\/li>\n<li><span style=\"font-weight: 400;\">Le lezioni singole non utilizzate entro un periodo massimo di <\/span><b>3 mesi<\/b><br \/>\n<b>dalla data di acquisto <\/b><span style=\"font-weight: 400;\">saranno considerate come svolte e <\/span><b>non saranno rimborsate<\/b><\/li>\n<\/ul>\n<p>&nbsp;<\/p>\n<h4><b>1.4.2. Recupero<\/b><\/h4>\n<p><b>1.4.2.1. Lezioni singole<\/b><\/p>\n<ul>\n<li><span style=\"font-weight: 400;\">Se uno studente cancella una lezione con almeno 24 ore di anticipo, potr\u00e0 recuperarla in base alla <\/span><b>disponibilit\u00e0 dell\u2019insegnante<\/b><span style=\"font-weight: 400;\">, cercando un orario conveniente per entrambe le parti.<br \/>\n<\/span><\/li>\n<li><span style=\"font-weight: 400;\">Si potr\u00e0 recuperare solo una lezione al mese.<br \/>\n<\/span><\/li>\n<li><span style=\"font-weight: 400;\">Se lo studente non notifica l\u2019assenza con almeno 24 ore di anticipo, la lezione sar\u00e0 considerata come svolta e non potr\u00e0 essere recuperata.<br \/>\n<\/span><\/li>\n<\/ul>\n<p><b>1.4.2.2. Recupero delle lezioni da parte di Jarcha Espa\u00f1ol<\/b><\/p>\n<p><span style=\"font-weight: 400;\"><br \/>\nSe per qualche motivo Jarcha Espa\u00f1ol fosse costretta a sospendere una lezione,<br \/>\nsar\u00e0 concordata con lo studente una nuova data per recuperarla.<br \/>\n<\/span><\/p>\n<h4><b>1.4.3. Ritardi<\/b><span style=\"font-weight: 400;\">\u00a0<\/span><\/h4>\n<p><span style=\"font-weight: 400;\">Le lezioni devono iniziare all\u2019orario previsto. Se, senza giustificazione, lo studente \u00e8 in ritardo <\/span><b>di oltre 15 minuti<\/b><span style=\"font-weight: 400;\">, la lezione sar\u00e0 <\/span><b>annullata<\/b><span style=\"font-weight: 400;\"> e non sar\u00e0 rimborsata. Se il ritardo \u00e8<\/span><b> inferiore a 15 minuti<\/b><span style=\"font-weight: 400;\">, la sessione terminer\u00e0 comunque all\u2019orario concordato, senza aggiungere tempo extra.\u00a0<\/span><\/p>\n<p><span style=\"font-weight: 400;\">Se l\u2019<\/span><b>insegnante<\/b><span style=\"font-weight: 400;\"> \u00e8 in ritardo, il tempo perso sar\u00e0 recuperato alla fine della lezione o riprogrammando una nuova lezione in una data concordata con lo studente.<\/span><\/p>\n<h3><b>1.5. Calendario delle lezioni<\/b><\/h3>\n<p><span style=\"font-weight: 400;\">Questo calendario, aggiornato settimanalmente, riflette l\u2019attivit\u00e0 scolastica di Jarcha Espa\u00f1ol, permettendo agli studenti di scegliere l\u2019orario che pi\u00f9 gli conviene tra quelli disponibili.<\/span><\/p>\n<h3><b>1.6. Calendario dei giorni non scolastici<\/b><\/h3>\n<p>&nbsp;<\/p>\n<p><span style=\"font-weight: 400;\">In questo calendario sono indicati i giorni in cui non abbiamo lezione a Jarcha Espa\u00f1ol: festivit\u00e0 locali, regionali e nazionali, cos\u00ec come i giorni di vacanza nel nostro centro.<\/span>[\/vc_column_text][vc_single_image image=&#8221;21052&#8243; img_size=&#8221;full&#8221; title=&#8221;2026&#8243; el_id=&#8221;calendario&#8221;][vc_column_text]<\/p>\n<h2><span style=\"color: #882437;\"><b>2. Spagnolo presenziale per collettivi e VigoLingua <\/b><\/span><\/h2>\n<p>&nbsp;<\/p>\n<h3><b>2.1. Spagnolo presenziale per collettivi<\/b><\/h3>\n<p>&nbsp;<\/p>\n<h4><b>2.1.1. Procedura di iscrizione, prenotazione e pagamento<\/b><\/h4>\n<p>&nbsp;<\/p>\n<p><b>2.1.1.1. Iscrizione<\/b><\/p>\n<p><span style=\"font-weight: 400;\">Per iscriversi al programma di Spagnolo presenziale per gruppi, \u00e8 necessario compilare e firmare il preventivo generale fornito da Jarcha Espa\u00f1ol e inviarlo via email all\u2019indirizzo info@jarchaespanol.com.<\/span><\/p>\n<p>&nbsp;<\/p>\n<p><b>2.1.1.2. Prenotazione<\/b><span style=\"font-weight: 400;\">\u00a0<\/span><\/p>\n<p><span style=\"font-weight: 400;\">Per la prenotazione del posto, deve essere effettuato, <\/span><b>entro 7 giorni dalla firma del preventivo, <\/b><span style=\"font-weight: 400;\">un deposito del <\/span><b>30%<\/b><span style=\"font-weight: 400;\"> dell\u2019importo fissato, come garanzia di impegno.<\/span><\/p>\n<p>&nbsp;<\/p>\n<p><b>2.1.1.3. Pagamento<\/b><span style=\"font-weight: 400;\">\u00a0<\/span><\/p>\n<ul>\n<li style=\"font-weight: 400;\" aria-level=\"1\"><span style=\"font-weight: 400;\">Il pagamento dell\u2019importo restante deve essere effettuato al massimo <\/span><b>70 giorni<\/b> <b>prima dell\u2019inizio del corso.<\/b><span style=\"font-weight: 400;\">\u00a0<\/span><\/li>\n<p> \t<\/p>\n<li style=\"font-weight: 400;\" aria-level=\"1\"><span style=\"font-weight: 400;\">Il pagamento di queste somme deve essere effettuato tramite bonifico o versamento sul conto bancario indicato nel preventivo a favore di Jarcha Espa\u00f1ol.\u00a0<\/span><\/li>\n<p> \t<\/p>\n<li style=\"font-weight: 400;\" aria-level=\"1\"><span style=\"font-weight: 400;\">Non sar\u00e0 elaborata alcuna richiesta di iscrizione al corso in questione che non sia accompagnata dalla ricevuta di avvenuto pagamento della prenotazione o del saldo sul conto corrispondente.\u00a0<\/span><\/li>\n<p> \t<\/p>\n<li style=\"font-weight: 400;\" aria-level=\"1\"><span style=\"font-weight: 400;\">Le iscrizioni sono personali e non trasferibili.<\/span><\/li>\n<p><\/ul>\n<p>&nbsp;<\/p>\n<h3><b>2.2. VigoLingua<\/b><\/h3>\n<p>&nbsp;<\/p>\n<p><span style=\"font-weight: 400;\">Le condizioni di vendita del corso di immersione linguistica <\/span><span style=\"color: #882437;\"><b>VigoLingua<\/b><\/span><span style=\"font-weight: 400;\"> sono riportate su <\/span><span style=\"font-weight: 400;\">https:\/\/www.galisacra.com\/regimen-de-anulaciones-cancelaciones\/<\/span><\/p>\n<p>&nbsp;<\/p>\n<h2><strong>3. Modifica dei termini e delle condizioni di vendita<\/strong><\/h2>\n<p>&nbsp;<\/p>\n<p>Jarcha Espa\u00f1ol si riserva il diritto di modificare le condizioni di vendita, aggiornando qualsiasi cambiamento sul sito web.<\/p>\n<p>&nbsp;<\/p>\n<h2><strong>4. Protezione dei dati<\/strong><\/h2>\n<p>&nbsp;<\/p>\n<p>Le informazioni ricevute dagli utenti saranno trattate conformemente alla Legge Organica 3\/2018, del 5 dicembre, sulla Protezione dei Dati Personali e la Garanzia dei Diritti Digitali o qualsiasi altra legislazione spagnola.<\/p>\n<p>&nbsp;<\/p>\n<h2><strong>5. Giurisdizione<\/strong><\/h2>\n<p>&nbsp;<\/p>\n<p>Le condizioni generali di vendita e qualsiasi altra questione ad esse correlata saranno regolate secondo le leggi della Spagna. Qualsiasi controversia derivante da queste condizioni generali di vendita sar\u00e0 sottoposta esclusivamente alla giurisdizione dei tribunali spagnoli.[\/vc_column_text][\/vc_column][\/vc_row][vc_row][vc_column][\/vc_column][\/vc_row]<\/p>\n","protected":false},"excerpt":{"rendered":"<p>[vc_row][vc_column][vc_column_text] 1. Spagnolo online e Spagnolo in presenza &nbsp; 1.1. Acquisto delle lezioni &nbsp; Si consiglia di effettuare il test di livello online che si trova alla fine di ogni modalit\u00e0 di insegnamento, per determinare il livello di apprendimento adeguato per lo studente. Verifica qui il tuo livello di spagnolo: A1 A2 B1 B2 C1 [&hellip;]<\/p>\n","protected":false},"author":1,"featured_media":0,"parent":0,"menu_order":0,"comment_status":"closed","ping_status":"closed","template":"","meta":{"inline_featured_image":false,"_joinchat":[],"footnotes":""},"class_list":["post-6213","page","type-page","status-publish","hentry"],"yoast_head":"<!-- This site is optimized with the Yoast SEO plugin v26.8 - https:\/\/yoast.com\/product\/yoast-seo-wordpress\/ -->\n<title>Condizioni generali di vendita - Jarcha Espa\u00f1ol<\/title>\n<meta name=\"description\" content=\"Jarcha Espa\u00f1ol - Condizioni generali di vendita - Espa\u00f1ol como Lengua Extranjera. Clases de espa\u00f1ol online. Clases online para estudiantes de educaci\u00f3n primaria, educaci\u00f3n secundaria, educaci\u00f3n secundaria para adultos, ciclos, bachillerato, bachillerato para adultos y universidad.\" \/>\n<meta name=\"robots\" content=\"index, follow, max-snippet:-1, max-image-preview:large, max-video-preview:-1\" \/>\n<link rel=\"canonical\" href=\"https:\/\/jarchaespanol.com\/it\/condiciones-venta\/\" \/>\n<meta property=\"og:locale\" content=\"it_IT\" \/>\n<meta property=\"og:type\" content=\"article\" \/>\n<meta property=\"og:title\" content=\"Condizioni generali di vendita - Jarcha Espa\u00f1ol\" \/>\n<meta property=\"og:description\" content=\"Jarcha Espa\u00f1ol - Condizioni generali di vendita - Espa\u00f1ol como Lengua Extranjera. Clases de espa\u00f1ol online. Clases online para estudiantes de educaci\u00f3n primaria, educaci\u00f3n secundaria, educaci\u00f3n secundaria para adultos, ciclos, bachillerato, bachillerato para adultos y universidad.\" \/>\n<meta property=\"og:url\" content=\"https:\/\/jarchaespanol.com\/condiciones-venta\/\" \/>\n<meta property=\"og:site_name\" content=\"Jarcha Espa\u00f1ol\" \/>\n<meta property=\"article:modified_time\" content=\"2026-04-01T10:59:53+00:00\" \/>\n<meta name=\"twitter:card\" content=\"summary_large_image\" \/>\n<script type=\"application\/ld+json\" class=\"yoast-schema-graph\">{\"@context\":\"https:\/\/schema.org\",\"@graph\":[{\"@type\":\"WebPage\",\"@id\":\"https:\/\/jarchaespanol.com\/condiciones-venta\/\",\"url\":\"https:\/\/jarchaespanol.com\/condiciones-venta\/\",\"name\":\"Condizioni generali di vendita - Jarcha Espa\u00f1ol\",\"isPartOf\":{\"@id\":\"https:\/\/jarchaespanol.com\/#website\"},\"datePublished\":\"2022-03-08T17:44:51+00:00\",\"dateModified\":\"2026-04-01T10:59:53+00:00\",\"description\":\"Jarcha Espa\u00f1ol - Condizioni generali di vendita - Espa\u00f1ol como Lengua Extranjera. Clases de espa\u00f1ol online. Clases online para estudiantes de educaci\u00f3n primaria, educaci\u00f3n secundaria, educaci\u00f3n secundaria para adultos, ciclos, bachillerato, bachillerato para adultos y universidad.\",\"breadcrumb\":{\"@id\":\"https:\/\/jarchaespanol.com\/condiciones-venta\/#breadcrumb\"},\"inLanguage\":\"it-IT\",\"potentialAction\":[{\"@type\":\"ReadAction\",\"target\":[\"https:\/\/jarchaespanol.com\/condiciones-venta\/\"]}]},{\"@type\":\"BreadcrumbList\",\"@id\":\"https:\/\/jarchaespanol.com\/condiciones-venta\/#breadcrumb\",\"itemListElement\":[{\"@type\":\"ListItem\",\"position\":1,\"name\":\"Home\",\"item\":\"https:\/\/jarchaespanol.com\/\"},{\"@type\":\"ListItem\",\"position\":2,\"name\":\"Condizioni generali di vendita\"}]},{\"@type\":\"WebSite\",\"@id\":\"https:\/\/jarchaespanol.com\/#website\",\"url\":\"https:\/\/jarchaespanol.com\/\",\"name\":\"Jarcha Espa\u00f1ol\",\"description\":\"Plataforma en l\u00ednea especializada en la comunicaci\u00f3n y en la formaci\u00f3n en espa\u00f1ol. Aprende espa\u00f1ol online.\",\"publisher\":{\"@id\":\"https:\/\/jarchaespanol.com\/#organization\"},\"potentialAction\":[{\"@type\":\"SearchAction\",\"target\":{\"@type\":\"EntryPoint\",\"urlTemplate\":\"https:\/\/jarchaespanol.com\/?s={search_term_string}\"},\"query-input\":{\"@type\":\"PropertyValueSpecification\",\"valueRequired\":true,\"valueName\":\"search_term_string\"}}],\"inLanguage\":\"it-IT\"},{\"@type\":\"Organization\",\"@id\":\"https:\/\/jarchaespanol.com\/#organization\",\"name\":\"Jarcha Espa\u00f1ol\",\"url\":\"https:\/\/jarchaespanol.com\/\",\"logo\":{\"@type\":\"ImageObject\",\"inLanguage\":\"it-IT\",\"@id\":\"https:\/\/jarchaespanol.com\/#\/schema\/logo\/image\/\",\"url\":\"https:\/\/jarchaespanol.com\/wp-content\/uploads\/2022\/03\/logo-factura-2.png\",\"contentUrl\":\"https:\/\/jarchaespanol.com\/wp-content\/uploads\/2022\/03\/logo-factura-2.png\",\"width\":474,\"height\":177,\"caption\":\"Jarcha Espa\u00f1ol\"},\"image\":{\"@id\":\"https:\/\/jarchaespanol.com\/#\/schema\/logo\/image\/\"}}]}<\/script>\n<!-- \/ Yoast SEO plugin. -->","yoast_head_json":{"title":"Condizioni generali di vendita - Jarcha Espa\u00f1ol","description":"Jarcha Espa\u00f1ol - Condizioni generali di vendita - Espa\u00f1ol como Lengua Extranjera. Clases de espa\u00f1ol online. Clases online para estudiantes de educaci\u00f3n primaria, educaci\u00f3n secundaria, educaci\u00f3n secundaria para adultos, ciclos, bachillerato, bachillerato para adultos y universidad.","robots":{"index":"index","follow":"follow","max-snippet":"max-snippet:-1","max-image-preview":"max-image-preview:large","max-video-preview":"max-video-preview:-1"},"canonical":"https:\/\/jarchaespanol.com\/it\/condiciones-venta\/","og_locale":"it_IT","og_type":"article","og_title":"Condizioni generali di vendita - Jarcha Espa\u00f1ol","og_description":"Jarcha Espa\u00f1ol - Condizioni generali di vendita - Espa\u00f1ol como Lengua Extranjera. Clases de espa\u00f1ol online. Clases online para estudiantes de educaci\u00f3n primaria, educaci\u00f3n secundaria, educaci\u00f3n secundaria para adultos, ciclos, bachillerato, bachillerato para adultos y universidad.","og_url":"https:\/\/jarchaespanol.com\/condiciones-venta\/","og_site_name":"Jarcha Espa\u00f1ol","article_modified_time":"2026-04-01T10:59:53+00:00","twitter_card":"summary_large_image","schema":{"@context":"https:\/\/schema.org","@graph":[{"@type":"WebPage","@id":"https:\/\/jarchaespanol.com\/condiciones-venta\/","url":"https:\/\/jarchaespanol.com\/condiciones-venta\/","name":"Condizioni generali di vendita - Jarcha Espa\u00f1ol","isPartOf":{"@id":"https:\/\/jarchaespanol.com\/#website"},"datePublished":"2022-03-08T17:44:51+00:00","dateModified":"2026-04-01T10:59:53+00:00","description":"Jarcha Espa\u00f1ol - Condizioni generali di vendita - Espa\u00f1ol como Lengua Extranjera. Clases de espa\u00f1ol online. Clases online para estudiantes de educaci\u00f3n primaria, educaci\u00f3n secundaria, educaci\u00f3n secundaria para adultos, ciclos, bachillerato, bachillerato para adultos y universidad.","breadcrumb":{"@id":"https:\/\/jarchaespanol.com\/condiciones-venta\/#breadcrumb"},"inLanguage":"it-IT","potentialAction":[{"@type":"ReadAction","target":["https:\/\/jarchaespanol.com\/condiciones-venta\/"]}]},{"@type":"BreadcrumbList","@id":"https:\/\/jarchaespanol.com\/condiciones-venta\/#breadcrumb","itemListElement":[{"@type":"ListItem","position":1,"name":"Home","item":"https:\/\/jarchaespanol.com\/"},{"@type":"ListItem","position":2,"name":"Condizioni generali di vendita"}]},{"@type":"WebSite","@id":"https:\/\/jarchaespanol.com\/#website","url":"https:\/\/jarchaespanol.com\/","name":"Jarcha Espa\u00f1ol","description":"Plataforma en l\u00ednea especializada en la comunicaci\u00f3n y en la formaci\u00f3n en espa\u00f1ol. Aprende espa\u00f1ol online.","publisher":{"@id":"https:\/\/jarchaespanol.com\/#organization"},"potentialAction":[{"@type":"SearchAction","target":{"@type":"EntryPoint","urlTemplate":"https:\/\/jarchaespanol.com\/?s={search_term_string}"},"query-input":{"@type":"PropertyValueSpecification","valueRequired":true,"valueName":"search_term_string"}}],"inLanguage":"it-IT"},{"@type":"Organization","@id":"https:\/\/jarchaespanol.com\/#organization","name":"Jarcha Espa\u00f1ol","url":"https:\/\/jarchaespanol.com\/","logo":{"@type":"ImageObject","inLanguage":"it-IT","@id":"https:\/\/jarchaespanol.com\/#\/schema\/logo\/image\/","url":"https:\/\/jarchaespanol.com\/wp-content\/uploads\/2022\/03\/logo-factura-2.png","contentUrl":"https:\/\/jarchaespanol.com\/wp-content\/uploads\/2022\/03\/logo-factura-2.png","width":474,"height":177,"caption":"Jarcha Espa\u00f1ol"},"image":{"@id":"https:\/\/jarchaespanol.com\/#\/schema\/logo\/image\/"}}]}},"_links":{"self":[{"href":"https:\/\/jarchaespanol.com\/it\/wp-json\/wp\/v2\/pages\/6213","targetHints":{"allow":["GET"]}}],"collection":[{"href":"https:\/\/jarchaespanol.com\/it\/wp-json\/wp\/v2\/pages"}],"about":[{"href":"https:\/\/jarchaespanol.com\/it\/wp-json\/wp\/v2\/types\/page"}],"author":[{"embeddable":true,"href":"https:\/\/jarchaespanol.com\/it\/wp-json\/wp\/v2\/users\/1"}],"replies":[{"embeddable":true,"href":"https:\/\/jarchaespanol.com\/it\/wp-json\/wp\/v2\/comments?post=6213"}],"version-history":[{"count":61,"href":"https:\/\/jarchaespanol.com\/it\/wp-json\/wp\/v2\/pages\/6213\/revisions"}],"predecessor-version":[{"id":21092,"href":"https:\/\/jarchaespanol.com\/it\/wp-json\/wp\/v2\/pages\/6213\/revisions\/21092"}],"wp:attachment":[{"href":"https:\/\/jarchaespanol.com\/it\/wp-json\/wp\/v2\/media?parent=6213"}],"curies":[{"name":"wp","href":"https:\/\/api.w.org\/{rel}","templated":true}]}}