{"id":6233,"date":"2022-03-24T15:46:57","date_gmt":"2022-03-24T14:46:57","guid":{"rendered":"https:\/\/jarchaespanol.es\/aviso-legal\/"},"modified":"2022-07-11T11:43:44","modified_gmt":"2022-07-11T09:43:44","slug":"aviso-legal","status":"publish","type":"page","link":"https:\/\/jarchaespanol.com\/it\/aviso-legal\/","title":{"rendered":"Avviso legale"},"content":{"rendered":"<p>[vc_row][vc_column][vc_column_text]<\/p>\n<h2><span style=\"font-weight: 400;\">Identificazione e titolarit\u00e0<\/span><\/h2>\n<p><span style=\"font-weight: 400;\">Ai sensi dell&#8217;articolo 10 della legge 34\/2002, dell&#8217;11 luglio, sui servizi della societ\u00e0 dell&#8217;informazione e sul commercio elettronico, il titolare espone i suoi dati identificativi:<\/span><\/p>\n<ul>\n<li style=\"font-weight: 400;\" aria-level=\"1\"><b>Titolare<\/b><span style=\"font-weight: 400;\">:\u00a0 Ana Maria Ghersi Fenor<\/span><\/li>\n<li style=\"font-weight: 400;\" aria-level=\"1\"><b>NIF:<\/b><span style=\"font-weight: 400;\"> 36072465R<\/span><\/li>\n<li style=\"font-weight: 400;\" aria-level=\"1\"><b>Indirizzo<\/b><span style=\"font-weight: 400;\">: Vigo, Pontevedra &#8211; Spagna<\/span><\/li>\n<li style=\"font-weight: 400;\" aria-level=\"1\"><b>E-mail<\/b><span style=\"font-weight: 400;\">:\u00a0 info@jarchaespanol.com<\/span><\/li>\n<li style=\"font-weight: 400;\" aria-level=\"1\"><b>Sito web<\/b><span style=\"font-weight: 400;\">:\u00a0 <\/span><a href=\"https:\/\/jarchaespanol.com\/it\/\"><span style=\"font-weight: 400;\">https:\/\/jarchaespanol.com<\/span><\/a><\/li>\n<\/ul>\n<p>&nbsp;<\/p>\n<h2><\/h2>\n<h2><span style=\"font-weight: 400;\">Scopo<\/span><\/h2>\n<p><span style=\"font-weight: 400;\">Lo scopo del sito \u00e8: piattaforma online specializzata nella comunicazione in spagnolo.<\/span><\/p>\n<p>&nbsp;<\/p>\n<h2><\/h2>\n<h2><span style=\"font-weight: 400;\">Condizioni d&#8217;uso<\/span><\/h2>\n<p><span style=\"font-weight: 400;\">L&#8217;utilizzo del sito web conferisce all&#8217;utente lo status di utente e implica la piena accettazione di tutte le clausole e condizioni d&#8217;uso contenute nelle pagine<\/span><\/p>\n<ul>\n<li><span style=\"font-weight: 400;\">Avviso legale<\/span><\/li>\n<li><span style=\"font-weight: 400;\">Informativa sulla privacy<\/span><\/li>\n<li style=\"font-weight: 400;\" aria-level=\"1\"><span style=\"font-weight: 400;\">Politica sui <\/span><i><span style=\"font-weight: 400;\">cookie<\/span><\/i><\/li>\n<\/ul>\n<p><span style=\"font-weight: 400;\">Se non siete d&#8217;accordo con tutti questi termini e condizioni, vi preghiamo di astenervi dall&#8217;utilizzare il sito web.<\/span><\/p>\n<p><span style=\"font-weight: 400;\">L&#8217;accesso al sito web non costituisce in alcun modo l&#8217;inizio di un rapporto commerciale con il titolare.<\/span><\/p>\n<p><span style=\"font-weight: 400;\">Attraverso il sito web, il titolare gli facilita l&#8217;accesso e l&#8217;utilizzo di vari contenuti che il titolare e\/o i suoi collaboratori hanno pubblicato tramite Internet.<\/span><\/p>\n<p><span style=\"font-weight: 400;\">A tal fine, l&#8217;utente \u00e8 tenuto e si impegna a NON utilizzare qualsiasi contenuto del sito web per scopi o effetti illeciti, vietati dalla presente Nota legale o dalla legislazione vigente, lesivi dei diritti e degli interessi di terzi, o che in qualsiasi modo possano danneggiare, rendere inutilizzabili, sovraccaricare, deteriorare o impedire il normale utilizzo dei contenuti, delle attrezzature informatiche o dei documenti, dei file e di tutti i tipi di contenuti memorizzati in qualsiasi apparecchiatura informatica propria o contrattata dal titolare, di altri utenti o di qualsiasi utente di Internet.<\/span><\/p>\n<p>&nbsp;<\/p>\n<h2><\/h2>\n<h2><span style=\"font-weight: 400;\">Maggiore et\u00e0<\/span><\/h2>\n<p><span style=\"font-weight: 400;\">Devi avere almeno 18 anni di et\u00e0 per utilizzare i servizi offerti dal titolare o la maggiore et\u00e0 richiesta dal tuo paese per registrarti o utilizzare il sito web.\u00a0<\/span><\/p>\n<p><span style=\"font-weight: 400;\">Se risiedi in un paese non appartenente all&#8217;Unione Europea, devi avere almeno 13 anni per utilizzare il sito web o la maggiore et\u00e0 richiesta dal tuo paese per registrarti o utilizzarlo.<\/span><\/p>\n<p><span style=\"font-weight: 400;\">Oltre ad avere l&#8217;et\u00e0 minima richiesta per utilizzare il sito web ai sensi della legge applicabile, se non sei abbastanza grande per le condizioni nel tuo paese, il tuo genitore o tutore deve accettare le condizioni per tuo conto.<\/span><\/p>\n<p>&nbsp;<\/p>\n<h2><\/h2>\n<h2><span style=\"font-weight: 400;\">Misure di sicurezza<\/span><\/h2>\n<p><span style=\"font-weight: 400;\">I dati personali forniti al titolare possono essere conservati in banche dati automatizzate o meno, di propriet\u00e0 esclusiva del titolare, che assume tutte le misure di natura tecnica, organizzativa e di sicurezza che ne garantiscono la riservatezza, la completezza e la qualit\u00e0 delle informazioni in esse contenute in conformit\u00e0 con le norme vigenti in materia di protezione dei dati.<\/span><\/p>\n<p><span style=\"font-weight: 400;\">Tuttavia, occorre tenere presente che le misure di sicurezza dei sistemi informatici su Internet non sono del tutto affidabili e che, pertanto, il gestore non pu\u00f2 garantire l&#8217;assenza di virus o altri elementi che possano provocare alterazioni nei sistemi informatici (software e hardware) dell&#8217;utente o nei suoi documenti elettronici e file contenuti in essi, anche se il titolare mette tutti i mezzi necessari e prende le misure di sicurezza appropriate per evitare la presenza di questi elementi dannosi.<\/span><\/p>\n<p>&nbsp;<\/p>\n<h2><\/h2>\n<h2><span style=\"font-weight: 400;\">Trattamento dei dati personali<\/span><\/h2>\n<p><span style=\"font-weight: 400;\">Tutte le informazioni relative al trattamento dei dati personali raccolte dal titolare sono disponibili sulla pagina Informativa sulla privacy.<\/span><\/p>\n<p>&nbsp;<\/p>\n<h2><\/h2>\n<h2><span style=\"font-weight: 400;\">Contenuti<\/span><\/h2>\n<p><span style=\"font-weight: 400;\">Il titolare ha ottenuto le informazioni, i contenuti multimediali e i materiali contenuti nel sito web da fonti che ritiene affidabili, ma pur avendo adottato tutte le misure ragionevoli per garantire che le informazioni contenute siano corrette, il titolare non garantisce che sia accurato, completo o aggiornato. Il titolare declina espressamente ogni responsabilit\u00e0 per errori od omissioni nelle informazioni contenute nelle pagine del sito.<\/span><\/p>\n<p><span style=\"font-weight: 400;\">\u00c8 vietato trasmettere o inviare attraverso il sito web qualsiasi contenuto illegale o illecito, virus informatici, o messaggi che, in generale, colpiscono o violano diritti del titolare o di terzi.<\/span><\/p>\n<p><span style=\"font-weight: 400;\">I contenuti del sito web hanno solo uno scopo informativo e in nessun caso devono essere utilizzati o considerati come un&#8217;offerta di vendita, richiesta di un&#8217;offerta di acquisto o raccomandazione per effettuare qualsiasi altra operazione, a meno che non sia espressamente indicato.<\/span><\/p>\n<p><span style=\"font-weight: 400;\">Il titolare si riserva il diritto di modificare, sospendere, cancellare o limitare il contenuto del sito web, i link o le informazioni ottenute attraverso il sito web, senza preavviso.<\/span><\/p>\n<p><span style=\"font-weight: 400;\">Il titolare non \u00e8 responsabile per eventuali danni che potrebbero derivare dall&#8217;utilizzo delle informazioni del sito web.<\/span><\/p>\n<p>&nbsp;<\/p>\n<h2><\/h2>\n<h2><span style=\"font-weight: 400;\">Politica sui <\/span><i><span style=\"font-weight: 400;\">cookie<\/span><\/i><\/h2>\n<p><span style=\"font-weight: 400;\">\u00c8 possibile consultare tutte le informazioni relative alla politica di raccolta e trattamento dei cookie sulla pagina <\/span><i><span style=\"font-weight: 400;\">Cookie <\/span><\/i><span style=\"font-weight: 400;\">policy.<\/span><\/p>\n<p>&nbsp;<\/p>\n<h2><\/h2>\n<h2><span style=\"font-weight: 400;\">Link ad altri siti web<\/span><\/h2>\n<p><span style=\"font-weight: 400;\">Il titolare pu\u00f2 fornire l&#8217;accesso a siti web di terzi tramite link con l&#8217;unico scopo di informare sull&#8217;esistenza di altre fonti di informazione su Internet nelle quali potr\u00e0 ampliare i dati offerti sul sito.<\/span><\/p>\n<p><span style=\"font-weight: 400;\">Questi link ad altri siti web non costituiscono in nessun caso un suggerimento o una raccomandazione per visitare le pagine web di destinazione, che sono al di fuori del controllo del titolare, Pertanto, il titolare non \u00e8 responsabile del contenuto dei siti web collegati o del risultato che ottiene seguendo i link. Inoltre, il titolare non risponde dei link presenti sui siti web collegati a cui fornisce l&#8217;accesso.<\/span><\/p>\n<p><span style=\"font-weight: 400;\">La creazione del link non implica in nessun caso l&#8217;esistenza di rapporti tra il titolare e il proprietario del sito sul quale \u00e8 stabilito il link, n\u00e9 l&#8217;accettazione o l&#8217;approvazione da parte del titolare dei suoi contenuti o servizi.<\/span><\/p>\n<p><span style=\"font-weight: 400;\">Se si accede a un sito web esterno da un link trovato sul sito web, \u00e8 necessario leggere la politica sulla privacy dell&#8217;altro sito Web che pu\u00f2 essere diversa da quella di questo sito web.<\/span><\/p>\n<p>&nbsp;<\/p>\n<h2><\/h2>\n<h2><span style=\"font-weight: 400;\">Propriet\u00e0 intellettuale e industriale<\/span><\/h2>\n<p><span style=\"font-weight: 400;\">Tutti i diritti sono riservati.<\/span><\/p>\n<p><span style=\"font-weight: 400;\">L&#8217;accesso a questo sito web \u00e8 soggetto alle seguenti condizioni: la riproduzione, l&#8217;archiviazione permanente e la diffusione dei contenuti o qualsiasi altro uso che abbia finalit\u00e0 pubbliche o commerciali \u00e8 espressamente vietata senza il previo consenso esplicito e scritto del titolare.<\/span><\/p>\n<p>&nbsp;<\/p>\n<h2><\/h2>\n<h2><span style=\"font-weight: 400;\">Limitazione di responsabilit\u00e0<\/span><\/h2>\n<p><span style=\"font-weight: 400;\">Le informazioni e i servizi inclusi o disponibili attraverso il sito web possono includere errori di battitura o errori tipografici. Periodicamente il titolare apporta miglioramenti e\/o modifiche alle informazioni contenute e\/o ai servizi che pu\u00f2 introdurre in qualsiasi momento.<\/span><\/p>\n<p><span style=\"font-weight: 400;\">Il titolare non dichiara n\u00e9 garantisce che i servizi o i contenuti siano interrotti o esenti da errori, che i difetti siano corretti, o che il servizio o il server che lo mette a disposizione siano privi di virus o altri componenti nocivi, fermo restando che il gestore compia ogni sforzo per evitare tali incidenti.<\/span><\/p>\n<p><span style=\"font-weight: 400;\">Il titolare declina ogni responsabilit\u00e0 in caso di interruzioni o malfunzionamenti dei servizi o dei contenuti offerti su Internet, qualunque ne sia la causa. Inoltre, il gestore non \u00e8 responsabile per i guasti alla rete, le perdite di attivit\u00e0 derivanti da tali cadute, sospensioni temporanee di fluidi elettrici o qualsiasi altro tipo di danno indiretto che possa essere causato da cause esterne al gestore.<\/span><\/p>\n<p><span style=\"font-weight: 400;\">Prima di prendere decisioni e\/o azioni sulla base delle informazioni contenute nel sito web, il titolare raccomanda di verificare e confrontare le informazioni ricevute con altre fonti.<\/span><\/p>\n<p>&nbsp;<\/p>\n<h2><\/h2>\n<h2><span style=\"font-weight: 400;\">Diritto di esclusione<\/span><\/h2>\n<p><span style=\"font-weight: 400;\">Il titolare si riserva il diritto di negare o revocare l&#8217;accesso al sito web e ai servizi offerti senza preavviso, su richiesta propria o di terzi, agli utenti che non rispettano una qualsiasi delle condizioni di questo Avisso legale.<\/span><\/p>\n<p>&nbsp;<\/p>\n<h2><\/h2>\n<h2><span style=\"font-weight: 400;\">Giurisdizione<\/span><\/h2>\n<p><span style=\"font-weight: 400;\">Il presente Avviso legale \u00e8 interamente disciplinato dalla legislazione spagnola.<\/span><\/p>\n<p>&nbsp;<\/p>\n<h2><\/h2>\n<h2><span style=\"font-weight: 400;\">Contatto<\/span><\/h2>\n<p><span style=\"font-weight: 400;\">In caso di domande su questo avviso legale o se si desidera commentare il sito web, \u00e8 possibile inviare una e-mail all&#8217;indirizzo: info@jarchaespanol.com<\/span><\/p>\n<p>&nbsp;[\/vc_column_text][\/vc_column][\/vc_row]<\/p>\n","protected":false},"excerpt":{"rendered":"<p>[vc_row][vc_column][vc_column_text] Identificazione e titolarit\u00e0 Ai sensi dell&#8217;articolo 10 della legge 34\/2002, dell&#8217;11 luglio, sui servizi della societ\u00e0 dell&#8217;informazione e sul commercio elettronico, il titolare espone i suoi dati identificativi: Titolare:\u00a0 Ana Maria Ghersi Fenor NIF: 36072465R Indirizzo: Vigo, Pontevedra &#8211; Spagna E-mail:\u00a0 info@jarchaespanol.com Sito web:\u00a0 https:\/\/jarchaespanol.com &nbsp; Scopo Lo scopo del sito \u00e8: piattaforma online [&hellip;]<\/p>\n","protected":false},"author":1,"featured_media":0,"parent":0,"menu_order":0,"comment_status":"closed","ping_status":"closed","template":"","meta":{"inline_featured_image":false,"_joinchat":[],"footnotes":""},"class_list":["post-6233","page","type-page","status-publish","hentry"],"yoast_head":"<!-- This site is optimized with the Yoast SEO plugin v26.8 - https:\/\/yoast.com\/product\/yoast-seo-wordpress\/ -->\n<title>Avviso legale - Jarcha Espa\u00f1ol<\/title>\n<meta name=\"description\" content=\"Jarcha Espa\u00f1ol - Avviso legale - Espa\u00f1ol como Lengua Extranjera. Clases de espa\u00f1ol online. Clases online para estudiantes de educaci\u00f3n primaria, educaci\u00f3n secundaria, educaci\u00f3n secundaria para adultos, ciclos, bachillerato, bachillerato para adultos y universidad.\" \/>\n<meta name=\"robots\" content=\"index, follow, max-snippet:-1, max-image-preview:large, max-video-preview:-1\" \/>\n<link rel=\"canonical\" href=\"https:\/\/jarchaespanol.com\/it\/aviso-legal\/\" \/>\n<meta property=\"og:locale\" content=\"it_IT\" \/>\n<meta property=\"og:type\" content=\"article\" \/>\n<meta property=\"og:title\" content=\"Avviso legale - Jarcha Espa\u00f1ol\" \/>\n<meta property=\"og:description\" content=\"Jarcha Espa\u00f1ol - Avviso legale - Espa\u00f1ol como Lengua Extranjera. Clases de espa\u00f1ol online. Clases online para estudiantes de educaci\u00f3n primaria, educaci\u00f3n secundaria, educaci\u00f3n secundaria para adultos, ciclos, bachillerato, bachillerato para adultos y universidad.\" \/>\n<meta property=\"og:url\" content=\"https:\/\/jarchaespanol.com\/aviso-legal\/\" \/>\n<meta property=\"og:site_name\" content=\"Jarcha Espa\u00f1ol\" \/>\n<meta property=\"article:modified_time\" content=\"2022-07-11T09:43:44+00:00\" \/>\n<meta name=\"twitter:card\" content=\"summary_large_image\" \/>\n<script type=\"application\/ld+json\" class=\"yoast-schema-graph\">{\"@context\":\"https:\/\/schema.org\",\"@graph\":[{\"@type\":\"WebPage\",\"@id\":\"https:\/\/jarchaespanol.com\/aviso-legal\/\",\"url\":\"https:\/\/jarchaespanol.com\/aviso-legal\/\",\"name\":\"Avviso legale - Jarcha Espa\u00f1ol\",\"isPartOf\":{\"@id\":\"https:\/\/jarchaespanol.com\/#website\"},\"datePublished\":\"2022-03-24T14:46:57+00:00\",\"dateModified\":\"2022-07-11T09:43:44+00:00\",\"description\":\"Jarcha Espa\u00f1ol - Avviso legale - Espa\u00f1ol como Lengua Extranjera. Clases de espa\u00f1ol online. Clases online para estudiantes de educaci\u00f3n primaria, educaci\u00f3n secundaria, educaci\u00f3n secundaria para adultos, ciclos, bachillerato, bachillerato para adultos y universidad.\",\"breadcrumb\":{\"@id\":\"https:\/\/jarchaespanol.com\/aviso-legal\/#breadcrumb\"},\"inLanguage\":\"it-IT\",\"potentialAction\":[{\"@type\":\"ReadAction\",\"target\":[\"https:\/\/jarchaespanol.com\/aviso-legal\/\"]}]},{\"@type\":\"BreadcrumbList\",\"@id\":\"https:\/\/jarchaespanol.com\/aviso-legal\/#breadcrumb\",\"itemListElement\":[{\"@type\":\"ListItem\",\"position\":1,\"name\":\"Home\",\"item\":\"https:\/\/jarchaespanol.com\/\"},{\"@type\":\"ListItem\",\"position\":2,\"name\":\"Avviso legale\"}]},{\"@type\":\"WebSite\",\"@id\":\"https:\/\/jarchaespanol.com\/#website\",\"url\":\"https:\/\/jarchaespanol.com\/\",\"name\":\"Jarcha Espa\u00f1ol\",\"description\":\"Plataforma en l\u00ednea especializada en la comunicaci\u00f3n y en la formaci\u00f3n en espa\u00f1ol. Aprende espa\u00f1ol online.\",\"publisher\":{\"@id\":\"https:\/\/jarchaespanol.com\/#organization\"},\"potentialAction\":[{\"@type\":\"SearchAction\",\"target\":{\"@type\":\"EntryPoint\",\"urlTemplate\":\"https:\/\/jarchaespanol.com\/?s={search_term_string}\"},\"query-input\":{\"@type\":\"PropertyValueSpecification\",\"valueRequired\":true,\"valueName\":\"search_term_string\"}}],\"inLanguage\":\"it-IT\"},{\"@type\":\"Organization\",\"@id\":\"https:\/\/jarchaespanol.com\/#organization\",\"name\":\"Jarcha Espa\u00f1ol\",\"url\":\"https:\/\/jarchaespanol.com\/\",\"logo\":{\"@type\":\"ImageObject\",\"inLanguage\":\"it-IT\",\"@id\":\"https:\/\/jarchaespanol.com\/#\/schema\/logo\/image\/\",\"url\":\"https:\/\/jarchaespanol.com\/wp-content\/uploads\/2022\/03\/logo-factura-2.png\",\"contentUrl\":\"https:\/\/jarchaespanol.com\/wp-content\/uploads\/2022\/03\/logo-factura-2.png\",\"width\":474,\"height\":177,\"caption\":\"Jarcha Espa\u00f1ol\"},\"image\":{\"@id\":\"https:\/\/jarchaespanol.com\/#\/schema\/logo\/image\/\"}}]}<\/script>\n<!-- \/ Yoast SEO plugin. -->","yoast_head_json":{"title":"Avviso legale - Jarcha Espa\u00f1ol","description":"Jarcha Espa\u00f1ol - Avviso legale - Espa\u00f1ol como Lengua Extranjera. Clases de espa\u00f1ol online. Clases online para estudiantes de educaci\u00f3n primaria, educaci\u00f3n secundaria, educaci\u00f3n secundaria para adultos, ciclos, bachillerato, bachillerato para adultos y universidad.","robots":{"index":"index","follow":"follow","max-snippet":"max-snippet:-1","max-image-preview":"max-image-preview:large","max-video-preview":"max-video-preview:-1"},"canonical":"https:\/\/jarchaespanol.com\/it\/aviso-legal\/","og_locale":"it_IT","og_type":"article","og_title":"Avviso legale - Jarcha Espa\u00f1ol","og_description":"Jarcha Espa\u00f1ol - Avviso legale - Espa\u00f1ol como Lengua Extranjera. Clases de espa\u00f1ol online. Clases online para estudiantes de educaci\u00f3n primaria, educaci\u00f3n secundaria, educaci\u00f3n secundaria para adultos, ciclos, bachillerato, bachillerato para adultos y universidad.","og_url":"https:\/\/jarchaespanol.com\/aviso-legal\/","og_site_name":"Jarcha Espa\u00f1ol","article_modified_time":"2022-07-11T09:43:44+00:00","twitter_card":"summary_large_image","schema":{"@context":"https:\/\/schema.org","@graph":[{"@type":"WebPage","@id":"https:\/\/jarchaespanol.com\/aviso-legal\/","url":"https:\/\/jarchaespanol.com\/aviso-legal\/","name":"Avviso legale - Jarcha Espa\u00f1ol","isPartOf":{"@id":"https:\/\/jarchaespanol.com\/#website"},"datePublished":"2022-03-24T14:46:57+00:00","dateModified":"2022-07-11T09:43:44+00:00","description":"Jarcha Espa\u00f1ol - Avviso legale - Espa\u00f1ol como Lengua Extranjera. Clases de espa\u00f1ol online. Clases online para estudiantes de educaci\u00f3n primaria, educaci\u00f3n secundaria, educaci\u00f3n secundaria para adultos, ciclos, bachillerato, bachillerato para adultos y universidad.","breadcrumb":{"@id":"https:\/\/jarchaespanol.com\/aviso-legal\/#breadcrumb"},"inLanguage":"it-IT","potentialAction":[{"@type":"ReadAction","target":["https:\/\/jarchaespanol.com\/aviso-legal\/"]}]},{"@type":"BreadcrumbList","@id":"https:\/\/jarchaespanol.com\/aviso-legal\/#breadcrumb","itemListElement":[{"@type":"ListItem","position":1,"name":"Home","item":"https:\/\/jarchaespanol.com\/"},{"@type":"ListItem","position":2,"name":"Avviso legale"}]},{"@type":"WebSite","@id":"https:\/\/jarchaespanol.com\/#website","url":"https:\/\/jarchaespanol.com\/","name":"Jarcha Espa\u00f1ol","description":"Plataforma en l\u00ednea especializada en la comunicaci\u00f3n y en la formaci\u00f3n en espa\u00f1ol. Aprende espa\u00f1ol online.","publisher":{"@id":"https:\/\/jarchaespanol.com\/#organization"},"potentialAction":[{"@type":"SearchAction","target":{"@type":"EntryPoint","urlTemplate":"https:\/\/jarchaespanol.com\/?s={search_term_string}"},"query-input":{"@type":"PropertyValueSpecification","valueRequired":true,"valueName":"search_term_string"}}],"inLanguage":"it-IT"},{"@type":"Organization","@id":"https:\/\/jarchaespanol.com\/#organization","name":"Jarcha Espa\u00f1ol","url":"https:\/\/jarchaespanol.com\/","logo":{"@type":"ImageObject","inLanguage":"it-IT","@id":"https:\/\/jarchaespanol.com\/#\/schema\/logo\/image\/","url":"https:\/\/jarchaespanol.com\/wp-content\/uploads\/2022\/03\/logo-factura-2.png","contentUrl":"https:\/\/jarchaespanol.com\/wp-content\/uploads\/2022\/03\/logo-factura-2.png","width":474,"height":177,"caption":"Jarcha Espa\u00f1ol"},"image":{"@id":"https:\/\/jarchaespanol.com\/#\/schema\/logo\/image\/"}}]}},"_links":{"self":[{"href":"https:\/\/jarchaespanol.com\/it\/wp-json\/wp\/v2\/pages\/6233","targetHints":{"allow":["GET"]}}],"collection":[{"href":"https:\/\/jarchaespanol.com\/it\/wp-json\/wp\/v2\/pages"}],"about":[{"href":"https:\/\/jarchaespanol.com\/it\/wp-json\/wp\/v2\/types\/page"}],"author":[{"embeddable":true,"href":"https:\/\/jarchaespanol.com\/it\/wp-json\/wp\/v2\/users\/1"}],"replies":[{"embeddable":true,"href":"https:\/\/jarchaespanol.com\/it\/wp-json\/wp\/v2\/comments?post=6233"}],"version-history":[{"count":0,"href":"https:\/\/jarchaespanol.com\/it\/wp-json\/wp\/v2\/pages\/6233\/revisions"}],"wp:attachment":[{"href":"https:\/\/jarchaespanol.com\/it\/wp-json\/wp\/v2\/media?parent=6233"}],"curies":[{"name":"wp","href":"https:\/\/api.w.org\/{rel}","templated":true}]}}