{"id":10987,"date":"2024-01-31T12:51:54","date_gmt":"2024-01-31T11:51:54","guid":{"rendered":"https:\/\/jarchaespanol.com\/?post_type=product&#038;p=10987"},"modified":"2026-02-03T13:56:16","modified_gmt":"2026-02-03T12:56:16","slug":"tavola-rotonda-mensile-in-piccolo-gruppo","status":"publish","type":"product","link":"https:\/\/jarchaespanol.com\/it\/servicios\/ensenanza-it\/ele-it\/altre-lezioni-in-piccolo-gruppo\/tavola-rotonda-mensile-in-piccolo-gruppo\/","title":{"rendered":"Spagnolo online &#8211; Sessioni tematiche mensili"},"content":{"rendered":"<p class=\"p1\">Attivit\u00e0 mensili rivolta agli studenti che desiderano migliorare la loro fluidit\u00e0 in spagnolo partecipando attivamente a conversazioni autentiche con altri studenti. Completano le lezioni <span style=\"color: #882437;\"><a style=\"color: #882437;\" href=\"https:\/\/jarchaespanol.com\/it\/servicios\/ensenanza-it\/ele-it\/lezioni-individuali\/espanol-clases-intensivas-individuales\/\"><strong>individuali<\/strong><\/a><\/span> o di <span style=\"color: #882437;\"><a style=\"color: #882437;\" href=\"https:\/\/jarchaespanol.com\/it\/servicios\/ensenanza-it\/ele-it\/lezioni-in-piccolo-gruppo\/spagnolo-online-lezioni-intensive-in-piccolo-gruppo\/\"><strong>gruppo<\/strong><\/a><\/span> di Jarcha Espa\u00f1ol.<\/p>\n<p>&nbsp;<\/p>\n<p><strong>In cosa consiste?<\/strong><\/p>\n<p>Da una a due volte al mese, partecipanti di livelli simili si riuniscono online per conversare in spagnolo su un tema specifico.<\/p>\n<p><span style=\"color: #882437;\"><strong>Tavole rotonde<\/strong><\/span><\/p>\n<p>\u2022 Si svolgono una volta al mese e sono incentrate su cinema o letteratura.<br \/>\n\u2022 Ogni incontro ruota attorno a un\u2019opera selezionata dal team docente, anche se vengono prese in considerazione anche le proposte degli studenti.<\/p>\n<p><span style=\"color: #882437;\"><strong>Dilemmi morali<\/strong><\/span><\/p>\n<p>\u2022 Si organizzano due incontri al mese.<br \/>\n\u2022 Ogni partecipante prepara almeno un dilemma con due opzioni (A\/B) e lo invia a info@jarchaespanol.com. Con i dilemmi ricevuti vengono preparate delle diapositive per facilitare la lettura durante la sessione.<\/p>\n<p>Le date di tutte le attivit\u00e0 vengono comunicate via e-mail e tramite le newsletter informative.<\/p>\n<p><strong>ISCRIZIONI<\/strong><br \/>\nNel campo ATTIVIT\u00c0, seleziona Tavola rotonda o Dilemmi morali.<\/p>\n<ul>\n<li>Tavola rotonda: nel campo TEMA scrivi il titolo del film o del libro; nel campo DATA, il giorno della sessione.<\/li>\n<li>Dilemmi morali: nel campo DATA indica la data scelta (o entrambe, se vanno bene entrambe). \u00c8 possibile partecipare a una sola sessione al mese. Il numero di gruppi dipender\u00e0 dalla domanda.<\/li>\n<\/ul>\n<p>&nbsp;<\/p>\n<p><img loading=\"lazy\" decoding=\"async\" class=\"alignnone wp-image-17997 size-large\" src=\"https:\/\/jarchaespanol.com\/wp-content\/uploads\/2025\/07\/tertulia-1024x737.jpg\" alt=\"Tertulia mensual\" width=\"900\" height=\"648\" srcset=\"https:\/\/jarchaespanol.com\/wp-content\/uploads\/2025\/07\/tertulia-1024x737.jpg 1024w, https:\/\/jarchaespanol.com\/wp-content\/uploads\/2025\/07\/tertulia-300x216.jpg 300w, https:\/\/jarchaespanol.com\/wp-content\/uploads\/2025\/07\/tertulia-768x553.jpg 768w, https:\/\/jarchaespanol.com\/wp-content\/uploads\/2025\/07\/tertulia-255x183.jpg 255w, https:\/\/jarchaespanol.com\/wp-content\/uploads\/2025\/07\/tertulia-600x432.jpg 600w, https:\/\/jarchaespanol.com\/wp-content\/uploads\/2025\/07\/tertulia.jpg 1280w\" sizes=\"auto, (max-width: 900px) 100vw, 900px\" \/><\/p>\n<p>&nbsp;<\/p>\n<p><strong>Cosa otterrai da questa attivit\u00e0?<\/strong><\/p>\n<ul>\n<li>Pratica e\ufb00ettiva della conversazione in spagnolo<\/li>\n<li>Interazione con compagni di studio da tutto il mondo<\/li>\n<li>Miglioramento delle abilit\u00e0 di ascolto, espressione orale e argomentazione<\/li>\n<li>Uno spazio sicuro e amichevole per esprimere opinioni e imparare dagli altri<\/li>\n<\/ul>\n<p>&nbsp;<\/p>\n<p><strong>Durata della sessione:<\/strong> 90 minuti<br \/>\n<strong>Livelli:<\/strong> base e intermedio-avanzato<br \/>\n<strong>Numero di partecipanti:<\/strong> 4<\/p>\n<p>&nbsp;<\/p>\n<p>\u00bfVuoi partecipare gratuitamente a una delle nostre attivit\u00e0 in piccoli gruppi? Ti basta compilare questo <span style=\"color: #882437;\"><a style=\"color: #882437;\" href=\"https:\/\/docs.google.com\/forms\/d\/1F0YQH3qdqJma8aMkOMDCqVMb739GmbHHDWA04S9l-dU\/edit\" target=\"_blank\" rel=\"noopener\"><strong>modulo<\/strong><\/a><\/span> e ti contatteremo \ud83d\ude0a<\/p>\n<p>&nbsp;<\/p>\n<p><b>Prova di livello<\/b><br \/>\n<a class=\"btn btn-jarcha\" href=\"https:\/\/docs.google.com\/forms\/d\/e\/1FAIpQLScMyzM92U1yRd7pyrAY6iNldme-eUzGKpzMkl9ZJUN072zVHw\/viewform?usp=sf_link\" target=\"_blank\" rel=\"noopener\"><span style=\"font-weight: 400;\"><i class=\"vc_btn3-icon fas fa-user-graduate\"><\/i> A1 <\/span><\/a> <a class=\"btn btn-jarcha\" href=\"https:\/\/docs.google.com\/forms\/d\/e\/1FAIpQLSctisEsdQt-A4UJe0KuWHLCDoTzLtXFWelAQNoauRGeyPcSUg\/viewform?usp=sf_link\" target=\"_blank\" rel=\"noopener\"><span style=\"font-weight: 400;\"><i class=\"vc_btn3-icon fas fa-user-graduate\"><\/i> A2 <\/span><\/a> <a class=\"btn btn-jarcha\" href=\"https:\/\/docs.google.com\/forms\/d\/e\/1FAIpQLSdNGeGMzvjiXYDQWm0ySq6zpqES6g3MFOjMnaYxYUgCeI3M7A\/viewform?usp=sf_link\" target=\"_blank\" rel=\"noopener\"><span style=\"font-weight: 400;\"><i class=\"vc_btn3-icon fas fa-user-graduate\"><\/i> B1 <\/span><\/a> <a class=\"btn btn-jarcha\" href=\"https:\/\/docs.google.com\/forms\/d\/e\/1FAIpQLSfHj2JP1zE2D1FUPS_FbH0zTUNzAJ1CEopeBKifrEwm5nMmsw\/viewform?usp=sf_link\" target=\"_blank\" rel=\"noopener\"><span style=\"font-weight: 400;\"><i class=\"vc_btn3-icon fas fa-user-graduate\"><\/i> B2 <\/span><\/a> <a class=\"btn btn-jarcha\" href=\"https:\/\/docs.google.com\/forms\/d\/e\/1FAIpQLSeUgWtLVaOwNh7sbMlg0a7C-zQG3OhJkbzS22VtItOdw6IVCQ\/viewform?usp=sf_link\" target=\"_blank\" rel=\"noopener\"><span style=\"font-weight: 400;\"><i class=\"vc_btn3-icon fas fa-user-graduate\"><\/i> C1 <\/span><\/a> <a class=\"btn btn-jarcha\" href=\"https:\/\/docs.google.com\/forms\/d\/e\/1FAIpQLScMlqLbAih6VOcu6jaiNdpp6wh9zkimMY9El8kqYbHZaRVInw\/viewform?usp=sf_link\" target=\"_blank\" rel=\"noopener\"><span style=\"font-weight: 400;\"><i class=\"vc_btn3-icon fas fa-user-graduate\"><\/i> C2 <\/span><\/a><\/p>\n","protected":false},"excerpt":{"rendered":"<p class=\"p1\">Non perdere questa opportunit\u00e0 per ra\ufb00orzare le tue abilit\u00e0 linguistiche e fare nuovi amici lungo il percorso!<\/p>\n","protected":false},"featured_media":17698,"comment_status":"open","ping_status":"closed","template":"","meta":{"inline_featured_image":false,"_joinchat":[]},"product_brand":[],"product_cat":[933,496,497],"product_tag":[],"class_list":{"0":"post-10987","1":"product","2":"type-product","3":"status-publish","4":"has-post-thumbnail","6":"product_cat-altre-lezioni-in-piccolo-gruppo","7":"product_cat-ensenanza-it","8":"product_cat-ele-it","10":"first","11":"instock","12":"shipping-taxable","13":"purchasable","14":"product-type-variable"},"yoast_head":"<!-- This site is optimized with the Yoast SEO plugin v26.8 - https:\/\/yoast.com\/product\/yoast-seo-wordpress\/ -->\n<title>Spagnolo online - Sessioni tematiche mensili - Jarcha Espa\u00f1ol<\/title>\n<meta name=\"description\" content=\"Spagnolo online - Sessioni tematiche mensili - Jarcha Espa\u00f1ol - Espa\u00f1ol como Lengua Extranjera. Clases de espa\u00f1ol online.\" \/>\n<meta name=\"robots\" content=\"index, follow, max-snippet:-1, max-image-preview:large, max-video-preview:-1\" \/>\n<link rel=\"canonical\" href=\"https:\/\/jarchaespanol.com\/it\/servicios\/ensenanza-it\/ele-it\/altre-lezioni-in-piccolo-gruppo\/tavola-rotonda-mensile-in-piccolo-gruppo\/\" \/>\n<meta property=\"og:locale\" content=\"it_IT\" \/>\n<meta property=\"og:type\" content=\"article\" \/>\n<meta property=\"og:title\" content=\"Spagnolo online - Sessioni tematiche mensili - Jarcha Espa\u00f1ol\" \/>\n<meta property=\"og:description\" content=\"Spagnolo online - Sessioni tematiche mensili - Jarcha Espa\u00f1ol - Espa\u00f1ol como Lengua Extranjera. Clases de espa\u00f1ol online.\" \/>\n<meta property=\"og:url\" content=\"https:\/\/jarchaespanol.com\/it\/servicios\/ensenanza-it\/ele-it\/altre-lezioni-in-piccolo-gruppo\/tavola-rotonda-mensile-in-piccolo-gruppo\/\" \/>\n<meta property=\"og:site_name\" content=\"Jarcha Espa\u00f1ol\" \/>\n<meta property=\"article:modified_time\" content=\"2026-02-03T12:56:16+00:00\" \/>\n<meta property=\"og:image\" content=\"https:\/\/jarchaespanol.com\/wp-content\/uploads\/2024\/01\/TERTULIA-MENSUAL-ONLINE.jpg\" \/>\n\t<meta property=\"og:image:width\" content=\"1850\" \/>\n\t<meta property=\"og:image:height\" content=\"1850\" \/>\n\t<meta property=\"og:image:type\" content=\"image\/jpeg\" \/>\n<meta name=\"twitter:card\" content=\"summary_large_image\" \/>\n<script type=\"application\/ld+json\" class=\"yoast-schema-graph\">{\"@context\":\"https:\/\/schema.org\",\"@graph\":[{\"@type\":\"WebPage\",\"@id\":\"https:\/\/jarchaespanol.com\/it\/servicios\/ensenanza-it\/ele-it\/altre-lezioni-in-piccolo-gruppo\/tavola-rotonda-mensile-in-piccolo-gruppo\/\",\"url\":\"https:\/\/jarchaespanol.com\/it\/servicios\/ensenanza-it\/ele-it\/altre-lezioni-in-piccolo-gruppo\/tavola-rotonda-mensile-in-piccolo-gruppo\/\",\"name\":\"Spagnolo online - Sessioni tematiche mensili - Jarcha Espa\u00f1ol\",\"isPartOf\":{\"@id\":\"https:\/\/jarchaespanol.com\/#website\"},\"primaryImageOfPage\":{\"@id\":\"https:\/\/jarchaespanol.com\/it\/servicios\/ensenanza-it\/ele-it\/altre-lezioni-in-piccolo-gruppo\/tavola-rotonda-mensile-in-piccolo-gruppo\/#primaryimage\"},\"image\":{\"@id\":\"https:\/\/jarchaespanol.com\/it\/servicios\/ensenanza-it\/ele-it\/altre-lezioni-in-piccolo-gruppo\/tavola-rotonda-mensile-in-piccolo-gruppo\/#primaryimage\"},\"thumbnailUrl\":\"https:\/\/jarchaespanol.com\/wp-content\/uploads\/2024\/01\/TERTULIA-MENSUAL-ONLINE.jpg\",\"datePublished\":\"2024-01-31T11:51:54+00:00\",\"dateModified\":\"2026-02-03T12:56:16+00:00\",\"description\":\"Spagnolo online - Sessioni tematiche mensili - Jarcha Espa\u00f1ol - Espa\u00f1ol como Lengua Extranjera. Clases de espa\u00f1ol online.\",\"breadcrumb\":{\"@id\":\"https:\/\/jarchaespanol.com\/it\/servicios\/ensenanza-it\/ele-it\/altre-lezioni-in-piccolo-gruppo\/tavola-rotonda-mensile-in-piccolo-gruppo\/#breadcrumb\"},\"inLanguage\":\"it-IT\",\"potentialAction\":[{\"@type\":\"ReadAction\",\"target\":[\"https:\/\/jarchaespanol.com\/it\/servicios\/ensenanza-it\/ele-it\/altre-lezioni-in-piccolo-gruppo\/tavola-rotonda-mensile-in-piccolo-gruppo\/\"]}]},{\"@type\":\"ImageObject\",\"inLanguage\":\"it-IT\",\"@id\":\"https:\/\/jarchaespanol.com\/it\/servicios\/ensenanza-it\/ele-it\/altre-lezioni-in-piccolo-gruppo\/tavola-rotonda-mensile-in-piccolo-gruppo\/#primaryimage\",\"url\":\"https:\/\/jarchaespanol.com\/wp-content\/uploads\/2024\/01\/TERTULIA-MENSUAL-ONLINE.jpg\",\"contentUrl\":\"https:\/\/jarchaespanol.com\/wp-content\/uploads\/2024\/01\/TERTULIA-MENSUAL-ONLINE.jpg\",\"width\":1850,\"height\":1850},{\"@type\":\"BreadcrumbList\",\"@id\":\"https:\/\/jarchaespanol.com\/it\/servicios\/ensenanza-it\/ele-it\/altre-lezioni-in-piccolo-gruppo\/tavola-rotonda-mensile-in-piccolo-gruppo\/#breadcrumb\",\"itemListElement\":[{\"@type\":\"ListItem\",\"position\":1,\"name\":\"Home\",\"item\":\"https:\/\/jarchaespanol.com\/\"},{\"@type\":\"ListItem\",\"position\":2,\"name\":\"Negozio\",\"item\":\"https:\/\/jarchaespanol.com\/tienda\/\"},{\"@type\":\"ListItem\",\"position\":3,\"name\":\"Spagnolo online &#8211; Sessioni tematiche mensili\"}]},{\"@type\":\"WebSite\",\"@id\":\"https:\/\/jarchaespanol.com\/#website\",\"url\":\"https:\/\/jarchaespanol.com\/\",\"name\":\"Jarcha Espa\u00f1ol\",\"description\":\"Plataforma en l\u00ednea especializada en la comunicaci\u00f3n y en la formaci\u00f3n en espa\u00f1ol. Aprende espa\u00f1ol online.\",\"publisher\":{\"@id\":\"https:\/\/jarchaespanol.com\/#organization\"},\"potentialAction\":[{\"@type\":\"SearchAction\",\"target\":{\"@type\":\"EntryPoint\",\"urlTemplate\":\"https:\/\/jarchaespanol.com\/?s={search_term_string}\"},\"query-input\":{\"@type\":\"PropertyValueSpecification\",\"valueRequired\":true,\"valueName\":\"search_term_string\"}}],\"inLanguage\":\"it-IT\"},{\"@type\":\"Organization\",\"@id\":\"https:\/\/jarchaespanol.com\/#organization\",\"name\":\"Jarcha Espa\u00f1ol\",\"url\":\"https:\/\/jarchaespanol.com\/\",\"logo\":{\"@type\":\"ImageObject\",\"inLanguage\":\"it-IT\",\"@id\":\"https:\/\/jarchaespanol.com\/#\/schema\/logo\/image\/\",\"url\":\"https:\/\/jarchaespanol.com\/wp-content\/uploads\/2022\/03\/logo-factura-2.png\",\"contentUrl\":\"https:\/\/jarchaespanol.com\/wp-content\/uploads\/2022\/03\/logo-factura-2.png\",\"width\":474,\"height\":177,\"caption\":\"Jarcha Espa\u00f1ol\"},\"image\":{\"@id\":\"https:\/\/jarchaespanol.com\/#\/schema\/logo\/image\/\"}}]}<\/script>\n<!-- \/ Yoast SEO plugin. -->","yoast_head_json":{"title":"Spagnolo online - Sessioni tematiche mensili - Jarcha Espa\u00f1ol","description":"Spagnolo online - Sessioni tematiche mensili - Jarcha Espa\u00f1ol - Espa\u00f1ol como Lengua Extranjera. Clases de espa\u00f1ol online.","robots":{"index":"index","follow":"follow","max-snippet":"max-snippet:-1","max-image-preview":"max-image-preview:large","max-video-preview":"max-video-preview:-1"},"canonical":"https:\/\/jarchaespanol.com\/it\/servicios\/ensenanza-it\/ele-it\/altre-lezioni-in-piccolo-gruppo\/tavola-rotonda-mensile-in-piccolo-gruppo\/","og_locale":"it_IT","og_type":"article","og_title":"Spagnolo online - Sessioni tematiche mensili - Jarcha Espa\u00f1ol","og_description":"Spagnolo online - Sessioni tematiche mensili - Jarcha Espa\u00f1ol - Espa\u00f1ol como Lengua Extranjera. Clases de espa\u00f1ol online.","og_url":"https:\/\/jarchaespanol.com\/it\/servicios\/ensenanza-it\/ele-it\/altre-lezioni-in-piccolo-gruppo\/tavola-rotonda-mensile-in-piccolo-gruppo\/","og_site_name":"Jarcha Espa\u00f1ol","article_modified_time":"2026-02-03T12:56:16+00:00","og_image":[{"width":1850,"height":1850,"url":"https:\/\/jarchaespanol.com\/wp-content\/uploads\/2024\/01\/TERTULIA-MENSUAL-ONLINE.jpg","type":"image\/jpeg"}],"twitter_card":"summary_large_image","schema":{"@context":"https:\/\/schema.org","@graph":[{"@type":"WebPage","@id":"https:\/\/jarchaespanol.com\/it\/servicios\/ensenanza-it\/ele-it\/altre-lezioni-in-piccolo-gruppo\/tavola-rotonda-mensile-in-piccolo-gruppo\/","url":"https:\/\/jarchaespanol.com\/it\/servicios\/ensenanza-it\/ele-it\/altre-lezioni-in-piccolo-gruppo\/tavola-rotonda-mensile-in-piccolo-gruppo\/","name":"Spagnolo online - Sessioni tematiche mensili - Jarcha Espa\u00f1ol","isPartOf":{"@id":"https:\/\/jarchaespanol.com\/#website"},"primaryImageOfPage":{"@id":"https:\/\/jarchaespanol.com\/it\/servicios\/ensenanza-it\/ele-it\/altre-lezioni-in-piccolo-gruppo\/tavola-rotonda-mensile-in-piccolo-gruppo\/#primaryimage"},"image":{"@id":"https:\/\/jarchaespanol.com\/it\/servicios\/ensenanza-it\/ele-it\/altre-lezioni-in-piccolo-gruppo\/tavola-rotonda-mensile-in-piccolo-gruppo\/#primaryimage"},"thumbnailUrl":"https:\/\/jarchaespanol.com\/wp-content\/uploads\/2024\/01\/TERTULIA-MENSUAL-ONLINE.jpg","datePublished":"2024-01-31T11:51:54+00:00","dateModified":"2026-02-03T12:56:16+00:00","description":"Spagnolo online - Sessioni tematiche mensili - Jarcha Espa\u00f1ol - Espa\u00f1ol como Lengua Extranjera. Clases de espa\u00f1ol online.","breadcrumb":{"@id":"https:\/\/jarchaespanol.com\/it\/servicios\/ensenanza-it\/ele-it\/altre-lezioni-in-piccolo-gruppo\/tavola-rotonda-mensile-in-piccolo-gruppo\/#breadcrumb"},"inLanguage":"it-IT","potentialAction":[{"@type":"ReadAction","target":["https:\/\/jarchaespanol.com\/it\/servicios\/ensenanza-it\/ele-it\/altre-lezioni-in-piccolo-gruppo\/tavola-rotonda-mensile-in-piccolo-gruppo\/"]}]},{"@type":"ImageObject","inLanguage":"it-IT","@id":"https:\/\/jarchaespanol.com\/it\/servicios\/ensenanza-it\/ele-it\/altre-lezioni-in-piccolo-gruppo\/tavola-rotonda-mensile-in-piccolo-gruppo\/#primaryimage","url":"https:\/\/jarchaespanol.com\/wp-content\/uploads\/2024\/01\/TERTULIA-MENSUAL-ONLINE.jpg","contentUrl":"https:\/\/jarchaespanol.com\/wp-content\/uploads\/2024\/01\/TERTULIA-MENSUAL-ONLINE.jpg","width":1850,"height":1850},{"@type":"BreadcrumbList","@id":"https:\/\/jarchaespanol.com\/it\/servicios\/ensenanza-it\/ele-it\/altre-lezioni-in-piccolo-gruppo\/tavola-rotonda-mensile-in-piccolo-gruppo\/#breadcrumb","itemListElement":[{"@type":"ListItem","position":1,"name":"Home","item":"https:\/\/jarchaespanol.com\/"},{"@type":"ListItem","position":2,"name":"Negozio","item":"https:\/\/jarchaespanol.com\/tienda\/"},{"@type":"ListItem","position":3,"name":"Spagnolo online &#8211; Sessioni tematiche mensili"}]},{"@type":"WebSite","@id":"https:\/\/jarchaespanol.com\/#website","url":"https:\/\/jarchaespanol.com\/","name":"Jarcha Espa\u00f1ol","description":"Plataforma en l\u00ednea especializada en la comunicaci\u00f3n y en la formaci\u00f3n en espa\u00f1ol. Aprende espa\u00f1ol online.","publisher":{"@id":"https:\/\/jarchaespanol.com\/#organization"},"potentialAction":[{"@type":"SearchAction","target":{"@type":"EntryPoint","urlTemplate":"https:\/\/jarchaespanol.com\/?s={search_term_string}"},"query-input":{"@type":"PropertyValueSpecification","valueRequired":true,"valueName":"search_term_string"}}],"inLanguage":"it-IT"},{"@type":"Organization","@id":"https:\/\/jarchaespanol.com\/#organization","name":"Jarcha Espa\u00f1ol","url":"https:\/\/jarchaespanol.com\/","logo":{"@type":"ImageObject","inLanguage":"it-IT","@id":"https:\/\/jarchaespanol.com\/#\/schema\/logo\/image\/","url":"https:\/\/jarchaespanol.com\/wp-content\/uploads\/2022\/03\/logo-factura-2.png","contentUrl":"https:\/\/jarchaespanol.com\/wp-content\/uploads\/2022\/03\/logo-factura-2.png","width":474,"height":177,"caption":"Jarcha Espa\u00f1ol"},"image":{"@id":"https:\/\/jarchaespanol.com\/#\/schema\/logo\/image\/"}}]}},"_links":{"self":[{"href":"https:\/\/jarchaespanol.com\/it\/wp-json\/wp\/v2\/product\/10987","targetHints":{"allow":["GET"]}}],"collection":[{"href":"https:\/\/jarchaespanol.com\/it\/wp-json\/wp\/v2\/product"}],"about":[{"href":"https:\/\/jarchaespanol.com\/it\/wp-json\/wp\/v2\/types\/product"}],"replies":[{"embeddable":true,"href":"https:\/\/jarchaespanol.com\/it\/wp-json\/wp\/v2\/comments?post=10987"}],"wp:featuredmedia":[{"embeddable":true,"href":"https:\/\/jarchaespanol.com\/it\/wp-json\/wp\/v2\/media\/17698"}],"wp:attachment":[{"href":"https:\/\/jarchaespanol.com\/it\/wp-json\/wp\/v2\/media?parent=10987"}],"wp:term":[{"taxonomy":"product_brand","embeddable":true,"href":"https:\/\/jarchaespanol.com\/it\/wp-json\/wp\/v2\/product_brand?post=10987"},{"taxonomy":"product_cat","embeddable":true,"href":"https:\/\/jarchaespanol.com\/it\/wp-json\/wp\/v2\/product_cat?post=10987"},{"taxonomy":"product_tag","embeddable":true,"href":"https:\/\/jarchaespanol.com\/it\/wp-json\/wp\/v2\/product_tag?post=10987"}],"curies":[{"name":"wp","href":"https:\/\/api.w.org\/{rel}","templated":true}]}}